{"id":21730,"date":"2016-03-04T11:44:54","date_gmt":"2016-03-04T11:44:54","guid":{"rendered":"https:\/\/www.santjosep.net\/sportactiviteiten\/kayak\/ruta-en-kayak-desde-cala-tarida-a-cala-bassa\/"},"modified":"2020-01-27T16:29:10","modified_gmt":"2020-01-27T15:29:10","slug":"kajakroute-van-cala-tarida-naar-cala-bassa-ibiza","status":"publish","type":"page","link":"https:\/\/www.santjosep.net\/nl\/actief-toerisme\/kajak\/kajakroute-van-cala-tarida-naar-cala-bassa-ibiza\/","title":{"rendered":"Kajakroute van Cala Tarida naar Cala Bassa &#8211; Ibiza"},"content":{"rendered":"<p><iframe loading=\"lazy\" src=\"https:\/\/www.google.com\/maps\/d\/embed?mid=z5YVYhWup8YU.kXPR-_B_84W8\" width=\"780\" height=\"480\"><\/iframe><\/p>\n<p>DUUR: 3,5 uur<br \/>\nLENGTE: 7,2 mijl<br \/>\nMOEILIJKHEIDSGRAAD: Gemiddeld<br \/>\nSTARTPUNT: Cala Tarida<br \/>\nEINDPUNT: Cala Bassa<\/p>\n<p>HOE U ER KOMT:<br \/>\nVanaf Sant Josep neemt u de PM-803 richting Sant Antoni en na ongeveer 500 meter neemt u een afslag naar links richting Cala Tarida. Volg de borden tot u bij het strand bent.<\/p>\n<p>TOCHT:<br \/>\nWe beginnen de tocht richting het noorden en na een rotsachtige zone met kliffen komen we aan in Cala Corral. Dit is een zeer diepe baai, met een kleine sporthaven (Coralmar) zonder voorzieningen. Wel zijn er een groot aantal boothuisjes met hellingen waar we aan land kunnen gaan.<\/p>\n<p>Verderop, na een rots, komen we bij een kleine inham, Cala Llentia genaamd, met rotsen en algen. Het is mogelijk om hier aan land te gaan. Als we de tocht voortzetten komen we bij Cala Codolar uit, een gemakkelijk toegankelijke, vrij rustige zandbaai met een kleine strandbar, waar het dennenbos tot aan de oever reikt.<\/p>\n<p><img loading=\"lazy\" decoding=\"async\" class=\"alignnone size-full wp-image-5103\" src=\"https:\/\/www.santjosep.net\/wp-content\/uploads\/2016\/03\/IMG_0216.jpg\" alt=\"IMG_0216\" width=\"1200\" height=\"800\" srcset=\"https:\/\/www.santjosep.net\/wp-content\/uploads\/2016\/03\/IMG_0216.jpg 1200w, https:\/\/www.santjosep.net\/wp-content\/uploads\/2016\/03\/IMG_0216-300x200.jpg 300w, https:\/\/www.santjosep.net\/wp-content\/uploads\/2016\/03\/IMG_0216-768x512.jpg 768w, https:\/\/www.santjosep.net\/wp-content\/uploads\/2016\/03\/IMG_0216-1024x683.jpg 1024w\" sizes=\"auto, (max-width: 1200px) 100vw, 1200px\" \/><\/p>\n<p>We varen verder langs de kleine kliffen onder de Puig des Dof\u00ed, waar zich een grote urbanisatie bevindt.<\/p>\n<p>Nadat we de landpunt Niu de s\u2019\u00c0guila (waar de visarend nestelt) zijn gepasseerd, komen we bij een baai, Sa Figuera Borda genaamd, waar zich een grote grot bevindt. Deze grot werd vroeger door smokkelaars gebruikt en tegenwoordig staan er aan weerszijden vissershutten waarvan de boothellingen het mogelijk maken om hier aan land te gaan.<\/p>\n<p>Als we de kliffen volgen, komen we bij Sa Punta de s&#8217;Embarcador (het meest westelijke puntje van het eiland). Van hieruit hebben we een goed uitzicht op de eilandjes S\u2019Espartar en Ses Bledes. Al deze kliffen brengen ons, na enkele baaien, waarvan er \u00e9\u00e9n een strandtent heeft, Es Rec\u00f2 d&#8217;en Xic genaamd, naar de stranden van Cala Comte.<\/p>\n<p><img loading=\"lazy\" decoding=\"async\" class=\"size-full wp-image-2370\" src=\"https:\/\/www.santjosep.net\/wp-content\/uploads\/2014\/10\/calaconta_IMG_3826.jpg\" alt=\"Platges de Comte\" width=\"1200\" height=\"800\" srcset=\"https:\/\/www.santjosep.net\/wp-content\/uploads\/2014\/10\/calaconta_IMG_3826.jpg 1200w, https:\/\/www.santjosep.net\/wp-content\/uploads\/2014\/10\/calaconta_IMG_3826-300x200.jpg 300w, https:\/\/www.santjosep.net\/wp-content\/uploads\/2014\/10\/calaconta_IMG_3826-1024x682.jpg 1024w\" sizes=\"auto, (max-width: 1200px) 100vw, 1200px\" \/><\/p>\n<p>Als we hier tussen s&#8217;Escull de ses Punxes en de kust varen, moeten we zeer voorzichtig zijn. Iets verder weg bevinden zich s\u2019Escull Llarg, s\u2019Illa des Bosc en, meer op de achtergrond, het eiland Sa Conillera.<\/p>\n<p>Dit deel heeft veel maritiem verkeer en veel stromingen, met zandstranden aan weerszijden, waar we kunnen genieten van kristalhelder water.  Op het strand vindt u strandtenten, restaurants en allerlei voorzieningen. Daarnaast is er achter het strand, op een hoger gelegen deel, een groot parkeerterrein. Het strand is erin geslaagd om zijn ongerepte toestand te bewaren. Dit is een gebied met een sterke wind en mogelijk hoge golven, wat het uitstappen moeilijk maakt.<\/p>\n<p>Verderop vindt u een pier met passagiersschepen en verschillende baaitjes met boothuisjes. Vanaf hier is het uitzicht op Sa Conillera indrukwekkend. Dit eiland bezoeken we tijdens onze volgende route.<\/p>\n<p>We gaan verder naar de landpunt van Sa Torre (waar de Torre d\u2019en Rovira, een voormalige verdedigingstoren, staat), waar we omheen varen. We varen het eilandje Es Pallaret aan bakboordzijde en de eilandjes Es Farallons aan stuurboordzijde voorbij. In dit gebied moeten we uiterst voorzichtig zijn vanwege de grote hoeveelheid rotsen die zich half onder water bevinden.<\/p>\n<div id=\"attachment_2363\" style=\"width: 1210px\" class=\"wp-caption alignnone\"><img loading=\"lazy\" decoding=\"async\" aria-describedby=\"caption-attachment-2363\" class=\"size-full wp-image-2363\" src=\"https:\/\/www.santjosep.net\/wp-content\/uploads\/2014\/10\/rovira_IMG_2725.jpg\" alt=\"Torre d'en Rovira\" width=\"1200\" height=\"800\" srcset=\"https:\/\/www.santjosep.net\/wp-content\/uploads\/2014\/10\/rovira_IMG_2725.jpg 1200w, https:\/\/www.santjosep.net\/wp-content\/uploads\/2014\/10\/rovira_IMG_2725-300x200.jpg 300w, https:\/\/www.santjosep.net\/wp-content\/uploads\/2014\/10\/rovira_IMG_2725-1024x682.jpg 1024w\" sizes=\"auto, (max-width: 1200px) 100vw, 1200px\" \/><p id=\"caption-attachment-2363\" class=\"wp-caption-text\">Torre d&#8217;en Rovira<\/p><\/div>\n<p>Na Cala Rotja, waar het mogelijk is om van boord te gaan, en na Cap de la Bassa, komen we aan in Cala Bassa. Dit is een prachtig zandstrand, omgeven door pijnbomen en jeneverbessen, dat allerlei voorzieningen heeft.<\/p>\n<p><img loading=\"lazy\" decoding=\"async\" class=\"alignnone size-full wp-image-1118\" src=\"https:\/\/www.santjosep.net\/wp-content\/uploads\/2013\/11\/calabassa_IMG_9955.jpg\" alt=\"calabassa_IMG_9955\" width=\"1000\" height=\"667\" srcset=\"https:\/\/www.santjosep.net\/wp-content\/uploads\/2013\/11\/calabassa_IMG_9955.jpg 1000w, https:\/\/www.santjosep.net\/wp-content\/uploads\/2013\/11\/calabassa_IMG_9955-300x200.jpg 300w\" sizes=\"auto, (max-width: 1000px) 100vw, 1000px\" \/><\/p>\n<p>Bij het binnenvaren moet speciale aandacht worden besteed aan het verkeer van passagiersschepen, pleziervaartuigen en watersporters.<\/p>\n","protected":false},"excerpt":{"rendered":"<p>DUUR: 3,5 uur LENGTE: 7,2 mijl MOEILIJKHEIDSGRAAD: Gemiddeld STARTPUNT: Cala Tarida EINDPUNT: Cala Bassa HOE U ER KOMT: Vanaf Sant Josep neemt u de PM-803 richting Sant Antoni en na ongeveer 500 meter neemt u een afslag naar links richting [&hellip;]<\/p>\n","protected":false},"author":1,"featured_media":16859,"parent":20799,"menu_order":0,"comment_status":"closed","ping_status":"closed","template":"page-actividad.php","meta":{"_acf_changed":false,"inline_featured_image":false,"footnotes":""},"categoria_pagina":[],"class_list":["post-21730","page","type-page","status-publish","has-post-thumbnail","hentry"],"acf":[],"yoast_head":"<!-- This site is optimized with the Yoast SEO plugin v25.7 - https:\/\/yoast.com\/wordpress\/plugins\/seo\/ -->\n<title>Kajakroute van Cala Tarida naar Cala Bassa - Ibiza - Santjosep.net<\/title>\n<meta name=\"robots\" content=\"index, follow, max-snippet:-1, max-image-preview:large, max-video-preview:-1\" \/>\n<link rel=\"canonical\" href=\"https:\/\/www.santjosep.net\/nl\/actief-toerisme\/kajak\/kajakroute-van-cala-tarida-naar-cala-bassa-ibiza\/\" \/>\n<meta property=\"og:locale\" content=\"nl_NL\" \/>\n<meta property=\"og:type\" content=\"article\" \/>\n<meta property=\"og:title\" content=\"Kajakroute van Cala Tarida naar Cala Bassa - Ibiza - Santjosep.net\" \/>\n<meta property=\"og:description\" content=\"DUUR: 3,5 uur LENGTE: 7,2 mijl MOEILIJKHEIDSGRAAD: Gemiddeld STARTPUNT: Cala Tarida EINDPUNT: Cala Bassa HOE U ER KOMT: Vanaf Sant Josep neemt u de PM-803 richting Sant Antoni en na ongeveer 500 meter neemt u een afslag naar links richting [&hellip;]\" \/>\n<meta property=\"og:url\" content=\"https:\/\/www.santjosep.net\/nl\/actief-toerisme\/kajak\/kajakroute-van-cala-tarida-naar-cala-bassa-ibiza\/\" \/>\n<meta property=\"og:site_name\" content=\"Santjosep.net\" \/>\n<meta property=\"article:modified_time\" content=\"2020-01-27T15:29:10+00:00\" \/>\n<meta property=\"og:image\" content=\"https:\/\/www.santjosep.net\/wp-content\/uploads\/2013\/11\/calabassa.jpg\" \/>\n\t<meta property=\"og:image:width\" content=\"800\" \/>\n\t<meta property=\"og:image:height\" content=\"533\" \/>\n\t<meta property=\"og:image:type\" content=\"image\/jpeg\" \/>\n<meta name=\"twitter:card\" content=\"summary_large_image\" \/>\n<meta name=\"twitter:label1\" content=\"Geschatte leestijd\" \/>\n\t<meta name=\"twitter:data1\" content=\"3 minuten\" \/>\n<script type=\"application\/ld+json\" class=\"yoast-schema-graph\">{\"@context\":\"https:\/\/schema.org\",\"@graph\":[{\"@type\":\"WebPage\",\"@id\":\"https:\/\/www.santjosep.net\/nl\/actief-toerisme\/kajak\/kajakroute-van-cala-tarida-naar-cala-bassa-ibiza\/\",\"url\":\"https:\/\/www.santjosep.net\/nl\/actief-toerisme\/kajak\/kajakroute-van-cala-tarida-naar-cala-bassa-ibiza\/\",\"name\":\"Kajakroute van Cala Tarida naar Cala Bassa - Ibiza - Santjosep.net\",\"isPartOf\":{\"@id\":\"https:\/\/www.santjosep.net\/#website\"},\"primaryImageOfPage\":{\"@id\":\"https:\/\/www.santjosep.net\/nl\/actief-toerisme\/kajak\/kajakroute-van-cala-tarida-naar-cala-bassa-ibiza\/#primaryimage\"},\"image\":{\"@id\":\"https:\/\/www.santjosep.net\/nl\/actief-toerisme\/kajak\/kajakroute-van-cala-tarida-naar-cala-bassa-ibiza\/#primaryimage\"},\"thumbnailUrl\":\"https:\/\/www.santjosep.net\/wp-content\/uploads\/2013\/11\/calabassa.jpg\",\"datePublished\":\"2016-03-04T11:44:54+00:00\",\"dateModified\":\"2020-01-27T15:29:10+00:00\",\"breadcrumb\":{\"@id\":\"https:\/\/www.santjosep.net\/nl\/actief-toerisme\/kajak\/kajakroute-van-cala-tarida-naar-cala-bassa-ibiza\/#breadcrumb\"},\"inLanguage\":\"nl-NL\",\"potentialAction\":[{\"@type\":\"ReadAction\",\"target\":[\"https:\/\/www.santjosep.net\/nl\/actief-toerisme\/kajak\/kajakroute-van-cala-tarida-naar-cala-bassa-ibiza\/\"]}]},{\"@type\":\"ImageObject\",\"inLanguage\":\"nl-NL\",\"@id\":\"https:\/\/www.santjosep.net\/nl\/actief-toerisme\/kajak\/kajakroute-van-cala-tarida-naar-cala-bassa-ibiza\/#primaryimage\",\"url\":\"https:\/\/www.santjosep.net\/wp-content\/uploads\/2013\/11\/calabassa.jpg\",\"contentUrl\":\"https:\/\/www.santjosep.net\/wp-content\/uploads\/2013\/11\/calabassa.jpg\",\"width\":800,\"height\":533},{\"@type\":\"BreadcrumbList\",\"@id\":\"https:\/\/www.santjosep.net\/nl\/actief-toerisme\/kajak\/kajakroute-van-cala-tarida-naar-cala-bassa-ibiza\/#breadcrumb\",\"itemListElement\":[{\"@type\":\"ListItem\",\"position\":1,\"name\":\"Actief toerisme\",\"item\":\"https:\/\/www.santjosep.net\/nl\/actief-toerisme\/\"},{\"@type\":\"ListItem\",\"position\":2,\"name\":\"Kajak\",\"item\":\"https:\/\/www.santjosep.net\/nl\/actief-toerisme\/kajak\/\"},{\"@type\":\"ListItem\",\"position\":3,\"name\":\"Kajakroute van Cala Tarida naar Cala Bassa &#8211; Ibiza\"}]},{\"@type\":\"WebSite\",\"@id\":\"https:\/\/www.santjosep.net\/#website\",\"url\":\"https:\/\/www.santjosep.net\/\",\"name\":\"Santjosep.net\",\"description\":\"\",\"potentialAction\":[{\"@type\":\"SearchAction\",\"target\":{\"@type\":\"EntryPoint\",\"urlTemplate\":\"https:\/\/www.santjosep.net\/?s={search_term_string}\"},\"query-input\":{\"@type\":\"PropertyValueSpecification\",\"valueRequired\":true,\"valueName\":\"search_term_string\"}}],\"inLanguage\":\"nl-NL\"}]}<\/script>\n<!-- \/ Yoast SEO plugin. -->","yoast_head_json":{"title":"Kajakroute van Cala Tarida naar Cala Bassa - Ibiza - Santjosep.net","robots":{"index":"index","follow":"follow","max-snippet":"max-snippet:-1","max-image-preview":"max-image-preview:large","max-video-preview":"max-video-preview:-1"},"canonical":"https:\/\/www.santjosep.net\/nl\/actief-toerisme\/kajak\/kajakroute-van-cala-tarida-naar-cala-bassa-ibiza\/","og_locale":"nl_NL","og_type":"article","og_title":"Kajakroute van Cala Tarida naar Cala Bassa - Ibiza - Santjosep.net","og_description":"DUUR: 3,5 uur LENGTE: 7,2 mijl MOEILIJKHEIDSGRAAD: Gemiddeld STARTPUNT: Cala Tarida EINDPUNT: Cala Bassa HOE U ER KOMT: Vanaf Sant Josep neemt u de PM-803 richting Sant Antoni en na ongeveer 500 meter neemt u een afslag naar links richting [&hellip;]","og_url":"https:\/\/www.santjosep.net\/nl\/actief-toerisme\/kajak\/kajakroute-van-cala-tarida-naar-cala-bassa-ibiza\/","og_site_name":"Santjosep.net","article_modified_time":"2020-01-27T15:29:10+00:00","og_image":[{"width":800,"height":533,"url":"https:\/\/www.santjosep.net\/wp-content\/uploads\/2013\/11\/calabassa.jpg","type":"image\/jpeg"}],"twitter_card":"summary_large_image","twitter_misc":{"Geschatte leestijd":"3 minuten"},"schema":{"@context":"https:\/\/schema.org","@graph":[{"@type":"WebPage","@id":"https:\/\/www.santjosep.net\/nl\/actief-toerisme\/kajak\/kajakroute-van-cala-tarida-naar-cala-bassa-ibiza\/","url":"https:\/\/www.santjosep.net\/nl\/actief-toerisme\/kajak\/kajakroute-van-cala-tarida-naar-cala-bassa-ibiza\/","name":"Kajakroute van Cala Tarida naar Cala Bassa - Ibiza - Santjosep.net","isPartOf":{"@id":"https:\/\/www.santjosep.net\/#website"},"primaryImageOfPage":{"@id":"https:\/\/www.santjosep.net\/nl\/actief-toerisme\/kajak\/kajakroute-van-cala-tarida-naar-cala-bassa-ibiza\/#primaryimage"},"image":{"@id":"https:\/\/www.santjosep.net\/nl\/actief-toerisme\/kajak\/kajakroute-van-cala-tarida-naar-cala-bassa-ibiza\/#primaryimage"},"thumbnailUrl":"https:\/\/www.santjosep.net\/wp-content\/uploads\/2013\/11\/calabassa.jpg","datePublished":"2016-03-04T11:44:54+00:00","dateModified":"2020-01-27T15:29:10+00:00","breadcrumb":{"@id":"https:\/\/www.santjosep.net\/nl\/actief-toerisme\/kajak\/kajakroute-van-cala-tarida-naar-cala-bassa-ibiza\/#breadcrumb"},"inLanguage":"nl-NL","potentialAction":[{"@type":"ReadAction","target":["https:\/\/www.santjosep.net\/nl\/actief-toerisme\/kajak\/kajakroute-van-cala-tarida-naar-cala-bassa-ibiza\/"]}]},{"@type":"ImageObject","inLanguage":"nl-NL","@id":"https:\/\/www.santjosep.net\/nl\/actief-toerisme\/kajak\/kajakroute-van-cala-tarida-naar-cala-bassa-ibiza\/#primaryimage","url":"https:\/\/www.santjosep.net\/wp-content\/uploads\/2013\/11\/calabassa.jpg","contentUrl":"https:\/\/www.santjosep.net\/wp-content\/uploads\/2013\/11\/calabassa.jpg","width":800,"height":533},{"@type":"BreadcrumbList","@id":"https:\/\/www.santjosep.net\/nl\/actief-toerisme\/kajak\/kajakroute-van-cala-tarida-naar-cala-bassa-ibiza\/#breadcrumb","itemListElement":[{"@type":"ListItem","position":1,"name":"Actief toerisme","item":"https:\/\/www.santjosep.net\/nl\/actief-toerisme\/"},{"@type":"ListItem","position":2,"name":"Kajak","item":"https:\/\/www.santjosep.net\/nl\/actief-toerisme\/kajak\/"},{"@type":"ListItem","position":3,"name":"Kajakroute van Cala Tarida naar Cala Bassa &#8211; Ibiza"}]},{"@type":"WebSite","@id":"https:\/\/www.santjosep.net\/#website","url":"https:\/\/www.santjosep.net\/","name":"Santjosep.net","description":"","potentialAction":[{"@type":"SearchAction","target":{"@type":"EntryPoint","urlTemplate":"https:\/\/www.santjosep.net\/?s={search_term_string}"},"query-input":{"@type":"PropertyValueSpecification","valueRequired":true,"valueName":"search_term_string"}}],"inLanguage":"nl-NL"}]}},"_links":{"self":[{"href":"https:\/\/www.santjosep.net\/nl\/wp-json\/wp\/v2\/pages\/21730","targetHints":{"allow":["GET"]}}],"collection":[{"href":"https:\/\/www.santjosep.net\/nl\/wp-json\/wp\/v2\/pages"}],"about":[{"href":"https:\/\/www.santjosep.net\/nl\/wp-json\/wp\/v2\/types\/page"}],"author":[{"embeddable":true,"href":"https:\/\/www.santjosep.net\/nl\/wp-json\/wp\/v2\/users\/1"}],"replies":[{"embeddable":true,"href":"https:\/\/www.santjosep.net\/nl\/wp-json\/wp\/v2\/comments?post=21730"}],"version-history":[{"count":0,"href":"https:\/\/www.santjosep.net\/nl\/wp-json\/wp\/v2\/pages\/21730\/revisions"}],"up":[{"embeddable":true,"href":"https:\/\/www.santjosep.net\/nl\/wp-json\/wp\/v2\/pages\/20799"}],"wp:featuredmedia":[{"embeddable":true,"href":"https:\/\/www.santjosep.net\/nl\/wp-json\/wp\/v2\/media\/16859"}],"wp:attachment":[{"href":"https:\/\/www.santjosep.net\/nl\/wp-json\/wp\/v2\/media?parent=21730"}],"wp:term":[{"taxonomy":"categoria_pagina","embeddable":true,"href":"https:\/\/www.santjosep.net\/nl\/wp-json\/wp\/v2\/categoria_pagina?post=21730"}],"curies":[{"name":"wp","href":"https:\/\/api.w.org\/{rel}","templated":true}]}}