{"id":2802,"date":"2015-02-16T09:02:47","date_gmt":"2015-02-16T09:02:47","guid":{"rendered":"https:\/\/www.santjosep.net\/politica-de-privacidad-2\/"},"modified":"2015-02-16T09:15:39","modified_gmt":"2015-02-16T09:15:39","slug":"privacy-policy","status":"publish","type":"page","link":"https:\/\/www.santjosep.net\/en\/privacy-policy\/","title":{"rendered":"Privacy policy"},"content":{"rendered":"<p><b>INFORMACI\u00d3N SOBRE LOS FICHEROS Y TRATAMIENTOS.-<\/b> De acuerdo con lo previsto en la Ley 15\/1999, de 13 de diciembre, sobre Protecci\u00f3n de Datos de Car\u00e1cter Personal (LOPD), se informa de que los datos personales que se recogen en los dominios <a href=\"http:\/\/www.santjosep.org\">http:\/\/www.santjosep.org<\/a>; <a href=\"https:\/\/www.santjosepdesatalaia.es\/\">https:\/\/www.santjosepdesatalaia.es\/<\/a>; <a href=\"https:\/\/www.santjosep.net\">https:\/\/www.santjosep.net<\/a> y <a href=\"http:\/\/www.santjosep.tv\">http:\/\/www.santjosep.tv<\/a> (en adelante, la o las Webs) \u00a0del AJUNTAMENT DE SAN JOSEP DE SA TALAIA, salvo indicaci\u00f3n expresa en sentido contrario ser\u00e1n incorporados a ficheros de la titularidad de dicho ayuntamiento para las finalidades m\u00e1s abajo indicadas.<\/p>\n<p>De manera general, los campos de los formularios que se hallan en las Webs del AJUNTAMENT DE SAN JOSEP DE SA TALAIA y que son marcados como obligatorios, deber\u00e1n ser necesariamente cumplimentados para la correcta tramitaci\u00f3n de sus solicitudes.<\/p>\n<p><b>1. FINALIDADES DE LOS TRATAMIENTOS<\/b><\/p>\n<p><b>ALTA DE USUARIO:<\/b> Los datos personales de los usuarios registrados, ser\u00e1n tratados para el control y la gesti\u00f3n de la relaci\u00f3n con los mismos, as\u00ed como para la administraci\u00f3n, la gesti\u00f3n y el control de las \u00e1reas de acceso restringido de dichas webs, y fines estad\u00edsticos.<\/p>\n<p><b>Pagos on-line de tributos:<\/b> los datos proporcionados ser\u00e1n tratados para la gesti\u00f3n tributaria del Ayuntamiento y especialmente permitir la consulta del historial de los tributos locales pendientes de pago y la tramitaci\u00f3n del cobro de los correspondientes recibos.<\/p>\n<p><b>Tramites on-line:<\/b> Los datos que se proporcionan para la realizaci\u00f3n de tramites on-line ser\u00e1n tratados para\u00a0 la gesti\u00f3n de los mismos.<\/p>\n<p><b>CONTACTO:<\/b> Los datos personales proporcionados ser\u00e1n tratados para tramitar su solicitud, atender sus sugerencias o quejas, as\u00ed como mejorar la calidad de la web y de nuestros servicios.<\/p>\n<p><b>2. CESIONES PREVISTAS<\/b><\/p>\n<p>Sus datos s\u00f3lo ser\u00e1n comunicados a terceros por imperativos legales o con su previo consentimiento.<\/p>\n<p><b>3. LISTA DE DIFUSI\u00d3N.<\/b> Si usted as\u00ed lo ha solicitado en el momento de proporcionar su informaci\u00f3n personal o se ha dado de alta en boletines informativos del AJUNTAMENT DE SAN JOSEP DE SA TALAIA, sus datos ser\u00e1n tratados mantenerle informado, incluso por medios electr\u00f3nicos, sobre noticias e informaci\u00f3n de car\u00e1cter institucional o tur\u00edstico del ayuntamiento y del municipio de San Josep de Sa Talaia. Se le informa expresamente de que la plataforma de emailing que utilizamos para enviar la newsletter de nuestra web <a href=\"https:\/\/www.santjosep.net\">https:\/\/www.santjosep.net<\/a>, es ofrecida y operada por la entidad The Rocket Science Group, LLC (MailChimp) cuya sede se halla en Estados Unidos. Dicha entidad est\u00e1 adherida a los principios de \u201cPuerto Seguro\u201d (Safe Harbor) y por tanto, de conformidad con la Decisi\u00f3n 2000\/520\/CE de la Comisi\u00f3n Europea de 26 de julio de 2000, es considerada como ofreciendo garant\u00edas adecuadas respecto a las exigencias europeas en materia de protecci\u00f3n de datos de car\u00e1cter personal. La lista de entidades estadounidenses adheridas a los principios de \u201cPuerto Seguro\u201d est\u00e1 disponible en <a href=\"http:\/\/www.export.gov\/safeharbor\">http:\/\/www.export.gov\/safeharbor<\/a>.<\/p>\n<p>La suscripci\u00f3n a esta Newsletter implica necesariamente su consentimiento para la comunicaci\u00f3n y la correspondiente transferencia internacional de la direcci\u00f3n de correo electr\u00f3nico que nos ha proporcionado a tal efecto a la entidad The Rocket Science Group, LLC, para la gesti\u00f3n y el control de su plataforma de emailing.<\/p>\n<p>La pol\u00edtica de privacidad aplicable a los tratamientos realizados por The Rocket Science Group, LLC es asequible en la siguiente direcci\u00f3n: http:\/\/mailchimp.com\/legal\/privacy\/<\/p>\n<p><b>4. <\/b><b>COMENTARIOS.- <\/b>El usuario se compromete a hacer un uso adecuado de las funcionalidades participativas y de publicaci\u00f3n de comentarios que se hagan disponibles en las Webs del AJUNTAMENT DE SAN JOSEP DE SA TALAIA. En particular, pero no limitativamente, el usuario se compromete a no introducir datos y\/o comentarios que:<b><\/b><\/p>\n<p>&#8211;\u00a0\u00a0\u00a0\u00a0\u00a0\u00a0\u00a0 Incurran en actividades il\u00edcitas, ilegales o contrarias a la buena fe y el orden p\u00fablico;<\/p>\n<p>&#8211;\u00a0\u00a0\u00a0\u00a0\u00a0\u00a0\u00a0 Difundan contenidos o propaganda de car\u00e1cter racista, xen\u00f3fobo, pornogr\u00e1fico, de apolog\u00eda del terrorismo o atentatorio contra los derechos humanos;<\/p>\n<p>&#8211;\u00a0\u00a0\u00a0\u00a0\u00a0\u00a0\u00a0 Contengan contenidos que supongan una violaci\u00f3n de los derechos de propiedad intelectual e industrial;<\/p>\n<p>&#8211;\u00a0\u00a0\u00a0\u00a0\u00a0\u00a0\u00a0 Atenten contra la imagen de terceros;<\/p>\n<p>&#8211;\u00a0\u00a0\u00a0\u00a0\u00a0\u00a0\u00a0 Introduzcan o difundan en la red virus inform\u00e1ticos o cualesquiera otros sistemas f\u00edsicos o l\u00f3gicos que sean susceptibles de provocar da\u00f1os en los sistemas;<\/p>\n<p>&#8211;\u00a0\u00a0\u00a0\u00a0\u00a0\u00a0\u00a0 Utilicen las cuentas de correo electr\u00f3nico o datos personales de otros usuarios y modifiquen o manipulen sus mensajes.<\/p>\n<p>El<b> <\/b>AJUNTAMENT DE SAN JOSEP DE SA TALAIA se reserva el derecho a retirar o no publicar todos aquellos comentarios y aportaciones que incumplan con los extremos anteriormente indicados y especialmente los que vulneren el respeto a la dignidad de la persona, que sean discriminatorios, xen\u00f3fobos, racistas, pornogr\u00e1ficos, que atenten contra la juventud o la infancia, el orden o la seguridad p\u00fablica o que, a su juicio, no resulten adecuados.<\/p>\n<p>Conforme al r\u00e9gimen previsto por el Art. 16.1 de la Ley 34\/2002, de 11 de julio, de servicios de la sociedad de la informaci\u00f3n y de comercio electr\u00f3nico, el<b> <\/b>AJUNTAMENT DE SAN JOSEP DE SA TALAIA no se hace responsable por la informaci\u00f3n almacenada a petici\u00f3n de los usuarios y en particular respecto a las opiniones expresadas, ni tampoco de la exactitud, calidad, fiabilidad y correcci\u00f3n de la informaci\u00f3n que los usuarios incorporen. No obstante lo anterior, las personas cuyos datos personales est\u00e9n incluidos en comentarios o posts publicados en la Web, podr\u00e1n solicitar, en cualquier momento, la cancelaci\u00f3n de dichos datos, conforme a lo previsto por el Art. 16 L.O. 15\/1999, de 13 de diciembre, de Protecci\u00f3n de Datos de Car\u00e1cter Personal, seg\u00fan se indica en el apartado \u201cDERECHOS DEL INTERESADO\u201d de la Pol\u00edtica de Privacidad.<\/p>\n<p><b>5. DATOS DE TERCEROS.- <\/b>En el caso de proporcionar datos de car\u00e1cter personal titularidad de terceros, Usted manifiesta que cuenta con el consentimiento de los afectados para ello, habi\u00e9ndoles informado previamente del contenido de la presente pol\u00edtica de privacidad.<\/p>\n<p><b>6. DERECHOS DEL INTERESADO.- <\/b>Los afectados podr\u00e1n solicitar el ejercicio de sus derechos de acceso, rectificaci\u00f3n, cancelaci\u00f3n y oposici\u00f3n mediante escrito acompa\u00f1ado de una copia de su DNI y dirigido a C\/ Pere Escanellas n\u00ba 33 de Sant Josep de sa Talaia, Illes Balears, Espa\u00f1a.<\/p>\n","protected":false},"excerpt":{"rendered":"<p>INFORMACI\u00d3N SOBRE LOS FICHEROS Y TRATAMIENTOS.- De acuerdo con lo previsto en la Ley 15\/1999, de 13 de diciembre, sobre Protecci\u00f3n de Datos de Car\u00e1cter Personal (LOPD), se informa de que los datos personales que se recogen en los dominios [&hellip;]<\/p>\n","protected":false},"author":1,"featured_media":0,"parent":0,"menu_order":0,"comment_status":"open","ping_status":"open","template":"page-sidebar.php","meta":{"_acf_changed":false,"inline_featured_image":false,"footnotes":""},"categoria_pagina":[],"class_list":["post-2802","page","type-page","status-publish","hentry"],"acf":[],"yoast_head":"<!-- This site is optimized with the Yoast SEO plugin v25.7 - https:\/\/yoast.com\/wordpress\/plugins\/seo\/ -->\n<title>Privacy policy - Santjosep.net<\/title>\n<meta name=\"robots\" content=\"index, follow, max-snippet:-1, max-image-preview:large, max-video-preview:-1\" \/>\n<link rel=\"canonical\" href=\"https:\/\/www.santjosep.net\/en\/privacy-policy\/\" \/>\n<meta property=\"og:locale\" content=\"en_US\" \/>\n<meta property=\"og:type\" content=\"article\" \/>\n<meta property=\"og:title\" content=\"Privacy policy - Santjosep.net\" \/>\n<meta property=\"og:description\" content=\"INFORMACI\u00d3N SOBRE LOS FICHEROS Y TRATAMIENTOS.- De acuerdo con lo previsto en la Ley 15\/1999, de 13 de diciembre, sobre Protecci\u00f3n de Datos de Car\u00e1cter Personal (LOPD), se informa de que los datos personales que se recogen en los dominios [&hellip;]\" \/>\n<meta property=\"og:url\" content=\"https:\/\/www.santjosep.net\/en\/privacy-policy\/\" \/>\n<meta property=\"og:site_name\" content=\"Santjosep.net\" \/>\n<meta property=\"article:modified_time\" content=\"2015-02-16T09:15:39+00:00\" \/>\n<meta name=\"twitter:card\" content=\"summary_large_image\" \/>\n<meta name=\"twitter:label1\" content=\"Est. reading time\" \/>\n\t<meta name=\"twitter:data1\" content=\"5 minutes\" \/>\n<script type=\"application\/ld+json\" class=\"yoast-schema-graph\">{\"@context\":\"https:\/\/schema.org\",\"@graph\":[{\"@type\":\"WebPage\",\"@id\":\"https:\/\/www.santjosep.net\/en\/privacy-policy\/\",\"url\":\"https:\/\/www.santjosep.net\/en\/privacy-policy\/\",\"name\":\"Privacy policy - Santjosep.net\",\"isPartOf\":{\"@id\":\"https:\/\/www.santjosep.net\/#website\"},\"datePublished\":\"2015-02-16T09:02:47+00:00\",\"dateModified\":\"2015-02-16T09:15:39+00:00\",\"inLanguage\":\"en-US\",\"potentialAction\":[{\"@type\":\"ReadAction\",\"target\":[\"https:\/\/www.santjosep.net\/en\/privacy-policy\/\"]}]},{\"@type\":\"WebSite\",\"@id\":\"https:\/\/www.santjosep.net\/#website\",\"url\":\"https:\/\/www.santjosep.net\/\",\"name\":\"Santjosep.net\",\"description\":\"\",\"potentialAction\":[{\"@type\":\"SearchAction\",\"target\":{\"@type\":\"EntryPoint\",\"urlTemplate\":\"https:\/\/www.santjosep.net\/?s={search_term_string}\"},\"query-input\":{\"@type\":\"PropertyValueSpecification\",\"valueRequired\":true,\"valueName\":\"search_term_string\"}}],\"inLanguage\":\"en-US\"}]}<\/script>\n<!-- \/ Yoast SEO plugin. -->","yoast_head_json":{"title":"Privacy policy - Santjosep.net","robots":{"index":"index","follow":"follow","max-snippet":"max-snippet:-1","max-image-preview":"max-image-preview:large","max-video-preview":"max-video-preview:-1"},"canonical":"https:\/\/www.santjosep.net\/en\/privacy-policy\/","og_locale":"en_US","og_type":"article","og_title":"Privacy policy - Santjosep.net","og_description":"INFORMACI\u00d3N SOBRE LOS FICHEROS Y TRATAMIENTOS.- De acuerdo con lo previsto en la Ley 15\/1999, de 13 de diciembre, sobre Protecci\u00f3n de Datos de Car\u00e1cter Personal (LOPD), se informa de que los datos personales que se recogen en los dominios [&hellip;]","og_url":"https:\/\/www.santjosep.net\/en\/privacy-policy\/","og_site_name":"Santjosep.net","article_modified_time":"2015-02-16T09:15:39+00:00","twitter_card":"summary_large_image","twitter_misc":{"Est. reading time":"5 minutes"},"schema":{"@context":"https:\/\/schema.org","@graph":[{"@type":"WebPage","@id":"https:\/\/www.santjosep.net\/en\/privacy-policy\/","url":"https:\/\/www.santjosep.net\/en\/privacy-policy\/","name":"Privacy policy - Santjosep.net","isPartOf":{"@id":"https:\/\/www.santjosep.net\/#website"},"datePublished":"2015-02-16T09:02:47+00:00","dateModified":"2015-02-16T09:15:39+00:00","inLanguage":"en-US","potentialAction":[{"@type":"ReadAction","target":["https:\/\/www.santjosep.net\/en\/privacy-policy\/"]}]},{"@type":"WebSite","@id":"https:\/\/www.santjosep.net\/#website","url":"https:\/\/www.santjosep.net\/","name":"Santjosep.net","description":"","potentialAction":[{"@type":"SearchAction","target":{"@type":"EntryPoint","urlTemplate":"https:\/\/www.santjosep.net\/?s={search_term_string}"},"query-input":{"@type":"PropertyValueSpecification","valueRequired":true,"valueName":"search_term_string"}}],"inLanguage":"en-US"}]}},"_links":{"self":[{"href":"https:\/\/www.santjosep.net\/en\/wp-json\/wp\/v2\/pages\/2802","targetHints":{"allow":["GET"]}}],"collection":[{"href":"https:\/\/www.santjosep.net\/en\/wp-json\/wp\/v2\/pages"}],"about":[{"href":"https:\/\/www.santjosep.net\/en\/wp-json\/wp\/v2\/types\/page"}],"author":[{"embeddable":true,"href":"https:\/\/www.santjosep.net\/en\/wp-json\/wp\/v2\/users\/1"}],"replies":[{"embeddable":true,"href":"https:\/\/www.santjosep.net\/en\/wp-json\/wp\/v2\/comments?post=2802"}],"version-history":[{"count":0,"href":"https:\/\/www.santjosep.net\/en\/wp-json\/wp\/v2\/pages\/2802\/revisions"}],"wp:attachment":[{"href":"https:\/\/www.santjosep.net\/en\/wp-json\/wp\/v2\/media?parent=2802"}],"wp:term":[{"taxonomy":"categoria_pagina","embeddable":true,"href":"https:\/\/www.santjosep.net\/en\/wp-json\/wp\/v2\/categoria_pagina?post=2802"}],"curies":[{"name":"wp","href":"https:\/\/api.w.org\/{rel}","templated":true}]}}