{"id":13776,"date":"2018-11-22T09:52:23","date_gmt":"2018-11-22T09:52:23","guid":{"rendered":"https:\/\/www.santjosep.net\/projecte-subvencionat-pel-consell-insular-deivissa\/"},"modified":"2020-01-24T10:55:24","modified_gmt":"2020-01-24T09:55:24","slug":"projecte-subvencionat-pel-consell-insular-deivissa","status":"publish","type":"page","link":"https:\/\/www.santjosep.net\/en\/projecte-subvencionat-pel-consell-insular-deivissa\/","title":{"rendered":"Projecte subvencionat pel Consell Insular d&#8217;Eivissa"},"content":{"rendered":"<div class=\"wpb-content-wrapper\"><p>[vc_row enable_hue_rotation=&#8221;no&#8221; enable_text_marquee=&#8221;no&#8221;][vc_column][vc_custom_heading source=&#8221;post_title&#8221; font_container=&#8221;tag:h1|font_size:40|text_align:left|color:%23000000&#8243; use_theme_fonts=&#8221;yes&#8221;][\/vc_column][\/vc_row][vc_row enable_hue_rotation=&#8221;no&#8221; enable_text_marquee=&#8221;no&#8221; css=&#8221;.vc_custom_1579859650656{margin-top: 40px !important;margin-bottom: 80px !important;}&#8221;][vc_column width=&#8221;2\/3&#8243;][vc_column_text]El Consell Insular d&#8217;Eivissa ha subvencionat la gesti\u00f3 de xarxes socials, blog i actualitzaci\u00f3 web de l&#8217;Ajuntament de Sant Josep, per import de 22.157&#8217;33\u20ac, en el marc de la convocat\u00f2ria d&#8217;actuacions de Promoci\u00f3 Tur\u00edstica.[\/vc_column_text][\/vc_column][vc_column width=&#8221;1\/3&#8243;][vc_single_image image=&#8221;13771&#8243; img_size=&#8221;medium&#8221; alignment=&#8221;center&#8221;][\/vc_column][\/vc_row]<\/p>\n<\/div>","protected":false},"excerpt":{"rendered":"<p>[vc_row enable_hue_rotation=&#8221;no&#8221; enable_text_marquee=&#8221;no&#8221;][vc_column][vc_custom_heading source=&#8221;post_title&#8221; font_container=&#8221;tag:h1|font_size:40|text_align:left|color:%23000000&#8243; use_theme_fonts=&#8221;yes&#8221;][\/vc_column][\/vc_row][vc_row enable_hue_rotation=&#8221;no&#8221; enable_text_marquee=&#8221;no&#8221; css=&#8221;.vc_custom_1579859650656{margin-top: 40px !important;margin-bottom: 80px !important;}&#8221;][vc_column width=&#8221;2\/3&#8243;][vc_column_text]El Consell Insular d&#8217;Eivissa ha subvencionat la gesti\u00f3 de xarxes socials, blog i actualitzaci\u00f3 web de l&#8217;Ajuntament de Sant Josep, per import de 22.157&#8217;33\u20ac, en el marc [&hellip;]<\/p>\n","protected":false},"author":1,"featured_media":0,"parent":0,"menu_order":0,"comment_status":"closed","ping_status":"closed","template":"","meta":{"_acf_changed":false,"inline_featured_image":false,"footnotes":""},"categoria_pagina":[],"class_list":["post-13776","page","type-page","status-publish","hentry"],"acf":[],"yoast_head":"<!-- This site is optimized with the Yoast SEO plugin v25.7 - https:\/\/yoast.com\/wordpress\/plugins\/seo\/ -->\n<title>Projecte subvencionat pel Consell Insular d&#039;Eivissa - Santjosep.net<\/title>\n<meta name=\"robots\" content=\"index, follow, max-snippet:-1, max-image-preview:large, max-video-preview:-1\" \/>\n<link rel=\"canonical\" href=\"https:\/\/www.santjosep.net\/en\/projecte-subvencionat-pel-consell-insular-deivissa\/\" \/>\n<meta property=\"og:locale\" content=\"en_US\" \/>\n<meta property=\"og:type\" content=\"article\" \/>\n<meta property=\"og:title\" content=\"Projecte subvencionat pel Consell Insular d&#039;Eivissa - Santjosep.net\" \/>\n<meta property=\"og:description\" content=\"[vc_row enable_hue_rotation=&#8221;no&#8221; enable_text_marquee=&#8221;no&#8221;][vc_column][vc_custom_heading source=&#8221;post_title&#8221; font_container=&#8221;tag:h1|font_size:40|text_align:left|color:%23000000&#8243; use_theme_fonts=&#8221;yes&#8221;][\/vc_column][\/vc_row][vc_row enable_hue_rotation=&#8221;no&#8221; enable_text_marquee=&#8221;no&#8221; css=&#8221;.vc_custom_1579859650656{margin-top: 40px !important;margin-bottom: 80px !important;}&#8221;][vc_column width=&#8221;2\/3&#8243;][vc_column_text]El Consell Insular d&#8217;Eivissa ha subvencionat la gesti\u00f3 de xarxes socials, blog i actualitzaci\u00f3 web de l&#8217;Ajuntament de Sant Josep, per import de 22.157&#8217;33\u20ac, en el marc [&hellip;]\" \/>\n<meta property=\"og:url\" content=\"https:\/\/www.santjosep.net\/en\/projecte-subvencionat-pel-consell-insular-deivissa\/\" \/>\n<meta property=\"og:site_name\" content=\"Santjosep.net\" \/>\n<meta property=\"article:modified_time\" content=\"2020-01-24T09:55:24+00:00\" \/>\n<meta name=\"twitter:card\" content=\"summary_large_image\" \/>\n<meta name=\"twitter:label1\" content=\"Est. reading time\" \/>\n\t<meta name=\"twitter:data1\" content=\"1 minute\" \/>\n<script type=\"application\/ld+json\" class=\"yoast-schema-graph\">{\"@context\":\"https:\/\/schema.org\",\"@graph\":[{\"@type\":\"WebPage\",\"@id\":\"https:\/\/www.santjosep.net\/en\/projecte-subvencionat-pel-consell-insular-deivissa\/\",\"url\":\"https:\/\/www.santjosep.net\/en\/projecte-subvencionat-pel-consell-insular-deivissa\/\",\"name\":\"Projecte subvencionat pel Consell Insular d'Eivissa - Santjosep.net\",\"isPartOf\":{\"@id\":\"https:\/\/www.santjosep.net\/#website\"},\"datePublished\":\"2018-11-22T09:52:23+00:00\",\"dateModified\":\"2020-01-24T09:55:24+00:00\",\"inLanguage\":\"en-US\",\"potentialAction\":[{\"@type\":\"ReadAction\",\"target\":[\"https:\/\/www.santjosep.net\/en\/projecte-subvencionat-pel-consell-insular-deivissa\/\"]}]},{\"@type\":\"WebSite\",\"@id\":\"https:\/\/www.santjosep.net\/#website\",\"url\":\"https:\/\/www.santjosep.net\/\",\"name\":\"Santjosep.net\",\"description\":\"\",\"potentialAction\":[{\"@type\":\"SearchAction\",\"target\":{\"@type\":\"EntryPoint\",\"urlTemplate\":\"https:\/\/www.santjosep.net\/?s={search_term_string}\"},\"query-input\":{\"@type\":\"PropertyValueSpecification\",\"valueRequired\":true,\"valueName\":\"search_term_string\"}}],\"inLanguage\":\"en-US\"}]}<\/script>\n<!-- \/ Yoast SEO plugin. -->","yoast_head_json":{"title":"Projecte subvencionat pel Consell Insular d'Eivissa - Santjosep.net","robots":{"index":"index","follow":"follow","max-snippet":"max-snippet:-1","max-image-preview":"max-image-preview:large","max-video-preview":"max-video-preview:-1"},"canonical":"https:\/\/www.santjosep.net\/en\/projecte-subvencionat-pel-consell-insular-deivissa\/","og_locale":"en_US","og_type":"article","og_title":"Projecte subvencionat pel Consell Insular d'Eivissa - Santjosep.net","og_description":"[vc_row enable_hue_rotation=&#8221;no&#8221; enable_text_marquee=&#8221;no&#8221;][vc_column][vc_custom_heading source=&#8221;post_title&#8221; font_container=&#8221;tag:h1|font_size:40|text_align:left|color:%23000000&#8243; use_theme_fonts=&#8221;yes&#8221;][\/vc_column][\/vc_row][vc_row enable_hue_rotation=&#8221;no&#8221; enable_text_marquee=&#8221;no&#8221; css=&#8221;.vc_custom_1579859650656{margin-top: 40px !important;margin-bottom: 80px !important;}&#8221;][vc_column width=&#8221;2\/3&#8243;][vc_column_text]El Consell Insular d&#8217;Eivissa ha subvencionat la gesti\u00f3 de xarxes socials, blog i actualitzaci\u00f3 web de l&#8217;Ajuntament de Sant Josep, per import de 22.157&#8217;33\u20ac, en el marc [&hellip;]","og_url":"https:\/\/www.santjosep.net\/en\/projecte-subvencionat-pel-consell-insular-deivissa\/","og_site_name":"Santjosep.net","article_modified_time":"2020-01-24T09:55:24+00:00","twitter_card":"summary_large_image","twitter_misc":{"Est. reading time":"1 minute"},"schema":{"@context":"https:\/\/schema.org","@graph":[{"@type":"WebPage","@id":"https:\/\/www.santjosep.net\/en\/projecte-subvencionat-pel-consell-insular-deivissa\/","url":"https:\/\/www.santjosep.net\/en\/projecte-subvencionat-pel-consell-insular-deivissa\/","name":"Projecte subvencionat pel Consell Insular d'Eivissa - Santjosep.net","isPartOf":{"@id":"https:\/\/www.santjosep.net\/#website"},"datePublished":"2018-11-22T09:52:23+00:00","dateModified":"2020-01-24T09:55:24+00:00","inLanguage":"en-US","potentialAction":[{"@type":"ReadAction","target":["https:\/\/www.santjosep.net\/en\/projecte-subvencionat-pel-consell-insular-deivissa\/"]}]},{"@type":"WebSite","@id":"https:\/\/www.santjosep.net\/#website","url":"https:\/\/www.santjosep.net\/","name":"Santjosep.net","description":"","potentialAction":[{"@type":"SearchAction","target":{"@type":"EntryPoint","urlTemplate":"https:\/\/www.santjosep.net\/?s={search_term_string}"},"query-input":{"@type":"PropertyValueSpecification","valueRequired":true,"valueName":"search_term_string"}}],"inLanguage":"en-US"}]}},"_links":{"self":[{"href":"https:\/\/www.santjosep.net\/en\/wp-json\/wp\/v2\/pages\/13776","targetHints":{"allow":["GET"]}}],"collection":[{"href":"https:\/\/www.santjosep.net\/en\/wp-json\/wp\/v2\/pages"}],"about":[{"href":"https:\/\/www.santjosep.net\/en\/wp-json\/wp\/v2\/types\/page"}],"author":[{"embeddable":true,"href":"https:\/\/www.santjosep.net\/en\/wp-json\/wp\/v2\/users\/1"}],"replies":[{"embeddable":true,"href":"https:\/\/www.santjosep.net\/en\/wp-json\/wp\/v2\/comments?post=13776"}],"version-history":[{"count":0,"href":"https:\/\/www.santjosep.net\/en\/wp-json\/wp\/v2\/pages\/13776\/revisions"}],"wp:attachment":[{"href":"https:\/\/www.santjosep.net\/en\/wp-json\/wp\/v2\/media?parent=13776"}],"wp:term":[{"taxonomy":"categoria_pagina","embeddable":true,"href":"https:\/\/www.santjosep.net\/en\/wp-json\/wp\/v2\/categoria_pagina?post=13776"}],"curies":[{"name":"wp","href":"https:\/\/api.w.org\/{rel}","templated":true}]}}