{"id":6722,"date":"2016-03-04T11:44:54","date_gmt":"2016-03-04T11:44:54","guid":{"rendered":"https:\/\/www.santjosep.net\/de\/sportliche-aktivitaeten\/kajak-sant-josep-ibiza\/cala-tarida-to-cala-bassa\/"},"modified":"2020-01-27T14:07:41","modified_gmt":"2020-01-27T13:07:41","slug":"cala-tarida-auf-cala-bassa","status":"publish","type":"page","link":"https:\/\/www.santjosep.net\/de\/aktiver-tourismus\/kajak-sant-josep-ibiza\/cala-tarida-auf-cala-bassa\/","title":{"rendered":"Kajak Route von Cala Tarida auf Cala Bassa &#8211; Ibiza"},"content":{"rendered":"<p><iframe loading=\"lazy\" src=\"https:\/\/www.google.com\/maps\/d\/embed?mid=z5YVYhWup8YU.kXPR-_B_84W8\" width=\"780\" height=\"480\"><\/iframe><\/p>\n<p>DAUER: 3.30 Hours<br \/>\nL\u00c4NGE: 7,2 Miles<br \/>\nSCHWIERIGKEITSGRAD: Medium<br \/>\nAUSGANGSPUNKT: Cala Tarida<br \/>\nANKUNFTSPUNKT: Cala Bassa<\/p>\n<p><strong>ANFAHRT<\/strong>:<\/p>\n<div class=\"page\" title=\"Page 18\">\n<div class=\"section\">\n<div class=\"layoutArea\">\n<div class=\"column\">\n<p>Fahren Sie von Sant Josep aus auf der Landstra\u00dfe PM-803 in Richtung Sant Antoni. Nach 500 Metern nehmen Sie die Ausfahrt auf der linken Seite in Richtung Cala Tarida. Folgen Sie den Schildern bis zum Strand.<\/p>\n<\/div>\n<\/div>\n<\/div>\n<\/div>\n<p><strong>KAJAKTOUR<\/strong>:<\/p>\n<div class=\"page\" title=\"Page 18\">\n<div class=\"section\">\n<div class=\"layoutArea\">\n<div class=\"column\">\n<p>Beginnen Sie die Kajaktour in Richtung Norden und fahren Sie an felsigen Steilk\u00fcsten vorbei, bis Sie die tief eingeschnittene Bucht Cala Corral erreichen, in der sich der kleine Sportboothafen Coralmar befindet. Hier sind zwar keine Dienstleistungen vorhanden, aber an den vielen Bootsh\u00e4uschen mit Rampen ist das Anlegen mit dem Kajak sehr einfach.<\/p>\n<\/div>\n<\/div>\n<\/div>\n<\/div>\n<div class=\"page\" title=\"Page 18\">\n<div class=\"section\">\n<div class=\"layoutArea\">\n<div class=\"column\">\n<p>Kurz darauf erreichen Sie einen Felsvorsprung mit der kleinen Bucht Cala Llentia. Trotz der Felsen und Algen ist das Anlegen hier m\u00f6glich. Der Weg f\u00fchrt dann weiter nach Cala Codolar. Eine ruhige Sandbucht mit leichtem Zugang zum Land, an der der Pinienwald bis ans Meerufer ragt. Auch ein kleiner Kiosk\/Bar ist hier vorhanden.<\/p>\n<\/div>\n<\/div>\n<\/div>\n<\/div>\n<p><img loading=\"lazy\" decoding=\"async\" class=\"alignnone size-full wp-image-5103\" src=\"https:\/\/www.santjosep.net\/wp-content\/uploads\/2016\/03\/IMG_0216.jpg\" alt=\"IMG_0216\" width=\"1200\" height=\"800\" srcset=\"https:\/\/www.santjosep.net\/wp-content\/uploads\/2016\/03\/IMG_0216.jpg 1200w, https:\/\/www.santjosep.net\/wp-content\/uploads\/2016\/03\/IMG_0216-300x200.jpg 300w, https:\/\/www.santjosep.net\/wp-content\/uploads\/2016\/03\/IMG_0216-768x512.jpg 768w, https:\/\/www.santjosep.net\/wp-content\/uploads\/2016\/03\/IMG_0216-1024x683.jpg 1024w\" sizes=\"auto, (max-width: 1200px) 100vw, 1200px\" \/><\/p>\n<div class=\"page\" title=\"Page 18\">\n<div class=\"section\">\n<div class=\"layoutArea\">\n<div class=\"column\">\n<p>Setzen Sie Ihren Weg l\u00e4ngs der kleinen Steilk\u00fcsten unterhalb der weitl\u00e4ufigen Wohnanlage Puig de Dofi\u0301 fort.<\/p>\n<\/div>\n<\/div>\n<\/div>\n<\/div>\n<div class=\"page\" title=\"Page 18\">\n<div class=\"section\">\n<div class=\"layoutArea\">\n<div class=\"column\">\n<p>Nachdem Sie den Felsvorsprung Niu de s\u2019A\u0300guila, wo Fischadler nisten, passiert haben, erreichen Sie die Bucht Sa Figuera Borda. Die gro\u00dfe H\u00f6hle, die hier liegt, wurde fr\u00fcher von Schmuggeln genutzt. Heute sind hier jedoch nur noch Fischerh\u00fctten zu finden, deren Rampen Ihnen den Zugang an Land erleichtern.<\/p>\n<\/div>\n<\/div>\n<\/div>\n<\/div>\n<div class=\"page\" title=\"Page 18\">\n<div class=\"section\">\n<div class=\"layoutArea\">\n<div class=\"column\">\n<p>Wenn Sie der Steilk\u00fcste folgen, kommen sie zu dem Felsvorsprung Punta de s\u2019Embarcador, dies ist der westlichste Punkt Ibizas. Hier k\u00f6nnen Sie von Nahem die Felseninseln s\u2019Espartar und Ses Bledes sehen. Der Weg f\u00fchrt Sie entlang Buchten wie Es Reco\u0300 d\u2019en Xic, in der sich auch ein Kiosk befindet, bis hin zum Strand Cala Comte.<\/p>\n<\/div>\n<\/div>\n<\/div>\n<\/div>\n<p><img loading=\"lazy\" decoding=\"async\" class=\"size-full wp-image-2370\" src=\"https:\/\/www.santjosep.net\/wp-content\/uploads\/2014\/10\/calaconta_IMG_3826.jpg\" alt=\"Platges de Comte\" width=\"1200\" height=\"800\" srcset=\"https:\/\/www.santjosep.net\/wp-content\/uploads\/2014\/10\/calaconta_IMG_3826.jpg 1200w, https:\/\/www.santjosep.net\/wp-content\/uploads\/2014\/10\/calaconta_IMG_3826-300x200.jpg 300w, https:\/\/www.santjosep.net\/wp-content\/uploads\/2014\/10\/calaconta_IMG_3826-1024x682.jpg 1024w\" sizes=\"auto, (max-width: 1200px) 100vw, 1200px\" \/><\/p>\n<div class=\"page\" title=\"Page 19\">\n<div class=\"layoutArea\">\n<div class=\"column\">\n<p>Geben Sie besonders Acht, wenn sie entlang s\u2019Escull de ses Punxes und der K\u00fcste paddeln. Etwas weiter liegen die Felseninseln s\u2019Escull Llarg, s\u2019Illa des Bosc und weiter im Meer die Insel Sa Conillera.<\/p>\n<\/div>\n<\/div>\n<\/div>\n<div class=\"page\" title=\"Page 19\">\n<div class=\"layoutArea\">\n<div class=\"column\">\n<p>In diesem Gebiet herrscht reger Schiffsverkehr und es gibt viele Str\u00f6mungen. Es ist von Sandstr\u00e4nden umgeben und das Wasser ist hier besonders klar. Am Strand sind Bars, Restaurants und andere Dienstleistungen sowie ein gro\u00dfer Parkplatz vorhanden, der etwas h\u00f6her gelegen ist, wodurch der Strand naturbelassen bleibt. Hier herrschen recht starke Winde, sodass Sie beim Ausschiffen durch Wellen behindert werden k\u00f6nnen.<\/p>\n<\/div>\n<\/div>\n<\/div>\n<div class=\"page\" title=\"Page 19\">\n<div class=\"layoutArea\">\n<div class=\"column\">\n<p>Fahren Sie etwas weiter, dann erreichen Sie einen Anlegesteg mit Passagierschiffen und verschiedene Buchten mit Bootsh\u00e4uschen. Von hier aus hat man einen spektakul\u00e4ren Blick auf Sa Conillera, eine Insel, der Sie auf unserer n\u00e4chsten Kajakroute einen Besuch abstatten k\u00f6nnen.<\/p>\n<\/div>\n<\/div>\n<\/div>\n<div class=\"page\" title=\"Page 19\">\n<div class=\"layoutArea\">\n<div class=\"column\">\n<p>Sie fahren weiter bis zum Felsvorsprung Sa Torre, auf der noch der ehemalige Wehrturm Torre d\u2019en Rovira steht. Umrunden Sie diesen und lassen Sie die Felseninseln auf der Backbordseite und die Felseninseln Es Farallons auf der Steuerbordseite hinter sich. Passen Sie in diesem Abschnitt auf die Felsen auf, die aus dem Wasser ragen.<\/p>\n<\/div>\n<\/div>\n<\/div>\n<div id=\"attachment_2363\" style=\"width: 1210px\" class=\"wp-caption alignnone\"><img loading=\"lazy\" decoding=\"async\" aria-describedby=\"caption-attachment-2363\" class=\"size-full wp-image-2363\" src=\"https:\/\/www.santjosep.net\/wp-content\/uploads\/2014\/10\/rovira_IMG_2725.jpg\" alt=\"Torre d'en Rovira\" width=\"1200\" height=\"800\" srcset=\"https:\/\/www.santjosep.net\/wp-content\/uploads\/2014\/10\/rovira_IMG_2725.jpg 1200w, https:\/\/www.santjosep.net\/wp-content\/uploads\/2014\/10\/rovira_IMG_2725-300x200.jpg 300w, https:\/\/www.santjosep.net\/wp-content\/uploads\/2014\/10\/rovira_IMG_2725-1024x682.jpg 1024w\" sizes=\"auto, (max-width: 1200px) 100vw, 1200px\" \/><p id=\"caption-attachment-2363\" class=\"wp-caption-text\">Torre d&#8217;en Rovira<\/p><\/div>\n<div class=\"page\" title=\"Page 19\">\n<div class=\"layoutArea\">\n<div class=\"column\">\n<p>Nachdem Sie an der Bucht Cala Rotja vorbeigefahren sind, an der es eine Anlegem\u00f6glichkeit gibt, lassen Sie auch die Landzunge Cap de la Bassa hinter sich und erreichen so Cala Bassa. Dieser herrliche Sandstrand ist von Pinien- und Sadeb\u00e4umen umgeben und verf\u00fcgt \u00fcber alle m\u00f6glichen Dienstleistungen.<\/p>\n<p>Wenn Sie sich dem Strand n\u00e4hern, achten Sie auf Sport- und Passagierboote sowie auf Wassersportler.<\/p>\n<\/div>\n<\/div>\n<\/div>\n<p><img loading=\"lazy\" decoding=\"async\" class=\"alignnone size-full wp-image-1118\" src=\"https:\/\/www.santjosep.net\/wp-content\/uploads\/2013\/11\/calabassa_IMG_9955.jpg\" alt=\"calabassa_IMG_9955\" width=\"1000\" height=\"667\" srcset=\"https:\/\/www.santjosep.net\/wp-content\/uploads\/2013\/11\/calabassa_IMG_9955.jpg 1000w, https:\/\/www.santjosep.net\/wp-content\/uploads\/2013\/11\/calabassa_IMG_9955-300x200.jpg 300w\" sizes=\"auto, (max-width: 1000px) 100vw, 1000px\" \/><\/p>\n<p>&nbsp;<\/p>\n","protected":false},"excerpt":{"rendered":"<p>DAUER: 3.30 Hours L\u00c4NGE: 7,2 Miles SCHWIERIGKEITSGRAD: Medium AUSGANGSPUNKT: Cala Tarida ANKUNFTSPUNKT: Cala Bassa ANFAHRT: Fahren Sie von Sant Josep aus auf der Landstra\u00dfe PM-803 in Richtung Sant Antoni. Nach 500 Metern nehmen Sie die Ausfahrt auf der linken Seite [&hellip;]<\/p>\n","protected":false},"author":1,"featured_media":5545,"parent":5316,"menu_order":0,"comment_status":"closed","ping_status":"closed","template":"page-actividad.php","meta":{"_acf_changed":false,"inline_featured_image":false,"footnotes":""},"categoria_pagina":[],"class_list":["post-6722","page","type-page","status-publish","has-post-thumbnail","hentry"],"acf":[],"yoast_head":"<!-- This site is optimized with the Yoast SEO plugin v25.7 - https:\/\/yoast.com\/wordpress\/plugins\/seo\/ -->\n<title>Kajak Route von Cala Tarida auf Cala Bassa - Ibiza - Santjosep.net<\/title>\n<meta name=\"robots\" content=\"index, follow, max-snippet:-1, max-image-preview:large, max-video-preview:-1\" \/>\n<link rel=\"canonical\" href=\"https:\/\/www.santjosep.net\/de\/aktiver-tourismus\/kajak-sant-josep-ibiza\/cala-tarida-auf-cala-bassa\/\" \/>\n<meta property=\"og:locale\" content=\"de_DE\" \/>\n<meta property=\"og:type\" content=\"article\" \/>\n<meta property=\"og:title\" content=\"Kajak Route von Cala Tarida auf Cala Bassa - Ibiza - Santjosep.net\" \/>\n<meta property=\"og:description\" content=\"DAUER: 3.30 Hours L\u00c4NGE: 7,2 Miles SCHWIERIGKEITSGRAD: Medium AUSGANGSPUNKT: Cala Tarida ANKUNFTSPUNKT: Cala Bassa ANFAHRT: Fahren Sie von Sant Josep aus auf der Landstra\u00dfe PM-803 in Richtung Sant Antoni. Nach 500 Metern nehmen Sie die Ausfahrt auf der linken Seite [&hellip;]\" \/>\n<meta property=\"og:url\" content=\"https:\/\/www.santjosep.net\/de\/aktiver-tourismus\/kajak-sant-josep-ibiza\/cala-tarida-auf-cala-bassa\/\" \/>\n<meta property=\"og:site_name\" content=\"Santjosep.net\" \/>\n<meta property=\"article:modified_time\" content=\"2020-01-27T13:07:41+00:00\" \/>\n<meta property=\"og:image\" content=\"https:\/\/www.santjosep.net\/wp-content\/uploads\/2013\/11\/calabassa.jpg\" \/>\n\t<meta property=\"og:image:width\" content=\"800\" \/>\n\t<meta property=\"og:image:height\" content=\"533\" \/>\n\t<meta property=\"og:image:type\" content=\"image\/jpeg\" \/>\n<meta name=\"twitter:card\" content=\"summary_large_image\" \/>\n<meta name=\"twitter:label1\" content=\"Gesch\u00e4tzte Lesezeit\" \/>\n\t<meta name=\"twitter:data1\" content=\"3\u00a0Minuten\" \/>\n<script type=\"application\/ld+json\" class=\"yoast-schema-graph\">{\"@context\":\"https:\/\/schema.org\",\"@graph\":[{\"@type\":\"WebPage\",\"@id\":\"https:\/\/www.santjosep.net\/de\/aktiver-tourismus\/kajak-sant-josep-ibiza\/cala-tarida-auf-cala-bassa\/\",\"url\":\"https:\/\/www.santjosep.net\/de\/aktiver-tourismus\/kajak-sant-josep-ibiza\/cala-tarida-auf-cala-bassa\/\",\"name\":\"Kajak Route von Cala Tarida auf Cala Bassa - Ibiza - Santjosep.net\",\"isPartOf\":{\"@id\":\"https:\/\/www.santjosep.net\/#website\"},\"primaryImageOfPage\":{\"@id\":\"https:\/\/www.santjosep.net\/de\/aktiver-tourismus\/kajak-sant-josep-ibiza\/cala-tarida-auf-cala-bassa\/#primaryimage\"},\"image\":{\"@id\":\"https:\/\/www.santjosep.net\/de\/aktiver-tourismus\/kajak-sant-josep-ibiza\/cala-tarida-auf-cala-bassa\/#primaryimage\"},\"thumbnailUrl\":\"https:\/\/www.santjosep.net\/wp-content\/uploads\/2013\/11\/calabassa.jpg\",\"datePublished\":\"2016-03-04T11:44:54+00:00\",\"dateModified\":\"2020-01-27T13:07:41+00:00\",\"breadcrumb\":{\"@id\":\"https:\/\/www.santjosep.net\/de\/aktiver-tourismus\/kajak-sant-josep-ibiza\/cala-tarida-auf-cala-bassa\/#breadcrumb\"},\"inLanguage\":\"de\",\"potentialAction\":[{\"@type\":\"ReadAction\",\"target\":[\"https:\/\/www.santjosep.net\/de\/aktiver-tourismus\/kajak-sant-josep-ibiza\/cala-tarida-auf-cala-bassa\/\"]}]},{\"@type\":\"ImageObject\",\"inLanguage\":\"de\",\"@id\":\"https:\/\/www.santjosep.net\/de\/aktiver-tourismus\/kajak-sant-josep-ibiza\/cala-tarida-auf-cala-bassa\/#primaryimage\",\"url\":\"https:\/\/www.santjosep.net\/wp-content\/uploads\/2013\/11\/calabassa.jpg\",\"contentUrl\":\"https:\/\/www.santjosep.net\/wp-content\/uploads\/2013\/11\/calabassa.jpg\",\"width\":800,\"height\":533},{\"@type\":\"BreadcrumbList\",\"@id\":\"https:\/\/www.santjosep.net\/de\/aktiver-tourismus\/kajak-sant-josep-ibiza\/cala-tarida-auf-cala-bassa\/#breadcrumb\",\"itemListElement\":[{\"@type\":\"ListItem\",\"position\":1,\"name\":\"Aktiver Tourismus\",\"item\":\"https:\/\/www.santjosep.net\/de\/aktiver-tourismus\/\"},{\"@type\":\"ListItem\",\"position\":2,\"name\":\"Kajak\",\"item\":\"https:\/\/www.santjosep.net\/de\/aktiver-tourismus\/kajak-sant-josep-ibiza\/\"},{\"@type\":\"ListItem\",\"position\":3,\"name\":\"Kajak Route von Cala Tarida auf Cala Bassa &#8211; Ibiza\"}]},{\"@type\":\"WebSite\",\"@id\":\"https:\/\/www.santjosep.net\/#website\",\"url\":\"https:\/\/www.santjosep.net\/\",\"name\":\"Santjosep.net\",\"description\":\"\",\"potentialAction\":[{\"@type\":\"SearchAction\",\"target\":{\"@type\":\"EntryPoint\",\"urlTemplate\":\"https:\/\/www.santjosep.net\/?s={search_term_string}\"},\"query-input\":{\"@type\":\"PropertyValueSpecification\",\"valueRequired\":true,\"valueName\":\"search_term_string\"}}],\"inLanguage\":\"de\"}]}<\/script>\n<!-- \/ Yoast SEO plugin. -->","yoast_head_json":{"title":"Kajak Route von Cala Tarida auf Cala Bassa - Ibiza - Santjosep.net","robots":{"index":"index","follow":"follow","max-snippet":"max-snippet:-1","max-image-preview":"max-image-preview:large","max-video-preview":"max-video-preview:-1"},"canonical":"https:\/\/www.santjosep.net\/de\/aktiver-tourismus\/kajak-sant-josep-ibiza\/cala-tarida-auf-cala-bassa\/","og_locale":"de_DE","og_type":"article","og_title":"Kajak Route von Cala Tarida auf Cala Bassa - Ibiza - Santjosep.net","og_description":"DAUER: 3.30 Hours L\u00c4NGE: 7,2 Miles SCHWIERIGKEITSGRAD: Medium AUSGANGSPUNKT: Cala Tarida ANKUNFTSPUNKT: Cala Bassa ANFAHRT: Fahren Sie von Sant Josep aus auf der Landstra\u00dfe PM-803 in Richtung Sant Antoni. Nach 500 Metern nehmen Sie die Ausfahrt auf der linken Seite [&hellip;]","og_url":"https:\/\/www.santjosep.net\/de\/aktiver-tourismus\/kajak-sant-josep-ibiza\/cala-tarida-auf-cala-bassa\/","og_site_name":"Santjosep.net","article_modified_time":"2020-01-27T13:07:41+00:00","og_image":[{"width":800,"height":533,"url":"https:\/\/www.santjosep.net\/wp-content\/uploads\/2013\/11\/calabassa.jpg","type":"image\/jpeg"}],"twitter_card":"summary_large_image","twitter_misc":{"Gesch\u00e4tzte Lesezeit":"3\u00a0Minuten"},"schema":{"@context":"https:\/\/schema.org","@graph":[{"@type":"WebPage","@id":"https:\/\/www.santjosep.net\/de\/aktiver-tourismus\/kajak-sant-josep-ibiza\/cala-tarida-auf-cala-bassa\/","url":"https:\/\/www.santjosep.net\/de\/aktiver-tourismus\/kajak-sant-josep-ibiza\/cala-tarida-auf-cala-bassa\/","name":"Kajak Route von Cala Tarida auf Cala Bassa - Ibiza - Santjosep.net","isPartOf":{"@id":"https:\/\/www.santjosep.net\/#website"},"primaryImageOfPage":{"@id":"https:\/\/www.santjosep.net\/de\/aktiver-tourismus\/kajak-sant-josep-ibiza\/cala-tarida-auf-cala-bassa\/#primaryimage"},"image":{"@id":"https:\/\/www.santjosep.net\/de\/aktiver-tourismus\/kajak-sant-josep-ibiza\/cala-tarida-auf-cala-bassa\/#primaryimage"},"thumbnailUrl":"https:\/\/www.santjosep.net\/wp-content\/uploads\/2013\/11\/calabassa.jpg","datePublished":"2016-03-04T11:44:54+00:00","dateModified":"2020-01-27T13:07:41+00:00","breadcrumb":{"@id":"https:\/\/www.santjosep.net\/de\/aktiver-tourismus\/kajak-sant-josep-ibiza\/cala-tarida-auf-cala-bassa\/#breadcrumb"},"inLanguage":"de","potentialAction":[{"@type":"ReadAction","target":["https:\/\/www.santjosep.net\/de\/aktiver-tourismus\/kajak-sant-josep-ibiza\/cala-tarida-auf-cala-bassa\/"]}]},{"@type":"ImageObject","inLanguage":"de","@id":"https:\/\/www.santjosep.net\/de\/aktiver-tourismus\/kajak-sant-josep-ibiza\/cala-tarida-auf-cala-bassa\/#primaryimage","url":"https:\/\/www.santjosep.net\/wp-content\/uploads\/2013\/11\/calabassa.jpg","contentUrl":"https:\/\/www.santjosep.net\/wp-content\/uploads\/2013\/11\/calabassa.jpg","width":800,"height":533},{"@type":"BreadcrumbList","@id":"https:\/\/www.santjosep.net\/de\/aktiver-tourismus\/kajak-sant-josep-ibiza\/cala-tarida-auf-cala-bassa\/#breadcrumb","itemListElement":[{"@type":"ListItem","position":1,"name":"Aktiver Tourismus","item":"https:\/\/www.santjosep.net\/de\/aktiver-tourismus\/"},{"@type":"ListItem","position":2,"name":"Kajak","item":"https:\/\/www.santjosep.net\/de\/aktiver-tourismus\/kajak-sant-josep-ibiza\/"},{"@type":"ListItem","position":3,"name":"Kajak Route von Cala Tarida auf Cala Bassa &#8211; Ibiza"}]},{"@type":"WebSite","@id":"https:\/\/www.santjosep.net\/#website","url":"https:\/\/www.santjosep.net\/","name":"Santjosep.net","description":"","potentialAction":[{"@type":"SearchAction","target":{"@type":"EntryPoint","urlTemplate":"https:\/\/www.santjosep.net\/?s={search_term_string}"},"query-input":{"@type":"PropertyValueSpecification","valueRequired":true,"valueName":"search_term_string"}}],"inLanguage":"de"}]}},"_links":{"self":[{"href":"https:\/\/www.santjosep.net\/de\/wp-json\/wp\/v2\/pages\/6722","targetHints":{"allow":["GET"]}}],"collection":[{"href":"https:\/\/www.santjosep.net\/de\/wp-json\/wp\/v2\/pages"}],"about":[{"href":"https:\/\/www.santjosep.net\/de\/wp-json\/wp\/v2\/types\/page"}],"author":[{"embeddable":true,"href":"https:\/\/www.santjosep.net\/de\/wp-json\/wp\/v2\/users\/1"}],"replies":[{"embeddable":true,"href":"https:\/\/www.santjosep.net\/de\/wp-json\/wp\/v2\/comments?post=6722"}],"version-history":[{"count":0,"href":"https:\/\/www.santjosep.net\/de\/wp-json\/wp\/v2\/pages\/6722\/revisions"}],"up":[{"embeddable":true,"href":"https:\/\/www.santjosep.net\/de\/wp-json\/wp\/v2\/pages\/5316"}],"wp:featuredmedia":[{"embeddable":true,"href":"https:\/\/www.santjosep.net\/de\/wp-json\/wp\/v2\/media\/5545"}],"wp:attachment":[{"href":"https:\/\/www.santjosep.net\/de\/wp-json\/wp\/v2\/media?parent=6722"}],"wp:term":[{"taxonomy":"categoria_pagina","embeddable":true,"href":"https:\/\/www.santjosep.net\/de\/wp-json\/wp\/v2\/categoria_pagina?post=6722"}],"curies":[{"name":"wp","href":"https:\/\/api.w.org\/{rel}","templated":true}]}}