{"id":6705,"date":"2016-03-04T12:26:29","date_gmt":"2016-03-04T12:26:29","guid":{"rendered":"https:\/\/www.santjosep.net\/de\/sportliche-aktivitaeten\/kajak-sant-josep-ibiza\/ruta-en-kayak-desde-cala-bassa-a-cala-pinet\/"},"modified":"2020-01-27T14:07:36","modified_gmt":"2020-01-27T13:07:36","slug":"cala-bassa-auf-cala-pinet","status":"publish","type":"page","link":"https:\/\/www.santjosep.net\/de\/aktiver-tourismus\/kajak-sant-josep-ibiza\/cala-bassa-auf-cala-pinet\/","title":{"rendered":"Kajak Route von Cala Bassa auf Cala Pinet &#8211; Ibiza"},"content":{"rendered":"<p><iframe loading=\"lazy\" src=\"https:\/\/www.google.com\/maps\/d\/embed?mid=z5YVYhWup8YU.k4RGZ6cgwhhE\" width=\"780\" height=\"480\"><\/iframe><\/p>\n<p>DAUER: 2.00 Stunden<br \/>\nL\u00c4NGE: 5,7 Seemeilen<br \/>\nSCHWIERIGKEITSGRAD: Leicht<br \/>\nAUSGANGSPUNKT: Cala Bassa<br \/>\nANKUNFTSPUNKT: Cala Pinet<\/p>\n<p><strong>ANFAHRT<\/strong>:<br \/>\nFahren Sie von Sant Josep aus auf der Landstra\u00dfe PM-803 in Richtung Sant Antoni. Auf der H\u00f6he von Sant Agust\u00ed nehmen Sie die Ausfahrt auf der linken Seite in Richtung Cala Comte (Platges de Comte). Folgen Sie der Stra\u00dfe bis zum Strand.<\/p>\n<p><strong>KAJAKTOUR<\/strong>:<br \/>\nFahren Sie zu Beginn in Richtung Osten und nachdem Sie an dem felsigen Abschnitt vorbei sind, erreichen Sie eine kleine H\u00f6hle, in die Sie nur bei guten Wetterbedingungen hineinfahren sollten. Die K\u00fcste wird langsam steiler und einige leicht zug\u00e4ngliche H\u00f6hlen befinden sich auf diesem Streckenabschnitt. Hier wird der Wald langsam dichter und die K\u00fcste mit ihren Buchten reicht bis zu dem dreieckigen Felsvorsprung Es Penyal.<\/p>\n<p>Nachdem Sie diesen umrundet haben, paddeln Sie entlang der K\u00fcste und werden dabei feststellen, dass die Steilk\u00fcste immer h\u00f6her wird, bis Sie zum Felsvorsprung Sa Pedrera kommen.<br \/>\n<a href=\"https:\/\/www.santjosep.net\/wp-content\/uploads\/2013\/11\/portdestorrent_IMG_99651.jpg\" rel=\"attachment wp-att-1177\"><img loading=\"lazy\" decoding=\"async\" class=\"alignnone size-full wp-image-1177\" src=\"https:\/\/www.santjosep.net\/wp-content\/uploads\/2013\/11\/portdestorrent_IMG_99651.jpg\" alt=\"portdestorrent_IMG_9965\" width=\"1900\" height=\"800\" srcset=\"https:\/\/www.santjosep.net\/wp-content\/uploads\/2013\/11\/portdestorrent_IMG_99651.jpg 1900w, https:\/\/www.santjosep.net\/wp-content\/uploads\/2013\/11\/portdestorrent_IMG_99651-300x126.jpg 300w, https:\/\/www.santjosep.net\/wp-content\/uploads\/2013\/11\/portdestorrent_IMG_99651-1024x431.jpg 1024w\" sizes=\"auto, (max-width: 1900px) 100vw, 1900px\" \/><\/a><br \/>\nAb hier kann die Kajakstrecke schwieriger werden, da Sie sich nun in der Bucht Portmany befinden, eine besonders touristische Gegend mit viel Schiffsverkehr, Wassersportlern und Badeg\u00e4sten.<\/p>\n<p>Nachdem Sie den Felsvorsprung Sa Pedrera umrundet haben, kommen Sie zu der gro\u00dfen Bucht Port des Torrent mit einem Sandstrand und vielen Dienstleistungen.<\/p>\n<p>Setzen Sie Ihren Weg an dieser stark besiedelten K\u00fcste fort, an der Sie viele Buchten und Anlegestellen finden werden. Paddeln Sie an Calo\u0301 de s\u2019Oli und der Landzunge Punta Xinxo\u0301 \u00a0mit ihrem gr\u00fcnen Leuchtturm vorbei. Dieser zeigt Ihnen, dass Sie sich am Anfang der Bucht befinden. An derem breiten Strand sind alle m\u00f6glichen Dienstleistungen vorhanden. Ab hier wird die K\u00fcste wieder felsiger und Sie umrunden den Felsvorsprung Punta Pinet. Nun kommen Sie zur Bucht Cala Pinet, hier k\u00f6nnen Sie mit dem Kajak leicht anlegen und das umfangreiche Dienstleistungsangebot in Anspruch nehmen.<\/p>\n","protected":false},"excerpt":{"rendered":"<p>DAUER: 2.00 Stunden L\u00c4NGE: 5,7 Seemeilen SCHWIERIGKEITSGRAD: Leicht AUSGANGSPUNKT: Cala Bassa ANKUNFTSPUNKT: Cala Pinet ANFAHRT: Fahren Sie von Sant Josep aus auf der Landstra\u00dfe PM-803 in Richtung Sant Antoni. Auf der H\u00f6he von Sant Agust\u00ed nehmen Sie die Ausfahrt auf [&hellip;]<\/p>\n","protected":false},"author":1,"featured_media":5612,"parent":5316,"menu_order":0,"comment_status":"closed","ping_status":"closed","template":"page-actividad.php","meta":{"_acf_changed":false,"inline_featured_image":false,"footnotes":""},"categoria_pagina":[],"class_list":["post-6705","page","type-page","status-publish","has-post-thumbnail","hentry"],"acf":[],"yoast_head":"<!-- This site is optimized with the Yoast SEO plugin v25.7 - https:\/\/yoast.com\/wordpress\/plugins\/seo\/ -->\n<title>Kajak Route von Cala Bassa auf Cala Pinet - Ibiza - Santjosep.net<\/title>\n<meta name=\"robots\" content=\"index, follow, max-snippet:-1, max-image-preview:large, max-video-preview:-1\" \/>\n<link rel=\"canonical\" href=\"https:\/\/www.santjosep.net\/de\/aktiver-tourismus\/kajak-sant-josep-ibiza\/cala-bassa-auf-cala-pinet\/\" \/>\n<meta property=\"og:locale\" content=\"de_DE\" \/>\n<meta property=\"og:type\" content=\"article\" \/>\n<meta property=\"og:title\" content=\"Kajak Route von Cala Bassa auf Cala Pinet - Ibiza - Santjosep.net\" \/>\n<meta property=\"og:description\" content=\"DAUER: 2.00 Stunden L\u00c4NGE: 5,7 Seemeilen SCHWIERIGKEITSGRAD: Leicht AUSGANGSPUNKT: Cala Bassa ANKUNFTSPUNKT: Cala Pinet ANFAHRT: Fahren Sie von Sant Josep aus auf der Landstra\u00dfe PM-803 in Richtung Sant Antoni. Auf der H\u00f6he von Sant Agust\u00ed nehmen Sie die Ausfahrt auf [&hellip;]\" \/>\n<meta property=\"og:url\" content=\"https:\/\/www.santjosep.net\/de\/aktiver-tourismus\/kajak-sant-josep-ibiza\/cala-bassa-auf-cala-pinet\/\" \/>\n<meta property=\"og:site_name\" content=\"Santjosep.net\" \/>\n<meta property=\"article:modified_time\" content=\"2020-01-27T13:07:36+00:00\" \/>\n<meta property=\"og:image\" content=\"https:\/\/www.santjosep.net\/wp-content\/uploads\/2013\/11\/1calabassa.jpg\" \/>\n\t<meta property=\"og:image:width\" content=\"800\" \/>\n\t<meta property=\"og:image:height\" content=\"533\" \/>\n\t<meta property=\"og:image:type\" content=\"image\/jpeg\" \/>\n<meta name=\"twitter:card\" content=\"summary_large_image\" \/>\n<meta name=\"twitter:label1\" content=\"Gesch\u00e4tzte Lesezeit\" \/>\n\t<meta name=\"twitter:data1\" content=\"2\u00a0Minuten\" \/>\n<script type=\"application\/ld+json\" class=\"yoast-schema-graph\">{\"@context\":\"https:\/\/schema.org\",\"@graph\":[{\"@type\":\"WebPage\",\"@id\":\"https:\/\/www.santjosep.net\/de\/aktiver-tourismus\/kajak-sant-josep-ibiza\/cala-bassa-auf-cala-pinet\/\",\"url\":\"https:\/\/www.santjosep.net\/de\/aktiver-tourismus\/kajak-sant-josep-ibiza\/cala-bassa-auf-cala-pinet\/\",\"name\":\"Kajak Route von Cala Bassa auf Cala Pinet - Ibiza - Santjosep.net\",\"isPartOf\":{\"@id\":\"https:\/\/www.santjosep.net\/#website\"},\"primaryImageOfPage\":{\"@id\":\"https:\/\/www.santjosep.net\/de\/aktiver-tourismus\/kajak-sant-josep-ibiza\/cala-bassa-auf-cala-pinet\/#primaryimage\"},\"image\":{\"@id\":\"https:\/\/www.santjosep.net\/de\/aktiver-tourismus\/kajak-sant-josep-ibiza\/cala-bassa-auf-cala-pinet\/#primaryimage\"},\"thumbnailUrl\":\"https:\/\/www.santjosep.net\/wp-content\/uploads\/2013\/11\/1calabassa.jpg\",\"datePublished\":\"2016-03-04T12:26:29+00:00\",\"dateModified\":\"2020-01-27T13:07:36+00:00\",\"breadcrumb\":{\"@id\":\"https:\/\/www.santjosep.net\/de\/aktiver-tourismus\/kajak-sant-josep-ibiza\/cala-bassa-auf-cala-pinet\/#breadcrumb\"},\"inLanguage\":\"de\",\"potentialAction\":[{\"@type\":\"ReadAction\",\"target\":[\"https:\/\/www.santjosep.net\/de\/aktiver-tourismus\/kajak-sant-josep-ibiza\/cala-bassa-auf-cala-pinet\/\"]}]},{\"@type\":\"ImageObject\",\"inLanguage\":\"de\",\"@id\":\"https:\/\/www.santjosep.net\/de\/aktiver-tourismus\/kajak-sant-josep-ibiza\/cala-bassa-auf-cala-pinet\/#primaryimage\",\"url\":\"https:\/\/www.santjosep.net\/wp-content\/uploads\/2013\/11\/1calabassa.jpg\",\"contentUrl\":\"https:\/\/www.santjosep.net\/wp-content\/uploads\/2013\/11\/1calabassa.jpg\",\"width\":800,\"height\":533},{\"@type\":\"BreadcrumbList\",\"@id\":\"https:\/\/www.santjosep.net\/de\/aktiver-tourismus\/kajak-sant-josep-ibiza\/cala-bassa-auf-cala-pinet\/#breadcrumb\",\"itemListElement\":[{\"@type\":\"ListItem\",\"position\":1,\"name\":\"Aktiver Tourismus\",\"item\":\"https:\/\/www.santjosep.net\/de\/aktiver-tourismus\/\"},{\"@type\":\"ListItem\",\"position\":2,\"name\":\"Kajak\",\"item\":\"https:\/\/www.santjosep.net\/de\/aktiver-tourismus\/kajak-sant-josep-ibiza\/\"},{\"@type\":\"ListItem\",\"position\":3,\"name\":\"Kajak Route von Cala Bassa auf Cala Pinet &#8211; Ibiza\"}]},{\"@type\":\"WebSite\",\"@id\":\"https:\/\/www.santjosep.net\/#website\",\"url\":\"https:\/\/www.santjosep.net\/\",\"name\":\"Santjosep.net\",\"description\":\"\",\"potentialAction\":[{\"@type\":\"SearchAction\",\"target\":{\"@type\":\"EntryPoint\",\"urlTemplate\":\"https:\/\/www.santjosep.net\/?s={search_term_string}\"},\"query-input\":{\"@type\":\"PropertyValueSpecification\",\"valueRequired\":true,\"valueName\":\"search_term_string\"}}],\"inLanguage\":\"de\"}]}<\/script>\n<!-- \/ Yoast SEO plugin. -->","yoast_head_json":{"title":"Kajak Route von Cala Bassa auf Cala Pinet - Ibiza - Santjosep.net","robots":{"index":"index","follow":"follow","max-snippet":"max-snippet:-1","max-image-preview":"max-image-preview:large","max-video-preview":"max-video-preview:-1"},"canonical":"https:\/\/www.santjosep.net\/de\/aktiver-tourismus\/kajak-sant-josep-ibiza\/cala-bassa-auf-cala-pinet\/","og_locale":"de_DE","og_type":"article","og_title":"Kajak Route von Cala Bassa auf Cala Pinet - Ibiza - Santjosep.net","og_description":"DAUER: 2.00 Stunden L\u00c4NGE: 5,7 Seemeilen SCHWIERIGKEITSGRAD: Leicht AUSGANGSPUNKT: Cala Bassa ANKUNFTSPUNKT: Cala Pinet ANFAHRT: Fahren Sie von Sant Josep aus auf der Landstra\u00dfe PM-803 in Richtung Sant Antoni. Auf der H\u00f6he von Sant Agust\u00ed nehmen Sie die Ausfahrt auf [&hellip;]","og_url":"https:\/\/www.santjosep.net\/de\/aktiver-tourismus\/kajak-sant-josep-ibiza\/cala-bassa-auf-cala-pinet\/","og_site_name":"Santjosep.net","article_modified_time":"2020-01-27T13:07:36+00:00","og_image":[{"width":800,"height":533,"url":"https:\/\/www.santjosep.net\/wp-content\/uploads\/2013\/11\/1calabassa.jpg","type":"image\/jpeg"}],"twitter_card":"summary_large_image","twitter_misc":{"Gesch\u00e4tzte Lesezeit":"2\u00a0Minuten"},"schema":{"@context":"https:\/\/schema.org","@graph":[{"@type":"WebPage","@id":"https:\/\/www.santjosep.net\/de\/aktiver-tourismus\/kajak-sant-josep-ibiza\/cala-bassa-auf-cala-pinet\/","url":"https:\/\/www.santjosep.net\/de\/aktiver-tourismus\/kajak-sant-josep-ibiza\/cala-bassa-auf-cala-pinet\/","name":"Kajak Route von Cala Bassa auf Cala Pinet - Ibiza - Santjosep.net","isPartOf":{"@id":"https:\/\/www.santjosep.net\/#website"},"primaryImageOfPage":{"@id":"https:\/\/www.santjosep.net\/de\/aktiver-tourismus\/kajak-sant-josep-ibiza\/cala-bassa-auf-cala-pinet\/#primaryimage"},"image":{"@id":"https:\/\/www.santjosep.net\/de\/aktiver-tourismus\/kajak-sant-josep-ibiza\/cala-bassa-auf-cala-pinet\/#primaryimage"},"thumbnailUrl":"https:\/\/www.santjosep.net\/wp-content\/uploads\/2013\/11\/1calabassa.jpg","datePublished":"2016-03-04T12:26:29+00:00","dateModified":"2020-01-27T13:07:36+00:00","breadcrumb":{"@id":"https:\/\/www.santjosep.net\/de\/aktiver-tourismus\/kajak-sant-josep-ibiza\/cala-bassa-auf-cala-pinet\/#breadcrumb"},"inLanguage":"de","potentialAction":[{"@type":"ReadAction","target":["https:\/\/www.santjosep.net\/de\/aktiver-tourismus\/kajak-sant-josep-ibiza\/cala-bassa-auf-cala-pinet\/"]}]},{"@type":"ImageObject","inLanguage":"de","@id":"https:\/\/www.santjosep.net\/de\/aktiver-tourismus\/kajak-sant-josep-ibiza\/cala-bassa-auf-cala-pinet\/#primaryimage","url":"https:\/\/www.santjosep.net\/wp-content\/uploads\/2013\/11\/1calabassa.jpg","contentUrl":"https:\/\/www.santjosep.net\/wp-content\/uploads\/2013\/11\/1calabassa.jpg","width":800,"height":533},{"@type":"BreadcrumbList","@id":"https:\/\/www.santjosep.net\/de\/aktiver-tourismus\/kajak-sant-josep-ibiza\/cala-bassa-auf-cala-pinet\/#breadcrumb","itemListElement":[{"@type":"ListItem","position":1,"name":"Aktiver Tourismus","item":"https:\/\/www.santjosep.net\/de\/aktiver-tourismus\/"},{"@type":"ListItem","position":2,"name":"Kajak","item":"https:\/\/www.santjosep.net\/de\/aktiver-tourismus\/kajak-sant-josep-ibiza\/"},{"@type":"ListItem","position":3,"name":"Kajak Route von Cala Bassa auf Cala Pinet &#8211; Ibiza"}]},{"@type":"WebSite","@id":"https:\/\/www.santjosep.net\/#website","url":"https:\/\/www.santjosep.net\/","name":"Santjosep.net","description":"","potentialAction":[{"@type":"SearchAction","target":{"@type":"EntryPoint","urlTemplate":"https:\/\/www.santjosep.net\/?s={search_term_string}"},"query-input":{"@type":"PropertyValueSpecification","valueRequired":true,"valueName":"search_term_string"}}],"inLanguage":"de"}]}},"_links":{"self":[{"href":"https:\/\/www.santjosep.net\/de\/wp-json\/wp\/v2\/pages\/6705","targetHints":{"allow":["GET"]}}],"collection":[{"href":"https:\/\/www.santjosep.net\/de\/wp-json\/wp\/v2\/pages"}],"about":[{"href":"https:\/\/www.santjosep.net\/de\/wp-json\/wp\/v2\/types\/page"}],"author":[{"embeddable":true,"href":"https:\/\/www.santjosep.net\/de\/wp-json\/wp\/v2\/users\/1"}],"replies":[{"embeddable":true,"href":"https:\/\/www.santjosep.net\/de\/wp-json\/wp\/v2\/comments?post=6705"}],"version-history":[{"count":0,"href":"https:\/\/www.santjosep.net\/de\/wp-json\/wp\/v2\/pages\/6705\/revisions"}],"up":[{"embeddable":true,"href":"https:\/\/www.santjosep.net\/de\/wp-json\/wp\/v2\/pages\/5316"}],"wp:featuredmedia":[{"embeddable":true,"href":"https:\/\/www.santjosep.net\/de\/wp-json\/wp\/v2\/media\/5612"}],"wp:attachment":[{"href":"https:\/\/www.santjosep.net\/de\/wp-json\/wp\/v2\/media?parent=6705"}],"wp:term":[{"taxonomy":"categoria_pagina","embeddable":true,"href":"https:\/\/www.santjosep.net\/de\/wp-json\/wp\/v2\/categoria_pagina?post=6705"}],"curies":[{"name":"wp","href":"https:\/\/api.w.org\/{rel}","templated":true}]}}