{"id":6694,"date":"2016-03-15T11:11:21","date_gmt":"2016-03-15T11:11:21","guid":{"rendered":"https:\/\/www.santjosep.net\/de\/sportliche-aktivitaeten\/tauchen\/punta-rovira-ibiza\/"},"modified":"2020-01-24T10:29:42","modified_gmt":"2020-01-24T09:29:42","slug":"punta-rovira-ibiza","status":"publish","type":"page","link":"https:\/\/www.santjosep.net\/de\/aktiver-tourismus\/tauchen\/punta-rovira-ibiza\/","title":{"rendered":"Tauchen Route in Punta Rovira &#8211; Ibiza"},"content":{"rendered":"<p>KOORDINATEN DES ANKERPLATZES: 38\u00b0 58\u2019 18,62\u2019\u2019 N | 1\u00b0 13\u2019 55,55\u2019\u2019 E<br \/>\nMAXIMALE WASSERTIEFE: 30 M.<br \/>\nDAUER: 45 Min.<br \/>\nSTRECKE: 500 M.<br \/>\nSCHWIERIGKEITSGRAD: Leicht<\/p>\n<p>Der Tauchplatz befindet sich zwischen den Str\u00e4nden Cala Comte und Cala Bassa und ist aufgrund des ausgeschilderten Rad- bzw. Wanderwegs leicht zu finden. Au\u00dferdem ist dieser Felsvorsprung auch wegen seiner Geschichte sehr interessant, da hier noch immer der einstige Wehrturm aus dem 17. Jahrhundert steht.<\/p>\n<p><img loading=\"lazy\" decoding=\"async\" class=\"alignnone size-large wp-image-6676\" src=\"https:\/\/www.santjosep.net\/wp-content\/uploads\/2016\/03\/rovira_IMG_9593-1024x768.jpg\" alt=\"rovira_IMG_9593\" width=\"1024\" height=\"768\" srcset=\"https:\/\/www.santjosep.net\/wp-content\/uploads\/2016\/03\/rovira_IMG_9593-1024x768.jpg 1024w, https:\/\/www.santjosep.net\/wp-content\/uploads\/2016\/03\/rovira_IMG_9593-300x225.jpg 300w, https:\/\/www.santjosep.net\/wp-content\/uploads\/2016\/03\/rovira_IMG_9593-768x576.jpg 768w, https:\/\/www.santjosep.net\/wp-content\/uploads\/2016\/03\/rovira_IMG_9593.jpg 1200w\" sizes=\"auto, (max-width: 1024px) 100vw, 1024px\" \/><\/p>\n<p>Sind Sie erst einmal an der Punta Rovira angelangt, sehen Sie ein kleines offenes Feld, auf dem Sie Ihr Fahrzeug abstellen k\u00f6nnen. Nach einigen Metern werden Sie dann eine Steintreppe finden, die Sie zum Tauchplatz f\u00fchrt.<\/p>\n<p>An der Stelle, an der Sie den Tauchgang beginnen, betr\u00e4gt die Wassertiefe nicht mehr als 5 Meter und eignet sich deshalb, wie auch der Rest der Bucht in der Sie sich befinden, perfekt zum Schnorcheln.<\/p>\n<p>Wenn Sie aber lieber in tieferen Gew\u00e4sser tauchen m\u00f6chten, nutzen Sie Ihren Kompass und tauchen in Richtung Norden. Entlang der Plattform, die die gesamte Bucht einnimmt, tauchen Sie langsam tiefer ab.<\/p>\n<div id=\"attachment_6685\" style=\"width: 1034px\" class=\"wp-caption alignnone\"><img loading=\"lazy\" decoding=\"async\" aria-describedby=\"caption-attachment-6685\" class=\"size-large wp-image-6685\" src=\"https:\/\/www.santjosep.net\/wp-content\/uploads\/2016\/03\/PICT0061-1024x768.jpg\" alt=\"Intova Digital Camera\" width=\"1024\" height=\"768\" srcset=\"https:\/\/www.santjosep.net\/wp-content\/uploads\/2016\/03\/PICT0061-1024x768.jpg 1024w, https:\/\/www.santjosep.net\/wp-content\/uploads\/2016\/03\/PICT0061-300x225.jpg 300w, https:\/\/www.santjosep.net\/wp-content\/uploads\/2016\/03\/PICT0061-768x576.jpg 768w, https:\/\/www.santjosep.net\/wp-content\/uploads\/2016\/03\/PICT0061.jpg 1200w\" sizes=\"auto, (max-width: 1024px) 100vw, 1024px\" \/><p id=\"caption-attachment-6685\" class=\"wp-caption-text\">Intova Digital Camera<\/p><\/div>\n<p>Am Meeresgrund befinden sich viele Felsen mit zahlreichen Vertiefungen und die Neptungraswiesen, die sich in diesem Gebiet ausbreiten, enden erst in einer Tiefe von ca. 30-35 Metern.<\/p>\n<p>Zu dieser Tiefe gelangen Sie am Ende der Plattform, wo der Meeresgrund abrupt um 15 Meter auf 30 Meter abf\u00e4llt und dort befindet sich dann ein sandiger Meeresboden.<\/p>\n<p><img loading=\"lazy\" decoding=\"async\" class=\"alignnone size-full wp-image-6682\" src=\"https:\/\/www.santjosep.net\/wp-content\/uploads\/2016\/03\/Barracudas-to-brochure.jpg\" alt=\"Barracudas to brochure\" width=\"964\" height=\"708\" srcset=\"https:\/\/www.santjosep.net\/wp-content\/uploads\/2016\/03\/Barracudas-to-brochure.jpg 964w, https:\/\/www.santjosep.net\/wp-content\/uploads\/2016\/03\/Barracudas-to-brochure-300x220.jpg 300w, https:\/\/www.santjosep.net\/wp-content\/uploads\/2016\/03\/Barracudas-to-brochure-768x564.jpg 768w\" sizes=\"auto, (max-width: 964px) 100vw, 964px\" \/><\/p>\n<p>Sind Sie hier erst einmal angekommen, sollten Sie augrund der Tiefe und der Distanz bald an den R\u00fcckweg denken. Wenn Sie an dieser Stelle nicht sowieso schon auf dem R\u00fcckweg sind und Ihre Pressluftflasche noch \u00fcber die H\u00e4lfte gef\u00fcllt ist, k\u00f6nnen Sie noch ein wenig weitertauchen, sollten aber bald umkehren.<\/p>\n<p>Legen Sie den Sicherheitsstopp in geringer Wassertiefe ein (ca. 5 Meter) und folgen Sie der kleinen Felswand zu Ihrer Rechten, wenn Sie in Richtung S\u00fcden tauchen.<\/p>\n<div class=\"gm-map\" style=\"position: relative;height: 200px; width: 200px;\"><iframe name=\"gm-map-1\" allowfullscreen src=\"https:\/\/www.santjosep.net\/de\/?geo_mashup_content=render-map&amp;map_data_key=9745f5461cdcc7a053f5d314f5fe2f8d&amp;lang=de&amp;zoom=11&amp;name=gm-map-1&amp;map_content=contextual&amp;error_comment=&lt;!-- Geo Mashup hat in diesem Kontext keine darzustellenden Objekte gefunden--&gt;\" style=\"position: absolute; top: 0; left: 0; width: 100%; height: 100%; border: none; overflow: hidden;\"><\/iframe><\/div>\n<p>&nbsp;<\/p>\n","protected":false},"excerpt":{"rendered":"<p>KOORDINATEN DES ANKERPLATZES: 38\u00b0 58\u2019 18,62\u2019\u2019 N | 1\u00b0 13\u2019 55,55\u2019\u2019 E MAXIMALE WASSERTIEFE: 30 M. DAUER: 45 Min. STRECKE: 500 M. SCHWIERIGKEITSGRAD: Leicht Der Tauchplatz befindet sich zwischen den Str\u00e4nden Cala Comte und Cala Bassa und ist aufgrund des [&hellip;]<\/p>\n","protected":false},"author":1,"featured_media":6674,"parent":6111,"menu_order":0,"comment_status":"closed","ping_status":"closed","template":"page-actividad.php","meta":{"_acf_changed":false,"inline_featured_image":false,"footnotes":""},"categoria_pagina":[],"class_list":["post-6694","page","type-page","status-publish","has-post-thumbnail","hentry"],"acf":[],"yoast_head":"<!-- This site is optimized with the Yoast SEO plugin v25.7 - https:\/\/yoast.com\/wordpress\/plugins\/seo\/ -->\n<title>Tauchen Route in Punta Rovira - Ibiza - Santjosep.net<\/title>\n<meta name=\"robots\" content=\"index, follow, max-snippet:-1, max-image-preview:large, max-video-preview:-1\" \/>\n<link rel=\"canonical\" href=\"https:\/\/www.santjosep.net\/de\/aktiver-tourismus\/tauchen\/punta-rovira-ibiza\/\" \/>\n<meta property=\"og:locale\" content=\"de_DE\" \/>\n<meta property=\"og:type\" content=\"article\" \/>\n<meta property=\"og:title\" content=\"Tauchen Route in Punta Rovira - Ibiza - Santjosep.net\" \/>\n<meta property=\"og:description\" content=\"KOORDINATEN DES ANKERPLATZES: 38\u00b0 58\u2019 18,62\u2019\u2019 N | 1\u00b0 13\u2019 55,55\u2019\u2019 E MAXIMALE WASSERTIEFE: 30 M. DAUER: 45 Min. STRECKE: 500 M. SCHWIERIGKEITSGRAD: Leicht Der Tauchplatz befindet sich zwischen den Str\u00e4nden Cala Comte und Cala Bassa und ist aufgrund des [&hellip;]\" \/>\n<meta property=\"og:url\" content=\"https:\/\/www.santjosep.net\/de\/aktiver-tourismus\/tauchen\/punta-rovira-ibiza\/\" \/>\n<meta property=\"og:site_name\" content=\"Santjosep.net\" \/>\n<meta property=\"article:modified_time\" content=\"2020-01-24T09:29:42+00:00\" \/>\n<meta property=\"og:image\" content=\"https:\/\/www.santjosep.net\/wp-content\/uploads\/2016\/03\/IMG_0224.jpg\" \/>\n\t<meta property=\"og:image:width\" content=\"1200\" \/>\n\t<meta property=\"og:image:height\" content=\"787\" \/>\n\t<meta property=\"og:image:type\" content=\"image\/jpeg\" \/>\n<meta name=\"twitter:card\" content=\"summary_large_image\" \/>\n<meta name=\"twitter:label1\" content=\"Gesch\u00e4tzte Lesezeit\" \/>\n\t<meta name=\"twitter:data1\" content=\"2\u00a0Minuten\" \/>\n<script type=\"application\/ld+json\" class=\"yoast-schema-graph\">{\"@context\":\"https:\/\/schema.org\",\"@graph\":[{\"@type\":\"WebPage\",\"@id\":\"https:\/\/www.santjosep.net\/de\/aktiver-tourismus\/tauchen\/punta-rovira-ibiza\/\",\"url\":\"https:\/\/www.santjosep.net\/de\/aktiver-tourismus\/tauchen\/punta-rovira-ibiza\/\",\"name\":\"Tauchen Route in Punta Rovira - Ibiza - Santjosep.net\",\"isPartOf\":{\"@id\":\"https:\/\/www.santjosep.net\/#website\"},\"primaryImageOfPage\":{\"@id\":\"https:\/\/www.santjosep.net\/de\/aktiver-tourismus\/tauchen\/punta-rovira-ibiza\/#primaryimage\"},\"image\":{\"@id\":\"https:\/\/www.santjosep.net\/de\/aktiver-tourismus\/tauchen\/punta-rovira-ibiza\/#primaryimage\"},\"thumbnailUrl\":\"https:\/\/www.santjosep.net\/wp-content\/uploads\/2016\/03\/IMG_0224.jpg\",\"datePublished\":\"2016-03-15T11:11:21+00:00\",\"dateModified\":\"2020-01-24T09:29:42+00:00\",\"breadcrumb\":{\"@id\":\"https:\/\/www.santjosep.net\/de\/aktiver-tourismus\/tauchen\/punta-rovira-ibiza\/#breadcrumb\"},\"inLanguage\":\"de\",\"potentialAction\":[{\"@type\":\"ReadAction\",\"target\":[\"https:\/\/www.santjosep.net\/de\/aktiver-tourismus\/tauchen\/punta-rovira-ibiza\/\"]}]},{\"@type\":\"ImageObject\",\"inLanguage\":\"de\",\"@id\":\"https:\/\/www.santjosep.net\/de\/aktiver-tourismus\/tauchen\/punta-rovira-ibiza\/#primaryimage\",\"url\":\"https:\/\/www.santjosep.net\/wp-content\/uploads\/2016\/03\/IMG_0224.jpg\",\"contentUrl\":\"https:\/\/www.santjosep.net\/wp-content\/uploads\/2016\/03\/IMG_0224.jpg\",\"width\":1200,\"height\":787},{\"@type\":\"BreadcrumbList\",\"@id\":\"https:\/\/www.santjosep.net\/de\/aktiver-tourismus\/tauchen\/punta-rovira-ibiza\/#breadcrumb\",\"itemListElement\":[{\"@type\":\"ListItem\",\"position\":1,\"name\":\"Aktiver Tourismus\",\"item\":\"https:\/\/www.santjosep.net\/de\/aktiver-tourismus\/\"},{\"@type\":\"ListItem\",\"position\":2,\"name\":\"Tauchen\",\"item\":\"https:\/\/www.santjosep.net\/de\/aktiver-tourismus\/tauchen\/\"},{\"@type\":\"ListItem\",\"position\":3,\"name\":\"Tauchen Route in Punta Rovira &#8211; Ibiza\"}]},{\"@type\":\"WebSite\",\"@id\":\"https:\/\/www.santjosep.net\/#website\",\"url\":\"https:\/\/www.santjosep.net\/\",\"name\":\"Santjosep.net\",\"description\":\"\",\"potentialAction\":[{\"@type\":\"SearchAction\",\"target\":{\"@type\":\"EntryPoint\",\"urlTemplate\":\"https:\/\/www.santjosep.net\/?s={search_term_string}\"},\"query-input\":{\"@type\":\"PropertyValueSpecification\",\"valueRequired\":true,\"valueName\":\"search_term_string\"}}],\"inLanguage\":\"de\"}]}<\/script>\n<!-- \/ Yoast SEO plugin. -->","yoast_head_json":{"title":"Tauchen Route in Punta Rovira - Ibiza - Santjosep.net","robots":{"index":"index","follow":"follow","max-snippet":"max-snippet:-1","max-image-preview":"max-image-preview:large","max-video-preview":"max-video-preview:-1"},"canonical":"https:\/\/www.santjosep.net\/de\/aktiver-tourismus\/tauchen\/punta-rovira-ibiza\/","og_locale":"de_DE","og_type":"article","og_title":"Tauchen Route in Punta Rovira - Ibiza - Santjosep.net","og_description":"KOORDINATEN DES ANKERPLATZES: 38\u00b0 58\u2019 18,62\u2019\u2019 N | 1\u00b0 13\u2019 55,55\u2019\u2019 E MAXIMALE WASSERTIEFE: 30 M. DAUER: 45 Min. STRECKE: 500 M. SCHWIERIGKEITSGRAD: Leicht Der Tauchplatz befindet sich zwischen den Str\u00e4nden Cala Comte und Cala Bassa und ist aufgrund des [&hellip;]","og_url":"https:\/\/www.santjosep.net\/de\/aktiver-tourismus\/tauchen\/punta-rovira-ibiza\/","og_site_name":"Santjosep.net","article_modified_time":"2020-01-24T09:29:42+00:00","og_image":[{"width":1200,"height":787,"url":"https:\/\/www.santjosep.net\/wp-content\/uploads\/2016\/03\/IMG_0224.jpg","type":"image\/jpeg"}],"twitter_card":"summary_large_image","twitter_misc":{"Gesch\u00e4tzte Lesezeit":"2\u00a0Minuten"},"schema":{"@context":"https:\/\/schema.org","@graph":[{"@type":"WebPage","@id":"https:\/\/www.santjosep.net\/de\/aktiver-tourismus\/tauchen\/punta-rovira-ibiza\/","url":"https:\/\/www.santjosep.net\/de\/aktiver-tourismus\/tauchen\/punta-rovira-ibiza\/","name":"Tauchen Route in Punta Rovira - Ibiza - Santjosep.net","isPartOf":{"@id":"https:\/\/www.santjosep.net\/#website"},"primaryImageOfPage":{"@id":"https:\/\/www.santjosep.net\/de\/aktiver-tourismus\/tauchen\/punta-rovira-ibiza\/#primaryimage"},"image":{"@id":"https:\/\/www.santjosep.net\/de\/aktiver-tourismus\/tauchen\/punta-rovira-ibiza\/#primaryimage"},"thumbnailUrl":"https:\/\/www.santjosep.net\/wp-content\/uploads\/2016\/03\/IMG_0224.jpg","datePublished":"2016-03-15T11:11:21+00:00","dateModified":"2020-01-24T09:29:42+00:00","breadcrumb":{"@id":"https:\/\/www.santjosep.net\/de\/aktiver-tourismus\/tauchen\/punta-rovira-ibiza\/#breadcrumb"},"inLanguage":"de","potentialAction":[{"@type":"ReadAction","target":["https:\/\/www.santjosep.net\/de\/aktiver-tourismus\/tauchen\/punta-rovira-ibiza\/"]}]},{"@type":"ImageObject","inLanguage":"de","@id":"https:\/\/www.santjosep.net\/de\/aktiver-tourismus\/tauchen\/punta-rovira-ibiza\/#primaryimage","url":"https:\/\/www.santjosep.net\/wp-content\/uploads\/2016\/03\/IMG_0224.jpg","contentUrl":"https:\/\/www.santjosep.net\/wp-content\/uploads\/2016\/03\/IMG_0224.jpg","width":1200,"height":787},{"@type":"BreadcrumbList","@id":"https:\/\/www.santjosep.net\/de\/aktiver-tourismus\/tauchen\/punta-rovira-ibiza\/#breadcrumb","itemListElement":[{"@type":"ListItem","position":1,"name":"Aktiver Tourismus","item":"https:\/\/www.santjosep.net\/de\/aktiver-tourismus\/"},{"@type":"ListItem","position":2,"name":"Tauchen","item":"https:\/\/www.santjosep.net\/de\/aktiver-tourismus\/tauchen\/"},{"@type":"ListItem","position":3,"name":"Tauchen Route in Punta Rovira &#8211; Ibiza"}]},{"@type":"WebSite","@id":"https:\/\/www.santjosep.net\/#website","url":"https:\/\/www.santjosep.net\/","name":"Santjosep.net","description":"","potentialAction":[{"@type":"SearchAction","target":{"@type":"EntryPoint","urlTemplate":"https:\/\/www.santjosep.net\/?s={search_term_string}"},"query-input":{"@type":"PropertyValueSpecification","valueRequired":true,"valueName":"search_term_string"}}],"inLanguage":"de"}]}},"_links":{"self":[{"href":"https:\/\/www.santjosep.net\/de\/wp-json\/wp\/v2\/pages\/6694","targetHints":{"allow":["GET"]}}],"collection":[{"href":"https:\/\/www.santjosep.net\/de\/wp-json\/wp\/v2\/pages"}],"about":[{"href":"https:\/\/www.santjosep.net\/de\/wp-json\/wp\/v2\/types\/page"}],"author":[{"embeddable":true,"href":"https:\/\/www.santjosep.net\/de\/wp-json\/wp\/v2\/users\/1"}],"replies":[{"embeddable":true,"href":"https:\/\/www.santjosep.net\/de\/wp-json\/wp\/v2\/comments?post=6694"}],"version-history":[{"count":0,"href":"https:\/\/www.santjosep.net\/de\/wp-json\/wp\/v2\/pages\/6694\/revisions"}],"up":[{"embeddable":true,"href":"https:\/\/www.santjosep.net\/de\/wp-json\/wp\/v2\/pages\/6111"}],"wp:featuredmedia":[{"embeddable":true,"href":"https:\/\/www.santjosep.net\/de\/wp-json\/wp\/v2\/media\/6674"}],"wp:attachment":[{"href":"https:\/\/www.santjosep.net\/de\/wp-json\/wp\/v2\/media?parent=6694"}],"wp:term":[{"taxonomy":"categoria_pagina","embeddable":true,"href":"https:\/\/www.santjosep.net\/de\/wp-json\/wp\/v2\/categoria_pagina?post=6694"}],"curies":[{"name":"wp","href":"https:\/\/api.w.org\/{rel}","templated":true}]}}