{"id":6669,"date":"2016-03-15T10:21:45","date_gmt":"2016-03-15T10:21:45","guid":{"rendered":"https:\/\/www.santjosep.net\/de\/sportliche-aktivitaeten\/tauchen\/ruta-submarinismo-la-bota-ibiza\/"},"modified":"2020-01-24T10:29:51","modified_gmt":"2020-01-24T09:29:51","slug":"la-bota-ibiza","status":"publish","type":"page","link":"https:\/\/www.santjosep.net\/de\/aktiver-tourismus\/tauchen\/la-bota-ibiza\/","title":{"rendered":"Tauchen Route in La Bota &#8211; Ibiza"},"content":{"rendered":"<p>KOORDINATEN DES ANKERPLATZES: 38\u00b0 52\u2019 77,70\u2019\u2019 N | 1\u00b0 10\u2019 76,00\u2019\u2019 E<br \/>\nMAXIMALE WASSERTIEFE: 40 M.<br \/>\nDAUER: 45 Min.<br \/>\nSTRECKE: 150 M.<br \/>\nSCHWIERIGKEITSGRAD: Mittel<\/p>\n<p>La Bota (dt. \u201eDer Steifel\u201c) befindet sich in unmittelbarer N\u00e4he von Es Vedra\u0300 und ist einer der sch\u00f6nsten Tauchpl\u00e4tze, die man auf Ibiza finden kann. Den Namen erhielt dieser Ort aufgrund seiner Form unter Wasser, die einem Stiefel gleicht. La Bota ist eine Untiefe, die sich fast eine Seemeile von NW in Richtung Es Vedr\u00e0 erstreckt. Sie ragt zwar nicht aus dem Meer, aber die Wassertiefe betr\u00e4gt nur rund 50 cm und da weder durch eine Boje noch durch einen Leuchtturm auf sie hingewiesen wird, sollten Sie besonders vorsichtig sein, wenn Sie sich ihr n\u00e4hern.<\/p>\n<p>Da die Str\u00f6mungen an dieser Stelle sehr stark sind, sollten Sie sich vor dem Tauchgang vergewissern, dass die Tauchbedingungen g\u00fcnstig sind. Sch\u00e4tzen Sie die Str\u00f6mungen ein, damit Sie den Tauchgang ohne Gefahr durchf\u00fchren k\u00f6nnen.<\/p>\n<p>Ankern Sie Ihr Boot im Westen der Sandbank, dies sollte sowohl am Bug als auch am Heck geschehen, damit ein Abtreiben des Bootes vermieden wird und Sie sich am Ende nicht zu nah im Flachwasser befinden.<\/p>\n<p><img loading=\"lazy\" decoding=\"async\" class=\"alignnone size-full wp-image-6658\" src=\"https:\/\/www.santjosep.net\/wp-content\/uploads\/2016\/03\/IMG_1067.jpg\" alt=\"IMG_1067\" width=\"1000\" height=\"750\" srcset=\"https:\/\/www.santjosep.net\/wp-content\/uploads\/2016\/03\/IMG_1067.jpg 1000w, https:\/\/www.santjosep.net\/wp-content\/uploads\/2016\/03\/IMG_1067-300x225.jpg 300w, https:\/\/www.santjosep.net\/wp-content\/uploads\/2016\/03\/IMG_1067-768x576.jpg 768w\" sizes=\"auto, (max-width: 1000px) 100vw, 1000px\" \/><\/p>\n<p>Tauchen Sie nur so weit ab, wie es Ihnen Ihre Erfahrung erlaubt, denn die Wassertiefe bert\u00e4gt hier ca. 70 Meter. Die Tauchstrecke verl\u00e4uft kreisf\u00f6rmig um die h\u00f6chste Stelle der Sandbank herum (am Schaft des vermeintlichen Steifels).<\/p>\n<p>Sie sollten die Strecke im Uhrzeigersinn tauchen, also Westen-Norden-Osten-S\u00fcden-Westen. Entlang der Strecke werden Sie in dem gro\u00dfen Felsengebilde nur wenige L\u00f6cher und Risse entdecken, in denen es nur so von Meereslebewesen wimmelt.<\/p>\n<p>H\u00e4ufig st\u00f6\u00dft man bei diesem Tauchgang auch auf Schw\u00e4rme von Tiefseefischen, vor allem sind hier die Mittelmeerbarrakudas verbreitet, die Ihnen auf der Tauchstrecke zum st\u00e4ndigen Begleiter werden k\u00f6nnten. Wenn Sie besonders aufmerksam in die Tiefe blicken, k\u00f6nnen Sie wom\u00f6glich auch gro\u00dfe Tiefseefische ausmachen, die aus dem tieferen Wasser auftauchen.<\/p>\n<p><img loading=\"lazy\" decoding=\"async\" class=\"alignnone size-full wp-image-6661\" src=\"https:\/\/www.santjosep.net\/wp-content\/uploads\/2016\/03\/Octopus-vulgaris-6.jpg\" alt=\"Orcasub Ibiza Octopus\" width=\"800\" height=\"600\" srcset=\"https:\/\/www.santjosep.net\/wp-content\/uploads\/2016\/03\/Octopus-vulgaris-6.jpg 800w, https:\/\/www.santjosep.net\/wp-content\/uploads\/2016\/03\/Octopus-vulgaris-6-300x225.jpg 300w, https:\/\/www.santjosep.net\/wp-content\/uploads\/2016\/03\/Octopus-vulgaris-6-768x576.jpg 768w\" sizes=\"auto, (max-width: 800px) 100vw, 800px\" \/><\/p>\n<p>Tauchen Sie die Strecke weiter, dann werden Sie nach 30 Metern auf die erste Felsplattform sto\u00dfen (dies w\u00e4re der Spann des Stiefels). Hier sind auf dem Meeresboden gr\u00f6\u00dfere und kleinere Felsen verstreut. In diesen Formationen k\u00f6nnen Sie das ein oder andere sog. benthische Lebewesen entdecken, die die Vertiefungen in den Felsen als Zufluchts- oder Jagdplatz nutzen, denn in geringerer Wassertiefe kommen diese Felsen nicht mehr so h\u00e4ufig vor.<\/p>\n<p>Die Plattform f\u00fchrt Sie wieder zu Ihrem Ausgangspunkt und je nach Pressluftvorrat k\u00f6nnen Sie sich hier f\u00fcr eine zweite Umrundung in geringerer Wassertiefe entscheiden oder nach dem Sicherheitsstopp wieder auftauchen.<\/p>\n<div class=\"gm-map\" style=\"position: relative;height: 200px; width: 200px;\"><iframe name=\"gm-map-1\" allowfullscreen src=\"https:\/\/www.santjosep.net\/de\/?geo_mashup_content=render-map&amp;map_data_key=9745f5461cdcc7a053f5d314f5fe2f8d&amp;lang=de&amp;zoom=11&amp;name=gm-map-1&amp;map_content=contextual&amp;error_comment=&lt;!-- Geo Mashup hat in diesem Kontext keine darzustellenden Objekte gefunden--&gt;\" style=\"position: absolute; top: 0; left: 0; width: 100%; height: 100%; border: none; overflow: hidden;\"><\/iframe><\/div>\n","protected":false},"excerpt":{"rendered":"<p>KOORDINATEN DES ANKERPLATZES: 38\u00b0 52\u2019 77,70\u2019\u2019 N | 1\u00b0 10\u2019 76,00\u2019\u2019 E MAXIMALE WASSERTIEFE: 40 M. DAUER: 45 Min. STRECKE: 150 M. SCHWIERIGKEITSGRAD: Mittel La Bota (dt. \u201eDer Steifel\u201c) befindet sich in unmittelbarer N\u00e4he von Es Vedra\u0300 und ist einer [&hellip;]<\/p>\n","protected":false},"author":1,"featured_media":6656,"parent":6111,"menu_order":0,"comment_status":"closed","ping_status":"closed","template":"page-actividad.php","meta":{"_acf_changed":false,"inline_featured_image":false,"footnotes":""},"categoria_pagina":[],"class_list":["post-6669","page","type-page","status-publish","has-post-thumbnail","hentry"],"acf":[],"yoast_head":"<!-- This site is optimized with the Yoast SEO plugin v25.7 - https:\/\/yoast.com\/wordpress\/plugins\/seo\/ -->\n<title>Tauchen Route in La Bota - Ibiza - Santjosep.net<\/title>\n<meta name=\"robots\" content=\"index, follow, max-snippet:-1, max-image-preview:large, max-video-preview:-1\" \/>\n<link rel=\"canonical\" href=\"https:\/\/www.santjosep.net\/de\/aktiver-tourismus\/tauchen\/la-bota-ibiza\/\" \/>\n<meta property=\"og:locale\" content=\"de_DE\" \/>\n<meta property=\"og:type\" content=\"article\" \/>\n<meta property=\"og:title\" content=\"Tauchen Route in La Bota - Ibiza - Santjosep.net\" \/>\n<meta property=\"og:description\" content=\"KOORDINATEN DES ANKERPLATZES: 38\u00b0 52\u2019 77,70\u2019\u2019 N | 1\u00b0 10\u2019 76,00\u2019\u2019 E MAXIMALE WASSERTIEFE: 40 M. DAUER: 45 Min. STRECKE: 150 M. SCHWIERIGKEITSGRAD: Mittel La Bota (dt. \u201eDer Steifel\u201c) befindet sich in unmittelbarer N\u00e4he von Es Vedra\u0300 und ist einer [&hellip;]\" \/>\n<meta property=\"og:url\" content=\"https:\/\/www.santjosep.net\/de\/aktiver-tourismus\/tauchen\/la-bota-ibiza\/\" \/>\n<meta property=\"og:site_name\" content=\"Santjosep.net\" \/>\n<meta property=\"article:modified_time\" content=\"2020-01-24T09:29:51+00:00\" \/>\n<meta property=\"og:image\" content=\"https:\/\/www.santjosep.net\/wp-content\/uploads\/2016\/03\/IMG_1898-1.jpg\" \/>\n\t<meta property=\"og:image:width\" content=\"1200\" \/>\n\t<meta property=\"og:image:height\" content=\"800\" \/>\n\t<meta property=\"og:image:type\" content=\"image\/jpeg\" \/>\n<meta name=\"twitter:card\" content=\"summary_large_image\" \/>\n<meta name=\"twitter:label1\" content=\"Gesch\u00e4tzte Lesezeit\" \/>\n\t<meta name=\"twitter:data1\" content=\"2\u00a0Minuten\" \/>\n<script type=\"application\/ld+json\" class=\"yoast-schema-graph\">{\"@context\":\"https:\/\/schema.org\",\"@graph\":[{\"@type\":\"WebPage\",\"@id\":\"https:\/\/www.santjosep.net\/de\/aktiver-tourismus\/tauchen\/la-bota-ibiza\/\",\"url\":\"https:\/\/www.santjosep.net\/de\/aktiver-tourismus\/tauchen\/la-bota-ibiza\/\",\"name\":\"Tauchen Route in La Bota - Ibiza - Santjosep.net\",\"isPartOf\":{\"@id\":\"https:\/\/www.santjosep.net\/#website\"},\"primaryImageOfPage\":{\"@id\":\"https:\/\/www.santjosep.net\/de\/aktiver-tourismus\/tauchen\/la-bota-ibiza\/#primaryimage\"},\"image\":{\"@id\":\"https:\/\/www.santjosep.net\/de\/aktiver-tourismus\/tauchen\/la-bota-ibiza\/#primaryimage\"},\"thumbnailUrl\":\"https:\/\/www.santjosep.net\/wp-content\/uploads\/2016\/03\/IMG_1898-1.jpg\",\"datePublished\":\"2016-03-15T10:21:45+00:00\",\"dateModified\":\"2020-01-24T09:29:51+00:00\",\"breadcrumb\":{\"@id\":\"https:\/\/www.santjosep.net\/de\/aktiver-tourismus\/tauchen\/la-bota-ibiza\/#breadcrumb\"},\"inLanguage\":\"de\",\"potentialAction\":[{\"@type\":\"ReadAction\",\"target\":[\"https:\/\/www.santjosep.net\/de\/aktiver-tourismus\/tauchen\/la-bota-ibiza\/\"]}]},{\"@type\":\"ImageObject\",\"inLanguage\":\"de\",\"@id\":\"https:\/\/www.santjosep.net\/de\/aktiver-tourismus\/tauchen\/la-bota-ibiza\/#primaryimage\",\"url\":\"https:\/\/www.santjosep.net\/wp-content\/uploads\/2016\/03\/IMG_1898-1.jpg\",\"contentUrl\":\"https:\/\/www.santjosep.net\/wp-content\/uploads\/2016\/03\/IMG_1898-1.jpg\",\"width\":1200,\"height\":800},{\"@type\":\"BreadcrumbList\",\"@id\":\"https:\/\/www.santjosep.net\/de\/aktiver-tourismus\/tauchen\/la-bota-ibiza\/#breadcrumb\",\"itemListElement\":[{\"@type\":\"ListItem\",\"position\":1,\"name\":\"Aktiver Tourismus\",\"item\":\"https:\/\/www.santjosep.net\/de\/aktiver-tourismus\/\"},{\"@type\":\"ListItem\",\"position\":2,\"name\":\"Tauchen\",\"item\":\"https:\/\/www.santjosep.net\/de\/aktiver-tourismus\/tauchen\/\"},{\"@type\":\"ListItem\",\"position\":3,\"name\":\"Tauchen Route in La Bota &#8211; Ibiza\"}]},{\"@type\":\"WebSite\",\"@id\":\"https:\/\/www.santjosep.net\/#website\",\"url\":\"https:\/\/www.santjosep.net\/\",\"name\":\"Santjosep.net\",\"description\":\"\",\"potentialAction\":[{\"@type\":\"SearchAction\",\"target\":{\"@type\":\"EntryPoint\",\"urlTemplate\":\"https:\/\/www.santjosep.net\/?s={search_term_string}\"},\"query-input\":{\"@type\":\"PropertyValueSpecification\",\"valueRequired\":true,\"valueName\":\"search_term_string\"}}],\"inLanguage\":\"de\"}]}<\/script>\n<!-- \/ Yoast SEO plugin. -->","yoast_head_json":{"title":"Tauchen Route in La Bota - Ibiza - Santjosep.net","robots":{"index":"index","follow":"follow","max-snippet":"max-snippet:-1","max-image-preview":"max-image-preview:large","max-video-preview":"max-video-preview:-1"},"canonical":"https:\/\/www.santjosep.net\/de\/aktiver-tourismus\/tauchen\/la-bota-ibiza\/","og_locale":"de_DE","og_type":"article","og_title":"Tauchen Route in La Bota - Ibiza - Santjosep.net","og_description":"KOORDINATEN DES ANKERPLATZES: 38\u00b0 52\u2019 77,70\u2019\u2019 N | 1\u00b0 10\u2019 76,00\u2019\u2019 E MAXIMALE WASSERTIEFE: 40 M. DAUER: 45 Min. STRECKE: 150 M. SCHWIERIGKEITSGRAD: Mittel La Bota (dt. \u201eDer Steifel\u201c) befindet sich in unmittelbarer N\u00e4he von Es Vedra\u0300 und ist einer [&hellip;]","og_url":"https:\/\/www.santjosep.net\/de\/aktiver-tourismus\/tauchen\/la-bota-ibiza\/","og_site_name":"Santjosep.net","article_modified_time":"2020-01-24T09:29:51+00:00","og_image":[{"width":1200,"height":800,"url":"https:\/\/www.santjosep.net\/wp-content\/uploads\/2016\/03\/IMG_1898-1.jpg","type":"image\/jpeg"}],"twitter_card":"summary_large_image","twitter_misc":{"Gesch\u00e4tzte Lesezeit":"2\u00a0Minuten"},"schema":{"@context":"https:\/\/schema.org","@graph":[{"@type":"WebPage","@id":"https:\/\/www.santjosep.net\/de\/aktiver-tourismus\/tauchen\/la-bota-ibiza\/","url":"https:\/\/www.santjosep.net\/de\/aktiver-tourismus\/tauchen\/la-bota-ibiza\/","name":"Tauchen Route in La Bota - Ibiza - Santjosep.net","isPartOf":{"@id":"https:\/\/www.santjosep.net\/#website"},"primaryImageOfPage":{"@id":"https:\/\/www.santjosep.net\/de\/aktiver-tourismus\/tauchen\/la-bota-ibiza\/#primaryimage"},"image":{"@id":"https:\/\/www.santjosep.net\/de\/aktiver-tourismus\/tauchen\/la-bota-ibiza\/#primaryimage"},"thumbnailUrl":"https:\/\/www.santjosep.net\/wp-content\/uploads\/2016\/03\/IMG_1898-1.jpg","datePublished":"2016-03-15T10:21:45+00:00","dateModified":"2020-01-24T09:29:51+00:00","breadcrumb":{"@id":"https:\/\/www.santjosep.net\/de\/aktiver-tourismus\/tauchen\/la-bota-ibiza\/#breadcrumb"},"inLanguage":"de","potentialAction":[{"@type":"ReadAction","target":["https:\/\/www.santjosep.net\/de\/aktiver-tourismus\/tauchen\/la-bota-ibiza\/"]}]},{"@type":"ImageObject","inLanguage":"de","@id":"https:\/\/www.santjosep.net\/de\/aktiver-tourismus\/tauchen\/la-bota-ibiza\/#primaryimage","url":"https:\/\/www.santjosep.net\/wp-content\/uploads\/2016\/03\/IMG_1898-1.jpg","contentUrl":"https:\/\/www.santjosep.net\/wp-content\/uploads\/2016\/03\/IMG_1898-1.jpg","width":1200,"height":800},{"@type":"BreadcrumbList","@id":"https:\/\/www.santjosep.net\/de\/aktiver-tourismus\/tauchen\/la-bota-ibiza\/#breadcrumb","itemListElement":[{"@type":"ListItem","position":1,"name":"Aktiver Tourismus","item":"https:\/\/www.santjosep.net\/de\/aktiver-tourismus\/"},{"@type":"ListItem","position":2,"name":"Tauchen","item":"https:\/\/www.santjosep.net\/de\/aktiver-tourismus\/tauchen\/"},{"@type":"ListItem","position":3,"name":"Tauchen Route in La Bota &#8211; Ibiza"}]},{"@type":"WebSite","@id":"https:\/\/www.santjosep.net\/#website","url":"https:\/\/www.santjosep.net\/","name":"Santjosep.net","description":"","potentialAction":[{"@type":"SearchAction","target":{"@type":"EntryPoint","urlTemplate":"https:\/\/www.santjosep.net\/?s={search_term_string}"},"query-input":{"@type":"PropertyValueSpecification","valueRequired":true,"valueName":"search_term_string"}}],"inLanguage":"de"}]}},"_links":{"self":[{"href":"https:\/\/www.santjosep.net\/de\/wp-json\/wp\/v2\/pages\/6669","targetHints":{"allow":["GET"]}}],"collection":[{"href":"https:\/\/www.santjosep.net\/de\/wp-json\/wp\/v2\/pages"}],"about":[{"href":"https:\/\/www.santjosep.net\/de\/wp-json\/wp\/v2\/types\/page"}],"author":[{"embeddable":true,"href":"https:\/\/www.santjosep.net\/de\/wp-json\/wp\/v2\/users\/1"}],"replies":[{"embeddable":true,"href":"https:\/\/www.santjosep.net\/de\/wp-json\/wp\/v2\/comments?post=6669"}],"version-history":[{"count":0,"href":"https:\/\/www.santjosep.net\/de\/wp-json\/wp\/v2\/pages\/6669\/revisions"}],"up":[{"embeddable":true,"href":"https:\/\/www.santjosep.net\/de\/wp-json\/wp\/v2\/pages\/6111"}],"wp:featuredmedia":[{"embeddable":true,"href":"https:\/\/www.santjosep.net\/de\/wp-json\/wp\/v2\/media\/6656"}],"wp:attachment":[{"href":"https:\/\/www.santjosep.net\/de\/wp-json\/wp\/v2\/media?parent=6669"}],"wp:term":[{"taxonomy":"categoria_pagina","embeddable":true,"href":"https:\/\/www.santjosep.net\/de\/wp-json\/wp\/v2\/categoria_pagina?post=6669"}],"curies":[{"name":"wp","href":"https:\/\/api.w.org\/{rel}","templated":true}]}}