{"id":6650,"date":"2016-02-14T15:03:17","date_gmt":"2016-02-14T15:03:17","guid":{"rendered":"https:\/\/www.santjosep.net\/de\/sportliche-aktivitaeten\/tauchen\/ruta-submarinismo-islas-ses-bledes-ibiza\/"},"modified":"2020-01-24T10:29:24","modified_gmt":"2020-01-24T09:29:24","slug":"ses-bledes-ibiza","status":"publish","type":"page","link":"https:\/\/www.santjosep.net\/de\/aktiver-tourismus\/tauchen\/ses-bledes-ibiza\/","title":{"rendered":"Tauchen Route in Islas Ses Bledes \/ Las Gorgonia &#8211; Ibiza"},"content":{"rendered":"<p>KOORDINATEN DES ANKERPLATZES: 38\u00b0 58\u2019 08,18\u2019\u2019 N | 1\u00b0 09\u2019 56,79\u2019\u2019 E<br \/>\nMAXIMALE WASSERTIEFE: 40 M.<br \/>\nDAUER: 45 Min.<br \/>\nSTRECKE: 200 M.<br \/>\nSCHWIERIGKEITSGRAD: Schwer<\/p>\n<p>Die Felseninseln des Naturparks Cala d\u2019Hort, die am weitesten im Westen liegen, hei\u00dfen Ses Bledes. Diese sieben Inseln bieten Ihnen unendlich viele M\u00f6glichkeiten f\u00fcr eigenst\u00e4ndige Tauchg\u00e4nge. Unter den vielen Tauchpl\u00e4tzen sticht vor allem einer hervor: die roten Hornkorallen.<\/p>\n<p><img loading=\"lazy\" decoding=\"async\" class=\"alignnone size-large wp-image-5820\" src=\"https:\/\/www.santjosep.net\/wp-content\/uploads\/2016\/03\/P1010115-1024x768.jpg\" alt=\"P1010115\" width=\"1024\" height=\"768\" srcset=\"https:\/\/www.santjosep.net\/wp-content\/uploads\/2016\/03\/P1010115-1024x768.jpg 1024w, https:\/\/www.santjosep.net\/wp-content\/uploads\/2016\/03\/P1010115-300x225.jpg 300w, https:\/\/www.santjosep.net\/wp-content\/uploads\/2016\/03\/P1010115-768x576.jpg 768w, https:\/\/www.santjosep.net\/wp-content\/uploads\/2016\/03\/P1010115.jpg 1200w\" sizes=\"auto, (max-width: 1024px) 100vw, 1024px\" \/><\/p>\n<p>Auf der Westseite der Insel Sa Gorra und gleich neben einem kleinen Kanal, der die Insel von der n\u00e4chstgelegenen Felseninsel trennt, befindet sich einer der sch\u00f6nsten Tauchpl\u00e4tze der ganzen Insel. Aufgrund der Tiefe, in der sich die roten Hornkorallen befinden und ihrer Ansiedlung an einer senkrechten Felswand, ist dieser Tauchgang nur f\u00fcr sehr erfahrene Taucher gedacht.<\/p>\n<p>Ankern Sie Ihr Boot zwischen dem Kanal, der die Inseln voneinander trennt und der Westseite der kleinsten Felseninsel. An dieser gesch\u00fctzten Stelle betr\u00e4gt die Wassertiefe nicht mehr als 10 Meter. Aus Sicherheitsgr\u00fcnden empfiehlt es sich, das Boot an Bug und Heck festzumachen, da schon eine geringe \u00c4nderung der Windrichtung das Boot gef\u00e4hrlich nah an die K\u00fcste treiben kann.<\/p>\n<p><img loading=\"lazy\" decoding=\"async\" class=\"alignnone size-large wp-image-6637\" src=\"https:\/\/www.santjosep.net\/wp-content\/uploads\/2016\/03\/Camera-clear010108-065-1024x768.jpg\" alt=\"Camera clear010108 065\" width=\"1024\" height=\"768\" srcset=\"https:\/\/www.santjosep.net\/wp-content\/uploads\/2016\/03\/Camera-clear010108-065-1024x768.jpg 1024w, https:\/\/www.santjosep.net\/wp-content\/uploads\/2016\/03\/Camera-clear010108-065-300x225.jpg 300w, https:\/\/www.santjosep.net\/wp-content\/uploads\/2016\/03\/Camera-clear010108-065-768x576.jpg 768w, https:\/\/www.santjosep.net\/wp-content\/uploads\/2016\/03\/Camera-clear010108-065.jpg 1200w\" sizes=\"auto, (max-width: 1024px) 100vw, 1024px\" \/><\/p>\n<p>Der Tauchgang beginnt in Richtung Norden, somit befindet sich auf der gesamten Strecke die Steilwand zu Ihrer Rechten, die senkrecht bis 60 Meter Tiefe abf\u00e4llt. Sobald Sie sich von dem Ankerort entfernen, nimmt die Wassertiefe schlagartig zu, Sie sollten sich jedoch auf einer Tiefe zwischen 30 und 40 Metern halten. Dies gen\u00fcgt, um das Farbspektakel, das Ihnen die roten Hornkorallen pr\u00e4sentieren, zu bewundern.<\/p>\n<p>Da es sich bei den Korallen um sessile Organismen handelt, d\u00fcrfen Sie niemals in Ber\u00fchrung mit den Hornkorallen kommen, denn schon ein kleiner Sto\u00df kann die empfindlichen Ver\u00e4stelungen der Pflanze abbrechen.<\/p>\n<p><img loading=\"lazy\" decoding=\"async\" class=\"alignnone size-large wp-image-6640\" src=\"https:\/\/www.santjosep.net\/wp-content\/uploads\/2016\/03\/Gorgonia-roja-1024x768.jpg\" alt=\"Gorgonia roja\" width=\"1024\" height=\"768\" srcset=\"https:\/\/www.santjosep.net\/wp-content\/uploads\/2016\/03\/Gorgonia-roja-1024x768.jpg 1024w, https:\/\/www.santjosep.net\/wp-content\/uploads\/2016\/03\/Gorgonia-roja-300x225.jpg 300w, https:\/\/www.santjosep.net\/wp-content\/uploads\/2016\/03\/Gorgonia-roja-768x576.jpg 768w, https:\/\/www.santjosep.net\/wp-content\/uploads\/2016\/03\/Gorgonia-roja.jpg 1200w\" sizes=\"auto, (max-width: 1024px) 100vw, 1024px\" \/><\/p>\n<p>Das k\u00fcnstliche Licht unserer Taschenlampe wird die r\u00f6tlichen Farben zum Leuchten bringen, die sonst in der dunklen Meerestiefe verborgen bleiben.<\/p>\n<p>Wenn Sie die Spalten und Vertiefungen der Felswand einmal genauer unter die Lupe nehmen, k\u00f6nnen Sie Zackenbarsche, Zwergdorsche, Mur\u00e4nen und unendlich viele andere Fische entdecken, die diesen Lebensraum als nat\u00fcrlichen Zufluchtsort nutzen. Mit ein bisschen Gl\u00fcck sto\u00dfen Sie vielleicht auch auf einige Langusten, die in dieser Wassertiefe gew\u00f6hnlich anzufinden sind.<\/p>\n<p>Auf dem R\u00fcckweg k\u00f6nnen Sie entweder die Umrundung der Felseninseln vollenden oder dieselbe Strecke in geringerer Tiefe zur\u00fccktauchen. Unabh\u00e4ngig davon, f\u00fcr welchen Weg Sie sich entscheiden, sollte die Wassertiefe ber\u00fccksichtigt werden, in der Sie getaucht sind, und unbedingt im flachen Wasser zum Boot zur\u00fccktauchen.<\/p>\n<p>Zu Ihrer eigenen Sicherheit sollten Sie aufgrund der Tiefe des Tauchgangs im vornherein eine zweite Pressluftflasche am Seil Ihres Sicherheitsstopps befestigen, damit es nicht zu einer unerwarteten Pressluftknappheit kommt.<\/p>\n<div class=\"gm-map\" style=\"position: relative;height: 200px; width: 200px;\"><iframe name=\"gm-map-1\" allowfullscreen src=\"https:\/\/www.santjosep.net\/de\/?geo_mashup_content=render-map&amp;map_data_key=9745f5461cdcc7a053f5d314f5fe2f8d&amp;lang=de&amp;zoom=11&amp;name=gm-map-1&amp;map_content=contextual&amp;error_comment=&lt;!-- Geo Mashup hat in diesem Kontext keine darzustellenden Objekte gefunden--&gt;\" style=\"position: absolute; top: 0; left: 0; width: 100%; height: 100%; border: none; overflow: hidden;\"><\/iframe><\/div>\n","protected":false},"excerpt":{"rendered":"<p>KOORDINATEN DES ANKERPLATZES: 38\u00b0 58\u2019 08,18\u2019\u2019 N | 1\u00b0 09\u2019 56,79\u2019\u2019 E MAXIMALE WASSERTIEFE: 40 M. DAUER: 45 Min. STRECKE: 200 M. SCHWIERIGKEITSGRAD: Schwer Die Felseninseln des Naturparks Cala d\u2019Hort, die am weitesten im Westen liegen, hei\u00dfen Ses Bledes. Diese [&hellip;]<\/p>\n","protected":false},"author":1,"featured_media":13372,"parent":6111,"menu_order":0,"comment_status":"closed","ping_status":"closed","template":"page-actividad.php","meta":{"_acf_changed":false,"inline_featured_image":false,"footnotes":""},"categoria_pagina":[],"class_list":["post-6650","page","type-page","status-publish","has-post-thumbnail","hentry"],"acf":[],"yoast_head":"<!-- This site is optimized with the Yoast SEO plugin v25.7 - https:\/\/yoast.com\/wordpress\/plugins\/seo\/ -->\n<title>Tauchen Route in Islas Ses Bledes \/ Las Gorgonia - Ibiza - Santjosep.net<\/title>\n<meta name=\"robots\" content=\"index, follow, max-snippet:-1, max-image-preview:large, max-video-preview:-1\" \/>\n<link rel=\"canonical\" href=\"https:\/\/www.santjosep.net\/de\/aktiver-tourismus\/tauchen\/ses-bledes-ibiza\/\" \/>\n<meta property=\"og:locale\" content=\"de_DE\" \/>\n<meta property=\"og:type\" content=\"article\" \/>\n<meta property=\"og:title\" content=\"Tauchen Route in Islas Ses Bledes \/ Las Gorgonia - Ibiza - Santjosep.net\" \/>\n<meta property=\"og:description\" content=\"KOORDINATEN DES ANKERPLATZES: 38\u00b0 58\u2019 08,18\u2019\u2019 N | 1\u00b0 09\u2019 56,79\u2019\u2019 E MAXIMALE WASSERTIEFE: 40 M. DAUER: 45 Min. STRECKE: 200 M. SCHWIERIGKEITSGRAD: Schwer Die Felseninseln des Naturparks Cala d\u2019Hort, die am weitesten im Westen liegen, hei\u00dfen Ses Bledes. Diese [&hellip;]\" \/>\n<meta property=\"og:url\" content=\"https:\/\/www.santjosep.net\/de\/aktiver-tourismus\/tauchen\/ses-bledes-ibiza\/\" \/>\n<meta property=\"og:site_name\" content=\"Santjosep.net\" \/>\n<meta property=\"article:modified_time\" content=\"2020-01-24T09:29:24+00:00\" \/>\n<meta property=\"og:image\" content=\"https:\/\/www.santjosep.net\/wp-content\/uploads\/2018\/10\/P1010124-1.jpg\" \/>\n\t<meta property=\"og:image:width\" content=\"768\" \/>\n\t<meta property=\"og:image:height\" content=\"512\" \/>\n\t<meta property=\"og:image:type\" content=\"image\/jpeg\" \/>\n<meta name=\"twitter:card\" content=\"summary_large_image\" \/>\n<meta name=\"twitter:label1\" content=\"Gesch\u00e4tzte Lesezeit\" \/>\n\t<meta name=\"twitter:data1\" content=\"2\u00a0Minuten\" \/>\n<script type=\"application\/ld+json\" class=\"yoast-schema-graph\">{\"@context\":\"https:\/\/schema.org\",\"@graph\":[{\"@type\":\"WebPage\",\"@id\":\"https:\/\/www.santjosep.net\/de\/aktiver-tourismus\/tauchen\/ses-bledes-ibiza\/\",\"url\":\"https:\/\/www.santjosep.net\/de\/aktiver-tourismus\/tauchen\/ses-bledes-ibiza\/\",\"name\":\"Tauchen Route in Islas Ses Bledes \/ Las Gorgonia - Ibiza - Santjosep.net\",\"isPartOf\":{\"@id\":\"https:\/\/www.santjosep.net\/#website\"},\"primaryImageOfPage\":{\"@id\":\"https:\/\/www.santjosep.net\/de\/aktiver-tourismus\/tauchen\/ses-bledes-ibiza\/#primaryimage\"},\"image\":{\"@id\":\"https:\/\/www.santjosep.net\/de\/aktiver-tourismus\/tauchen\/ses-bledes-ibiza\/#primaryimage\"},\"thumbnailUrl\":\"https:\/\/www.santjosep.net\/wp-content\/uploads\/2018\/10\/P1010124-1.jpg\",\"datePublished\":\"2016-02-14T15:03:17+00:00\",\"dateModified\":\"2020-01-24T09:29:24+00:00\",\"breadcrumb\":{\"@id\":\"https:\/\/www.santjosep.net\/de\/aktiver-tourismus\/tauchen\/ses-bledes-ibiza\/#breadcrumb\"},\"inLanguage\":\"de\",\"potentialAction\":[{\"@type\":\"ReadAction\",\"target\":[\"https:\/\/www.santjosep.net\/de\/aktiver-tourismus\/tauchen\/ses-bledes-ibiza\/\"]}]},{\"@type\":\"ImageObject\",\"inLanguage\":\"de\",\"@id\":\"https:\/\/www.santjosep.net\/de\/aktiver-tourismus\/tauchen\/ses-bledes-ibiza\/#primaryimage\",\"url\":\"https:\/\/www.santjosep.net\/wp-content\/uploads\/2018\/10\/P1010124-1.jpg\",\"contentUrl\":\"https:\/\/www.santjosep.net\/wp-content\/uploads\/2018\/10\/P1010124-1.jpg\",\"width\":768,\"height\":512},{\"@type\":\"BreadcrumbList\",\"@id\":\"https:\/\/www.santjosep.net\/de\/aktiver-tourismus\/tauchen\/ses-bledes-ibiza\/#breadcrumb\",\"itemListElement\":[{\"@type\":\"ListItem\",\"position\":1,\"name\":\"Aktiver Tourismus\",\"item\":\"https:\/\/www.santjosep.net\/de\/aktiver-tourismus\/\"},{\"@type\":\"ListItem\",\"position\":2,\"name\":\"Tauchen\",\"item\":\"https:\/\/www.santjosep.net\/de\/aktiver-tourismus\/tauchen\/\"},{\"@type\":\"ListItem\",\"position\":3,\"name\":\"Tauchen Route in Islas Ses Bledes \/ Las Gorgonia &#8211; Ibiza\"}]},{\"@type\":\"WebSite\",\"@id\":\"https:\/\/www.santjosep.net\/#website\",\"url\":\"https:\/\/www.santjosep.net\/\",\"name\":\"Santjosep.net\",\"description\":\"\",\"potentialAction\":[{\"@type\":\"SearchAction\",\"target\":{\"@type\":\"EntryPoint\",\"urlTemplate\":\"https:\/\/www.santjosep.net\/?s={search_term_string}\"},\"query-input\":{\"@type\":\"PropertyValueSpecification\",\"valueRequired\":true,\"valueName\":\"search_term_string\"}}],\"inLanguage\":\"de\"}]}<\/script>\n<!-- \/ Yoast SEO plugin. -->","yoast_head_json":{"title":"Tauchen Route in Islas Ses Bledes \/ Las Gorgonia - Ibiza - Santjosep.net","robots":{"index":"index","follow":"follow","max-snippet":"max-snippet:-1","max-image-preview":"max-image-preview:large","max-video-preview":"max-video-preview:-1"},"canonical":"https:\/\/www.santjosep.net\/de\/aktiver-tourismus\/tauchen\/ses-bledes-ibiza\/","og_locale":"de_DE","og_type":"article","og_title":"Tauchen Route in Islas Ses Bledes \/ Las Gorgonia - Ibiza - Santjosep.net","og_description":"KOORDINATEN DES ANKERPLATZES: 38\u00b0 58\u2019 08,18\u2019\u2019 N | 1\u00b0 09\u2019 56,79\u2019\u2019 E MAXIMALE WASSERTIEFE: 40 M. DAUER: 45 Min. STRECKE: 200 M. SCHWIERIGKEITSGRAD: Schwer Die Felseninseln des Naturparks Cala d\u2019Hort, die am weitesten im Westen liegen, hei\u00dfen Ses Bledes. Diese [&hellip;]","og_url":"https:\/\/www.santjosep.net\/de\/aktiver-tourismus\/tauchen\/ses-bledes-ibiza\/","og_site_name":"Santjosep.net","article_modified_time":"2020-01-24T09:29:24+00:00","og_image":[{"width":768,"height":512,"url":"https:\/\/www.santjosep.net\/wp-content\/uploads\/2018\/10\/P1010124-1.jpg","type":"image\/jpeg"}],"twitter_card":"summary_large_image","twitter_misc":{"Gesch\u00e4tzte Lesezeit":"2\u00a0Minuten"},"schema":{"@context":"https:\/\/schema.org","@graph":[{"@type":"WebPage","@id":"https:\/\/www.santjosep.net\/de\/aktiver-tourismus\/tauchen\/ses-bledes-ibiza\/","url":"https:\/\/www.santjosep.net\/de\/aktiver-tourismus\/tauchen\/ses-bledes-ibiza\/","name":"Tauchen Route in Islas Ses Bledes \/ Las Gorgonia - Ibiza - Santjosep.net","isPartOf":{"@id":"https:\/\/www.santjosep.net\/#website"},"primaryImageOfPage":{"@id":"https:\/\/www.santjosep.net\/de\/aktiver-tourismus\/tauchen\/ses-bledes-ibiza\/#primaryimage"},"image":{"@id":"https:\/\/www.santjosep.net\/de\/aktiver-tourismus\/tauchen\/ses-bledes-ibiza\/#primaryimage"},"thumbnailUrl":"https:\/\/www.santjosep.net\/wp-content\/uploads\/2018\/10\/P1010124-1.jpg","datePublished":"2016-02-14T15:03:17+00:00","dateModified":"2020-01-24T09:29:24+00:00","breadcrumb":{"@id":"https:\/\/www.santjosep.net\/de\/aktiver-tourismus\/tauchen\/ses-bledes-ibiza\/#breadcrumb"},"inLanguage":"de","potentialAction":[{"@type":"ReadAction","target":["https:\/\/www.santjosep.net\/de\/aktiver-tourismus\/tauchen\/ses-bledes-ibiza\/"]}]},{"@type":"ImageObject","inLanguage":"de","@id":"https:\/\/www.santjosep.net\/de\/aktiver-tourismus\/tauchen\/ses-bledes-ibiza\/#primaryimage","url":"https:\/\/www.santjosep.net\/wp-content\/uploads\/2018\/10\/P1010124-1.jpg","contentUrl":"https:\/\/www.santjosep.net\/wp-content\/uploads\/2018\/10\/P1010124-1.jpg","width":768,"height":512},{"@type":"BreadcrumbList","@id":"https:\/\/www.santjosep.net\/de\/aktiver-tourismus\/tauchen\/ses-bledes-ibiza\/#breadcrumb","itemListElement":[{"@type":"ListItem","position":1,"name":"Aktiver Tourismus","item":"https:\/\/www.santjosep.net\/de\/aktiver-tourismus\/"},{"@type":"ListItem","position":2,"name":"Tauchen","item":"https:\/\/www.santjosep.net\/de\/aktiver-tourismus\/tauchen\/"},{"@type":"ListItem","position":3,"name":"Tauchen Route in Islas Ses Bledes \/ Las Gorgonia &#8211; Ibiza"}]},{"@type":"WebSite","@id":"https:\/\/www.santjosep.net\/#website","url":"https:\/\/www.santjosep.net\/","name":"Santjosep.net","description":"","potentialAction":[{"@type":"SearchAction","target":{"@type":"EntryPoint","urlTemplate":"https:\/\/www.santjosep.net\/?s={search_term_string}"},"query-input":{"@type":"PropertyValueSpecification","valueRequired":true,"valueName":"search_term_string"}}],"inLanguage":"de"}]}},"_links":{"self":[{"href":"https:\/\/www.santjosep.net\/de\/wp-json\/wp\/v2\/pages\/6650","targetHints":{"allow":["GET"]}}],"collection":[{"href":"https:\/\/www.santjosep.net\/de\/wp-json\/wp\/v2\/pages"}],"about":[{"href":"https:\/\/www.santjosep.net\/de\/wp-json\/wp\/v2\/types\/page"}],"author":[{"embeddable":true,"href":"https:\/\/www.santjosep.net\/de\/wp-json\/wp\/v2\/users\/1"}],"replies":[{"embeddable":true,"href":"https:\/\/www.santjosep.net\/de\/wp-json\/wp\/v2\/comments?post=6650"}],"version-history":[{"count":0,"href":"https:\/\/www.santjosep.net\/de\/wp-json\/wp\/v2\/pages\/6650\/revisions"}],"up":[{"embeddable":true,"href":"https:\/\/www.santjosep.net\/de\/wp-json\/wp\/v2\/pages\/6111"}],"wp:featuredmedia":[{"embeddable":true,"href":"https:\/\/www.santjosep.net\/de\/wp-json\/wp\/v2\/media\/13372"}],"wp:attachment":[{"href":"https:\/\/www.santjosep.net\/de\/wp-json\/wp\/v2\/media?parent=6650"}],"wp:term":[{"taxonomy":"categoria_pagina","embeddable":true,"href":"https:\/\/www.santjosep.net\/de\/wp-json\/wp\/v2\/categoria_pagina?post=6650"}],"curies":[{"name":"wp","href":"https:\/\/api.w.org\/{rel}","templated":true}]}}