{"id":6621,"date":"2016-03-12T11:04:51","date_gmt":"2016-03-12T11:04:51","guid":{"rendered":"https:\/\/www.santjosep.net\/de\/sportliche-aktivitaeten\/tauchen\/ruta-submarinismo-escull-sespatar\/"},"modified":"2020-01-24T10:29:55","modified_gmt":"2020-01-24T09:29:55","slug":"es-escull-sespatar","status":"publish","type":"page","link":"https:\/\/www.santjosep.net\/de\/aktiver-tourismus\/tauchen\/es-escull-sespatar\/","title":{"rendered":"Tauchen Route in Escull de S&#8217;Espatar &#8211; Ibiza"},"content":{"rendered":"<p>KOORDINATEN DES ANKERPLATZES: 38\u00b0 57\u2019 24,00\u2019\u2019 N | 1\u00b0 11\u2019 57,00\u2019\u2019 E<br \/>\nMAXIMALE WASSERTIEFE: 35 M.<br \/>\nDAUER: 45 Min.<br \/>\nSTRECKE: 400 M.<br \/>\nSCHWIERIGKEITSGRAD: Mittel<\/p>\n<p>Sie befinden sich hier an der Insel s\u2019Espartar, die dem Naturpark angeh\u00f6rt und deshalb ist weder das Anlegen mit dem Boot noch das Betreten der Insel m\u00f6glich.<\/p>\n<p>Der Tauchgang beginnt bei dem Schelf im S\u00fcden der Insel, gleich hinter der kleinen Bucht Escull de s\u2019Espartar, die sich zwischen dem \u00f6stlichsten Punkt und der S\u00fcdseite der Insel s\u2019Espartar befindet.<\/p>\n<p><img loading=\"lazy\" decoding=\"async\" class=\"alignnone size-large wp-image-6608\" src=\"https:\/\/www.santjosep.net\/wp-content\/uploads\/2016\/03\/IMG_0693-1-1024x683.jpg\" alt=\"IMG_0693\" width=\"1024\" height=\"683\" srcset=\"https:\/\/www.santjosep.net\/wp-content\/uploads\/2016\/03\/IMG_0693-1-1024x683.jpg 1024w, https:\/\/www.santjosep.net\/wp-content\/uploads\/2016\/03\/IMG_0693-1-300x200.jpg 300w, https:\/\/www.santjosep.net\/wp-content\/uploads\/2016\/03\/IMG_0693-1-768x512.jpg 768w, https:\/\/www.santjosep.net\/wp-content\/uploads\/2016\/03\/IMG_0693-1.jpg 1200w\" sizes=\"auto, (max-width: 1024px) 100vw, 1024px\" \/><\/p>\n<p>Das Boot k\u00f6nnen Sie in weniger als 5 Meter Tiefe ankern, da das Wasser in diesem Bereich nicht tiefer wird.<\/p>\n<p>Tauchen Sie Richtung S\u00fcden entlang einer gro\u00dfen Neptungraswiese, bis Sie zu einem Gef\u00e4lle kommen, an dem die Wassertiefe schlagartig von 5 auf 30 Meter ansteigt. \u00c4ndern Sie hier Ihre Richtung nach SW und folgen Sie der Felswand, die sich auf der gesamten Strecke immer zu Ihrer Rechten befindet.<\/p>\n<p>Der Meeresgrund wird von Felsen bestimmt, mit einigen Wellenbrechern, an denen man nicht selten auf gro\u00dfe Exemplare von Zackenbarschen, Umberfischen oder Gro\u00dfe Gei\u00dfbrassen st\u00f6\u00dft. Da die Fische leicht Unterschlupf finden und sich verstecken, ist es ratsam, eine Unterwasserlampe mitzunehmen. So k\u00f6nnen Sie auch die zahlreichen kleinen H\u00f6hlen n\u00e4her erforschen.<\/p>\n<p><img loading=\"lazy\" decoding=\"async\" class=\"alignnone size-large wp-image-6614\" src=\"https:\/\/www.santjosep.net\/wp-content\/uploads\/2016\/03\/Buceo-4-1-1024x768.jpg\" alt=\"Buceo 4\" width=\"1024\" height=\"768\" srcset=\"https:\/\/www.santjosep.net\/wp-content\/uploads\/2016\/03\/Buceo-4-1-1024x768.jpg 1024w, https:\/\/www.santjosep.net\/wp-content\/uploads\/2016\/03\/Buceo-4-1-300x225.jpg 300w, https:\/\/www.santjosep.net\/wp-content\/uploads\/2016\/03\/Buceo-4-1-768x576.jpg 768w\" sizes=\"auto, (max-width: 1024px) 100vw, 1024px\" \/><\/p>\n<p>Aus Sicherheitsgr\u00fcnden sollten Sie in einer konstanten Wassertiefe tauchen und diese auch einhalten, da der Meeresgrund bis auf ca. 50 Meter abf\u00e4llt.<\/p>\n<p>Wenn Ihre Orientierungshilfe, die Felswand, die Richtung von SW nach W-NW \u00e4ndert, wird die Meeresvegetation langsam karger. Hier w\u00e4re es angebracht, \u00fcber den R\u00fcckweg nachzudenken, wenn Sie aufgrund von Pressluftmangel nicht schon vorher umgekehrt sind.<\/p>\n<p><img loading=\"lazy\" decoding=\"async\" class=\"size-large wp-image-6611\" src=\"https:\/\/www.santjosep.net\/wp-content\/uploads\/2016\/03\/40-1024x768.jpg\" alt=\"\" width=\"1024\" height=\"768\" srcset=\"https:\/\/www.santjosep.net\/wp-content\/uploads\/2016\/03\/40-1024x768.jpg 1024w, https:\/\/www.santjosep.net\/wp-content\/uploads\/2016\/03\/40-300x225.jpg 300w, https:\/\/www.santjosep.net\/wp-content\/uploads\/2016\/03\/40-768x576.jpg 768w\" sizes=\"auto, (max-width: 1024px) 100vw, 1024px\" \/><\/p>\n<p>Sobald Sie das Schelf, an dem Sie das Boot festgemacht haben, ausmachen k\u00f6nnen, f\u00fchren Sie den Sicherheitsstopp in der N\u00e4he durch, da sich die Wassertiefe dazu bestens eignet.<\/p>\n<p>Auf diesem letzten Abschnitt k\u00f6nnen Sie noch einige sch\u00f6ne Exemplare der Edlen Steckmuschel begutachten, die sich im Neptungras verstecken. Neben vielen Jungfischen verschiedener Fischarten leben auch Mur\u00e4nen in den L\u00f6chern der Felsen, die inmitten der Seegraswiesen liegen.<\/p>\n<div class=\"gm-map\" style=\"position: relative;height: 200px; width: 200px;\"><iframe name=\"gm-map-1\" allowfullscreen src=\"https:\/\/www.santjosep.net\/de\/?geo_mashup_content=render-map&amp;map_data_key=9745f5461cdcc7a053f5d314f5fe2f8d&amp;lang=de&amp;zoom=11&amp;name=gm-map-1&amp;map_content=contextual&amp;error_comment=&lt;!-- Geo Mashup hat in diesem Kontext keine darzustellenden Objekte gefunden--&gt;\" style=\"position: absolute; top: 0; left: 0; width: 100%; height: 100%; border: none; overflow: hidden;\"><\/iframe><\/div>\n","protected":false},"excerpt":{"rendered":"<p>KOORDINATEN DES ANKERPLATZES: 38\u00b0 57\u2019 24,00\u2019\u2019 N | 1\u00b0 11\u2019 57,00\u2019\u2019 E MAXIMALE WASSERTIEFE: 35 M. DAUER: 45 Min. STRECKE: 400 M. SCHWIERIGKEITSGRAD: Mittel Sie befinden sich hier an der Insel s\u2019Espartar, die dem Naturpark angeh\u00f6rt und deshalb ist weder [&hellip;]<\/p>\n","protected":false},"author":1,"featured_media":5798,"parent":6111,"menu_order":0,"comment_status":"closed","ping_status":"closed","template":"page-actividad.php","meta":{"_acf_changed":false,"inline_featured_image":false,"footnotes":""},"categoria_pagina":[],"class_list":["post-6621","page","type-page","status-publish","has-post-thumbnail","hentry"],"acf":[],"yoast_head":"<!-- This site is optimized with the Yoast SEO plugin v25.7 - https:\/\/yoast.com\/wordpress\/plugins\/seo\/ -->\n<title>Tauchen Route in Escull de S&#039;Espatar - Ibiza - Santjosep.net<\/title>\n<meta name=\"robots\" content=\"index, follow, max-snippet:-1, max-image-preview:large, max-video-preview:-1\" \/>\n<link rel=\"canonical\" href=\"https:\/\/www.santjosep.net\/de\/aktiver-tourismus\/tauchen\/es-escull-sespatar\/\" \/>\n<meta property=\"og:locale\" content=\"de_DE\" \/>\n<meta property=\"og:type\" content=\"article\" \/>\n<meta property=\"og:title\" content=\"Tauchen Route in Escull de S&#039;Espatar - Ibiza - Santjosep.net\" \/>\n<meta property=\"og:description\" content=\"KOORDINATEN DES ANKERPLATZES: 38\u00b0 57\u2019 24,00\u2019\u2019 N | 1\u00b0 11\u2019 57,00\u2019\u2019 E MAXIMALE WASSERTIEFE: 35 M. DAUER: 45 Min. STRECKE: 400 M. SCHWIERIGKEITSGRAD: Mittel Sie befinden sich hier an der Insel s\u2019Espartar, die dem Naturpark angeh\u00f6rt und deshalb ist weder [&hellip;]\" \/>\n<meta property=\"og:url\" content=\"https:\/\/www.santjosep.net\/de\/aktiver-tourismus\/tauchen\/es-escull-sespatar\/\" \/>\n<meta property=\"og:site_name\" content=\"Santjosep.net\" \/>\n<meta property=\"article:modified_time\" content=\"2020-01-24T09:29:55+00:00\" \/>\n<meta property=\"og:image\" content=\"https:\/\/www.santjosep.net\/wp-content\/uploads\/2016\/03\/IMG_0339.jpg\" \/>\n\t<meta property=\"og:image:width\" content=\"1200\" \/>\n\t<meta property=\"og:image:height\" content=\"800\" \/>\n\t<meta property=\"og:image:type\" content=\"image\/jpeg\" \/>\n<meta name=\"twitter:card\" content=\"summary_large_image\" \/>\n<meta name=\"twitter:label1\" content=\"Gesch\u00e4tzte Lesezeit\" \/>\n\t<meta name=\"twitter:data1\" content=\"2\u00a0Minuten\" \/>\n<script type=\"application\/ld+json\" class=\"yoast-schema-graph\">{\"@context\":\"https:\/\/schema.org\",\"@graph\":[{\"@type\":\"WebPage\",\"@id\":\"https:\/\/www.santjosep.net\/de\/aktiver-tourismus\/tauchen\/es-escull-sespatar\/\",\"url\":\"https:\/\/www.santjosep.net\/de\/aktiver-tourismus\/tauchen\/es-escull-sespatar\/\",\"name\":\"Tauchen Route in Escull de S'Espatar - Ibiza - Santjosep.net\",\"isPartOf\":{\"@id\":\"https:\/\/www.santjosep.net\/#website\"},\"primaryImageOfPage\":{\"@id\":\"https:\/\/www.santjosep.net\/de\/aktiver-tourismus\/tauchen\/es-escull-sespatar\/#primaryimage\"},\"image\":{\"@id\":\"https:\/\/www.santjosep.net\/de\/aktiver-tourismus\/tauchen\/es-escull-sespatar\/#primaryimage\"},\"thumbnailUrl\":\"https:\/\/www.santjosep.net\/wp-content\/uploads\/2016\/03\/IMG_0339.jpg\",\"datePublished\":\"2016-03-12T11:04:51+00:00\",\"dateModified\":\"2020-01-24T09:29:55+00:00\",\"breadcrumb\":{\"@id\":\"https:\/\/www.santjosep.net\/de\/aktiver-tourismus\/tauchen\/es-escull-sespatar\/#breadcrumb\"},\"inLanguage\":\"de\",\"potentialAction\":[{\"@type\":\"ReadAction\",\"target\":[\"https:\/\/www.santjosep.net\/de\/aktiver-tourismus\/tauchen\/es-escull-sespatar\/\"]}]},{\"@type\":\"ImageObject\",\"inLanguage\":\"de\",\"@id\":\"https:\/\/www.santjosep.net\/de\/aktiver-tourismus\/tauchen\/es-escull-sespatar\/#primaryimage\",\"url\":\"https:\/\/www.santjosep.net\/wp-content\/uploads\/2016\/03\/IMG_0339.jpg\",\"contentUrl\":\"https:\/\/www.santjosep.net\/wp-content\/uploads\/2016\/03\/IMG_0339.jpg\",\"width\":1200,\"height\":800},{\"@type\":\"BreadcrumbList\",\"@id\":\"https:\/\/www.santjosep.net\/de\/aktiver-tourismus\/tauchen\/es-escull-sespatar\/#breadcrumb\",\"itemListElement\":[{\"@type\":\"ListItem\",\"position\":1,\"name\":\"Aktiver Tourismus\",\"item\":\"https:\/\/www.santjosep.net\/de\/aktiver-tourismus\/\"},{\"@type\":\"ListItem\",\"position\":2,\"name\":\"Tauchen\",\"item\":\"https:\/\/www.santjosep.net\/de\/aktiver-tourismus\/tauchen\/\"},{\"@type\":\"ListItem\",\"position\":3,\"name\":\"Tauchen Route in Escull de S&#8217;Espatar &#8211; Ibiza\"}]},{\"@type\":\"WebSite\",\"@id\":\"https:\/\/www.santjosep.net\/#website\",\"url\":\"https:\/\/www.santjosep.net\/\",\"name\":\"Santjosep.net\",\"description\":\"\",\"potentialAction\":[{\"@type\":\"SearchAction\",\"target\":{\"@type\":\"EntryPoint\",\"urlTemplate\":\"https:\/\/www.santjosep.net\/?s={search_term_string}\"},\"query-input\":{\"@type\":\"PropertyValueSpecification\",\"valueRequired\":true,\"valueName\":\"search_term_string\"}}],\"inLanguage\":\"de\"}]}<\/script>\n<!-- \/ Yoast SEO plugin. -->","yoast_head_json":{"title":"Tauchen Route in Escull de S'Espatar - Ibiza - Santjosep.net","robots":{"index":"index","follow":"follow","max-snippet":"max-snippet:-1","max-image-preview":"max-image-preview:large","max-video-preview":"max-video-preview:-1"},"canonical":"https:\/\/www.santjosep.net\/de\/aktiver-tourismus\/tauchen\/es-escull-sespatar\/","og_locale":"de_DE","og_type":"article","og_title":"Tauchen Route in Escull de S'Espatar - Ibiza - Santjosep.net","og_description":"KOORDINATEN DES ANKERPLATZES: 38\u00b0 57\u2019 24,00\u2019\u2019 N | 1\u00b0 11\u2019 57,00\u2019\u2019 E MAXIMALE WASSERTIEFE: 35 M. DAUER: 45 Min. STRECKE: 400 M. SCHWIERIGKEITSGRAD: Mittel Sie befinden sich hier an der Insel s\u2019Espartar, die dem Naturpark angeh\u00f6rt und deshalb ist weder [&hellip;]","og_url":"https:\/\/www.santjosep.net\/de\/aktiver-tourismus\/tauchen\/es-escull-sespatar\/","og_site_name":"Santjosep.net","article_modified_time":"2020-01-24T09:29:55+00:00","og_image":[{"width":1200,"height":800,"url":"https:\/\/www.santjosep.net\/wp-content\/uploads\/2016\/03\/IMG_0339.jpg","type":"image\/jpeg"}],"twitter_card":"summary_large_image","twitter_misc":{"Gesch\u00e4tzte Lesezeit":"2\u00a0Minuten"},"schema":{"@context":"https:\/\/schema.org","@graph":[{"@type":"WebPage","@id":"https:\/\/www.santjosep.net\/de\/aktiver-tourismus\/tauchen\/es-escull-sespatar\/","url":"https:\/\/www.santjosep.net\/de\/aktiver-tourismus\/tauchen\/es-escull-sespatar\/","name":"Tauchen Route in Escull de S'Espatar - Ibiza - Santjosep.net","isPartOf":{"@id":"https:\/\/www.santjosep.net\/#website"},"primaryImageOfPage":{"@id":"https:\/\/www.santjosep.net\/de\/aktiver-tourismus\/tauchen\/es-escull-sespatar\/#primaryimage"},"image":{"@id":"https:\/\/www.santjosep.net\/de\/aktiver-tourismus\/tauchen\/es-escull-sespatar\/#primaryimage"},"thumbnailUrl":"https:\/\/www.santjosep.net\/wp-content\/uploads\/2016\/03\/IMG_0339.jpg","datePublished":"2016-03-12T11:04:51+00:00","dateModified":"2020-01-24T09:29:55+00:00","breadcrumb":{"@id":"https:\/\/www.santjosep.net\/de\/aktiver-tourismus\/tauchen\/es-escull-sespatar\/#breadcrumb"},"inLanguage":"de","potentialAction":[{"@type":"ReadAction","target":["https:\/\/www.santjosep.net\/de\/aktiver-tourismus\/tauchen\/es-escull-sespatar\/"]}]},{"@type":"ImageObject","inLanguage":"de","@id":"https:\/\/www.santjosep.net\/de\/aktiver-tourismus\/tauchen\/es-escull-sespatar\/#primaryimage","url":"https:\/\/www.santjosep.net\/wp-content\/uploads\/2016\/03\/IMG_0339.jpg","contentUrl":"https:\/\/www.santjosep.net\/wp-content\/uploads\/2016\/03\/IMG_0339.jpg","width":1200,"height":800},{"@type":"BreadcrumbList","@id":"https:\/\/www.santjosep.net\/de\/aktiver-tourismus\/tauchen\/es-escull-sespatar\/#breadcrumb","itemListElement":[{"@type":"ListItem","position":1,"name":"Aktiver Tourismus","item":"https:\/\/www.santjosep.net\/de\/aktiver-tourismus\/"},{"@type":"ListItem","position":2,"name":"Tauchen","item":"https:\/\/www.santjosep.net\/de\/aktiver-tourismus\/tauchen\/"},{"@type":"ListItem","position":3,"name":"Tauchen Route in Escull de S&#8217;Espatar &#8211; Ibiza"}]},{"@type":"WebSite","@id":"https:\/\/www.santjosep.net\/#website","url":"https:\/\/www.santjosep.net\/","name":"Santjosep.net","description":"","potentialAction":[{"@type":"SearchAction","target":{"@type":"EntryPoint","urlTemplate":"https:\/\/www.santjosep.net\/?s={search_term_string}"},"query-input":{"@type":"PropertyValueSpecification","valueRequired":true,"valueName":"search_term_string"}}],"inLanguage":"de"}]}},"_links":{"self":[{"href":"https:\/\/www.santjosep.net\/de\/wp-json\/wp\/v2\/pages\/6621","targetHints":{"allow":["GET"]}}],"collection":[{"href":"https:\/\/www.santjosep.net\/de\/wp-json\/wp\/v2\/pages"}],"about":[{"href":"https:\/\/www.santjosep.net\/de\/wp-json\/wp\/v2\/types\/page"}],"author":[{"embeddable":true,"href":"https:\/\/www.santjosep.net\/de\/wp-json\/wp\/v2\/users\/1"}],"replies":[{"embeddable":true,"href":"https:\/\/www.santjosep.net\/de\/wp-json\/wp\/v2\/comments?post=6621"}],"version-history":[{"count":0,"href":"https:\/\/www.santjosep.net\/de\/wp-json\/wp\/v2\/pages\/6621\/revisions"}],"up":[{"embeddable":true,"href":"https:\/\/www.santjosep.net\/de\/wp-json\/wp\/v2\/pages\/6111"}],"wp:featuredmedia":[{"embeddable":true,"href":"https:\/\/www.santjosep.net\/de\/wp-json\/wp\/v2\/media\/5798"}],"wp:attachment":[{"href":"https:\/\/www.santjosep.net\/de\/wp-json\/wp\/v2\/media?parent=6621"}],"wp:term":[{"taxonomy":"categoria_pagina","embeddable":true,"href":"https:\/\/www.santjosep.net\/de\/wp-json\/wp\/v2\/categoria_pagina?post=6621"}],"curies":[{"name":"wp","href":"https:\/\/api.w.org\/{rel}","templated":true}]}}