{"id":6597,"date":"2016-03-12T10:13:54","date_gmt":"2016-03-12T10:13:54","guid":{"rendered":"https:\/\/www.santjosep.net\/de\/sportliche-aktivitaeten\/tauchen\/ruta-submarinismo-pallaret-ibiza\/"},"modified":"2020-01-24T10:29:34","modified_gmt":"2020-01-24T09:29:34","slug":"ruta-submarinismo-pallaret-ibiza","status":"publish","type":"page","link":"https:\/\/www.santjosep.net\/de\/aktiver-tourismus\/tauchen\/ruta-submarinismo-pallaret-ibiza\/","title":{"rendered":"Tauchen Route in Es Pallaret &#8211; Ibiza"},"content":{"rendered":"<p>KOORDINATEN DES ANKERPLATZES: 38\u00b0 58\u2019 37,11\u2019\u2019 N | 1\u00b0 13\u2019 54,25\u2019\u2019 E<br \/>\nMAXIMALE WASSERTIEFE: 30 m.<br \/>\nDAUER: 45 min.<br \/>\nSTRECKE: 300 m.<br \/>\nSCHWIERIGKEITSGRAD: Mittel<\/p>\n<p>Es Pallaret ist eine Felseninsel, die ca. 500 vor dem Landvorsprung Punta Rovira im Meer liegt. Wenn Sie vielleicht mit dem Gedanken spielen, zu der Felseninsel zu schwimmen, da sie relativ nah vor der K\u00fcste liegt, sollten Sie diese abenteuerliche Idee lieber verwerfen. Zum einen, weil viele Boote diesen Kanal durchfahren und zum anderen, weil es hier zahlreiche Str\u00f6mungen gibt. Entscheiden Sie sich lieber f\u00fcr ein Boot, mit dem Sie zum Tauchplatz fahren.<\/p>\n<p><img loading=\"lazy\" decoding=\"async\" class=\"alignnone size-large wp-image-5793\" src=\"https:\/\/www.santjosep.net\/wp-content\/uploads\/2016\/03\/IMG_0215-1024x683.jpg\" alt=\"IMG_0215\" width=\"1024\" height=\"683\" srcset=\"https:\/\/www.santjosep.net\/wp-content\/uploads\/2016\/03\/IMG_0215-1024x683.jpg 1024w, https:\/\/www.santjosep.net\/wp-content\/uploads\/2016\/03\/IMG_0215-300x200.jpg 300w, https:\/\/www.santjosep.net\/wp-content\/uploads\/2016\/03\/IMG_0215-768x512.jpg 768w, https:\/\/www.santjosep.net\/wp-content\/uploads\/2016\/03\/IMG_0215.jpg 1200w\" sizes=\"auto, (max-width: 1024px) 100vw, 1024px\" \/><\/p>\n<p>Ihr Ankerplatz sollte sich an der S\u00fcdseite von Es Pallaret befinden, da das Ankern auf der Nordseite durch die Wassertiefe und das fehlende Schelf erschwert wird.<\/p>\n<p>Der Tauchgang f\u00fchrt Sie entlang der Felseninsel. Wenn Sie in konstanter Tiefe und immer entlang der Felswand tauchen, k\u00f6nnen Sie die Orientierung in keinem Moment verlieren und die Strecke weist auch sonst keine Schwierigkeiten auf.<\/p>\n<p>Beginnen Sie den Tauchgang entgegen dem Uhrzeigersinn (S-O-N-W). Es empfiehlt sich, in einer Tiefe von 20 Metern zu tauchen, auch wenn das Schelf an einigen Stellen bis auf 50 Meter abf\u00e4llt. Auf der gesamten S\u00fcdseite betr\u00e4gt die maximale Wassertiefe ca. 20 Meter, solange Sie die Felswand als Orientierungshilfe nutzen. Nur auf diese Weise k\u00f6nnen Sie die sagenumwobene versunkene Vespa in 21 Meter Tiefe finden, die diesen Tauchgang auszeichnet.<\/p>\n<p><img loading=\"lazy\" decoding=\"async\" class=\"alignnone size-large wp-image-6593\" src=\"https:\/\/www.santjosep.net\/wp-content\/uploads\/2016\/03\/Buceo-1-1024x768.jpg\" alt=\"Buceo\" width=\"1024\" height=\"768\" srcset=\"https:\/\/www.santjosep.net\/wp-content\/uploads\/2016\/03\/Buceo-1-1024x768.jpg 1024w, https:\/\/www.santjosep.net\/wp-content\/uploads\/2016\/03\/Buceo-1-300x225.jpg 300w, https:\/\/www.santjosep.net\/wp-content\/uploads\/2016\/03\/Buceo-1-768x576.jpg 768w\" sizes=\"auto, (max-width: 1024px) 100vw, 1024px\" \/><\/p>\n<p>Sobald Sie die S\u00fcdseite verlassen, verschwindet auch das Schelf und Sie begeben sich in tiefere Gew\u00e4sser. Hier st\u00f6\u00dft man leicht auf Schw\u00e4rme von Tiefseefischen, die sich bis an die K\u00fcste n\u00e4hern (Barrakudas oder die Gro\u00dfe Bernsteinmakrele kommen besonders h\u00e4ufig vor) und auch der ein oder andere ausgewachsene Zackenbarsch, der aus den Tiefen auftaucht, ist hier anzutreffen.<\/p>\n<p>Wenn Sie Ihren Weg fortsetzen, begeben Sie sich auf die Nordseite und hier ist es gut m\u00f6glich, dass neugierige Zahnbrassenschw\u00e4rme aus der Tiefe aufsteigen und dann wieder verschwinden. Wenn Sie die vielen kleinen Steinh\u00f6hlen rund um die Felseninsel etwas n\u00e4her begutachten, werden Sie auf Mur\u00e4nen, Umberfische, Gei\u00dfbrassen, Gro\u00dfe Rote Drachenk\u00f6pfe und zahlreiche Nacktkiemer sto\u00dfen.<\/p>\n<p>Tauchen Sie weiter, dann steigt das Schelf langsam an, sodass Sie automatisch h\u00f6her tauchen und schlie\u00dflich bei 10 Meter Tiefe ankommen. Wenn Sie sich dem Anker Ihres Bootes n\u00e4hern und Ihnen noch gen\u00fcgend Pressluft in der Tauchflasche bleibt, k\u00f6nnen Sie die Felseninsel in geringerer Wassertiefe noch einmal umrunden, denn im Durchschnitt ben\u00f6tigt man f\u00fcr die ganze Strecke nur zwischen 20 und 25 Minuten.<\/p>\n<p>Sobald Sie Ihren Tauchgang beendet haben, f\u00fchren Sie den Sicherheitsstopp in 5 Meter Tiefe in K\u00fcstenn\u00e4he durch. Es ist gut m\u00f6glich, dass Sie von der \u00fcppigen und abwechslungsreichen Flora und Fauna \u00fcberrascht sein werden.<\/p>\n<div class=\"gm-map\" style=\"position: relative;height: 200px; width: 200px;\"><iframe name=\"gm-map-1\" allowfullscreen src=\"https:\/\/www.santjosep.net\/de\/?geo_mashup_content=render-map&amp;map_data_key=9745f5461cdcc7a053f5d314f5fe2f8d&amp;lang=de&amp;zoom=11&amp;name=gm-map-1&amp;map_content=contextual&amp;error_comment=&lt;!-- Geo Mashup hat in diesem Kontext keine darzustellenden Objekte gefunden--&gt;\" style=\"position: absolute; top: 0; left: 0; width: 100%; height: 100%; border: none; overflow: hidden;\"><\/iframe><\/div>\n","protected":false},"excerpt":{"rendered":"<p>KOORDINATEN DES ANKERPLATZES: 38\u00b0 58\u2019 37,11\u2019\u2019 N | 1\u00b0 13\u2019 54,25\u2019\u2019 E MAXIMALE WASSERTIEFE: 30 m. DAUER: 45 min. STRECKE: 300 m. SCHWIERIGKEITSGRAD: Mittel Es Pallaret ist eine Felseninsel, die ca. 500 vor dem Landvorsprung Punta Rovira im Meer liegt. [&hellip;]<\/p>\n","protected":false},"author":1,"featured_media":5795,"parent":6111,"menu_order":0,"comment_status":"closed","ping_status":"closed","template":"page-actividad.php","meta":{"_acf_changed":false,"inline_featured_image":false,"footnotes":""},"categoria_pagina":[],"class_list":["post-6597","page","type-page","status-publish","has-post-thumbnail","hentry"],"acf":[],"yoast_head":"<!-- This site is optimized with the Yoast SEO plugin v25.7 - https:\/\/yoast.com\/wordpress\/plugins\/seo\/ -->\n<title>Tauchen Route in Es Pallaret - Ibiza - Santjosep.net<\/title>\n<meta name=\"robots\" content=\"index, follow, max-snippet:-1, max-image-preview:large, max-video-preview:-1\" \/>\n<link rel=\"canonical\" href=\"https:\/\/www.santjosep.net\/de\/aktiver-tourismus\/tauchen\/ruta-submarinismo-pallaret-ibiza\/\" \/>\n<meta property=\"og:locale\" content=\"de_DE\" \/>\n<meta property=\"og:type\" content=\"article\" \/>\n<meta property=\"og:title\" content=\"Tauchen Route in Es Pallaret - Ibiza - Santjosep.net\" \/>\n<meta property=\"og:description\" content=\"KOORDINATEN DES ANKERPLATZES: 38\u00b0 58\u2019 37,11\u2019\u2019 N | 1\u00b0 13\u2019 54,25\u2019\u2019 E MAXIMALE WASSERTIEFE: 30 m. DAUER: 45 min. STRECKE: 300 m. SCHWIERIGKEITSGRAD: Mittel Es Pallaret ist eine Felseninsel, die ca. 500 vor dem Landvorsprung Punta Rovira im Meer liegt. [&hellip;]\" \/>\n<meta property=\"og:url\" content=\"https:\/\/www.santjosep.net\/de\/aktiver-tourismus\/tauchen\/ruta-submarinismo-pallaret-ibiza\/\" \/>\n<meta property=\"og:site_name\" content=\"Santjosep.net\" \/>\n<meta property=\"article:modified_time\" content=\"2020-01-24T09:29:34+00:00\" \/>\n<meta property=\"og:image\" content=\"https:\/\/www.santjosep.net\/wp-content\/uploads\/2016\/03\/IMG_0215.jpg\" \/>\n\t<meta property=\"og:image:width\" content=\"1200\" \/>\n\t<meta property=\"og:image:height\" content=\"800\" \/>\n\t<meta property=\"og:image:type\" content=\"image\/jpeg\" \/>\n<meta name=\"twitter:card\" content=\"summary_large_image\" \/>\n<meta name=\"twitter:label1\" content=\"Gesch\u00e4tzte Lesezeit\" \/>\n\t<meta name=\"twitter:data1\" content=\"2\u00a0Minuten\" \/>\n<script type=\"application\/ld+json\" class=\"yoast-schema-graph\">{\"@context\":\"https:\/\/schema.org\",\"@graph\":[{\"@type\":\"WebPage\",\"@id\":\"https:\/\/www.santjosep.net\/de\/aktiver-tourismus\/tauchen\/ruta-submarinismo-pallaret-ibiza\/\",\"url\":\"https:\/\/www.santjosep.net\/de\/aktiver-tourismus\/tauchen\/ruta-submarinismo-pallaret-ibiza\/\",\"name\":\"Tauchen Route in Es Pallaret - Ibiza - Santjosep.net\",\"isPartOf\":{\"@id\":\"https:\/\/www.santjosep.net\/#website\"},\"primaryImageOfPage\":{\"@id\":\"https:\/\/www.santjosep.net\/de\/aktiver-tourismus\/tauchen\/ruta-submarinismo-pallaret-ibiza\/#primaryimage\"},\"image\":{\"@id\":\"https:\/\/www.santjosep.net\/de\/aktiver-tourismus\/tauchen\/ruta-submarinismo-pallaret-ibiza\/#primaryimage\"},\"thumbnailUrl\":\"https:\/\/www.santjosep.net\/wp-content\/uploads\/2016\/03\/IMG_0215.jpg\",\"datePublished\":\"2016-03-12T10:13:54+00:00\",\"dateModified\":\"2020-01-24T09:29:34+00:00\",\"breadcrumb\":{\"@id\":\"https:\/\/www.santjosep.net\/de\/aktiver-tourismus\/tauchen\/ruta-submarinismo-pallaret-ibiza\/#breadcrumb\"},\"inLanguage\":\"de\",\"potentialAction\":[{\"@type\":\"ReadAction\",\"target\":[\"https:\/\/www.santjosep.net\/de\/aktiver-tourismus\/tauchen\/ruta-submarinismo-pallaret-ibiza\/\"]}]},{\"@type\":\"ImageObject\",\"inLanguage\":\"de\",\"@id\":\"https:\/\/www.santjosep.net\/de\/aktiver-tourismus\/tauchen\/ruta-submarinismo-pallaret-ibiza\/#primaryimage\",\"url\":\"https:\/\/www.santjosep.net\/wp-content\/uploads\/2016\/03\/IMG_0215.jpg\",\"contentUrl\":\"https:\/\/www.santjosep.net\/wp-content\/uploads\/2016\/03\/IMG_0215.jpg\",\"width\":1200,\"height\":800},{\"@type\":\"BreadcrumbList\",\"@id\":\"https:\/\/www.santjosep.net\/de\/aktiver-tourismus\/tauchen\/ruta-submarinismo-pallaret-ibiza\/#breadcrumb\",\"itemListElement\":[{\"@type\":\"ListItem\",\"position\":1,\"name\":\"Aktiver Tourismus\",\"item\":\"https:\/\/www.santjosep.net\/de\/aktiver-tourismus\/\"},{\"@type\":\"ListItem\",\"position\":2,\"name\":\"Tauchen\",\"item\":\"https:\/\/www.santjosep.net\/de\/aktiver-tourismus\/tauchen\/\"},{\"@type\":\"ListItem\",\"position\":3,\"name\":\"Tauchen Route in Es Pallaret &#8211; Ibiza\"}]},{\"@type\":\"WebSite\",\"@id\":\"https:\/\/www.santjosep.net\/#website\",\"url\":\"https:\/\/www.santjosep.net\/\",\"name\":\"Santjosep.net\",\"description\":\"\",\"potentialAction\":[{\"@type\":\"SearchAction\",\"target\":{\"@type\":\"EntryPoint\",\"urlTemplate\":\"https:\/\/www.santjosep.net\/?s={search_term_string}\"},\"query-input\":{\"@type\":\"PropertyValueSpecification\",\"valueRequired\":true,\"valueName\":\"search_term_string\"}}],\"inLanguage\":\"de\"}]}<\/script>\n<!-- \/ Yoast SEO plugin. -->","yoast_head_json":{"title":"Tauchen Route in Es Pallaret - Ibiza - Santjosep.net","robots":{"index":"index","follow":"follow","max-snippet":"max-snippet:-1","max-image-preview":"max-image-preview:large","max-video-preview":"max-video-preview:-1"},"canonical":"https:\/\/www.santjosep.net\/de\/aktiver-tourismus\/tauchen\/ruta-submarinismo-pallaret-ibiza\/","og_locale":"de_DE","og_type":"article","og_title":"Tauchen Route in Es Pallaret - Ibiza - Santjosep.net","og_description":"KOORDINATEN DES ANKERPLATZES: 38\u00b0 58\u2019 37,11\u2019\u2019 N | 1\u00b0 13\u2019 54,25\u2019\u2019 E MAXIMALE WASSERTIEFE: 30 m. DAUER: 45 min. STRECKE: 300 m. SCHWIERIGKEITSGRAD: Mittel Es Pallaret ist eine Felseninsel, die ca. 500 vor dem Landvorsprung Punta Rovira im Meer liegt. [&hellip;]","og_url":"https:\/\/www.santjosep.net\/de\/aktiver-tourismus\/tauchen\/ruta-submarinismo-pallaret-ibiza\/","og_site_name":"Santjosep.net","article_modified_time":"2020-01-24T09:29:34+00:00","og_image":[{"width":1200,"height":800,"url":"https:\/\/www.santjosep.net\/wp-content\/uploads\/2016\/03\/IMG_0215.jpg","type":"image\/jpeg"}],"twitter_card":"summary_large_image","twitter_misc":{"Gesch\u00e4tzte Lesezeit":"2\u00a0Minuten"},"schema":{"@context":"https:\/\/schema.org","@graph":[{"@type":"WebPage","@id":"https:\/\/www.santjosep.net\/de\/aktiver-tourismus\/tauchen\/ruta-submarinismo-pallaret-ibiza\/","url":"https:\/\/www.santjosep.net\/de\/aktiver-tourismus\/tauchen\/ruta-submarinismo-pallaret-ibiza\/","name":"Tauchen Route in Es Pallaret - Ibiza - Santjosep.net","isPartOf":{"@id":"https:\/\/www.santjosep.net\/#website"},"primaryImageOfPage":{"@id":"https:\/\/www.santjosep.net\/de\/aktiver-tourismus\/tauchen\/ruta-submarinismo-pallaret-ibiza\/#primaryimage"},"image":{"@id":"https:\/\/www.santjosep.net\/de\/aktiver-tourismus\/tauchen\/ruta-submarinismo-pallaret-ibiza\/#primaryimage"},"thumbnailUrl":"https:\/\/www.santjosep.net\/wp-content\/uploads\/2016\/03\/IMG_0215.jpg","datePublished":"2016-03-12T10:13:54+00:00","dateModified":"2020-01-24T09:29:34+00:00","breadcrumb":{"@id":"https:\/\/www.santjosep.net\/de\/aktiver-tourismus\/tauchen\/ruta-submarinismo-pallaret-ibiza\/#breadcrumb"},"inLanguage":"de","potentialAction":[{"@type":"ReadAction","target":["https:\/\/www.santjosep.net\/de\/aktiver-tourismus\/tauchen\/ruta-submarinismo-pallaret-ibiza\/"]}]},{"@type":"ImageObject","inLanguage":"de","@id":"https:\/\/www.santjosep.net\/de\/aktiver-tourismus\/tauchen\/ruta-submarinismo-pallaret-ibiza\/#primaryimage","url":"https:\/\/www.santjosep.net\/wp-content\/uploads\/2016\/03\/IMG_0215.jpg","contentUrl":"https:\/\/www.santjosep.net\/wp-content\/uploads\/2016\/03\/IMG_0215.jpg","width":1200,"height":800},{"@type":"BreadcrumbList","@id":"https:\/\/www.santjosep.net\/de\/aktiver-tourismus\/tauchen\/ruta-submarinismo-pallaret-ibiza\/#breadcrumb","itemListElement":[{"@type":"ListItem","position":1,"name":"Aktiver Tourismus","item":"https:\/\/www.santjosep.net\/de\/aktiver-tourismus\/"},{"@type":"ListItem","position":2,"name":"Tauchen","item":"https:\/\/www.santjosep.net\/de\/aktiver-tourismus\/tauchen\/"},{"@type":"ListItem","position":3,"name":"Tauchen Route in Es Pallaret &#8211; Ibiza"}]},{"@type":"WebSite","@id":"https:\/\/www.santjosep.net\/#website","url":"https:\/\/www.santjosep.net\/","name":"Santjosep.net","description":"","potentialAction":[{"@type":"SearchAction","target":{"@type":"EntryPoint","urlTemplate":"https:\/\/www.santjosep.net\/?s={search_term_string}"},"query-input":{"@type":"PropertyValueSpecification","valueRequired":true,"valueName":"search_term_string"}}],"inLanguage":"de"}]}},"_links":{"self":[{"href":"https:\/\/www.santjosep.net\/de\/wp-json\/wp\/v2\/pages\/6597","targetHints":{"allow":["GET"]}}],"collection":[{"href":"https:\/\/www.santjosep.net\/de\/wp-json\/wp\/v2\/pages"}],"about":[{"href":"https:\/\/www.santjosep.net\/de\/wp-json\/wp\/v2\/types\/page"}],"author":[{"embeddable":true,"href":"https:\/\/www.santjosep.net\/de\/wp-json\/wp\/v2\/users\/1"}],"replies":[{"embeddable":true,"href":"https:\/\/www.santjosep.net\/de\/wp-json\/wp\/v2\/comments?post=6597"}],"version-history":[{"count":0,"href":"https:\/\/www.santjosep.net\/de\/wp-json\/wp\/v2\/pages\/6597\/revisions"}],"up":[{"embeddable":true,"href":"https:\/\/www.santjosep.net\/de\/wp-json\/wp\/v2\/pages\/6111"}],"wp:featuredmedia":[{"embeddable":true,"href":"https:\/\/www.santjosep.net\/de\/wp-json\/wp\/v2\/media\/5795"}],"wp:attachment":[{"href":"https:\/\/www.santjosep.net\/de\/wp-json\/wp\/v2\/media?parent=6597"}],"wp:term":[{"taxonomy":"categoria_pagina","embeddable":true,"href":"https:\/\/www.santjosep.net\/de\/wp-json\/wp\/v2\/categoria_pagina?post=6597"}],"curies":[{"name":"wp","href":"https:\/\/api.w.org\/{rel}","templated":true}]}}