{"id":6153,"date":"2016-03-08T08:42:58","date_gmt":"2016-03-08T08:42:58","guid":{"rendered":"https:\/\/www.santjosep.net\/de\/actividades-deportivas\/"},"modified":"2022-01-19T11:43:58","modified_gmt":"2022-01-19T10:43:58","slug":"aktiver-tourismus","status":"publish","type":"page","link":"https:\/\/www.santjosep.net\/de\/aktiver-tourismus\/","title":{"rendered":"Aktiver Tourismus"},"content":{"rendered":"<div class=\"wpb-content-wrapper\"><p>[vc_row enable_hue_rotation=&#8220;no&#8220; enable_text_marquee=&#8220;no&#8220;][vc_column][vc_column_text]<span style=\"font-weight: 400;\">Die Natur und die Geographie von Sant Josep de Sa Talaia sowie das angenehme Klima, das das ganze Jahr \u00fcber hier herrscht, machen diesen Teil Ibizas gewiss sehr aktraktiv. Die Str\u00e4nde und Buchten mit ihrem t\u00fcrkisfarbenen Wasser sowie die immergr\u00fcnen Pinienw\u00e4lder, die Felseninseln in allen Gr\u00f6\u00dfen, die vor Ibizas K\u00fcsten liegen, die Naturparks Ses Salines und Es Vedr\u00e0 in Cala d&#8217;Hort \u2013 all das l\u00e4dt das ganze Jahr \u00fcber zu Aktivit\u00e4ten und Sport an der frischen Luft ein. Die Insel hat sich zwar auf Abendteuersportarten spezialisiert, aber es bieten sich auch ruhigere Aktivit\u00e4ten an, bei denen man die Landschaft von Sant Josep hautnah erleben kann. Das Sport- und Kulturangebot er\u00f6ffnet viele attraktive M\u00f6glichkeiten: Entdecken Sie mit Hilfe eines der Tauchzentren die Unterwasserwelt, erkunden Sie die Natur zu Fu\u00df oder mit dem Rad, nehmen Sie an gef\u00fchrten Wanderungen teil oder laufen Sie entlang empfohlener Routen, betrachten Sie die Steilk\u00fcsten vom Meer aus in einem Kajak, nehmen Sie an sportlichen Events oder Mountainbikerennen teil oder entdecken Sie auf einer Wanderung versteckte und einsame Buchten.<\/span>[\/vc_column_text][\/vc_column][\/vc_row][vc_row enable_hue_rotation=&#8220;no&#8220; enable_text_marquee=&#8220;no&#8220; el_class=&#8220;partfullgrid&#8220;][vc_column][vc_basic_grid post_type=&#8220;ids&#8220; element_width=&#8220;6&#8243; item=&#8220;20128&#8243; grid_id=&#8220;vc_gid:1642588980784-f2bec9b5-932d-0&#8243; include=&#8220;28122, 4840, 5132, 5503, 5070&#8243;][\/vc_column][\/vc_row]<\/p>\n<\/div>","protected":false},"excerpt":{"rendered":"<p>[vc_row enable_hue_rotation=&#8220;no&#8220; enable_text_marquee=&#8220;no&#8220;][vc_column][vc_column_text]Die Natur und die Geographie von Sant Josep de Sa Talaia sowie das angenehme Klima, das das ganze Jahr \u00fcber hier herrscht, machen diesen Teil Ibizas gewiss sehr aktraktiv. Die Str\u00e4nde und Buchten mit ihrem t\u00fcrkisfarbenen Wasser sowie [&hellip;]<\/p>\n","protected":false},"author":1,"featured_media":33500,"parent":0,"menu_order":0,"comment_status":"closed","ping_status":"closed","template":"page-actividad.php","meta":{"_acf_changed":false,"inline_featured_image":false,"footnotes":""},"categoria_pagina":[],"class_list":["post-6153","page","type-page","status-publish","has-post-thumbnail","hentry"],"acf":[],"yoast_head":"<!-- This site is optimized with the Yoast SEO plugin v25.7 - https:\/\/yoast.com\/wordpress\/plugins\/seo\/ -->\n<title>Sportliche Aktivit\u00e4ten in Sant Josep - Ibiza<\/title>\n<meta name=\"robots\" content=\"index, follow, max-snippet:-1, max-image-preview:large, max-video-preview:-1\" \/>\n<link rel=\"canonical\" href=\"https:\/\/www.santjosep.net\/de\/aktiver-tourismus\/\" \/>\n<meta property=\"og:locale\" content=\"de_DE\" \/>\n<meta property=\"og:type\" content=\"article\" \/>\n<meta property=\"og:title\" content=\"Sportliche Aktivit\u00e4ten in Sant Josep - Ibiza\" \/>\n<meta property=\"og:description\" content=\"[vc_row enable_hue_rotation=&#8220;no&#8220; enable_text_marquee=&#8220;no&#8220;][vc_column][vc_column_text]Die Natur und die Geographie von Sant Josep de Sa Talaia sowie das angenehme Klima, das das ganze Jahr \u00fcber hier herrscht, machen diesen Teil Ibizas gewiss sehr aktraktiv. Die Str\u00e4nde und Buchten mit ihrem t\u00fcrkisfarbenen Wasser sowie [&hellip;]\" \/>\n<meta property=\"og:url\" content=\"https:\/\/www.santjosep.net\/de\/aktiver-tourismus\/\" \/>\n<meta property=\"og:site_name\" content=\"Santjosep.net\" \/>\n<meta property=\"article:modified_time\" content=\"2022-01-19T10:43:58+00:00\" \/>\n<meta property=\"og:image\" content=\"https:\/\/www.santjosep.net\/wp-content\/uploads\/2022\/11\/RR_09550-1024x683.jpg\" \/>\n\t<meta property=\"og:image:width\" content=\"1024\" \/>\n\t<meta property=\"og:image:height\" content=\"683\" \/>\n\t<meta property=\"og:image:type\" content=\"image\/jpeg\" \/>\n<meta name=\"twitter:card\" content=\"summary_large_image\" \/>\n<meta name=\"twitter:label1\" content=\"Gesch\u00e4tzte Lesezeit\" \/>\n\t<meta name=\"twitter:data1\" content=\"1\u00a0Minute\" \/>\n<script type=\"application\/ld+json\" class=\"yoast-schema-graph\">{\"@context\":\"https:\/\/schema.org\",\"@graph\":[{\"@type\":\"WebPage\",\"@id\":\"https:\/\/www.santjosep.net\/de\/aktiver-tourismus\/\",\"url\":\"https:\/\/www.santjosep.net\/de\/aktiver-tourismus\/\",\"name\":\"Sportliche Aktivit\u00e4ten in Sant Josep - Ibiza\",\"isPartOf\":{\"@id\":\"https:\/\/www.santjosep.net\/#website\"},\"primaryImageOfPage\":{\"@id\":\"https:\/\/www.santjosep.net\/de\/aktiver-tourismus\/#primaryimage\"},\"image\":{\"@id\":\"https:\/\/www.santjosep.net\/de\/aktiver-tourismus\/#primaryimage\"},\"thumbnailUrl\":\"https:\/\/www.santjosep.net\/wp-content\/uploads\/2022\/11\/RR_09550.jpg\",\"datePublished\":\"2016-03-08T08:42:58+00:00\",\"dateModified\":\"2022-01-19T10:43:58+00:00\",\"inLanguage\":\"de\",\"potentialAction\":[{\"@type\":\"ReadAction\",\"target\":[\"https:\/\/www.santjosep.net\/de\/aktiver-tourismus\/\"]}]},{\"@type\":\"ImageObject\",\"inLanguage\":\"de\",\"@id\":\"https:\/\/www.santjosep.net\/de\/aktiver-tourismus\/#primaryimage\",\"url\":\"https:\/\/www.santjosep.net\/wp-content\/uploads\/2022\/11\/RR_09550.jpg\",\"contentUrl\":\"https:\/\/www.santjosep.net\/wp-content\/uploads\/2022\/11\/RR_09550.jpg\",\"width\":2500,\"height\":1667},{\"@type\":\"WebSite\",\"@id\":\"https:\/\/www.santjosep.net\/#website\",\"url\":\"https:\/\/www.santjosep.net\/\",\"name\":\"Santjosep.net\",\"description\":\"\",\"potentialAction\":[{\"@type\":\"SearchAction\",\"target\":{\"@type\":\"EntryPoint\",\"urlTemplate\":\"https:\/\/www.santjosep.net\/?s={search_term_string}\"},\"query-input\":{\"@type\":\"PropertyValueSpecification\",\"valueRequired\":true,\"valueName\":\"search_term_string\"}}],\"inLanguage\":\"de\"}]}<\/script>\n<!-- \/ Yoast SEO plugin. -->","yoast_head_json":{"title":"Sportliche Aktivit\u00e4ten in Sant Josep - Ibiza","robots":{"index":"index","follow":"follow","max-snippet":"max-snippet:-1","max-image-preview":"max-image-preview:large","max-video-preview":"max-video-preview:-1"},"canonical":"https:\/\/www.santjosep.net\/de\/aktiver-tourismus\/","og_locale":"de_DE","og_type":"article","og_title":"Sportliche Aktivit\u00e4ten in Sant Josep - Ibiza","og_description":"[vc_row enable_hue_rotation=&#8220;no&#8220; enable_text_marquee=&#8220;no&#8220;][vc_column][vc_column_text]Die Natur und die Geographie von Sant Josep de Sa Talaia sowie das angenehme Klima, das das ganze Jahr \u00fcber hier herrscht, machen diesen Teil Ibizas gewiss sehr aktraktiv. Die Str\u00e4nde und Buchten mit ihrem t\u00fcrkisfarbenen Wasser sowie [&hellip;]","og_url":"https:\/\/www.santjosep.net\/de\/aktiver-tourismus\/","og_site_name":"Santjosep.net","article_modified_time":"2022-01-19T10:43:58+00:00","og_image":[{"width":1024,"height":683,"url":"https:\/\/www.santjosep.net\/wp-content\/uploads\/2022\/11\/RR_09550-1024x683.jpg","type":"image\/jpeg"}],"twitter_card":"summary_large_image","twitter_misc":{"Gesch\u00e4tzte Lesezeit":"1\u00a0Minute"},"schema":{"@context":"https:\/\/schema.org","@graph":[{"@type":"WebPage","@id":"https:\/\/www.santjosep.net\/de\/aktiver-tourismus\/","url":"https:\/\/www.santjosep.net\/de\/aktiver-tourismus\/","name":"Sportliche Aktivit\u00e4ten in Sant Josep - Ibiza","isPartOf":{"@id":"https:\/\/www.santjosep.net\/#website"},"primaryImageOfPage":{"@id":"https:\/\/www.santjosep.net\/de\/aktiver-tourismus\/#primaryimage"},"image":{"@id":"https:\/\/www.santjosep.net\/de\/aktiver-tourismus\/#primaryimage"},"thumbnailUrl":"https:\/\/www.santjosep.net\/wp-content\/uploads\/2022\/11\/RR_09550.jpg","datePublished":"2016-03-08T08:42:58+00:00","dateModified":"2022-01-19T10:43:58+00:00","inLanguage":"de","potentialAction":[{"@type":"ReadAction","target":["https:\/\/www.santjosep.net\/de\/aktiver-tourismus\/"]}]},{"@type":"ImageObject","inLanguage":"de","@id":"https:\/\/www.santjosep.net\/de\/aktiver-tourismus\/#primaryimage","url":"https:\/\/www.santjosep.net\/wp-content\/uploads\/2022\/11\/RR_09550.jpg","contentUrl":"https:\/\/www.santjosep.net\/wp-content\/uploads\/2022\/11\/RR_09550.jpg","width":2500,"height":1667},{"@type":"WebSite","@id":"https:\/\/www.santjosep.net\/#website","url":"https:\/\/www.santjosep.net\/","name":"Santjosep.net","description":"","potentialAction":[{"@type":"SearchAction","target":{"@type":"EntryPoint","urlTemplate":"https:\/\/www.santjosep.net\/?s={search_term_string}"},"query-input":{"@type":"PropertyValueSpecification","valueRequired":true,"valueName":"search_term_string"}}],"inLanguage":"de"}]}},"_links":{"self":[{"href":"https:\/\/www.santjosep.net\/de\/wp-json\/wp\/v2\/pages\/6153","targetHints":{"allow":["GET"]}}],"collection":[{"href":"https:\/\/www.santjosep.net\/de\/wp-json\/wp\/v2\/pages"}],"about":[{"href":"https:\/\/www.santjosep.net\/de\/wp-json\/wp\/v2\/types\/page"}],"author":[{"embeddable":true,"href":"https:\/\/www.santjosep.net\/de\/wp-json\/wp\/v2\/users\/1"}],"replies":[{"embeddable":true,"href":"https:\/\/www.santjosep.net\/de\/wp-json\/wp\/v2\/comments?post=6153"}],"version-history":[{"count":0,"href":"https:\/\/www.santjosep.net\/de\/wp-json\/wp\/v2\/pages\/6153\/revisions"}],"wp:featuredmedia":[{"embeddable":true,"href":"https:\/\/www.santjosep.net\/de\/wp-json\/wp\/v2\/media\/33500"}],"wp:attachment":[{"href":"https:\/\/www.santjosep.net\/de\/wp-json\/wp\/v2\/media?parent=6153"}],"wp:term":[{"taxonomy":"categoria_pagina","embeddable":true,"href":"https:\/\/www.santjosep.net\/de\/wp-json\/wp\/v2\/categoria_pagina?post=6153"}],"curies":[{"name":"wp","href":"https:\/\/api.w.org\/{rel}","templated":true}]}}