{"id":6143,"date":"2016-03-05T16:05:07","date_gmt":"2016-03-05T16:05:07","guid":{"rendered":"https:\/\/www.santjosep.net\/de\/tauchen\/ruta-de-submarinismo-en-isla-sa-conillera\/"},"modified":"2020-01-24T10:29:16","modified_gmt":"2020-01-24T09:29:16","slug":"route-sa-conillera","status":"publish","type":"page","link":"https:\/\/www.santjosep.net\/de\/aktiver-tourismus\/tauchen\/route-sa-conillera\/","title":{"rendered":"Tauchen Route in Sa Conillera &#8211; Ibiza"},"content":{"rendered":"<p>KOORDINATEN DES ANKERPLATZES: 38\u00b0 59\u2019 10,48\u2019\u2019 N | 1\u00b0 12\u2019 51,00\u2019\u2019 E<br \/>\nMAXIMALE WASSERTIEFE: 30 m.<br \/>\nDAUER: 45 min.<br \/>\nSTRECKE: 600 m.<br \/>\nSCHWIERIGKEITSGRAD: Mittel<\/p>\n<p>Sie befinden sich an der Insel Sa Conillera, die zum Naturpark geh\u00f6rt, weshalb Sie hier weder das Boot an Land festmachen noch die Felseninsel betreten d\u00fcrfen.<\/p>\n<p><a href=\"https:\/\/www.santjosep.net\/wp-content\/uploads\/2016\/03\/conillera_IMG_0062-3.jpg\" rel=\"attachment wp-att-5784\"><img loading=\"lazy\" decoding=\"async\" class=\"alignnone size-large wp-image-5784\" src=\"https:\/\/www.santjosep.net\/wp-content\/uploads\/2016\/03\/conillera_IMG_0062-3-1024x683.jpg\" alt=\"conillera_IMG_0062\" width=\"1024\" height=\"683\" srcset=\"https:\/\/www.santjosep.net\/wp-content\/uploads\/2016\/03\/conillera_IMG_0062-3-1024x683.jpg 1024w, https:\/\/www.santjosep.net\/wp-content\/uploads\/2016\/03\/conillera_IMG_0062-3-300x200.jpg 300w, https:\/\/www.santjosep.net\/wp-content\/uploads\/2016\/03\/conillera_IMG_0062-3-768x512.jpg 768w, https:\/\/www.santjosep.net\/wp-content\/uploads\/2016\/03\/conillera_IMG_0062-3.jpg 1200w\" sizes=\"auto, (max-width: 1024px) 100vw, 1024px\" \/><\/a><\/p>\n<p>Der Tauchgang beginnt in einem Bereich namens \u201es\u2019Estany de dins\u201c an der n\u00f6rdlichen Spitze der Bucht. Hier liegt ein kleiner Kanal, der die Landzunge von Norden nach S\u00fcden durchkreuzt. (Achtung, viele kleine Boote mit wenig Tiefgang durchqueren diesen Kanal, deshalb sollten Sie eine zus\u00e4tzliche Tauchboje als Signal verwenden, um unliebsame \u00dcberraschungen zu vermeiden.).<\/p>\n<p>An diesem Punkt betr\u00e4gt die Wassertiefe 5 Meter und eignet sich deshalb als Ankerplatz f\u00fcr Ihr Boot. Unsere Tauchstrecke umrundet fast den gesamten gro\u00dfen Felsen, der vor Ihnen aus dem Meer ragt.<\/p>\n<p>Sobald Sie sich am Meeresgrund befinden, tauchen Sie in Richtung NO und folgen der Felswand auf Ihrer linken Seite f\u00fcr ca. 5 bis 10 Minuten (je nachdem wie schnell Sie schwimmen). Die Strecke verl\u00e4uft in geringer Wassertiefe, die aufgrund einiger Felsabschnitte zwischen 5 und 10 Metern betr\u00e4gt.<\/p>\n<p><a href=\"https:\/\/www.santjosep.net\/wp-content\/uploads\/2016\/03\/orcasub1.jpg\" rel=\"attachment wp-att-6040\"><img loading=\"lazy\" decoding=\"async\" class=\"alignnone size-full wp-image-6040\" src=\"https:\/\/www.santjosep.net\/wp-content\/uploads\/2016\/03\/orcasub1.jpg\" alt=\"orcasub1\" width=\"1000\" height=\"750\" srcset=\"https:\/\/www.santjosep.net\/wp-content\/uploads\/2016\/03\/orcasub1.jpg 1000w, https:\/\/www.santjosep.net\/wp-content\/uploads\/2016\/03\/orcasub1-300x225.jpg 300w, https:\/\/www.santjosep.net\/wp-content\/uploads\/2016\/03\/orcasub1-768x576.jpg 768w\" sizes=\"auto, (max-width: 1000px) 100vw, 1000px\" \/><\/a><\/p>\n<p>Die Felswand dient Ihnen als Orientierungspunkt und \u00e4ndert ihre Ausrichtung von NO nach N und der Meeresgrund f\u00e4llt hier aprubt ab, sodass eine Tiefe von 10 bis 20 Metern erreicht wird.<\/p>\n<p>Ohne sich von der Felswand zu entfernen, werfen Sie einen Blick auf die Oberfl\u00e4che der Wand. Sie werden einige vertikale Einschnitte in den Felsen sehen, die vom Meeresgrund bis zur Wasseroberfl\u00e4che reichen und ein beeindruckendes Gegenlicht erzeugen.<\/p>\n<p>Da die Spalten recht breit sind, kann man sie zum einen umrunden und zum anderen in die Vertiefungen eintauchen. Wenn Sie der Felswand folgen, werden Sie auch kleine H\u00f6hlen und Felsenrisse entdecken, sobald die Wassertiefe zunimmt. Wir raten dringend davon ab, in diese Formationen hineinzutauchen, da sie im Gegensatz zu den vorherigen eng sind und keinen Ausgang besitzen.<\/p>\n<p>Sobald Sie sich wieder in einer Tiefe von 10 Metern befinden, sehen Sie einen Felsbogen, der einen Vorsprung durchst\u00f6\u00dft, der in das tiefe Blau eindringt. An diesem Punkt \u00e4ndert sich die Richtung der Felswand. Ihre Orientierunshilfe verl\u00e4uft nun nach NW. Wenn die Pressluft bis hierhin ausgereicht hat, machen Sie sich auf den R\u00fcckweg, denn normalerwiese betr\u00e4gt an dieser Stelle der Flaschendruck rund 100 Bar.<\/p>\n<p><a href=\"https:\/\/www.santjosep.net\/wp-content\/uploads\/2016\/03\/Norway-group-cuttlefish-w-watermark.jpg\" rel=\"attachment wp-att-6045\"><img loading=\"lazy\" decoding=\"async\" class=\"alignnone size-full wp-image-6045\" src=\"https:\/\/www.santjosep.net\/wp-content\/uploads\/2016\/03\/Norway-group-cuttlefish-w-watermark.jpg\" alt=\"Norway group cuttlefish w watermark\" width=\"1000\" height=\"750\" srcset=\"https:\/\/www.santjosep.net\/wp-content\/uploads\/2016\/03\/Norway-group-cuttlefish-w-watermark.jpg 1000w, https:\/\/www.santjosep.net\/wp-content\/uploads\/2016\/03\/Norway-group-cuttlefish-w-watermark-300x225.jpg 300w, https:\/\/www.santjosep.net\/wp-content\/uploads\/2016\/03\/Norway-group-cuttlefish-w-watermark-768x576.jpg 768w\" sizes=\"auto, (max-width: 1000px) 100vw, 1000px\" \/><\/a><\/p>\n<p>Damit die Pressluft aussreicht, tauchen Sie die gleiche Strecke nur in 10 Meter Tiefe zur\u00fcck. Wenn Sie das Boot erreicht haben, legen Sie einen Sicherheitsstopp ein, bevor es wieder an die Wasseroberfl\u00e4che geht .<\/p>\n<p>Der R\u00fcckweg kann aber auch weiter um den Felsen entlanglaufen, der Ihnen als Orientierungshilfe auf dem Tauchgang dient. F\u00fcr diese Strecke folgen Sie, sobald der Bogen erreicht wurde, der Felswand weiter. Diese \u00e4ndert ihre Richtung von NW nach W. Seien Sie hier besonders aufmerksam, um den Kanal wiederzufinden, der diese Felsformation an der Oberfl\u00e4che durchquert.<\/p>\n<p>Wenn Sie vor dem Tauchgang eine Tauchbboje am Ende des Kanals gesetzt haben, werden Sie keine Schwierigkeit haben, diese und damit auch Ihr Boot wiederzufinden.<\/p>\n<p>Den Sicherheitsstopp legen Sie in 5 Metern Tiefe am Bojenseil ein. Danach tauchen Sie an die Oberfl\u00e4che und schwimmen durch den Kanal zur\u00fcck zum Boot.<\/p>\n<div class=\"gm-map\" style=\"position: relative;height: 200px; width: 200px;\"><iframe name=\"gm-map-1\" allowfullscreen src=\"https:\/\/www.santjosep.net\/de\/?geo_mashup_content=render-map&amp;map_data_key=9745f5461cdcc7a053f5d314f5fe2f8d&amp;lang=de&amp;zoom=11&amp;name=gm-map-1&amp;map_content=contextual&amp;error_comment=&lt;!-- Geo Mashup hat in diesem Kontext keine darzustellenden Objekte gefunden--&gt;\" style=\"position: absolute; top: 0; left: 0; width: 100%; height: 100%; border: none; overflow: hidden;\"><\/iframe><\/div>\n","protected":false},"excerpt":{"rendered":"<p>KOORDINATEN DES ANKERPLATZES: 38\u00b0 59\u2019 10,48\u2019\u2019 N | 1\u00b0 12\u2019 51,00\u2019\u2019 E MAXIMALE WASSERTIEFE: 30 m. DAUER: 45 min. STRECKE: 600 m. SCHWIERIGKEITSGRAD: Mittel Sie befinden sich an der Insel Sa Conillera, die zum Naturpark geh\u00f6rt, weshalb Sie hier weder [&hellip;]<\/p>\n","protected":false},"author":1,"featured_media":5114,"parent":6111,"menu_order":0,"comment_status":"closed","ping_status":"closed","template":"page-actividad.php","meta":{"_acf_changed":false,"inline_featured_image":false,"footnotes":""},"categoria_pagina":[],"class_list":["post-6143","page","type-page","status-publish","has-post-thumbnail","hentry"],"acf":[],"yoast_head":"<!-- This site is optimized with the Yoast SEO plugin v25.7 - https:\/\/yoast.com\/wordpress\/plugins\/seo\/ -->\n<title>Tauchen Route in Sa Conillera - Ibiza - Santjosep.net<\/title>\n<meta name=\"robots\" content=\"index, follow, max-snippet:-1, max-image-preview:large, max-video-preview:-1\" \/>\n<link rel=\"canonical\" href=\"https:\/\/www.santjosep.net\/de\/aktiver-tourismus\/tauchen\/route-sa-conillera\/\" \/>\n<meta property=\"og:locale\" content=\"de_DE\" \/>\n<meta property=\"og:type\" content=\"article\" \/>\n<meta property=\"og:title\" content=\"Tauchen Route in Sa Conillera - Ibiza - Santjosep.net\" \/>\n<meta property=\"og:description\" content=\"KOORDINATEN DES ANKERPLATZES: 38\u00b0 59\u2019 10,48\u2019\u2019 N | 1\u00b0 12\u2019 51,00\u2019\u2019 E MAXIMALE WASSERTIEFE: 30 m. DAUER: 45 min. STRECKE: 600 m. SCHWIERIGKEITSGRAD: Mittel Sie befinden sich an der Insel Sa Conillera, die zum Naturpark geh\u00f6rt, weshalb Sie hier weder [&hellip;]\" \/>\n<meta property=\"og:url\" content=\"https:\/\/www.santjosep.net\/de\/aktiver-tourismus\/tauchen\/route-sa-conillera\/\" \/>\n<meta property=\"og:site_name\" content=\"Santjosep.net\" \/>\n<meta property=\"article:modified_time\" content=\"2020-01-24T09:29:16+00:00\" \/>\n<meta property=\"og:image\" content=\"https:\/\/www.santjosep.net\/wp-content\/uploads\/2016\/03\/conillera_IMG_0062.jpg\" \/>\n\t<meta property=\"og:image:width\" content=\"1200\" \/>\n\t<meta property=\"og:image:height\" content=\"800\" \/>\n\t<meta property=\"og:image:type\" content=\"image\/jpeg\" \/>\n<meta name=\"twitter:card\" content=\"summary_large_image\" \/>\n<meta name=\"twitter:label1\" content=\"Gesch\u00e4tzte Lesezeit\" \/>\n\t<meta name=\"twitter:data1\" content=\"3\u00a0Minuten\" \/>\n<script type=\"application\/ld+json\" class=\"yoast-schema-graph\">{\"@context\":\"https:\/\/schema.org\",\"@graph\":[{\"@type\":\"WebPage\",\"@id\":\"https:\/\/www.santjosep.net\/de\/aktiver-tourismus\/tauchen\/route-sa-conillera\/\",\"url\":\"https:\/\/www.santjosep.net\/de\/aktiver-tourismus\/tauchen\/route-sa-conillera\/\",\"name\":\"Tauchen Route in Sa Conillera - Ibiza - Santjosep.net\",\"isPartOf\":{\"@id\":\"https:\/\/www.santjosep.net\/#website\"},\"primaryImageOfPage\":{\"@id\":\"https:\/\/www.santjosep.net\/de\/aktiver-tourismus\/tauchen\/route-sa-conillera\/#primaryimage\"},\"image\":{\"@id\":\"https:\/\/www.santjosep.net\/de\/aktiver-tourismus\/tauchen\/route-sa-conillera\/#primaryimage\"},\"thumbnailUrl\":\"https:\/\/www.santjosep.net\/wp-content\/uploads\/2016\/03\/conillera_IMG_0062.jpg\",\"datePublished\":\"2016-03-05T16:05:07+00:00\",\"dateModified\":\"2020-01-24T09:29:16+00:00\",\"breadcrumb\":{\"@id\":\"https:\/\/www.santjosep.net\/de\/aktiver-tourismus\/tauchen\/route-sa-conillera\/#breadcrumb\"},\"inLanguage\":\"de\",\"potentialAction\":[{\"@type\":\"ReadAction\",\"target\":[\"https:\/\/www.santjosep.net\/de\/aktiver-tourismus\/tauchen\/route-sa-conillera\/\"]}]},{\"@type\":\"ImageObject\",\"inLanguage\":\"de\",\"@id\":\"https:\/\/www.santjosep.net\/de\/aktiver-tourismus\/tauchen\/route-sa-conillera\/#primaryimage\",\"url\":\"https:\/\/www.santjosep.net\/wp-content\/uploads\/2016\/03\/conillera_IMG_0062.jpg\",\"contentUrl\":\"https:\/\/www.santjosep.net\/wp-content\/uploads\/2016\/03\/conillera_IMG_0062.jpg\",\"width\":1200,\"height\":800},{\"@type\":\"BreadcrumbList\",\"@id\":\"https:\/\/www.santjosep.net\/de\/aktiver-tourismus\/tauchen\/route-sa-conillera\/#breadcrumb\",\"itemListElement\":[{\"@type\":\"ListItem\",\"position\":1,\"name\":\"Aktiver Tourismus\",\"item\":\"https:\/\/www.santjosep.net\/de\/aktiver-tourismus\/\"},{\"@type\":\"ListItem\",\"position\":2,\"name\":\"Tauchen\",\"item\":\"https:\/\/www.santjosep.net\/de\/aktiver-tourismus\/tauchen\/\"},{\"@type\":\"ListItem\",\"position\":3,\"name\":\"Tauchen Route in Sa Conillera &#8211; Ibiza\"}]},{\"@type\":\"WebSite\",\"@id\":\"https:\/\/www.santjosep.net\/#website\",\"url\":\"https:\/\/www.santjosep.net\/\",\"name\":\"Santjosep.net\",\"description\":\"\",\"potentialAction\":[{\"@type\":\"SearchAction\",\"target\":{\"@type\":\"EntryPoint\",\"urlTemplate\":\"https:\/\/www.santjosep.net\/?s={search_term_string}\"},\"query-input\":{\"@type\":\"PropertyValueSpecification\",\"valueRequired\":true,\"valueName\":\"search_term_string\"}}],\"inLanguage\":\"de\"}]}<\/script>\n<!-- \/ Yoast SEO plugin. -->","yoast_head_json":{"title":"Tauchen Route in Sa Conillera - Ibiza - Santjosep.net","robots":{"index":"index","follow":"follow","max-snippet":"max-snippet:-1","max-image-preview":"max-image-preview:large","max-video-preview":"max-video-preview:-1"},"canonical":"https:\/\/www.santjosep.net\/de\/aktiver-tourismus\/tauchen\/route-sa-conillera\/","og_locale":"de_DE","og_type":"article","og_title":"Tauchen Route in Sa Conillera - Ibiza - Santjosep.net","og_description":"KOORDINATEN DES ANKERPLATZES: 38\u00b0 59\u2019 10,48\u2019\u2019 N | 1\u00b0 12\u2019 51,00\u2019\u2019 E MAXIMALE WASSERTIEFE: 30 m. DAUER: 45 min. STRECKE: 600 m. SCHWIERIGKEITSGRAD: Mittel Sie befinden sich an der Insel Sa Conillera, die zum Naturpark geh\u00f6rt, weshalb Sie hier weder [&hellip;]","og_url":"https:\/\/www.santjosep.net\/de\/aktiver-tourismus\/tauchen\/route-sa-conillera\/","og_site_name":"Santjosep.net","article_modified_time":"2020-01-24T09:29:16+00:00","og_image":[{"width":1200,"height":800,"url":"https:\/\/www.santjosep.net\/wp-content\/uploads\/2016\/03\/conillera_IMG_0062.jpg","type":"image\/jpeg"}],"twitter_card":"summary_large_image","twitter_misc":{"Gesch\u00e4tzte Lesezeit":"3\u00a0Minuten"},"schema":{"@context":"https:\/\/schema.org","@graph":[{"@type":"WebPage","@id":"https:\/\/www.santjosep.net\/de\/aktiver-tourismus\/tauchen\/route-sa-conillera\/","url":"https:\/\/www.santjosep.net\/de\/aktiver-tourismus\/tauchen\/route-sa-conillera\/","name":"Tauchen Route in Sa Conillera - Ibiza - Santjosep.net","isPartOf":{"@id":"https:\/\/www.santjosep.net\/#website"},"primaryImageOfPage":{"@id":"https:\/\/www.santjosep.net\/de\/aktiver-tourismus\/tauchen\/route-sa-conillera\/#primaryimage"},"image":{"@id":"https:\/\/www.santjosep.net\/de\/aktiver-tourismus\/tauchen\/route-sa-conillera\/#primaryimage"},"thumbnailUrl":"https:\/\/www.santjosep.net\/wp-content\/uploads\/2016\/03\/conillera_IMG_0062.jpg","datePublished":"2016-03-05T16:05:07+00:00","dateModified":"2020-01-24T09:29:16+00:00","breadcrumb":{"@id":"https:\/\/www.santjosep.net\/de\/aktiver-tourismus\/tauchen\/route-sa-conillera\/#breadcrumb"},"inLanguage":"de","potentialAction":[{"@type":"ReadAction","target":["https:\/\/www.santjosep.net\/de\/aktiver-tourismus\/tauchen\/route-sa-conillera\/"]}]},{"@type":"ImageObject","inLanguage":"de","@id":"https:\/\/www.santjosep.net\/de\/aktiver-tourismus\/tauchen\/route-sa-conillera\/#primaryimage","url":"https:\/\/www.santjosep.net\/wp-content\/uploads\/2016\/03\/conillera_IMG_0062.jpg","contentUrl":"https:\/\/www.santjosep.net\/wp-content\/uploads\/2016\/03\/conillera_IMG_0062.jpg","width":1200,"height":800},{"@type":"BreadcrumbList","@id":"https:\/\/www.santjosep.net\/de\/aktiver-tourismus\/tauchen\/route-sa-conillera\/#breadcrumb","itemListElement":[{"@type":"ListItem","position":1,"name":"Aktiver Tourismus","item":"https:\/\/www.santjosep.net\/de\/aktiver-tourismus\/"},{"@type":"ListItem","position":2,"name":"Tauchen","item":"https:\/\/www.santjosep.net\/de\/aktiver-tourismus\/tauchen\/"},{"@type":"ListItem","position":3,"name":"Tauchen Route in Sa Conillera &#8211; Ibiza"}]},{"@type":"WebSite","@id":"https:\/\/www.santjosep.net\/#website","url":"https:\/\/www.santjosep.net\/","name":"Santjosep.net","description":"","potentialAction":[{"@type":"SearchAction","target":{"@type":"EntryPoint","urlTemplate":"https:\/\/www.santjosep.net\/?s={search_term_string}"},"query-input":{"@type":"PropertyValueSpecification","valueRequired":true,"valueName":"search_term_string"}}],"inLanguage":"de"}]}},"_links":{"self":[{"href":"https:\/\/www.santjosep.net\/de\/wp-json\/wp\/v2\/pages\/6143","targetHints":{"allow":["GET"]}}],"collection":[{"href":"https:\/\/www.santjosep.net\/de\/wp-json\/wp\/v2\/pages"}],"about":[{"href":"https:\/\/www.santjosep.net\/de\/wp-json\/wp\/v2\/types\/page"}],"author":[{"embeddable":true,"href":"https:\/\/www.santjosep.net\/de\/wp-json\/wp\/v2\/users\/1"}],"replies":[{"embeddable":true,"href":"https:\/\/www.santjosep.net\/de\/wp-json\/wp\/v2\/comments?post=6143"}],"version-history":[{"count":0,"href":"https:\/\/www.santjosep.net\/de\/wp-json\/wp\/v2\/pages\/6143\/revisions"}],"up":[{"embeddable":true,"href":"https:\/\/www.santjosep.net\/de\/wp-json\/wp\/v2\/pages\/6111"}],"wp:featuredmedia":[{"embeddable":true,"href":"https:\/\/www.santjosep.net\/de\/wp-json\/wp\/v2\/media\/5114"}],"wp:attachment":[{"href":"https:\/\/www.santjosep.net\/de\/wp-json\/wp\/v2\/media?parent=6143"}],"wp:term":[{"taxonomy":"categoria_pagina","embeddable":true,"href":"https:\/\/www.santjosep.net\/de\/wp-json\/wp\/v2\/categoria_pagina?post=6143"}],"curies":[{"name":"wp","href":"https:\/\/api.w.org\/{rel}","templated":true}]}}