{"id":6137,"date":"2016-03-05T15:51:18","date_gmt":"2016-03-05T15:51:18","guid":{"rendered":"https:\/\/www.santjosep.net\/de\/buceo\/ruta-submarinismo-cala-vadella-ibiza\/"},"modified":"2020-01-24T10:29:31","modified_gmt":"2020-01-24T09:29:31","slug":"route-cala-vadella","status":"publish","type":"page","link":"https:\/\/www.santjosep.net\/de\/aktiver-tourismus\/tauchen\/route-cala-vadella\/","title":{"rendered":"Tauchen Route in Cala Vadella &#8211; Ibiza"},"content":{"rendered":"<p>KOORDINATEN DES ANKERPLATZES: 38\u00b0 54\u2019 51,86\u2019\u2019 N | 1\u00b0 13\u2019 24,73\u2019\u2019 E<br \/>\nMAXIMALE WASSERTIEFE: 25 m.<br \/>\nDAUER: 45 min.<br \/>\nSTRECKE: 500 m.<br \/>\nSCHWIERIGKEITSGRAD: Mittel<\/p>\n<p>Cala Vedella ist eine Bucht mit vielen Tauchpl\u00e4tzen. Einer der bekanntesten befindet sich auf der Nordseite dort, wo ein felsiger K\u00fcstenabschnitt in das Meer hinausragt.<\/p>\n<p><a href=\"https:\/\/www.santjosep.net\/wp-content\/uploads\/2016\/03\/IMG_0948.jpg\" rel=\"attachment wp-att-6093\"><img loading=\"lazy\" decoding=\"async\" class=\"alignnone size-large wp-image-6093\" src=\"https:\/\/www.santjosep.net\/wp-content\/uploads\/2016\/03\/IMG_0948-1024x683.jpg\" alt=\"IMG_0948\" width=\"1024\" height=\"683\" srcset=\"https:\/\/www.santjosep.net\/wp-content\/uploads\/2016\/03\/IMG_0948-1024x683.jpg 1024w, https:\/\/www.santjosep.net\/wp-content\/uploads\/2016\/03\/IMG_0948-300x200.jpg 300w, https:\/\/www.santjosep.net\/wp-content\/uploads\/2016\/03\/IMG_0948-768x512.jpg 768w, https:\/\/www.santjosep.net\/wp-content\/uploads\/2016\/03\/IMG_0948.jpg 1200w\" sizes=\"auto, (max-width: 1024px) 100vw, 1024px\" \/><\/a><\/p>\n<p>Um zu diesem Abschnitt zu gelangen, m\u00fcssen Sie zu dem kleinen Pfad finden, der sich, nachdem Sie die letzte Kurve auf dem Weg zur Bucht hinter sich gelassen haben, auf der rechten Seite bei einer kleinen Plattform befindet. Von hier aus k\u00f6nnen Sie bereits den Strand erblicken. Der Pfad f\u00fchrt Sie dann zu einigen Fischerh\u00fctten, dies wird der Ausgangspunkt f\u00fcr den Tauchgang sein.<\/p>\n<p>Sobald Sie sich im Wasser befinden, folgen Sie der K\u00fcste in Richtung S\u00fcden. So erreichen Sie den felsigen K\u00fcstenabschnitt, wo die interessanteste Zone f\u00fcr diesen Tauchgang liegt.<\/p>\n<p><a href=\"https:\/\/www.santjosep.net\/wp-content\/uploads\/2016\/03\/photo-010-w-watermark.jpg\" rel=\"attachment wp-att-6096\"><img loading=\"lazy\" decoding=\"async\" class=\"alignnone size-large wp-image-6096\" src=\"https:\/\/www.santjosep.net\/wp-content\/uploads\/2016\/03\/photo-010-w-watermark-1024x768.jpg\" alt=\"photo 010 w watermark\" width=\"1024\" height=\"768\" srcset=\"https:\/\/www.santjosep.net\/wp-content\/uploads\/2016\/03\/photo-010-w-watermark-1024x768.jpg 1024w, https:\/\/www.santjosep.net\/wp-content\/uploads\/2016\/03\/photo-010-w-watermark-300x225.jpg 300w, https:\/\/www.santjosep.net\/wp-content\/uploads\/2016\/03\/photo-010-w-watermark-768x576.jpg 768w\" sizes=\"auto, (max-width: 1024px) 100vw, 1024px\" \/><\/a><\/p>\n<p>Lassen Sie die Felswand zu Ihrer Linken hinter sich, die Wassertiefe nimmt ab hier zu (5 Meter zu Beginn und je weiter Sie sich vom Ausgangspunkt entfernen, desto tiefer wird das Wasser). Wenn Sie in 20 Meter Tiefe einen \u00a0Wellenbrecher aus gro\u00dfen Felsbl\u00f6cken auf sandigem Meeresgrund ausmachen k\u00f6nnen, dann sind Sie auf dem richtigen Weg.<\/p>\n<p>Wenn Sie sich an dieser Stelle etwas aufhalten und die gro\u00dfen Felsen einmal n\u00e4her untersuchen, ist es gut m\u00f6glich, dass Sie auf den ein oder anderen ausgewachsenen Zackenbarsch treffen oder auf einen Schwarm Gei\u00dfbrassen sto\u00dfen, die hier in den balkonartigen Felsformationen hin- und herschwimmen.<\/p>\n<p>Sobald der Wellenbrecher hinter Ihnen verschwindet, beginnt ein Felsenriff, an dem die Wassertiefe stark zunimmt. Hier ist es ganz normal, auf Hochseefische zu sto\u00dfen. Wenn Sie dem felsigen K\u00fcstenarm folgen, sollten Sie die Zeit und die Tiefe im Auge behalten, da hier auf kurzer Entfernung eine Wassertiefe von 40 Metern erreicht werden kann.<\/p>\n<p><a href=\"https:\/\/www.santjosep.net\/wp-content\/uploads\/2016\/03\/Buceo-4.jpg\" rel=\"attachment wp-att-6394\"><img loading=\"lazy\" decoding=\"async\" class=\"alignnone size-large wp-image-6394\" src=\"https:\/\/www.santjosep.net\/wp-content\/uploads\/2016\/03\/Buceo-4-1024x768.jpg\" alt=\"Buceo 4\" width=\"1024\" height=\"768\" srcset=\"https:\/\/www.santjosep.net\/wp-content\/uploads\/2016\/03\/Buceo-4-1024x768.jpg 1024w, https:\/\/www.santjosep.net\/wp-content\/uploads\/2016\/03\/Buceo-4-300x225.jpg 300w, https:\/\/www.santjosep.net\/wp-content\/uploads\/2016\/03\/Buceo-4-768x576.jpg 768w\" sizes=\"auto, (max-width: 1024px) 100vw, 1024px\" \/><\/a><\/p>\n<p>F\u00fcr den R\u00fcckweg empfiehlt es sich, denselben Weg wieder zu nehmen jedoch in geringerer Wassertiefe, damit es zu keinen Komplikationen in Bezug auf die Luftversorgung oder die Grundzeit kommt.<\/p>\n<div class=\"gm-map\" style=\"position: relative;height: 200px; width: 200px;\"><iframe name=\"gm-map-1\" allowfullscreen src=\"https:\/\/www.santjosep.net\/de\/?geo_mashup_content=render-map&amp;map_data_key=9745f5461cdcc7a053f5d314f5fe2f8d&amp;lang=de&amp;zoom=11&amp;name=gm-map-1&amp;map_content=contextual&amp;error_comment=&lt;!-- Geo Mashup hat in diesem Kontext keine darzustellenden Objekte gefunden--&gt;\" style=\"position: absolute; top: 0; left: 0; width: 100%; height: 100%; border: none; overflow: hidden;\"><\/iframe><\/div>\n","protected":false},"excerpt":{"rendered":"<p>KOORDINATEN DES ANKERPLATZES: 38\u00b0 54\u2019 51,86\u2019\u2019 N | 1\u00b0 13\u2019 24,73\u2019\u2019 E MAXIMALE WASSERTIEFE: 25 m. DAUER: 45 min. STRECKE: 500 m. SCHWIERIGKEITSGRAD: Mittel Cala Vedella ist eine Bucht mit vielen Tauchpl\u00e4tzen. Einer der bekanntesten befindet sich auf der Nordseite [&hellip;]<\/p>\n","protected":false},"author":1,"featured_media":5408,"parent":6111,"menu_order":0,"comment_status":"closed","ping_status":"closed","template":"page-actividad.php","meta":{"_acf_changed":false,"inline_featured_image":false,"footnotes":""},"categoria_pagina":[],"class_list":["post-6137","page","type-page","status-publish","has-post-thumbnail","hentry"],"acf":[],"yoast_head":"<!-- This site is optimized with the Yoast SEO plugin v25.7 - https:\/\/yoast.com\/wordpress\/plugins\/seo\/ -->\n<title>Tauchen Route in Cala Vadella - Ibiza - Santjosep.net<\/title>\n<meta name=\"robots\" content=\"index, follow, max-snippet:-1, max-image-preview:large, max-video-preview:-1\" \/>\n<link rel=\"canonical\" href=\"https:\/\/www.santjosep.net\/de\/aktiver-tourismus\/tauchen\/route-cala-vadella\/\" \/>\n<meta property=\"og:locale\" content=\"de_DE\" \/>\n<meta property=\"og:type\" content=\"article\" \/>\n<meta property=\"og:title\" content=\"Tauchen Route in Cala Vadella - Ibiza - Santjosep.net\" \/>\n<meta property=\"og:description\" content=\"KOORDINATEN DES ANKERPLATZES: 38\u00b0 54\u2019 51,86\u2019\u2019 N | 1\u00b0 13\u2019 24,73\u2019\u2019 E MAXIMALE WASSERTIEFE: 25 m. DAUER: 45 min. STRECKE: 500 m. SCHWIERIGKEITSGRAD: Mittel Cala Vedella ist eine Bucht mit vielen Tauchpl\u00e4tzen. Einer der bekanntesten befindet sich auf der Nordseite [&hellip;]\" \/>\n<meta property=\"og:url\" content=\"https:\/\/www.santjosep.net\/de\/aktiver-tourismus\/tauchen\/route-cala-vadella\/\" \/>\n<meta property=\"og:site_name\" content=\"Santjosep.net\" \/>\n<meta property=\"article:modified_time\" content=\"2020-01-24T09:29:31+00:00\" \/>\n<meta property=\"og:image\" content=\"https:\/\/www.santjosep.net\/wp-content\/uploads\/2016\/03\/IMG_0955.jpg\" \/>\n\t<meta property=\"og:image:width\" content=\"1200\" \/>\n\t<meta property=\"og:image:height\" content=\"800\" \/>\n\t<meta property=\"og:image:type\" content=\"image\/jpeg\" \/>\n<meta name=\"twitter:card\" content=\"summary_large_image\" \/>\n<meta name=\"twitter:label1\" content=\"Gesch\u00e4tzte Lesezeit\" \/>\n\t<meta name=\"twitter:data1\" content=\"2\u00a0Minuten\" \/>\n<script type=\"application\/ld+json\" class=\"yoast-schema-graph\">{\"@context\":\"https:\/\/schema.org\",\"@graph\":[{\"@type\":\"WebPage\",\"@id\":\"https:\/\/www.santjosep.net\/de\/aktiver-tourismus\/tauchen\/route-cala-vadella\/\",\"url\":\"https:\/\/www.santjosep.net\/de\/aktiver-tourismus\/tauchen\/route-cala-vadella\/\",\"name\":\"Tauchen Route in Cala Vadella - Ibiza - Santjosep.net\",\"isPartOf\":{\"@id\":\"https:\/\/www.santjosep.net\/#website\"},\"primaryImageOfPage\":{\"@id\":\"https:\/\/www.santjosep.net\/de\/aktiver-tourismus\/tauchen\/route-cala-vadella\/#primaryimage\"},\"image\":{\"@id\":\"https:\/\/www.santjosep.net\/de\/aktiver-tourismus\/tauchen\/route-cala-vadella\/#primaryimage\"},\"thumbnailUrl\":\"https:\/\/www.santjosep.net\/wp-content\/uploads\/2016\/03\/IMG_0955.jpg\",\"datePublished\":\"2016-03-05T15:51:18+00:00\",\"dateModified\":\"2020-01-24T09:29:31+00:00\",\"breadcrumb\":{\"@id\":\"https:\/\/www.santjosep.net\/de\/aktiver-tourismus\/tauchen\/route-cala-vadella\/#breadcrumb\"},\"inLanguage\":\"de\",\"potentialAction\":[{\"@type\":\"ReadAction\",\"target\":[\"https:\/\/www.santjosep.net\/de\/aktiver-tourismus\/tauchen\/route-cala-vadella\/\"]}]},{\"@type\":\"ImageObject\",\"inLanguage\":\"de\",\"@id\":\"https:\/\/www.santjosep.net\/de\/aktiver-tourismus\/tauchen\/route-cala-vadella\/#primaryimage\",\"url\":\"https:\/\/www.santjosep.net\/wp-content\/uploads\/2016\/03\/IMG_0955.jpg\",\"contentUrl\":\"https:\/\/www.santjosep.net\/wp-content\/uploads\/2016\/03\/IMG_0955.jpg\",\"width\":1200,\"height\":800},{\"@type\":\"BreadcrumbList\",\"@id\":\"https:\/\/www.santjosep.net\/de\/aktiver-tourismus\/tauchen\/route-cala-vadella\/#breadcrumb\",\"itemListElement\":[{\"@type\":\"ListItem\",\"position\":1,\"name\":\"Aktiver Tourismus\",\"item\":\"https:\/\/www.santjosep.net\/de\/aktiver-tourismus\/\"},{\"@type\":\"ListItem\",\"position\":2,\"name\":\"Tauchen\",\"item\":\"https:\/\/www.santjosep.net\/de\/aktiver-tourismus\/tauchen\/\"},{\"@type\":\"ListItem\",\"position\":3,\"name\":\"Tauchen Route in Cala Vadella &#8211; Ibiza\"}]},{\"@type\":\"WebSite\",\"@id\":\"https:\/\/www.santjosep.net\/#website\",\"url\":\"https:\/\/www.santjosep.net\/\",\"name\":\"Santjosep.net\",\"description\":\"\",\"potentialAction\":[{\"@type\":\"SearchAction\",\"target\":{\"@type\":\"EntryPoint\",\"urlTemplate\":\"https:\/\/www.santjosep.net\/?s={search_term_string}\"},\"query-input\":{\"@type\":\"PropertyValueSpecification\",\"valueRequired\":true,\"valueName\":\"search_term_string\"}}],\"inLanguage\":\"de\"}]}<\/script>\n<!-- \/ Yoast SEO plugin. -->","yoast_head_json":{"title":"Tauchen Route in Cala Vadella - Ibiza - Santjosep.net","robots":{"index":"index","follow":"follow","max-snippet":"max-snippet:-1","max-image-preview":"max-image-preview:large","max-video-preview":"max-video-preview:-1"},"canonical":"https:\/\/www.santjosep.net\/de\/aktiver-tourismus\/tauchen\/route-cala-vadella\/","og_locale":"de_DE","og_type":"article","og_title":"Tauchen Route in Cala Vadella - Ibiza - Santjosep.net","og_description":"KOORDINATEN DES ANKERPLATZES: 38\u00b0 54\u2019 51,86\u2019\u2019 N | 1\u00b0 13\u2019 24,73\u2019\u2019 E MAXIMALE WASSERTIEFE: 25 m. DAUER: 45 min. STRECKE: 500 m. SCHWIERIGKEITSGRAD: Mittel Cala Vedella ist eine Bucht mit vielen Tauchpl\u00e4tzen. Einer der bekanntesten befindet sich auf der Nordseite [&hellip;]","og_url":"https:\/\/www.santjosep.net\/de\/aktiver-tourismus\/tauchen\/route-cala-vadella\/","og_site_name":"Santjosep.net","article_modified_time":"2020-01-24T09:29:31+00:00","og_image":[{"width":1200,"height":800,"url":"https:\/\/www.santjosep.net\/wp-content\/uploads\/2016\/03\/IMG_0955.jpg","type":"image\/jpeg"}],"twitter_card":"summary_large_image","twitter_misc":{"Gesch\u00e4tzte Lesezeit":"2\u00a0Minuten"},"schema":{"@context":"https:\/\/schema.org","@graph":[{"@type":"WebPage","@id":"https:\/\/www.santjosep.net\/de\/aktiver-tourismus\/tauchen\/route-cala-vadella\/","url":"https:\/\/www.santjosep.net\/de\/aktiver-tourismus\/tauchen\/route-cala-vadella\/","name":"Tauchen Route in Cala Vadella - Ibiza - Santjosep.net","isPartOf":{"@id":"https:\/\/www.santjosep.net\/#website"},"primaryImageOfPage":{"@id":"https:\/\/www.santjosep.net\/de\/aktiver-tourismus\/tauchen\/route-cala-vadella\/#primaryimage"},"image":{"@id":"https:\/\/www.santjosep.net\/de\/aktiver-tourismus\/tauchen\/route-cala-vadella\/#primaryimage"},"thumbnailUrl":"https:\/\/www.santjosep.net\/wp-content\/uploads\/2016\/03\/IMG_0955.jpg","datePublished":"2016-03-05T15:51:18+00:00","dateModified":"2020-01-24T09:29:31+00:00","breadcrumb":{"@id":"https:\/\/www.santjosep.net\/de\/aktiver-tourismus\/tauchen\/route-cala-vadella\/#breadcrumb"},"inLanguage":"de","potentialAction":[{"@type":"ReadAction","target":["https:\/\/www.santjosep.net\/de\/aktiver-tourismus\/tauchen\/route-cala-vadella\/"]}]},{"@type":"ImageObject","inLanguage":"de","@id":"https:\/\/www.santjosep.net\/de\/aktiver-tourismus\/tauchen\/route-cala-vadella\/#primaryimage","url":"https:\/\/www.santjosep.net\/wp-content\/uploads\/2016\/03\/IMG_0955.jpg","contentUrl":"https:\/\/www.santjosep.net\/wp-content\/uploads\/2016\/03\/IMG_0955.jpg","width":1200,"height":800},{"@type":"BreadcrumbList","@id":"https:\/\/www.santjosep.net\/de\/aktiver-tourismus\/tauchen\/route-cala-vadella\/#breadcrumb","itemListElement":[{"@type":"ListItem","position":1,"name":"Aktiver Tourismus","item":"https:\/\/www.santjosep.net\/de\/aktiver-tourismus\/"},{"@type":"ListItem","position":2,"name":"Tauchen","item":"https:\/\/www.santjosep.net\/de\/aktiver-tourismus\/tauchen\/"},{"@type":"ListItem","position":3,"name":"Tauchen Route in Cala Vadella &#8211; Ibiza"}]},{"@type":"WebSite","@id":"https:\/\/www.santjosep.net\/#website","url":"https:\/\/www.santjosep.net\/","name":"Santjosep.net","description":"","potentialAction":[{"@type":"SearchAction","target":{"@type":"EntryPoint","urlTemplate":"https:\/\/www.santjosep.net\/?s={search_term_string}"},"query-input":{"@type":"PropertyValueSpecification","valueRequired":true,"valueName":"search_term_string"}}],"inLanguage":"de"}]}},"_links":{"self":[{"href":"https:\/\/www.santjosep.net\/de\/wp-json\/wp\/v2\/pages\/6137","targetHints":{"allow":["GET"]}}],"collection":[{"href":"https:\/\/www.santjosep.net\/de\/wp-json\/wp\/v2\/pages"}],"about":[{"href":"https:\/\/www.santjosep.net\/de\/wp-json\/wp\/v2\/types\/page"}],"author":[{"embeddable":true,"href":"https:\/\/www.santjosep.net\/de\/wp-json\/wp\/v2\/users\/1"}],"replies":[{"embeddable":true,"href":"https:\/\/www.santjosep.net\/de\/wp-json\/wp\/v2\/comments?post=6137"}],"version-history":[{"count":0,"href":"https:\/\/www.santjosep.net\/de\/wp-json\/wp\/v2\/pages\/6137\/revisions"}],"up":[{"embeddable":true,"href":"https:\/\/www.santjosep.net\/de\/wp-json\/wp\/v2\/pages\/6111"}],"wp:featuredmedia":[{"embeddable":true,"href":"https:\/\/www.santjosep.net\/de\/wp-json\/wp\/v2\/media\/5408"}],"wp:attachment":[{"href":"https:\/\/www.santjosep.net\/de\/wp-json\/wp\/v2\/media?parent=6137"}],"wp:term":[{"taxonomy":"categoria_pagina","embeddable":true,"href":"https:\/\/www.santjosep.net\/de\/wp-json\/wp\/v2\/categoria_pagina?post=6137"}],"curies":[{"name":"wp","href":"https:\/\/api.w.org\/{rel}","templated":true}]}}