{"id":6116,"date":"2016-03-04T12:48:14","date_gmt":"2016-03-04T12:48:14","guid":{"rendered":"https:\/\/www.santjosep.net\/de\/buceo\/ruta-de-submarinismo-en-cala-dhort\/"},"modified":"2020-01-24T10:29:58","modified_gmt":"2020-01-24T09:29:58","slug":"route-cala-d-hort","status":"publish","type":"page","link":"https:\/\/www.santjosep.net\/de\/aktiver-tourismus\/tauchen\/route-cala-d-hort\/","title":{"rendered":"Tauchen Route in Cala d&#8217;Hort &#8211; Ibiza"},"content":{"rendered":"<p>KOORDINATEN DES ANKERPLATZES: 38\u00b0 53\u2019 20,44\u2019\u2019 N | 1\u00b0 13\u2019 29,26\u2019\u2019 E<br \/>\nMAXIMALE WASSERTIEFE: 10 m.<br \/>\nDAUER: 45 min.<br \/>\nSTRECKE: 500 m.<br \/>\nSCHWIERIGKEITSGRAD: Leicht<\/p>\n<p>Diese wundersch\u00f6ne Bucht befindet sich im Naturpark Cala d\u2019Hort und eignet sich hervorragend f\u00fcr Tauchanf\u00e4nger, die auf eigene Faust in einem einfachen Gebiet in die Unterwasserwelt eintauchen m\u00f6chten. Aufgrund des sandigen Meeresgrundes, den teilweise felsigen Abschnitten und den gro\u00dffl\u00e4chigen Neptungraswiesen ist das Wasser hier besonders klar und und es herrschen ausgezeichnete Sichtverh\u00e4ltnisse.<\/p>\n<p><a href=\"https:\/\/www.santjosep.net\/wp-content\/uploads\/2016\/01\/caladhort_IMG_3943.jpg\" rel=\"attachment wp-att-4621\"><img loading=\"lazy\" decoding=\"async\" class=\"alignnone size-full wp-image-4621\" src=\"https:\/\/www.santjosep.net\/wp-content\/uploads\/2016\/01\/caladhort_IMG_3943.jpg\" alt=\"caladhort_IMG_3943\" width=\"1200\" height=\"800\" srcset=\"https:\/\/www.santjosep.net\/wp-content\/uploads\/2016\/01\/caladhort_IMG_3943.jpg 1200w, https:\/\/www.santjosep.net\/wp-content\/uploads\/2016\/01\/caladhort_IMG_3943-300x200.jpg 300w, https:\/\/www.santjosep.net\/wp-content\/uploads\/2016\/01\/caladhort_IMG_3943-768x512.jpg 768w, https:\/\/www.santjosep.net\/wp-content\/uploads\/2016\/01\/caladhort_IMG_3943-1024x683.jpg 1024w\" sizes=\"auto, (max-width: 1200px) 100vw, 1200px\" \/><\/a><\/p>\n<p>Zu Beginn des Tauchgangs begeben Sie sich an den s\u00fcdlichen Teil des Strandes, gleich hinter einem kleinen felisgen Pier, der Ihnen den Zugang zum Wasser erleichtern wird. Die durschnittliche Wassertiefe betr\u00e4gt hier zwischen 5 und 10 Metern, weshalb Sie sich \u00fcber die Grundzeit keine Sorgen machen m\u00fcssen. Tauchen Sie in Richtung S\u00fcden und auf dem R\u00fcckweg in Richtung Norden.<\/p>\n<p>Wir empfehlen Ihnen in einer Tiefe von 10 Metern zu tauchen, da man hier zu den felsigen Abschnitten gelangt, in denen normalerweise die ausgewachsenen Fische vorzufinden sind.<\/p>\n<p>Werfen Sie unbedingt auch einen Blick auf die Neptungraswiesen, denn hier wohnen zahlreiche Fische und wirbellose Tiere, die sicherlich jeden, der von Kleinstlebewesen begeistern ist, faszinieren wird.<\/p>\n<p><a href=\"https:\/\/www.santjosep.net\/wp-content\/uploads\/2016\/03\/fondomarino-posidonia.jpg\" rel=\"attachment wp-att-5582\"><img loading=\"lazy\" decoding=\"async\" class=\"alignnone size-full wp-image-5582\" src=\"https:\/\/www.santjosep.net\/wp-content\/uploads\/2016\/03\/fondomarino-posidonia.jpg\" alt=\"fondomarino,-posidonia\" width=\"1000\" height=\"548\" srcset=\"https:\/\/www.santjosep.net\/wp-content\/uploads\/2016\/03\/fondomarino-posidonia.jpg 1000w, https:\/\/www.santjosep.net\/wp-content\/uploads\/2016\/03\/fondomarino-posidonia-300x164.jpg 300w, https:\/\/www.santjosep.net\/wp-content\/uploads\/2016\/03\/fondomarino-posidonia-768x421.jpg 768w\" sizes=\"auto, (max-width: 1000px) 100vw, 1000px\" \/><\/a><\/p>\n<p>In den sandigen Abschnitten, die sich auf der ganzen Tauchstrecke befinden, sind ebenfalls Unmengen an Organismen zu sehen \u2013 auch wenn es auf den ersten Blick nicht danach aussieht. Doch mit etwas Geduld werden Sie diese sicherlich entdecken.<\/p>\n<p>Da es viele verschiedene Tauchstrecken in dieser Zone gibt, sollten Sie, um nicht die Orientierung zu verlieren, einen Kompass bei sich tragen und die Wassertiefe als konstanten Anhaltspunkt in diesem Gebiet nutzen.<\/p>\n<p><a href=\"https:\/\/www.santjosep.net\/wp-content\/uploads\/2016\/03\/photo-003-w-watermark.jpg\" rel=\"attachment wp-att-6067\"><img loading=\"lazy\" decoding=\"async\" class=\"alignnone size-full wp-image-6067\" src=\"https:\/\/www.santjosep.net\/wp-content\/uploads\/2016\/03\/photo-003-w-watermark.jpg\" alt=\"photo 003 w watermark\" width=\"1000\" height=\"750\" srcset=\"https:\/\/www.santjosep.net\/wp-content\/uploads\/2016\/03\/photo-003-w-watermark.jpg 1000w, https:\/\/www.santjosep.net\/wp-content\/uploads\/2016\/03\/photo-003-w-watermark-300x225.jpg 300w, https:\/\/www.santjosep.net\/wp-content\/uploads\/2016\/03\/photo-003-w-watermark-768x576.jpg 768w\" sizes=\"auto, (max-width: 1000px) 100vw, 1000px\" \/><\/a><\/p>\n<p>Auf dem R\u00fcckweg k\u00f6nnen Sie auch in geringerer Wassertiefe tauchen oder Sie nehmen den gleichen Weg wie zuvor. Wir empfehlen Ihnen jedoch, sich nicht ins tiefere Wasser zu begeben.<\/p>\n<p>Wie \u00a0bei allen Tauchg\u00e4ngen ist eine Kennzeichnung, sei es vom Boot aus mit der Alphaflagge oder mit einer Tauchboje mit der entsprechenden Flagge, obligatorisch und unabdingbar. Nur so sind andere Boote in der Lage, Sie auszumachen und eine Mindestdistanz zu den Tauchern einzuhalten.<\/p>\n<div class=\"gm-map\" style=\"position: relative;height: 200px; width: 200px;\"><iframe name=\"gm-map-1\" allowfullscreen src=\"https:\/\/www.santjosep.net\/de\/?geo_mashup_content=render-map&amp;map_data_key=9745f5461cdcc7a053f5d314f5fe2f8d&amp;lang=de&amp;zoom=11&amp;name=gm-map-1&amp;map_content=contextual&amp;error_comment=&lt;!-- Geo Mashup hat in diesem Kontext keine darzustellenden Objekte gefunden--&gt;\" style=\"position: absolute; top: 0; left: 0; width: 100%; height: 100%; border: none; overflow: hidden;\"><\/iframe><\/div>\n","protected":false},"excerpt":{"rendered":"<p>KOORDINATEN DES ANKERPLATZES: 38\u00b0 53\u2019 20,44\u2019\u2019 N | 1\u00b0 13\u2019 29,26\u2019\u2019 E MAXIMALE WASSERTIEFE: 10 m. DAUER: 45 min. STRECKE: 500 m. SCHWIERIGKEITSGRAD: Leicht Diese wundersch\u00f6ne Bucht befindet sich im Naturpark Cala d\u2019Hort und eignet sich hervorragend f\u00fcr Tauchanf\u00e4nger, die [&hellip;]<\/p>\n","protected":false},"author":1,"featured_media":5097,"parent":6111,"menu_order":0,"comment_status":"closed","ping_status":"closed","template":"page-actividad.php","meta":{"_acf_changed":false,"inline_featured_image":false,"footnotes":""},"categoria_pagina":[],"class_list":["post-6116","page","type-page","status-publish","has-post-thumbnail","hentry"],"acf":[],"yoast_head":"<!-- This site is optimized with the Yoast SEO plugin v25.7 - https:\/\/yoast.com\/wordpress\/plugins\/seo\/ -->\n<title>Tauchen Route in Cala d&#039;Hort - Ibiza - Santjosep.net<\/title>\n<meta name=\"robots\" content=\"index, follow, max-snippet:-1, max-image-preview:large, max-video-preview:-1\" \/>\n<link rel=\"canonical\" href=\"https:\/\/www.santjosep.net\/de\/aktiver-tourismus\/tauchen\/route-cala-d-hort\/\" \/>\n<meta property=\"og:locale\" content=\"de_DE\" \/>\n<meta property=\"og:type\" content=\"article\" \/>\n<meta property=\"og:title\" content=\"Tauchen Route in Cala d&#039;Hort - Ibiza - Santjosep.net\" \/>\n<meta property=\"og:description\" content=\"KOORDINATEN DES ANKERPLATZES: 38\u00b0 53\u2019 20,44\u2019\u2019 N | 1\u00b0 13\u2019 29,26\u2019\u2019 E MAXIMALE WASSERTIEFE: 10 m. DAUER: 45 min. STRECKE: 500 m. SCHWIERIGKEITSGRAD: Leicht Diese wundersch\u00f6ne Bucht befindet sich im Naturpark Cala d\u2019Hort und eignet sich hervorragend f\u00fcr Tauchanf\u00e4nger, die [&hellip;]\" \/>\n<meta property=\"og:url\" content=\"https:\/\/www.santjosep.net\/de\/aktiver-tourismus\/tauchen\/route-cala-d-hort\/\" \/>\n<meta property=\"og:site_name\" content=\"Santjosep.net\" \/>\n<meta property=\"article:modified_time\" content=\"2020-01-24T09:29:58+00:00\" \/>\n<meta property=\"og:image\" content=\"https:\/\/www.santjosep.net\/wp-content\/uploads\/2016\/01\/caladhort_IMG_3943.jpg\" \/>\n\t<meta property=\"og:image:width\" content=\"1200\" \/>\n\t<meta property=\"og:image:height\" content=\"800\" \/>\n\t<meta property=\"og:image:type\" content=\"image\/jpeg\" \/>\n<meta name=\"twitter:card\" content=\"summary_large_image\" \/>\n<meta name=\"twitter:label1\" content=\"Gesch\u00e4tzte Lesezeit\" \/>\n\t<meta name=\"twitter:data1\" content=\"2\u00a0Minuten\" \/>\n<script type=\"application\/ld+json\" class=\"yoast-schema-graph\">{\"@context\":\"https:\/\/schema.org\",\"@graph\":[{\"@type\":\"WebPage\",\"@id\":\"https:\/\/www.santjosep.net\/de\/aktiver-tourismus\/tauchen\/route-cala-d-hort\/\",\"url\":\"https:\/\/www.santjosep.net\/de\/aktiver-tourismus\/tauchen\/route-cala-d-hort\/\",\"name\":\"Tauchen Route in Cala d'Hort - Ibiza - Santjosep.net\",\"isPartOf\":{\"@id\":\"https:\/\/www.santjosep.net\/#website\"},\"primaryImageOfPage\":{\"@id\":\"https:\/\/www.santjosep.net\/de\/aktiver-tourismus\/tauchen\/route-cala-d-hort\/#primaryimage\"},\"image\":{\"@id\":\"https:\/\/www.santjosep.net\/de\/aktiver-tourismus\/tauchen\/route-cala-d-hort\/#primaryimage\"},\"thumbnailUrl\":\"https:\/\/www.santjosep.net\/wp-content\/uploads\/2016\/01\/caladhort_IMG_3943.jpg\",\"datePublished\":\"2016-03-04T12:48:14+00:00\",\"dateModified\":\"2020-01-24T09:29:58+00:00\",\"breadcrumb\":{\"@id\":\"https:\/\/www.santjosep.net\/de\/aktiver-tourismus\/tauchen\/route-cala-d-hort\/#breadcrumb\"},\"inLanguage\":\"de\",\"potentialAction\":[{\"@type\":\"ReadAction\",\"target\":[\"https:\/\/www.santjosep.net\/de\/aktiver-tourismus\/tauchen\/route-cala-d-hort\/\"]}]},{\"@type\":\"ImageObject\",\"inLanguage\":\"de\",\"@id\":\"https:\/\/www.santjosep.net\/de\/aktiver-tourismus\/tauchen\/route-cala-d-hort\/#primaryimage\",\"url\":\"https:\/\/www.santjosep.net\/wp-content\/uploads\/2016\/01\/caladhort_IMG_3943.jpg\",\"contentUrl\":\"https:\/\/www.santjosep.net\/wp-content\/uploads\/2016\/01\/caladhort_IMG_3943.jpg\",\"width\":1200,\"height\":800},{\"@type\":\"BreadcrumbList\",\"@id\":\"https:\/\/www.santjosep.net\/de\/aktiver-tourismus\/tauchen\/route-cala-d-hort\/#breadcrumb\",\"itemListElement\":[{\"@type\":\"ListItem\",\"position\":1,\"name\":\"Aktiver Tourismus\",\"item\":\"https:\/\/www.santjosep.net\/de\/aktiver-tourismus\/\"},{\"@type\":\"ListItem\",\"position\":2,\"name\":\"Tauchen\",\"item\":\"https:\/\/www.santjosep.net\/de\/aktiver-tourismus\/tauchen\/\"},{\"@type\":\"ListItem\",\"position\":3,\"name\":\"Tauchen Route in Cala d&#8217;Hort &#8211; Ibiza\"}]},{\"@type\":\"WebSite\",\"@id\":\"https:\/\/www.santjosep.net\/#website\",\"url\":\"https:\/\/www.santjosep.net\/\",\"name\":\"Santjosep.net\",\"description\":\"\",\"potentialAction\":[{\"@type\":\"SearchAction\",\"target\":{\"@type\":\"EntryPoint\",\"urlTemplate\":\"https:\/\/www.santjosep.net\/?s={search_term_string}\"},\"query-input\":{\"@type\":\"PropertyValueSpecification\",\"valueRequired\":true,\"valueName\":\"search_term_string\"}}],\"inLanguage\":\"de\"}]}<\/script>\n<!-- \/ Yoast SEO plugin. -->","yoast_head_json":{"title":"Tauchen Route in Cala d'Hort - Ibiza - Santjosep.net","robots":{"index":"index","follow":"follow","max-snippet":"max-snippet:-1","max-image-preview":"max-image-preview:large","max-video-preview":"max-video-preview:-1"},"canonical":"https:\/\/www.santjosep.net\/de\/aktiver-tourismus\/tauchen\/route-cala-d-hort\/","og_locale":"de_DE","og_type":"article","og_title":"Tauchen Route in Cala d'Hort - Ibiza - Santjosep.net","og_description":"KOORDINATEN DES ANKERPLATZES: 38\u00b0 53\u2019 20,44\u2019\u2019 N | 1\u00b0 13\u2019 29,26\u2019\u2019 E MAXIMALE WASSERTIEFE: 10 m. DAUER: 45 min. STRECKE: 500 m. SCHWIERIGKEITSGRAD: Leicht Diese wundersch\u00f6ne Bucht befindet sich im Naturpark Cala d\u2019Hort und eignet sich hervorragend f\u00fcr Tauchanf\u00e4nger, die [&hellip;]","og_url":"https:\/\/www.santjosep.net\/de\/aktiver-tourismus\/tauchen\/route-cala-d-hort\/","og_site_name":"Santjosep.net","article_modified_time":"2020-01-24T09:29:58+00:00","og_image":[{"width":1200,"height":800,"url":"https:\/\/www.santjosep.net\/wp-content\/uploads\/2016\/01\/caladhort_IMG_3943.jpg","type":"image\/jpeg"}],"twitter_card":"summary_large_image","twitter_misc":{"Gesch\u00e4tzte Lesezeit":"2\u00a0Minuten"},"schema":{"@context":"https:\/\/schema.org","@graph":[{"@type":"WebPage","@id":"https:\/\/www.santjosep.net\/de\/aktiver-tourismus\/tauchen\/route-cala-d-hort\/","url":"https:\/\/www.santjosep.net\/de\/aktiver-tourismus\/tauchen\/route-cala-d-hort\/","name":"Tauchen Route in Cala d'Hort - Ibiza - Santjosep.net","isPartOf":{"@id":"https:\/\/www.santjosep.net\/#website"},"primaryImageOfPage":{"@id":"https:\/\/www.santjosep.net\/de\/aktiver-tourismus\/tauchen\/route-cala-d-hort\/#primaryimage"},"image":{"@id":"https:\/\/www.santjosep.net\/de\/aktiver-tourismus\/tauchen\/route-cala-d-hort\/#primaryimage"},"thumbnailUrl":"https:\/\/www.santjosep.net\/wp-content\/uploads\/2016\/01\/caladhort_IMG_3943.jpg","datePublished":"2016-03-04T12:48:14+00:00","dateModified":"2020-01-24T09:29:58+00:00","breadcrumb":{"@id":"https:\/\/www.santjosep.net\/de\/aktiver-tourismus\/tauchen\/route-cala-d-hort\/#breadcrumb"},"inLanguage":"de","potentialAction":[{"@type":"ReadAction","target":["https:\/\/www.santjosep.net\/de\/aktiver-tourismus\/tauchen\/route-cala-d-hort\/"]}]},{"@type":"ImageObject","inLanguage":"de","@id":"https:\/\/www.santjosep.net\/de\/aktiver-tourismus\/tauchen\/route-cala-d-hort\/#primaryimage","url":"https:\/\/www.santjosep.net\/wp-content\/uploads\/2016\/01\/caladhort_IMG_3943.jpg","contentUrl":"https:\/\/www.santjosep.net\/wp-content\/uploads\/2016\/01\/caladhort_IMG_3943.jpg","width":1200,"height":800},{"@type":"BreadcrumbList","@id":"https:\/\/www.santjosep.net\/de\/aktiver-tourismus\/tauchen\/route-cala-d-hort\/#breadcrumb","itemListElement":[{"@type":"ListItem","position":1,"name":"Aktiver Tourismus","item":"https:\/\/www.santjosep.net\/de\/aktiver-tourismus\/"},{"@type":"ListItem","position":2,"name":"Tauchen","item":"https:\/\/www.santjosep.net\/de\/aktiver-tourismus\/tauchen\/"},{"@type":"ListItem","position":3,"name":"Tauchen Route in Cala d&#8217;Hort &#8211; Ibiza"}]},{"@type":"WebSite","@id":"https:\/\/www.santjosep.net\/#website","url":"https:\/\/www.santjosep.net\/","name":"Santjosep.net","description":"","potentialAction":[{"@type":"SearchAction","target":{"@type":"EntryPoint","urlTemplate":"https:\/\/www.santjosep.net\/?s={search_term_string}"},"query-input":{"@type":"PropertyValueSpecification","valueRequired":true,"valueName":"search_term_string"}}],"inLanguage":"de"}]}},"_links":{"self":[{"href":"https:\/\/www.santjosep.net\/de\/wp-json\/wp\/v2\/pages\/6116","targetHints":{"allow":["GET"]}}],"collection":[{"href":"https:\/\/www.santjosep.net\/de\/wp-json\/wp\/v2\/pages"}],"about":[{"href":"https:\/\/www.santjosep.net\/de\/wp-json\/wp\/v2\/types\/page"}],"author":[{"embeddable":true,"href":"https:\/\/www.santjosep.net\/de\/wp-json\/wp\/v2\/users\/1"}],"replies":[{"embeddable":true,"href":"https:\/\/www.santjosep.net\/de\/wp-json\/wp\/v2\/comments?post=6116"}],"version-history":[{"count":0,"href":"https:\/\/www.santjosep.net\/de\/wp-json\/wp\/v2\/pages\/6116\/revisions"}],"up":[{"embeddable":true,"href":"https:\/\/www.santjosep.net\/de\/wp-json\/wp\/v2\/pages\/6111"}],"wp:featuredmedia":[{"embeddable":true,"href":"https:\/\/www.santjosep.net\/de\/wp-json\/wp\/v2\/media\/5097"}],"wp:attachment":[{"href":"https:\/\/www.santjosep.net\/de\/wp-json\/wp\/v2\/media?parent=6116"}],"wp:term":[{"taxonomy":"categoria_pagina","embeddable":true,"href":"https:\/\/www.santjosep.net\/de\/wp-json\/wp\/v2\/categoria_pagina?post=6116"}],"curies":[{"name":"wp","href":"https:\/\/api.w.org\/{rel}","templated":true}]}}