{"id":6111,"date":"2016-03-04T12:36:39","date_gmt":"2016-03-04T12:36:39","guid":{"rendered":"https:\/\/www.santjosep.net\/de\/buceo\/"},"modified":"2020-01-28T08:52:44","modified_gmt":"2020-01-28T07:52:44","slug":"tauchen","status":"publish","type":"page","link":"https:\/\/www.santjosep.net\/de\/aktiver-tourismus\/tauchen\/","title":{"rendered":"Tauchen"},"content":{"rendered":"<div class=\"wpb-content-wrapper\"><p>[vc_row enable_hue_rotation=&#8220;no&#8220; enable_text_marquee=&#8220;no&#8220;][vc_column][vc_column_text]Tauchen auf Ibiza ist vor allem im Sommer an der K\u00fcste von Sant Josep, die fast die gesamte S\u00fcdh\u00e4lfte der Insel einnimmt, zu empfehlen. Im lichtdurchfluteten Meer gibt es viel zu entdecken: Wracks und unz\u00e4hlige Unterwasserh\u00f6hlen sowie die vielen Tier- und Pflanzenarten. Unten diesen sticht vor allem das Neptungras hervor, das f\u00fcr das Meeres\u00f6kosystem auf Ibiza von lebenswichtiger Bedeutung ist. Dies sind nur einige der Gr\u00fcnde, warum man sich die Chance, an einem so einzigartigen Ort wie Ibiza tauchen zu gehen, nicht entgehen lassen sollte. Au\u00dferdem machen die konstant warmen Temperaturen des Mittelmeers, die im Jahresverlauf von 14\u00b0 bis 28\u00b0 Celcius reichen, sogar im Winter ein Eintauchen in die Meereswelt m\u00f6glich.<\/p>\n<p>Besucher k\u00f6nnen in den zahlreichen Tauchschulen entweder an einem Tauchkurs teilnehmen oder mit den Profis Ausfl\u00fcge machen, um die spektakul\u00e4re Unterwasserwelt zu entdecken, die Ibiza noch einzigartiger macht. Im Naturpark Ses Salines wurde der mit Neptungras bewachsene Meeresgrund mit seinem bedeutenden \u00f6kologischen Wert 1999 zum UNESCO-Welterbe erkl\u00e4rt.[\/vc_column_text][\/vc_column][\/vc_row][vc_row enable_hue_rotation=&#8220;no&#8220; enable_text_marquee=&#8220;no&#8220; el_class=&#8220;partfullgrid&#8220;][vc_column][vc_basic_grid post_type=&#8220;custom&#8220; item=&#8220;20141&#8243; grid_id=&#8220;vc_gid:1579714312413-0b35965e-d607-1&#8243; custom_query=&#8220;post_type=page&amp;post_parent=6111&amp;orderby=rand&amp;posts_per_page=-1&#8243;][\/vc_column][\/vc_row]<\/p>\n<\/div>","protected":false},"excerpt":{"rendered":"<p>[vc_row enable_hue_rotation=&#8220;no&#8220; enable_text_marquee=&#8220;no&#8220;][vc_column][vc_column_text]Tauchen auf Ibiza ist vor allem im Sommer an der K\u00fcste von Sant Josep, die fast die gesamte S\u00fcdh\u00e4lfte der Insel einnimmt, zu empfehlen. Im lichtdurchfluteten Meer gibt es viel zu entdecken: Wracks und unz\u00e4hlige Unterwasserh\u00f6hlen sowie die [&hellip;]<\/p>\n","protected":false},"author":1,"featured_media":33532,"parent":6153,"menu_order":0,"comment_status":"closed","ping_status":"closed","template":"page-actividad.php","meta":{"_acf_changed":false,"inline_featured_image":false,"footnotes":""},"categoria_pagina":[],"class_list":["post-6111","page","type-page","status-publish","has-post-thumbnail","hentry"],"acf":[],"yoast_head":"<!-- This site is optimized with the Yoast SEO plugin v25.7 - https:\/\/yoast.com\/wordpress\/plugins\/seo\/ -->\n<title>Tauchen in Sant Josep<\/title>\n<meta name=\"description\" content=\"Das Wasser der K\u00fcste ist hervorragend zum Tauchen zu \u00fcben.\" \/>\n<meta name=\"robots\" content=\"index, follow, max-snippet:-1, max-image-preview:large, max-video-preview:-1\" \/>\n<link rel=\"canonical\" href=\"https:\/\/www.santjosep.net\/de\/aktiver-tourismus\/tauchen\/\" \/>\n<meta property=\"og:locale\" content=\"de_DE\" \/>\n<meta property=\"og:type\" content=\"article\" \/>\n<meta property=\"og:title\" content=\"Tauchen in Sant Josep\" \/>\n<meta property=\"og:description\" content=\"Das Wasser der K\u00fcste ist hervorragend zum Tauchen zu \u00fcben.\" \/>\n<meta property=\"og:url\" content=\"https:\/\/www.santjosep.net\/de\/aktiver-tourismus\/tauchen\/\" \/>\n<meta property=\"og:site_name\" content=\"Santjosep.net\" \/>\n<meta property=\"article:modified_time\" content=\"2020-01-28T07:52:44+00:00\" \/>\n<meta property=\"og:image\" content=\"https:\/\/www.santjosep.net\/wp-content\/uploads\/2022\/11\/shutterstock_741194149.jpg\" \/>\n\t<meta property=\"og:image:width\" content=\"1900\" \/>\n\t<meta property=\"og:image:height\" content=\"1414\" \/>\n\t<meta property=\"og:image:type\" content=\"image\/jpeg\" \/>\n<meta name=\"twitter:card\" content=\"summary_large_image\" \/>\n<meta name=\"twitter:label1\" content=\"Gesch\u00e4tzte Lesezeit\" \/>\n\t<meta name=\"twitter:data1\" content=\"1\u00a0Minute\" \/>\n<script type=\"application\/ld+json\" class=\"yoast-schema-graph\">{\"@context\":\"https:\/\/schema.org\",\"@graph\":[{\"@type\":\"WebPage\",\"@id\":\"https:\/\/www.santjosep.net\/de\/aktiver-tourismus\/tauchen\/\",\"url\":\"https:\/\/www.santjosep.net\/de\/aktiver-tourismus\/tauchen\/\",\"name\":\"Tauchen in Sant Josep\",\"isPartOf\":{\"@id\":\"https:\/\/www.santjosep.net\/#website\"},\"primaryImageOfPage\":{\"@id\":\"https:\/\/www.santjosep.net\/de\/aktiver-tourismus\/tauchen\/#primaryimage\"},\"image\":{\"@id\":\"https:\/\/www.santjosep.net\/de\/aktiver-tourismus\/tauchen\/#primaryimage\"},\"thumbnailUrl\":\"https:\/\/www.santjosep.net\/wp-content\/uploads\/2022\/11\/shutterstock_741194149.jpg\",\"datePublished\":\"2016-03-04T12:36:39+00:00\",\"dateModified\":\"2020-01-28T07:52:44+00:00\",\"description\":\"Das Wasser der K\u00fcste ist hervorragend zum Tauchen zu \u00fcben.\",\"breadcrumb\":{\"@id\":\"https:\/\/www.santjosep.net\/de\/aktiver-tourismus\/tauchen\/#breadcrumb\"},\"inLanguage\":\"de\",\"potentialAction\":[{\"@type\":\"ReadAction\",\"target\":[\"https:\/\/www.santjosep.net\/de\/aktiver-tourismus\/tauchen\/\"]}]},{\"@type\":\"ImageObject\",\"inLanguage\":\"de\",\"@id\":\"https:\/\/www.santjosep.net\/de\/aktiver-tourismus\/tauchen\/#primaryimage\",\"url\":\"https:\/\/www.santjosep.net\/wp-content\/uploads\/2022\/11\/shutterstock_741194149.jpg\",\"contentUrl\":\"https:\/\/www.santjosep.net\/wp-content\/uploads\/2022\/11\/shutterstock_741194149.jpg\",\"width\":1900,\"height\":1414},{\"@type\":\"BreadcrumbList\",\"@id\":\"https:\/\/www.santjosep.net\/de\/aktiver-tourismus\/tauchen\/#breadcrumb\",\"itemListElement\":[{\"@type\":\"ListItem\",\"position\":1,\"name\":\"Aktiver Tourismus\",\"item\":\"https:\/\/www.santjosep.net\/de\/aktiver-tourismus\/\"},{\"@type\":\"ListItem\",\"position\":2,\"name\":\"Tauchen\"}]},{\"@type\":\"WebSite\",\"@id\":\"https:\/\/www.santjosep.net\/#website\",\"url\":\"https:\/\/www.santjosep.net\/\",\"name\":\"Santjosep.net\",\"description\":\"\",\"potentialAction\":[{\"@type\":\"SearchAction\",\"target\":{\"@type\":\"EntryPoint\",\"urlTemplate\":\"https:\/\/www.santjosep.net\/?s={search_term_string}\"},\"query-input\":{\"@type\":\"PropertyValueSpecification\",\"valueRequired\":true,\"valueName\":\"search_term_string\"}}],\"inLanguage\":\"de\"}]}<\/script>\n<!-- \/ Yoast SEO plugin. -->","yoast_head_json":{"title":"Tauchen in Sant Josep","description":"Das Wasser der K\u00fcste ist hervorragend zum Tauchen zu \u00fcben.","robots":{"index":"index","follow":"follow","max-snippet":"max-snippet:-1","max-image-preview":"max-image-preview:large","max-video-preview":"max-video-preview:-1"},"canonical":"https:\/\/www.santjosep.net\/de\/aktiver-tourismus\/tauchen\/","og_locale":"de_DE","og_type":"article","og_title":"Tauchen in Sant Josep","og_description":"Das Wasser der K\u00fcste ist hervorragend zum Tauchen zu \u00fcben.","og_url":"https:\/\/www.santjosep.net\/de\/aktiver-tourismus\/tauchen\/","og_site_name":"Santjosep.net","article_modified_time":"2020-01-28T07:52:44+00:00","og_image":[{"width":1900,"height":1414,"url":"https:\/\/www.santjosep.net\/wp-content\/uploads\/2022\/11\/shutterstock_741194149.jpg","type":"image\/jpeg"}],"twitter_card":"summary_large_image","twitter_misc":{"Gesch\u00e4tzte Lesezeit":"1\u00a0Minute"},"schema":{"@context":"https:\/\/schema.org","@graph":[{"@type":"WebPage","@id":"https:\/\/www.santjosep.net\/de\/aktiver-tourismus\/tauchen\/","url":"https:\/\/www.santjosep.net\/de\/aktiver-tourismus\/tauchen\/","name":"Tauchen in Sant Josep","isPartOf":{"@id":"https:\/\/www.santjosep.net\/#website"},"primaryImageOfPage":{"@id":"https:\/\/www.santjosep.net\/de\/aktiver-tourismus\/tauchen\/#primaryimage"},"image":{"@id":"https:\/\/www.santjosep.net\/de\/aktiver-tourismus\/tauchen\/#primaryimage"},"thumbnailUrl":"https:\/\/www.santjosep.net\/wp-content\/uploads\/2022\/11\/shutterstock_741194149.jpg","datePublished":"2016-03-04T12:36:39+00:00","dateModified":"2020-01-28T07:52:44+00:00","description":"Das Wasser der K\u00fcste ist hervorragend zum Tauchen zu \u00fcben.","breadcrumb":{"@id":"https:\/\/www.santjosep.net\/de\/aktiver-tourismus\/tauchen\/#breadcrumb"},"inLanguage":"de","potentialAction":[{"@type":"ReadAction","target":["https:\/\/www.santjosep.net\/de\/aktiver-tourismus\/tauchen\/"]}]},{"@type":"ImageObject","inLanguage":"de","@id":"https:\/\/www.santjosep.net\/de\/aktiver-tourismus\/tauchen\/#primaryimage","url":"https:\/\/www.santjosep.net\/wp-content\/uploads\/2022\/11\/shutterstock_741194149.jpg","contentUrl":"https:\/\/www.santjosep.net\/wp-content\/uploads\/2022\/11\/shutterstock_741194149.jpg","width":1900,"height":1414},{"@type":"BreadcrumbList","@id":"https:\/\/www.santjosep.net\/de\/aktiver-tourismus\/tauchen\/#breadcrumb","itemListElement":[{"@type":"ListItem","position":1,"name":"Aktiver Tourismus","item":"https:\/\/www.santjosep.net\/de\/aktiver-tourismus\/"},{"@type":"ListItem","position":2,"name":"Tauchen"}]},{"@type":"WebSite","@id":"https:\/\/www.santjosep.net\/#website","url":"https:\/\/www.santjosep.net\/","name":"Santjosep.net","description":"","potentialAction":[{"@type":"SearchAction","target":{"@type":"EntryPoint","urlTemplate":"https:\/\/www.santjosep.net\/?s={search_term_string}"},"query-input":{"@type":"PropertyValueSpecification","valueRequired":true,"valueName":"search_term_string"}}],"inLanguage":"de"}]}},"_links":{"self":[{"href":"https:\/\/www.santjosep.net\/de\/wp-json\/wp\/v2\/pages\/6111","targetHints":{"allow":["GET"]}}],"collection":[{"href":"https:\/\/www.santjosep.net\/de\/wp-json\/wp\/v2\/pages"}],"about":[{"href":"https:\/\/www.santjosep.net\/de\/wp-json\/wp\/v2\/types\/page"}],"author":[{"embeddable":true,"href":"https:\/\/www.santjosep.net\/de\/wp-json\/wp\/v2\/users\/1"}],"replies":[{"embeddable":true,"href":"https:\/\/www.santjosep.net\/de\/wp-json\/wp\/v2\/comments?post=6111"}],"version-history":[{"count":0,"href":"https:\/\/www.santjosep.net\/de\/wp-json\/wp\/v2\/pages\/6111\/revisions"}],"up":[{"embeddable":true,"href":"https:\/\/www.santjosep.net\/de\/wp-json\/wp\/v2\/pages\/6153"}],"wp:featuredmedia":[{"embeddable":true,"href":"https:\/\/www.santjosep.net\/de\/wp-json\/wp\/v2\/media\/33532"}],"wp:attachment":[{"href":"https:\/\/www.santjosep.net\/de\/wp-json\/wp\/v2\/media?parent=6111"}],"wp:term":[{"taxonomy":"categoria_pagina","embeddable":true,"href":"https:\/\/www.santjosep.net\/de\/wp-json\/wp\/v2\/categoria_pagina?post=6111"}],"curies":[{"name":"wp","href":"https:\/\/api.w.org\/{rel}","templated":true}]}}