{"id":5919,"date":"2016-03-03T16:25:14","date_gmt":"2016-03-03T16:25:14","guid":{"rendered":"https:\/\/www.santjosep.net\/de\/rutas-btt-sant-josep-ibiza\/"},"modified":"2021-09-22T10:04:20","modified_gmt":"2021-09-22T08:04:20","slug":"mountainbiketouren-sant-josep-ibiza","status":"publish","type":"page","link":"https:\/\/www.santjosep.net\/de\/aktiver-tourismus\/mountainbiketouren-sant-josep-ibiza\/","title":{"rendered":"Mountainbiketouren"},"content":{"rendered":"<div class=\"wpb-content-wrapper\"><p>[vc_row enable_hue_rotation=&#8220;no&#8220; enable_text_marquee=&#8220;no&#8220;][vc_column][vc_column_text]Willkommen in der Gemeinde, die Fahrradtourismus gro\u00df schreibt! Es warten auf Sie drei Routen, um die Landschaft von Sant Josep zu entdecken. Fahren Sie entlang der Stra\u00dfen und Feldwege, die durch diesen Teil Ibizas f\u00fchren.<\/p>\n<p>Hier stellen wir Ihnen Dateien zu jeder Route zur Verf\u00fcgung, die Streckenbeschreibung, Schwierigkeitsgrad, besondere Empfehlungen sowie einen Routenplaner mit den wichtigsten Abschnitten der Strecke enthalten. Alle weiteren Informationen erhalten Sie ebenfalls hier: Gesamtstrecke, H\u00f6hen, Routenprofil, L\u00e4nge, gesch\u00e4tzte Dauer, gesamte H\u00f6henmeter.<\/p>\n<p>F\u00fcr weitere Informationen k\u00f6nnen Sie sich auch auf Google Maps die Routen anschauen und sich bereits Fotos zu den wundersch\u00f6nen Landschaften der Gemeinde Sant Josep, die auf jeder Fahrradstrecke zu bestaunen sind, anschauen.[\/vc_column_text][\/vc_column][\/vc_row][vc_row enable_hue_rotation=&#8220;no&#8220; enable_text_marquee=&#8220;no&#8220; el_class=&#8220;partfullgrid&#8220;][vc_column][vc_basic_grid post_type=&#8220;custom&#8220; item=&#8220;25293&#8243; grid_id=&#8220;vc_gid:1632297226749-302927b1-3b08-7&#8243; custom_query=&#8220;post_type=page&amp;post_parent=5919&amp;orderby=rand&amp;posts_per_page=-1&#8243;][\/vc_column][\/vc_row]<\/p>\n<\/div>","protected":false},"excerpt":{"rendered":"<p>[vc_row enable_hue_rotation=&#8220;no&#8220; enable_text_marquee=&#8220;no&#8220;][vc_column][vc_column_text]Willkommen in der Gemeinde, die Fahrradtourismus gro\u00df schreibt! Es warten auf Sie drei Routen, um die Landschaft von Sant Josep zu entdecken. Fahren Sie entlang der Stra\u00dfen und Feldwege, die durch diesen Teil Ibizas f\u00fchren. Hier stellen wir [&hellip;]<\/p>\n","protected":false},"author":1,"featured_media":20117,"parent":6153,"menu_order":0,"comment_status":"closed","ping_status":"closed","template":"page-actividad.php","meta":{"_acf_changed":false,"inline_featured_image":false,"footnotes":""},"categoria_pagina":[],"class_list":["post-5919","page","type-page","status-publish","has-post-thumbnail","hentry"],"acf":[],"yoast_head":"<!-- This site is optimized with the Yoast SEO plugin v25.7 - https:\/\/yoast.com\/wordpress\/plugins\/seo\/ -->\n<title>Mountainbike-Routen in Sant Josep<\/title>\n<meta name=\"description\" content=\"Hunderte von Stra\u00dfen und Wegen Mountainbike verpassen \u00dcben in Sant Josep (Ibiza).\" \/>\n<meta name=\"robots\" content=\"index, follow, max-snippet:-1, max-image-preview:large, max-video-preview:-1\" \/>\n<link rel=\"canonical\" href=\"https:\/\/www.santjosep.net\/de\/aktiver-tourismus\/mountainbiketouren-sant-josep-ibiza\/\" \/>\n<meta property=\"og:locale\" content=\"de_DE\" \/>\n<meta property=\"og:type\" content=\"article\" \/>\n<meta property=\"og:title\" content=\"Mountainbike-Routen in Sant Josep\" \/>\n<meta property=\"og:description\" content=\"Hunderte von Stra\u00dfen und Wegen Mountainbike verpassen \u00dcben in Sant Josep (Ibiza).\" \/>\n<meta property=\"og:url\" content=\"https:\/\/www.santjosep.net\/de\/aktiver-tourismus\/mountainbiketouren-sant-josep-ibiza\/\" \/>\n<meta property=\"og:site_name\" content=\"Santjosep.net\" \/>\n<meta property=\"article:modified_time\" content=\"2021-09-22T08:04:20+00:00\" \/>\n<meta property=\"og:image\" content=\"https:\/\/www.santjosep.net\/wp-content\/uploads\/2020\/01\/btt_IMG_0851.jpg\" \/>\n\t<meta property=\"og:image:width\" content=\"2100\" \/>\n\t<meta property=\"og:image:height\" content=\"1182\" \/>\n\t<meta property=\"og:image:type\" content=\"image\/jpeg\" \/>\n<meta name=\"twitter:card\" content=\"summary_large_image\" \/>\n<meta name=\"twitter:label1\" content=\"Gesch\u00e4tzte Lesezeit\" \/>\n\t<meta name=\"twitter:data1\" content=\"1\u00a0Minute\" \/>\n<script type=\"application\/ld+json\" class=\"yoast-schema-graph\">{\"@context\":\"https:\/\/schema.org\",\"@graph\":[{\"@type\":\"WebPage\",\"@id\":\"https:\/\/www.santjosep.net\/de\/aktiver-tourismus\/mountainbiketouren-sant-josep-ibiza\/\",\"url\":\"https:\/\/www.santjosep.net\/de\/aktiver-tourismus\/mountainbiketouren-sant-josep-ibiza\/\",\"name\":\"Mountainbike-Routen in Sant Josep\",\"isPartOf\":{\"@id\":\"https:\/\/www.santjosep.net\/#website\"},\"primaryImageOfPage\":{\"@id\":\"https:\/\/www.santjosep.net\/de\/aktiver-tourismus\/mountainbiketouren-sant-josep-ibiza\/#primaryimage\"},\"image\":{\"@id\":\"https:\/\/www.santjosep.net\/de\/aktiver-tourismus\/mountainbiketouren-sant-josep-ibiza\/#primaryimage\"},\"thumbnailUrl\":\"https:\/\/www.santjosep.net\/wp-content\/uploads\/2020\/01\/btt_IMG_0851.jpg\",\"datePublished\":\"2016-03-03T16:25:14+00:00\",\"dateModified\":\"2021-09-22T08:04:20+00:00\",\"description\":\"Hunderte von Stra\u00dfen und Wegen Mountainbike verpassen \u00dcben in Sant Josep (Ibiza).\",\"breadcrumb\":{\"@id\":\"https:\/\/www.santjosep.net\/de\/aktiver-tourismus\/mountainbiketouren-sant-josep-ibiza\/#breadcrumb\"},\"inLanguage\":\"de\",\"potentialAction\":[{\"@type\":\"ReadAction\",\"target\":[\"https:\/\/www.santjosep.net\/de\/aktiver-tourismus\/mountainbiketouren-sant-josep-ibiza\/\"]}]},{\"@type\":\"ImageObject\",\"inLanguage\":\"de\",\"@id\":\"https:\/\/www.santjosep.net\/de\/aktiver-tourismus\/mountainbiketouren-sant-josep-ibiza\/#primaryimage\",\"url\":\"https:\/\/www.santjosep.net\/wp-content\/uploads\/2020\/01\/btt_IMG_0851.jpg\",\"contentUrl\":\"https:\/\/www.santjosep.net\/wp-content\/uploads\/2020\/01\/btt_IMG_0851.jpg\",\"width\":2100,\"height\":1182},{\"@type\":\"BreadcrumbList\",\"@id\":\"https:\/\/www.santjosep.net\/de\/aktiver-tourismus\/mountainbiketouren-sant-josep-ibiza\/#breadcrumb\",\"itemListElement\":[{\"@type\":\"ListItem\",\"position\":1,\"name\":\"Aktiver Tourismus\",\"item\":\"https:\/\/www.santjosep.net\/de\/aktiver-tourismus\/\"},{\"@type\":\"ListItem\",\"position\":2,\"name\":\"Mountainbiketouren\"}]},{\"@type\":\"WebSite\",\"@id\":\"https:\/\/www.santjosep.net\/#website\",\"url\":\"https:\/\/www.santjosep.net\/\",\"name\":\"Santjosep.net\",\"description\":\"\",\"potentialAction\":[{\"@type\":\"SearchAction\",\"target\":{\"@type\":\"EntryPoint\",\"urlTemplate\":\"https:\/\/www.santjosep.net\/?s={search_term_string}\"},\"query-input\":{\"@type\":\"PropertyValueSpecification\",\"valueRequired\":true,\"valueName\":\"search_term_string\"}}],\"inLanguage\":\"de\"}]}<\/script>\n<!-- \/ Yoast SEO plugin. -->","yoast_head_json":{"title":"Mountainbike-Routen in Sant Josep","description":"Hunderte von Stra\u00dfen und Wegen Mountainbike verpassen \u00dcben in Sant Josep (Ibiza).","robots":{"index":"index","follow":"follow","max-snippet":"max-snippet:-1","max-image-preview":"max-image-preview:large","max-video-preview":"max-video-preview:-1"},"canonical":"https:\/\/www.santjosep.net\/de\/aktiver-tourismus\/mountainbiketouren-sant-josep-ibiza\/","og_locale":"de_DE","og_type":"article","og_title":"Mountainbike-Routen in Sant Josep","og_description":"Hunderte von Stra\u00dfen und Wegen Mountainbike verpassen \u00dcben in Sant Josep (Ibiza).","og_url":"https:\/\/www.santjosep.net\/de\/aktiver-tourismus\/mountainbiketouren-sant-josep-ibiza\/","og_site_name":"Santjosep.net","article_modified_time":"2021-09-22T08:04:20+00:00","og_image":[{"width":2100,"height":1182,"url":"https:\/\/www.santjosep.net\/wp-content\/uploads\/2020\/01\/btt_IMG_0851.jpg","type":"image\/jpeg"}],"twitter_card":"summary_large_image","twitter_misc":{"Gesch\u00e4tzte Lesezeit":"1\u00a0Minute"},"schema":{"@context":"https:\/\/schema.org","@graph":[{"@type":"WebPage","@id":"https:\/\/www.santjosep.net\/de\/aktiver-tourismus\/mountainbiketouren-sant-josep-ibiza\/","url":"https:\/\/www.santjosep.net\/de\/aktiver-tourismus\/mountainbiketouren-sant-josep-ibiza\/","name":"Mountainbike-Routen in Sant Josep","isPartOf":{"@id":"https:\/\/www.santjosep.net\/#website"},"primaryImageOfPage":{"@id":"https:\/\/www.santjosep.net\/de\/aktiver-tourismus\/mountainbiketouren-sant-josep-ibiza\/#primaryimage"},"image":{"@id":"https:\/\/www.santjosep.net\/de\/aktiver-tourismus\/mountainbiketouren-sant-josep-ibiza\/#primaryimage"},"thumbnailUrl":"https:\/\/www.santjosep.net\/wp-content\/uploads\/2020\/01\/btt_IMG_0851.jpg","datePublished":"2016-03-03T16:25:14+00:00","dateModified":"2021-09-22T08:04:20+00:00","description":"Hunderte von Stra\u00dfen und Wegen Mountainbike verpassen \u00dcben in Sant Josep (Ibiza).","breadcrumb":{"@id":"https:\/\/www.santjosep.net\/de\/aktiver-tourismus\/mountainbiketouren-sant-josep-ibiza\/#breadcrumb"},"inLanguage":"de","potentialAction":[{"@type":"ReadAction","target":["https:\/\/www.santjosep.net\/de\/aktiver-tourismus\/mountainbiketouren-sant-josep-ibiza\/"]}]},{"@type":"ImageObject","inLanguage":"de","@id":"https:\/\/www.santjosep.net\/de\/aktiver-tourismus\/mountainbiketouren-sant-josep-ibiza\/#primaryimage","url":"https:\/\/www.santjosep.net\/wp-content\/uploads\/2020\/01\/btt_IMG_0851.jpg","contentUrl":"https:\/\/www.santjosep.net\/wp-content\/uploads\/2020\/01\/btt_IMG_0851.jpg","width":2100,"height":1182},{"@type":"BreadcrumbList","@id":"https:\/\/www.santjosep.net\/de\/aktiver-tourismus\/mountainbiketouren-sant-josep-ibiza\/#breadcrumb","itemListElement":[{"@type":"ListItem","position":1,"name":"Aktiver Tourismus","item":"https:\/\/www.santjosep.net\/de\/aktiver-tourismus\/"},{"@type":"ListItem","position":2,"name":"Mountainbiketouren"}]},{"@type":"WebSite","@id":"https:\/\/www.santjosep.net\/#website","url":"https:\/\/www.santjosep.net\/","name":"Santjosep.net","description":"","potentialAction":[{"@type":"SearchAction","target":{"@type":"EntryPoint","urlTemplate":"https:\/\/www.santjosep.net\/?s={search_term_string}"},"query-input":{"@type":"PropertyValueSpecification","valueRequired":true,"valueName":"search_term_string"}}],"inLanguage":"de"}]}},"_links":{"self":[{"href":"https:\/\/www.santjosep.net\/de\/wp-json\/wp\/v2\/pages\/5919","targetHints":{"allow":["GET"]}}],"collection":[{"href":"https:\/\/www.santjosep.net\/de\/wp-json\/wp\/v2\/pages"}],"about":[{"href":"https:\/\/www.santjosep.net\/de\/wp-json\/wp\/v2\/types\/page"}],"author":[{"embeddable":true,"href":"https:\/\/www.santjosep.net\/de\/wp-json\/wp\/v2\/users\/1"}],"replies":[{"embeddable":true,"href":"https:\/\/www.santjosep.net\/de\/wp-json\/wp\/v2\/comments?post=5919"}],"version-history":[{"count":0,"href":"https:\/\/www.santjosep.net\/de\/wp-json\/wp\/v2\/pages\/5919\/revisions"}],"up":[{"embeddable":true,"href":"https:\/\/www.santjosep.net\/de\/wp-json\/wp\/v2\/pages\/6153"}],"wp:featuredmedia":[{"embeddable":true,"href":"https:\/\/www.santjosep.net\/de\/wp-json\/wp\/v2\/media\/20117"}],"wp:attachment":[{"href":"https:\/\/www.santjosep.net\/de\/wp-json\/wp\/v2\/media?parent=5919"}],"wp:term":[{"taxonomy":"categoria_pagina","embeddable":true,"href":"https:\/\/www.santjosep.net\/de\/wp-json\/wp\/v2\/categoria_pagina?post=5919"}],"curies":[{"name":"wp","href":"https:\/\/api.w.org\/{rel}","templated":true}]}}