{"id":5911,"date":"2016-03-07T11:56:57","date_gmt":"2016-03-07T11:56:57","guid":{"rendered":"https:\/\/www.santjosep.net\/de\/cala-jondal-sant-josep-ibiza\/"},"modified":"2021-09-22T09:57:54","modified_gmt":"2021-09-22T07:57:54","slug":"cala-jondal-sant-josep-ibiza","status":"publish","type":"page","link":"https:\/\/www.santjosep.net\/de\/aktiver-tourismus\/mountainbiketouren-sant-josep-ibiza\/cala-jondal-sant-josep-ibiza\/","title":{"rendered":"Cala Jondal (Sant Josep) Ibiza"},"content":{"rendered":"<p>Diese Route richtet sich besonders an die Freunde von Freiland und Bergen. Es handelt sich um eine Strecke, die eine gute Beherrschung des Fahrrads und erprobte k\u00f6rperliche Widerstandskraft erfordert. Zur Belohnung werden wir eine Route genie\u00dfen, die uns den \u00e4u\u00dfersten S\u00fcdwesten der Insel erschlie\u00dft und uns atemberaubende Ausblicke biete sowie die traditionellen Anbauformen und sich durch W\u00e4lder und Felder schl\u00e4ngelnde Pfade entdecken l\u00e4sst, die vor allem im Fr\u00fchjahr vor Farbe und mediterranem Geist strotzen.<\/p>\n<p><a href=\"https:\/\/www.santjosep.net\/wp-content\/uploads\/2014\/05\/satalaia_santantoni_IMG_4751.jpg\" rel=\"attachment wp-att-2062\"><img loading=\"lazy\" decoding=\"async\" class=\"alignnone size-full wp-image-6060\" src=\"https:\/\/www.santjosep.net\/wp-content\/uploads\/2014\/05\/satalaia_santantoni_IMG_4751.jpg\" alt=\"satalaia_santantoni_IMG_4751\" width=\"1200\" height=\"800\" srcset=\"https:\/\/www.santjosep.net\/wp-content\/uploads\/2014\/05\/satalaia_santantoni_IMG_4751.jpg 1200w, https:\/\/www.santjosep.net\/wp-content\/uploads\/2014\/05\/satalaia_santantoni_IMG_4751-300x200.jpg 300w, https:\/\/www.santjosep.net\/wp-content\/uploads\/2014\/05\/satalaia_santantoni_IMG_4751-1024x682.jpg 1024w\" sizes=\"auto, (max-width: 1200px) 100vw, 1200px\" \/><\/a><\/p>\n<p>Wir fahren zun\u00e4chst auf Asphalt, um dann aber sofort die befestigten Wege zu verlassen und auf Wegen, Pfaden und Trialstrecken vorzudringen, die wir praktisch bis zum Schluss nicht mehr verlassen werden.<\/p>\n<p>Die zirka 900 Meter H\u00f6henunterschied, die wir im Laufe der fast vierzig Kilometer der Route \u00fcberwinden werden, bew\u00e4ltigen wir in zwei nicht allzu schweren Aufstiegen, zuerst nach La Capelleta und dann nach Sa Talaia, aber ohne bis ganz zu den beiden Bergspitzen hinaufzufahren.<\/p>\n<p><a href=\"https:\/\/www.santjosep.net\/wp-content\/uploads\/2013\/11\/calajondal_IMG_92052.jpg\" rel=\"attachment wp-att-963\"><img loading=\"lazy\" decoding=\"async\" class=\"size-full wp-image-5615\" src=\"https:\/\/www.santjosep.net\/wp-content\/uploads\/2013\/11\/calajondal_IMG_92052.jpg\" alt=\"Cala Jondal\" width=\"800\" height=\"533\" srcset=\"https:\/\/www.santjosep.net\/wp-content\/uploads\/2013\/11\/calajondal_IMG_92052.jpg 800w, https:\/\/www.santjosep.net\/wp-content\/uploads\/2013\/11\/calajondal_IMG_92052-300x199.jpg 300w\" sizes=\"auto, (max-width: 800px) 100vw, 800px\" \/><\/a><\/p>\n<p>Bei gutem Wetter wird man auf halbem Wege ein erfrischendes Bad in dem kristallklaren Wasser von Cala Jondal oder Porroig kaum ausschlagen k\u00f6nnen.<\/p>\n<p><a href=\"https:\/\/www.santjosep.net\/wp-content\/uploads\/2013\/11\/porroig_IMG_8432.jpg\" rel=\"attachment wp-att-1065\"><img loading=\"lazy\" decoding=\"async\" class=\"alignnone size-full wp-image-5297\" src=\"https:\/\/www.santjosep.net\/wp-content\/uploads\/2013\/11\/porroig_IMG_8432.jpg\" alt=\"porroig_IMG_8432\" width=\"1000\" height=\"667\" srcset=\"https:\/\/www.santjosep.net\/wp-content\/uploads\/2013\/11\/porroig_IMG_8432.jpg 1000w, https:\/\/www.santjosep.net\/wp-content\/uploads\/2013\/11\/porroig_IMG_8432-300x200.jpg 300w\" sizes=\"auto, (max-width: 1000px) 100vw, 1000px\" \/><\/a><\/p>\n<p><span style=\"line-height: 1.5;\">Bei gutem Wetter wird man auf halbem Wege ein erfrischendes Bad in dem kristallklaren Wasser von Cala Jondal oder Porroig kaum ausschlagen k\u00f6nnen.<\/span><\/p>\n<p>Distancia total &#8211; \u00a038,63<br \/>\nTiempo estimado &#8211; 4-5 horas<br \/>\nAscenso total &#8211; 878<br \/>\nDescenso total &#8211; 878<br \/>\nCarretera &#8211; 35%<br \/>\nPista &#8211; 20%<br \/>\nCamino &#8211; 45%<br \/>\nDificultad t\u00e9cnica &#8211; Alta<br \/>\nDificultad f\u00edsica &#8211; Media<br \/>\nDificultad global &#8211; ROJA<\/p>\n<p>&#8211; Es gibt auf dem Weg weder Brunnen noch kommen wir \u00fcber Ortschaften: Deshalb sollten wir Wasser und Proviant mitnehmen.<br \/>\n&#8211; Tragen Sie bitte immer einen Helm.<\/p>\n<div class=\"gm-map\" style=\"position: relative;height: 200px; width: 200px;\"><iframe name=\"gm-map-1\" allowfullscreen src=\"https:\/\/www.santjosep.net\/de\/?geo_mashup_content=render-map&amp;map_data_key=9745f5461cdcc7a053f5d314f5fe2f8d&amp;lang=de&amp;zoom=11&amp;name=gm-map-1&amp;map_content=contextual&amp;error_comment=&lt;!-- Geo Mashup hat in diesem Kontext keine darzustellenden Objekte gefunden--&gt;\" style=\"position: absolute; top: 0; left: 0; width: 100%; height: 100%; border: none; overflow: hidden;\"><\/iframe><\/div>\n<p>1. Start. Wir starten in Richtung S\u00fcden am Kreisverkehr der Cala de Bou an der Avenida Dr. Fleming in Sant Antoni (Hinweisschild).\u20282. Kreisverkehr geradeaus-links. Wir fahren in den Kreisverkehr, \u00fcberqueren den Zebrastreifen und nehmen die Stra\u00dfe, die in Richtung S\u00fcdosten geht. Am n\u00e4chsten Kreisverkehr fahren wir weiter geradeaus und verlassen die Ortschaft.\u20283. Kreuzung geradeaus Weg. An dieser Kurve fahren wir weiter geradeaus und gelangen ins offenen Gel\u00e4nde auf einem Erdweg, dem wir eine Weile folgen, ohne abzubiegen.<br \/>\n4. Kreuzung geradeaus Stra\u00dfe. Wir kommen an eine Kreuzung und wir fahren weiter geradeaus auf Stra\u00dfe, der wir 2,5 km folgen.<br \/>\n5. Kreuzung geradeaus. Wir erreichen eine Kreuzung an der wir geradeaus fahren, NICHT in Richtung La Capelleta abbiegen.<br \/>\n6. Kreuzung links Weg. Bei einem Haus biegen wir nach links in einen Weg. An der n\u00e4chsten Kreuzung fahren wir weiter geradeaus, und an der n\u00e4chsten Gabelung nach rechts.<br \/>\n7. Gabelung links. Wir kommen an eine Gabelung an einem Haus und fahren weiter nach links, ein wenig sp\u00e4ter kommen wir zu einem Pfad und beginnen, nach rechts bergab zu fahren.<br \/>\n8. Kreuzung rechts. Wir fahren weiter auf dem Hauptweg nach rechts und weiter geradeaus ohne an den Kreuzungen abzubiegen.<br \/>\n9. Kreuzung rechts. Wir kommen an einen Erdweg, biegen nach rechts ab und fahren weiter bergab. An der n\u00e4chsten Gabelung fahren wir weiter nach links.<br \/>\n10. Kreuzung geradeaus Stra\u00dfe. Vor uns taucht eine Kreuzung auf und wir fahren weiter geradeaus auf der Asphaltstra\u00dfe ohne abzubiegen.<br \/>\n11. Kreuzung rechts. Wir sto\u00dfen auf die Stra\u00dfe nach Sant Josep, nehmen aber einen Weg nach rechts, der nach einer Zeit als Kiesweg weitergeht.<br \/>\n12. Kreuzung geradeaus Weg. Wir \u00fcberqueren die Stra\u00dfe mit Vorsicht und fahren weiter geradeaus an der Bar vorbei. An den n\u00e4chsten zwei Kreuzungen biegen wir nach links ab und fahren weiter auf einem unbefestigtem Weg ohne abzubiegen.<br \/>\n13. Abbiegung links. An dieser Stelle nehmen einen Weg, der nach links in einen Wald f\u00fchrt. 14. Abbiegung rechts Pfad. Sobald wir zu einem Haus mit einem pr\u00e4chtigen Olivenbaum kommen, biegen wir nach rechts in einen Pfad, der allm\u00e4hlich bergab f\u00fchrt, dann kommen wir auf die Trialstrecke von Cala Jondal und fahren danach weiter geradeaus auf dem Pfad.<br \/>\n15. Gabelung rechts. Wir kommen an eine Gabelung und fahren weiter nach rechts auf einem beschwerlichen, steinigen Pfad.<br \/>\n16. Kreuzung geradeaus Weg. Wir gelangen zu einem Haus und fahren weiter geradeaus bergab. An der n\u00e4chsten Kreuzung nach links und danach geradeaus.<br \/>\n17. Abbiegung rechts. Wir fahren nach rechts erneut in den Wald und fahren weiter ohne abzubiegen.<br \/>\n18. Kreuzung links. An dieser Kreuzung fahren wir weiter nach links. Sobald wir zu einem Haus kommen, fahren wir weiter nach links bergab auf einem Weg.<br \/>\n19. Kreuzung rechts Stra\u00dfe. Wir kommen an eine Stra\u00dfe und biegen nach rechts ab, um wenig sp\u00e4ter erneut nach rechts abzubiegen und auf einem Weg weiterzufahren ohne abzubiegen.<br \/>\n20. Kreuzung rechts Stra\u00dfe. Wir kommen an eine Kreuzung mit einer Stra\u00dfe und biegen nach rechts ab.<br \/>\n21. Kreuzung geradeaus Weg. An der dieser Kreuzung angekommen dringen wir auf einem unbefestigtem Weg erneut ins freie Gel\u00e4nde vor. An der n\u00e4chsten Kreuzung unterhalb des Waldes biegen wir nach rechts und danach nach links ab.<br \/>\n22. Kreuzung links. Nun fahren wir weiter nach links, und ein wenig sp\u00e4ter biegen wir an einem Haus ebenfalls nach links ab.<br \/>\n23. Kreuzung links. Wir nehmen einen Weg zur Linken und nach 20 Metern wiederum links einen Pfad.<br \/>\n24. Kreuzung rechts. Wir biegen nach rechts ab in einen Pfad bis wir zu einer Stra\u00dfe kommen, an der wir nach links abbiegen.<br \/>\n25. Kreuzung rechts. Wir biegen nach rechts und fahren die Stra\u00dfe hinauf, bis wir zu einem Haus mit einer gro\u00dfen Mauer kommen, dort biegen wir nach rechts in einen Weg.<br \/>\n26. Gabelung rechts. Wir nehmen den Abzweig nach rechts an der Gabelung und beginnen bergab zu fahren. Auf der H\u00f6he eines gro\u00dfen Johannisbrotbaums biegen wir nach rechts auf einen Pfad, der in einen Wald vordringt, um ein Flussbett zu durchqueren.<br \/>\n27. Kreuzung links Weg. Wir kommen an einen Weg und biegen nach links. An der n\u00e4chsten Gabelung biegen wir nach links ab, um eine Weile geradeaus weiterzufahren ohne abzubiegen.<br \/>\n28. Kreuzung geradeaus Pfad. Wir kommen an einen Punkt, wo der Weg nicht sehr deutlich zu erkennen ist, man muss einem Pfad bergauf in Richtung Norden folgen, der bis zu einem Terrassenbeet hoch f\u00fchrt. Dort angekommen folgen wir diesem in L\u00e4ngsrichtung nach links.<br \/>\n29. Kreuzung rechts Weg. Wir kommen an einen Weg, wo wir nach rechts abbiegen und bergauf fahren. An der n\u00e4chsten Kreuzung biegen wir nach rechts und fahren weiter bergauf auf demselben Weg ohne abzubiegen.<br \/>\n30. Gabelung links. Wir beginnen die Abfahrt, indem wir an dieser Gabelung nach links abbiegen, wir fahren weiter auf dem Weg, bis wir zu einer Stra\u00dfe kommen.<br \/>\n31. Kreuzung rechts Stra\u00dfe. An dieser Stra\u00dfe biegen nach rechts bis zu einer Kreuzung mit einer anderen Stra\u00dfe, an der wir nach rechts in Richtung Sant Josep fahren.<br \/>\n32. Abbiegung links. An diesem Punkt biegen wir nach links, wir kommen zwischen einigen H\u00e4usern hindurch und kommen links auf eine weitere Stra\u00dfe.<br \/>\n33. Abbiegung links Weg. Wir kommen auf einen Weg nach links an der Clown-Schule vorbei. An der n\u00e4chsten Gabelung fahren wir weiter nach rechts, und anschlie\u00dfend noch einmal nach rechts um dann auf dem Weg weiterzufahren ohne abzubiegen.<br \/>\n34. Abbiegung in S-Form geradeaus. Der Weg beschreibt ein \u201eS\u201d und wir fahren weiter geradeaus ohne abzubiegen.<br \/>\n35. Abbiegung rechts Pfad. Wir biegen nach rechts und fahren auf einem Pfad bergab. An der n\u00e4chsten Kreuzung nach links, und danach nach rechts.<br \/>\n36. Kreuzung geradeaus Stra\u00dfe. Wir kommen zu einer Stra\u00dfe und fahren auf ihr weiter geradeaus. 37. Kreuzung links Weg. Wir \u00fcberqueren die Stra\u00dfe und nehmen einen Weg nach links. An der n\u00e4chsten Kreuzung nach rechts.<br \/>\n38. Kreuzung links. Wir kommen an einen Weg und biegen nach links ab, um an der n\u00e4chsten Kreuzung nach rechts abzubiegen.<br \/>\n39. Kreuzung links Stra\u00dfe. An dieser Kreuzung biegen wir nach links ab, und wenig sp\u00e4ter kommen wir auf einen Erdweg rechter Hand.<br \/>\n40. Kreuzung geradeaus. An dieser Kreuzung fahren wir weiter geradeaus auf einem Pfad mit Mauern zu beiden Seiten, und fahren auf ihm weiter OHNE die Stra\u00dfe zur Rechten zu nehmen. An der n\u00e4chsten Gabelung nach rechts.<br \/>\n41. Kreuzung geradeaus Weg. Wir kommen von einem Pfad geradeaus auf einen Weg, der die Stra\u00dfe \u00fcberquert.<br \/>\n42. Abbiegung rechts Stra\u00dfe. Wir biegen nach rechts und kommen auf einer Stra\u00dfe in die Ortschaft, an der n\u00e4chsten Kreuzung biegen wir nach links ab und fahren auf der Stra\u00dfe geradeaus ohne abzubiegen.<br \/>\n43. Ende der Route. Wir beenden die Route am Ausgangspunkt.<\/p>\n","protected":false},"excerpt":{"rendered":"<p>Diese Route richtet sich besonders an die Freunde von Freiland und Bergen. Es handelt sich um eine Strecke, die eine gute Beherrschung des Fahrrads und erprobte k\u00f6rperliche Widerstandskraft erfordert. Zur Belohnung werden wir eine Route genie\u00dfen, die uns den \u00e4u\u00dfersten [&hellip;]<\/p>\n","protected":false},"author":1,"featured_media":5301,"parent":5919,"menu_order":0,"comment_status":"closed","ping_status":"closed","template":"page-actividad.php","meta":{"_acf_changed":false,"inline_featured_image":false,"footnotes":""},"categoria_pagina":[],"class_list":["post-5911","page","type-page","status-publish","has-post-thumbnail","hentry"],"acf":[],"yoast_head":"<!-- This site is optimized with the Yoast SEO plugin v25.7 - https:\/\/yoast.com\/wordpress\/plugins\/seo\/ -->\n<title>Cala Jondal (Sant Josep) Ibiza - Santjosep.net<\/title>\n<meta name=\"robots\" content=\"index, follow, max-snippet:-1, max-image-preview:large, max-video-preview:-1\" \/>\n<link rel=\"canonical\" href=\"https:\/\/www.santjosep.net\/de\/aktiver-tourismus\/mountainbiketouren-sant-josep-ibiza\/cala-jondal-sant-josep-ibiza\/\" \/>\n<meta property=\"og:locale\" content=\"de_DE\" \/>\n<meta property=\"og:type\" content=\"article\" \/>\n<meta property=\"og:title\" content=\"Cala Jondal (Sant Josep) Ibiza - Santjosep.net\" \/>\n<meta property=\"og:description\" content=\"Diese Route richtet sich besonders an die Freunde von Freiland und Bergen. Es handelt sich um eine Strecke, die eine gute Beherrschung des Fahrrads und erprobte k\u00f6rperliche Widerstandskraft erfordert. Zur Belohnung werden wir eine Route genie\u00dfen, die uns den \u00e4u\u00dfersten [&hellip;]\" \/>\n<meta property=\"og:url\" content=\"https:\/\/www.santjosep.net\/de\/aktiver-tourismus\/mountainbiketouren-sant-josep-ibiza\/cala-jondal-sant-josep-ibiza\/\" \/>\n<meta property=\"og:site_name\" content=\"Santjosep.net\" \/>\n<meta property=\"article:modified_time\" content=\"2021-09-22T07:57:54+00:00\" \/>\n<meta property=\"og:image\" content=\"https:\/\/www.santjosep.net\/wp-content\/uploads\/2013\/11\/escubells_IMG_08981.jpg\" \/>\n\t<meta property=\"og:image:width\" content=\"1000\" \/>\n\t<meta property=\"og:image:height\" content=\"667\" \/>\n\t<meta property=\"og:image:type\" content=\"image\/jpeg\" \/>\n<meta name=\"twitter:card\" content=\"summary_large_image\" \/>\n<meta name=\"twitter:label1\" content=\"Gesch\u00e4tzte Lesezeit\" \/>\n\t<meta name=\"twitter:data1\" content=\"7\u00a0Minuten\" \/>\n<script type=\"application\/ld+json\" class=\"yoast-schema-graph\">{\"@context\":\"https:\/\/schema.org\",\"@graph\":[{\"@type\":\"WebPage\",\"@id\":\"https:\/\/www.santjosep.net\/de\/aktiver-tourismus\/mountainbiketouren-sant-josep-ibiza\/cala-jondal-sant-josep-ibiza\/\",\"url\":\"https:\/\/www.santjosep.net\/de\/aktiver-tourismus\/mountainbiketouren-sant-josep-ibiza\/cala-jondal-sant-josep-ibiza\/\",\"name\":\"Cala Jondal (Sant Josep) Ibiza - Santjosep.net\",\"isPartOf\":{\"@id\":\"https:\/\/www.santjosep.net\/#website\"},\"primaryImageOfPage\":{\"@id\":\"https:\/\/www.santjosep.net\/de\/aktiver-tourismus\/mountainbiketouren-sant-josep-ibiza\/cala-jondal-sant-josep-ibiza\/#primaryimage\"},\"image\":{\"@id\":\"https:\/\/www.santjosep.net\/de\/aktiver-tourismus\/mountainbiketouren-sant-josep-ibiza\/cala-jondal-sant-josep-ibiza\/#primaryimage\"},\"thumbnailUrl\":\"https:\/\/www.santjosep.net\/wp-content\/uploads\/2013\/11\/escubells_IMG_08981.jpg\",\"datePublished\":\"2016-03-07T11:56:57+00:00\",\"dateModified\":\"2021-09-22T07:57:54+00:00\",\"breadcrumb\":{\"@id\":\"https:\/\/www.santjosep.net\/de\/aktiver-tourismus\/mountainbiketouren-sant-josep-ibiza\/cala-jondal-sant-josep-ibiza\/#breadcrumb\"},\"inLanguage\":\"de\",\"potentialAction\":[{\"@type\":\"ReadAction\",\"target\":[\"https:\/\/www.santjosep.net\/de\/aktiver-tourismus\/mountainbiketouren-sant-josep-ibiza\/cala-jondal-sant-josep-ibiza\/\"]}]},{\"@type\":\"ImageObject\",\"inLanguage\":\"de\",\"@id\":\"https:\/\/www.santjosep.net\/de\/aktiver-tourismus\/mountainbiketouren-sant-josep-ibiza\/cala-jondal-sant-josep-ibiza\/#primaryimage\",\"url\":\"https:\/\/www.santjosep.net\/wp-content\/uploads\/2013\/11\/escubells_IMG_08981.jpg\",\"contentUrl\":\"https:\/\/www.santjosep.net\/wp-content\/uploads\/2013\/11\/escubells_IMG_08981.jpg\",\"width\":1000,\"height\":667},{\"@type\":\"BreadcrumbList\",\"@id\":\"https:\/\/www.santjosep.net\/de\/aktiver-tourismus\/mountainbiketouren-sant-josep-ibiza\/cala-jondal-sant-josep-ibiza\/#breadcrumb\",\"itemListElement\":[{\"@type\":\"ListItem\",\"position\":1,\"name\":\"Aktiver Tourismus\",\"item\":\"https:\/\/www.santjosep.net\/de\/aktiver-tourismus\/\"},{\"@type\":\"ListItem\",\"position\":2,\"name\":\"Mountainbiketouren\",\"item\":\"https:\/\/www.santjosep.net\/de\/aktiver-tourismus\/mountainbiketouren-sant-josep-ibiza\/\"},{\"@type\":\"ListItem\",\"position\":3,\"name\":\"Cala Jondal (Sant Josep) Ibiza\"}]},{\"@type\":\"WebSite\",\"@id\":\"https:\/\/www.santjosep.net\/#website\",\"url\":\"https:\/\/www.santjosep.net\/\",\"name\":\"Santjosep.net\",\"description\":\"\",\"potentialAction\":[{\"@type\":\"SearchAction\",\"target\":{\"@type\":\"EntryPoint\",\"urlTemplate\":\"https:\/\/www.santjosep.net\/?s={search_term_string}\"},\"query-input\":{\"@type\":\"PropertyValueSpecification\",\"valueRequired\":true,\"valueName\":\"search_term_string\"}}],\"inLanguage\":\"de\"}]}<\/script>\n<!-- \/ Yoast SEO plugin. -->","yoast_head_json":{"title":"Cala Jondal (Sant Josep) Ibiza - Santjosep.net","robots":{"index":"index","follow":"follow","max-snippet":"max-snippet:-1","max-image-preview":"max-image-preview:large","max-video-preview":"max-video-preview:-1"},"canonical":"https:\/\/www.santjosep.net\/de\/aktiver-tourismus\/mountainbiketouren-sant-josep-ibiza\/cala-jondal-sant-josep-ibiza\/","og_locale":"de_DE","og_type":"article","og_title":"Cala Jondal (Sant Josep) Ibiza - Santjosep.net","og_description":"Diese Route richtet sich besonders an die Freunde von Freiland und Bergen. Es handelt sich um eine Strecke, die eine gute Beherrschung des Fahrrads und erprobte k\u00f6rperliche Widerstandskraft erfordert. Zur Belohnung werden wir eine Route genie\u00dfen, die uns den \u00e4u\u00dfersten [&hellip;]","og_url":"https:\/\/www.santjosep.net\/de\/aktiver-tourismus\/mountainbiketouren-sant-josep-ibiza\/cala-jondal-sant-josep-ibiza\/","og_site_name":"Santjosep.net","article_modified_time":"2021-09-22T07:57:54+00:00","og_image":[{"width":1000,"height":667,"url":"https:\/\/www.santjosep.net\/wp-content\/uploads\/2013\/11\/escubells_IMG_08981.jpg","type":"image\/jpeg"}],"twitter_card":"summary_large_image","twitter_misc":{"Gesch\u00e4tzte Lesezeit":"7\u00a0Minuten"},"schema":{"@context":"https:\/\/schema.org","@graph":[{"@type":"WebPage","@id":"https:\/\/www.santjosep.net\/de\/aktiver-tourismus\/mountainbiketouren-sant-josep-ibiza\/cala-jondal-sant-josep-ibiza\/","url":"https:\/\/www.santjosep.net\/de\/aktiver-tourismus\/mountainbiketouren-sant-josep-ibiza\/cala-jondal-sant-josep-ibiza\/","name":"Cala Jondal (Sant Josep) Ibiza - Santjosep.net","isPartOf":{"@id":"https:\/\/www.santjosep.net\/#website"},"primaryImageOfPage":{"@id":"https:\/\/www.santjosep.net\/de\/aktiver-tourismus\/mountainbiketouren-sant-josep-ibiza\/cala-jondal-sant-josep-ibiza\/#primaryimage"},"image":{"@id":"https:\/\/www.santjosep.net\/de\/aktiver-tourismus\/mountainbiketouren-sant-josep-ibiza\/cala-jondal-sant-josep-ibiza\/#primaryimage"},"thumbnailUrl":"https:\/\/www.santjosep.net\/wp-content\/uploads\/2013\/11\/escubells_IMG_08981.jpg","datePublished":"2016-03-07T11:56:57+00:00","dateModified":"2021-09-22T07:57:54+00:00","breadcrumb":{"@id":"https:\/\/www.santjosep.net\/de\/aktiver-tourismus\/mountainbiketouren-sant-josep-ibiza\/cala-jondal-sant-josep-ibiza\/#breadcrumb"},"inLanguage":"de","potentialAction":[{"@type":"ReadAction","target":["https:\/\/www.santjosep.net\/de\/aktiver-tourismus\/mountainbiketouren-sant-josep-ibiza\/cala-jondal-sant-josep-ibiza\/"]}]},{"@type":"ImageObject","inLanguage":"de","@id":"https:\/\/www.santjosep.net\/de\/aktiver-tourismus\/mountainbiketouren-sant-josep-ibiza\/cala-jondal-sant-josep-ibiza\/#primaryimage","url":"https:\/\/www.santjosep.net\/wp-content\/uploads\/2013\/11\/escubells_IMG_08981.jpg","contentUrl":"https:\/\/www.santjosep.net\/wp-content\/uploads\/2013\/11\/escubells_IMG_08981.jpg","width":1000,"height":667},{"@type":"BreadcrumbList","@id":"https:\/\/www.santjosep.net\/de\/aktiver-tourismus\/mountainbiketouren-sant-josep-ibiza\/cala-jondal-sant-josep-ibiza\/#breadcrumb","itemListElement":[{"@type":"ListItem","position":1,"name":"Aktiver Tourismus","item":"https:\/\/www.santjosep.net\/de\/aktiver-tourismus\/"},{"@type":"ListItem","position":2,"name":"Mountainbiketouren","item":"https:\/\/www.santjosep.net\/de\/aktiver-tourismus\/mountainbiketouren-sant-josep-ibiza\/"},{"@type":"ListItem","position":3,"name":"Cala Jondal (Sant Josep) Ibiza"}]},{"@type":"WebSite","@id":"https:\/\/www.santjosep.net\/#website","url":"https:\/\/www.santjosep.net\/","name":"Santjosep.net","description":"","potentialAction":[{"@type":"SearchAction","target":{"@type":"EntryPoint","urlTemplate":"https:\/\/www.santjosep.net\/?s={search_term_string}"},"query-input":{"@type":"PropertyValueSpecification","valueRequired":true,"valueName":"search_term_string"}}],"inLanguage":"de"}]}},"_links":{"self":[{"href":"https:\/\/www.santjosep.net\/de\/wp-json\/wp\/v2\/pages\/5911","targetHints":{"allow":["GET"]}}],"collection":[{"href":"https:\/\/www.santjosep.net\/de\/wp-json\/wp\/v2\/pages"}],"about":[{"href":"https:\/\/www.santjosep.net\/de\/wp-json\/wp\/v2\/types\/page"}],"author":[{"embeddable":true,"href":"https:\/\/www.santjosep.net\/de\/wp-json\/wp\/v2\/users\/1"}],"replies":[{"embeddable":true,"href":"https:\/\/www.santjosep.net\/de\/wp-json\/wp\/v2\/comments?post=5911"}],"version-history":[{"count":0,"href":"https:\/\/www.santjosep.net\/de\/wp-json\/wp\/v2\/pages\/5911\/revisions"}],"up":[{"embeddable":true,"href":"https:\/\/www.santjosep.net\/de\/wp-json\/wp\/v2\/pages\/5919"}],"wp:featuredmedia":[{"embeddable":true,"href":"https:\/\/www.santjosep.net\/de\/wp-json\/wp\/v2\/media\/5301"}],"wp:attachment":[{"href":"https:\/\/www.santjosep.net\/de\/wp-json\/wp\/v2\/media?parent=5911"}],"wp:term":[{"taxonomy":"categoria_pagina","embeddable":true,"href":"https:\/\/www.santjosep.net\/de\/wp-json\/wp\/v2\/categoria_pagina?post=5911"}],"curies":[{"name":"wp","href":"https:\/\/api.w.org\/{rel}","templated":true}]}}