{"id":5591,"date":"2016-03-07T08:34:33","date_gmt":"2016-03-07T08:34:33","guid":{"rendered":"https:\/\/www.santjosep.net\/de\/paseos-en-sant-josep-ibiza\/platges-de-comte-torre-rovira\/"},"modified":"2020-01-24T08:59:49","modified_gmt":"2020-01-24T07:59:49","slug":"platges-de-comte-torre-rovira","status":"publish","type":"page","link":"https:\/\/www.santjosep.net\/de\/aktiver-tourismus\/wanderungen-in-sant-josep-ibiza\/platges-de-comte-torre-rovira\/","title":{"rendered":"Platges de Comte &#8211; Torre Rovira"},"content":{"rendered":"<p>Heute empfehlen wir Ihnen einen Spaziergang in einer der sch\u00f6nsten K\u00fcstengegenden Ibizas \u2013 wenn nicht des gesamten Mittelmeerraums. Die Strecke zwischen dem Strand Platges de Comte (Cala Conta) und dem Wehrturm Torre d\u2019en Rovira ist einfach und der Hin- und R\u00fcckweg dauern insgesamt ca. ein Stunde. Da es wenig H\u00f6henunterschiede auf der Strecke gibt, kann man in Ruhe die atemberaubende Kulisse bestaunen, die uns die Natur geschenkt hat.<\/p>\n<h2>Karte<\/h2>\n<p><iframe loading=\"lazy\" src=\"https:\/\/mapsengine.google.com\/map\/embed?mid=znaHCaX734e8.kPhHPDgoKmSM\" width=\"795\" height=\"480\"><\/iframe><\/p>\n<p><strong>Schwierigkeitsgrad<\/strong>: leicht<br \/>\n<strong>L\u00e4nge<\/strong>: 2,29 km.<br \/>\n<strong>Gesch\u00e4tzte Dauer<\/strong>: 1 Stunde<br \/>\n<strong>Empfehlungen<\/strong>: Sportschuhe und in der Abendd\u00e4mmerung etwas zum \u00dcberziehen.<\/p>\n<h2>Dies ist nur ein Spaziergang in der Gemeinde Sant Josep, bei dem man sich in die K\u00fcste Ibizas verlieben kann&#8230;<\/h2>\n<div id=\"attachment_2008\" style=\"width: 1010px\" class=\"wp-caption alignnone\"><a href=\"https:\/\/www.santjosep.net\/wp-content\/uploads\/2014\/04\/IMG_0720.jpg\"><img loading=\"lazy\" decoding=\"async\" aria-describedby=\"caption-attachment-2008\" class=\"size-full wp-image-2008\" src=\"https:\/\/www.santjosep.net\/wp-content\/uploads\/2014\/04\/IMG_0720.jpg\" alt=\"IMG_0720\" width=\"1000\" height=\"667\" srcset=\"https:\/\/www.santjosep.net\/wp-content\/uploads\/2014\/04\/IMG_0720.jpg 1000w, https:\/\/www.santjosep.net\/wp-content\/uploads\/2014\/04\/IMG_0720-300x200.jpg 300w, https:\/\/www.santjosep.net\/wp-content\/uploads\/2014\/04\/IMG_0720-768x512.jpg 768w\" sizes=\"auto, (max-width: 1000px) 100vw, 1000px\" \/><\/a><p id=\"caption-attachment-2008\" class=\"wp-caption-text\">Platges de Comte<\/p><\/div>\n<p>Der Weg beginnt am Strand Platges de Comte, genauer gesagt beim Restaurant Ses Roques, das sich neben dem Bootsanleger befindet. Schon hier werden Sie merken, an was f\u00fcr einem wundersch\u00f6nen Aussichtspunkt Sie sich befinden. Das blaue bis t\u00fcrkise Wasser, die felsige und wilde K\u00fcste mit den naturgesch\u00fctzten Felseninseln Illots de Ponent im Hintergund verleihen dem Horizont ein Eigenleben. Die Sonnenunterg\u00e4nge sind hier \u00fcberw\u00e4ltigend.<\/p>\n<p><img loading=\"lazy\" decoding=\"async\" class=\"size-full wp-image-2006\" src=\"https:\/\/www.santjosep.net\/wp-content\/uploads\/2014\/04\/IMG_5028.jpg\" alt=\"IMG_5028\" width=\"1000\" height=\"667\" srcset=\"https:\/\/www.santjosep.net\/wp-content\/uploads\/2014\/04\/IMG_5028.jpg 1000w, https:\/\/www.santjosep.net\/wp-content\/uploads\/2014\/04\/IMG_5028-300x200.jpg 300w\" sizes=\"auto, (max-width: 1000px) 100vw, 1000px\" \/><\n\nDer Weg ist leicht und f\u00fchrt entlang der K\u00fcste in Richtung Norden mit der Felseninsel S\u2019illa des Bosc zur Linken. Das Meer und das Land, Natur pur, was braucht man schon mehr. Die beeindruckenden Felseninseln S\u2019illa des Bosc und S\u2019illa de sa Conillera befinden sich auf der gesamten Strecke direkt vor Ihnen. Auf der einen Seite haben Sie das Meer mit den typischen Fischerh\u00fctten und auf der anderen die tiefgr\u00fcnen ibizenkischen Sadebaum- und Pinienw\u00e4lder. Die Natur pr\u00e4sentiert sich hier von ihrer sch\u00f6nsten Seite.\n\n[caption id=\"attachment_2010\" align=\"alignnone\" width=\"1000\"]<a href=\"https:\/\/www.santjosep.net\/wp-content\/uploads\/2014\/04\/IMG_2721.jpg\"><img loading=\"lazy\" decoding=\"async\" class=\"size-full wp-image-2010\" src=\"https:\/\/www.santjosep.net\/wp-content\/uploads\/2014\/04\/IMG_2721.jpg\" alt=\"IMG_2721\" width=\"1000\" height=\"667\" srcset=\"https:\/\/www.santjosep.net\/wp-content\/uploads\/2014\/04\/IMG_2721.jpg 1000w, https:\/\/www.santjosep.net\/wp-content\/uploads\/2014\/04\/IMG_2721-300x200.jpg 300w\" sizes=\"auto, (max-width: 1000px) 100vw, 1000px\" \/><\/a> Torre d&#8217;en Rovira. Al fondo la punta de Cap Non\u00f3[\/caption]<\/p>\n<p>Entlang der K\u00fcste kommen Sie zur Spitze von Sa Torre, von wo aus Sie die Spitze des Cap Non\u00f3 und die K\u00fcste von San Antoni im Hintergrund erblicken k\u00f6nnen. Genau hier befindet sich auch der Wachturm Torre d\u2019en Rovira. Er wurde 1763 erbaut und wie viele andere, die auf Ibiza verstreut sind, diente er als Wach- und Wehrturm und war mit Kanonen ausgestattet. Von hier aus wurde die Bucht von Sant Antoni bewacht, die nur wenige Kilometer entfernt liegt. Er wurde in solch einem Winkel gebaut, dass eine Kommunikation mit dem Wachturm von Es Savinar (Cala d\u2019Hort) und der Kirche in Sant Antoni de Portmany m\u00f6glich war.<\/p>\n<div id=\"attachment_2014\" style=\"width: 1010px\" class=\"wp-caption alignnone\"><a href=\"https:\/\/www.santjosep.net\/wp-content\/uploads\/2014\/04\/IMG_5103.jpg\"><img loading=\"lazy\" decoding=\"async\" aria-describedby=\"caption-attachment-2014\" class=\"size-full wp-image-2014\" src=\"https:\/\/www.santjosep.net\/wp-content\/uploads\/2014\/04\/IMG_5103.jpg\" alt=\"Puesta de sol en Platges de Comte\" width=\"1000\" height=\"667\" srcset=\"https:\/\/www.santjosep.net\/wp-content\/uploads\/2014\/04\/IMG_5103.jpg 1000w, https:\/\/www.santjosep.net\/wp-content\/uploads\/2014\/04\/IMG_5103-300x200.jpg 300w\" sizes=\"auto, (max-width: 1000px) 100vw, 1000px\" \/><\/a><p id=\"caption-attachment-2014\" class=\"wp-caption-text\">Puesta de sol en Platges de Comte<\/p><\/div>\n<p>Dieser kurze Spaziergang ist rund um die Uhr ein Vergn\u00fcgnung, doch besitzt er in der Abendd\u00e4mmerung einen ganz besonderen Charme. Die Sonnunterg\u00e4nge sind von jedem Punkt der Strecke aus traumhaft. F\u00fcr das besondere Ambiente schauen Sie sich den Sonnenuntergang direkt vom  Strand Platges de Comte an und wenn Sie es lieber etwas einsamer haben, suchen Sie sich Ihren ganz pers\u00f6nlichen Lieblingsplatz auf der Strecke.<\/p>\n<p>&nbsp;<\/p>\n","protected":false},"excerpt":{"rendered":"<p>Heute empfehlen wir Ihnen einen Spaziergang in einer der sch\u00f6nsten K\u00fcstengegenden Ibizas \u2013 wenn nicht des gesamten Mittelmeerraums. Die Strecke zwischen dem Strand Platges de Comte (Cala Conta) und dem Wehrturm Torre d\u2019en Rovira ist einfach und der Hin- und [&hellip;]<\/p>\n","protected":false},"author":1,"featured_media":5592,"parent":5557,"menu_order":0,"comment_status":"closed","ping_status":"closed","template":"page-actividad.php","meta":{"_acf_changed":false,"inline_featured_image":false,"footnotes":""},"categoria_pagina":[],"class_list":["post-5591","page","type-page","status-publish","has-post-thumbnail","hentry"],"acf":[],"yoast_head":"<!-- This site is optimized with the Yoast SEO plugin v25.7 - https:\/\/yoast.com\/wordpress\/plugins\/seo\/ -->\n<title>Platges de Comte - Torre Rovira - Santjosep.net<\/title>\n<meta name=\"robots\" content=\"index, follow, max-snippet:-1, max-image-preview:large, max-video-preview:-1\" \/>\n<link rel=\"canonical\" href=\"https:\/\/www.santjosep.net\/de\/aktiver-tourismus\/wanderungen-in-sant-josep-ibiza\/platges-de-comte-torre-rovira\/\" \/>\n<meta property=\"og:locale\" content=\"de_DE\" \/>\n<meta property=\"og:type\" content=\"article\" \/>\n<meta property=\"og:title\" content=\"Platges de Comte - Torre Rovira - Santjosep.net\" \/>\n<meta property=\"og:description\" content=\"Heute empfehlen wir Ihnen einen Spaziergang in einer der sch\u00f6nsten K\u00fcstengegenden Ibizas \u2013 wenn nicht des gesamten Mittelmeerraums. Die Strecke zwischen dem Strand Platges de Comte (Cala Conta) und dem Wehrturm Torre d\u2019en Rovira ist einfach und der Hin- und [&hellip;]\" \/>\n<meta property=\"og:url\" content=\"https:\/\/www.santjosep.net\/de\/aktiver-tourismus\/wanderungen-in-sant-josep-ibiza\/platges-de-comte-torre-rovira\/\" \/>\n<meta property=\"og:site_name\" content=\"Santjosep.net\" \/>\n<meta property=\"article:modified_time\" content=\"2020-01-24T07:59:49+00:00\" \/>\n<meta property=\"og:image\" content=\"https:\/\/www.santjosep.net\/wp-content\/uploads\/2015\/02\/IMG_4777.jpg\" \/>\n\t<meta property=\"og:image:width\" content=\"1000\" \/>\n\t<meta property=\"og:image:height\" content=\"667\" \/>\n\t<meta property=\"og:image:type\" content=\"image\/jpeg\" \/>\n<meta name=\"twitter:card\" content=\"summary_large_image\" \/>\n<meta name=\"twitter:label1\" content=\"Gesch\u00e4tzte Lesezeit\" \/>\n\t<meta name=\"twitter:data1\" content=\"2\u00a0Minuten\" \/>\n<script type=\"application\/ld+json\" class=\"yoast-schema-graph\">{\"@context\":\"https:\/\/schema.org\",\"@graph\":[{\"@type\":\"WebPage\",\"@id\":\"https:\/\/www.santjosep.net\/de\/aktiver-tourismus\/wanderungen-in-sant-josep-ibiza\/platges-de-comte-torre-rovira\/\",\"url\":\"https:\/\/www.santjosep.net\/de\/aktiver-tourismus\/wanderungen-in-sant-josep-ibiza\/platges-de-comte-torre-rovira\/\",\"name\":\"Platges de Comte - Torre Rovira - Santjosep.net\",\"isPartOf\":{\"@id\":\"https:\/\/www.santjosep.net\/#website\"},\"primaryImageOfPage\":{\"@id\":\"https:\/\/www.santjosep.net\/de\/aktiver-tourismus\/wanderungen-in-sant-josep-ibiza\/platges-de-comte-torre-rovira\/#primaryimage\"},\"image\":{\"@id\":\"https:\/\/www.santjosep.net\/de\/aktiver-tourismus\/wanderungen-in-sant-josep-ibiza\/platges-de-comte-torre-rovira\/#primaryimage\"},\"thumbnailUrl\":\"https:\/\/www.santjosep.net\/wp-content\/uploads\/2015\/02\/IMG_4777.jpg\",\"datePublished\":\"2016-03-07T08:34:33+00:00\",\"dateModified\":\"2020-01-24T07:59:49+00:00\",\"breadcrumb\":{\"@id\":\"https:\/\/www.santjosep.net\/de\/aktiver-tourismus\/wanderungen-in-sant-josep-ibiza\/platges-de-comte-torre-rovira\/#breadcrumb\"},\"inLanguage\":\"de\",\"potentialAction\":[{\"@type\":\"ReadAction\",\"target\":[\"https:\/\/www.santjosep.net\/de\/aktiver-tourismus\/wanderungen-in-sant-josep-ibiza\/platges-de-comte-torre-rovira\/\"]}]},{\"@type\":\"ImageObject\",\"inLanguage\":\"de\",\"@id\":\"https:\/\/www.santjosep.net\/de\/aktiver-tourismus\/wanderungen-in-sant-josep-ibiza\/platges-de-comte-torre-rovira\/#primaryimage\",\"url\":\"https:\/\/www.santjosep.net\/wp-content\/uploads\/2015\/02\/IMG_4777.jpg\",\"contentUrl\":\"https:\/\/www.santjosep.net\/wp-content\/uploads\/2015\/02\/IMG_4777.jpg\",\"width\":1000,\"height\":667},{\"@type\":\"BreadcrumbList\",\"@id\":\"https:\/\/www.santjosep.net\/de\/aktiver-tourismus\/wanderungen-in-sant-josep-ibiza\/platges-de-comte-torre-rovira\/#breadcrumb\",\"itemListElement\":[{\"@type\":\"ListItem\",\"position\":1,\"name\":\"Aktiver Tourismus\",\"item\":\"https:\/\/www.santjosep.net\/de\/aktiver-tourismus\/\"},{\"@type\":\"ListItem\",\"position\":2,\"name\":\"Wanderungen\",\"item\":\"https:\/\/www.santjosep.net\/de\/aktiver-tourismus\/wanderungen-in-sant-josep-ibiza\/\"},{\"@type\":\"ListItem\",\"position\":3,\"name\":\"Platges de Comte &#8211; Torre Rovira\"}]},{\"@type\":\"WebSite\",\"@id\":\"https:\/\/www.santjosep.net\/#website\",\"url\":\"https:\/\/www.santjosep.net\/\",\"name\":\"Santjosep.net\",\"description\":\"\",\"potentialAction\":[{\"@type\":\"SearchAction\",\"target\":{\"@type\":\"EntryPoint\",\"urlTemplate\":\"https:\/\/www.santjosep.net\/?s={search_term_string}\"},\"query-input\":{\"@type\":\"PropertyValueSpecification\",\"valueRequired\":true,\"valueName\":\"search_term_string\"}}],\"inLanguage\":\"de\"}]}<\/script>\n<!-- \/ Yoast SEO plugin. -->","yoast_head_json":{"title":"Platges de Comte - Torre Rovira - Santjosep.net","robots":{"index":"index","follow":"follow","max-snippet":"max-snippet:-1","max-image-preview":"max-image-preview:large","max-video-preview":"max-video-preview:-1"},"canonical":"https:\/\/www.santjosep.net\/de\/aktiver-tourismus\/wanderungen-in-sant-josep-ibiza\/platges-de-comte-torre-rovira\/","og_locale":"de_DE","og_type":"article","og_title":"Platges de Comte - Torre Rovira - Santjosep.net","og_description":"Heute empfehlen wir Ihnen einen Spaziergang in einer der sch\u00f6nsten K\u00fcstengegenden Ibizas \u2013 wenn nicht des gesamten Mittelmeerraums. Die Strecke zwischen dem Strand Platges de Comte (Cala Conta) und dem Wehrturm Torre d\u2019en Rovira ist einfach und der Hin- und [&hellip;]","og_url":"https:\/\/www.santjosep.net\/de\/aktiver-tourismus\/wanderungen-in-sant-josep-ibiza\/platges-de-comte-torre-rovira\/","og_site_name":"Santjosep.net","article_modified_time":"2020-01-24T07:59:49+00:00","og_image":[{"width":1000,"height":667,"url":"https:\/\/www.santjosep.net\/wp-content\/uploads\/2015\/02\/IMG_4777.jpg","type":"image\/jpeg"}],"twitter_card":"summary_large_image","twitter_misc":{"Gesch\u00e4tzte Lesezeit":"2\u00a0Minuten"},"schema":{"@context":"https:\/\/schema.org","@graph":[{"@type":"WebPage","@id":"https:\/\/www.santjosep.net\/de\/aktiver-tourismus\/wanderungen-in-sant-josep-ibiza\/platges-de-comte-torre-rovira\/","url":"https:\/\/www.santjosep.net\/de\/aktiver-tourismus\/wanderungen-in-sant-josep-ibiza\/platges-de-comte-torre-rovira\/","name":"Platges de Comte - Torre Rovira - Santjosep.net","isPartOf":{"@id":"https:\/\/www.santjosep.net\/#website"},"primaryImageOfPage":{"@id":"https:\/\/www.santjosep.net\/de\/aktiver-tourismus\/wanderungen-in-sant-josep-ibiza\/platges-de-comte-torre-rovira\/#primaryimage"},"image":{"@id":"https:\/\/www.santjosep.net\/de\/aktiver-tourismus\/wanderungen-in-sant-josep-ibiza\/platges-de-comte-torre-rovira\/#primaryimage"},"thumbnailUrl":"https:\/\/www.santjosep.net\/wp-content\/uploads\/2015\/02\/IMG_4777.jpg","datePublished":"2016-03-07T08:34:33+00:00","dateModified":"2020-01-24T07:59:49+00:00","breadcrumb":{"@id":"https:\/\/www.santjosep.net\/de\/aktiver-tourismus\/wanderungen-in-sant-josep-ibiza\/platges-de-comte-torre-rovira\/#breadcrumb"},"inLanguage":"de","potentialAction":[{"@type":"ReadAction","target":["https:\/\/www.santjosep.net\/de\/aktiver-tourismus\/wanderungen-in-sant-josep-ibiza\/platges-de-comte-torre-rovira\/"]}]},{"@type":"ImageObject","inLanguage":"de","@id":"https:\/\/www.santjosep.net\/de\/aktiver-tourismus\/wanderungen-in-sant-josep-ibiza\/platges-de-comte-torre-rovira\/#primaryimage","url":"https:\/\/www.santjosep.net\/wp-content\/uploads\/2015\/02\/IMG_4777.jpg","contentUrl":"https:\/\/www.santjosep.net\/wp-content\/uploads\/2015\/02\/IMG_4777.jpg","width":1000,"height":667},{"@type":"BreadcrumbList","@id":"https:\/\/www.santjosep.net\/de\/aktiver-tourismus\/wanderungen-in-sant-josep-ibiza\/platges-de-comte-torre-rovira\/#breadcrumb","itemListElement":[{"@type":"ListItem","position":1,"name":"Aktiver Tourismus","item":"https:\/\/www.santjosep.net\/de\/aktiver-tourismus\/"},{"@type":"ListItem","position":2,"name":"Wanderungen","item":"https:\/\/www.santjosep.net\/de\/aktiver-tourismus\/wanderungen-in-sant-josep-ibiza\/"},{"@type":"ListItem","position":3,"name":"Platges de Comte &#8211; Torre Rovira"}]},{"@type":"WebSite","@id":"https:\/\/www.santjosep.net\/#website","url":"https:\/\/www.santjosep.net\/","name":"Santjosep.net","description":"","potentialAction":[{"@type":"SearchAction","target":{"@type":"EntryPoint","urlTemplate":"https:\/\/www.santjosep.net\/?s={search_term_string}"},"query-input":{"@type":"PropertyValueSpecification","valueRequired":true,"valueName":"search_term_string"}}],"inLanguage":"de"}]}},"_links":{"self":[{"href":"https:\/\/www.santjosep.net\/de\/wp-json\/wp\/v2\/pages\/5591","targetHints":{"allow":["GET"]}}],"collection":[{"href":"https:\/\/www.santjosep.net\/de\/wp-json\/wp\/v2\/pages"}],"about":[{"href":"https:\/\/www.santjosep.net\/de\/wp-json\/wp\/v2\/types\/page"}],"author":[{"embeddable":true,"href":"https:\/\/www.santjosep.net\/de\/wp-json\/wp\/v2\/users\/1"}],"replies":[{"embeddable":true,"href":"https:\/\/www.santjosep.net\/de\/wp-json\/wp\/v2\/comments?post=5591"}],"version-history":[{"count":0,"href":"https:\/\/www.santjosep.net\/de\/wp-json\/wp\/v2\/pages\/5591\/revisions"}],"up":[{"embeddable":true,"href":"https:\/\/www.santjosep.net\/de\/wp-json\/wp\/v2\/pages\/5557"}],"wp:featuredmedia":[{"embeddable":true,"href":"https:\/\/www.santjosep.net\/de\/wp-json\/wp\/v2\/media\/5592"}],"wp:attachment":[{"href":"https:\/\/www.santjosep.net\/de\/wp-json\/wp\/v2\/media?parent=5591"}],"wp:term":[{"taxonomy":"categoria_pagina","embeddable":true,"href":"https:\/\/www.santjosep.net\/de\/wp-json\/wp\/v2\/categoria_pagina?post=5591"}],"curies":[{"name":"wp","href":"https:\/\/api.w.org\/{rel}","templated":true}]}}