{"id":5562,"date":"2016-03-07T08:37:54","date_gmt":"2016-03-07T08:37:54","guid":{"rendered":"https:\/\/www.santjosep.net\/de\/paseos-en-sant-josep-ibiza\/es-cavallet-ses-salines\/"},"modified":"2020-01-24T09:13:37","modified_gmt":"2020-01-24T08:13:37","slug":"es-cavallet-ses-salines","status":"publish","type":"page","link":"https:\/\/www.santjosep.net\/de\/aktiver-tourismus\/wanderungen-in-sant-josep-ibiza\/es-cavallet-ses-salines\/","title":{"rendered":"Es Cavallet &#8211; Ses Salines"},"content":{"rendered":"<p>Das Naturschutzgebiet Ses Salines ist mit seinen Salzbecken, wundersch\u00f6nen Str\u00e4nden und den Salzbergen einer der sch\u00f6nsten Orte Ibizas. Deshalb sollte man unbedingt einmal hier spazieren gehen, um in den Genuss dieser tollen Natur zu kommen. F\u00fcr den Weg ben\u00f6tigen Sie etwa eine Stunde und sollten Sonnencreme, Sonnenbrille und eine Kopfbedeckung nicht vergessen, damit Sie sich nicht verbrennen.<\/p>\n<h2>Karte<\/h2>\n<p><iframe loading=\"lazy\" src=\"https:\/\/mapsengine.google.com\/map\/embed?mid=znaHCaX734e8.kYLFuEflGD6Q\" width=\"795\" height=\"480\"><\/iframe><\/p>\n<p><strong>Schwierigkeitsgrad<\/strong>: leicht<br \/>\n<strong>L\u00e4nge<\/strong>: 4,38 km.<br \/>\n<strong>Gesch\u00e4tzte Dauer<\/strong>: 2 Stunden (gehen)<br \/>\n<strong>Empfehlungen<\/strong>: Tragen Sie Sportschuhe , Sportbekleidung und Wasser.<\/p>\n<h2>Ein Spaziergang von Es Cavallet nach Ses Salines<\/h2>\n<p>Die Strecke beginnt in Es Cavallet, einem der Str\u00e4nde im Naturschutzgebiet, der vor allem als FKK-Strand bekannt ist. Schon bei der Anfahrt mit dem Auto l\u00e4sst sich die Einzigartigkeit dieses Ortes bewundern. Die Artenvielfalt der Flora und Fauna ist hier besonders bemerkenswert und oft sieht man Flamingos in den Salzbecken herumstolzieren .<\/p>\n<p>Sobald Sie in Es Cavallet angekommen sind, k\u00f6nnen Sie Ihr Auto nahe der kleinen Kapelle abstellen, die sich inmitten der winzigen Ortschaft Sa Revista befindet und im 18. Jahrhundert f\u00fcr die Salzarbeiter erbaut wurde.<\/p>\n<div id=\"attachment_2091\" style=\"width: 1034px\" class=\"wp-caption alignnone\"><a href=\"https:\/\/www.santjosep.net\/wp-content\/uploads\/2014\/06\/parking_IMG_9335.jpg\"><img loading=\"lazy\" decoding=\"async\" aria-describedby=\"caption-attachment-2091\" class=\"size-large wp-image-2091\" src=\"https:\/\/www.santjosep.net\/wp-content\/uploads\/2014\/06\/parking_IMG_9335-1024x682.jpg\" alt=\"parking_IMG_9335\" width=\"1024\" height=\"682\" srcset=\"https:\/\/www.santjosep.net\/wp-content\/uploads\/2014\/06\/parking_IMG_9335-1024x682.jpg 1024w, https:\/\/www.santjosep.net\/wp-content\/uploads\/2014\/06\/parking_IMG_9335-300x200.jpg 300w, https:\/\/www.santjosep.net\/wp-content\/uploads\/2014\/06\/parking_IMG_9335.jpg 1200w\" sizes=\"auto, (max-width: 1024px) 100vw, 1024px\" \/><\/a><p id=\"caption-attachment-2091\" class=\"wp-caption-text\">Playa Es Cavallet<\/p><\/div>\n<p>Von hier aus gelangt man zum Strand <a title=\"Es Cavallet\" href=\"\/?p=5494\">es Cavallet<\/a>. Nun gibt es zwei M\u00f6glichkeiten den Spaziergang zu beginnen: Zum einen k\u00f6nnen Sie im Sand direkt am Wasser entlanglaufen oder l\u00e4ngs der Salzbecken spazieren. Der letztgenannte Weg beginnt direkt beim Parkplatz Es Cavallet. Wenn Sie sich f\u00fcr die zweite Option entscheiden, bei der Sie am Ende an den Strand gelangen, k\u00f6nnen Sie auf dem Weg die vielen dort lebenden V\u00f6gel von Nahem beobachten. M\u00f6chten Sie lieber am Strand entlanggehen, dann genie\u00dfen Sie die D\u00fcnen, das Meer und die heimische Vegetation.<\/p>\n<p>Der Sandstrand von Es Cavallet ist langgestreckt und blickt auf ein tiefblaues Meer. W\u00e4hrend Ihres Spaziergangs k\u00f6nnen Sie die Felseninseln sehen, die zwischen Ibiza und Formentera liegen. In der Meerenge von Es Freus reihen sich viele dieser kleinen Inseln aneinander, S\u2019Espalmador ist wohl die bekannteste unter ihnen. Sie ist mit Formentera verbunden und aufgrund ihrer paradiesischen Str\u00e4nde ein beliebter Ankerplatz f\u00fcr Yachten. Doch auch Es Penjats oder Es Daus sind bekannt. Gegen diese stie\u00df n\u00e4mlich vor einigen Jahren das Frachtschiff Don Pedro und sank vor der K\u00fcste Ibizas. Heute ist das Wrack zu einem der beliebtesten Ziele f\u00fcr Taucher geworden.<\/p>\n<div id=\"attachment_2087\" style=\"width: 1034px\" class=\"wp-caption alignnone\"><a href=\"https:\/\/www.santjosep.net\/wp-content\/uploads\/2014\/06\/IMG_9373.jpg\"><img loading=\"lazy\" decoding=\"async\" aria-describedby=\"caption-attachment-2087\" class=\"size-large wp-image-2087\" src=\"https:\/\/www.santjosep.net\/wp-content\/uploads\/2014\/06\/IMG_9373-1024x682.jpg\" alt=\"IMG_9373\" width=\"1024\" height=\"682\" srcset=\"https:\/\/www.santjosep.net\/wp-content\/uploads\/2014\/06\/IMG_9373-1024x682.jpg 1024w, https:\/\/www.santjosep.net\/wp-content\/uploads\/2014\/06\/IMG_9373-300x200.jpg 300w, https:\/\/www.santjosep.net\/wp-content\/uploads\/2014\/06\/IMG_9373.jpg 1200w\" sizes=\"auto, (max-width: 1024px) 100vw, 1024px\" \/><\/a><p id=\"caption-attachment-2087\" class=\"wp-caption-text\">Playa Es Cavallet<\/p><\/div>\n<p>Auf dem Spaziergang werden Sie immer wieder auf Strandbars (chiringuitos) und Restaurants sto\u00dfen, einige von ihnen besonders f\u00fcr die Schwulen- und Lesbenszene interessant. Hier k\u00f6nnen Sie zur St\u00e4rkung die regionale mediterrane K\u00fcche kosten und dabei sowohl die Landschaft als auch die Gesellschaft unter Menschen genie\u00dfen.<\/p>\n<p>Am Ende des Strandes steht der Wehrturm <a title=\"Torre de Ses Portes\" href=\"\/?page_id=16314\">Ses Portes<\/a>, dieser wurde wie viele andere der Insel im 18. Jahrhundert zum Schutz erbaut. Dieser Turm stammt aus dem 16. Jahrhundert und wurde als Wachposten genutzt, um Piratenangriffe abzuwehren. Am Fu\u00dfe des Turms liegen kleine Bootsh\u00e4uschen direkt am Wasser, von denen aus man einen sch\u00f6nen Blick auf Formentera hat.<\/p>\n<div id=\"attachment_2085\" style=\"width: 1034px\" class=\"wp-caption alignnone\"><a href=\"https:\/\/www.santjosep.net\/wp-content\/uploads\/2014\/06\/torre_IMG_9378.jpg\"><img loading=\"lazy\" decoding=\"async\" aria-describedby=\"caption-attachment-2085\" class=\"size-large wp-image-2085\" src=\"https:\/\/www.santjosep.net\/wp-content\/uploads\/2014\/06\/torre_IMG_9378-1024x682.jpg\" alt=\"torre_IMG_9378\" width=\"1024\" height=\"682\" srcset=\"https:\/\/www.santjosep.net\/wp-content\/uploads\/2014\/06\/torre_IMG_9378-1024x682.jpg 1024w, https:\/\/www.santjosep.net\/wp-content\/uploads\/2014\/06\/torre_IMG_9378-300x200.jpg 300w, https:\/\/www.santjosep.net\/wp-content\/uploads\/2014\/06\/torre_IMG_9378.jpg 1200w\" sizes=\"auto, (max-width: 1024px) 100vw, 1024px\" \/><\/a><p id=\"caption-attachment-2085\" class=\"wp-caption-text\">Torre de Ses Portes<\/p><\/div>\n<div id=\"attachment_2083\" style=\"width: 1034px\" class=\"wp-caption alignnone\"><a href=\"https:\/\/www.santjosep.net\/wp-content\/uploads\/2014\/06\/torre_casetas_IMG_9386.jpg\"><img loading=\"lazy\" decoding=\"async\" aria-describedby=\"caption-attachment-2083\" class=\"size-large wp-image-2083\" src=\"https:\/\/www.santjosep.net\/wp-content\/uploads\/2014\/06\/torre_casetas_IMG_9386-1024x682.jpg\" alt=\"torre_casetas_IMG_9386\" width=\"1024\" height=\"682\" srcset=\"https:\/\/www.santjosep.net\/wp-content\/uploads\/2014\/06\/torre_casetas_IMG_9386-1024x682.jpg 1024w, https:\/\/www.santjosep.net\/wp-content\/uploads\/2014\/06\/torre_casetas_IMG_9386-300x200.jpg 300w, https:\/\/www.santjosep.net\/wp-content\/uploads\/2014\/06\/torre_casetas_IMG_9386.jpg 1200w\" sizes=\"auto, (max-width: 1024px) 100vw, 1024px\" \/><\/a><p id=\"caption-attachment-2083\" class=\"wp-caption-text\">Torre de Ses Portes<\/p><\/div>\n<p>Folgt man dem Weg auf der rechten Seite, der von Sadeb\u00e4umen ges\u00e4umt ist, gelangt man an den Strand <a title=\"Ses Salines\" href=\"\/?p=5556\">Ses Salines<\/a>. Zun\u00e4chst treffen Sie hier auf eine Reihe kleiner idyllischer Buchten, an die sich ein langer Sandstrand anschlie\u00dft. Dieser Strand ist in der ganzen Welt f\u00fcr sein glasklares blaues Wasser bekannt. Bis zur Abendd\u00e4mmerung tummeln sich die Menschen in Ses Salines, wo ein besonders kosmopolitisches Ambiente herrscht. Jede Strandbar und jeder Kiosk hat einen ganz eigenen Stil. An diesem Strand verbindet sich eine famili\u00e4re Stimmung mit der glamour\u00f6sen Welt, die ganz besonders auf den Terassen und bei den Sonnenliegen sp\u00fcrbar ist.<\/p>\n<div id=\"attachment_2079\" style=\"width: 1034px\" class=\"wp-caption alignnone\"><a href=\"https:\/\/www.santjosep.net\/wp-content\/uploads\/2014\/06\/salinas_IMG_0511.jpg\"><img loading=\"lazy\" decoding=\"async\" aria-describedby=\"caption-attachment-2079\" class=\"size-large wp-image-2079\" src=\"https:\/\/www.santjosep.net\/wp-content\/uploads\/2014\/06\/salinas_IMG_0511-1024x682.jpg\" alt=\"salinas_IMG_0511\" width=\"1024\" height=\"682\" srcset=\"https:\/\/www.santjosep.net\/wp-content\/uploads\/2014\/06\/salinas_IMG_0511-1024x682.jpg 1024w, https:\/\/www.santjosep.net\/wp-content\/uploads\/2014\/06\/salinas_IMG_0511-300x200.jpg 300w, https:\/\/www.santjosep.net\/wp-content\/uploads\/2014\/06\/salinas_IMG_0511.jpg 1200w\" sizes=\"auto, (max-width: 1024px) 100vw, 1024px\" \/><\/a><p id=\"caption-attachment-2079\" class=\"wp-caption-text\">Playa de Ses Salines<\/p><\/div>\n<p>Sowohl am Strand Es Cavallet als auch in Ses Salines l\u00e4dt das Meer mit seinem glasklaren Wasser zum Baden ein. Die ausgezeichnete Wasserqualit\u00e4t verdanken wir dem Neptungras, das am Meeresgrund w\u00e4chst und zum UNESCO-Weltnaturerbe erkl\u00e4rt worden ist.<\/p>\n","protected":false},"excerpt":{"rendered":"<p>Das Naturschutzgebiet Ses Salines ist mit seinen Salzbecken, wundersch\u00f6nen Str\u00e4nden und den Salzbergen einer der sch\u00f6nsten Orte Ibizas. Deshalb sollte man unbedingt einmal hier spazieren gehen, um in den Genuss dieser tollen Natur zu kommen. F\u00fcr den Weg ben\u00f6tigen Sie [&hellip;]<\/p>\n","protected":false},"author":1,"featured_media":5563,"parent":5557,"menu_order":0,"comment_status":"closed","ping_status":"closed","template":"","meta":{"_acf_changed":false,"inline_featured_image":false,"footnotes":""},"categoria_pagina":[],"class_list":["post-5562","page","type-page","status-publish","has-post-thumbnail","hentry"],"acf":[],"yoast_head":"<!-- This site is optimized with the Yoast SEO plugin v25.7 - https:\/\/yoast.com\/wordpress\/plugins\/seo\/ -->\n<title>Es Cavallet - Ses Salines - Santjosep.net<\/title>\n<meta name=\"robots\" content=\"index, follow, max-snippet:-1, max-image-preview:large, max-video-preview:-1\" \/>\n<link rel=\"canonical\" href=\"https:\/\/www.santjosep.net\/de\/aktiver-tourismus\/wanderungen-in-sant-josep-ibiza\/es-cavallet-ses-salines\/\" \/>\n<meta property=\"og:locale\" content=\"de_DE\" \/>\n<meta property=\"og:type\" content=\"article\" \/>\n<meta property=\"og:title\" content=\"Es Cavallet - Ses Salines - Santjosep.net\" \/>\n<meta property=\"og:description\" content=\"Das Naturschutzgebiet Ses Salines ist mit seinen Salzbecken, wundersch\u00f6nen Str\u00e4nden und den Salzbergen einer der sch\u00f6nsten Orte Ibizas. Deshalb sollte man unbedingt einmal hier spazieren gehen, um in den Genuss dieser tollen Natur zu kommen. F\u00fcr den Weg ben\u00f6tigen Sie [&hellip;]\" \/>\n<meta property=\"og:url\" content=\"https:\/\/www.santjosep.net\/de\/aktiver-tourismus\/wanderungen-in-sant-josep-ibiza\/es-cavallet-ses-salines\/\" \/>\n<meta property=\"og:site_name\" content=\"Santjosep.net\" \/>\n<meta property=\"article:modified_time\" content=\"2020-01-24T08:13:37+00:00\" \/>\n<meta property=\"og:image\" content=\"https:\/\/www.santjosep.net\/wp-content\/uploads\/2014\/06\/torre_IMG_9378.jpg\" \/>\n\t<meta property=\"og:image:width\" content=\"1200\" \/>\n\t<meta property=\"og:image:height\" content=\"800\" \/>\n\t<meta property=\"og:image:type\" content=\"image\/jpeg\" \/>\n<meta name=\"twitter:card\" content=\"summary_large_image\" \/>\n<meta name=\"twitter:label1\" content=\"Gesch\u00e4tzte Lesezeit\" \/>\n\t<meta name=\"twitter:data1\" content=\"3\u00a0Minuten\" \/>\n<script type=\"application\/ld+json\" class=\"yoast-schema-graph\">{\"@context\":\"https:\/\/schema.org\",\"@graph\":[{\"@type\":\"WebPage\",\"@id\":\"https:\/\/www.santjosep.net\/de\/aktiver-tourismus\/wanderungen-in-sant-josep-ibiza\/es-cavallet-ses-salines\/\",\"url\":\"https:\/\/www.santjosep.net\/de\/aktiver-tourismus\/wanderungen-in-sant-josep-ibiza\/es-cavallet-ses-salines\/\",\"name\":\"Es Cavallet - Ses Salines - Santjosep.net\",\"isPartOf\":{\"@id\":\"https:\/\/www.santjosep.net\/#website\"},\"primaryImageOfPage\":{\"@id\":\"https:\/\/www.santjosep.net\/de\/aktiver-tourismus\/wanderungen-in-sant-josep-ibiza\/es-cavallet-ses-salines\/#primaryimage\"},\"image\":{\"@id\":\"https:\/\/www.santjosep.net\/de\/aktiver-tourismus\/wanderungen-in-sant-josep-ibiza\/es-cavallet-ses-salines\/#primaryimage\"},\"thumbnailUrl\":\"https:\/\/www.santjosep.net\/wp-content\/uploads\/2014\/06\/torre_IMG_9378.jpg\",\"datePublished\":\"2016-03-07T08:37:54+00:00\",\"dateModified\":\"2020-01-24T08:13:37+00:00\",\"breadcrumb\":{\"@id\":\"https:\/\/www.santjosep.net\/de\/aktiver-tourismus\/wanderungen-in-sant-josep-ibiza\/es-cavallet-ses-salines\/#breadcrumb\"},\"inLanguage\":\"de\",\"potentialAction\":[{\"@type\":\"ReadAction\",\"target\":[\"https:\/\/www.santjosep.net\/de\/aktiver-tourismus\/wanderungen-in-sant-josep-ibiza\/es-cavallet-ses-salines\/\"]}]},{\"@type\":\"ImageObject\",\"inLanguage\":\"de\",\"@id\":\"https:\/\/www.santjosep.net\/de\/aktiver-tourismus\/wanderungen-in-sant-josep-ibiza\/es-cavallet-ses-salines\/#primaryimage\",\"url\":\"https:\/\/www.santjosep.net\/wp-content\/uploads\/2014\/06\/torre_IMG_9378.jpg\",\"contentUrl\":\"https:\/\/www.santjosep.net\/wp-content\/uploads\/2014\/06\/torre_IMG_9378.jpg\",\"width\":1200,\"height\":800},{\"@type\":\"BreadcrumbList\",\"@id\":\"https:\/\/www.santjosep.net\/de\/aktiver-tourismus\/wanderungen-in-sant-josep-ibiza\/es-cavallet-ses-salines\/#breadcrumb\",\"itemListElement\":[{\"@type\":\"ListItem\",\"position\":1,\"name\":\"Aktiver Tourismus\",\"item\":\"https:\/\/www.santjosep.net\/de\/aktiver-tourismus\/\"},{\"@type\":\"ListItem\",\"position\":2,\"name\":\"Wanderungen\",\"item\":\"https:\/\/www.santjosep.net\/de\/aktiver-tourismus\/wanderungen-in-sant-josep-ibiza\/\"},{\"@type\":\"ListItem\",\"position\":3,\"name\":\"Es Cavallet &#8211; Ses Salines\"}]},{\"@type\":\"WebSite\",\"@id\":\"https:\/\/www.santjosep.net\/#website\",\"url\":\"https:\/\/www.santjosep.net\/\",\"name\":\"Santjosep.net\",\"description\":\"\",\"potentialAction\":[{\"@type\":\"SearchAction\",\"target\":{\"@type\":\"EntryPoint\",\"urlTemplate\":\"https:\/\/www.santjosep.net\/?s={search_term_string}\"},\"query-input\":{\"@type\":\"PropertyValueSpecification\",\"valueRequired\":true,\"valueName\":\"search_term_string\"}}],\"inLanguage\":\"de\"}]}<\/script>\n<!-- \/ Yoast SEO plugin. -->","yoast_head_json":{"title":"Es Cavallet - Ses Salines - Santjosep.net","robots":{"index":"index","follow":"follow","max-snippet":"max-snippet:-1","max-image-preview":"max-image-preview:large","max-video-preview":"max-video-preview:-1"},"canonical":"https:\/\/www.santjosep.net\/de\/aktiver-tourismus\/wanderungen-in-sant-josep-ibiza\/es-cavallet-ses-salines\/","og_locale":"de_DE","og_type":"article","og_title":"Es Cavallet - Ses Salines - Santjosep.net","og_description":"Das Naturschutzgebiet Ses Salines ist mit seinen Salzbecken, wundersch\u00f6nen Str\u00e4nden und den Salzbergen einer der sch\u00f6nsten Orte Ibizas. Deshalb sollte man unbedingt einmal hier spazieren gehen, um in den Genuss dieser tollen Natur zu kommen. F\u00fcr den Weg ben\u00f6tigen Sie [&hellip;]","og_url":"https:\/\/www.santjosep.net\/de\/aktiver-tourismus\/wanderungen-in-sant-josep-ibiza\/es-cavallet-ses-salines\/","og_site_name":"Santjosep.net","article_modified_time":"2020-01-24T08:13:37+00:00","og_image":[{"width":1200,"height":800,"url":"https:\/\/www.santjosep.net\/wp-content\/uploads\/2014\/06\/torre_IMG_9378.jpg","type":"image\/jpeg"}],"twitter_card":"summary_large_image","twitter_misc":{"Gesch\u00e4tzte Lesezeit":"3\u00a0Minuten"},"schema":{"@context":"https:\/\/schema.org","@graph":[{"@type":"WebPage","@id":"https:\/\/www.santjosep.net\/de\/aktiver-tourismus\/wanderungen-in-sant-josep-ibiza\/es-cavallet-ses-salines\/","url":"https:\/\/www.santjosep.net\/de\/aktiver-tourismus\/wanderungen-in-sant-josep-ibiza\/es-cavallet-ses-salines\/","name":"Es Cavallet - Ses Salines - Santjosep.net","isPartOf":{"@id":"https:\/\/www.santjosep.net\/#website"},"primaryImageOfPage":{"@id":"https:\/\/www.santjosep.net\/de\/aktiver-tourismus\/wanderungen-in-sant-josep-ibiza\/es-cavallet-ses-salines\/#primaryimage"},"image":{"@id":"https:\/\/www.santjosep.net\/de\/aktiver-tourismus\/wanderungen-in-sant-josep-ibiza\/es-cavallet-ses-salines\/#primaryimage"},"thumbnailUrl":"https:\/\/www.santjosep.net\/wp-content\/uploads\/2014\/06\/torre_IMG_9378.jpg","datePublished":"2016-03-07T08:37:54+00:00","dateModified":"2020-01-24T08:13:37+00:00","breadcrumb":{"@id":"https:\/\/www.santjosep.net\/de\/aktiver-tourismus\/wanderungen-in-sant-josep-ibiza\/es-cavallet-ses-salines\/#breadcrumb"},"inLanguage":"de","potentialAction":[{"@type":"ReadAction","target":["https:\/\/www.santjosep.net\/de\/aktiver-tourismus\/wanderungen-in-sant-josep-ibiza\/es-cavallet-ses-salines\/"]}]},{"@type":"ImageObject","inLanguage":"de","@id":"https:\/\/www.santjosep.net\/de\/aktiver-tourismus\/wanderungen-in-sant-josep-ibiza\/es-cavallet-ses-salines\/#primaryimage","url":"https:\/\/www.santjosep.net\/wp-content\/uploads\/2014\/06\/torre_IMG_9378.jpg","contentUrl":"https:\/\/www.santjosep.net\/wp-content\/uploads\/2014\/06\/torre_IMG_9378.jpg","width":1200,"height":800},{"@type":"BreadcrumbList","@id":"https:\/\/www.santjosep.net\/de\/aktiver-tourismus\/wanderungen-in-sant-josep-ibiza\/es-cavallet-ses-salines\/#breadcrumb","itemListElement":[{"@type":"ListItem","position":1,"name":"Aktiver Tourismus","item":"https:\/\/www.santjosep.net\/de\/aktiver-tourismus\/"},{"@type":"ListItem","position":2,"name":"Wanderungen","item":"https:\/\/www.santjosep.net\/de\/aktiver-tourismus\/wanderungen-in-sant-josep-ibiza\/"},{"@type":"ListItem","position":3,"name":"Es Cavallet &#8211; Ses Salines"}]},{"@type":"WebSite","@id":"https:\/\/www.santjosep.net\/#website","url":"https:\/\/www.santjosep.net\/","name":"Santjosep.net","description":"","potentialAction":[{"@type":"SearchAction","target":{"@type":"EntryPoint","urlTemplate":"https:\/\/www.santjosep.net\/?s={search_term_string}"},"query-input":{"@type":"PropertyValueSpecification","valueRequired":true,"valueName":"search_term_string"}}],"inLanguage":"de"}]}},"_links":{"self":[{"href":"https:\/\/www.santjosep.net\/de\/wp-json\/wp\/v2\/pages\/5562","targetHints":{"allow":["GET"]}}],"collection":[{"href":"https:\/\/www.santjosep.net\/de\/wp-json\/wp\/v2\/pages"}],"about":[{"href":"https:\/\/www.santjosep.net\/de\/wp-json\/wp\/v2\/types\/page"}],"author":[{"embeddable":true,"href":"https:\/\/www.santjosep.net\/de\/wp-json\/wp\/v2\/users\/1"}],"replies":[{"embeddable":true,"href":"https:\/\/www.santjosep.net\/de\/wp-json\/wp\/v2\/comments?post=5562"}],"version-history":[{"count":0,"href":"https:\/\/www.santjosep.net\/de\/wp-json\/wp\/v2\/pages\/5562\/revisions"}],"up":[{"embeddable":true,"href":"https:\/\/www.santjosep.net\/de\/wp-json\/wp\/v2\/pages\/5557"}],"wp:featuredmedia":[{"embeddable":true,"href":"https:\/\/www.santjosep.net\/de\/wp-json\/wp\/v2\/media\/5563"}],"wp:attachment":[{"href":"https:\/\/www.santjosep.net\/de\/wp-json\/wp\/v2\/media?parent=5562"}],"wp:term":[{"taxonomy":"categoria_pagina","embeddable":true,"href":"https:\/\/www.santjosep.net\/de\/wp-json\/wp\/v2\/categoria_pagina?post=5562"}],"curies":[{"name":"wp","href":"https:\/\/api.w.org\/{rel}","templated":true}]}}