{"id":5557,"date":"2016-03-07T08:28:47","date_gmt":"2016-03-07T08:28:47","guid":{"rendered":"https:\/\/www.santjosep.net\/de\/paseos-en-sant-josep-ibiza\/"},"modified":"2020-01-28T08:52:19","modified_gmt":"2020-01-28T07:52:19","slug":"wanderungen-in-sant-josep-ibiza","status":"publish","type":"page","link":"https:\/\/www.santjosep.net\/de\/aktiver-tourismus\/wanderungen-in-sant-josep-ibiza\/","title":{"rendered":"Wanderungen"},"content":{"rendered":"<div class=\"wpb-content-wrapper\"><p>[vc_row enable_hue_rotation=&#8220;no&#8220; enable_text_marquee=&#8220;no&#8220;][vc_column][vc_column_text]Bei einer Wanderung haben Sie die M\u00f6glichkeit, die herrlichen Landschaften von Sant Josep noch genauer und in Ihrem eigenen Tempo kennzulernen. Entdecken Sie die magische Atmosph\u00e4re der Salzbecken von Ses Salines, erfahren Sie mehr \u00fcber die Geschichte der Wehrt\u00fcrme, steigen Sie auf den Berg Sa Talaia und genie\u00dfen Sie den Ausblick oder erfreuen Sie sich an den herrlichen Sonnenunterg\u00e4ngen und unterhalten Sie sich mit den Menschen, denen Sie auf Ihrer Wanderung begegnen. Zusammen ergeben diese Puzzleteile ein einmaliges Landschaftsbild, das sich durch die Verbindung von Mensch und Natur ergeben hat und Teil des heutigen UNESCO\u00adWelterbes ist. Wir laden Sie also herzlich zu einer Entdeckungsreise in unserer Gemeinde Sant Josep ein.<\/p>\n<p>Vergessen Sie nicht, bequeme Schuhe und Kleidung zu tragen und nehmen Sie sich f\u00fcr Ihre Pausen etwas zu Trinken und zu Essen mit.<\/p>\n<p>Sie finden auf dieser Seite drei Dateien zu den Wanderrouten. Sie enthalten Informationen zu den Streckeneigenschaften, dem Schwierigkeitsgrad und besondere Empfehlungen f\u00fcr jede einzelne Route.[\/vc_column_text][\/vc_column][\/vc_row][vc_row enable_hue_rotation=&#8220;no&#8220; enable_text_marquee=&#8220;no&#8220; el_class=&#8220;partfullgrid&#8220;][vc_column][vc_basic_grid post_type=&#8220;custom&#8220; item=&#8220;20141&#8243; grid_id=&#8220;vc_gid:1579714424524-4bc5c818-e19c-6&#8243; custom_query=&#8220;post_type=page&amp;post_parent=5557&amp;orderby=rand&amp;posts_per_page=-1&#8243;][\/vc_column][\/vc_row]<\/p>\n<\/div>","protected":false},"excerpt":{"rendered":"<p>[vc_row enable_hue_rotation=&#8220;no&#8220; enable_text_marquee=&#8220;no&#8220;][vc_column][vc_column_text]Bei einer Wanderung haben Sie die M\u00f6glichkeit, die herrlichen Landschaften von Sant Josep noch genauer und in Ihrem eigenen Tempo kennzulernen. Entdecken Sie die magische Atmosph\u00e4re der Salzbecken von Ses Salines, erfahren Sie mehr \u00fcber die Geschichte der [&hellip;]<\/p>\n","protected":false},"author":1,"featured_media":33521,"parent":6153,"menu_order":0,"comment_status":"closed","ping_status":"closed","template":"page-actividad.php","meta":{"_acf_changed":false,"inline_featured_image":false,"footnotes":""},"categoria_pagina":[],"class_list":["post-5557","page","type-page","status-publish","has-post-thumbnail","hentry"],"acf":[],"yoast_head":"<!-- This site is optimized with the Yoast SEO plugin v25.7 - https:\/\/yoast.com\/wordpress\/plugins\/seo\/ -->\n<title>Wanderungen und Routen in Sant Josep<\/title>\n<meta name=\"description\" content=\"Entdecken Sie Sant Josep geht durch diese fantastischen Routen.\" \/>\n<meta name=\"robots\" content=\"index, follow, max-snippet:-1, max-image-preview:large, max-video-preview:-1\" \/>\n<link rel=\"canonical\" href=\"https:\/\/www.santjosep.net\/de\/aktiver-tourismus\/wanderungen-in-sant-josep-ibiza\/\" \/>\n<meta property=\"og:locale\" content=\"de_DE\" \/>\n<meta property=\"og:type\" content=\"article\" \/>\n<meta property=\"og:title\" content=\"Wanderungen und Routen in Sant Josep\" \/>\n<meta property=\"og:description\" content=\"Entdecken Sie Sant Josep geht durch diese fantastischen Routen.\" \/>\n<meta property=\"og:url\" content=\"https:\/\/www.santjosep.net\/de\/aktiver-tourismus\/wanderungen-in-sant-josep-ibiza\/\" \/>\n<meta property=\"og:site_name\" content=\"Santjosep.net\" \/>\n<meta property=\"article:modified_time\" content=\"2020-01-28T07:52:19+00:00\" \/>\n<meta property=\"og:image\" content=\"https:\/\/www.santjosep.net\/wp-content\/uploads\/2022\/11\/RR_03039-1.jpg\" \/>\n\t<meta property=\"og:image:width\" content=\"2000\" \/>\n\t<meta property=\"og:image:height\" content=\"1334\" \/>\n\t<meta property=\"og:image:type\" content=\"image\/jpeg\" \/>\n<meta name=\"twitter:card\" content=\"summary_large_image\" \/>\n<meta name=\"twitter:label1\" content=\"Gesch\u00e4tzte Lesezeit\" \/>\n\t<meta name=\"twitter:data1\" content=\"1\u00a0Minute\" \/>\n<script type=\"application\/ld+json\" class=\"yoast-schema-graph\">{\"@context\":\"https:\/\/schema.org\",\"@graph\":[{\"@type\":\"WebPage\",\"@id\":\"https:\/\/www.santjosep.net\/de\/aktiver-tourismus\/wanderungen-in-sant-josep-ibiza\/\",\"url\":\"https:\/\/www.santjosep.net\/de\/aktiver-tourismus\/wanderungen-in-sant-josep-ibiza\/\",\"name\":\"Wanderungen und Routen in Sant Josep\",\"isPartOf\":{\"@id\":\"https:\/\/www.santjosep.net\/#website\"},\"primaryImageOfPage\":{\"@id\":\"https:\/\/www.santjosep.net\/de\/aktiver-tourismus\/wanderungen-in-sant-josep-ibiza\/#primaryimage\"},\"image\":{\"@id\":\"https:\/\/www.santjosep.net\/de\/aktiver-tourismus\/wanderungen-in-sant-josep-ibiza\/#primaryimage\"},\"thumbnailUrl\":\"https:\/\/www.santjosep.net\/wp-content\/uploads\/2022\/11\/RR_03039-1.jpg\",\"datePublished\":\"2016-03-07T08:28:47+00:00\",\"dateModified\":\"2020-01-28T07:52:19+00:00\",\"description\":\"Entdecken Sie Sant Josep geht durch diese fantastischen Routen.\",\"breadcrumb\":{\"@id\":\"https:\/\/www.santjosep.net\/de\/aktiver-tourismus\/wanderungen-in-sant-josep-ibiza\/#breadcrumb\"},\"inLanguage\":\"de\",\"potentialAction\":[{\"@type\":\"ReadAction\",\"target\":[\"https:\/\/www.santjosep.net\/de\/aktiver-tourismus\/wanderungen-in-sant-josep-ibiza\/\"]}]},{\"@type\":\"ImageObject\",\"inLanguage\":\"de\",\"@id\":\"https:\/\/www.santjosep.net\/de\/aktiver-tourismus\/wanderungen-in-sant-josep-ibiza\/#primaryimage\",\"url\":\"https:\/\/www.santjosep.net\/wp-content\/uploads\/2022\/11\/RR_03039-1.jpg\",\"contentUrl\":\"https:\/\/www.santjosep.net\/wp-content\/uploads\/2022\/11\/RR_03039-1.jpg\",\"width\":2000,\"height\":1334},{\"@type\":\"BreadcrumbList\",\"@id\":\"https:\/\/www.santjosep.net\/de\/aktiver-tourismus\/wanderungen-in-sant-josep-ibiza\/#breadcrumb\",\"itemListElement\":[{\"@type\":\"ListItem\",\"position\":1,\"name\":\"Aktiver Tourismus\",\"item\":\"https:\/\/www.santjosep.net\/de\/aktiver-tourismus\/\"},{\"@type\":\"ListItem\",\"position\":2,\"name\":\"Wanderungen\"}]},{\"@type\":\"WebSite\",\"@id\":\"https:\/\/www.santjosep.net\/#website\",\"url\":\"https:\/\/www.santjosep.net\/\",\"name\":\"Santjosep.net\",\"description\":\"\",\"potentialAction\":[{\"@type\":\"SearchAction\",\"target\":{\"@type\":\"EntryPoint\",\"urlTemplate\":\"https:\/\/www.santjosep.net\/?s={search_term_string}\"},\"query-input\":{\"@type\":\"PropertyValueSpecification\",\"valueRequired\":true,\"valueName\":\"search_term_string\"}}],\"inLanguage\":\"de\"}]}<\/script>\n<!-- \/ Yoast SEO plugin. -->","yoast_head_json":{"title":"Wanderungen und Routen in Sant Josep","description":"Entdecken Sie Sant Josep geht durch diese fantastischen Routen.","robots":{"index":"index","follow":"follow","max-snippet":"max-snippet:-1","max-image-preview":"max-image-preview:large","max-video-preview":"max-video-preview:-1"},"canonical":"https:\/\/www.santjosep.net\/de\/aktiver-tourismus\/wanderungen-in-sant-josep-ibiza\/","og_locale":"de_DE","og_type":"article","og_title":"Wanderungen und Routen in Sant Josep","og_description":"Entdecken Sie Sant Josep geht durch diese fantastischen Routen.","og_url":"https:\/\/www.santjosep.net\/de\/aktiver-tourismus\/wanderungen-in-sant-josep-ibiza\/","og_site_name":"Santjosep.net","article_modified_time":"2020-01-28T07:52:19+00:00","og_image":[{"width":2000,"height":1334,"url":"https:\/\/www.santjosep.net\/wp-content\/uploads\/2022\/11\/RR_03039-1.jpg","type":"image\/jpeg"}],"twitter_card":"summary_large_image","twitter_misc":{"Gesch\u00e4tzte Lesezeit":"1\u00a0Minute"},"schema":{"@context":"https:\/\/schema.org","@graph":[{"@type":"WebPage","@id":"https:\/\/www.santjosep.net\/de\/aktiver-tourismus\/wanderungen-in-sant-josep-ibiza\/","url":"https:\/\/www.santjosep.net\/de\/aktiver-tourismus\/wanderungen-in-sant-josep-ibiza\/","name":"Wanderungen und Routen in Sant Josep","isPartOf":{"@id":"https:\/\/www.santjosep.net\/#website"},"primaryImageOfPage":{"@id":"https:\/\/www.santjosep.net\/de\/aktiver-tourismus\/wanderungen-in-sant-josep-ibiza\/#primaryimage"},"image":{"@id":"https:\/\/www.santjosep.net\/de\/aktiver-tourismus\/wanderungen-in-sant-josep-ibiza\/#primaryimage"},"thumbnailUrl":"https:\/\/www.santjosep.net\/wp-content\/uploads\/2022\/11\/RR_03039-1.jpg","datePublished":"2016-03-07T08:28:47+00:00","dateModified":"2020-01-28T07:52:19+00:00","description":"Entdecken Sie Sant Josep geht durch diese fantastischen Routen.","breadcrumb":{"@id":"https:\/\/www.santjosep.net\/de\/aktiver-tourismus\/wanderungen-in-sant-josep-ibiza\/#breadcrumb"},"inLanguage":"de","potentialAction":[{"@type":"ReadAction","target":["https:\/\/www.santjosep.net\/de\/aktiver-tourismus\/wanderungen-in-sant-josep-ibiza\/"]}]},{"@type":"ImageObject","inLanguage":"de","@id":"https:\/\/www.santjosep.net\/de\/aktiver-tourismus\/wanderungen-in-sant-josep-ibiza\/#primaryimage","url":"https:\/\/www.santjosep.net\/wp-content\/uploads\/2022\/11\/RR_03039-1.jpg","contentUrl":"https:\/\/www.santjosep.net\/wp-content\/uploads\/2022\/11\/RR_03039-1.jpg","width":2000,"height":1334},{"@type":"BreadcrumbList","@id":"https:\/\/www.santjosep.net\/de\/aktiver-tourismus\/wanderungen-in-sant-josep-ibiza\/#breadcrumb","itemListElement":[{"@type":"ListItem","position":1,"name":"Aktiver Tourismus","item":"https:\/\/www.santjosep.net\/de\/aktiver-tourismus\/"},{"@type":"ListItem","position":2,"name":"Wanderungen"}]},{"@type":"WebSite","@id":"https:\/\/www.santjosep.net\/#website","url":"https:\/\/www.santjosep.net\/","name":"Santjosep.net","description":"","potentialAction":[{"@type":"SearchAction","target":{"@type":"EntryPoint","urlTemplate":"https:\/\/www.santjosep.net\/?s={search_term_string}"},"query-input":{"@type":"PropertyValueSpecification","valueRequired":true,"valueName":"search_term_string"}}],"inLanguage":"de"}]}},"_links":{"self":[{"href":"https:\/\/www.santjosep.net\/de\/wp-json\/wp\/v2\/pages\/5557","targetHints":{"allow":["GET"]}}],"collection":[{"href":"https:\/\/www.santjosep.net\/de\/wp-json\/wp\/v2\/pages"}],"about":[{"href":"https:\/\/www.santjosep.net\/de\/wp-json\/wp\/v2\/types\/page"}],"author":[{"embeddable":true,"href":"https:\/\/www.santjosep.net\/de\/wp-json\/wp\/v2\/users\/1"}],"replies":[{"embeddable":true,"href":"https:\/\/www.santjosep.net\/de\/wp-json\/wp\/v2\/comments?post=5557"}],"version-history":[{"count":0,"href":"https:\/\/www.santjosep.net\/de\/wp-json\/wp\/v2\/pages\/5557\/revisions"}],"up":[{"embeddable":true,"href":"https:\/\/www.santjosep.net\/de\/wp-json\/wp\/v2\/pages\/6153"}],"wp:featuredmedia":[{"embeddable":true,"href":"https:\/\/www.santjosep.net\/de\/wp-json\/wp\/v2\/media\/33521"}],"wp:attachment":[{"href":"https:\/\/www.santjosep.net\/de\/wp-json\/wp\/v2\/media?parent=5557"}],"wp:term":[{"taxonomy":"categoria_pagina","embeddable":true,"href":"https:\/\/www.santjosep.net\/de\/wp-json\/wp\/v2\/categoria_pagina?post=5557"}],"curies":[{"name":"wp","href":"https:\/\/api.w.org\/{rel}","templated":true}]}}