{"id":5493,"date":"2013-11-11T09:59:08","date_gmt":"2013-11-11T09:59:08","guid":{"rendered":"https:\/\/www.santjosep.net\/de\/ver\/ses-paisses-de-cala-dhort\/"},"modified":"2025-06-12T15:26:03","modified_gmt":"2025-06-12T13:26:03","slug":"ses-paisses-de-cala-dhort","status":"publish","type":"page","link":"https:\/\/www.santjosep.net\/de\/sehen\/erbgut\/ses-paisses-de-cala-dhort\/","title":{"rendered":"Ses Paisses de Cala d&#8217;Hort"},"content":{"rendered":"<div class=\"wpb-content-wrapper\"><p>[vc_row enable_hue_rotation=&#8220;no&#8220; enable_text_marquee=&#8220;no&#8220;][vc_column][vc_column_text]Dies ist eine weitl\u00e4ufige Ansammlung von Ruinen von punischen und r\u00f6mischen Siedlungen. Diese enstanden Mitte des 5. Jahrhunderts v. Chr. und \u00fcberlebten den Beginn und das Ende des R\u00f6mischen Reichs, das byzantinische Reich und blieben auch bis zu Beginn des 8. Jahrhunderts unseres Zeitalters erhalten. Die Siedlung setzt sich zusammen aus einem gro\u00dfen Geb\u00e4ude, das als Wohnhaus, aber auch f\u00fcr die Aus\u00fcbung der Landwirtschaft genutzt wurde und recht gut erhalten geblieben ist; sowie ein anderes verfallenes Geb\u00e4ude, zwei Nekropolen, eine aus der punischen, die andere aus der byzantinischen Zeit.<\/p>\n<p>W\u00e4hrend des 1. Jahrhunderts unserer Zeit entfaltete sich das Hauptgeb\u00e4ude zu einem r\u00f6mischen Haus mit einer Fl\u00e4che von etwa 900 m2. Dieses war um einen gro\u00dfen Innenhof gebaut. Der Haupteingang ist mit dem Innenhof verbunden und blickt in Richtung S\u00fcden. Um den Innenhof waren andere R\u00e4umlichkeiten angegliedert wie der Raum f\u00fcr die \u00d6lm\u00fchle, ein sog. trull zur \u00d6lgewinnung aus Oliven, der in Richtung Nordosten ausgerichtet ist, ein Weinkeller und verschiedene Lagerr\u00e4ume auf der S\u00fcdseite. Auf der Nord- und Westseite befanden sich die K\u00fcchen, Zimmer und andere R\u00e4ume. Eine Besonderheit ist die gro\u00dfe Wasserzisterne, die in den Felsen gehauen wurde und im nordwestlichen Bereich des Hauses zu finden ist.<\/p>\n<p>Die punische Nekropolis setzt sich aus acht Hypog\u00e4en zusammen (in den Felsen gebaute, unterirdische Grabr\u00e4ume, mit einem schachtartigen Zugang), in denen sich zum Teil zwei Sarkophage aus Tonstein befanden. Au\u00dferdem stie\u00df man bei der Grabausstattung auf zahlreiche importierte oder von den Kathagern stammende Porzellanteile, sowie Rasiermesser, Gl\u00e4ser aus Glaspaste, Skarab\u00e4en etc. Von oben kann man byzantinische Gr\u00e4ber sehen, die auf die Felseninsel Es Vedr\u00e0 und eine beeindruckende Landschaft blicken. Die Siedlung wurde zwischen 1917 und 1982-85 ausgegraben.<\/p>\n<p>Besuchszeiten: Dienstag, Donnerstag, Freitag und Samstag von 18:00 bis 21:00 Uhr, vom 1. Juni bis zum 30. September.[\/vc_column_text][vc_column_text]<span data-sheets-root=\"1\"><div class=\"gm-map\" style=\"position: relative;height: 200px; width: 200px;\"><iframe name=\"gm-map-1\" allowfullscreen src=\"https:\/\/www.santjosep.net\/de\/?geo_mashup_content=render-map&amp;map_data_key=37f88e0f888380ef5c189ead432eb44c&amp;lang=de&amp;zoom=13&amp;name=gm-map-1&amp;map_content=contextual&amp;error_comment=&lt;!-- Geo Mashup hat in diesem Kontext keine darzustellenden Objekte gefunden--&gt;\" style=\"position: absolute; top: 0; left: 0; width: 100%; height: 100%; border: none; overflow: hidden;\"><\/iframe><\/div><\/span>[\/vc_column_text][\/vc_column][\/vc_row][vc_row full_width=&#8220;stretch_row_content_no_spaces&#8220; enable_hue_rotation=&#8220;no&#8220; enable_text_marquee=&#8220;no&#8220; el_id=&#8220;galeria&#8220;][vc_column css=&#8220;.vc_custom_1579097066588{padding-bottom: 20px !important;}&#8220;][vc_column_text]<style>#jtg-18213 .modula-item .jtg-social a, .lightbox-socials.jtg-social a{ fill: #ffffff; color: #ffffff }#jtg-18213 .modula-item .jtg-social-mobile a{ fill: #ffffff; color: #ffffff }#jtg-18213 .modula-item .jtg-social svg, .lightbox-socials.jtg-social svg { height: 16px; width: 16px }#jtg-18213 .modula-item .jtg-social-mobile svg { height: 16px; width: 16px }#jtg-18213 .modula-item .jtg-social a:not(:last-child), .lightbox-socials.jtg-social a:not(:last-child) { margin-right: 10px }#jtg-18213 .modula-item .jtg-social-mobile .jtg-social-mobile-icons a:not(:last-child){ margin-right: 10px }#jtg-18213 .modula-item .figc {color:#ffffff;}#jtg-18213 .modula-item .modula-item-content { transform: scale(1) }#jtg-18213 .modula-items .figc p.description { font-size:14px; }#jtg-18213 .modula-items .figc p.description { color:#ffffff;}#jtg-18213.modula-gallery .modula-item > a, #jtg-18213.modula-gallery .modula-item, #jtg-18213.modula-gallery .modula-item-content > a:not(.modula-no-follow) { cursor:zoom-in; } #jtg-18213.modula-gallery .modula-item-content .modula-no-follow { cursor: default; } @media screen and (max-width:480px){#jtg-18213 .modula-item .figc .jtg-title {  font-size: 12px; }#jtg-18213 .modula-items .figc p.description { color:#ffffff;font-size:10px; }}#jtg-18213 .modula-items .modula-item:hover img{opacity:1;}<\/style>\n<div  id=\"jtg-18213\" class=\"modula modula-gallery modula-custom-grid\" data-config=\"{&quot;height&quot;:800,&quot;tabletHeight&quot;:800,&quot;mobileHeight&quot;:800,&quot;desktopHeight&quot;:800,&quot;enableTwitter&quot;:true,&quot;enableWhatsapp&quot;:false,&quot;enableFacebook&quot;:true,&quot;enablePinterest&quot;:true,&quot;enableLinkedin&quot;:true,&quot;enableEmail&quot;:false,&quot;randomFactor&quot;:0.5,&quot;type&quot;:&quot;custom-grid&quot;,&quot;columns&quot;:12,&quot;gutter&quot;:0,&quot;mobileGutter&quot;:0,&quot;tabletGutter&quot;:0,&quot;desktopGutter&quot;:0,&quot;enableResponsive&quot;:&quot;1&quot;,&quot;tabletColumns&quot;:&quot;2&quot;,&quot;mobileColumns&quot;:&quot;1&quot;,&quot;lazyLoad&quot;:&quot;0&quot;,&quot;lightboxOpts&quot;:{&quot;animated&quot;:true,&quot;Thumbs&quot;:{&quot;type&quot;:&quot;modern&quot;,&quot;showOnStart&quot;:false},&quot;Toolbar&quot;:{&quot;display&quot;:{&quot;right&quot;:[&quot;close&quot;]},&quot;enabled&quot;:true},&quot;Carousel&quot;:{&quot;Panzoom&quot;:{&quot;touch&quot;:false},&quot;infinite&quot;:false},&quot;keyboard&quot;:{&quot;Escape&quot;:&quot;close&quot;,&quot;Delete&quot;:&quot;close&quot;,&quot;Backspace&quot;:&quot;close&quot;,&quot;PageUp&quot;:false,&quot;PageDown&quot;:false,&quot;ArrowUp&quot;:false,&quot;ArrowDown&quot;:false,&quot;ArrowRight&quot;:false,&quot;ArrowLeft&quot;:false},&quot;touch&quot;:false,&quot;backdropClick&quot;:false,&quot;l10n&quot;:{&quot;CLOSE&quot;:&quot;Close&quot;,&quot;NEXT&quot;:&quot;Next&quot;,&quot;PREV&quot;:&quot;Previous&quot;,&quot;Error&quot;:&quot;The requested content cannot be loaded. Please try again later.&quot;,&quot;PLAY_START&quot;:&quot;Start slideshow&quot;,&quot;PLAY_STOP&quot;:&quot;Pause slideshow&quot;,&quot;FULL_SCREEN&quot;:&quot;Full screen&quot;,&quot;THUMBS&quot;:&quot;Thumbnails&quot;,&quot;DOWNLOAD&quot;:&quot;Download&quot;,&quot;SHARE&quot;:&quot;Share&quot;,&quot;ZOOM&quot;:&quot;Zoom&quot;,&quot;EMAIL&quot;:&quot;Here is the link to the image : %%image_link%% and this is the link to the gallery : %%gallery_link%%&quot;,&quot;MODAL&quot;:&quot;You can close this modal content with the ESC key&quot;,&quot;ERROR&quot;:&quot;Something Went Wrong, Please Try Again Later&quot;,&quot;IMAGE_ERROR&quot;:&quot;Image Not Found&quot;,&quot;ELEMENT_NOT_FOUND&quot;:&quot;HTML Element Not Found&quot;,&quot;AJAX_NOT_FOUND&quot;:&quot;Error Loading AJAX : Not Found&quot;,&quot;AJAX_FORBIDDEN&quot;:&quot;Error Loading AJAX : Forbidden&quot;,&quot;IFRAME_ERROR&quot;:&quot;Error Loading Page&quot;,&quot;TOGGLE_ZOOM&quot;:&quot;Toggle zoom level&quot;,&quot;TOGGLE_THUMBS&quot;:&quot;Toggle thumbnails&quot;,&quot;TOGGLE_SLIDESHOW&quot;:&quot;Toggle slideshow&quot;,&quot;TOGGLE_FULLSCREEN&quot;:&quot;Toggle full-screen mode&quot;},&quot;Images&quot;:{&quot;Panzoom&quot;:{&quot;maxScale&quot;:2}},&quot;mainClass&quot;:&quot;modula-fancybox-container modula-lightbox-jtg-18213&quot;,&quot;Html&quot;:{&quot;videoAutoplay&quot;:0,&quot;videoTpl&quot;:&quot;&lt;video class=\\&quot;fancybox__html5video\\&quot; controls muted playsinline controlsList controlsList=\\&quot;nodownload\\&quot; poster=\\&quot;{{poster}}\\&quot; src=\\&quot;{{src}}\\&quot; type=\\&quot;{{format}}\\&quot; &gt;  Sorry, your browser doesn&#039;t support embedded videos, &lt;a href=\\&quot;{{src}}\\&quot;&gt; download &lt;\\\/a&gt; and watch with your favorite video player! &lt;\\\/video&gt;&quot;}},&quot;inView&quot;:false,&quot;email_subject&quot;:&quot;Check out this awesome image !!&quot;,&quot;email_message&quot;:&quot;Here is the link to the image : %%image_link%% and this is the link to the gallery : %%gallery_link%%&quot;,&quot;lightbox&quot;:&quot;fancybox&quot;}\">\n\n\t\n\t<div  class=\"modula-items\">\n\t\t<div class=\"modula-item\" data-width=\"12\" data-height=\"7\" >\n\t<div class=\"modula-item-content\">\n\t\t\n\t\t\t\t\t<a data-image-id=\"18214\" tabindex=\"0\" rel=\"jtg-18213\" data-caption=\"\" aria-label=\"Open image in lightbox\" role=\"button\" class=\"tile-inner modula-item-link\"><\/a>\n\t\t\n\t\t<img loading=\"lazy\" decoding=\"async\" class=\"pic wp-image-18214\"  data-valign=\"middle\" data-halign=\"center\" alt=\"\" data-full=\"https:\/\/www.santjosep.net\/wp-content\/uploads\/2020\/01\/IMG_0252.jpg\" title=\"IMG_0252\" width=\"1500\" height=\"1000\" src=\"https:\/\/www.santjosep.net\/wp-content\/uploads\/2020\/01\/IMG_0252.jpg\" data-src=\"https:\/\/www.santjosep.net\/wp-content\/uploads\/2020\/01\/IMG_0252.jpg\" data-caption=\"\" srcset=\"https:\/\/www.santjosep.net\/wp-content\/uploads\/2020\/01\/IMG_0252.jpg 1500w, https:\/\/www.santjosep.net\/wp-content\/uploads\/2020\/01\/IMG_0252-300x200.jpg 300w, https:\/\/www.santjosep.net\/wp-content\/uploads\/2020\/01\/IMG_0252-1024x683.jpg 1024w, https:\/\/www.santjosep.net\/wp-content\/uploads\/2020\/01\/IMG_0252-768x512.jpg 768w\" sizes=\"auto, (max-width: 1500px) 100vw, 1500px\" \/>\n\t<\/div>\n\n<\/div><div class=\"modula-item\" data-width=\"6\" data-height=\"5\" >\n\t<div class=\"modula-item-content\">\n\t\t\n\t\t\t\t\t<a data-image-id=\"18220\" tabindex=\"0\" rel=\"jtg-18213\" data-caption=\"\" aria-label=\"Open image in lightbox\" role=\"button\" class=\"tile-inner modula-item-link\"><\/a>\n\t\t\n\t\t<img loading=\"lazy\" decoding=\"async\" class=\"pic wp-image-18220\"  data-valign=\"middle\" data-halign=\"center\" alt=\"\" data-full=\"https:\/\/www.santjosep.net\/wp-content\/uploads\/2020\/01\/IMG_0254.jpg\" title=\"IMG_0254\" width=\"1500\" height=\"1000\" src=\"https:\/\/www.santjosep.net\/wp-content\/uploads\/2020\/01\/IMG_0254.jpg\" data-src=\"https:\/\/www.santjosep.net\/wp-content\/uploads\/2020\/01\/IMG_0254.jpg\" data-caption=\"\" srcset=\"https:\/\/www.santjosep.net\/wp-content\/uploads\/2020\/01\/IMG_0254.jpg 1500w, https:\/\/www.santjosep.net\/wp-content\/uploads\/2020\/01\/IMG_0254-300x200.jpg 300w, https:\/\/www.santjosep.net\/wp-content\/uploads\/2020\/01\/IMG_0254-1024x683.jpg 1024w, https:\/\/www.santjosep.net\/wp-content\/uploads\/2020\/01\/IMG_0254-768x512.jpg 768w\" sizes=\"auto, (max-width: 1500px) 100vw, 1500px\" \/>\n\t<\/div>\n\n<\/div><div class=\"modula-item\" data-width=\"6\" data-height=\"5\" >\n\t<div class=\"modula-item-content\">\n\t\t\n\t\t\t\t\t<a data-image-id=\"18226\" tabindex=\"0\" rel=\"jtg-18213\" data-caption=\"\" aria-label=\"Open image in lightbox\" role=\"button\" class=\"tile-inner modula-item-link\"><\/a>\n\t\t\n\t\t<img loading=\"lazy\" decoding=\"async\" class=\"pic wp-image-18226\"  data-valign=\"middle\" data-halign=\"center\" alt=\"\" data-full=\"https:\/\/www.santjosep.net\/wp-content\/uploads\/2020\/01\/IMG_0259.jpg\" title=\"IMG_0259\" width=\"1500\" height=\"1000\" src=\"https:\/\/www.santjosep.net\/wp-content\/uploads\/2020\/01\/IMG_0259.jpg\" data-src=\"https:\/\/www.santjosep.net\/wp-content\/uploads\/2020\/01\/IMG_0259.jpg\" data-caption=\"\" srcset=\"https:\/\/www.santjosep.net\/wp-content\/uploads\/2020\/01\/IMG_0259.jpg 1500w, https:\/\/www.santjosep.net\/wp-content\/uploads\/2020\/01\/IMG_0259-300x200.jpg 300w, https:\/\/www.santjosep.net\/wp-content\/uploads\/2020\/01\/IMG_0259-1024x683.jpg 1024w, https:\/\/www.santjosep.net\/wp-content\/uploads\/2020\/01\/IMG_0259-768x512.jpg 768w\" sizes=\"auto, (max-width: 1500px) 100vw, 1500px\" \/>\n\t<\/div>\n\n<\/div>\t\t\n\t<\/div>\n\n\t\n\t\n\t<script type=\"application\/ld+json\">\n\t{\n\t\t\"@context\": \"http:\/\/schema.org\",\n\t\t\"@type\"   : \"ImageGallery\",\n\t\t\"id\"      : \"https:\/\/www.santjosep.net\/de\/sehen\/erbgut\/ses-paisses-de-cala-dhort\/\",\n\t\t\"url\"     : \"https:\/\/www.santjosep.net\/de\/sehen\/erbgut\/ses-paisses-de-cala-dhort\/\"\n\t}\n\n\t<\/script>\n\n\t\n<\/div>\n[\/vc_column_text][\/vc_column][\/vc_row]<\/p>\n<\/div>","protected":false},"excerpt":{"rendered":"<p>[vc_row enable_hue_rotation=&#8220;no&#8220; enable_text_marquee=&#8220;no&#8220;][vc_column][vc_column_text]Dies ist eine weitl\u00e4ufige Ansammlung von Ruinen von punischen und r\u00f6mischen Siedlungen. Diese enstanden Mitte des 5. Jahrhunderts v. Chr. und \u00fcberlebten den Beginn und das Ende des R\u00f6mischen Reichs, das byzantinische Reich und blieben auch bis zu [&hellip;]<\/p>\n","protected":false},"author":1,"featured_media":19510,"parent":38707,"menu_order":0,"comment_status":"closed","ping_status":"closed","template":"","meta":{"_acf_changed":false,"inline_featured_image":false,"footnotes":""},"categoria_pagina":[],"class_list":["post-5493","page","type-page","status-publish","has-post-thumbnail","hentry"],"acf":[],"yoast_head":"<!-- This site is optimized with the Yoast SEO plugin v25.7 - https:\/\/yoast.com\/wordpress\/plugins\/seo\/ -->\n<title>Ses Paisses de Cala d&#039;Hort - Santjosep.net<\/title>\n<meta name=\"robots\" content=\"index, follow, max-snippet:-1, max-image-preview:large, max-video-preview:-1\" \/>\n<link rel=\"canonical\" href=\"https:\/\/www.santjosep.net\/de\/sehen\/erbe-und-kultur\/ses-paisses-de-cala-dhort\/\" \/>\n<meta property=\"og:locale\" content=\"de_DE\" \/>\n<meta property=\"og:type\" content=\"article\" \/>\n<meta property=\"og:title\" content=\"Ses Paisses de Cala d&#039;Hort - Santjosep.net\" \/>\n<meta property=\"og:description\" content=\"[vc_row enable_hue_rotation=&#8220;no&#8220; enable_text_marquee=&#8220;no&#8220;][vc_column][vc_column_text]Dies ist eine weitl\u00e4ufige Ansammlung von Ruinen von punischen und r\u00f6mischen Siedlungen. Diese enstanden Mitte des 5. Jahrhunderts v. Chr. und \u00fcberlebten den Beginn und das Ende des R\u00f6mischen Reichs, das byzantinische Reich und blieben auch bis zu [&hellip;]\" \/>\n<meta property=\"og:url\" content=\"https:\/\/www.santjosep.net\/de\/sehen\/erbe-und-kultur\/ses-paisses-de-cala-dhort\/\" \/>\n<meta property=\"og:site_name\" content=\"Santjosep.net\" \/>\n<meta property=\"article:modified_time\" content=\"2025-06-12T13:26:03+00:00\" \/>\n<meta property=\"og:image\" content=\"https:\/\/www.santjosep.net\/wp-content\/uploads\/2020\/01\/sespaissescaladhort_IMG_0251.jpg\" \/>\n\t<meta property=\"og:image:width\" content=\"2100\" \/>\n\t<meta property=\"og:image:height\" content=\"1400\" \/>\n\t<meta property=\"og:image:type\" content=\"image\/jpeg\" \/>\n<meta name=\"twitter:card\" content=\"summary_large_image\" \/>\n<meta name=\"twitter:label1\" content=\"Gesch\u00e4tzte Lesezeit\" \/>\n\t<meta name=\"twitter:data1\" content=\"2\u00a0Minuten\" \/>\n<script type=\"application\/ld+json\" class=\"yoast-schema-graph\">{\"@context\":\"https:\/\/schema.org\",\"@graph\":[{\"@type\":\"WebPage\",\"@id\":\"https:\/\/www.santjosep.net\/de\/sehen\/erbe-und-kultur\/ses-paisses-de-cala-dhort\/\",\"url\":\"https:\/\/www.santjosep.net\/de\/sehen\/erbe-und-kultur\/ses-paisses-de-cala-dhort\/\",\"name\":\"Ses Paisses de Cala d'Hort - Santjosep.net\",\"isPartOf\":{\"@id\":\"https:\/\/www.santjosep.net\/#website\"},\"primaryImageOfPage\":{\"@id\":\"https:\/\/www.santjosep.net\/de\/sehen\/erbe-und-kultur\/ses-paisses-de-cala-dhort\/#primaryimage\"},\"image\":{\"@id\":\"https:\/\/www.santjosep.net\/de\/sehen\/erbe-und-kultur\/ses-paisses-de-cala-dhort\/#primaryimage\"},\"thumbnailUrl\":\"https:\/\/www.santjosep.net\/wp-content\/uploads\/2020\/01\/sespaissescaladhort_IMG_0251.jpg\",\"datePublished\":\"2013-11-11T09:59:08+00:00\",\"dateModified\":\"2025-06-12T13:26:03+00:00\",\"breadcrumb\":{\"@id\":\"https:\/\/www.santjosep.net\/de\/sehen\/erbe-und-kultur\/ses-paisses-de-cala-dhort\/#breadcrumb\"},\"inLanguage\":\"de\",\"potentialAction\":[{\"@type\":\"ReadAction\",\"target\":[\"https:\/\/www.santjosep.net\/de\/sehen\/erbe-und-kultur\/ses-paisses-de-cala-dhort\/\"]}]},{\"@type\":\"ImageObject\",\"inLanguage\":\"de\",\"@id\":\"https:\/\/www.santjosep.net\/de\/sehen\/erbe-und-kultur\/ses-paisses-de-cala-dhort\/#primaryimage\",\"url\":\"https:\/\/www.santjosep.net\/wp-content\/uploads\/2020\/01\/sespaissescaladhort_IMG_0251.jpg\",\"contentUrl\":\"https:\/\/www.santjosep.net\/wp-content\/uploads\/2020\/01\/sespaissescaladhort_IMG_0251.jpg\",\"width\":2100,\"height\":1400},{\"@type\":\"BreadcrumbList\",\"@id\":\"https:\/\/www.santjosep.net\/de\/sehen\/erbe-und-kultur\/ses-paisses-de-cala-dhort\/#breadcrumb\",\"itemListElement\":[{\"@type\":\"ListItem\",\"position\":1,\"name\":\"Sehen\",\"item\":\"https:\/\/www.santjosep.net\/de\/sehen\/\"},{\"@type\":\"ListItem\",\"position\":2,\"name\":\"Erbe und Kultur\",\"item\":\"https:\/\/www.santjosep.net\/de\/sehen\/erbe-und-kultur\/\"},{\"@type\":\"ListItem\",\"position\":3,\"name\":\"Ses Paisses de Cala d&#8217;Hort\"}]},{\"@type\":\"WebSite\",\"@id\":\"https:\/\/www.santjosep.net\/#website\",\"url\":\"https:\/\/www.santjosep.net\/\",\"name\":\"Santjosep.net\",\"description\":\"\",\"potentialAction\":[{\"@type\":\"SearchAction\",\"target\":{\"@type\":\"EntryPoint\",\"urlTemplate\":\"https:\/\/www.santjosep.net\/?s={search_term_string}\"},\"query-input\":{\"@type\":\"PropertyValueSpecification\",\"valueRequired\":true,\"valueName\":\"search_term_string\"}}],\"inLanguage\":\"de\"}]}<\/script>\n<!-- \/ Yoast SEO plugin. -->","yoast_head_json":{"title":"Ses Paisses de Cala d'Hort - Santjosep.net","robots":{"index":"index","follow":"follow","max-snippet":"max-snippet:-1","max-image-preview":"max-image-preview:large","max-video-preview":"max-video-preview:-1"},"canonical":"https:\/\/www.santjosep.net\/de\/sehen\/erbe-und-kultur\/ses-paisses-de-cala-dhort\/","og_locale":"de_DE","og_type":"article","og_title":"Ses Paisses de Cala d'Hort - Santjosep.net","og_description":"[vc_row enable_hue_rotation=&#8220;no&#8220; enable_text_marquee=&#8220;no&#8220;][vc_column][vc_column_text]Dies ist eine weitl\u00e4ufige Ansammlung von Ruinen von punischen und r\u00f6mischen Siedlungen. Diese enstanden Mitte des 5. Jahrhunderts v. Chr. und \u00fcberlebten den Beginn und das Ende des R\u00f6mischen Reichs, das byzantinische Reich und blieben auch bis zu [&hellip;]","og_url":"https:\/\/www.santjosep.net\/de\/sehen\/erbe-und-kultur\/ses-paisses-de-cala-dhort\/","og_site_name":"Santjosep.net","article_modified_time":"2025-06-12T13:26:03+00:00","og_image":[{"width":2100,"height":1400,"url":"https:\/\/www.santjosep.net\/wp-content\/uploads\/2020\/01\/sespaissescaladhort_IMG_0251.jpg","type":"image\/jpeg"}],"twitter_card":"summary_large_image","twitter_misc":{"Gesch\u00e4tzte Lesezeit":"2\u00a0Minuten"},"schema":{"@context":"https:\/\/schema.org","@graph":[{"@type":"WebPage","@id":"https:\/\/www.santjosep.net\/de\/sehen\/erbe-und-kultur\/ses-paisses-de-cala-dhort\/","url":"https:\/\/www.santjosep.net\/de\/sehen\/erbe-und-kultur\/ses-paisses-de-cala-dhort\/","name":"Ses Paisses de Cala d'Hort - Santjosep.net","isPartOf":{"@id":"https:\/\/www.santjosep.net\/#website"},"primaryImageOfPage":{"@id":"https:\/\/www.santjosep.net\/de\/sehen\/erbe-und-kultur\/ses-paisses-de-cala-dhort\/#primaryimage"},"image":{"@id":"https:\/\/www.santjosep.net\/de\/sehen\/erbe-und-kultur\/ses-paisses-de-cala-dhort\/#primaryimage"},"thumbnailUrl":"https:\/\/www.santjosep.net\/wp-content\/uploads\/2020\/01\/sespaissescaladhort_IMG_0251.jpg","datePublished":"2013-11-11T09:59:08+00:00","dateModified":"2025-06-12T13:26:03+00:00","breadcrumb":{"@id":"https:\/\/www.santjosep.net\/de\/sehen\/erbe-und-kultur\/ses-paisses-de-cala-dhort\/#breadcrumb"},"inLanguage":"de","potentialAction":[{"@type":"ReadAction","target":["https:\/\/www.santjosep.net\/de\/sehen\/erbe-und-kultur\/ses-paisses-de-cala-dhort\/"]}]},{"@type":"ImageObject","inLanguage":"de","@id":"https:\/\/www.santjosep.net\/de\/sehen\/erbe-und-kultur\/ses-paisses-de-cala-dhort\/#primaryimage","url":"https:\/\/www.santjosep.net\/wp-content\/uploads\/2020\/01\/sespaissescaladhort_IMG_0251.jpg","contentUrl":"https:\/\/www.santjosep.net\/wp-content\/uploads\/2020\/01\/sespaissescaladhort_IMG_0251.jpg","width":2100,"height":1400},{"@type":"BreadcrumbList","@id":"https:\/\/www.santjosep.net\/de\/sehen\/erbe-und-kultur\/ses-paisses-de-cala-dhort\/#breadcrumb","itemListElement":[{"@type":"ListItem","position":1,"name":"Sehen","item":"https:\/\/www.santjosep.net\/de\/sehen\/"},{"@type":"ListItem","position":2,"name":"Erbe und Kultur","item":"https:\/\/www.santjosep.net\/de\/sehen\/erbe-und-kultur\/"},{"@type":"ListItem","position":3,"name":"Ses Paisses de Cala d&#8217;Hort"}]},{"@type":"WebSite","@id":"https:\/\/www.santjosep.net\/#website","url":"https:\/\/www.santjosep.net\/","name":"Santjosep.net","description":"","potentialAction":[{"@type":"SearchAction","target":{"@type":"EntryPoint","urlTemplate":"https:\/\/www.santjosep.net\/?s={search_term_string}"},"query-input":{"@type":"PropertyValueSpecification","valueRequired":true,"valueName":"search_term_string"}}],"inLanguage":"de"}]}},"_links":{"self":[{"href":"https:\/\/www.santjosep.net\/de\/wp-json\/wp\/v2\/pages\/5493","targetHints":{"allow":["GET"]}}],"collection":[{"href":"https:\/\/www.santjosep.net\/de\/wp-json\/wp\/v2\/pages"}],"about":[{"href":"https:\/\/www.santjosep.net\/de\/wp-json\/wp\/v2\/types\/page"}],"author":[{"embeddable":true,"href":"https:\/\/www.santjosep.net\/de\/wp-json\/wp\/v2\/users\/1"}],"replies":[{"embeddable":true,"href":"https:\/\/www.santjosep.net\/de\/wp-json\/wp\/v2\/comments?post=5493"}],"version-history":[{"count":0,"href":"https:\/\/www.santjosep.net\/de\/wp-json\/wp\/v2\/pages\/5493\/revisions"}],"up":[{"embeddable":true,"href":"https:\/\/www.santjosep.net\/de\/wp-json\/wp\/v2\/pages\/38707"}],"wp:featuredmedia":[{"embeddable":true,"href":"https:\/\/www.santjosep.net\/de\/wp-json\/wp\/v2\/media\/19510"}],"wp:attachment":[{"href":"https:\/\/www.santjosep.net\/de\/wp-json\/wp\/v2\/media?parent=5493"}],"wp:term":[{"taxonomy":"categoria_pagina","embeddable":true,"href":"https:\/\/www.santjosep.net\/de\/wp-json\/wp\/v2\/categoria_pagina?post=5493"}],"curies":[{"name":"wp","href":"https:\/\/api.w.org\/{rel}","templated":true}]}}