{"id":5465,"date":"2013-11-11T12:22:43","date_gmt":"2013-11-11T12:22:43","guid":{"rendered":"https:\/\/www.santjosep.net\/de\/ver\/sant-josep-de-sa-talaia\/"},"modified":"2025-01-21T10:32:00","modified_gmt":"2025-01-21T09:32:00","slug":"sant-josep-de-sa-talaia","status":"publish","type":"page","link":"https:\/\/www.santjosep.net\/de\/sehen\/dorfer\/sant-josep-de-sa-talaia\/","title":{"rendered":"Sant Josep de Sa Talaia"},"content":{"rendered":"<div class=\"wpb-content-wrapper\"><p>[vc_row enable_hue_rotation=&#8220;no&#8220; enable_text_marquee=&#8220;no&#8220;][vc_column][vc_column_text]Die Gemeinde Sant Josep de Sa Talaia ist f\u00fcr all diejenigen, die mit dem Flugzeug kommen, das Eingangstor zur Insel. Au\u00dferdem ist sie die drittgr\u00f6\u00dfte Gemeinde, was die Einwohnerzahl betrifft (2019 wurde die Zahl von 27.000 Einwohnern \u00fcberschritten) sowie mit 154 km2 die fl\u00e4chenm\u00e4\u00dfig gr\u00f6\u00dfte Gemeinde Ibizas.<\/p>\n<p>Sant Josep de Sa Talaia umgibt eine 80 km lange K\u00fcste mit 32 Str\u00e4nden, an denen man jede Art von Wassersport betreiben kann. Die Gemeinde liegt im S\u00fcdwesten der Insel und grenzt an die Gemeinden Eivissa und Sant Antoni de Portamany. Das Gebiet wurde k\u00fcnstlich durch den Zusammenschluss des quart\u00f3 Ses Salines und des quart\u00f3 Portmany errichtet.<\/p>\n<p>Die Gemeinde vereint f\u00fcnf Ortschaften: Sant Josep de Sa Talaia, Sant Agust\u00ed des Vedr\u00e0, Es Cubells, Sant Jordi de Ses Salines und Sant Francesc de s\u2019Estany. Jede von ihnen hat ihren ganz eigenen Charme. Mit ihren Aktivit\u00e4ten und der Natur bilden sie zusammen eine attraktive Landschaft. Auch der Nationalpark, der auf der Insel einzigartig ist und 1995 errichtet wurde, sollte nicht unerw\u00e4hnt bleiben. Der Naturpark Ses Salines mit dem Naturschutzgebiet Es Vedr\u00e0, Es Vedranell und den Felseninseln de Ponent sowie andere unter Naturschutz stehende Gebiete sind von besonderem Interesse. Die vielen Wehrt\u00fcrme wie Torre de Ses Portes, Torre de Comte oder Torre d\u2019en Rovira, die von den Ibizenkern zwischen dem 17. und 18. Jahrhundert errichtet wurden, sind einige der Elemente, die aus der K\u00fcstenlinie der Gemeinde hervorstechen. Au\u00dferdem hat man von ihnen aus einen herrlichen Ausblick auf die Sonnenunterg\u00e4nge.<\/p>\n<p>Sant Josep de Sa Talaia verf\u00fcgt \u00fcber viele kunsthistorische Objekte. Geschichtsliebhaber sollten sich unbedingt die punisch-r\u00f6mische Siedlung von Ses Pa\u00efsses de Cala d\u2019Hort anschauen, eine l\u00e4ndliche Siedlung aus dem 5. Jahrhundert v. Chr., sowie die ph\u00f6nizische Siedlung von Sa Caleta.<br \/>\nDies sind aber nur einige Dinge, die man in Sant Josep de Sa Talaia entdecken kann. Die Gemeinde ist ein hervorragendes Reiseziel, in der man in den vielen verschiedenen Restaurants mit Meeresblick in den Genuss der ibizenkischen K\u00fcche kommt. Damit bietet Sant Josep de Sa Talaia all das, was man sich auf einer Reise w\u00fcnscht: Sonne, Strand, Natur, Ruhe, Kultur, Spa\u00df, Sport, Gastronomie und Menschen, die Sie herzlich in unserer Gemeinde willkommen hei\u00dfen.[\/vc_column_text][vc_column_text]<span data-sheets-root=\"1\"><div class=\"gm-map\" style=\"position: relative;height: 200px; width: 200px;\"><iframe name=\"gm-map-1\" allowfullscreen src=\"https:\/\/www.santjosep.net\/de\/?geo_mashup_content=render-map&amp;map_data_key=37f88e0f888380ef5c189ead432eb44c&amp;lang=de&amp;zoom=13&amp;name=gm-map-1&amp;map_content=contextual&amp;error_comment=&lt;!-- Geo Mashup hat in diesem Kontext keine darzustellenden Objekte gefunden--&gt;\" style=\"position: absolute; top: 0; left: 0; width: 100%; height: 100%; border: none; overflow: hidden;\"><\/iframe><\/div><\/span>[\/vc_column_text][\/vc_column][\/vc_row][vc_row full_width=&#8220;stretch_row_content_no_spaces&#8220; enable_hue_rotation=&#8220;no&#8220; enable_text_marquee=&#8220;no&#8220; el_id=&#8220;galeria&#8220;][vc_column css=&#8220;.vc_custom_1579097066588{padding-bottom: 20px !important;}&#8220;][vc_column_text]<style>#jtg-17570 .modula-item .jtg-social a, .lightbox-socials.jtg-social a{ fill: #ffffff; color: #ffffff }#jtg-17570 .modula-item .jtg-social-mobile a{ fill: #ffffff; color: #ffffff }#jtg-17570 .modula-item .jtg-social svg, .lightbox-socials.jtg-social svg { height: 16px; width: 16px }#jtg-17570 .modula-item .jtg-social-mobile svg { height: 16px; width: 16px }#jtg-17570 .modula-item .jtg-social a:not(:last-child), .lightbox-socials.jtg-social a:not(:last-child) { margin-right: 10px }#jtg-17570 .modula-item .jtg-social-mobile .jtg-social-mobile-icons a:not(:last-child){ margin-right: 10px }#jtg-17570 .modula-item .figc {color:#ffffff;}#jtg-17570 .modula-item .modula-item-content { transform: scale(1) }#jtg-17570 .modula-items .figc p.description { font-size:14px; }#jtg-17570 .modula-items .figc p.description { color:#ffffff;}#jtg-17570.modula-gallery .modula-item > a, #jtg-17570.modula-gallery .modula-item, #jtg-17570.modula-gallery .modula-item-content > a:not(.modula-no-follow) { cursor:zoom-in; } #jtg-17570.modula-gallery .modula-item-content .modula-no-follow { cursor: default; } @media screen and (max-width:480px){#jtg-17570 .modula-item .figc .jtg-title {  font-size: 12px; }#jtg-17570 .modula-items .figc p.description { color:#ffffff;font-size:10px; }}#jtg-17570 .modula-items .modula-item:hover img{opacity:1;}<\/style>\n<div  id=\"jtg-17570\" class=\"modula modula-gallery modula-custom-grid\" data-config=\"{&quot;height&quot;:800,&quot;tabletHeight&quot;:800,&quot;mobileHeight&quot;:800,&quot;desktopHeight&quot;:800,&quot;enableTwitter&quot;:true,&quot;enableWhatsapp&quot;:false,&quot;enableFacebook&quot;:true,&quot;enablePinterest&quot;:true,&quot;enableLinkedin&quot;:true,&quot;enableEmail&quot;:false,&quot;randomFactor&quot;:0.5,&quot;type&quot;:&quot;custom-grid&quot;,&quot;columns&quot;:12,&quot;gutter&quot;:0,&quot;mobileGutter&quot;:0,&quot;tabletGutter&quot;:0,&quot;desktopGutter&quot;:0,&quot;enableResponsive&quot;:&quot;1&quot;,&quot;tabletColumns&quot;:&quot;2&quot;,&quot;mobileColumns&quot;:&quot;1&quot;,&quot;lazyLoad&quot;:&quot;0&quot;,&quot;lightboxOpts&quot;:{&quot;animated&quot;:true,&quot;Thumbs&quot;:{&quot;type&quot;:&quot;modern&quot;,&quot;showOnStart&quot;:false},&quot;Toolbar&quot;:{&quot;display&quot;:{&quot;right&quot;:[&quot;close&quot;]},&quot;enabled&quot;:true},&quot;Carousel&quot;:{&quot;Panzoom&quot;:{&quot;touch&quot;:false},&quot;infinite&quot;:false},&quot;keyboard&quot;:{&quot;Escape&quot;:&quot;close&quot;,&quot;Delete&quot;:&quot;close&quot;,&quot;Backspace&quot;:&quot;close&quot;,&quot;PageUp&quot;:false,&quot;PageDown&quot;:false,&quot;ArrowUp&quot;:false,&quot;ArrowDown&quot;:false,&quot;ArrowRight&quot;:false,&quot;ArrowLeft&quot;:false},&quot;touch&quot;:false,&quot;backdropClick&quot;:false,&quot;l10n&quot;:{&quot;CLOSE&quot;:&quot;Close&quot;,&quot;NEXT&quot;:&quot;Next&quot;,&quot;PREV&quot;:&quot;Previous&quot;,&quot;Error&quot;:&quot;The requested content cannot be loaded. Please try again later.&quot;,&quot;PLAY_START&quot;:&quot;Start slideshow&quot;,&quot;PLAY_STOP&quot;:&quot;Pause slideshow&quot;,&quot;FULL_SCREEN&quot;:&quot;Full screen&quot;,&quot;THUMBS&quot;:&quot;Thumbnails&quot;,&quot;DOWNLOAD&quot;:&quot;Download&quot;,&quot;SHARE&quot;:&quot;Share&quot;,&quot;ZOOM&quot;:&quot;Zoom&quot;,&quot;EMAIL&quot;:&quot;Here is the link to the image : %%image_link%% and this is the link to the gallery : %%gallery_link%%&quot;,&quot;MODAL&quot;:&quot;You can close this modal content with the ESC key&quot;,&quot;ERROR&quot;:&quot;Something Went Wrong, Please Try Again Later&quot;,&quot;IMAGE_ERROR&quot;:&quot;Image Not Found&quot;,&quot;ELEMENT_NOT_FOUND&quot;:&quot;HTML Element Not Found&quot;,&quot;AJAX_NOT_FOUND&quot;:&quot;Error Loading AJAX : Not Found&quot;,&quot;AJAX_FORBIDDEN&quot;:&quot;Error Loading AJAX : Forbidden&quot;,&quot;IFRAME_ERROR&quot;:&quot;Error Loading Page&quot;,&quot;TOGGLE_ZOOM&quot;:&quot;Toggle zoom level&quot;,&quot;TOGGLE_THUMBS&quot;:&quot;Toggle thumbnails&quot;,&quot;TOGGLE_SLIDESHOW&quot;:&quot;Toggle slideshow&quot;,&quot;TOGGLE_FULLSCREEN&quot;:&quot;Toggle full-screen mode&quot;},&quot;Images&quot;:{&quot;Panzoom&quot;:{&quot;maxScale&quot;:2}},&quot;mainClass&quot;:&quot;modula-fancybox-container modula-lightbox-jtg-17570&quot;,&quot;Html&quot;:{&quot;videoAutoplay&quot;:0,&quot;videoTpl&quot;:&quot;&lt;video class=\\&quot;fancybox__html5video\\&quot; controls muted playsinline controlsList controlsList=\\&quot;nodownload\\&quot; poster=\\&quot;{{poster}}\\&quot; src=\\&quot;{{src}}\\&quot; type=\\&quot;{{format}}\\&quot; &gt;  Sorry, your browser doesn&#039;t support embedded videos, &lt;a href=\\&quot;{{src}}\\&quot;&gt; download &lt;\\\/a&gt; and watch with your favorite video player! &lt;\\\/video&gt;&quot;}},&quot;inView&quot;:false,&quot;email_subject&quot;:&quot;Check out this awesome image !!&quot;,&quot;email_message&quot;:&quot;Here is the link to the image : %%image_link%% and this is the link to the gallery : %%gallery_link%%&quot;,&quot;lightbox&quot;:&quot;fancybox&quot;}\">\n\n\t\n\t<div  class=\"modula-items\">\n\t\t<div class=\"modula-item\" data-width=\"6\" data-height=\"8\" >\n\t<div class=\"modula-item-content\">\n\t\t\n\t\t\t\t\t<a data-image-id=\"17581\" tabindex=\"0\" rel=\"jtg-17570\" data-caption=\"\" aria-label=\"Open image in lightbox\" role=\"button\" class=\"tile-inner modula-item-link\"><\/a>\n\t\t\n\t\t<img loading=\"lazy\" decoding=\"async\" class=\"pic wp-image-17581\"  data-valign=\"middle\" data-halign=\"center\" alt=\"\" data-full=\"https:\/\/www.santjosep.net\/wp-content\/uploads\/2020\/01\/P1012922.jpg\" title=\"P1012922\" width=\"1125\" height=\"1500\" src=\"https:\/\/www.santjosep.net\/wp-content\/uploads\/2020\/01\/P1012922.jpg\" data-src=\"https:\/\/www.santjosep.net\/wp-content\/uploads\/2020\/01\/P1012922.jpg\" data-caption=\"\" srcset=\"https:\/\/www.santjosep.net\/wp-content\/uploads\/2020\/01\/P1012922.jpg 1125w, https:\/\/www.santjosep.net\/wp-content\/uploads\/2020\/01\/P1012922-225x300.jpg 225w, https:\/\/www.santjosep.net\/wp-content\/uploads\/2020\/01\/P1012922-768x1024.jpg 768w\" sizes=\"auto, (max-width: 1125px) 100vw, 1125px\" \/>\n\t<\/div>\n\n<\/div><div class=\"modula-item\" data-width=\"6\" data-height=\"4\" >\n\t<div class=\"modula-item-content\">\n\t\t\n\t\t\t\t\t<a data-image-id=\"17611\" tabindex=\"0\" rel=\"jtg-17570\" data-caption=\"\" aria-label=\"Open image in lightbox\" role=\"button\" class=\"tile-inner modula-item-link\"><\/a>\n\t\t\n\t\t<img loading=\"lazy\" decoding=\"async\" class=\"pic wp-image-17611\"  data-valign=\"middle\" data-halign=\"center\" alt=\"\" data-full=\"https:\/\/www.santjosep.net\/wp-content\/uploads\/2020\/01\/P1085105.jpg\" title=\"P1085105\" width=\"1500\" height=\"1125\" src=\"https:\/\/www.santjosep.net\/wp-content\/uploads\/2020\/01\/P1085105.jpg\" data-src=\"https:\/\/www.santjosep.net\/wp-content\/uploads\/2020\/01\/P1085105.jpg\" data-caption=\"\" srcset=\"https:\/\/www.santjosep.net\/wp-content\/uploads\/2020\/01\/P1085105.jpg 1500w, https:\/\/www.santjosep.net\/wp-content\/uploads\/2020\/01\/P1085105-300x225.jpg 300w, https:\/\/www.santjosep.net\/wp-content\/uploads\/2020\/01\/P1085105-1024x768.jpg 1024w, https:\/\/www.santjosep.net\/wp-content\/uploads\/2020\/01\/P1085105-768x576.jpg 768w, https:\/\/www.santjosep.net\/wp-content\/uploads\/2020\/01\/P1085105-800x600.jpg 800w\" sizes=\"auto, (max-width: 1500px) 100vw, 1500px\" \/>\n\t<\/div>\n\n<\/div><div class=\"modula-item\" data-width=\"6\" data-height=\"4\" >\n\t<div class=\"modula-item-content\">\n\t\t\n\t\t\t\t\t<a data-image-id=\"17621\" tabindex=\"0\" rel=\"jtg-17570\" data-caption=\"\" aria-label=\"Open image in lightbox\" role=\"button\" class=\"tile-inner modula-item-link\"><\/a>\n\t\t\n\t\t<img loading=\"lazy\" decoding=\"async\" class=\"pic wp-image-17621\"  data-valign=\"middle\" data-halign=\"center\" alt=\"\" data-full=\"https:\/\/www.santjosep.net\/wp-content\/uploads\/2020\/01\/P1000146.jpg\" title=\"P1000146\" width=\"1200\" height=\"900\" src=\"https:\/\/www.santjosep.net\/wp-content\/uploads\/2020\/01\/P1000146.jpg\" data-src=\"https:\/\/www.santjosep.net\/wp-content\/uploads\/2020\/01\/P1000146.jpg\" data-caption=\"\" srcset=\"https:\/\/www.santjosep.net\/wp-content\/uploads\/2020\/01\/P1000146.jpg 1200w, https:\/\/www.santjosep.net\/wp-content\/uploads\/2020\/01\/P1000146-300x225.jpg 300w, https:\/\/www.santjosep.net\/wp-content\/uploads\/2020\/01\/P1000146-1024x768.jpg 1024w, https:\/\/www.santjosep.net\/wp-content\/uploads\/2020\/01\/P1000146-768x576.jpg 768w, https:\/\/www.santjosep.net\/wp-content\/uploads\/2020\/01\/P1000146-800x600.jpg 800w\" sizes=\"auto, (max-width: 1200px) 100vw, 1200px\" \/>\n\t<\/div>\n\n<\/div><div class=\"modula-item\" data-width=\"12\" data-height=\"7\" >\n\t<div class=\"modula-item-content\">\n\t\t\n\t\t\t\t\t<a data-image-id=\"19167\" tabindex=\"0\" rel=\"jtg-17570\" data-caption=\"\" aria-label=\"Open image in lightbox\" role=\"button\" class=\"tile-inner modula-item-link\"><\/a>\n\t\t\n\t\t<img loading=\"lazy\" decoding=\"async\" class=\"pic wp-image-19167\"  data-valign=\"middle\" data-halign=\"center\" alt=\"\" data-full=\"https:\/\/www.santjosep.net\/wp-content\/uploads\/2020\/01\/P1190711.jpg\" title=\"P1190711\" width=\"1500\" height=\"1125\" src=\"https:\/\/www.santjosep.net\/wp-content\/uploads\/2020\/01\/P1190711.jpg\" data-src=\"https:\/\/www.santjosep.net\/wp-content\/uploads\/2020\/01\/P1190711.jpg\" data-caption=\"\" srcset=\"https:\/\/www.santjosep.net\/wp-content\/uploads\/2020\/01\/P1190711.jpg 1500w, https:\/\/www.santjosep.net\/wp-content\/uploads\/2020\/01\/P1190711-300x225.jpg 300w, https:\/\/www.santjosep.net\/wp-content\/uploads\/2020\/01\/P1190711-1024x768.jpg 1024w, https:\/\/www.santjosep.net\/wp-content\/uploads\/2020\/01\/P1190711-768x576.jpg 768w, https:\/\/www.santjosep.net\/wp-content\/uploads\/2020\/01\/P1190711-800x600.jpg 800w\" sizes=\"auto, (max-width: 1500px) 100vw, 1500px\" \/>\n\t<\/div>\n\n<\/div>\t\t\n\t<\/div>\n\n\t\n\t\n\t<script type=\"application\/ld+json\">\n\t{\n\t\t\"@context\": \"http:\/\/schema.org\",\n\t\t\"@type\"   : \"ImageGallery\",\n\t\t\"id\"      : \"https:\/\/www.santjosep.net\/de\/sehen\/dorfer\/sant-josep-de-sa-talaia\/\",\n\t\t\"url\"     : \"https:\/\/www.santjosep.net\/de\/sehen\/dorfer\/sant-josep-de-sa-talaia\/\"\n\t}\n\n\t<\/script>\n\n\t\n<\/div>\n[\/vc_column_text][\/vc_column][\/vc_row][vc_row enable_hue_rotation=&#8220;no&#8220; enable_text_marquee=&#8220;no&#8220;][vc_column][vc_video link=&#8220;https:\/\/vimeo.com\/1034724217&#8243;][\/vc_column][\/vc_row]<\/p>\n<\/div>","protected":false},"excerpt":{"rendered":"<p>[vc_row enable_hue_rotation=&#8220;no&#8220; enable_text_marquee=&#8220;no&#8220;][vc_column][vc_column_text]Die Gemeinde Sant Josep de Sa Talaia ist f\u00fcr all diejenigen, die mit dem Flugzeug kommen, das Eingangstor zur Insel. Au\u00dferdem ist sie die drittgr\u00f6\u00dfte Gemeinde, was die Einwohnerzahl betrifft (2019 wurde die Zahl von 27.000 Einwohnern \u00fcberschritten) [&hellip;]<\/p>\n","protected":false},"author":1,"featured_media":38557,"parent":5878,"menu_order":0,"comment_status":"closed","ping_status":"closed","template":"","meta":{"_acf_changed":false,"inline_featured_image":false,"footnotes":""},"categoria_pagina":[],"class_list":["post-5465","page","type-page","status-publish","has-post-thumbnail","hentry"],"acf":[],"yoast_head":"<!-- This site is optimized with the Yoast SEO plugin v25.7 - https:\/\/yoast.com\/wordpress\/plugins\/seo\/ -->\n<title>Sant Josep de Sa Talaia - Santjosep.net<\/title>\n<meta name=\"robots\" content=\"index, follow, max-snippet:-1, max-image-preview:large, max-video-preview:-1\" \/>\n<link rel=\"canonical\" href=\"https:\/\/www.santjosep.net\/de\/sehen\/dorfer\/sant-josep-de-sa-talaia\/\" \/>\n<meta property=\"og:locale\" content=\"de_DE\" \/>\n<meta property=\"og:type\" content=\"article\" \/>\n<meta property=\"og:title\" content=\"Sant Josep de Sa Talaia - Santjosep.net\" \/>\n<meta property=\"og:description\" content=\"[vc_row enable_hue_rotation=&#8220;no&#8220; enable_text_marquee=&#8220;no&#8220;][vc_column][vc_column_text]Die Gemeinde Sant Josep de Sa Talaia ist f\u00fcr all diejenigen, die mit dem Flugzeug kommen, das Eingangstor zur Insel. Au\u00dferdem ist sie die drittgr\u00f6\u00dfte Gemeinde, was die Einwohnerzahl betrifft (2019 wurde die Zahl von 27.000 Einwohnern \u00fcberschritten) [&hellip;]\" \/>\n<meta property=\"og:url\" content=\"https:\/\/www.santjosep.net\/de\/sehen\/dorfer\/sant-josep-de-sa-talaia\/\" \/>\n<meta property=\"og:site_name\" content=\"Santjosep.net\" \/>\n<meta property=\"article:modified_time\" content=\"2025-01-21T09:32:00+00:00\" \/>\n<meta property=\"og:image\" content=\"https:\/\/www.santjosep.net\/wp-content\/uploads\/2013\/11\/santjosep_IMG_1090-1024x682.jpg\" \/>\n\t<meta property=\"og:image:width\" content=\"1024\" \/>\n\t<meta property=\"og:image:height\" content=\"682\" \/>\n\t<meta property=\"og:image:type\" content=\"image\/jpeg\" \/>\n<meta name=\"twitter:card\" content=\"summary_large_image\" \/>\n<meta name=\"twitter:label1\" content=\"Gesch\u00e4tzte Lesezeit\" \/>\n\t<meta name=\"twitter:data1\" content=\"2\u00a0Minuten\" \/>\n<script type=\"application\/ld+json\" class=\"yoast-schema-graph\">{\"@context\":\"https:\/\/schema.org\",\"@graph\":[{\"@type\":\"WebPage\",\"@id\":\"https:\/\/www.santjosep.net\/de\/sehen\/dorfer\/sant-josep-de-sa-talaia\/\",\"url\":\"https:\/\/www.santjosep.net\/de\/sehen\/dorfer\/sant-josep-de-sa-talaia\/\",\"name\":\"Sant Josep de Sa Talaia - Santjosep.net\",\"isPartOf\":{\"@id\":\"https:\/\/www.santjosep.net\/#website\"},\"primaryImageOfPage\":{\"@id\":\"https:\/\/www.santjosep.net\/de\/sehen\/dorfer\/sant-josep-de-sa-talaia\/#primaryimage\"},\"image\":{\"@id\":\"https:\/\/www.santjosep.net\/de\/sehen\/dorfer\/sant-josep-de-sa-talaia\/#primaryimage\"},\"thumbnailUrl\":\"https:\/\/www.santjosep.net\/wp-content\/uploads\/2025\/09\/P1012904.jpg\",\"datePublished\":\"2013-11-11T12:22:43+00:00\",\"dateModified\":\"2025-01-21T09:32:00+00:00\",\"breadcrumb\":{\"@id\":\"https:\/\/www.santjosep.net\/de\/sehen\/dorfer\/sant-josep-de-sa-talaia\/#breadcrumb\"},\"inLanguage\":\"de\",\"potentialAction\":[{\"@type\":\"ReadAction\",\"target\":[\"https:\/\/www.santjosep.net\/de\/sehen\/dorfer\/sant-josep-de-sa-talaia\/\"]}]},{\"@type\":\"ImageObject\",\"inLanguage\":\"de\",\"@id\":\"https:\/\/www.santjosep.net\/de\/sehen\/dorfer\/sant-josep-de-sa-talaia\/#primaryimage\",\"url\":\"https:\/\/www.santjosep.net\/wp-content\/uploads\/2025\/09\/P1012904.jpg\",\"contentUrl\":\"https:\/\/www.santjosep.net\/wp-content\/uploads\/2025\/09\/P1012904.jpg\",\"width\":1500,\"height\":1125},{\"@type\":\"BreadcrumbList\",\"@id\":\"https:\/\/www.santjosep.net\/de\/sehen\/dorfer\/sant-josep-de-sa-talaia\/#breadcrumb\",\"itemListElement\":[{\"@type\":\"ListItem\",\"position\":1,\"name\":\"Sehen\",\"item\":\"https:\/\/www.santjosep.net\/de\/sehen\/\"},{\"@type\":\"ListItem\",\"position\":2,\"name\":\"D\u00f6rfer\",\"item\":\"https:\/\/www.santjosep.net\/de\/sehen\/dorfer\/\"},{\"@type\":\"ListItem\",\"position\":3,\"name\":\"Sant Josep de Sa Talaia\"}]},{\"@type\":\"WebSite\",\"@id\":\"https:\/\/www.santjosep.net\/#website\",\"url\":\"https:\/\/www.santjosep.net\/\",\"name\":\"Santjosep.net\",\"description\":\"\",\"potentialAction\":[{\"@type\":\"SearchAction\",\"target\":{\"@type\":\"EntryPoint\",\"urlTemplate\":\"https:\/\/www.santjosep.net\/?s={search_term_string}\"},\"query-input\":{\"@type\":\"PropertyValueSpecification\",\"valueRequired\":true,\"valueName\":\"search_term_string\"}}],\"inLanguage\":\"de\"}]}<\/script>\n<!-- \/ Yoast SEO plugin. -->","yoast_head_json":{"title":"Sant Josep de Sa Talaia - Santjosep.net","robots":{"index":"index","follow":"follow","max-snippet":"max-snippet:-1","max-image-preview":"max-image-preview:large","max-video-preview":"max-video-preview:-1"},"canonical":"https:\/\/www.santjosep.net\/de\/sehen\/dorfer\/sant-josep-de-sa-talaia\/","og_locale":"de_DE","og_type":"article","og_title":"Sant Josep de Sa Talaia - Santjosep.net","og_description":"[vc_row enable_hue_rotation=&#8220;no&#8220; enable_text_marquee=&#8220;no&#8220;][vc_column][vc_column_text]Die Gemeinde Sant Josep de Sa Talaia ist f\u00fcr all diejenigen, die mit dem Flugzeug kommen, das Eingangstor zur Insel. Au\u00dferdem ist sie die drittgr\u00f6\u00dfte Gemeinde, was die Einwohnerzahl betrifft (2019 wurde die Zahl von 27.000 Einwohnern \u00fcberschritten) [&hellip;]","og_url":"https:\/\/www.santjosep.net\/de\/sehen\/dorfer\/sant-josep-de-sa-talaia\/","og_site_name":"Santjosep.net","article_modified_time":"2025-01-21T09:32:00+00:00","og_image":[{"width":1024,"height":682,"url":"https:\/\/www.santjosep.net\/wp-content\/uploads\/2013\/11\/santjosep_IMG_1090-1024x682.jpg","type":"image\/jpeg"}],"twitter_card":"summary_large_image","twitter_misc":{"Gesch\u00e4tzte Lesezeit":"2\u00a0Minuten"},"schema":{"@context":"https:\/\/schema.org","@graph":[{"@type":"WebPage","@id":"https:\/\/www.santjosep.net\/de\/sehen\/dorfer\/sant-josep-de-sa-talaia\/","url":"https:\/\/www.santjosep.net\/de\/sehen\/dorfer\/sant-josep-de-sa-talaia\/","name":"Sant Josep de Sa Talaia - Santjosep.net","isPartOf":{"@id":"https:\/\/www.santjosep.net\/#website"},"primaryImageOfPage":{"@id":"https:\/\/www.santjosep.net\/de\/sehen\/dorfer\/sant-josep-de-sa-talaia\/#primaryimage"},"image":{"@id":"https:\/\/www.santjosep.net\/de\/sehen\/dorfer\/sant-josep-de-sa-talaia\/#primaryimage"},"thumbnailUrl":"https:\/\/www.santjosep.net\/wp-content\/uploads\/2025\/09\/P1012904.jpg","datePublished":"2013-11-11T12:22:43+00:00","dateModified":"2025-01-21T09:32:00+00:00","breadcrumb":{"@id":"https:\/\/www.santjosep.net\/de\/sehen\/dorfer\/sant-josep-de-sa-talaia\/#breadcrumb"},"inLanguage":"de","potentialAction":[{"@type":"ReadAction","target":["https:\/\/www.santjosep.net\/de\/sehen\/dorfer\/sant-josep-de-sa-talaia\/"]}]},{"@type":"ImageObject","inLanguage":"de","@id":"https:\/\/www.santjosep.net\/de\/sehen\/dorfer\/sant-josep-de-sa-talaia\/#primaryimage","url":"https:\/\/www.santjosep.net\/wp-content\/uploads\/2025\/09\/P1012904.jpg","contentUrl":"https:\/\/www.santjosep.net\/wp-content\/uploads\/2025\/09\/P1012904.jpg","width":1500,"height":1125},{"@type":"BreadcrumbList","@id":"https:\/\/www.santjosep.net\/de\/sehen\/dorfer\/sant-josep-de-sa-talaia\/#breadcrumb","itemListElement":[{"@type":"ListItem","position":1,"name":"Sehen","item":"https:\/\/www.santjosep.net\/de\/sehen\/"},{"@type":"ListItem","position":2,"name":"D\u00f6rfer","item":"https:\/\/www.santjosep.net\/de\/sehen\/dorfer\/"},{"@type":"ListItem","position":3,"name":"Sant Josep de Sa Talaia"}]},{"@type":"WebSite","@id":"https:\/\/www.santjosep.net\/#website","url":"https:\/\/www.santjosep.net\/","name":"Santjosep.net","description":"","potentialAction":[{"@type":"SearchAction","target":{"@type":"EntryPoint","urlTemplate":"https:\/\/www.santjosep.net\/?s={search_term_string}"},"query-input":{"@type":"PropertyValueSpecification","valueRequired":true,"valueName":"search_term_string"}}],"inLanguage":"de"}]}},"_links":{"self":[{"href":"https:\/\/www.santjosep.net\/de\/wp-json\/wp\/v2\/pages\/5465","targetHints":{"allow":["GET"]}}],"collection":[{"href":"https:\/\/www.santjosep.net\/de\/wp-json\/wp\/v2\/pages"}],"about":[{"href":"https:\/\/www.santjosep.net\/de\/wp-json\/wp\/v2\/types\/page"}],"author":[{"embeddable":true,"href":"https:\/\/www.santjosep.net\/de\/wp-json\/wp\/v2\/users\/1"}],"replies":[{"embeddable":true,"href":"https:\/\/www.santjosep.net\/de\/wp-json\/wp\/v2\/comments?post=5465"}],"version-history":[{"count":0,"href":"https:\/\/www.santjosep.net\/de\/wp-json\/wp\/v2\/pages\/5465\/revisions"}],"up":[{"embeddable":true,"href":"https:\/\/www.santjosep.net\/de\/wp-json\/wp\/v2\/pages\/5878"}],"wp:featuredmedia":[{"embeddable":true,"href":"https:\/\/www.santjosep.net\/de\/wp-json\/wp\/v2\/media\/38557"}],"wp:attachment":[{"href":"https:\/\/www.santjosep.net\/de\/wp-json\/wp\/v2\/media?parent=5465"}],"wp:term":[{"taxonomy":"categoria_pagina","embeddable":true,"href":"https:\/\/www.santjosep.net\/de\/wp-json\/wp\/v2\/categoria_pagina?post=5465"}],"curies":[{"name":"wp","href":"https:\/\/api.w.org\/{rel}","templated":true}]}}