{"id":5393,"date":"2016-03-03T16:14:45","date_gmt":"2016-03-03T16:14:45","guid":{"rendered":"https:\/\/www.santjosep.net\/de\/kajak-sant-josep-ibiza\/ruta-en-kayak-desde-sa-caleta-a-ses-boques-es-cubells-ibiza\/"},"modified":"2020-01-27T14:08:06","modified_gmt":"2020-01-27T13:08:06","slug":"sa-caleta-auf-ses-boques","status":"publish","type":"page","link":"https:\/\/www.santjosep.net\/de\/aktiver-tourismus\/kajak-sant-josep-ibiza\/sa-caleta-auf-ses-boques\/","title":{"rendered":"Kajak Route von Sa Caleta auf Ses Boques"},"content":{"rendered":"<p><iframe loading=\"lazy\" src=\"https:\/\/www.google.com\/maps\/d\/embed?mid=z5YVYhWup8YU.kEOmjBA7wqns\" width=\"780\" height=\"480\"><\/iframe><\/p>\n<p>DAUER: 3 Stunden<br \/>\nL\u00c4NGE: 8,6 Seemeilen<br \/>\nSCHWIERIGKEITSGRAD: Mittel<br \/>\nAUSGANGSPUNKT: Sa Caleta (Traditioneller Fischerhafen)<br \/>\nPUNTO DE LLEGADA: Ses Boques (Es Cubells)<\/p>\n<p>&nbsp;<\/p>\n<p><strong>ANFHART:<\/strong><\/p>\n<p>Von Sant Josep aus gelangen Sie zum Ausgangspunkt, indem Sie in Richtung Ibiza auf der Stra\u00dfe PM-803 fahren. Nach 5 Kilometern (Kilometerpunkt 7 auf der Strecke) nehmen Sie die Ausfahrt in Richtung Sa Caleta. Folgen Sie dieser Landstra\u00dfe bis Sie auf Ihrer rechten Seiten die Ausfahrt nach Sa Caleta sehen. Biegen Sie links in den Feldweg ab und fahren Sie hinunter zum Fischerhafen.<\/p>\n<p>Wenn Sie von Ibiza kommen, fahren Sie in Richtung Flughafen auf der Stra\u00dfe PM-801. Lassen Sie Sant Jordi hinter sich und fahren bis zur Einfahrt des Flughafens. Hier nehmen Sie die Ausfahrt zu Ihrer Rechten und folgen den Schildern \u201eSa Caleta\u201c. Sie gelangen dann zu der oben genannten Landstra\u00dfe, diesmal aber auf Ihrer linken Seite. Nehmen Sie den selben Feldweg wie oben, der Sie bis zum Strand f\u00fchren wird.<\/p>\n<p><strong>KAJAKTOUR:<br \/>\n<\/strong>Verlassen Sie diesen wundersch\u00f6nen Fischerhafen, der mit seinen gut erhaltenen Bootsh\u00e4uschen wohl einer der sch\u00f6nsten der Pityusen ist. Fahren Sie in Richtung Westen entlang einer kleinen Halbinsel, auf der sich die \u00dcberreste der einstigen ph\u00f6nizischen Siedlung befinden.<\/p>\n<p><a href=\"https:\/\/www.santjosep.net\/wp-content\/uploads\/2016\/03\/IMG_0776.jpg\" rel=\"attachment wp-att-5062\"><img loading=\"lazy\" decoding=\"async\" class=\"alignnone size-full wp-image-5062\" src=\"https:\/\/www.santjosep.net\/wp-content\/uploads\/2016\/03\/IMG_0776.jpg\" alt=\"IMG_0776\" width=\"1200\" height=\"800\" srcset=\"https:\/\/www.santjosep.net\/wp-content\/uploads\/2016\/03\/IMG_0776.jpg 1200w, https:\/\/www.santjosep.net\/wp-content\/uploads\/2016\/03\/IMG_0776-300x200.jpg 300w, https:\/\/www.santjosep.net\/wp-content\/uploads\/2016\/03\/IMG_0776-768x512.jpg 768w, https:\/\/www.santjosep.net\/wp-content\/uploads\/2016\/03\/IMG_0776-1024x683.jpg 1024w\" sizes=\"auto, (max-width: 1200px) 100vw, 1200px\" \/><\/a><\/p>\n<p>Schon bald darauf sehen Sie den Strand Es Bol Nou, den man mit seinen r\u00f6tlichen Steilk\u00fcsten nicht verfehlen kann. Ein bisschen weiter befinden sich kleine Fischerh\u00fctten in der beeindruckenden Steilk\u00fcste, die aus roter Lehmerde besteht.<\/p>\n<div id=\"attachment_997\" style=\"width: 1010px\" class=\"wp-caption alignnone\"><a href=\"https:\/\/www.santjosep.net\/wp-content\/uploads\/2013\/11\/esbolnou_IMG_0838.jpg\" rel=\"attachment wp-att-997\"><img loading=\"lazy\" decoding=\"async\" aria-describedby=\"caption-attachment-997\" class=\"size-full wp-image-997\" src=\"https:\/\/www.santjosep.net\/wp-content\/uploads\/2013\/11\/esbolnou_IMG_0838.jpg\" alt=\"Es Bol Nou\" width=\"1000\" height=\"667\" srcset=\"https:\/\/www.santjosep.net\/wp-content\/uploads\/2013\/11\/esbolnou_IMG_0838.jpg 1000w, https:\/\/www.santjosep.net\/wp-content\/uploads\/2013\/11\/esbolnou_IMG_0838-300x200.jpg 300w\" sizes=\"auto, (max-width: 1000px) 100vw, 1000px\" \/><\/a><p id=\"caption-attachment-997\" class=\"wp-caption-text\">Es Bol Nou<\/p><\/div>\n<p>Die Strecke f\u00fchrt Sie dann entlang der K\u00fcste am Fu\u00dfe des Puig des Jondal bis an die Landzunge von Es Jondal. Paddeln Sie bei rauer See hier besonders vorsichtig.<\/p>\n<p>Sie fahren nun in die Bucht von Es Jondal hinein. In diesem herrlichen K\u00fcstenabschnitt mit seinen Steilk\u00fcsten und kleinen Buchten kann man unter anderem Nistpl\u00e4tze von Falken entdeckens.<\/p>\n<p><a href=\"https:\/\/www.santjosep.net\/wp-content\/uploads\/2013\/11\/calajondal_IMG_92051.jpg\" rel=\"attachment wp-att-949\"><img loading=\"lazy\" decoding=\"async\" class=\"alignnone size-full wp-image-949\" src=\"https:\/\/www.santjosep.net\/wp-content\/uploads\/2013\/11\/calajondal_IMG_92051.jpg\" alt=\"calajondal_IMG_9205\" width=\"800\" height=\"533\" srcset=\"https:\/\/www.santjosep.net\/wp-content\/uploads\/2013\/11\/calajondal_IMG_92051.jpg 800w, https:\/\/www.santjosep.net\/wp-content\/uploads\/2013\/11\/calajondal_IMG_92051-300x199.jpg 300w\" sizes=\"auto, (max-width: 800px) 100vw, 800px\" \/><\/a><\/p>\n<p>Wenn Sie weiterfahren, treffen Sie auf den Kieselsteinstrand Es Jondal. Hier befinden sich neben einigen Restaurants auch alle weiteren Dienstleistungen, die f\u00fcr einen Strand mit blauer Flagge erforderlich sind. Dieses G\u00fctezeichen wird nur an Str\u00e4nde bester Qualit\u00e4t vergeben. Gleich darauf sto\u00dfen Sie auf die kleine Bucht Es Xarco mit ihren kleinen Fischerh\u00fctten und einem Restaurant.<\/p>\n<p>Wenn Sie entlang der Steilk\u00fcsten weiterfahren, kommen Sie zu der Landzunge Es Porroig. Bevor Sie diese erreichen, sehen Sie eine Meerenge zwischen Felsen, die Sie mit besonderer Vorsicht durchqueren sollten.<\/p>\n<p>Sobald Sie die Bucht von Es Porroig erreichen, sehen Sie einige Fischerh\u00fctten und einen Sandstrand.<\/p>\n<p>Vor allem in den Sommermonaten sollten Sie in der Bucht Es Porroig wie auch in den vorherigen Buchten bei Es Jondal und Es Xarco besonders vorsichtig fahren, da hier neben privaten Yachten auch viele andere Boote fahren. Generell ist die \u00dcberfahrt mit dem Kajak aber einfach, da die Bucht dank der hohen Steilk\u00fcste vor den Nord- und Westwinden gesch\u00fctzt ist.<\/p>\n<p><a href=\"https:\/\/www.santjosep.net\/wp-content\/uploads\/2013\/11\/porroig_IMG_8432.jpg\" rel=\"attachment wp-att-1065\"><img loading=\"lazy\" decoding=\"async\" class=\"alignnone size-full wp-image-1065\" src=\"https:\/\/www.santjosep.net\/wp-content\/uploads\/2013\/11\/porroig_IMG_8432.jpg\" alt=\"porroig_IMG_8432\" width=\"1000\" height=\"667\" srcset=\"https:\/\/www.santjosep.net\/wp-content\/uploads\/2013\/11\/porroig_IMG_8432.jpg 1000w, https:\/\/www.santjosep.net\/wp-content\/uploads\/2013\/11\/porroig_IMG_8432-300x200.jpg 300w\" sizes=\"auto, (max-width: 1000px) 100vw, 1000px\" \/><\/a><\/p>\n<p>Ein bisschen weiter auf der Strecke, nachdem Sie an Ses Illetes vorbeigepaddelt sind, gelangen Sie an den kleinen Strand Es Torrent. Danach erreichen Sie Cap Negret mit dem Strand Ses Ovelles. Eine verlassene Bucht, an der man nur sehr schwer einen Zugang zum Land findet.<\/p>\n","protected":false},"excerpt":{"rendered":"<p>DAUER: 3 Stunden L\u00c4NGE: 8,6 Seemeilen SCHWIERIGKEITSGRAD: Mittel AUSGANGSPUNKT: Sa Caleta (Traditioneller Fischerhafen) PUNTO DE LLEGADA: Ses Boques (Es Cubells) &nbsp; ANFHART: Von Sant Josep aus gelangen Sie zum Ausgangspunkt, indem Sie in Richtung Ibiza auf der Stra\u00dfe PM-803 fahren. [&hellip;]<\/p>\n","protected":false},"author":1,"featured_media":5394,"parent":5316,"menu_order":0,"comment_status":"closed","ping_status":"closed","template":"page-actividad.php","meta":{"_acf_changed":false,"inline_featured_image":false,"footnotes":""},"categoria_pagina":[],"class_list":["post-5393","page","type-page","status-publish","has-post-thumbnail","hentry"],"acf":[],"yoast_head":"<!-- This site is optimized with the Yoast SEO plugin v25.7 - https:\/\/yoast.com\/wordpress\/plugins\/seo\/ -->\n<title>Kajak Route von Sa Caleta auf Ses Boques - Santjosep.net<\/title>\n<meta name=\"robots\" content=\"index, follow, max-snippet:-1, max-image-preview:large, max-video-preview:-1\" \/>\n<link rel=\"canonical\" href=\"https:\/\/www.santjosep.net\/de\/aktiver-tourismus\/kajak-sant-josep-ibiza\/sa-caleta-auf-ses-boques\/\" \/>\n<meta property=\"og:locale\" content=\"de_DE\" \/>\n<meta property=\"og:type\" content=\"article\" \/>\n<meta property=\"og:title\" content=\"Kajak Route von Sa Caleta auf Ses Boques - Santjosep.net\" \/>\n<meta property=\"og:description\" content=\"DAUER: 3 Stunden L\u00c4NGE: 8,6 Seemeilen SCHWIERIGKEITSGRAD: Mittel AUSGANGSPUNKT: Sa Caleta (Traditioneller Fischerhafen) PUNTO DE LLEGADA: Ses Boques (Es Cubells) &nbsp; ANFHART: Von Sant Josep aus gelangen Sie zum Ausgangspunkt, indem Sie in Richtung Ibiza auf der Stra\u00dfe PM-803 fahren. [&hellip;]\" \/>\n<meta property=\"og:url\" content=\"https:\/\/www.santjosep.net\/de\/aktiver-tourismus\/kajak-sant-josep-ibiza\/sa-caleta-auf-ses-boques\/\" \/>\n<meta property=\"og:site_name\" content=\"Santjosep.net\" \/>\n<meta property=\"article:modified_time\" content=\"2020-01-27T13:08:06+00:00\" \/>\n<meta property=\"og:image\" content=\"https:\/\/www.santjosep.net\/wp-content\/uploads\/2013\/11\/escubellsplaya_IMG_09831.jpg\" \/>\n\t<meta property=\"og:image:width\" content=\"800\" \/>\n\t<meta property=\"og:image:height\" content=\"533\" \/>\n\t<meta property=\"og:image:type\" content=\"image\/jpeg\" \/>\n<meta name=\"twitter:card\" content=\"summary_large_image\" \/>\n<meta name=\"twitter:label1\" content=\"Gesch\u00e4tzte Lesezeit\" \/>\n\t<meta name=\"twitter:data1\" content=\"3\u00a0Minuten\" \/>\n<script type=\"application\/ld+json\" class=\"yoast-schema-graph\">{\"@context\":\"https:\/\/schema.org\",\"@graph\":[{\"@type\":\"WebPage\",\"@id\":\"https:\/\/www.santjosep.net\/de\/aktiver-tourismus\/kajak-sant-josep-ibiza\/sa-caleta-auf-ses-boques\/\",\"url\":\"https:\/\/www.santjosep.net\/de\/aktiver-tourismus\/kajak-sant-josep-ibiza\/sa-caleta-auf-ses-boques\/\",\"name\":\"Kajak Route von Sa Caleta auf Ses Boques - Santjosep.net\",\"isPartOf\":{\"@id\":\"https:\/\/www.santjosep.net\/#website\"},\"primaryImageOfPage\":{\"@id\":\"https:\/\/www.santjosep.net\/de\/aktiver-tourismus\/kajak-sant-josep-ibiza\/sa-caleta-auf-ses-boques\/#primaryimage\"},\"image\":{\"@id\":\"https:\/\/www.santjosep.net\/de\/aktiver-tourismus\/kajak-sant-josep-ibiza\/sa-caleta-auf-ses-boques\/#primaryimage\"},\"thumbnailUrl\":\"https:\/\/www.santjosep.net\/wp-content\/uploads\/2013\/11\/escubellsplaya_IMG_09831.jpg\",\"datePublished\":\"2016-03-03T16:14:45+00:00\",\"dateModified\":\"2020-01-27T13:08:06+00:00\",\"breadcrumb\":{\"@id\":\"https:\/\/www.santjosep.net\/de\/aktiver-tourismus\/kajak-sant-josep-ibiza\/sa-caleta-auf-ses-boques\/#breadcrumb\"},\"inLanguage\":\"de\",\"potentialAction\":[{\"@type\":\"ReadAction\",\"target\":[\"https:\/\/www.santjosep.net\/de\/aktiver-tourismus\/kajak-sant-josep-ibiza\/sa-caleta-auf-ses-boques\/\"]}]},{\"@type\":\"ImageObject\",\"inLanguage\":\"de\",\"@id\":\"https:\/\/www.santjosep.net\/de\/aktiver-tourismus\/kajak-sant-josep-ibiza\/sa-caleta-auf-ses-boques\/#primaryimage\",\"url\":\"https:\/\/www.santjosep.net\/wp-content\/uploads\/2013\/11\/escubellsplaya_IMG_09831.jpg\",\"contentUrl\":\"https:\/\/www.santjosep.net\/wp-content\/uploads\/2013\/11\/escubellsplaya_IMG_09831.jpg\",\"width\":800,\"height\":533},{\"@type\":\"BreadcrumbList\",\"@id\":\"https:\/\/www.santjosep.net\/de\/aktiver-tourismus\/kajak-sant-josep-ibiza\/sa-caleta-auf-ses-boques\/#breadcrumb\",\"itemListElement\":[{\"@type\":\"ListItem\",\"position\":1,\"name\":\"Aktiver Tourismus\",\"item\":\"https:\/\/www.santjosep.net\/de\/aktiver-tourismus\/\"},{\"@type\":\"ListItem\",\"position\":2,\"name\":\"Kajak\",\"item\":\"https:\/\/www.santjosep.net\/de\/aktiver-tourismus\/kajak-sant-josep-ibiza\/\"},{\"@type\":\"ListItem\",\"position\":3,\"name\":\"Kajak Route von Sa Caleta auf Ses Boques\"}]},{\"@type\":\"WebSite\",\"@id\":\"https:\/\/www.santjosep.net\/#website\",\"url\":\"https:\/\/www.santjosep.net\/\",\"name\":\"Santjosep.net\",\"description\":\"\",\"potentialAction\":[{\"@type\":\"SearchAction\",\"target\":{\"@type\":\"EntryPoint\",\"urlTemplate\":\"https:\/\/www.santjosep.net\/?s={search_term_string}\"},\"query-input\":{\"@type\":\"PropertyValueSpecification\",\"valueRequired\":true,\"valueName\":\"search_term_string\"}}],\"inLanguage\":\"de\"}]}<\/script>\n<!-- \/ Yoast SEO plugin. -->","yoast_head_json":{"title":"Kajak Route von Sa Caleta auf Ses Boques - Santjosep.net","robots":{"index":"index","follow":"follow","max-snippet":"max-snippet:-1","max-image-preview":"max-image-preview:large","max-video-preview":"max-video-preview:-1"},"canonical":"https:\/\/www.santjosep.net\/de\/aktiver-tourismus\/kajak-sant-josep-ibiza\/sa-caleta-auf-ses-boques\/","og_locale":"de_DE","og_type":"article","og_title":"Kajak Route von Sa Caleta auf Ses Boques - Santjosep.net","og_description":"DAUER: 3 Stunden L\u00c4NGE: 8,6 Seemeilen SCHWIERIGKEITSGRAD: Mittel AUSGANGSPUNKT: Sa Caleta (Traditioneller Fischerhafen) PUNTO DE LLEGADA: Ses Boques (Es Cubells) &nbsp; ANFHART: Von Sant Josep aus gelangen Sie zum Ausgangspunkt, indem Sie in Richtung Ibiza auf der Stra\u00dfe PM-803 fahren. [&hellip;]","og_url":"https:\/\/www.santjosep.net\/de\/aktiver-tourismus\/kajak-sant-josep-ibiza\/sa-caleta-auf-ses-boques\/","og_site_name":"Santjosep.net","article_modified_time":"2020-01-27T13:08:06+00:00","og_image":[{"width":800,"height":533,"url":"https:\/\/www.santjosep.net\/wp-content\/uploads\/2013\/11\/escubellsplaya_IMG_09831.jpg","type":"image\/jpeg"}],"twitter_card":"summary_large_image","twitter_misc":{"Gesch\u00e4tzte Lesezeit":"3\u00a0Minuten"},"schema":{"@context":"https:\/\/schema.org","@graph":[{"@type":"WebPage","@id":"https:\/\/www.santjosep.net\/de\/aktiver-tourismus\/kajak-sant-josep-ibiza\/sa-caleta-auf-ses-boques\/","url":"https:\/\/www.santjosep.net\/de\/aktiver-tourismus\/kajak-sant-josep-ibiza\/sa-caleta-auf-ses-boques\/","name":"Kajak Route von Sa Caleta auf Ses Boques - Santjosep.net","isPartOf":{"@id":"https:\/\/www.santjosep.net\/#website"},"primaryImageOfPage":{"@id":"https:\/\/www.santjosep.net\/de\/aktiver-tourismus\/kajak-sant-josep-ibiza\/sa-caleta-auf-ses-boques\/#primaryimage"},"image":{"@id":"https:\/\/www.santjosep.net\/de\/aktiver-tourismus\/kajak-sant-josep-ibiza\/sa-caleta-auf-ses-boques\/#primaryimage"},"thumbnailUrl":"https:\/\/www.santjosep.net\/wp-content\/uploads\/2013\/11\/escubellsplaya_IMG_09831.jpg","datePublished":"2016-03-03T16:14:45+00:00","dateModified":"2020-01-27T13:08:06+00:00","breadcrumb":{"@id":"https:\/\/www.santjosep.net\/de\/aktiver-tourismus\/kajak-sant-josep-ibiza\/sa-caleta-auf-ses-boques\/#breadcrumb"},"inLanguage":"de","potentialAction":[{"@type":"ReadAction","target":["https:\/\/www.santjosep.net\/de\/aktiver-tourismus\/kajak-sant-josep-ibiza\/sa-caleta-auf-ses-boques\/"]}]},{"@type":"ImageObject","inLanguage":"de","@id":"https:\/\/www.santjosep.net\/de\/aktiver-tourismus\/kajak-sant-josep-ibiza\/sa-caleta-auf-ses-boques\/#primaryimage","url":"https:\/\/www.santjosep.net\/wp-content\/uploads\/2013\/11\/escubellsplaya_IMG_09831.jpg","contentUrl":"https:\/\/www.santjosep.net\/wp-content\/uploads\/2013\/11\/escubellsplaya_IMG_09831.jpg","width":800,"height":533},{"@type":"BreadcrumbList","@id":"https:\/\/www.santjosep.net\/de\/aktiver-tourismus\/kajak-sant-josep-ibiza\/sa-caleta-auf-ses-boques\/#breadcrumb","itemListElement":[{"@type":"ListItem","position":1,"name":"Aktiver Tourismus","item":"https:\/\/www.santjosep.net\/de\/aktiver-tourismus\/"},{"@type":"ListItem","position":2,"name":"Kajak","item":"https:\/\/www.santjosep.net\/de\/aktiver-tourismus\/kajak-sant-josep-ibiza\/"},{"@type":"ListItem","position":3,"name":"Kajak Route von Sa Caleta auf Ses Boques"}]},{"@type":"WebSite","@id":"https:\/\/www.santjosep.net\/#website","url":"https:\/\/www.santjosep.net\/","name":"Santjosep.net","description":"","potentialAction":[{"@type":"SearchAction","target":{"@type":"EntryPoint","urlTemplate":"https:\/\/www.santjosep.net\/?s={search_term_string}"},"query-input":{"@type":"PropertyValueSpecification","valueRequired":true,"valueName":"search_term_string"}}],"inLanguage":"de"}]}},"_links":{"self":[{"href":"https:\/\/www.santjosep.net\/de\/wp-json\/wp\/v2\/pages\/5393","targetHints":{"allow":["GET"]}}],"collection":[{"href":"https:\/\/www.santjosep.net\/de\/wp-json\/wp\/v2\/pages"}],"about":[{"href":"https:\/\/www.santjosep.net\/de\/wp-json\/wp\/v2\/types\/page"}],"author":[{"embeddable":true,"href":"https:\/\/www.santjosep.net\/de\/wp-json\/wp\/v2\/users\/1"}],"replies":[{"embeddable":true,"href":"https:\/\/www.santjosep.net\/de\/wp-json\/wp\/v2\/comments?post=5393"}],"version-history":[{"count":0,"href":"https:\/\/www.santjosep.net\/de\/wp-json\/wp\/v2\/pages\/5393\/revisions"}],"up":[{"embeddable":true,"href":"https:\/\/www.santjosep.net\/de\/wp-json\/wp\/v2\/pages\/5316"}],"wp:featuredmedia":[{"embeddable":true,"href":"https:\/\/www.santjosep.net\/de\/wp-json\/wp\/v2\/media\/5394"}],"wp:attachment":[{"href":"https:\/\/www.santjosep.net\/de\/wp-json\/wp\/v2\/media?parent=5393"}],"wp:term":[{"taxonomy":"categoria_pagina","embeddable":true,"href":"https:\/\/www.santjosep.net\/de\/wp-json\/wp\/v2\/categoria_pagina?post=5393"}],"curies":[{"name":"wp","href":"https:\/\/api.w.org\/{rel}","templated":true}]}}