{"id":5390,"date":"2016-03-03T16:04:08","date_gmt":"2016-03-03T16:04:08","guid":{"rendered":"https:\/\/www.santjosep.net\/de\/kajak-sant-josep-ibiza\/ruta-en-kayak-desde-sa-canal-ses-salines-a-sa-caleta-ibiza\/"},"modified":"2020-01-27T14:08:35","modified_gmt":"2020-01-27T13:08:35","slug":"ses-salines-auf-caleta-ibiza","status":"publish","type":"page","link":"https:\/\/www.santjosep.net\/de\/aktiver-tourismus\/kajak-sant-josep-ibiza\/ses-salines-auf-caleta-ibiza\/","title":{"rendered":"Kajak Route von Sa Canal auf Sa Caleta"},"content":{"rendered":"<p><iframe loading=\"lazy\" src=\"https:\/\/www.google.com\/maps\/d\/embed?mid=z5YVYhWup8YU.k5HqvaubqB3I\" width=\"780\" height=\"480\"><\/iframe><\/p>\n<p>DAUER: 2,5 Stunden<br \/>\nL\u00c4NGE: 5,7 Seemeilen<br \/>\nSCHWIERIGKEITSGRAD: Leicht\/Mittel<br \/>\nAUSGANGSPUNKT: Sa Canal<br \/>\nANKUNFTSPUNKT: Sa Caleta<\/p>\n<p><strong>ANFAHRT:<\/strong><br \/>\nVon Sant Josep aus gelangen Sie zum Ausgangspunkt, indem Sie in Richtung Ibiza auf der Stra\u00dfe PM-803 fahren. Nehmen Sie die Ausfahrt zum Flughafen und fahren Sie dann in Richtung Sant Jordi bzw. Ibiza bis Sie zu dem Kreisverkehr \u201eSant Jordi &#8211; Eivissa &#8211; Sa Canal \u2013 Aeropuerto\u201c kommen. Wenn Sie von Ibiza aus starten, nehmen Sie die Stra\u00dfe in Richtung Flughafen (PM-801). Fahren Sie durch Sant Jordi hindurch, bis Sie zum eben genannten Kreisverkehr gelangen. Von hier aus nehmen Sie die Ausfahrt in Richtung Sa Canal (PM-802). Am Ende der Stra\u00dfe befindet sich zu Ihrer Linken der Strand.<\/p>\n<p><strong>KAJAKTOUR:<\/strong><br \/>\nVom Ausgangspunkt fahren Sie in Richtung S\u00fcden zum Kai, an dem heutzutage das Salz verladen wird. Hier k\u00f6nnen Sie den Ausblick auf das sch\u00f6ne Dorf Sa Canal genie\u00dfen, in dem einst die Arbeiter der Salinen wohnten.<\/p>\n<p><a href=\"https:\/\/www.santjosep.net\/wp-content\/uploads\/2016\/03\/IMG_9815_4193-x-2795.jpg\" rel=\"attachment wp-att-5056\"><img loading=\"lazy\" decoding=\"async\" class=\"alignnone size-full wp-image-5056\" src=\"https:\/\/www.santjosep.net\/wp-content\/uploads\/2016\/03\/IMG_9815_4193-x-2795.jpg\" alt=\"IMG_9815_4193-x-2795\" width=\"1200\" height=\"800\" srcset=\"https:\/\/www.santjosep.net\/wp-content\/uploads\/2016\/03\/IMG_9815_4193-x-2795.jpg 1200w, https:\/\/www.santjosep.net\/wp-content\/uploads\/2016\/03\/IMG_9815_4193-x-2795-300x200.jpg 300w, https:\/\/www.santjosep.net\/wp-content\/uploads\/2016\/03\/IMG_9815_4193-x-2795-768x512.jpg 768w, https:\/\/www.santjosep.net\/wp-content\/uploads\/2016\/03\/IMG_9815_4193-x-2795-1024x683.jpg 1024w\" sizes=\"auto, (max-width: 1200px) 100vw, 1200px\" \/><\/a><\/p>\n<p>Continuamos costeando, admirando el bosque de esta zona protegida hasta llegar a la playa del Canal de s&#8217;Olla, donde podremos desembarcar.<\/p>\n<p>Fahren Sie entlang der K\u00fcste weiter und bestaunen Sie die W\u00e4lder des Naturschutzgebietes, bis Sie zum Strand Canal de s \u0301Olla gelangen, wo Sie mit Ihrem Kajak anlegen k\u00f6nnen.<\/p>\n<p>Die Strecke f\u00fchrt Sie dann weiter zum Felsvorsprung Punta de sa Rama. Hier kann das Paddeln bei rauer See schwierig werden. Fahren Sie weiter mit der Felseninsel auf der Backbordseite.<\/p>\n<p><a href=\"https:\/\/www.santjosep.net\/wp-content\/uploads\/2016\/03\/IMG_8913.jpg\" rel=\"attachment wp-att-5059\"><img loading=\"lazy\" decoding=\"async\" class=\"alignnone size-full wp-image-5059\" src=\"https:\/\/www.santjosep.net\/wp-content\/uploads\/2016\/03\/IMG_8913.jpg\" alt=\"IMG_8913\" width=\"1200\" height=\"800\" srcset=\"https:\/\/www.santjosep.net\/wp-content\/uploads\/2016\/03\/IMG_8913.jpg 1200w, https:\/\/www.santjosep.net\/wp-content\/uploads\/2016\/03\/IMG_8913-300x200.jpg 300w, https:\/\/www.santjosep.net\/wp-content\/uploads\/2016\/03\/IMG_8913-768x512.jpg 768w, https:\/\/www.santjosep.net\/wp-content\/uploads\/2016\/03\/IMG_8913-1024x683.jpg 1024w\" sizes=\"auto, (max-width: 1200px) 100vw, 1200px\" \/><\/a><\/p>\n<p>Nachdem Sie an einer beeindruckenden Bucht mit Steilk\u00fcste vorbeigefahren sind, gelangen Sie zum Cap des Falco\u0301. Einst wurde in diesem Gebiet Falkenzucht betrieben und auch heute kann man hier noch einige Falken umherkreisen sehen.<\/p>\n<p><a href=\"https:\/\/www.santjosep.net\/wp-content\/uploads\/2013\/11\/escodolar_IMG_1106.jpg\" rel=\"attachment wp-att-1007\"><img loading=\"lazy\" decoding=\"async\" class=\"alignnone size-full wp-image-1007\" src=\"https:\/\/www.santjosep.net\/wp-content\/uploads\/2013\/11\/escodolar_IMG_1106.jpg\" alt=\"escodolar_IMG_1106\" width=\"1000\" height=\"667\" srcset=\"https:\/\/www.santjosep.net\/wp-content\/uploads\/2013\/11\/escodolar_IMG_1106.jpg 1000w, https:\/\/www.santjosep.net\/wp-content\/uploads\/2013\/11\/escodolar_IMG_1106-300x200.jpg 300w\" sizes=\"auto, (max-width: 1000px) 100vw, 1000px\" \/><\/a><\/p>\n<p>Fahren Sie weiter die K\u00fcste entlang bis Sie zu dem Kieselsteinstrand Es Codolar gelangen. Hier beginnt die gro\u00dfe Bucht von Es Codolar, in der man einen Blick auf die Salzbecken von Ses Salines hat, in denen viele Zugv\u00f6gel nisten und ruhen. Abgrund der vielen gro\u00dfen Kieselsteine ist der Zugang zum Strand hier schwierig.<\/p>\n<p>Schon bald k\u00f6nnen Sie dann die Start- und Landebahnen des Flughafens erkennen und gleich danach beginnt ein Wohngebiet, wo Sie auch auf einige kleine Fischerh\u00fctten sto\u00dfen werden. Dieser Abschnitt kann einem recht lang vorkommen, da die Bucht sehr offen ist und man sich der K\u00fcste nicht n\u00e4hern kann. Geben Sie bei schlechtem Wetter auf die gro\u00dfen Wellen acht, die trotz der geringen Wassertiefe enstehen k\u00f6nnen.<\/p>\n<p><a href=\"https:\/\/www.santjosep.net\/wp-content\/uploads\/2016\/03\/IMG_0776.jpg\" rel=\"attachment wp-att-5062\"><img loading=\"lazy\" decoding=\"async\" class=\"alignnone size-full wp-image-5062\" src=\"https:\/\/www.santjosep.net\/wp-content\/uploads\/2016\/03\/IMG_0776.jpg\" alt=\"IMG_0776\" width=\"1200\" height=\"800\" srcset=\"https:\/\/www.santjosep.net\/wp-content\/uploads\/2016\/03\/IMG_0776.jpg 1200w, https:\/\/www.santjosep.net\/wp-content\/uploads\/2016\/03\/IMG_0776-300x200.jpg 300w, https:\/\/www.santjosep.net\/wp-content\/uploads\/2016\/03\/IMG_0776-768x512.jpg 768w, https:\/\/www.santjosep.net\/wp-content\/uploads\/2016\/03\/IMG_0776-1024x683.jpg 1024w\" sizes=\"auto, (max-width: 1200px) 100vw, 1200px\" \/><\/a><\/p>\n<p>Am Ende dieses weitl\u00e4ufigen Strandes kommen Sie zum Hafen von Sa Caleta. In der Fischerbucht befinden sich viele Bootsh\u00e4uschen, sowie die einstige ph\u00f6nizische Siedlung von Sa Caleta. Diese gilt bis heute als die erste Siedlung von Menschen auf der Insel und ist Teil des UNESCO-Welterbes Ibizas.<\/p>\n<p>Hier haben Sie mit dem Kajak einen leichten Zugang zur K\u00fcste. Ein Parkplatz sowie ein Restaurant befinden sich in der N\u00e4he.<\/p>\n","protected":false},"excerpt":{"rendered":"<p>DAUER: 2,5 Stunden L\u00c4NGE: 5,7 Seemeilen SCHWIERIGKEITSGRAD: Leicht\/Mittel AUSGANGSPUNKT: Sa Canal ANKUNFTSPUNKT: Sa Caleta ANFAHRT: Von Sant Josep aus gelangen Sie zum Ausgangspunkt, indem Sie in Richtung Ibiza auf der Stra\u00dfe PM-803 fahren. Nehmen Sie die Ausfahrt zum Flughafen und [&hellip;]<\/p>\n","protected":false},"author":1,"featured_media":5061,"parent":5316,"menu_order":0,"comment_status":"closed","ping_status":"closed","template":"page-actividad.php","meta":{"_acf_changed":false,"inline_featured_image":false,"footnotes":""},"categoria_pagina":[],"class_list":["post-5390","page","type-page","status-publish","has-post-thumbnail","hentry"],"acf":[],"yoast_head":"<!-- This site is optimized with the Yoast SEO plugin v25.7 - https:\/\/yoast.com\/wordpress\/plugins\/seo\/ -->\n<title>Kajak Route von Sa Canal auf Sa Caleta - Santjosep.net<\/title>\n<meta name=\"robots\" content=\"index, follow, max-snippet:-1, max-image-preview:large, max-video-preview:-1\" \/>\n<link rel=\"canonical\" href=\"https:\/\/www.santjosep.net\/de\/aktiver-tourismus\/kajak-sant-josep-ibiza\/ses-salines-auf-caleta-ibiza\/\" \/>\n<meta property=\"og:locale\" content=\"de_DE\" \/>\n<meta property=\"og:type\" content=\"article\" \/>\n<meta property=\"og:title\" content=\"Kajak Route von Sa Canal auf Sa Caleta - Santjosep.net\" \/>\n<meta property=\"og:description\" content=\"DAUER: 2,5 Stunden L\u00c4NGE: 5,7 Seemeilen SCHWIERIGKEITSGRAD: Leicht\/Mittel AUSGANGSPUNKT: Sa Canal ANKUNFTSPUNKT: Sa Caleta ANFAHRT: Von Sant Josep aus gelangen Sie zum Ausgangspunkt, indem Sie in Richtung Ibiza auf der Stra\u00dfe PM-803 fahren. Nehmen Sie die Ausfahrt zum Flughafen und [&hellip;]\" \/>\n<meta property=\"og:url\" content=\"https:\/\/www.santjosep.net\/de\/aktiver-tourismus\/kajak-sant-josep-ibiza\/ses-salines-auf-caleta-ibiza\/\" \/>\n<meta property=\"og:site_name\" content=\"Santjosep.net\" \/>\n<meta property=\"article:modified_time\" content=\"2020-01-27T13:08:35+00:00\" \/>\n<meta property=\"og:image\" content=\"https:\/\/www.santjosep.net\/wp-content\/uploads\/2016\/03\/IMG_8913.jpg\" \/>\n\t<meta property=\"og:image:width\" content=\"1200\" \/>\n\t<meta property=\"og:image:height\" content=\"800\" \/>\n\t<meta property=\"og:image:type\" content=\"image\/jpeg\" \/>\n<meta name=\"twitter:card\" content=\"summary_large_image\" \/>\n<meta name=\"twitter:label1\" content=\"Gesch\u00e4tzte Lesezeit\" \/>\n\t<meta name=\"twitter:data1\" content=\"2\u00a0Minuten\" \/>\n<script type=\"application\/ld+json\" class=\"yoast-schema-graph\">{\"@context\":\"https:\/\/schema.org\",\"@graph\":[{\"@type\":\"WebPage\",\"@id\":\"https:\/\/www.santjosep.net\/de\/aktiver-tourismus\/kajak-sant-josep-ibiza\/ses-salines-auf-caleta-ibiza\/\",\"url\":\"https:\/\/www.santjosep.net\/de\/aktiver-tourismus\/kajak-sant-josep-ibiza\/ses-salines-auf-caleta-ibiza\/\",\"name\":\"Kajak Route von Sa Canal auf Sa Caleta - Santjosep.net\",\"isPartOf\":{\"@id\":\"https:\/\/www.santjosep.net\/#website\"},\"primaryImageOfPage\":{\"@id\":\"https:\/\/www.santjosep.net\/de\/aktiver-tourismus\/kajak-sant-josep-ibiza\/ses-salines-auf-caleta-ibiza\/#primaryimage\"},\"image\":{\"@id\":\"https:\/\/www.santjosep.net\/de\/aktiver-tourismus\/kajak-sant-josep-ibiza\/ses-salines-auf-caleta-ibiza\/#primaryimage\"},\"thumbnailUrl\":\"https:\/\/www.santjosep.net\/wp-content\/uploads\/2016\/03\/IMG_8913.jpg\",\"datePublished\":\"2016-03-03T16:04:08+00:00\",\"dateModified\":\"2020-01-27T13:08:35+00:00\",\"breadcrumb\":{\"@id\":\"https:\/\/www.santjosep.net\/de\/aktiver-tourismus\/kajak-sant-josep-ibiza\/ses-salines-auf-caleta-ibiza\/#breadcrumb\"},\"inLanguage\":\"de\",\"potentialAction\":[{\"@type\":\"ReadAction\",\"target\":[\"https:\/\/www.santjosep.net\/de\/aktiver-tourismus\/kajak-sant-josep-ibiza\/ses-salines-auf-caleta-ibiza\/\"]}]},{\"@type\":\"ImageObject\",\"inLanguage\":\"de\",\"@id\":\"https:\/\/www.santjosep.net\/de\/aktiver-tourismus\/kajak-sant-josep-ibiza\/ses-salines-auf-caleta-ibiza\/#primaryimage\",\"url\":\"https:\/\/www.santjosep.net\/wp-content\/uploads\/2016\/03\/IMG_8913.jpg\",\"contentUrl\":\"https:\/\/www.santjosep.net\/wp-content\/uploads\/2016\/03\/IMG_8913.jpg\",\"width\":1200,\"height\":800},{\"@type\":\"BreadcrumbList\",\"@id\":\"https:\/\/www.santjosep.net\/de\/aktiver-tourismus\/kajak-sant-josep-ibiza\/ses-salines-auf-caleta-ibiza\/#breadcrumb\",\"itemListElement\":[{\"@type\":\"ListItem\",\"position\":1,\"name\":\"Aktiver Tourismus\",\"item\":\"https:\/\/www.santjosep.net\/de\/aktiver-tourismus\/\"},{\"@type\":\"ListItem\",\"position\":2,\"name\":\"Kajak\",\"item\":\"https:\/\/www.santjosep.net\/de\/aktiver-tourismus\/kajak-sant-josep-ibiza\/\"},{\"@type\":\"ListItem\",\"position\":3,\"name\":\"Kajak Route von Sa Canal auf Sa Caleta\"}]},{\"@type\":\"WebSite\",\"@id\":\"https:\/\/www.santjosep.net\/#website\",\"url\":\"https:\/\/www.santjosep.net\/\",\"name\":\"Santjosep.net\",\"description\":\"\",\"potentialAction\":[{\"@type\":\"SearchAction\",\"target\":{\"@type\":\"EntryPoint\",\"urlTemplate\":\"https:\/\/www.santjosep.net\/?s={search_term_string}\"},\"query-input\":{\"@type\":\"PropertyValueSpecification\",\"valueRequired\":true,\"valueName\":\"search_term_string\"}}],\"inLanguage\":\"de\"}]}<\/script>\n<!-- \/ Yoast SEO plugin. -->","yoast_head_json":{"title":"Kajak Route von Sa Canal auf Sa Caleta - Santjosep.net","robots":{"index":"index","follow":"follow","max-snippet":"max-snippet:-1","max-image-preview":"max-image-preview:large","max-video-preview":"max-video-preview:-1"},"canonical":"https:\/\/www.santjosep.net\/de\/aktiver-tourismus\/kajak-sant-josep-ibiza\/ses-salines-auf-caleta-ibiza\/","og_locale":"de_DE","og_type":"article","og_title":"Kajak Route von Sa Canal auf Sa Caleta - Santjosep.net","og_description":"DAUER: 2,5 Stunden L\u00c4NGE: 5,7 Seemeilen SCHWIERIGKEITSGRAD: Leicht\/Mittel AUSGANGSPUNKT: Sa Canal ANKUNFTSPUNKT: Sa Caleta ANFAHRT: Von Sant Josep aus gelangen Sie zum Ausgangspunkt, indem Sie in Richtung Ibiza auf der Stra\u00dfe PM-803 fahren. Nehmen Sie die Ausfahrt zum Flughafen und [&hellip;]","og_url":"https:\/\/www.santjosep.net\/de\/aktiver-tourismus\/kajak-sant-josep-ibiza\/ses-salines-auf-caleta-ibiza\/","og_site_name":"Santjosep.net","article_modified_time":"2020-01-27T13:08:35+00:00","og_image":[{"width":1200,"height":800,"url":"https:\/\/www.santjosep.net\/wp-content\/uploads\/2016\/03\/IMG_8913.jpg","type":"image\/jpeg"}],"twitter_card":"summary_large_image","twitter_misc":{"Gesch\u00e4tzte Lesezeit":"2\u00a0Minuten"},"schema":{"@context":"https:\/\/schema.org","@graph":[{"@type":"WebPage","@id":"https:\/\/www.santjosep.net\/de\/aktiver-tourismus\/kajak-sant-josep-ibiza\/ses-salines-auf-caleta-ibiza\/","url":"https:\/\/www.santjosep.net\/de\/aktiver-tourismus\/kajak-sant-josep-ibiza\/ses-salines-auf-caleta-ibiza\/","name":"Kajak Route von Sa Canal auf Sa Caleta - Santjosep.net","isPartOf":{"@id":"https:\/\/www.santjosep.net\/#website"},"primaryImageOfPage":{"@id":"https:\/\/www.santjosep.net\/de\/aktiver-tourismus\/kajak-sant-josep-ibiza\/ses-salines-auf-caleta-ibiza\/#primaryimage"},"image":{"@id":"https:\/\/www.santjosep.net\/de\/aktiver-tourismus\/kajak-sant-josep-ibiza\/ses-salines-auf-caleta-ibiza\/#primaryimage"},"thumbnailUrl":"https:\/\/www.santjosep.net\/wp-content\/uploads\/2016\/03\/IMG_8913.jpg","datePublished":"2016-03-03T16:04:08+00:00","dateModified":"2020-01-27T13:08:35+00:00","breadcrumb":{"@id":"https:\/\/www.santjosep.net\/de\/aktiver-tourismus\/kajak-sant-josep-ibiza\/ses-salines-auf-caleta-ibiza\/#breadcrumb"},"inLanguage":"de","potentialAction":[{"@type":"ReadAction","target":["https:\/\/www.santjosep.net\/de\/aktiver-tourismus\/kajak-sant-josep-ibiza\/ses-salines-auf-caleta-ibiza\/"]}]},{"@type":"ImageObject","inLanguage":"de","@id":"https:\/\/www.santjosep.net\/de\/aktiver-tourismus\/kajak-sant-josep-ibiza\/ses-salines-auf-caleta-ibiza\/#primaryimage","url":"https:\/\/www.santjosep.net\/wp-content\/uploads\/2016\/03\/IMG_8913.jpg","contentUrl":"https:\/\/www.santjosep.net\/wp-content\/uploads\/2016\/03\/IMG_8913.jpg","width":1200,"height":800},{"@type":"BreadcrumbList","@id":"https:\/\/www.santjosep.net\/de\/aktiver-tourismus\/kajak-sant-josep-ibiza\/ses-salines-auf-caleta-ibiza\/#breadcrumb","itemListElement":[{"@type":"ListItem","position":1,"name":"Aktiver Tourismus","item":"https:\/\/www.santjosep.net\/de\/aktiver-tourismus\/"},{"@type":"ListItem","position":2,"name":"Kajak","item":"https:\/\/www.santjosep.net\/de\/aktiver-tourismus\/kajak-sant-josep-ibiza\/"},{"@type":"ListItem","position":3,"name":"Kajak Route von Sa Canal auf Sa Caleta"}]},{"@type":"WebSite","@id":"https:\/\/www.santjosep.net\/#website","url":"https:\/\/www.santjosep.net\/","name":"Santjosep.net","description":"","potentialAction":[{"@type":"SearchAction","target":{"@type":"EntryPoint","urlTemplate":"https:\/\/www.santjosep.net\/?s={search_term_string}"},"query-input":{"@type":"PropertyValueSpecification","valueRequired":true,"valueName":"search_term_string"}}],"inLanguage":"de"}]}},"_links":{"self":[{"href":"https:\/\/www.santjosep.net\/de\/wp-json\/wp\/v2\/pages\/5390","targetHints":{"allow":["GET"]}}],"collection":[{"href":"https:\/\/www.santjosep.net\/de\/wp-json\/wp\/v2\/pages"}],"about":[{"href":"https:\/\/www.santjosep.net\/de\/wp-json\/wp\/v2\/types\/page"}],"author":[{"embeddable":true,"href":"https:\/\/www.santjosep.net\/de\/wp-json\/wp\/v2\/users\/1"}],"replies":[{"embeddable":true,"href":"https:\/\/www.santjosep.net\/de\/wp-json\/wp\/v2\/comments?post=5390"}],"version-history":[{"count":0,"href":"https:\/\/www.santjosep.net\/de\/wp-json\/wp\/v2\/pages\/5390\/revisions"}],"up":[{"embeddable":true,"href":"https:\/\/www.santjosep.net\/de\/wp-json\/wp\/v2\/pages\/5316"}],"wp:featuredmedia":[{"embeddable":true,"href":"https:\/\/www.santjosep.net\/de\/wp-json\/wp\/v2\/media\/5061"}],"wp:attachment":[{"href":"https:\/\/www.santjosep.net\/de\/wp-json\/wp\/v2\/media?parent=5390"}],"wp:term":[{"taxonomy":"categoria_pagina","embeddable":true,"href":"https:\/\/www.santjosep.net\/de\/wp-json\/wp\/v2\/categoria_pagina?post=5390"}],"curies":[{"name":"wp","href":"https:\/\/api.w.org\/{rel}","templated":true}]}}