{"id":5377,"date":"2016-02-22T16:34:57","date_gmt":"2016-02-22T16:34:57","guid":{"rendered":"https:\/\/www.santjosep.net\/de\/kayak-sant-josep-ibiza\/ruta-desde-playa-den-bossa-a-sa-canal-ses-salines\/"},"modified":"2020-01-27T14:07:55","modified_gmt":"2020-01-27T13:07:55","slug":"ruta-desde-playa-den-bossa-a-sa-canal-ses-salines","status":"publish","type":"page","link":"https:\/\/www.santjosep.net\/de\/aktiver-tourismus\/kajak-sant-josep-ibiza\/ruta-desde-playa-den-bossa-a-sa-canal-ses-salines\/","title":{"rendered":"Kajak Route von Playa d&#8217;en Bossa auf Sa Canal (Ses Salines &#8211; Ibiza)"},"content":{"rendered":"<p><iframe loading=\"lazy\" src=\"https:\/\/www.google.com\/maps\/d\/embed?mid=z5YVYhWup8YU.keKbQKX_I4lE\" width=\"780\" height=\"480\"><\/iframe><\/p>\n<p>DAUER: 2,5 Stunden<br \/>\nL\u00c4NGE: 5,4 Seemeilen<br \/>\nSCHWIERIGKEITSGRAD: Leicht<br \/>\nAUSGANGSPUNKT: Playa d\u2019en Bossa<br \/>\nANKUNFTSPUNKT: Sa Canal<\/p>\n<p><strong>ANFAHRT:<\/strong><br \/>\nVon Sant Josep aus gelangen Sie zum Ausgangspunkt, indem Sie in Richtung Ibiza auf der Stra\u00dfe PM-803 fahren. Nehmen Sie die Ausfahrt zum Flughafen und fahren Sie dann in Richtung Sant Jordi oder Ibiza bis Sie zu dem Kreisverkehr \u201eSant Jordi &#8211; Eivissa &#8211; Sa Canal \u2013 Aeropuerto\u201c kommen. Wenn Sie von Ibiza aus starten, nehmen Sie die Stra\u00dfe in Richtung Flughafen (PM-801). Fahren Sie an Sant Jordi vorbei, bis Sie zum eben genannten Kreisverkehr gelangen. Von hier aus nehmen Sie die Ausfahrt in Richtung Playa d\u2019en Bossa, die parallel zur Pferderennbahn liegt. Am Ende der Stra\u00dfe fahren Sie geradeaus und nehmen die erste Ausfahrt auf der rechten Seite, die an einem Hotel vorbeif\u00fchrt. Am Ende der Stra\u00dfe befindet sich ein runder Platz mit Zugang zum Strand.<\/p>\n<p><strong>KAJAKTOUR:<\/strong><br \/>\nSitzen Sie erst einmal im Kajak, fahren Sie in Richtung S\u00fcden. Hier k\u00f6nnen Sie bereits einen Blick auf den Wehrturm Torre des Carregador bzw. Torre de sa Sal Rossa werfen. Wenn Sie weiter entlang der K\u00fcste fahren, gelangen Sie zu einer kleinen Bucht namens Xanga bzw. Cala de sa Sal Rossa. Diese grenzt an eine Felseninsel und an ihren beiden Seiten befinden sich die typischen Bootsh\u00e4uschen der Fischer. Fr\u00fcher wurde diese Bucht zur Salzverladung genutzt. Sie befinden sich hier im Naturpark Ses Salines, deshalb ist es gut m\u00f6glich, dass Sie auf Ihrer Kajaktour einigen Wasserv\u00f6geln begegnen werden, die in den nahegelegenen Salzbecken leben.<\/p>\n<p><a href=\"https:\/\/www.santjosep.net\/wp-content\/uploads\/2014\/12\/sasalrossa_IMG_1177.jpg\" rel=\"attachment wp-att-2509\"><img loading=\"lazy\" decoding=\"async\" class=\"alignnone size-full wp-image-2509\" src=\"https:\/\/www.santjosep.net\/wp-content\/uploads\/2014\/12\/sasalrossa_IMG_1177.jpg\" alt=\"sasalrossa_IMG_1177\" width=\"1200\" height=\"800\" srcset=\"https:\/\/www.santjosep.net\/wp-content\/uploads\/2014\/12\/sasalrossa_IMG_1177.jpg 1200w, https:\/\/www.santjosep.net\/wp-content\/uploads\/2014\/12\/sasalrossa_IMG_1177-300x200.jpg 300w, https:\/\/www.santjosep.net\/wp-content\/uploads\/2014\/12\/sasalrossa_IMG_1177-1024x682.jpg 1024w\" sizes=\"auto, (max-width: 1200px) 100vw, 1200px\" \/><\/a><\/p>\n<p>Nachdem Sie die Bucht hinter sich gelassen haben, treffen Sie auf Steilk\u00fcsten mit Pinien- und Sadebaumw\u00e4ldern, die bis an die K\u00fcste reichen.<br \/>\nEn esta zona no hay fa\u0301cil acceso a tierra hasta llegar a Cala Recuita, donde se puede desembarcar entre las piedras. Poco despue\u0301s encontramos un arco formado por las rocas por el que podremos pasar teniendo extremo cuidado con las olas.<\/p>\n<p>In dieser Gegend ist der Zugang zum Land recht schwierig. Fahren Sie bis zur Bucht Cala Recuita, hier k\u00f6nnen Sie zwischen den Steinen anlegen. Kurz darauf sto\u00dfen Sie auf einen Bogen, der sich in einem Felsen befindet. Durch diesen k\u00f6nnen Sie hindurchfahren, doch achten Sie hier unbedingt auf die Wellen.<\/p>\n<p><a href=\"https:\/\/www.santjosep.net\/wp-content\/uploads\/2014\/01\/IMG_9295_escavallet.jpg\" rel=\"attachment wp-att-1740\"><img loading=\"lazy\" decoding=\"async\" class=\"alignnone size-full wp-image-1740\" src=\"https:\/\/www.santjosep.net\/wp-content\/uploads\/2014\/01\/IMG_9295_escavallet.jpg\" alt=\"IMG_9295_escavallet\" width=\"1000\" height=\"667\" srcset=\"https:\/\/www.santjosep.net\/wp-content\/uploads\/2014\/01\/IMG_9295_escavallet.jpg 1000w, https:\/\/www.santjosep.net\/wp-content\/uploads\/2014\/01\/IMG_9295_escavallet-300x200.jpg 300w\" sizes=\"auto, (max-width: 1000px) 100vw, 1000px\" \/><\/a><\/p>\n<p>Die Strecke f\u00fchrt Sie dann weiter zum alten Hafen Escollera, der f\u00fcr die Salzverladung genutzt wurde. Gleich danach sehen Sie den weitl\u00e4ufigen, bezaubernden Strand von Es Cavallet mit seinen vielen Dienstleistungen. Das Anlegen am Strand kann hier recht schwierig sein, da sich im Wasser Felsen befinden, auf die man unbedingt achten sollte.<\/p>\n<p><a href=\"https:\/\/www.santjosep.net\/wp-content\/uploads\/2013\/11\/torresesportes.jpg\" rel=\"attachment wp-att-919\"><img loading=\"lazy\" decoding=\"async\" class=\"alignnone size-full wp-image-919\" src=\"https:\/\/www.santjosep.net\/wp-content\/uploads\/2013\/11\/torresesportes.jpg\" alt=\"torresesportes\" width=\"800\" height=\"533\" srcset=\"https:\/\/www.santjosep.net\/wp-content\/uploads\/2013\/11\/torresesportes.jpg 800w, https:\/\/www.santjosep.net\/wp-content\/uploads\/2013\/11\/torresesportes-300x199.jpg 300w\" sizes=\"auto, (max-width: 800px) 100vw, 800px\" \/><\/a><\/p>\n<p>Am Ende dieses Strandes beginnt ein felsiger Abschnitt, der Sie bis zur Landzunge von Sa Torre f\u00fchrt, von wo aus man einen Blick auf den alten Wehrturm Ses Torres hat. Hier er\u00f6ffnet sich Ihnen ein wundersch\u00f6nes Panorama auf die Felseninseln S\u2018Espardell und S\u2019Espalmador sowie auf Formentera.<\/p>\n<p>Gleich darauf werden Sie einige Fischerh\u00fctten vorfinden, hier k\u00f6nnen Sie dann mit Ihrem Kajak anlegen. Bei rauer See ist die Fahrt zwischen den Felseninseln kompliziert, weshalb Sie sehr vorsichtig paddeln sollten.<\/p>\n<p>Sobald Sie die Klippe hinter sich gelassen haben, werden Sie an verschiedenen Buchten mit feinem Sand entlangfahren, bis Sie dann zum Strand Ses Salines kommen. Dies ist einer der bekanntesten und im Sommer beliebtesten Str\u00e4nde der Insel. In der Sommersaison sollten Sie auf die vielen anderen Boote achten, die hier anlegen und auch Ausschau nach Wassersportlern halten.<\/p>\n<p>Am Ende dieses Strandes mit seinen vielen Dienstleistungen befindet sich ein Parkplatz und das Anlegen mit dem Kajak ist hier sehr einfach.<br \/>\n\ufffc<\/p>\n","protected":false},"excerpt":{"rendered":"<p>DAUER: 2,5 Stunden L\u00c4NGE: 5,4 Seemeilen SCHWIERIGKEITSGRAD: Leicht AUSGANGSPUNKT: Playa d\u2019en Bossa ANKUNFTSPUNKT: Sa Canal ANFAHRT: Von Sant Josep aus gelangen Sie zum Ausgangspunkt, indem Sie in Richtung Ibiza auf der Stra\u00dfe PM-803 fahren. Nehmen Sie die Ausfahrt zum Flughafen [&hellip;]<\/p>\n","protected":false},"author":1,"featured_media":5378,"parent":5316,"menu_order":0,"comment_status":"closed","ping_status":"closed","template":"page-actividad.php","meta":{"_acf_changed":false,"inline_featured_image":false,"footnotes":""},"categoria_pagina":[],"class_list":["post-5377","page","type-page","status-publish","has-post-thumbnail","hentry"],"acf":[],"yoast_head":"<!-- This site is optimized with the Yoast SEO plugin v25.7 - https:\/\/yoast.com\/wordpress\/plugins\/seo\/ -->\n<title>Kajak Route von Playa d&#039;en Bossa auf Sa Canal (Ses Salines - Ibiza) - Santjosep.net<\/title>\n<meta name=\"robots\" content=\"index, follow, max-snippet:-1, max-image-preview:large, max-video-preview:-1\" \/>\n<link rel=\"canonical\" href=\"https:\/\/www.santjosep.net\/de\/aktiver-tourismus\/kajak-sant-josep-ibiza\/ruta-desde-playa-den-bossa-a-sa-canal-ses-salines\/\" \/>\n<meta property=\"og:locale\" content=\"de_DE\" \/>\n<meta property=\"og:type\" content=\"article\" \/>\n<meta property=\"og:title\" content=\"Kajak Route von Playa d&#039;en Bossa auf Sa Canal (Ses Salines - Ibiza) - Santjosep.net\" \/>\n<meta property=\"og:description\" content=\"DAUER: 2,5 Stunden L\u00c4NGE: 5,4 Seemeilen SCHWIERIGKEITSGRAD: Leicht AUSGANGSPUNKT: Playa d\u2019en Bossa ANKUNFTSPUNKT: Sa Canal ANFAHRT: Von Sant Josep aus gelangen Sie zum Ausgangspunkt, indem Sie in Richtung Ibiza auf der Stra\u00dfe PM-803 fahren. Nehmen Sie die Ausfahrt zum Flughafen [&hellip;]\" \/>\n<meta property=\"og:url\" content=\"https:\/\/www.santjosep.net\/de\/aktiver-tourismus\/kajak-sant-josep-ibiza\/ruta-desde-playa-den-bossa-a-sa-canal-ses-salines\/\" \/>\n<meta property=\"og:site_name\" content=\"Santjosep.net\" \/>\n<meta property=\"article:modified_time\" content=\"2020-01-27T13:07:55+00:00\" \/>\n<meta property=\"og:image\" content=\"https:\/\/www.santjosep.net\/wp-content\/uploads\/2013\/11\/torresesportes.jpg\" \/>\n\t<meta property=\"og:image:width\" content=\"800\" \/>\n\t<meta property=\"og:image:height\" content=\"533\" \/>\n\t<meta property=\"og:image:type\" content=\"image\/jpeg\" \/>\n<meta name=\"twitter:card\" content=\"summary_large_image\" \/>\n<meta name=\"twitter:label1\" content=\"Gesch\u00e4tzte Lesezeit\" \/>\n\t<meta name=\"twitter:data1\" content=\"3\u00a0Minuten\" \/>\n<script type=\"application\/ld+json\" class=\"yoast-schema-graph\">{\"@context\":\"https:\/\/schema.org\",\"@graph\":[{\"@type\":\"WebPage\",\"@id\":\"https:\/\/www.santjosep.net\/de\/aktiver-tourismus\/kajak-sant-josep-ibiza\/ruta-desde-playa-den-bossa-a-sa-canal-ses-salines\/\",\"url\":\"https:\/\/www.santjosep.net\/de\/aktiver-tourismus\/kajak-sant-josep-ibiza\/ruta-desde-playa-den-bossa-a-sa-canal-ses-salines\/\",\"name\":\"Kajak Route von Playa d'en Bossa auf Sa Canal (Ses Salines - Ibiza) - Santjosep.net\",\"isPartOf\":{\"@id\":\"https:\/\/www.santjosep.net\/#website\"},\"primaryImageOfPage\":{\"@id\":\"https:\/\/www.santjosep.net\/de\/aktiver-tourismus\/kajak-sant-josep-ibiza\/ruta-desde-playa-den-bossa-a-sa-canal-ses-salines\/#primaryimage\"},\"image\":{\"@id\":\"https:\/\/www.santjosep.net\/de\/aktiver-tourismus\/kajak-sant-josep-ibiza\/ruta-desde-playa-den-bossa-a-sa-canal-ses-salines\/#primaryimage\"},\"thumbnailUrl\":\"https:\/\/www.santjosep.net\/wp-content\/uploads\/2013\/11\/torresesportes.jpg\",\"datePublished\":\"2016-02-22T16:34:57+00:00\",\"dateModified\":\"2020-01-27T13:07:55+00:00\",\"breadcrumb\":{\"@id\":\"https:\/\/www.santjosep.net\/de\/aktiver-tourismus\/kajak-sant-josep-ibiza\/ruta-desde-playa-den-bossa-a-sa-canal-ses-salines\/#breadcrumb\"},\"inLanguage\":\"de\",\"potentialAction\":[{\"@type\":\"ReadAction\",\"target\":[\"https:\/\/www.santjosep.net\/de\/aktiver-tourismus\/kajak-sant-josep-ibiza\/ruta-desde-playa-den-bossa-a-sa-canal-ses-salines\/\"]}]},{\"@type\":\"ImageObject\",\"inLanguage\":\"de\",\"@id\":\"https:\/\/www.santjosep.net\/de\/aktiver-tourismus\/kajak-sant-josep-ibiza\/ruta-desde-playa-den-bossa-a-sa-canal-ses-salines\/#primaryimage\",\"url\":\"https:\/\/www.santjosep.net\/wp-content\/uploads\/2013\/11\/torresesportes.jpg\",\"contentUrl\":\"https:\/\/www.santjosep.net\/wp-content\/uploads\/2013\/11\/torresesportes.jpg\",\"width\":800,\"height\":533},{\"@type\":\"BreadcrumbList\",\"@id\":\"https:\/\/www.santjosep.net\/de\/aktiver-tourismus\/kajak-sant-josep-ibiza\/ruta-desde-playa-den-bossa-a-sa-canal-ses-salines\/#breadcrumb\",\"itemListElement\":[{\"@type\":\"ListItem\",\"position\":1,\"name\":\"Aktiver Tourismus\",\"item\":\"https:\/\/www.santjosep.net\/de\/aktiver-tourismus\/\"},{\"@type\":\"ListItem\",\"position\":2,\"name\":\"Kajak\",\"item\":\"https:\/\/www.santjosep.net\/de\/aktiver-tourismus\/kajak-sant-josep-ibiza\/\"},{\"@type\":\"ListItem\",\"position\":3,\"name\":\"Kajak Route von Playa d&#8217;en Bossa auf Sa Canal (Ses Salines &#8211; Ibiza)\"}]},{\"@type\":\"WebSite\",\"@id\":\"https:\/\/www.santjosep.net\/#website\",\"url\":\"https:\/\/www.santjosep.net\/\",\"name\":\"Santjosep.net\",\"description\":\"\",\"potentialAction\":[{\"@type\":\"SearchAction\",\"target\":{\"@type\":\"EntryPoint\",\"urlTemplate\":\"https:\/\/www.santjosep.net\/?s={search_term_string}\"},\"query-input\":{\"@type\":\"PropertyValueSpecification\",\"valueRequired\":true,\"valueName\":\"search_term_string\"}}],\"inLanguage\":\"de\"}]}<\/script>\n<!-- \/ Yoast SEO plugin. -->","yoast_head_json":{"title":"Kajak Route von Playa d'en Bossa auf Sa Canal (Ses Salines - Ibiza) - Santjosep.net","robots":{"index":"index","follow":"follow","max-snippet":"max-snippet:-1","max-image-preview":"max-image-preview:large","max-video-preview":"max-video-preview:-1"},"canonical":"https:\/\/www.santjosep.net\/de\/aktiver-tourismus\/kajak-sant-josep-ibiza\/ruta-desde-playa-den-bossa-a-sa-canal-ses-salines\/","og_locale":"de_DE","og_type":"article","og_title":"Kajak Route von Playa d'en Bossa auf Sa Canal (Ses Salines - Ibiza) - Santjosep.net","og_description":"DAUER: 2,5 Stunden L\u00c4NGE: 5,4 Seemeilen SCHWIERIGKEITSGRAD: Leicht AUSGANGSPUNKT: Playa d\u2019en Bossa ANKUNFTSPUNKT: Sa Canal ANFAHRT: Von Sant Josep aus gelangen Sie zum Ausgangspunkt, indem Sie in Richtung Ibiza auf der Stra\u00dfe PM-803 fahren. Nehmen Sie die Ausfahrt zum Flughafen [&hellip;]","og_url":"https:\/\/www.santjosep.net\/de\/aktiver-tourismus\/kajak-sant-josep-ibiza\/ruta-desde-playa-den-bossa-a-sa-canal-ses-salines\/","og_site_name":"Santjosep.net","article_modified_time":"2020-01-27T13:07:55+00:00","og_image":[{"width":800,"height":533,"url":"https:\/\/www.santjosep.net\/wp-content\/uploads\/2013\/11\/torresesportes.jpg","type":"image\/jpeg"}],"twitter_card":"summary_large_image","twitter_misc":{"Gesch\u00e4tzte Lesezeit":"3\u00a0Minuten"},"schema":{"@context":"https:\/\/schema.org","@graph":[{"@type":"WebPage","@id":"https:\/\/www.santjosep.net\/de\/aktiver-tourismus\/kajak-sant-josep-ibiza\/ruta-desde-playa-den-bossa-a-sa-canal-ses-salines\/","url":"https:\/\/www.santjosep.net\/de\/aktiver-tourismus\/kajak-sant-josep-ibiza\/ruta-desde-playa-den-bossa-a-sa-canal-ses-salines\/","name":"Kajak Route von Playa d'en Bossa auf Sa Canal (Ses Salines - Ibiza) - Santjosep.net","isPartOf":{"@id":"https:\/\/www.santjosep.net\/#website"},"primaryImageOfPage":{"@id":"https:\/\/www.santjosep.net\/de\/aktiver-tourismus\/kajak-sant-josep-ibiza\/ruta-desde-playa-den-bossa-a-sa-canal-ses-salines\/#primaryimage"},"image":{"@id":"https:\/\/www.santjosep.net\/de\/aktiver-tourismus\/kajak-sant-josep-ibiza\/ruta-desde-playa-den-bossa-a-sa-canal-ses-salines\/#primaryimage"},"thumbnailUrl":"https:\/\/www.santjosep.net\/wp-content\/uploads\/2013\/11\/torresesportes.jpg","datePublished":"2016-02-22T16:34:57+00:00","dateModified":"2020-01-27T13:07:55+00:00","breadcrumb":{"@id":"https:\/\/www.santjosep.net\/de\/aktiver-tourismus\/kajak-sant-josep-ibiza\/ruta-desde-playa-den-bossa-a-sa-canal-ses-salines\/#breadcrumb"},"inLanguage":"de","potentialAction":[{"@type":"ReadAction","target":["https:\/\/www.santjosep.net\/de\/aktiver-tourismus\/kajak-sant-josep-ibiza\/ruta-desde-playa-den-bossa-a-sa-canal-ses-salines\/"]}]},{"@type":"ImageObject","inLanguage":"de","@id":"https:\/\/www.santjosep.net\/de\/aktiver-tourismus\/kajak-sant-josep-ibiza\/ruta-desde-playa-den-bossa-a-sa-canal-ses-salines\/#primaryimage","url":"https:\/\/www.santjosep.net\/wp-content\/uploads\/2013\/11\/torresesportes.jpg","contentUrl":"https:\/\/www.santjosep.net\/wp-content\/uploads\/2013\/11\/torresesportes.jpg","width":800,"height":533},{"@type":"BreadcrumbList","@id":"https:\/\/www.santjosep.net\/de\/aktiver-tourismus\/kajak-sant-josep-ibiza\/ruta-desde-playa-den-bossa-a-sa-canal-ses-salines\/#breadcrumb","itemListElement":[{"@type":"ListItem","position":1,"name":"Aktiver Tourismus","item":"https:\/\/www.santjosep.net\/de\/aktiver-tourismus\/"},{"@type":"ListItem","position":2,"name":"Kajak","item":"https:\/\/www.santjosep.net\/de\/aktiver-tourismus\/kajak-sant-josep-ibiza\/"},{"@type":"ListItem","position":3,"name":"Kajak Route von Playa d&#8217;en Bossa auf Sa Canal (Ses Salines &#8211; Ibiza)"}]},{"@type":"WebSite","@id":"https:\/\/www.santjosep.net\/#website","url":"https:\/\/www.santjosep.net\/","name":"Santjosep.net","description":"","potentialAction":[{"@type":"SearchAction","target":{"@type":"EntryPoint","urlTemplate":"https:\/\/www.santjosep.net\/?s={search_term_string}"},"query-input":{"@type":"PropertyValueSpecification","valueRequired":true,"valueName":"search_term_string"}}],"inLanguage":"de"}]}},"_links":{"self":[{"href":"https:\/\/www.santjosep.net\/de\/wp-json\/wp\/v2\/pages\/5377","targetHints":{"allow":["GET"]}}],"collection":[{"href":"https:\/\/www.santjosep.net\/de\/wp-json\/wp\/v2\/pages"}],"about":[{"href":"https:\/\/www.santjosep.net\/de\/wp-json\/wp\/v2\/types\/page"}],"author":[{"embeddable":true,"href":"https:\/\/www.santjosep.net\/de\/wp-json\/wp\/v2\/users\/1"}],"replies":[{"embeddable":true,"href":"https:\/\/www.santjosep.net\/de\/wp-json\/wp\/v2\/comments?post=5377"}],"version-history":[{"count":0,"href":"https:\/\/www.santjosep.net\/de\/wp-json\/wp\/v2\/pages\/5377\/revisions"}],"up":[{"embeddable":true,"href":"https:\/\/www.santjosep.net\/de\/wp-json\/wp\/v2\/pages\/5316"}],"wp:featuredmedia":[{"embeddable":true,"href":"https:\/\/www.santjosep.net\/de\/wp-json\/wp\/v2\/media\/5378"}],"wp:attachment":[{"href":"https:\/\/www.santjosep.net\/de\/wp-json\/wp\/v2\/media?parent=5377"}],"wp:term":[{"taxonomy":"categoria_pagina","embeddable":true,"href":"https:\/\/www.santjosep.net\/de\/wp-json\/wp\/v2\/categoria_pagina?post=5377"}],"curies":[{"name":"wp","href":"https:\/\/api.w.org\/{rel}","templated":true}]}}