{"id":5316,"date":"2016-02-22T16:30:40","date_gmt":"2016-02-22T16:30:40","guid":{"rendered":"https:\/\/www.santjosep.net\/de\/kayak-sant-josep-ibiza\/"},"modified":"2020-01-28T08:53:20","modified_gmt":"2020-01-28T07:53:20","slug":"kajak-sant-josep-ibiza","status":"publish","type":"page","link":"https:\/\/www.santjosep.net\/de\/aktiver-tourismus\/kajak-sant-josep-ibiza\/","title":{"rendered":"Kajak"},"content":{"rendered":"<div class=\"wpb-content-wrapper\"><p>[vc_row enable_hue_rotation=&#8220;no&#8220; enable_text_marquee=&#8220;no&#8220;][vc_column][vc_column_text]Eine andere hervorragende M\u00f6glichkeit, die K\u00fcste Sant Joseps n\u00e4her kennenzulernen, ist an Bord eines Kajaks mit dem Paddel in der Hand. Die K\u00fcste mit ihrer unber\u00fchrten Natur und abwechslungsreichen Landschaften auf dem Meer entlang zu paddeln, ist wahrlich ein Genuss.<\/p>\n<p>In diesem Guide pr\u00e4sentieren wir acht verschiedene Kajakstrecken von drei bis sechs Seemeilen L\u00e4nge, die fast die gesamte K\u00fcste von Sant Josep de Sa Talaia abdecken. Auf diesen Strecken werden Sie sich an unseren K\u00fcsten, Str\u00e4nden und Buchten besonders erfreuen k\u00f6nnen. Bei der Erstellung der Routen haben wir gute Wetterbedingungen, Pausen zur St\u00e4rkung und Kraftsch\u00f6pfen oder zum Entdecken der K\u00fcste ber\u00fccksichtigt. Aus diesem Grund handelt es sich bei der Streckenl\u00e4nge und der Dauer nur um ungef\u00e4hre Angaben und wir sind von einer Durchschnittsgeschwindigkeit von 2 Knoten bzw. 2 Seemeilen pro Stunde ausgegangen.<\/p>\n<p>Der Seekajaksport ist zu einer wunderbar einfachen Sportart geworden, die zudem im Einklang mit der Natur und der Umwelt betrieben werden kann. Das milde Klima an unserer K\u00fcste erm\u00f6glicht diesen Wassersport das ganze Jahr \u00fcber, er ist erschwinglich, einfach, spannend und macht Gro\u00df und Klein Spa\u00df. Vor allem, weil unsere K\u00fcste nach Westen blickt, lohnt es sich, einen der traumhaften Sonnenunterg\u00e4nge vom Meer aus anzuschauen. Neben denjenigen, die ihren Urlaub bei uns verbringen, laden wir auch die Einwohner von Sant Josep ein, die unvergleichlich sch\u00f6nen Landschaften zu entdecken.[\/vc_column_text][\/vc_column][\/vc_row][vc_row enable_hue_rotation=&#8220;no&#8220; enable_text_marquee=&#8220;no&#8220; el_class=&#8220;partfullgrid&#8220;][vc_column][vc_basic_grid post_type=&#8220;custom&#8220; item=&#8220;20141&#8243; grid_id=&#8220;vc_gid:1579714217874-f9e4f9d7-38dd-3&#8243; custom_query=&#8220;post_type=page&amp;post_parent=5316&amp;orderby=rand&amp;posts_per_page=-1&#8243;][\/vc_column][\/vc_row]<\/p>\n<\/div>","protected":false},"excerpt":{"rendered":"<p>[vc_row enable_hue_rotation=&#8220;no&#8220; enable_text_marquee=&#8220;no&#8220;][vc_column][vc_column_text]Eine andere hervorragende M\u00f6glichkeit, die K\u00fcste Sant Joseps n\u00e4her kennenzulernen, ist an Bord eines Kajaks mit dem Paddel in der Hand. Die K\u00fcste mit ihrer unber\u00fchrten Natur und abwechslungsreichen Landschaften auf dem Meer entlang zu paddeln, ist wahrlich [&hellip;]<\/p>\n","protected":false},"author":1,"featured_media":33527,"parent":6153,"menu_order":0,"comment_status":"closed","ping_status":"closed","template":"page-actividad.php","meta":{"_acf_changed":false,"inline_featured_image":false,"footnotes":""},"categoria_pagina":[],"class_list":["post-5316","page","type-page","status-publish","has-post-thumbnail","hentry"],"acf":[],"yoast_head":"<!-- This site is optimized with the Yoast SEO plugin v25.7 - https:\/\/yoast.com\/wordpress\/plugins\/seo\/ -->\n<title>Kayak in Sant Josep<\/title>\n<meta name=\"description\" content=\"\u00dcben Sie Kajak an der K\u00fcste von Sant Josep (Ibiza).\" \/>\n<meta name=\"robots\" content=\"index, follow, max-snippet:-1, max-image-preview:large, max-video-preview:-1\" \/>\n<link rel=\"canonical\" href=\"https:\/\/www.santjosep.net\/de\/aktiver-tourismus\/kajak-sant-josep-ibiza\/\" \/>\n<meta property=\"og:locale\" content=\"de_DE\" \/>\n<meta property=\"og:type\" content=\"article\" \/>\n<meta property=\"og:title\" content=\"Kayak in Sant Josep\" \/>\n<meta property=\"og:description\" content=\"\u00dcben Sie Kajak an der K\u00fcste von Sant Josep (Ibiza).\" \/>\n<meta property=\"og:url\" content=\"https:\/\/www.santjosep.net\/de\/aktiver-tourismus\/kajak-sant-josep-ibiza\/\" \/>\n<meta property=\"og:site_name\" content=\"Santjosep.net\" \/>\n<meta property=\"article:modified_time\" content=\"2020-01-28T07:53:20+00:00\" \/>\n<meta property=\"og:image\" content=\"https:\/\/www.santjosep.net\/wp-content\/uploads\/2022\/11\/shutterstock_2203582297.jpg\" \/>\n\t<meta property=\"og:image:width\" content=\"1900\" \/>\n\t<meta property=\"og:image:height\" content=\"1268\" \/>\n\t<meta property=\"og:image:type\" content=\"image\/jpeg\" \/>\n<meta name=\"twitter:card\" content=\"summary_large_image\" \/>\n<meta name=\"twitter:label1\" content=\"Gesch\u00e4tzte Lesezeit\" \/>\n\t<meta name=\"twitter:data1\" content=\"2\u00a0Minuten\" \/>\n<script type=\"application\/ld+json\" class=\"yoast-schema-graph\">{\"@context\":\"https:\/\/schema.org\",\"@graph\":[{\"@type\":\"WebPage\",\"@id\":\"https:\/\/www.santjosep.net\/de\/aktiver-tourismus\/kajak-sant-josep-ibiza\/\",\"url\":\"https:\/\/www.santjosep.net\/de\/aktiver-tourismus\/kajak-sant-josep-ibiza\/\",\"name\":\"Kayak in Sant Josep\",\"isPartOf\":{\"@id\":\"https:\/\/www.santjosep.net\/#website\"},\"primaryImageOfPage\":{\"@id\":\"https:\/\/www.santjosep.net\/de\/aktiver-tourismus\/kajak-sant-josep-ibiza\/#primaryimage\"},\"image\":{\"@id\":\"https:\/\/www.santjosep.net\/de\/aktiver-tourismus\/kajak-sant-josep-ibiza\/#primaryimage\"},\"thumbnailUrl\":\"https:\/\/www.santjosep.net\/wp-content\/uploads\/2022\/11\/shutterstock_2203582297.jpg\",\"datePublished\":\"2016-02-22T16:30:40+00:00\",\"dateModified\":\"2020-01-28T07:53:20+00:00\",\"description\":\"\u00dcben Sie Kajak an der K\u00fcste von Sant Josep (Ibiza).\",\"breadcrumb\":{\"@id\":\"https:\/\/www.santjosep.net\/de\/aktiver-tourismus\/kajak-sant-josep-ibiza\/#breadcrumb\"},\"inLanguage\":\"de\",\"potentialAction\":[{\"@type\":\"ReadAction\",\"target\":[\"https:\/\/www.santjosep.net\/de\/aktiver-tourismus\/kajak-sant-josep-ibiza\/\"]}]},{\"@type\":\"ImageObject\",\"inLanguage\":\"de\",\"@id\":\"https:\/\/www.santjosep.net\/de\/aktiver-tourismus\/kajak-sant-josep-ibiza\/#primaryimage\",\"url\":\"https:\/\/www.santjosep.net\/wp-content\/uploads\/2022\/11\/shutterstock_2203582297.jpg\",\"contentUrl\":\"https:\/\/www.santjosep.net\/wp-content\/uploads\/2022\/11\/shutterstock_2203582297.jpg\",\"width\":1900,\"height\":1268},{\"@type\":\"BreadcrumbList\",\"@id\":\"https:\/\/www.santjosep.net\/de\/aktiver-tourismus\/kajak-sant-josep-ibiza\/#breadcrumb\",\"itemListElement\":[{\"@type\":\"ListItem\",\"position\":1,\"name\":\"Aktiver Tourismus\",\"item\":\"https:\/\/www.santjosep.net\/de\/aktiver-tourismus\/\"},{\"@type\":\"ListItem\",\"position\":2,\"name\":\"Kajak\"}]},{\"@type\":\"WebSite\",\"@id\":\"https:\/\/www.santjosep.net\/#website\",\"url\":\"https:\/\/www.santjosep.net\/\",\"name\":\"Santjosep.net\",\"description\":\"\",\"potentialAction\":[{\"@type\":\"SearchAction\",\"target\":{\"@type\":\"EntryPoint\",\"urlTemplate\":\"https:\/\/www.santjosep.net\/?s={search_term_string}\"},\"query-input\":{\"@type\":\"PropertyValueSpecification\",\"valueRequired\":true,\"valueName\":\"search_term_string\"}}],\"inLanguage\":\"de\"}]}<\/script>\n<!-- \/ Yoast SEO plugin. -->","yoast_head_json":{"title":"Kayak in Sant Josep","description":"\u00dcben Sie Kajak an der K\u00fcste von Sant Josep (Ibiza).","robots":{"index":"index","follow":"follow","max-snippet":"max-snippet:-1","max-image-preview":"max-image-preview:large","max-video-preview":"max-video-preview:-1"},"canonical":"https:\/\/www.santjosep.net\/de\/aktiver-tourismus\/kajak-sant-josep-ibiza\/","og_locale":"de_DE","og_type":"article","og_title":"Kayak in Sant Josep","og_description":"\u00dcben Sie Kajak an der K\u00fcste von Sant Josep (Ibiza).","og_url":"https:\/\/www.santjosep.net\/de\/aktiver-tourismus\/kajak-sant-josep-ibiza\/","og_site_name":"Santjosep.net","article_modified_time":"2020-01-28T07:53:20+00:00","og_image":[{"width":1900,"height":1268,"url":"https:\/\/www.santjosep.net\/wp-content\/uploads\/2022\/11\/shutterstock_2203582297.jpg","type":"image\/jpeg"}],"twitter_card":"summary_large_image","twitter_misc":{"Gesch\u00e4tzte Lesezeit":"2\u00a0Minuten"},"schema":{"@context":"https:\/\/schema.org","@graph":[{"@type":"WebPage","@id":"https:\/\/www.santjosep.net\/de\/aktiver-tourismus\/kajak-sant-josep-ibiza\/","url":"https:\/\/www.santjosep.net\/de\/aktiver-tourismus\/kajak-sant-josep-ibiza\/","name":"Kayak in Sant Josep","isPartOf":{"@id":"https:\/\/www.santjosep.net\/#website"},"primaryImageOfPage":{"@id":"https:\/\/www.santjosep.net\/de\/aktiver-tourismus\/kajak-sant-josep-ibiza\/#primaryimage"},"image":{"@id":"https:\/\/www.santjosep.net\/de\/aktiver-tourismus\/kajak-sant-josep-ibiza\/#primaryimage"},"thumbnailUrl":"https:\/\/www.santjosep.net\/wp-content\/uploads\/2022\/11\/shutterstock_2203582297.jpg","datePublished":"2016-02-22T16:30:40+00:00","dateModified":"2020-01-28T07:53:20+00:00","description":"\u00dcben Sie Kajak an der K\u00fcste von Sant Josep (Ibiza).","breadcrumb":{"@id":"https:\/\/www.santjosep.net\/de\/aktiver-tourismus\/kajak-sant-josep-ibiza\/#breadcrumb"},"inLanguage":"de","potentialAction":[{"@type":"ReadAction","target":["https:\/\/www.santjosep.net\/de\/aktiver-tourismus\/kajak-sant-josep-ibiza\/"]}]},{"@type":"ImageObject","inLanguage":"de","@id":"https:\/\/www.santjosep.net\/de\/aktiver-tourismus\/kajak-sant-josep-ibiza\/#primaryimage","url":"https:\/\/www.santjosep.net\/wp-content\/uploads\/2022\/11\/shutterstock_2203582297.jpg","contentUrl":"https:\/\/www.santjosep.net\/wp-content\/uploads\/2022\/11\/shutterstock_2203582297.jpg","width":1900,"height":1268},{"@type":"BreadcrumbList","@id":"https:\/\/www.santjosep.net\/de\/aktiver-tourismus\/kajak-sant-josep-ibiza\/#breadcrumb","itemListElement":[{"@type":"ListItem","position":1,"name":"Aktiver Tourismus","item":"https:\/\/www.santjosep.net\/de\/aktiver-tourismus\/"},{"@type":"ListItem","position":2,"name":"Kajak"}]},{"@type":"WebSite","@id":"https:\/\/www.santjosep.net\/#website","url":"https:\/\/www.santjosep.net\/","name":"Santjosep.net","description":"","potentialAction":[{"@type":"SearchAction","target":{"@type":"EntryPoint","urlTemplate":"https:\/\/www.santjosep.net\/?s={search_term_string}"},"query-input":{"@type":"PropertyValueSpecification","valueRequired":true,"valueName":"search_term_string"}}],"inLanguage":"de"}]}},"_links":{"self":[{"href":"https:\/\/www.santjosep.net\/de\/wp-json\/wp\/v2\/pages\/5316","targetHints":{"allow":["GET"]}}],"collection":[{"href":"https:\/\/www.santjosep.net\/de\/wp-json\/wp\/v2\/pages"}],"about":[{"href":"https:\/\/www.santjosep.net\/de\/wp-json\/wp\/v2\/types\/page"}],"author":[{"embeddable":true,"href":"https:\/\/www.santjosep.net\/de\/wp-json\/wp\/v2\/users\/1"}],"replies":[{"embeddable":true,"href":"https:\/\/www.santjosep.net\/de\/wp-json\/wp\/v2\/comments?post=5316"}],"version-history":[{"count":0,"href":"https:\/\/www.santjosep.net\/de\/wp-json\/wp\/v2\/pages\/5316\/revisions"}],"up":[{"embeddable":true,"href":"https:\/\/www.santjosep.net\/de\/wp-json\/wp\/v2\/pages\/6153"}],"wp:featuredmedia":[{"embeddable":true,"href":"https:\/\/www.santjosep.net\/de\/wp-json\/wp\/v2\/media\/33527"}],"wp:attachment":[{"href":"https:\/\/www.santjosep.net\/de\/wp-json\/wp\/v2\/media?parent=5316"}],"wp:term":[{"taxonomy":"categoria_pagina","embeddable":true,"href":"https:\/\/www.santjosep.net\/de\/wp-json\/wp\/v2\/categoria_pagina?post=5316"}],"curies":[{"name":"wp","href":"https:\/\/api.w.org\/{rel}","templated":true}]}}