{"id":36703,"date":"2025-03-21T12:38:26","date_gmt":"2025-03-21T11:38:26","guid":{"rendered":"https:\/\/www.santjosep.net\/restaurantes\/"},"modified":"2025-08-12T09:02:15","modified_gmt":"2025-08-12T07:02:15","slug":"gastronomie","status":"publish","type":"page","link":"https:\/\/www.santjosep.net\/de\/gastronomie\/","title":{"rendered":"Gastronomie"},"content":{"rendered":"<div class=\"wpb-content-wrapper\"><p>[vc_row enable_hue_rotation=&#8220;no&#8220; enable_text_marquee=&#8220;no&#8220; css=&#8220;.vc_custom_1742804623479{padding-top: 50px !important;}&#8220;][vc_column][vc_custom_heading text=&#8220;Sabors d&#8217;Eivissa in Sant Josep&#8220; use_theme_fonts=&#8220;yes&#8220;][\/vc_column][\/vc_row][vc_row enable_hue_rotation=&#8220;no&#8220; enable_text_marquee=&#8220;no&#8220;][vc_column width=&#8220;2\/3&#8243;][vc_column_text]<strong><a href=\"https:\/\/www.saborsdeivissa.es\/\">Sabors d&#8217;Eivissa<\/a><\/strong> ist eine Initiative des Abteilungen f\u00fcr Landwirtschaft und Tourismusf\u00f6rderung des Consell Insular d&#8217;Eivissa in Zusammenarbeit mit Unternehmen zur Verarbeitung landwirtschaftlicher Produkte der Vereinigung Kleiner und Mittelst\u00e4ndischer Unternehmen auf Ibiza und Formentera (PIMEEF). Das Hauptziel ist die F\u00f6rderung und Auszeichnung landwirtschaftlicher Produkte und Produkte aus der traditionellen Fischerei auf der Insel, um die ibizenkische Gastronomie als ein touristisch attraktives Produkt zu promoten. \u200b<\/p>\n<p>Die Initiative wurde 2012 ins Leben gerufen und ein Label kreiert, um Restaurants auszuzeichnen, die lokale Produkte verwenden.<\/p>\n<p><strong>Sabors d&#8217;Eivissa<\/strong>hat einen F\u00fchrer \u00fcber die dem G\u00fctezeichen angeschlossenen Restaurants ver\u00f6ffentlicht, die auf saisonale Produkte setzen und mediterrane Lebensart auf den Teller bringen. Acht dieser Restaurants befinden sich in der Gemeinde Sant Josep de sa Talaia.<br \/>\n[\/vc_column_text][\/vc_column][vc_column width=&#8220;1\/3&#8243;][vc_single_image image=&#8220;36657&#8243; img_size=&#8220;full&#8220;][\/vc_column][\/vc_row][vc_row equal_height=&#8220;yes&#8220; enable_hue_rotation=&#8220;no&#8220; enable_text_marquee=&#8220;no&#8220; el_class=&#8220;filarestaurantes&#8220;][vc_column offset=&#8220;vc_col-md-4&#8243;][vc_single_image image=&#8220;36567&#8243; img_size=&#8220;full&#8220;][vc_row_inner][vc_column_inner][vc_column_text]<\/p>\n<h3>Balneari<\/h3>\n<p>[\/vc_column_text][vc_column_text css=&#8220;.vc_custom_1747030163766{margin-bottom: 10px !important;}&#8220;]El Balneario befindet sich in privilegierter Lage direkt am Strand und hat sich einen Namen unter den Fischrestaurants im S\u00fcden der Insel gemacht. Der Empfang ist herzlich und professionell und auf der Speisekarte finden sich vor allem frischer Fisch und ibizenkische Zutaten. Das Restaurant ist der ideale Ort, um die Ruhe der Bucht Cala Carb\u00f3 zu genie\u00dfen. Zu den Spezialit\u00e4ten des Hauses geh\u00f6ren Fisch aus dem Ofen, der auf dem Grill fertiggegart wird. Tlf.\u00a0 971 808 251[\/vc_column_text]    <span class=\"edgtf-icon-shortcode edgtf-normal   \"  >\n                    <a itemprop=\"url\" class=\"\" href=\"https:\/\/www.instagram.com\/restaurantecalacarbo\/\" target=\"_blank\">\n                    <i class=\"edgtf-icon-font-awesome fa fa-instagram edgtf-icon-element\" style=\"font-size:25px\" ><\/i>                    <\/a>\n            <\/span>\n    <span class=\"edgtf-icon-shortcode edgtf-normal   \"  >\n                    <a itemprop=\"url\" class=\"\" href=\"https:\/\/www.facebook.com\/restaurantecalacarbo\/?locale=es_ES\" target=\"_blank\">\n                    <i class=\"edgtf-icon-font-awesome fa fa-facebook edgtf-icon-element\" style=\"font-size:25px\" ><\/i>                    <\/a>\n            <\/span>\n[vc_column_text el_class=&#8220;cllegar&#8220;]<a href=\"https:\/\/www.google.es\/maps\/search\/cala+carb%C3%B3+restaurante\/@38.8948879,1.2163247,17z\/data=!3m1!4b1?hl=es\">Wie kommt man dorthin? <\/a>[\/vc_column_text][\/vc_column_inner][\/vc_row_inner][\/vc_column][vc_column offset=&#8220;vc_col-md-4&#8243;][vc_single_image image=&#8220;36613&#8243; img_size=&#8220;full&#8220;][vc_row_inner][vc_column_inner][vc_column_text]<\/p>\n<h3>Can Berri Vell<\/h3>\n<p>[\/vc_column_text][vc_column_text css=&#8220;.vc_custom_1747030176395{margin-bottom: 10px !important;}&#8220;]<strong>Sant Agust\u00ed.<\/strong> Im Can Berri Vell zu Abend zu essen ist ein einzigartiges Erlebnis, das die Atmosph\u00e4re einer ibizenkischen Finca aus dem 17. Jahrhundert mit dem Charme des Dorfes Sant Agust\u00ed kombiniert. Die ehemaligen Zimmer wurden zu gem\u00fctlichen Speiser\u00e4umen unter Bewahrung ihres authentischen Charakters umgestaltet. In der K\u00fcche werden elegante Kreationen zubereitet und es wird viel Wert darauf gelegt, die urspr\u00fcnglichen Aromen der lokalen Produkte zu bewahren. Tlf. 971 344 321[\/vc_column_text]    <span class=\"edgtf-icon-shortcode edgtf-normal   \"  >\n                    <a itemprop=\"url\" class=\"\" href=\"https:\/\/www.instagram.com\/canberrivell\/\" target=\"_blank\">\n                    <i class=\"edgtf-icon-font-awesome fa fa-instagram edgtf-icon-element\" style=\"font-size:25px\" ><\/i>                    <\/a>\n            <\/span>\n    <span class=\"edgtf-icon-shortcode edgtf-normal   \"  >\n                    <a itemprop=\"url\" class=\"\" href=\"https:\/\/www.facebook.com\/RestauranteCanBerriVell\" target=\"_blank\">\n                    <i class=\"edgtf-icon-font-awesome fa fa-facebook edgtf-icon-element\" style=\"font-size:25px\" ><\/i>                    <\/a>\n            <\/span>\n    <span class=\"edgtf-icon-shortcode edgtf-normal   \"  >\n                    <a itemprop=\"url\" class=\"\" href=\"https:\/\/www.canberrivell.es\/\" target=\"_blank\">\n                    <i class=\"edgtf-icon-font-awesome fa fa-desktop edgtf-icon-element\" style=\"font-size:25px\" ><\/i>                    <\/a>\n            <\/span>\n[vc_column_text el_class=&#8220;cllegar&#8220;]<a href=\"https:\/\/www.google.es\/maps\/place\/Restaurante+Can+Berri+Vell\/@38.9412168,1.2917959,17z\/data=!3m1!4b1!4m5!3m4!1s0x1299498229f3ef4b:0xd768bfc7619b59c0!8m2!3d38.9412295!4d1.2939849?hl=es\">Wie kommt man dorthin? <\/a>[\/vc_column_text][\/vc_column_inner][\/vc_row_inner][\/vc_column][vc_column offset=&#8220;vc_col-md-4&#8243;][vc_single_image image=&#8220;36633&#8243; img_size=&#8220;full&#8220;][vc_row_inner][vc_column_inner][vc_column_text]<\/p>\n<h3>S&#8217;Espartar<\/h3>\n<p>[\/vc_column_text][vc_column_text css=&#8220;.vc_custom_1747030191503{margin-bottom: 10px !important;}&#8220;]<strong>Cala Tarida.<\/strong> Dieses Restaurant ist ber\u00fchmt f\u00fcr sein &#8218;bullit de peix&#8216; und ein Muss f\u00fcr Inselbewohner wie Besucher gleicherma\u00dfen. Es liegt an der Landstra\u00dfe von Sant Josep nach Cala Tarida, nur wenige Kilometer vom Meer entfernt. Von der Terrasse aus hat man einen spektakul\u00e4ren Blick auf den Sonnenuntergang und das Eiland s\u2019Espartar. Durch seine Beliebtheit ist es mit den Jahren gewachsen und hat sich einen Namen unter den ibizenkischen Fischrestaurants gemacht. Tlf. 971 800 293[\/vc_column_text]    <span class=\"edgtf-icon-shortcode edgtf-normal   \"  >\n                    <a itemprop=\"url\" class=\"\" href=\"https:\/\/www.instagram.com\/sespartar\/\" target=\"_blank\">\n                    <i class=\"edgtf-icon-font-awesome fa fa-instagram edgtf-icon-element\" style=\"font-size:25px\" ><\/i>                    <\/a>\n            <\/span>\n    <span class=\"edgtf-icon-shortcode edgtf-normal   \"  >\n                    <a itemprop=\"url\" class=\"\" href=\"https:\/\/restaurantsespartar.com\/\" target=\"_blank\">\n                    <i class=\"edgtf-icon-font-awesome fa fa-desktop edgtf-icon-element\" style=\"font-size:25px\" ><\/i>                    <\/a>\n            <\/span>\n[vc_column_text el_class=&#8220;cllegar&#8220;]<a href=\"https:\/\/www.google.es\/maps\/place\/S%E2%80%99Espartar\/@38.9318203,1.256358,17z\/data=!3m1!4b1!4m5!3m4!1s0x12994bae4e4660ed:0x2b1c3be32ff6ac56!8m2!3d38.9317801!4d1.2585003?hl=es\">Wie kommt man dorthin? <\/a>[\/vc_column_text][\/vc_column_inner][\/vc_row_inner][\/vc_column][\/vc_row][vc_row equal_height=&#8220;yes&#8220; enable_hue_rotation=&#8220;no&#8220; enable_text_marquee=&#8220;no&#8220; el_class=&#8220;filarestaurantes&#8220;][vc_column offset=&#8220;vc_col-md-4&#8243;][vc_single_image image=&#8220;36628&#8243; img_size=&#8220;full&#8220;][vc_row_inner][vc_column_inner][vc_column_text]<\/p>\n<h3>Sa Caleta<\/h3>\n<p>[\/vc_column_text][vc_column_text css=&#8220;.vc_custom_1747030205350{margin-bottom: 10px !important;}&#8220;]<strong>Es Bol Nou.<\/strong> Seit 1988 setzt dieses Restaurant mit seinen traditionellen Fischgerichten Ma\u00dfst\u00e4be. Es liegt direkt am Strand Es Bol Nou, dem perfekten Ort, um authentische Gerichte zu genie\u00dfen, die mit Liebe, erstklassigen Meereszutaten und der ganzen Bandbreite an mediterranen Aromen zubereitet werden. Zu den hauseigenen Spezialit\u00e4ten geh\u00f6ren &#8218;bullit de peix&#8216;, die Paellas und der Hummereintopf, nicht zu vergessen die beliebte Kaffeespezialit\u00e4t \u201ecaf\u00e9 Caleta\u201c. Tlf. 971 187 095[\/vc_column_text]    <span class=\"edgtf-icon-shortcode edgtf-normal   \"  >\n                    <a itemprop=\"url\" class=\"\" href=\"https:\/\/www.instagram.com\/sacaletarestaurant\/\" target=\"_blank\">\n                    <i class=\"edgtf-icon-font-awesome fa fa-instagram edgtf-icon-element\" style=\"font-size:25px\" ><\/i>                    <\/a>\n            <\/span>\n    <span class=\"edgtf-icon-shortcode edgtf-normal   \"  >\n                    <a itemprop=\"url\" class=\"\" href=\"https:\/\/www.facebook.com\/sacaleta\" target=\"_blank\">\n                    <i class=\"edgtf-icon-font-awesome fa fa-facebook edgtf-icon-element\" style=\"font-size:25px\" ><\/i>                    <\/a>\n            <\/span>\n    <span class=\"edgtf-icon-shortcode edgtf-normal   \"  >\n                    <a itemprop=\"url\" class=\"\" href=\"https:\/\/sacaleta.es\/\" target=\"_blank\">\n                    <i class=\"edgtf-icon-font-awesome fa fa-desktop edgtf-icon-element\" style=\"font-size:25px\" ><\/i>                    <\/a>\n            <\/span>\n[vc_column_text el_class=&#8220;cllegar&#8220;]<a href=\"https:\/\/www.google.es\/maps\/place\/Restaurant+Sa+Caleta\/@38.868626,1.329706,17z\/data=!3m1!4b1!4m5!3m4!1s0x12994f1c70199615:0xaa7bc5e4b0038e28!8m2!3d38.8685553!4d1.3318702?hl=es\">Wie kommt man dorthin? <\/a>[\/vc_column_text][\/vc_column_inner][\/vc_row_inner][\/vc_column][vc_column offset=&#8220;vc_col-md-4&#8243;][vc_single_image image=&#8220;36643&#8243; img_size=&#8220;full&#8220;][vc_row_inner][vc_column_inner][vc_column_text]<\/p>\n<h3>Taste of Salia<\/h3>\n<p>[\/vc_column_text][vc_column_text css=&#8220;.vc_custom_1747030223003{margin-bottom: 10px !important;}&#8220;]<strong>Cala de Bou.<\/strong> Das Taste of Salia liegt im gleichnamigen Hotelkomplex Can Salia in Cala de Bou und bietet ein gastronomisches Erlebnis, das gesund und raffiniert zugleich ist. Die mediterrane K\u00fcche verwendet saisonale, lokale Produkte mit urspr\u00fcngliche Aromen von den Balearen, die zu frischen, kreativen Gerichten verarbeitet werden. Ein eleganter, moderner Ort, an dem man das kulinarische Wesen Ibizas \u00fcber den Gaumen genie\u00dfen kann. Tlf. 971 344 390[\/vc_column_text]    <span class=\"edgtf-icon-shortcode edgtf-normal   \"  >\n                    <a itemprop=\"url\" class=\"\" href=\"https:\/\/www.instagram.com\/tasteofsalia\/\" target=\"_blank\">\n                    <i class=\"edgtf-icon-font-awesome fa fa-instagram edgtf-icon-element\" style=\"font-size:25px\" ><\/i>                    <\/a>\n            <\/span>\n    <span class=\"edgtf-icon-shortcode edgtf-normal   \"  >\n                    <a itemprop=\"url\" class=\"\" href=\"https:\/\/www.facebook.com\/profile.php?id=61558034191654\" target=\"_blank\">\n                    <i class=\"edgtf-icon-font-awesome fa fa-facebook edgtf-icon-element\" style=\"font-size:25px\" ><\/i>                    <\/a>\n            <\/span>\n    <span class=\"edgtf-icon-shortcode edgtf-normal   \"  >\n                    <a itemprop=\"url\" class=\"\" href=\"https:\/\/www.intercorpgrp.com\/hoteles\/ibiza\/can-salia\/servicios\/taste-of-salia\" target=\"_blank\">\n                    <i class=\"edgtf-icon-font-awesome fa fa-desktop edgtf-icon-element\" style=\"font-size:25px\" ><\/i>                    <\/a>\n            <\/span>\n[vc_column_text el_class=&#8220;cllegar&#8220;]<a href=\"https:\/\/www.google.com\/maps\/place\/Taste+of+Salia\/@38.9703712,1.2750799,16z\/data=!3m1!4b1!4m6!3m5!1s0x12994ba1de2c974b:0x9b341af856826021!8m2!3d38.9703671!4d1.2776548!16s%2Fg%2F11q2xy2pgz?entry=ttu\">Wie kommt man dorthin? <\/a>[\/vc_column_text][\/vc_column_inner][\/vc_row_inner][\/vc_column][vc_column offset=&#8220;vc_col-md-4&#8243;][vc_single_image image=&#8220;36608&#8243; img_size=&#8220;full&#8220;][vc_row_inner][vc_column_inner][vc_column_text]<\/p>\n<h3>Ca Na Sof\u00eda<\/h3>\n<p>[\/vc_column_text][vc_column_text css=&#8220;.vc_custom_1747030233511{margin-bottom: 10px !important;}&#8220;]<strong>Cala Vedella.<\/strong> Dieses Restaurant liegt am Strand der h\u00fcbschen Bucht Cala Vedella und kombiniert das Beste der mediterranen K\u00fcche mit innovativen Tendenzen. Das gastronomische Angebot umfasst Reisgerichte und frischen Fisch von der Insel, versehen mit einem kreativen Touch des K\u00fcchenchefs. Die Fusion der Aromen macht dieses Restaurant besonders, wobei die kulinarischen Wurzeln Ibizas nicht vergessen werden. Ein Ort, an dem sich Tradition und Avantgarde verbinden. Tlf. 971 808 273[\/vc_column_text]    <span class=\"edgtf-icon-shortcode edgtf-normal   \"  >\n                    <a itemprop=\"url\" class=\"\" href=\"https:\/\/www.instagram.com\/restaurantecanasofia\/\" target=\"_blank\">\n                    <i class=\"edgtf-icon-font-awesome fa fa-instagram edgtf-icon-element\" style=\"font-size:25px\" ><\/i>                    <\/a>\n            <\/span>\n    <span class=\"edgtf-icon-shortcode edgtf-normal   \"  >\n                    <a itemprop=\"url\" class=\"\" href=\"https:\/\/www.facebook.com\/RestauranteBeachBarCanaSofia?fref=ts\" target=\"_blank\">\n                    <i class=\"edgtf-icon-font-awesome fa fa-facebook edgtf-icon-element\" style=\"font-size:25px\" ><\/i>                    <\/a>\n            <\/span>\n    <span class=\"edgtf-icon-shortcode edgtf-normal   \"  >\n                    <a itemprop=\"url\" class=\"\" href=\"https:\/\/canasofia.com\/\" target=\"_blank\">\n                    <i class=\"edgtf-icon-font-awesome fa fa-desktop edgtf-icon-element\" style=\"font-size:25px\" ><\/i>                    <\/a>\n            <\/span>\n[vc_column_text el_class=&#8220;cllegar&#8220;]<a href=\"https:\/\/www.google.es\/maps\/place\/Restaurante+Beach+Cocktail-bar+Cana+Sofia\/@38.9132596,1.0927789,12z\/data=!4m10!1m2!2m1!1sca+na+sofia!3m6!1s0x12994b4693eb2127:0xc25c119986eebdd1!8m2!3d38.9132935!4d1.2245921!15sCgtjYSBuYSBzb2ZpYVoNIgtjYSBuYSBzb2ZpYZIBCnJlc3RhdXJhbnTgAQA!16s%2Fg%2F1td8vnd9?hl=es\">Wie kommt man dorthin? <\/a>[\/vc_column_text][\/vc_column_inner][\/vc_row_inner][\/vc_column][\/vc_row][vc_row equal_height=&#8220;yes&#8220; enable_hue_rotation=&#8220;no&#8220; enable_text_marquee=&#8220;no&#8220; el_class=&#8220;filarestaurantes&#8220;][vc_column offset=&#8220;vc_col-md-4&#8243;][vc_single_image image=&#8220;36623&#8243; img_size=&#8220;full&#8220;][vc_row_inner][vc_column_inner][vc_column_text]<\/p>\n<h3>Rascalobos<\/h3>\n<p>[\/vc_column_text][vc_column_text css=&#8220;.vc_custom_1747030244179{margin-bottom: 10px !important;}&#8220;]<strong>Sant Jordi<\/strong> Dieses gem\u00fctliche Restaurant im Herzen des Ortes Sant Jordi zeichnet sich durch seine Gartenterrasse aus, auf der es sich ganz entspannt genie\u00dfen l\u00e4sst. Die G\u00e4ste kommen haupts\u00e4chlich von der Insel und die Atmosph\u00e4re ist famili\u00e4r und vertraut. Auf der Speisekarte findet sich eine Auswahl an spanischen Tapas, verschiedene Snacks und vegetarische Gerichte mit Zutaten aus der n\u00e4heren Umgebung. Das gastronomische Angebot kombiniert das Wesen der ibizenkischen K\u00fcche mit einem innovativen Touch. Hierbei werden Tradition und neue Tendenzen verschmolzen, um die Qualit\u00e4t der Inselprodukte hervorzuheben. Tlf. 971 395 860[\/vc_column_text]    <span class=\"edgtf-icon-shortcode edgtf-normal   \"  >\n                    <a itemprop=\"url\" class=\"\" href=\"https:\/\/www.instagram.com\/rasca_lobos\/\" target=\"_blank\">\n                    <i class=\"edgtf-icon-font-awesome fa fa-instagram edgtf-icon-element\" style=\"font-size:25px\" ><\/i>                    <\/a>\n            <\/span>\n    <span class=\"edgtf-icon-shortcode edgtf-normal   \"  >\n                    <a itemprop=\"url\" class=\"\" href=\"https:\/\/www.facebook.com\/rascalobos\" target=\"_blank\">\n                    <i class=\"edgtf-icon-font-awesome fa fa-facebook edgtf-icon-element\" style=\"font-size:25px\" ><\/i>                    <\/a>\n            <\/span>\n[vc_column_text el_class=&#8220;cllegar&#8220;]<a href=\"https:\/\/www.google.es\/maps\/place\/Restaurante+Rasca+Lobos\/@38.8910145,1.3923514,17z\/data=!3m1!4b1!4m5!3m4!1s0x129945d9fc493479:0x90b8250ddbef2522!8m2!3d38.8910486!4d1.394507?hl=es\">Wie kommt man dorthin? <\/a>[\/vc_column_text][\/vc_column_inner][\/vc_row_inner][\/vc_column][vc_column offset=&#8220;vc_col-md-4&#8243;][vc_single_image image=&#8220;36638&#8243; img_size=&#8220;full&#8220;][vc_row_inner][vc_column_inner][vc_column_text]<\/p>\n<h3>UNIC<\/h3>\n<p>[\/vc_column_text][vc_column_text css=&#8220;.vc_custom_1747030256742{margin-bottom: 10px !important;}&#8220;]<strong>Platja d&#8217;en Bossa.<\/strong> Das Unic ist das erste Restaurant in Sant Josep, das einen Michelin-Stern erhalten hat. Die renommierte Auszeichnung w\u00fcrdigt sowohl das gastronomische Angebot als auch die innovativen R\u00e4umlichkeiten. Das Restaurant befindet sich im modernen Hotel Migjorn Ibiza am Strand Playa d\u2019en Bossa und sein elegantes Design bietet den einzigartigen Rahmen f\u00fcr ein au\u00dfergew\u00f6hnliches kulinarisches Erlebnis. K\u00fcchenchef ist David Grussaute, der zwei Degustationsmen\u00fcs anbietet, Unic und La Xanga, bei denen lokale Produkte ohne lange Lieferwege die Hauptrolle spielen. Tlf. 971 393 573[\/vc_column_text]    <span class=\"edgtf-icon-shortcode edgtf-normal   \"  >\n                    <a itemprop=\"url\" class=\"\" href=\"https:\/\/www.instagram.com\/unicrestaurant\/\" target=\"_blank\">\n                    <i class=\"edgtf-icon-font-awesome fa fa-instagram edgtf-icon-element\" style=\"font-size:25px\" ><\/i>                    <\/a>\n            <\/span>\n    <span class=\"edgtf-icon-shortcode edgtf-normal   \"  >\n                    <a itemprop=\"url\" class=\"\" href=\"https:\/\/www.facebook.com\/profile.php?id=100063471191910\" target=\"_blank\">\n                    <i class=\"edgtf-icon-font-awesome fa fa-facebook edgtf-icon-element\" style=\"font-size:25px\" ><\/i>                    <\/a>\n            <\/span>\n    <span class=\"edgtf-icon-shortcode edgtf-normal   \"  >\n                    <a itemprop=\"url\" class=\"\" href=\"https:\/\/www.unicrestaurantibiza.com\/\" target=\"_blank\">\n                    <i class=\"edgtf-icon-font-awesome fa fa-desktop edgtf-icon-element\" style=\"font-size:25px\" ><\/i>                    <\/a>\n            <\/span>\n[vc_column_text el_class=&#8220;cllegar&#8220;]<a href=\"https:\/\/www.google.es\/maps\/place\/Unic+Restaurant\/@38.8901581,1.4055653,17z\/data=!3m1!4b1!4m5!3m4!1s0x1299442c7b88dcb7:0xd0e7e7b3508b30b6!8m2!3d38.8901053!4d1.4077151?hl=es\">Wie kommt man dorthin? <\/a>[\/vc_column_text][\/vc_column_inner][\/vc_row_inner][\/vc_column][\/vc_row]<\/p>\n<\/div>","protected":false},"excerpt":{"rendered":"<p>[vc_row enable_hue_rotation=&#8220;no&#8220; enable_text_marquee=&#8220;no&#8220; css=&#8220;.vc_custom_1742804623479{padding-top: 50px !important;}&#8220;][vc_column][vc_custom_heading text=&#8220;Sabors d&#8217;Eivissa in Sant Josep&#8220; use_theme_fonts=&#8220;yes&#8220;][\/vc_column][\/vc_row][vc_row enable_hue_rotation=&#8220;no&#8220; enable_text_marquee=&#8220;no&#8220;][vc_column width=&#8220;2\/3&#8243;][vc_column_text]Sabors d&#8217;Eivissa ist eine Initiative des Abteilungen f\u00fcr Landwirtschaft und Tourismusf\u00f6rderung des Consell Insular d&#8217;Eivissa in Zusammenarbeit mit Unternehmen zur Verarbeitung landwirtschaftlicher Produkte der Vereinigung Kleiner [&hellip;]<\/p>\n","protected":false},"author":1,"featured_media":0,"parent":0,"menu_order":0,"comment_status":"closed","ping_status":"closed","template":"","meta":{"_acf_changed":false,"inline_featured_image":false,"footnotes":""},"categoria_pagina":[],"class_list":["post-36703","page","type-page","status-publish","hentry"],"acf":[],"yoast_head":"<!-- This site is optimized with the Yoast SEO plugin v25.7 - https:\/\/yoast.com\/wordpress\/plugins\/seo\/ -->\n<title>Gastronomie - Santjosep.net<\/title>\n<meta name=\"robots\" content=\"index, follow, max-snippet:-1, max-image-preview:large, max-video-preview:-1\" \/>\n<link rel=\"canonical\" href=\"https:\/\/www.santjosep.net\/de\/gastronomie\/\" \/>\n<meta property=\"og:locale\" content=\"de_DE\" \/>\n<meta property=\"og:type\" content=\"article\" \/>\n<meta property=\"og:title\" content=\"Gastronomie - Santjosep.net\" \/>\n<meta property=\"og:description\" content=\"[vc_row enable_hue_rotation=&#8220;no&#8220; enable_text_marquee=&#8220;no&#8220; css=&#8220;.vc_custom_1742804623479{padding-top: 50px !important;}&#8220;][vc_column][vc_custom_heading text=&#8220;Sabors d&#8217;Eivissa in Sant Josep&#8220; use_theme_fonts=&#8220;yes&#8220;][\/vc_column][\/vc_row][vc_row enable_hue_rotation=&#8220;no&#8220; enable_text_marquee=&#8220;no&#8220;][vc_column width=&#8220;2\/3&#8243;][vc_column_text]Sabors d&#8217;Eivissa ist eine Initiative des Abteilungen f\u00fcr Landwirtschaft und Tourismusf\u00f6rderung des Consell Insular d&#8217;Eivissa in Zusammenarbeit mit Unternehmen zur Verarbeitung landwirtschaftlicher Produkte der Vereinigung Kleiner [&hellip;]\" \/>\n<meta property=\"og:url\" content=\"https:\/\/www.santjosep.net\/de\/gastronomie\/\" \/>\n<meta property=\"og:site_name\" content=\"Santjosep.net\" \/>\n<meta property=\"article:modified_time\" content=\"2025-08-12T07:02:15+00:00\" \/>\n<meta name=\"twitter:card\" content=\"summary_large_image\" \/>\n<meta name=\"twitter:label1\" content=\"Gesch\u00e4tzte Lesezeit\" \/>\n\t<meta name=\"twitter:data1\" content=\"5\u00a0Minuten\" \/>\n<script type=\"application\/ld+json\" class=\"yoast-schema-graph\">{\"@context\":\"https:\/\/schema.org\",\"@graph\":[{\"@type\":\"WebPage\",\"@id\":\"https:\/\/www.santjosep.net\/de\/gastronomie\/\",\"url\":\"https:\/\/www.santjosep.net\/de\/gastronomie\/\",\"name\":\"Gastronomie - Santjosep.net\",\"isPartOf\":{\"@id\":\"https:\/\/www.santjosep.net\/#website\"},\"datePublished\":\"2025-03-21T11:38:26+00:00\",\"dateModified\":\"2025-08-12T07:02:15+00:00\",\"inLanguage\":\"de\",\"potentialAction\":[{\"@type\":\"ReadAction\",\"target\":[\"https:\/\/www.santjosep.net\/de\/gastronomie\/\"]}]},{\"@type\":\"WebSite\",\"@id\":\"https:\/\/www.santjosep.net\/#website\",\"url\":\"https:\/\/www.santjosep.net\/\",\"name\":\"Santjosep.net\",\"description\":\"\",\"potentialAction\":[{\"@type\":\"SearchAction\",\"target\":{\"@type\":\"EntryPoint\",\"urlTemplate\":\"https:\/\/www.santjosep.net\/?s={search_term_string}\"},\"query-input\":{\"@type\":\"PropertyValueSpecification\",\"valueRequired\":true,\"valueName\":\"search_term_string\"}}],\"inLanguage\":\"de\"}]}<\/script>\n<!-- \/ Yoast SEO plugin. -->","yoast_head_json":{"title":"Gastronomie - Santjosep.net","robots":{"index":"index","follow":"follow","max-snippet":"max-snippet:-1","max-image-preview":"max-image-preview:large","max-video-preview":"max-video-preview:-1"},"canonical":"https:\/\/www.santjosep.net\/de\/gastronomie\/","og_locale":"de_DE","og_type":"article","og_title":"Gastronomie - Santjosep.net","og_description":"[vc_row enable_hue_rotation=&#8220;no&#8220; enable_text_marquee=&#8220;no&#8220; css=&#8220;.vc_custom_1742804623479{padding-top: 50px !important;}&#8220;][vc_column][vc_custom_heading text=&#8220;Sabors d&#8217;Eivissa in Sant Josep&#8220; use_theme_fonts=&#8220;yes&#8220;][\/vc_column][\/vc_row][vc_row enable_hue_rotation=&#8220;no&#8220; enable_text_marquee=&#8220;no&#8220;][vc_column width=&#8220;2\/3&#8243;][vc_column_text]Sabors d&#8217;Eivissa ist eine Initiative des Abteilungen f\u00fcr Landwirtschaft und Tourismusf\u00f6rderung des Consell Insular d&#8217;Eivissa in Zusammenarbeit mit Unternehmen zur Verarbeitung landwirtschaftlicher Produkte der Vereinigung Kleiner [&hellip;]","og_url":"https:\/\/www.santjosep.net\/de\/gastronomie\/","og_site_name":"Santjosep.net","article_modified_time":"2025-08-12T07:02:15+00:00","twitter_card":"summary_large_image","twitter_misc":{"Gesch\u00e4tzte Lesezeit":"5\u00a0Minuten"},"schema":{"@context":"https:\/\/schema.org","@graph":[{"@type":"WebPage","@id":"https:\/\/www.santjosep.net\/de\/gastronomie\/","url":"https:\/\/www.santjosep.net\/de\/gastronomie\/","name":"Gastronomie - Santjosep.net","isPartOf":{"@id":"https:\/\/www.santjosep.net\/#website"},"datePublished":"2025-03-21T11:38:26+00:00","dateModified":"2025-08-12T07:02:15+00:00","inLanguage":"de","potentialAction":[{"@type":"ReadAction","target":["https:\/\/www.santjosep.net\/de\/gastronomie\/"]}]},{"@type":"WebSite","@id":"https:\/\/www.santjosep.net\/#website","url":"https:\/\/www.santjosep.net\/","name":"Santjosep.net","description":"","potentialAction":[{"@type":"SearchAction","target":{"@type":"EntryPoint","urlTemplate":"https:\/\/www.santjosep.net\/?s={search_term_string}"},"query-input":{"@type":"PropertyValueSpecification","valueRequired":true,"valueName":"search_term_string"}}],"inLanguage":"de"}]}},"_links":{"self":[{"href":"https:\/\/www.santjosep.net\/de\/wp-json\/wp\/v2\/pages\/36703","targetHints":{"allow":["GET"]}}],"collection":[{"href":"https:\/\/www.santjosep.net\/de\/wp-json\/wp\/v2\/pages"}],"about":[{"href":"https:\/\/www.santjosep.net\/de\/wp-json\/wp\/v2\/types\/page"}],"author":[{"embeddable":true,"href":"https:\/\/www.santjosep.net\/de\/wp-json\/wp\/v2\/users\/1"}],"replies":[{"embeddable":true,"href":"https:\/\/www.santjosep.net\/de\/wp-json\/wp\/v2\/comments?post=36703"}],"version-history":[{"count":0,"href":"https:\/\/www.santjosep.net\/de\/wp-json\/wp\/v2\/pages\/36703\/revisions"}],"wp:attachment":[{"href":"https:\/\/www.santjosep.net\/de\/wp-json\/wp\/v2\/media?parent=36703"}],"wp:term":[{"taxonomy":"categoria_pagina","embeddable":true,"href":"https:\/\/www.santjosep.net\/de\/wp-json\/wp\/v2\/categoria_pagina?post=36703"}],"curies":[{"name":"wp","href":"https:\/\/api.w.org\/{rel}","templated":true}]}}