{"id":31362,"date":"2022-01-19T13:21:54","date_gmt":"2022-01-19T12:21:54","guid":{"rendered":"https:\/\/www.santjosep.net\/sehen\/erbe-und-kultur\/former-salt-loading-bay\/"},"modified":"2025-01-22T15:24:06","modified_gmt":"2025-01-22T14:24:06","slug":"alter-salzverladeplatz","status":"publish","type":"page","link":"https:\/\/www.santjosep.net\/de\/sehen\/erbgut\/alter-salzverladeplatz\/","title":{"rendered":"Alter Salzverladeplatz"},"content":{"rendered":"<div class=\"wpb-content-wrapper\"><p>[vc_row enable_hue_rotation=&#8220;no&#8220; enable_text_marquee=&#8220;no&#8220;][vc_column][vc_column_text]Als Verladeplatz (auf Spanisch: &#8222;cargador&#8220;) bezeichnet man einen Ort, wo Salz gesammelt, weitertransportiert und verladen wurde, im Fall Ibizas auf Schiffe. Der Verladeplatz ist die letzte Station in einer langen Produktionskette, die bereits seit Jahrhunderten besteht. Tats\u00e4chlich ist die lange Geschichte der Salzfelder von Ibiza historisch au\u00dferordentlich gut dokumentiert. Bereits im Jahr 1300 schrieb der arabische Geograph Al-Himyari, auf Ibiza gebe es \u201eSalinen, in denen das Salz nie zur Neige geht\u201c. Besonders nach der christlichen R\u00fcckeroberung Spaniens von den Mauren im Jahr 1235 nahm die Salzproduktion richtig an Fahrt auf. In diesem Handelsgeschehen nahmen die Verladepl\u00e4tze eine Schl\u00fcsselrolle in der Transportinfrastruktur ein.<\/p>\n<p>Im Laufe der Geschichte gab es f\u00fcr die Salinen drei verschiedene Verladepl\u00e4tze, von denen zwei heute nicht mehr in Gebrauch sind (in <a href=\"https:\/\/www.santjosep.net\/de\/sehen\/erbe-und-kultur\/alter-salzverladeplatz-von-la-xanga\/\" target=\"_blank\" rel=\"noopener\">La Xanga<\/a> und <a href=\"https:\/\/www.santjosep.net\/de\/sehen\/erbe-und-kultur\/punta-des-cavallet-und-oestlicher-verladeplatz-muelle-de-llevant\/\" target=\"_blank\" rel=\"noopener\">Es Cavallet<\/a>), sowie einen dritten, wo bis heute maschinell Salz verladen wird. Er befindet sich im Herzen der Siedlung <a href=\"https:\/\/www.santjosep.net\/de\/sehen\/besuche\/sa-canal\/\" target=\"_blank\" rel=\"noopener\">Sa Canal<\/a>, einem historischen Salinenarbeiterdorf, das auch diverse Industrieanlagen beherbergt. Der alte Verladeplatz bestand aus einer Plattform, auf der zwischen 25 und 125 Tonnen schwere Lastkr\u00e4ne das Salz in die Boote hoben, die an einer Boje in ungef\u00e4hr hundert Metern Entfernung des Anlegers ankerten. Im Zeitalter der Industrialisierung wurden kleine dampfbetriebene Waggons benutzt, um das Salz zum Verladeplatz zu transportieren, doch die Arbeit der Tagel\u00f6hner und Maschinenf\u00fchrer war nach wie vor unverzichtbar f\u00fcr diese Aufgabe. Das Salz wurde auf dem Anleger abgeladen, gereinigt und zermahlen, bevor es auf die Schiffe verladen wurde. Mit der touristischen Erschlie\u00dfung der Insel kamen auch neugierige Besucher und Schulklassen zu den Salinen, um das gesch\u00e4ftige Treiben aus der N\u00e4he zu betrachten, was bei den heutigen Sicherheitsstandards undenkbar w\u00e4re.[\/vc_column_text][vc_column_text]<span data-sheets-root=\"1\"><div class=\"gm-map\" style=\"position: relative;height: 200px; width: 200px;\"><iframe name=\"gm-map-1\" allowfullscreen src=\"https:\/\/www.santjosep.net\/de\/?geo_mashup_content=render-map&amp;map_data_key=37f88e0f888380ef5c189ead432eb44c&amp;lang=de&amp;zoom=13&amp;name=gm-map-1&amp;map_content=contextual&amp;error_comment=&lt;!-- Geo Mashup hat in diesem Kontext keine darzustellenden Objekte gefunden--&gt;\" style=\"position: absolute; top: 0; left: 0; width: 100%; height: 100%; border: none; overflow: hidden;\"><\/iframe><\/div><\/span>[\/vc_column_text][\/vc_column][\/vc_row][vc_row enable_hue_rotation=&#8220;no&#8220; enable_text_marquee=&#8220;no&#8220;][vc_column css=&#8220;.vc_custom_1579097066588{padding-bottom: 20px !important;}&#8220;][vc_column_text]<\/p>\n<h2 style=\"text-align: left;\"><strong>360\u00b0 Fotografie<\/strong><\/h2>\n<p>[\/vc_column_text][vc_column_text]<script src=\"https:\/\/static.kuula.io\/embed.js\" data-kuula=\"https:\/\/kuula.co\/share\/NvBgG?logo=-1&#038;info=0&#038;fs=1&#038;vr=1&#038;sd=1&#038;initload=0&#038;thumbs=1\" data-width=\"100%\" data-height=\"640px\"><\/script>[\/vc_column_text][\/vc_column][\/vc_row][vc_row full_width=&#8220;stretch_row_content_no_spaces&#8220; enable_hue_rotation=&#8220;no&#8220; enable_text_marquee=&#8220;no&#8220; el_id=&#8220;galeria&#8220;][vc_column][vc_column_text]<style>#jtg-31343 .modula-item .jtg-social a, .lightbox-socials.jtg-social a{ fill: #ffffff; color: #ffffff }#jtg-31343 .modula-item .jtg-social-mobile a{ fill: #ffffff; color: #ffffff }#jtg-31343 .modula-item .jtg-social svg, .lightbox-socials.jtg-social svg { height: 16px; width: 16px }#jtg-31343 .modula-item .jtg-social-mobile svg { height: 16px; width: 16px }#jtg-31343 .modula-item .jtg-social a:not(:last-child), .lightbox-socials.jtg-social a:not(:last-child) { margin-right: 10px }#jtg-31343 .modula-item .jtg-social-mobile .jtg-social-mobile-icons a:not(:last-child){ margin-right: 10px }#jtg-31343 .modula-item .figc {color:#ffffff;}#jtg-31343 .modula-item .modula-item-content { transform: scale(1) }#jtg-31343 .modula-items .figc p.description { font-size:14px; }#jtg-31343 .modula-items .figc p.description { color:#ffffff;}#jtg-31343.modula-gallery .modula-item > a, #jtg-31343.modula-gallery .modula-item, #jtg-31343.modula-gallery .modula-item-content > a:not(.modula-no-follow) { cursor:zoom-in; } #jtg-31343.modula-gallery .modula-item-content .modula-no-follow { cursor: default; } @media screen and (max-width:480px){#jtg-31343 .modula-item .figc .jtg-title {  font-size: 12px; }#jtg-31343 .modula-items .figc p.description { color:#ffffff;font-size:10px; }}#jtg-31343 .modula-items .modula-item:hover img{opacity:1;}<\/style>\n<div  id=\"jtg-31343\" class=\"modula modula-gallery modula-custom-grid\" data-config=\"{&quot;height&quot;:800,&quot;tabletHeight&quot;:800,&quot;mobileHeight&quot;:800,&quot;desktopHeight&quot;:800,&quot;enableTwitter&quot;:true,&quot;enableWhatsapp&quot;:false,&quot;enableFacebook&quot;:true,&quot;enablePinterest&quot;:true,&quot;enableLinkedin&quot;:true,&quot;enableEmail&quot;:false,&quot;randomFactor&quot;:0.5,&quot;type&quot;:&quot;custom-grid&quot;,&quot;columns&quot;:12,&quot;gutter&quot;:0,&quot;mobileGutter&quot;:0,&quot;tabletGutter&quot;:0,&quot;desktopGutter&quot;:0,&quot;enableResponsive&quot;:&quot;1&quot;,&quot;tabletColumns&quot;:&quot;2&quot;,&quot;mobileColumns&quot;:&quot;1&quot;,&quot;lazyLoad&quot;:&quot;0&quot;,&quot;lightboxOpts&quot;:{&quot;animated&quot;:true,&quot;Thumbs&quot;:{&quot;type&quot;:&quot;modern&quot;,&quot;showOnStart&quot;:false},&quot;Toolbar&quot;:{&quot;display&quot;:{&quot;right&quot;:[&quot;close&quot;]},&quot;enabled&quot;:true},&quot;Carousel&quot;:{&quot;Panzoom&quot;:{&quot;touch&quot;:false},&quot;infinite&quot;:false},&quot;keyboard&quot;:{&quot;Escape&quot;:&quot;close&quot;,&quot;Delete&quot;:&quot;close&quot;,&quot;Backspace&quot;:&quot;close&quot;,&quot;PageUp&quot;:false,&quot;PageDown&quot;:false,&quot;ArrowUp&quot;:false,&quot;ArrowDown&quot;:false,&quot;ArrowRight&quot;:false,&quot;ArrowLeft&quot;:false},&quot;touch&quot;:false,&quot;backdropClick&quot;:false,&quot;l10n&quot;:{&quot;CLOSE&quot;:&quot;Close&quot;,&quot;NEXT&quot;:&quot;Next&quot;,&quot;PREV&quot;:&quot;Previous&quot;,&quot;Error&quot;:&quot;The requested content cannot be loaded. Please try again later.&quot;,&quot;PLAY_START&quot;:&quot;Start slideshow&quot;,&quot;PLAY_STOP&quot;:&quot;Pause slideshow&quot;,&quot;FULL_SCREEN&quot;:&quot;Full screen&quot;,&quot;THUMBS&quot;:&quot;Thumbnails&quot;,&quot;DOWNLOAD&quot;:&quot;Download&quot;,&quot;SHARE&quot;:&quot;Share&quot;,&quot;ZOOM&quot;:&quot;Zoom&quot;,&quot;EMAIL&quot;:&quot;Here is the link to the image : %%image_link%% and this is the link to the gallery : %%gallery_link%%&quot;,&quot;MODAL&quot;:&quot;You can close this modal content with the ESC key&quot;,&quot;ERROR&quot;:&quot;Something Went Wrong, Please Try Again Later&quot;,&quot;IMAGE_ERROR&quot;:&quot;Image Not Found&quot;,&quot;ELEMENT_NOT_FOUND&quot;:&quot;HTML Element Not Found&quot;,&quot;AJAX_NOT_FOUND&quot;:&quot;Error Loading AJAX : Not Found&quot;,&quot;AJAX_FORBIDDEN&quot;:&quot;Error Loading AJAX : Forbidden&quot;,&quot;IFRAME_ERROR&quot;:&quot;Error Loading Page&quot;,&quot;TOGGLE_ZOOM&quot;:&quot;Toggle zoom level&quot;,&quot;TOGGLE_THUMBS&quot;:&quot;Toggle thumbnails&quot;,&quot;TOGGLE_SLIDESHOW&quot;:&quot;Toggle slideshow&quot;,&quot;TOGGLE_FULLSCREEN&quot;:&quot;Toggle full-screen mode&quot;},&quot;Images&quot;:{&quot;Panzoom&quot;:{&quot;maxScale&quot;:2}},&quot;mainClass&quot;:&quot;modula-fancybox-container modula-lightbox-jtg-31343&quot;,&quot;Html&quot;:{&quot;videoAutoplay&quot;:0,&quot;videoTpl&quot;:&quot;&lt;video class=\\&quot;fancybox__html5video\\&quot; controls muted playsinline controlsList controlsList=\\&quot;nodownload\\&quot; poster=\\&quot;{{poster}}\\&quot; src=\\&quot;{{src}}\\&quot; type=\\&quot;{{format}}\\&quot; &gt;  Sorry, your browser doesn&#039;t support embedded videos, &lt;a href=\\&quot;{{src}}\\&quot;&gt; download &lt;\\\/a&gt; and watch with your favorite video player! &lt;\\\/video&gt;&quot;}},&quot;inView&quot;:false,&quot;email_subject&quot;:&quot;Check out this awesome image !!&quot;,&quot;email_message&quot;:&quot;Here is the link to the image : %%image_link%% and this is the link to the gallery : %%gallery_link%%&quot;,&quot;lightbox&quot;:&quot;fancybox&quot;}\">\n\n\t\n\t<div  class=\"modula-items\">\n\t\t<div class=\"modula-item\" data-width=\"6\" data-height=\"5\" >\n\t<div class=\"modula-item-content\">\n\t\t\n\t\t\t\t\t<a data-image-id=\"31337\" tabindex=\"0\" rel=\"jtg-31343\" data-caption=\"\" aria-label=\"Open image in lightbox\" role=\"button\" class=\"tile-inner modula-item-link\"><\/a>\n\t\t\n\t\t<img loading=\"lazy\" decoding=\"async\" class=\"pic wp-image-31337\"  data-valign=\"middle\" data-halign=\"center\" alt=\"\" data-full=\"https:\/\/www.santjosep.net\/wp-content\/uploads\/2022\/01\/web-01105.jpg\" title=\"web-01105\" width=\"1900\" height=\"1267\" src=\"https:\/\/www.santjosep.net\/wp-content\/uploads\/2022\/01\/web-01105.jpg\" data-src=\"https:\/\/www.santjosep.net\/wp-content\/uploads\/2022\/01\/web-01105.jpg\" data-caption=\"\" srcset=\"https:\/\/www.santjosep.net\/wp-content\/uploads\/2022\/01\/web-01105.jpg 1900w, https:\/\/www.santjosep.net\/wp-content\/uploads\/2022\/01\/web-01105-300x200.jpg 300w, https:\/\/www.santjosep.net\/wp-content\/uploads\/2022\/01\/web-01105-1024x683.jpg 1024w, https:\/\/www.santjosep.net\/wp-content\/uploads\/2022\/01\/web-01105-768x512.jpg 768w, https:\/\/www.santjosep.net\/wp-content\/uploads\/2022\/01\/web-01105-1536x1024.jpg 1536w\" sizes=\"auto, (max-width: 1900px) 100vw, 1900px\" \/>\n\t<\/div>\n\n<\/div><div class=\"modula-item\" data-width=\"6\" data-height=\"5\" >\n\t<div class=\"modula-item-content\">\n\t\t\n\t\t\t\t\t<a data-image-id=\"31326\" tabindex=\"0\" rel=\"jtg-31343\" data-caption=\"\" aria-label=\"Open image in lightbox\" role=\"button\" class=\"tile-inner modula-item-link\"><\/a>\n\t\t\n\t\t<img loading=\"lazy\" decoding=\"async\" class=\"pic wp-image-31326\"  data-valign=\"middle\" data-halign=\"center\" alt=\"\" data-full=\"https:\/\/www.santjosep.net\/wp-content\/uploads\/2022\/01\/web-01083.jpg\" title=\"web-01083\" width=\"1900\" height=\"1267\" src=\"https:\/\/www.santjosep.net\/wp-content\/uploads\/2022\/01\/web-01083.jpg\" data-src=\"https:\/\/www.santjosep.net\/wp-content\/uploads\/2022\/01\/web-01083.jpg\" data-caption=\"\" srcset=\"https:\/\/www.santjosep.net\/wp-content\/uploads\/2022\/01\/web-01083.jpg 1900w, https:\/\/www.santjosep.net\/wp-content\/uploads\/2022\/01\/web-01083-300x200.jpg 300w, https:\/\/www.santjosep.net\/wp-content\/uploads\/2022\/01\/web-01083-1024x683.jpg 1024w, https:\/\/www.santjosep.net\/wp-content\/uploads\/2022\/01\/web-01083-768x512.jpg 768w, https:\/\/www.santjosep.net\/wp-content\/uploads\/2022\/01\/web-01083-1536x1024.jpg 1536w\" sizes=\"auto, (max-width: 1900px) 100vw, 1900px\" \/>\n\t<\/div>\n\n<\/div>\t\t\n\t<\/div>\n\n\t\n\t\n\t<script type=\"application\/ld+json\">\n\t{\n\t\t\"@context\": \"http:\/\/schema.org\",\n\t\t\"@type\"   : \"ImageGallery\",\n\t\t\"id\"      : \"https:\/\/www.santjosep.net\/de\/sehen\/erbgut\/alter-salzverladeplatz\/\",\n\t\t\"url\"     : \"https:\/\/www.santjosep.net\/de\/sehen\/erbgut\/alter-salzverladeplatz\/\"\n\t}\n\n\t<\/script>\n\n\t\n<\/div>\n[\/vc_column_text][\/vc_column][\/vc_row]<\/p>\n<\/div>","protected":false},"excerpt":{"rendered":"<p>[vc_row enable_hue_rotation=&#8220;no&#8220; enable_text_marquee=&#8220;no&#8220;][vc_column][vc_column_text]Als Verladeplatz (auf Spanisch: &#8222;cargador&#8220;) bezeichnet man einen Ort, wo Salz gesammelt, weitertransportiert und verladen wurde, im Fall Ibizas auf Schiffe. Der Verladeplatz ist die letzte Station in einer langen Produktionskette, die bereits seit Jahrhunderten besteht. Tats\u00e4chlich ist [&hellip;]<\/p>\n","protected":false},"author":1,"featured_media":31330,"parent":38707,"menu_order":0,"comment_status":"closed","ping_status":"closed","template":"","meta":{"_acf_changed":false,"inline_featured_image":false,"footnotes":""},"categoria_pagina":[],"class_list":["post-31362","page","type-page","status-publish","has-post-thumbnail","hentry"],"acf":[],"yoast_head":"<!-- This site is optimized with the Yoast SEO plugin v25.7 - https:\/\/yoast.com\/wordpress\/plugins\/seo\/ -->\n<title>Alter Salzverladeplatz - Santjosep.net<\/title>\n<meta name=\"robots\" content=\"index, follow, max-snippet:-1, max-image-preview:large, max-video-preview:-1\" \/>\n<link rel=\"canonical\" href=\"https:\/\/www.santjosep.net\/de\/sehen\/erbe-und-kultur\/alter-salzverladeplatz\/\" \/>\n<meta property=\"og:locale\" content=\"de_DE\" \/>\n<meta property=\"og:type\" content=\"article\" \/>\n<meta property=\"og:title\" content=\"Alter Salzverladeplatz - Santjosep.net\" \/>\n<meta property=\"og:description\" content=\"[vc_row enable_hue_rotation=&#8220;no&#8220; enable_text_marquee=&#8220;no&#8220;][vc_column][vc_column_text]Als Verladeplatz (auf Spanisch: &#8222;cargador&#8220;) bezeichnet man einen Ort, wo Salz gesammelt, weitertransportiert und verladen wurde, im Fall Ibizas auf Schiffe. Der Verladeplatz ist die letzte Station in einer langen Produktionskette, die bereits seit Jahrhunderten besteht. Tats\u00e4chlich ist [&hellip;]\" \/>\n<meta property=\"og:url\" content=\"https:\/\/www.santjosep.net\/de\/sehen\/erbe-und-kultur\/alter-salzverladeplatz\/\" \/>\n<meta property=\"og:site_name\" content=\"Santjosep.net\" \/>\n<meta property=\"article:modified_time\" content=\"2025-01-22T14:24:06+00:00\" \/>\n<meta property=\"og:image\" content=\"https:\/\/www.santjosep.net\/wp-content\/uploads\/2022\/01\/web-01089.jpg\" \/>\n\t<meta property=\"og:image:width\" content=\"1900\" \/>\n\t<meta property=\"og:image:height\" content=\"1267\" \/>\n\t<meta property=\"og:image:type\" content=\"image\/jpeg\" \/>\n<meta name=\"twitter:card\" content=\"summary_large_image\" \/>\n<meta name=\"twitter:label1\" content=\"Gesch\u00e4tzte Lesezeit\" \/>\n\t<meta name=\"twitter:data1\" content=\"2\u00a0Minuten\" \/>\n<script type=\"application\/ld+json\" class=\"yoast-schema-graph\">{\"@context\":\"https:\/\/schema.org\",\"@graph\":[{\"@type\":\"WebPage\",\"@id\":\"https:\/\/www.santjosep.net\/de\/sehen\/erbe-und-kultur\/alter-salzverladeplatz\/\",\"url\":\"https:\/\/www.santjosep.net\/de\/sehen\/erbe-und-kultur\/alter-salzverladeplatz\/\",\"name\":\"Alter Salzverladeplatz - Santjosep.net\",\"isPartOf\":{\"@id\":\"https:\/\/www.santjosep.net\/#website\"},\"primaryImageOfPage\":{\"@id\":\"https:\/\/www.santjosep.net\/de\/sehen\/erbe-und-kultur\/alter-salzverladeplatz\/#primaryimage\"},\"image\":{\"@id\":\"https:\/\/www.santjosep.net\/de\/sehen\/erbe-und-kultur\/alter-salzverladeplatz\/#primaryimage\"},\"thumbnailUrl\":\"https:\/\/www.santjosep.net\/wp-content\/uploads\/2022\/01\/web-01089.jpg\",\"datePublished\":\"2022-01-19T12:21:54+00:00\",\"dateModified\":\"2025-01-22T14:24:06+00:00\",\"breadcrumb\":{\"@id\":\"https:\/\/www.santjosep.net\/de\/sehen\/erbe-und-kultur\/alter-salzverladeplatz\/#breadcrumb\"},\"inLanguage\":\"de\",\"potentialAction\":[{\"@type\":\"ReadAction\",\"target\":[\"https:\/\/www.santjosep.net\/de\/sehen\/erbe-und-kultur\/alter-salzverladeplatz\/\"]}]},{\"@type\":\"ImageObject\",\"inLanguage\":\"de\",\"@id\":\"https:\/\/www.santjosep.net\/de\/sehen\/erbe-und-kultur\/alter-salzverladeplatz\/#primaryimage\",\"url\":\"https:\/\/www.santjosep.net\/wp-content\/uploads\/2022\/01\/web-01089.jpg\",\"contentUrl\":\"https:\/\/www.santjosep.net\/wp-content\/uploads\/2022\/01\/web-01089.jpg\",\"width\":1900,\"height\":1267},{\"@type\":\"BreadcrumbList\",\"@id\":\"https:\/\/www.santjosep.net\/de\/sehen\/erbe-und-kultur\/alter-salzverladeplatz\/#breadcrumb\",\"itemListElement\":[{\"@type\":\"ListItem\",\"position\":1,\"name\":\"Sehen\",\"item\":\"https:\/\/www.santjosep.net\/de\/sehen\/\"},{\"@type\":\"ListItem\",\"position\":2,\"name\":\"Erbe und Kultur\",\"item\":\"https:\/\/www.santjosep.net\/de\/sehen\/erbe-und-kultur\/\"},{\"@type\":\"ListItem\",\"position\":3,\"name\":\"Alter Salzverladeplatz\"}]},{\"@type\":\"WebSite\",\"@id\":\"https:\/\/www.santjosep.net\/#website\",\"url\":\"https:\/\/www.santjosep.net\/\",\"name\":\"Santjosep.net\",\"description\":\"\",\"potentialAction\":[{\"@type\":\"SearchAction\",\"target\":{\"@type\":\"EntryPoint\",\"urlTemplate\":\"https:\/\/www.santjosep.net\/?s={search_term_string}\"},\"query-input\":{\"@type\":\"PropertyValueSpecification\",\"valueRequired\":true,\"valueName\":\"search_term_string\"}}],\"inLanguage\":\"de\"}]}<\/script>\n<!-- \/ Yoast SEO plugin. -->","yoast_head_json":{"title":"Alter Salzverladeplatz - Santjosep.net","robots":{"index":"index","follow":"follow","max-snippet":"max-snippet:-1","max-image-preview":"max-image-preview:large","max-video-preview":"max-video-preview:-1"},"canonical":"https:\/\/www.santjosep.net\/de\/sehen\/erbe-und-kultur\/alter-salzverladeplatz\/","og_locale":"de_DE","og_type":"article","og_title":"Alter Salzverladeplatz - Santjosep.net","og_description":"[vc_row enable_hue_rotation=&#8220;no&#8220; enable_text_marquee=&#8220;no&#8220;][vc_column][vc_column_text]Als Verladeplatz (auf Spanisch: &#8222;cargador&#8220;) bezeichnet man einen Ort, wo Salz gesammelt, weitertransportiert und verladen wurde, im Fall Ibizas auf Schiffe. Der Verladeplatz ist die letzte Station in einer langen Produktionskette, die bereits seit Jahrhunderten besteht. Tats\u00e4chlich ist [&hellip;]","og_url":"https:\/\/www.santjosep.net\/de\/sehen\/erbe-und-kultur\/alter-salzverladeplatz\/","og_site_name":"Santjosep.net","article_modified_time":"2025-01-22T14:24:06+00:00","og_image":[{"width":1900,"height":1267,"url":"https:\/\/www.santjosep.net\/wp-content\/uploads\/2022\/01\/web-01089.jpg","type":"image\/jpeg"}],"twitter_card":"summary_large_image","twitter_misc":{"Gesch\u00e4tzte Lesezeit":"2\u00a0Minuten"},"schema":{"@context":"https:\/\/schema.org","@graph":[{"@type":"WebPage","@id":"https:\/\/www.santjosep.net\/de\/sehen\/erbe-und-kultur\/alter-salzverladeplatz\/","url":"https:\/\/www.santjosep.net\/de\/sehen\/erbe-und-kultur\/alter-salzverladeplatz\/","name":"Alter Salzverladeplatz - Santjosep.net","isPartOf":{"@id":"https:\/\/www.santjosep.net\/#website"},"primaryImageOfPage":{"@id":"https:\/\/www.santjosep.net\/de\/sehen\/erbe-und-kultur\/alter-salzverladeplatz\/#primaryimage"},"image":{"@id":"https:\/\/www.santjosep.net\/de\/sehen\/erbe-und-kultur\/alter-salzverladeplatz\/#primaryimage"},"thumbnailUrl":"https:\/\/www.santjosep.net\/wp-content\/uploads\/2022\/01\/web-01089.jpg","datePublished":"2022-01-19T12:21:54+00:00","dateModified":"2025-01-22T14:24:06+00:00","breadcrumb":{"@id":"https:\/\/www.santjosep.net\/de\/sehen\/erbe-und-kultur\/alter-salzverladeplatz\/#breadcrumb"},"inLanguage":"de","potentialAction":[{"@type":"ReadAction","target":["https:\/\/www.santjosep.net\/de\/sehen\/erbe-und-kultur\/alter-salzverladeplatz\/"]}]},{"@type":"ImageObject","inLanguage":"de","@id":"https:\/\/www.santjosep.net\/de\/sehen\/erbe-und-kultur\/alter-salzverladeplatz\/#primaryimage","url":"https:\/\/www.santjosep.net\/wp-content\/uploads\/2022\/01\/web-01089.jpg","contentUrl":"https:\/\/www.santjosep.net\/wp-content\/uploads\/2022\/01\/web-01089.jpg","width":1900,"height":1267},{"@type":"BreadcrumbList","@id":"https:\/\/www.santjosep.net\/de\/sehen\/erbe-und-kultur\/alter-salzverladeplatz\/#breadcrumb","itemListElement":[{"@type":"ListItem","position":1,"name":"Sehen","item":"https:\/\/www.santjosep.net\/de\/sehen\/"},{"@type":"ListItem","position":2,"name":"Erbe und Kultur","item":"https:\/\/www.santjosep.net\/de\/sehen\/erbe-und-kultur\/"},{"@type":"ListItem","position":3,"name":"Alter Salzverladeplatz"}]},{"@type":"WebSite","@id":"https:\/\/www.santjosep.net\/#website","url":"https:\/\/www.santjosep.net\/","name":"Santjosep.net","description":"","potentialAction":[{"@type":"SearchAction","target":{"@type":"EntryPoint","urlTemplate":"https:\/\/www.santjosep.net\/?s={search_term_string}"},"query-input":{"@type":"PropertyValueSpecification","valueRequired":true,"valueName":"search_term_string"}}],"inLanguage":"de"}]}},"_links":{"self":[{"href":"https:\/\/www.santjosep.net\/de\/wp-json\/wp\/v2\/pages\/31362","targetHints":{"allow":["GET"]}}],"collection":[{"href":"https:\/\/www.santjosep.net\/de\/wp-json\/wp\/v2\/pages"}],"about":[{"href":"https:\/\/www.santjosep.net\/de\/wp-json\/wp\/v2\/types\/page"}],"author":[{"embeddable":true,"href":"https:\/\/www.santjosep.net\/de\/wp-json\/wp\/v2\/users\/1"}],"replies":[{"embeddable":true,"href":"https:\/\/www.santjosep.net\/de\/wp-json\/wp\/v2\/comments?post=31362"}],"version-history":[{"count":0,"href":"https:\/\/www.santjosep.net\/de\/wp-json\/wp\/v2\/pages\/31362\/revisions"}],"up":[{"embeddable":true,"href":"https:\/\/www.santjosep.net\/de\/wp-json\/wp\/v2\/pages\/38707"}],"wp:featuredmedia":[{"embeddable":true,"href":"https:\/\/www.santjosep.net\/de\/wp-json\/wp\/v2\/media\/31330"}],"wp:attachment":[{"href":"https:\/\/www.santjosep.net\/de\/wp-json\/wp\/v2\/media?parent=31362"}],"wp:term":[{"taxonomy":"categoria_pagina","embeddable":true,"href":"https:\/\/www.santjosep.net\/de\/wp-json\/wp\/v2\/categoria_pagina?post=31362"}],"curies":[{"name":"wp","href":"https:\/\/api.w.org\/{rel}","templated":true}]}}