{"id":31301,"date":"2022-01-19T12:56:09","date_gmt":"2022-01-19T11:56:09","guid":{"rendered":"https:\/\/www.santjosep.net\/sehen\/besuche\/la-cueva-de-sa-sal-rossa-o-de-rafael-alberti\/"},"modified":"2022-01-19T13:11:38","modified_gmt":"2022-01-19T12:11:38","slug":"cueva-de-sa-sal-rossa-oder-rafael-alberti-hoehle","status":"publish","type":"page","link":"https:\/\/www.santjosep.net\/de\/sehen\/besuche\/cueva-de-sa-sal-rossa-oder-rafael-alberti-hoehle\/","title":{"rendered":"Cueva de sa Sal Rossa, oder \u201eRafael Alberti-H\u00f6hle\u201c"},"content":{"rendered":"<div class=\"wpb-content-wrapper\"><p>[vc_row enable_hue_rotation=&#8220;no&#8220; enable_text_marquee=&#8220;no&#8220;][vc_column][vc_column_text]Die <strong>Cueva de sa Sal Rossa<\/strong> (Katalanisch f\u00fcr: \u201eH\u00f6hle des Roten Salzes\u201c) befindet sich ganz in der N\u00e4he des gleichnamigen Verteidigungsturmes und kann auf eine bewegte Geschichte zur\u00fcckblicken, da sie dem Dichter <strong>Rafael Alberti<\/strong> zwanzig Tage lang als Zuflucht diente.<\/p>\n<p>Am 28. Juni 1936 kam Rafael Alberti mit seiner Frau, der Schriftstellerin Mar\u00eda Teresa Le\u00f3n, nach Ibiza, um hier den Sommerurlaub zu verbringen. Die ersten zwei Wochen lie\u00df es sich das Paar in den Ferien gutgehen \u2013 die Beiden entspannten, machten Ausfl\u00fcge auf der Insel und genossen die Umgebung und die Kontakte mit den Einheimischen.<\/p>\n<p>Nachdem am 17. Juli 1936 der Spanische B\u00fcrgerkrieg ausbrach, erlebte Alberti einige der entscheidendsten Momente der bewegten Folgetage am 18. und 19. Juli. Er blieb noch drei Tage in seiner Ferienunterkunft, bis er sich gezwungen sah, in die Cueva de sa Sal Rossa zu fliehen, begleitet von einem Dutzend weiterer Kriegsfl\u00fcchtlinge. Sie lebten zwanzig Tage lang in der freien Natur. Dieses Erlebnis hinterlie\u00df bei Alberti unausl\u00f6schliche Spuren und inspirierte seine nachfolgenden Werke.[\/vc_column_text][\/vc_column][\/vc_row][vc_row full_width=&#8220;stretch_row_content_no_spaces&#8220; enable_hue_rotation=&#8220;no&#8220; enable_text_marquee=&#8220;no&#8220; el_id=&#8220;galeria&#8220;][vc_column][vc_column_text]<style>#jtg-31269 .modula-item .jtg-social a, .lightbox-socials.jtg-social a{ fill: #ffffff; color: #ffffff }#jtg-31269 .modula-item .jtg-social-mobile a{ fill: #ffffff; color: #ffffff }#jtg-31269 .modula-item .jtg-social svg, .lightbox-socials.jtg-social svg { height: 16px; width: 16px }#jtg-31269 .modula-item .jtg-social-mobile svg { height: 16px; width: 16px }#jtg-31269 .modula-item .jtg-social a:not(:last-child), .lightbox-socials.jtg-social a:not(:last-child) { margin-right: 10px }#jtg-31269 .modula-item .jtg-social-mobile .jtg-social-mobile-icons a:not(:last-child){ margin-right: 10px }#jtg-31269 .modula-item .figc {color:#ffffff;}#jtg-31269 .modula-item .modula-item-content { transform: scale(1) }#jtg-31269 .modula-items .figc p.description { font-size:14px; }#jtg-31269 .modula-items .figc p.description { color:#ffffff;}#jtg-31269.modula-gallery .modula-item > a, #jtg-31269.modula-gallery .modula-item, #jtg-31269.modula-gallery .modula-item-content > a:not(.modula-no-follow) { cursor:zoom-in; } #jtg-31269.modula-gallery .modula-item-content .modula-no-follow { cursor: default; } @media screen and (max-width:480px){#jtg-31269 .modula-item .figc .jtg-title {  font-size: 12px; }#jtg-31269 .modula-items .figc p.description { color:#ffffff;font-size:10px; }}#jtg-31269 .modula-items .modula-item:hover img{opacity:1;}<\/style>\n<div  id=\"jtg-31269\" class=\"modula modula-gallery modula-custom-grid\" data-config=\"{&quot;height&quot;:800,&quot;tabletHeight&quot;:800,&quot;mobileHeight&quot;:800,&quot;desktopHeight&quot;:800,&quot;enableTwitter&quot;:true,&quot;enableWhatsapp&quot;:false,&quot;enableFacebook&quot;:true,&quot;enablePinterest&quot;:true,&quot;enableLinkedin&quot;:true,&quot;enableEmail&quot;:false,&quot;randomFactor&quot;:0.5,&quot;type&quot;:&quot;custom-grid&quot;,&quot;columns&quot;:12,&quot;gutter&quot;:0,&quot;mobileGutter&quot;:0,&quot;tabletGutter&quot;:0,&quot;desktopGutter&quot;:0,&quot;enableResponsive&quot;:&quot;1&quot;,&quot;tabletColumns&quot;:&quot;2&quot;,&quot;mobileColumns&quot;:&quot;1&quot;,&quot;lazyLoad&quot;:&quot;0&quot;,&quot;lightboxOpts&quot;:{&quot;animated&quot;:true,&quot;Thumbs&quot;:{&quot;type&quot;:&quot;modern&quot;,&quot;showOnStart&quot;:false},&quot;Toolbar&quot;:{&quot;display&quot;:{&quot;right&quot;:[&quot;close&quot;]},&quot;enabled&quot;:true},&quot;Carousel&quot;:{&quot;Panzoom&quot;:{&quot;touch&quot;:false},&quot;infinite&quot;:false},&quot;keyboard&quot;:{&quot;Escape&quot;:&quot;close&quot;,&quot;Delete&quot;:&quot;close&quot;,&quot;Backspace&quot;:&quot;close&quot;,&quot;PageUp&quot;:false,&quot;PageDown&quot;:false,&quot;ArrowUp&quot;:false,&quot;ArrowDown&quot;:false,&quot;ArrowRight&quot;:false,&quot;ArrowLeft&quot;:false},&quot;touch&quot;:false,&quot;backdropClick&quot;:false,&quot;l10n&quot;:{&quot;CLOSE&quot;:&quot;Close&quot;,&quot;NEXT&quot;:&quot;Next&quot;,&quot;PREV&quot;:&quot;Previous&quot;,&quot;Error&quot;:&quot;The requested content cannot be loaded. Please try again later.&quot;,&quot;PLAY_START&quot;:&quot;Start slideshow&quot;,&quot;PLAY_STOP&quot;:&quot;Pause slideshow&quot;,&quot;FULL_SCREEN&quot;:&quot;Full screen&quot;,&quot;THUMBS&quot;:&quot;Thumbnails&quot;,&quot;DOWNLOAD&quot;:&quot;Download&quot;,&quot;SHARE&quot;:&quot;Share&quot;,&quot;ZOOM&quot;:&quot;Zoom&quot;,&quot;EMAIL&quot;:&quot;Here is the link to the image : %%image_link%% and this is the link to the gallery : %%gallery_link%%&quot;,&quot;MODAL&quot;:&quot;You can close this modal content with the ESC key&quot;,&quot;ERROR&quot;:&quot;Something Went Wrong, Please Try Again Later&quot;,&quot;IMAGE_ERROR&quot;:&quot;Image Not Found&quot;,&quot;ELEMENT_NOT_FOUND&quot;:&quot;HTML Element Not Found&quot;,&quot;AJAX_NOT_FOUND&quot;:&quot;Error Loading AJAX : Not Found&quot;,&quot;AJAX_FORBIDDEN&quot;:&quot;Error Loading AJAX : Forbidden&quot;,&quot;IFRAME_ERROR&quot;:&quot;Error Loading Page&quot;,&quot;TOGGLE_ZOOM&quot;:&quot;Toggle zoom level&quot;,&quot;TOGGLE_THUMBS&quot;:&quot;Toggle thumbnails&quot;,&quot;TOGGLE_SLIDESHOW&quot;:&quot;Toggle slideshow&quot;,&quot;TOGGLE_FULLSCREEN&quot;:&quot;Toggle full-screen mode&quot;},&quot;Images&quot;:{&quot;Panzoom&quot;:{&quot;maxScale&quot;:2}},&quot;mainClass&quot;:&quot;modula-fancybox-container modula-lightbox-jtg-31269&quot;,&quot;Html&quot;:{&quot;videoAutoplay&quot;:0,&quot;videoTpl&quot;:&quot;&lt;video class=\\&quot;fancybox__html5video\\&quot; controls muted playsinline controlsList controlsList=\\&quot;nodownload\\&quot; poster=\\&quot;{{poster}}\\&quot; src=\\&quot;{{src}}\\&quot; type=\\&quot;{{format}}\\&quot; &gt;  Sorry, your browser doesn&#039;t support embedded videos, &lt;a href=\\&quot;{{src}}\\&quot;&gt; download &lt;\\\/a&gt; and watch with your favorite video player! &lt;\\\/video&gt;&quot;}},&quot;inView&quot;:false,&quot;email_subject&quot;:&quot;Check out this awesome image !!&quot;,&quot;email_message&quot;:&quot;Here is the link to the image : %%image_link%% and this is the link to the gallery : %%gallery_link%%&quot;,&quot;lightbox&quot;:&quot;fancybox&quot;}\">\n\n\t\n\t<div  class=\"modula-items\">\n\t\t<div class=\"modula-item\" data-width=\"7\" data-height=\"5\" >\n\t<div class=\"modula-item-content\">\n\t\t\n\t\t\t\t\t<a data-image-id=\"31275\" tabindex=\"0\" rel=\"jtg-31269\" data-caption=\"\" aria-label=\"Open image in lightbox\" role=\"button\" class=\"tile-inner modula-item-link\"><\/a>\n\t\t\n\t\t<img loading=\"lazy\" decoding=\"async\" class=\"pic wp-image-31275\"  data-valign=\"middle\" data-halign=\"center\" alt=\"\" data-full=\"https:\/\/www.santjosep.net\/wp-content\/uploads\/2022\/01\/web-01111-JPG-WEB-1900PX-2.jpg\" title=\"web-01111-JPG WEB 1900PX-2\" width=\"1900\" height=\"1267\" src=\"https:\/\/www.santjosep.net\/wp-content\/uploads\/2022\/01\/web-01111-JPG-WEB-1900PX-2.jpg\" data-src=\"https:\/\/www.santjosep.net\/wp-content\/uploads\/2022\/01\/web-01111-JPG-WEB-1900PX-2.jpg\" data-caption=\"\" srcset=\"https:\/\/www.santjosep.net\/wp-content\/uploads\/2022\/01\/web-01111-JPG-WEB-1900PX-2.jpg 1900w, https:\/\/www.santjosep.net\/wp-content\/uploads\/2022\/01\/web-01111-JPG-WEB-1900PX-2-300x200.jpg 300w, https:\/\/www.santjosep.net\/wp-content\/uploads\/2022\/01\/web-01111-JPG-WEB-1900PX-2-1024x683.jpg 1024w, https:\/\/www.santjosep.net\/wp-content\/uploads\/2022\/01\/web-01111-JPG-WEB-1900PX-2-768x512.jpg 768w, https:\/\/www.santjosep.net\/wp-content\/uploads\/2022\/01\/web-01111-JPG-WEB-1900PX-2-1536x1024.jpg 1536w\" sizes=\"auto, (max-width: 1900px) 100vw, 1900px\" \/>\n\t<\/div>\n\n<\/div><div class=\"modula-item\" data-width=\"5\" data-height=\"5\" >\n\t<div class=\"modula-item-content\">\n\t\t\n\t\t\t\t\t<a data-image-id=\"31280\" tabindex=\"0\" rel=\"jtg-31269\" data-caption=\"\" aria-label=\"Open image in lightbox\" role=\"button\" class=\"tile-inner modula-item-link\"><\/a>\n\t\t\n\t\t<img loading=\"lazy\" decoding=\"async\" class=\"pic wp-image-31280\"  data-valign=\"middle\" data-halign=\"center\" alt=\"\" data-full=\"https:\/\/www.santjosep.net\/wp-content\/uploads\/2022\/01\/web-01120.jpg\" title=\"web-01120\" width=\"1267\" height=\"1900\" src=\"https:\/\/www.santjosep.net\/wp-content\/uploads\/2022\/01\/web-01120.jpg\" data-src=\"https:\/\/www.santjosep.net\/wp-content\/uploads\/2022\/01\/web-01120.jpg\" data-caption=\"\" srcset=\"https:\/\/www.santjosep.net\/wp-content\/uploads\/2022\/01\/web-01120.jpg 1267w, https:\/\/www.santjosep.net\/wp-content\/uploads\/2022\/01\/web-01120-200x300.jpg 200w, https:\/\/www.santjosep.net\/wp-content\/uploads\/2022\/01\/web-01120-683x1024.jpg 683w, https:\/\/www.santjosep.net\/wp-content\/uploads\/2022\/01\/web-01120-768x1152.jpg 768w, https:\/\/www.santjosep.net\/wp-content\/uploads\/2022\/01\/web-01120-1024x1536.jpg 1024w\" sizes=\"auto, (max-width: 1267px) 100vw, 1267px\" \/>\n\t<\/div>\n\n<\/div><div class=\"modula-item\" data-width=\"6\" data-height=\"5\" >\n\t<div class=\"modula-item-content\">\n\t\t\n\t\t\t\t\t<a data-image-id=\"31285\" tabindex=\"0\" rel=\"jtg-31269\" data-caption=\"\" aria-label=\"Open image in lightbox\" role=\"button\" class=\"tile-inner modula-item-link\"><\/a>\n\t\t\n\t\t<img loading=\"lazy\" decoding=\"async\" class=\"pic wp-image-31285\"  data-valign=\"middle\" data-halign=\"center\" alt=\"\" data-full=\"https:\/\/www.santjosep.net\/wp-content\/uploads\/2022\/01\/web-01122.jpg\" title=\"web-01122\" width=\"1900\" height=\"1267\" src=\"https:\/\/www.santjosep.net\/wp-content\/uploads\/2022\/01\/web-01122.jpg\" data-src=\"https:\/\/www.santjosep.net\/wp-content\/uploads\/2022\/01\/web-01122.jpg\" data-caption=\"\" srcset=\"https:\/\/www.santjosep.net\/wp-content\/uploads\/2022\/01\/web-01122.jpg 1900w, https:\/\/www.santjosep.net\/wp-content\/uploads\/2022\/01\/web-01122-300x200.jpg 300w, https:\/\/www.santjosep.net\/wp-content\/uploads\/2022\/01\/web-01122-1024x683.jpg 1024w, https:\/\/www.santjosep.net\/wp-content\/uploads\/2022\/01\/web-01122-768x512.jpg 768w, https:\/\/www.santjosep.net\/wp-content\/uploads\/2022\/01\/web-01122-1536x1024.jpg 1536w\" sizes=\"auto, (max-width: 1900px) 100vw, 1900px\" \/>\n\t<\/div>\n\n<\/div><div class=\"modula-item\" data-width=\"6\" data-height=\"5\" >\n\t<div class=\"modula-item-content\">\n\t\t\n\t\t\t\t\t<a data-image-id=\"31291\" tabindex=\"0\" rel=\"jtg-31269\" data-caption=\"\" aria-label=\"Open image in lightbox\" role=\"button\" class=\"tile-inner modula-item-link\"><\/a>\n\t\t\n\t\t<img loading=\"lazy\" decoding=\"async\" class=\"pic wp-image-31291\"  data-valign=\"middle\" data-halign=\"center\" alt=\"\" data-full=\"https:\/\/www.santjosep.net\/wp-content\/uploads\/2022\/01\/web-01129.jpg\" title=\"web-01129\" width=\"1900\" height=\"1267\" src=\"https:\/\/www.santjosep.net\/wp-content\/uploads\/2022\/01\/web-01129.jpg\" data-src=\"https:\/\/www.santjosep.net\/wp-content\/uploads\/2022\/01\/web-01129.jpg\" data-caption=\"\" srcset=\"https:\/\/www.santjosep.net\/wp-content\/uploads\/2022\/01\/web-01129.jpg 1900w, https:\/\/www.santjosep.net\/wp-content\/uploads\/2022\/01\/web-01129-300x200.jpg 300w, https:\/\/www.santjosep.net\/wp-content\/uploads\/2022\/01\/web-01129-1024x683.jpg 1024w, https:\/\/www.santjosep.net\/wp-content\/uploads\/2022\/01\/web-01129-768x512.jpg 768w, https:\/\/www.santjosep.net\/wp-content\/uploads\/2022\/01\/web-01129-1536x1024.jpg 1536w\" sizes=\"auto, (max-width: 1900px) 100vw, 1900px\" \/>\n\t<\/div>\n\n<\/div>\t\t\n\t<\/div>\n\n\t\n\t\n\t<script type=\"application\/ld+json\">\n\t{\n\t\t\"@context\": \"http:\/\/schema.org\",\n\t\t\"@type\"   : \"ImageGallery\",\n\t\t\"id\"      : \"https:\/\/www.santjosep.net\/de\/sehen\/besuche\/cueva-de-sa-sal-rossa-oder-rafael-alberti-hoehle\/\",\n\t\t\"url\"     : \"https:\/\/www.santjosep.net\/de\/sehen\/besuche\/cueva-de-sa-sal-rossa-oder-rafael-alberti-hoehle\/\"\n\t}\n\n\t<\/script>\n\n\t\n<\/div>\n[\/vc_column_text][\/vc_column][\/vc_row]<\/p>\n<\/div>","protected":false},"excerpt":{"rendered":"<p>[vc_row enable_hue_rotation=&#8220;no&#8220; enable_text_marquee=&#8220;no&#8220;][vc_column][vc_column_text]Die Cueva de sa Sal Rossa (Katalanisch f\u00fcr: \u201eH\u00f6hle des Roten Salzes\u201c) befindet sich ganz in der N\u00e4he des gleichnamigen Verteidigungsturmes und kann auf eine bewegte Geschichte zur\u00fcckblicken, da sie dem Dichter Rafael Alberti zwanzig Tage lang als [&hellip;]<\/p>\n","protected":false},"author":1,"featured_media":31274,"parent":5839,"menu_order":0,"comment_status":"closed","ping_status":"closed","template":"","meta":{"_acf_changed":false,"inline_featured_image":false,"footnotes":""},"categoria_pagina":[],"class_list":["post-31301","page","type-page","status-publish","has-post-thumbnail","hentry"],"acf":[],"yoast_head":"<!-- This site is optimized with the Yoast SEO plugin v25.7 - https:\/\/yoast.com\/wordpress\/plugins\/seo\/ -->\n<title>Cueva de sa Sal Rossa, oder \u201eRafael Alberti-H\u00f6hle\u201c - Santjosep.net<\/title>\n<meta name=\"robots\" content=\"index, follow, max-snippet:-1, max-image-preview:large, max-video-preview:-1\" \/>\n<link rel=\"canonical\" href=\"https:\/\/www.santjosep.net\/de\/sehen\/besuche\/cueva-de-sa-sal-rossa-oder-rafael-alberti-hoehle\/\" \/>\n<meta property=\"og:locale\" content=\"de_DE\" \/>\n<meta property=\"og:type\" content=\"article\" \/>\n<meta property=\"og:title\" content=\"Cueva de sa Sal Rossa, oder \u201eRafael Alberti-H\u00f6hle\u201c - Santjosep.net\" \/>\n<meta property=\"og:description\" content=\"[vc_row enable_hue_rotation=&#8220;no&#8220; enable_text_marquee=&#8220;no&#8220;][vc_column][vc_column_text]Die Cueva de sa Sal Rossa (Katalanisch f\u00fcr: \u201eH\u00f6hle des Roten Salzes\u201c) befindet sich ganz in der N\u00e4he des gleichnamigen Verteidigungsturmes und kann auf eine bewegte Geschichte zur\u00fcckblicken, da sie dem Dichter Rafael Alberti zwanzig Tage lang als [&hellip;]\" \/>\n<meta property=\"og:url\" content=\"https:\/\/www.santjosep.net\/de\/sehen\/besuche\/cueva-de-sa-sal-rossa-oder-rafael-alberti-hoehle\/\" \/>\n<meta property=\"og:site_name\" content=\"Santjosep.net\" \/>\n<meta property=\"article:modified_time\" content=\"2022-01-19T12:11:38+00:00\" \/>\n<meta property=\"og:image\" content=\"https:\/\/www.santjosep.net\/wp-content\/uploads\/2022\/01\/web-01134.jpg\" \/>\n\t<meta property=\"og:image:width\" content=\"1900\" \/>\n\t<meta property=\"og:image:height\" content=\"1267\" \/>\n\t<meta property=\"og:image:type\" content=\"image\/jpeg\" \/>\n<meta name=\"twitter:card\" content=\"summary_large_image\" \/>\n<meta name=\"twitter:label1\" content=\"Gesch\u00e4tzte Lesezeit\" \/>\n\t<meta name=\"twitter:data1\" content=\"1\u00a0Minute\" \/>\n<script type=\"application\/ld+json\" class=\"yoast-schema-graph\">{\"@context\":\"https:\/\/schema.org\",\"@graph\":[{\"@type\":\"WebPage\",\"@id\":\"https:\/\/www.santjosep.net\/de\/sehen\/besuche\/cueva-de-sa-sal-rossa-oder-rafael-alberti-hoehle\/\",\"url\":\"https:\/\/www.santjosep.net\/de\/sehen\/besuche\/cueva-de-sa-sal-rossa-oder-rafael-alberti-hoehle\/\",\"name\":\"Cueva de sa Sal Rossa, oder \u201eRafael Alberti-H\u00f6hle\u201c - Santjosep.net\",\"isPartOf\":{\"@id\":\"https:\/\/www.santjosep.net\/#website\"},\"primaryImageOfPage\":{\"@id\":\"https:\/\/www.santjosep.net\/de\/sehen\/besuche\/cueva-de-sa-sal-rossa-oder-rafael-alberti-hoehle\/#primaryimage\"},\"image\":{\"@id\":\"https:\/\/www.santjosep.net\/de\/sehen\/besuche\/cueva-de-sa-sal-rossa-oder-rafael-alberti-hoehle\/#primaryimage\"},\"thumbnailUrl\":\"https:\/\/www.santjosep.net\/wp-content\/uploads\/2022\/01\/web-01134.jpg\",\"datePublished\":\"2022-01-19T11:56:09+00:00\",\"dateModified\":\"2022-01-19T12:11:38+00:00\",\"breadcrumb\":{\"@id\":\"https:\/\/www.santjosep.net\/de\/sehen\/besuche\/cueva-de-sa-sal-rossa-oder-rafael-alberti-hoehle\/#breadcrumb\"},\"inLanguage\":\"de\",\"potentialAction\":[{\"@type\":\"ReadAction\",\"target\":[\"https:\/\/www.santjosep.net\/de\/sehen\/besuche\/cueva-de-sa-sal-rossa-oder-rafael-alberti-hoehle\/\"]}]},{\"@type\":\"ImageObject\",\"inLanguage\":\"de\",\"@id\":\"https:\/\/www.santjosep.net\/de\/sehen\/besuche\/cueva-de-sa-sal-rossa-oder-rafael-alberti-hoehle\/#primaryimage\",\"url\":\"https:\/\/www.santjosep.net\/wp-content\/uploads\/2022\/01\/web-01134.jpg\",\"contentUrl\":\"https:\/\/www.santjosep.net\/wp-content\/uploads\/2022\/01\/web-01134.jpg\",\"width\":1900,\"height\":1267},{\"@type\":\"BreadcrumbList\",\"@id\":\"https:\/\/www.santjosep.net\/de\/sehen\/besuche\/cueva-de-sa-sal-rossa-oder-rafael-alberti-hoehle\/#breadcrumb\",\"itemListElement\":[{\"@type\":\"ListItem\",\"position\":1,\"name\":\"Sehen\",\"item\":\"https:\/\/www.santjosep.net\/de\/sehen\/\"},{\"@type\":\"ListItem\",\"position\":2,\"name\":\"Besuche\",\"item\":\"https:\/\/www.santjosep.net\/de\/sehen\/besuche\/\"},{\"@type\":\"ListItem\",\"position\":3,\"name\":\"Cueva de sa Sal Rossa, oder \u201eRafael Alberti-H\u00f6hle\u201c\"}]},{\"@type\":\"WebSite\",\"@id\":\"https:\/\/www.santjosep.net\/#website\",\"url\":\"https:\/\/www.santjosep.net\/\",\"name\":\"Santjosep.net\",\"description\":\"\",\"potentialAction\":[{\"@type\":\"SearchAction\",\"target\":{\"@type\":\"EntryPoint\",\"urlTemplate\":\"https:\/\/www.santjosep.net\/?s={search_term_string}\"},\"query-input\":{\"@type\":\"PropertyValueSpecification\",\"valueRequired\":true,\"valueName\":\"search_term_string\"}}],\"inLanguage\":\"de\"}]}<\/script>\n<!-- \/ Yoast SEO plugin. -->","yoast_head_json":{"title":"Cueva de sa Sal Rossa, oder \u201eRafael Alberti-H\u00f6hle\u201c - Santjosep.net","robots":{"index":"index","follow":"follow","max-snippet":"max-snippet:-1","max-image-preview":"max-image-preview:large","max-video-preview":"max-video-preview:-1"},"canonical":"https:\/\/www.santjosep.net\/de\/sehen\/besuche\/cueva-de-sa-sal-rossa-oder-rafael-alberti-hoehle\/","og_locale":"de_DE","og_type":"article","og_title":"Cueva de sa Sal Rossa, oder \u201eRafael Alberti-H\u00f6hle\u201c - Santjosep.net","og_description":"[vc_row enable_hue_rotation=&#8220;no&#8220; enable_text_marquee=&#8220;no&#8220;][vc_column][vc_column_text]Die Cueva de sa Sal Rossa (Katalanisch f\u00fcr: \u201eH\u00f6hle des Roten Salzes\u201c) befindet sich ganz in der N\u00e4he des gleichnamigen Verteidigungsturmes und kann auf eine bewegte Geschichte zur\u00fcckblicken, da sie dem Dichter Rafael Alberti zwanzig Tage lang als [&hellip;]","og_url":"https:\/\/www.santjosep.net\/de\/sehen\/besuche\/cueva-de-sa-sal-rossa-oder-rafael-alberti-hoehle\/","og_site_name":"Santjosep.net","article_modified_time":"2022-01-19T12:11:38+00:00","og_image":[{"width":1900,"height":1267,"url":"https:\/\/www.santjosep.net\/wp-content\/uploads\/2022\/01\/web-01134.jpg","type":"image\/jpeg"}],"twitter_card":"summary_large_image","twitter_misc":{"Gesch\u00e4tzte Lesezeit":"1\u00a0Minute"},"schema":{"@context":"https:\/\/schema.org","@graph":[{"@type":"WebPage","@id":"https:\/\/www.santjosep.net\/de\/sehen\/besuche\/cueva-de-sa-sal-rossa-oder-rafael-alberti-hoehle\/","url":"https:\/\/www.santjosep.net\/de\/sehen\/besuche\/cueva-de-sa-sal-rossa-oder-rafael-alberti-hoehle\/","name":"Cueva de sa Sal Rossa, oder \u201eRafael Alberti-H\u00f6hle\u201c - Santjosep.net","isPartOf":{"@id":"https:\/\/www.santjosep.net\/#website"},"primaryImageOfPage":{"@id":"https:\/\/www.santjosep.net\/de\/sehen\/besuche\/cueva-de-sa-sal-rossa-oder-rafael-alberti-hoehle\/#primaryimage"},"image":{"@id":"https:\/\/www.santjosep.net\/de\/sehen\/besuche\/cueva-de-sa-sal-rossa-oder-rafael-alberti-hoehle\/#primaryimage"},"thumbnailUrl":"https:\/\/www.santjosep.net\/wp-content\/uploads\/2022\/01\/web-01134.jpg","datePublished":"2022-01-19T11:56:09+00:00","dateModified":"2022-01-19T12:11:38+00:00","breadcrumb":{"@id":"https:\/\/www.santjosep.net\/de\/sehen\/besuche\/cueva-de-sa-sal-rossa-oder-rafael-alberti-hoehle\/#breadcrumb"},"inLanguage":"de","potentialAction":[{"@type":"ReadAction","target":["https:\/\/www.santjosep.net\/de\/sehen\/besuche\/cueva-de-sa-sal-rossa-oder-rafael-alberti-hoehle\/"]}]},{"@type":"ImageObject","inLanguage":"de","@id":"https:\/\/www.santjosep.net\/de\/sehen\/besuche\/cueva-de-sa-sal-rossa-oder-rafael-alberti-hoehle\/#primaryimage","url":"https:\/\/www.santjosep.net\/wp-content\/uploads\/2022\/01\/web-01134.jpg","contentUrl":"https:\/\/www.santjosep.net\/wp-content\/uploads\/2022\/01\/web-01134.jpg","width":1900,"height":1267},{"@type":"BreadcrumbList","@id":"https:\/\/www.santjosep.net\/de\/sehen\/besuche\/cueva-de-sa-sal-rossa-oder-rafael-alberti-hoehle\/#breadcrumb","itemListElement":[{"@type":"ListItem","position":1,"name":"Sehen","item":"https:\/\/www.santjosep.net\/de\/sehen\/"},{"@type":"ListItem","position":2,"name":"Besuche","item":"https:\/\/www.santjosep.net\/de\/sehen\/besuche\/"},{"@type":"ListItem","position":3,"name":"Cueva de sa Sal Rossa, oder \u201eRafael Alberti-H\u00f6hle\u201c"}]},{"@type":"WebSite","@id":"https:\/\/www.santjosep.net\/#website","url":"https:\/\/www.santjosep.net\/","name":"Santjosep.net","description":"","potentialAction":[{"@type":"SearchAction","target":{"@type":"EntryPoint","urlTemplate":"https:\/\/www.santjosep.net\/?s={search_term_string}"},"query-input":{"@type":"PropertyValueSpecification","valueRequired":true,"valueName":"search_term_string"}}],"inLanguage":"de"}]}},"_links":{"self":[{"href":"https:\/\/www.santjosep.net\/de\/wp-json\/wp\/v2\/pages\/31301","targetHints":{"allow":["GET"]}}],"collection":[{"href":"https:\/\/www.santjosep.net\/de\/wp-json\/wp\/v2\/pages"}],"about":[{"href":"https:\/\/www.santjosep.net\/de\/wp-json\/wp\/v2\/types\/page"}],"author":[{"embeddable":true,"href":"https:\/\/www.santjosep.net\/de\/wp-json\/wp\/v2\/users\/1"}],"replies":[{"embeddable":true,"href":"https:\/\/www.santjosep.net\/de\/wp-json\/wp\/v2\/comments?post=31301"}],"version-history":[{"count":0,"href":"https:\/\/www.santjosep.net\/de\/wp-json\/wp\/v2\/pages\/31301\/revisions"}],"up":[{"embeddable":true,"href":"https:\/\/www.santjosep.net\/de\/wp-json\/wp\/v2\/pages\/5839"}],"wp:featuredmedia":[{"embeddable":true,"href":"https:\/\/www.santjosep.net\/de\/wp-json\/wp\/v2\/media\/31274"}],"wp:attachment":[{"href":"https:\/\/www.santjosep.net\/de\/wp-json\/wp\/v2\/media?parent=31301"}],"wp:term":[{"taxonomy":"categoria_pagina","embeddable":true,"href":"https:\/\/www.santjosep.net\/de\/wp-json\/wp\/v2\/categoria_pagina?post=31301"}],"curies":[{"name":"wp","href":"https:\/\/api.w.org\/{rel}","templated":true}]}}