{"id":30959,"date":"2022-01-18T13:13:04","date_gmt":"2022-01-18T12:13:04","guid":{"rendered":"https:\/\/www.santjosep.net\/sehen\/natur\/la-posidonia-oceanica\/"},"modified":"2022-01-18T15:34:11","modified_gmt":"2022-01-18T14:34:11","slug":"ozeanische-posidonie","status":"publish","type":"page","link":"https:\/\/www.santjosep.net\/de\/sehen\/natur\/ozeanische-posidonie\/","title":{"rendered":"Ozeanische Posidonie"},"content":{"rendered":"<div class=\"wpb-content-wrapper\"><p>[vc_row enable_hue_rotation=&#8220;no&#8220; enable_text_marquee=&#8220;no&#8220;][vc_column][vc_column_text]<\/p>\n<h2>Ozeanische Posidonie<\/h2>\n<p>[\/vc_column_text][\/vc_column][\/vc_row][vc_row enable_hue_rotation=&#8220;no&#8220; enable_text_marquee=&#8220;no&#8220;][vc_column][vc_column_text]Wer das erste Mal unsere K\u00fcsten besucht, der wird wahrscheinlich \u00fcberrascht sein, wie klar das Wasser ist. Daf\u00fcr ist \u2013 wie viele sicher schon wissen \u2013 eine ganz besondere Pflanze verantwortlich, die hier heimisch ist: das <strong>Posidonia-Seegras<\/strong>.<\/p>\n<p>Die Seegraswiesen der Baleareninseln sind auf verschiedene Orte verteilt, die gr\u00f6\u00dften befinden sich jedoch bei <strong>Ses Salines d\u2019Eivissa i Formentera<\/strong>, im S\u00fcden Formenteras, in Sant Antoni de Portmany, im S\u00fcden Menorcas, auf Mallorca in den Buchten von Alc\u00fadia, Palma und Pollen\u00e7a und vor der Insel Cabrera.<\/p>\n<div id=\"new-royalslider-97\" class=\"royalSlider new-royalslider-97 rsDefaultInv rs-image-gallery\" style=\"width:100%;height:500px;;\" data-rs-options='{&quot;template&quot;:&quot;default&quot;,&quot;image_generation&quot;:{&quot;lazyLoading&quot;:&quot;true&quot;,&quot;imageWidth&quot;:&quot;&quot;,&quot;imageHeight&quot;:&quot;&quot;,&quot;thumbImageWidth&quot;:96,&quot;thumbImageHeight&quot;:72},&quot;thumbs&quot;:{&quot;paddingBottom&quot;:4,&quot;thumbWidth&quot;:96,&quot;thumbHeight&quot;:72,&quot;appendSpan&quot;:&quot;true&quot;},&quot;fullscreen&quot;:{&quot;enabled&quot;:&quot;true&quot;,&quot;nativeFS&quot;:&quot;true&quot;},&quot;block&quot;:{&quot;moveOffset&quot;:20,&quot;speed&quot;:400,&quot;delay&quot;:200},&quot;width&quot;:&quot;100%&quot;,&quot;height&quot;:500,&quot;autoScaleSlider&quot;:&quot;true&quot;,&quot;autoScaleSliderWidth&quot;:960,&quot;autoScaleSliderHeight&quot;:850,&quot;controlNavigation&quot;:&quot;thumbnails&quot;,&quot;arrowsNavHideOnTouch&quot;:&quot;true&quot;,&quot;globalCaptionInside&quot;:&quot;true&quot;,&quot;keyboardNavEnabled&quot;:&quot;true&quot;,&quot;fadeinLoadedSlide&quot;:&quot;false&quot;}'>\n<div class=\"rsContent\">\n  <a class=\"rsImg\" href=\"https:\/\/www.santjosep.net\/wp-content\/uploads\/2018\/01\/formentera_posidonia.jpg\" data-rsBigImg=\"https:\/\/www.santjosep.net\/wp-content\/uploads\/2018\/01\/formentera_posidonia.jpg\">formentera_posidonia<\/a>\n  <div class=\"rsTmb\"><img decoding=\"async\" src=\"https:\/\/www.santjosep.net\/wp-content\/uploads\/2018\/01\/formentera_posidonia-96x72.jpg\" alt=\"\" \/><\/div>\n  \n  \n<\/div>\n<div class=\"rsContent\">\n  <a class=\"rsImg\" href=\"https:\/\/www.santjosep.net\/wp-content\/uploads\/2018\/01\/IMG_4075-1024x683.jpg\" data-rsBigImg=\"https:\/\/www.santjosep.net\/wp-content\/uploads\/2018\/01\/IMG_4075.jpg\">IMG_4075<\/a>\n  <div class=\"rsTmb\"><img decoding=\"async\" src=\"https:\/\/www.santjosep.net\/wp-content\/uploads\/2018\/01\/IMG_4075-96x72.jpg\" alt=\"\" \/><\/div>\n  \n  \n<\/div>\n<div class=\"rsContent\">\n  <a class=\"rsImg\" href=\"https:\/\/www.santjosep.net\/wp-content\/uploads\/2018\/01\/salinassigpac-1024x751.jpg\" data-rsBigImg=\"https:\/\/www.santjosep.net\/wp-content\/uploads\/2018\/01\/salinassigpac.jpg\">salinassigpac<\/a>\n  <div class=\"rsTmb\"><img decoding=\"async\" src=\"https:\/\/www.santjosep.net\/wp-content\/uploads\/2018\/01\/salinassigpac-96x72.jpg\" alt=\"\" \/><\/div>\n  \n  \n<\/div>\n<div class=\"rsContent\">\n  <a class=\"rsImg\" href=\"https:\/\/www.santjosep.net\/wp-content\/uploads\/2018\/01\/IMG_4043-1024x683.jpg\" data-rsBigImg=\"https:\/\/www.santjosep.net\/wp-content\/uploads\/2018\/01\/IMG_4043.jpg\">IMG_4043<\/a>\n  <div class=\"rsTmb\"><img decoding=\"async\" src=\"https:\/\/www.santjosep.net\/wp-content\/uploads\/2018\/01\/IMG_4043-96x72.jpg\" alt=\"\" \/><\/div>\n  \n  \n<\/div>\n<div class=\"rsContent\">\n  <a class=\"rsImg\" href=\"https:\/\/www.santjosep.net\/wp-content\/uploads\/2018\/01\/formentera_posidonia3.jpg\" data-rsBigImg=\"https:\/\/www.santjosep.net\/wp-content\/uploads\/2018\/01\/formentera_posidonia3.jpg\">formentera_posidonia3<\/a>\n  <div class=\"rsTmb\"><img decoding=\"async\" src=\"https:\/\/www.santjosep.net\/wp-content\/uploads\/2018\/01\/formentera_posidonia3-96x72.jpg\" alt=\"\" \/><\/div>\n  \n  \n<\/div>\n<div class=\"rsContent\">\n  <a class=\"rsImg\" href=\"https:\/\/www.santjosep.net\/wp-content\/uploads\/2018\/01\/formentera_posidonia2.jpg\" data-rsBigImg=\"https:\/\/www.santjosep.net\/wp-content\/uploads\/2018\/01\/formentera_posidonia2.jpg\">formentera_posidonia2<\/a>\n  <div class=\"rsTmb\"><img decoding=\"async\" src=\"https:\/\/www.santjosep.net\/wp-content\/uploads\/2018\/01\/formentera_posidonia2-96x72.jpg\" alt=\"\" \/><\/div>\n  \n  \n<\/div>\n<div class=\"rsContent\">\n  <a class=\"rsImg\" href=\"https:\/\/www.santjosep.net\/wp-content\/uploads\/2018\/01\/formentera_posidonia4.jpg\" data-rsBigImg=\"https:\/\/www.santjosep.net\/wp-content\/uploads\/2018\/01\/formentera_posidonia4.jpg\">formentera_posidonia4<\/a>\n  <div class=\"rsTmb\"><img decoding=\"async\" src=\"https:\/\/www.santjosep.net\/wp-content\/uploads\/2018\/01\/formentera_posidonia4-96x72.jpg\" alt=\"\" \/><\/div>\n  \n  \n<\/div>\n\n<\/div>\n\n<p><em>Ses Salines Str\u00e4nde<\/em><\/p>\n<p>Es sei erw\u00e4hnt, dass die Seegraswiesen vor Sant Josep (im Naturpark Ses Salines d\u2019Eivissa i Formentera) im Jahr 1999 von der <strong>UNESCO<\/strong> zum <strong>Weltnaturerbe erkl\u00e4rt wurden<\/strong>. Im selben Jahr wurden auch andere bekannte historische St\u00e4tten in die Welterbeliste aufgenommen, wie z.B. die Ph\u00f6niziersiedlung Sa Caleta.<\/p>\n<p>&nbsp;<\/p>\n<p>Aber was genau ist Posidonia? Handelt es sich um eine Alge? Und welche Funktionen erf\u00fcllt sie eigentlich?<\/p>\n<h2><strong>1. Lebensraum<br \/>\n<\/strong><\/h2>\n<p>Bei den <strong>Posidonia-Seegraswiesen<\/strong> handelt es sich um eine Spezies, die nur im <strong>Mittelmeer<\/strong> und nirgendwo sonst auf der Welt vorkommt. Sie w\u00e4chst, je nach Klarheit des Wassers, in bis zu <strong>30-40 m Tiefe<\/strong>.<\/p>\n<h2><strong>2.\u00a0Biologische daten<\/strong><\/h2>\n<p><b>\u2013 Beschreibung<\/b><\/p>\n<p>Bei der Posidonia Oceanica handelt es sich um eine h\u00f6here <strong>Pflanzenart,<\/strong> die sich dahingehend von einfachen Algen unterscheidet, dass sie \u00fcber Bl\u00e4tter, einen Stamm, Wurzeln, Bl\u00fcten und Fr\u00fcchte verf\u00fcgt. Das Vorhandensein von Bl\u00fcten deutet darauf hin, dass die Pflanze in fr\u00fcherer Zeit an Land wuchs und sich dann an die Existenz unter Wasser angepasst hat, wo die Bl\u00fcten keine Insekten f\u00fcr die Best\u00e4ubung mehr anziehen mussten.<\/p>\n<p>Die Bl\u00e4tter der Posidonia gleichen flachen B\u00e4ndern von ca. 1 cm Breite und zwischen <strong>10 \u2013 150 cm L\u00e4nge<\/strong>, je nach Jahreszeit<\/p>\n<p><img loading=\"lazy\" decoding=\"async\" class=\"alignnone size-full wp-image-12583\" src=\"https:\/\/www.santjosep.net\/wp-content\/uploads\/2018\/01\/posidonia3.jpg\" alt=\"\" width=\"1000\" height=\"667\" srcset=\"https:\/\/www.santjosep.net\/wp-content\/uploads\/2018\/01\/posidonia3.jpg 1000w, https:\/\/www.santjosep.net\/wp-content\/uploads\/2018\/01\/posidonia3-300x200.jpg 300w, https:\/\/www.santjosep.net\/wp-content\/uploads\/2018\/01\/posidonia3-768x512.jpg 768w\" sizes=\"auto, (max-width: 1000px) 100vw, 1000px\" \/><\/p>\n<p>Die einzelnen Posidonia-B\u00fcschel wachsen in ausgedehnten Unterwasserwiesen und weisen eine sehr widerstandsf\u00e4hige und langlebige Struktur auf. (Tats\u00e4chlich geh\u00f6rt die Seegraswiese im Naturpark von Ses Salines d\u2019Eivissa i Formentera <strong>zu den langlebigsten Lebewesen der Welt<\/strong>.)<br \/>\n<strong><br \/>\n<b>\u2013 Jahreszyklus<\/b><br \/>\n<\/strong><\/p>\n<p>Die Posidonia Oceanica hat einen klaren Jahreszyklus \u2013 sie w\u00e4chst und wirft ihre Bl\u00e4tter ab.<\/p>\n<p>Wenn im Fr\u00fchjahr die Temperaturen steigen, wachsen auch die Bl\u00e4tter der Posidonia. Im Sommer erreichen sie dann ihre maximale L\u00e4nge und werden nach und nach von anderen Organismen und Algen besiedelt, die eine dichte Decke aus Aufsitzerpflanzen, den sog. Epiphyten, bilden.<\/p>\n<p>Im Herbst, wenn die Wassertemperatur sinkt und vermehrt St\u00fcrme auftreten, wirft die Pflanze ihre Bl\u00e4tter ab.Im Winter verf\u00fcgt die Pflanze \u00fcber nur wenige, kurze und junge Bl\u00e4tter. Durch die niedrigen Temperaturen w\u00e4chst sie in der Zeit bis zum n\u00e4chsten Fr\u00fchling nur minimal.<\/p>\n<p><strong>\u00a0<b>\u2013 Fortpflanzung<\/b><\/strong><\/p>\n<p>Die Posidonia Oceanica geh\u00f6rt zu den bl\u00fctentragenden Meerespflanzen und kann sich sexuell \u00fcber ihre Bl\u00fcten und Fr\u00fcchte fortpflanzen. Die eigenartigen und unscheinbaren Bl\u00fcten sind <strong>hermaphroditisch<\/strong> angelegt. (Das hei\u00dft, sie verf\u00fcgen \u00fcber m\u00e4nnliche und weibliche Geschlechtsorgane.)<\/p>\n<p>Am h\u00e4ufigsten findet die Fortpflanzung der Posidonia Oceanica jedoch auf vegetativem Weg, also asexuell, statt. Dies geschieht \u00fcber Ausl\u00e4ufer (horizontal wachsende Knospen) und erm\u00f6glicht die Vergr\u00f6\u00dferung der Seegraswiese. Es wurde au\u00dferdem bereits beobachtet, wie sich ganze Pflanzenb\u00fcschel vegetativ fortpflanzen, die w\u00e4hrend eines Sturmes ausgerissen wurden und an einem neuen Standort Fu\u00df fassen, wenn dieser geeignete Lebensbedingungen biete<\/p>\n<p><strong><b>\u2013 Eigenschaften und Bedeutung der Seegraswiesen<\/b><\/strong><\/p>\n<p>Die Wiesen der Posidonia Oceanica bedecken gro\u00dfe Teile der mediterranen K\u00fcstenlinie und spielen dementsprechend eine wichtige Rolle bei der Erhaltung des Meeresbodens, denn sie stabilisieren den Untergrund mit ihren Wurzeln. Sie bilden so Riffe, die gewisserma\u00dfen als Barriere funktionieren, zur Erhaltung des Sedimentgleichgewichts beitragen und die K\u00fcsten und Str\u00e4nde vor Erosion sch\u00fctzen.<\/p>\n<p><img loading=\"lazy\" decoding=\"async\" class=\"alignnone size-full wp-image-12584\" src=\"https:\/\/www.santjosep.net\/wp-content\/uploads\/2018\/01\/posidonia4.jpg\" alt=\"\" width=\"1200\" height=\"667\" \/><\/p>\n<p>Dar\u00fcber hinaus sind sie ein wichtiger Sauerstoffproduzent und R\u00fcckzugsort f\u00fcr zahlreiche Tierarten.<br \/>\nDie Wiesen funktionieren au\u00dferdem wie ein riesiger Filter und halten das Meerwasser rein und klar.<\/p>\n<p>&nbsp;<\/p>\n<h4><strong>Nutzen der Posidonia<\/strong><\/h4>\n<p>&#8211; Sie filtert das Wasser, h\u00e4lt es sauber und klar.<br \/>\n&#8211; Sie sch\u00fctzt die Str\u00e4nde vor der Erosion und bewahrt so die K\u00fcstenlinie.<br \/>\n&#8211; Sie tr\u00e4gt au\u00dferdem zur Abschw\u00e4chung der Hydrodynamik (der Wasserstr\u00f6mungen) und somit zur weiteren Verringerung der Erosionseffekte bei.<\/p>\n<p><img loading=\"lazy\" decoding=\"async\" class=\"alignnone size-large wp-image-12586\" src=\"https:\/\/www.santjosep.net\/wp-content\/uploads\/2018\/01\/posidoniaMesa-de-trabajo-1@2x-1024x609.png\" alt=\"\" width=\"1024\" height=\"609\" srcset=\"https:\/\/www.santjosep.net\/wp-content\/uploads\/2018\/01\/posidoniaMesa-de-trabajo-1@2x-1024x609.png 1024w, https:\/\/www.santjosep.net\/wp-content\/uploads\/2018\/01\/posidoniaMesa-de-trabajo-1@2x-300x178.png 300w, https:\/\/www.santjosep.net\/wp-content\/uploads\/2018\/01\/posidoniaMesa-de-trabajo-1@2x-768x457.png 768w\" sizes=\"auto, (max-width: 1024px) 100vw, 1024px\" \/><\/p>\n<h2>3. Bedrohungen f\u00fcr die art<\/h2>\n<p>Die Posidonia Oceanica ist zahlreichen Bedrohungen ausgesetzt. Einerseits reagiert die Pflanze sensibel auf Transparenzunterschiede des Wassers. Wenn das Wasser z.B. durch Aufwirbelungen oder Verschmutzungen tr\u00fcbe ist, leidet die Seegraswiese darunter.<\/p>\n<p>Andererseits ist die Pflanze auch von ankernden Booten negativ betroffen, da sie in verh\u00e4ltnism\u00e4\u00dfig geringer Tiefe w\u00e4chst. Bei vielen Bootshaltern und Seglern herrscht Unwissen \u00fcber die Posidonia \u2013 sie ankern wie gewohnt und entwurzeln damit direkt die Pflanzen.<\/p>\n<p>Einige Autoren f\u00fchren auch die negativen Effekte invasiver Spezies wie der Algen <em>Lophocladia Lalemandii und Caulerpa Racemosa<\/em> auf die Posidonia-Seegraswiesen an.<\/p>\n<p><img loading=\"lazy\" decoding=\"async\" class=\"alignnone size-full wp-image-12585\" src=\"https:\/\/www.santjosep.net\/wp-content\/uploads\/2018\/01\/posidonia5.jpg\" alt=\"\" width=\"1000\" height=\"667\" srcset=\"https:\/\/www.santjosep.net\/wp-content\/uploads\/2018\/01\/posidonia5.jpg 1000w, https:\/\/www.santjosep.net\/wp-content\/uploads\/2018\/01\/posidonia5-300x200.jpg 300w, https:\/\/www.santjosep.net\/wp-content\/uploads\/2018\/01\/posidonia5-768x512.jpg 768w\" sizes=\"auto, (max-width: 1000px) 100vw, 1000px\" \/><\/p>\n<h2>4. Interessante faken<\/h2>\n<p>\u2013 Fr\u00fcher wurden die Bl\u00e4tter der Posidonia zur D\u00e4mmung der D\u00e4cher von Bauernh\u00e4usern verwendet, als Schlafunterlage f\u00fcr das Vieh und zum Verpacken zerbrechlicher G\u00fcter.<\/p>\n<p>\u2013 Aktuell wird an M\u00f6glichkeiten geforscht, die Pflanze in der Biogasproduktion einzusetzen.<\/p>\n<p>\u2013 Ihr Alter wird auf etwa 100.000 Jahre gesch\u00e4tzt. (Die Pflanze w\u00e4chst ca. 1-2 cm pro Jahr.)<\/p>\n<p>\u2013 Ein Quadratmeter Seegraswiese kann bis zu 14 Liter Sauerstoff pro Tag produzieren.<\/p>\n<p>\u2013 Die Posidonia-Seegraswiesen bieten \u00fcber 1.000 verschiedenen Tierarten einen Schutzraum und eine Nahrungsquelle.<\/p>\n<p>&nbsp;<\/p>\n<h2>5. Mehr informationen rund um die Posidonia:<\/h2>\n<p><strong><a href=\"https:\/\/tourismus.eivissa.es\/viu-la-posidonia\/\" target=\"_blank\" rel=\"noopener\">PROJEKT: &#8222;VIVE LA POSIDONIA&#8220;<\/a><br \/>\n<\/strong><\/p>\n<p>Mit dem Ziel, den Anwohnern und Touristen die Wichtigkeit der Posidonia vor Augen zu f\u00fchren, hat das Rathaus von Ibiza das Projekt \u201cVive la Posidonia\u201d (\u201cDie Posidonia lebt\u201d) ins Leben gerufen. Damit soll auf die wichtige Rolle der Pflanze und auf den verantwortungsvollen Umgang mit ihr hingewiesen werden. Das Projekt umfasst Aktivit\u00e4ten aus den Bereichen Kunst, Natur und Gastronomie.<\/p>\n<p><iframe loading=\"lazy\" src=\"https:\/\/www.youtube.com\/embed\/oUtjima2Q-w\" width=\"854\" height=\"480\" frameborder=\"0\" allowfullscreen=\"allowfullscreen\"><\/iframe><\/p>\n<p><a href=\"https:\/\/www.saveposidoniaproject.org\/en\/\" target=\"_blank\" rel=\"noopener\"><strong>SAVE POSIDONIA PROJEKT FORMENTERA<\/strong><\/a><\/p>\n<p>Das \u201cSave Posidonia\u201d-Projekt wurde vom Inselrat der Baleareninsel Formentera angesto\u00dfen, der einen nachhaltigen Tourismus f\u00f6rdern und einen Aktionsplan schaffen will, um Gelder f\u00fcr den Erhalt der Posidonia Oceanica zu sammeln. Das Projekt soll heutige und zuk\u00fcnftige <a href=\"https:\/\/www.saveposidoniaproject.org\/en\/aportaciones\/save-posidonia-project\/sponsor-the-posidonia\/\" target=\"_blank\" rel=\"noopener\">Generationen<\/a> \u00fcber die Wichtigkeit der Posidonia f\u00fcr Formentera aufkl\u00e4ren.<\/p>\n<p><iframe loading=\"lazy\" src=\"https:\/\/player.vimeo.com\/video\/227069743\" width=\"854\" height=\"480\" frameborder=\"0\" allowfullscreen=\"allowfullscreen\"><span style=\"display: inline-block; width: 0px; overflow: hidden; line-height: 0;\" data-mce-type=\"bookmark\" class=\"mce_SELRES_start\">\ufeff<\/span><span style=\"display: inline-block; width: 0px; overflow: hidden; line-height: 0;\" data-mce-type=\"bookmark\" class=\"mce_SELRES_start\">\ufeff<\/span><\/iframe>[\/vc_column_text][\/vc_column][\/vc_row]<\/p>\n<\/div>","protected":false},"excerpt":{"rendered":"<p>[vc_row enable_hue_rotation=&#8220;no&#8220; enable_text_marquee=&#8220;no&#8220;][vc_column][vc_column_text] Ozeanische Posidonie [\/vc_column_text][\/vc_column][\/vc_row][vc_row enable_hue_rotation=&#8220;no&#8220; enable_text_marquee=&#8220;no&#8220;][vc_column][vc_column_text]Wer das erste Mal unsere K\u00fcsten besucht, der wird wahrscheinlich \u00fcberrascht sein, wie klar das Wasser ist. Daf\u00fcr ist \u2013 wie viele sicher schon wissen \u2013 eine ganz besondere Pflanze verantwortlich, die hier [&hellip;]<\/p>\n","protected":false},"author":1,"featured_media":30811,"parent":5677,"menu_order":0,"comment_status":"closed","ping_status":"closed","template":"page-actividad.php","meta":{"_acf_changed":false,"inline_featured_image":false,"footnotes":""},"categoria_pagina":[],"class_list":["post-30959","page","type-page","status-publish","has-post-thumbnail","hentry"],"acf":[],"yoast_head":"<!-- This site is optimized with the Yoast SEO plugin v25.7 - https:\/\/yoast.com\/wordpress\/plugins\/seo\/ -->\n<title>Ozeanische Posidonie - Santjosep.net<\/title>\n<meta name=\"robots\" content=\"index, follow, max-snippet:-1, max-image-preview:large, max-video-preview:-1\" \/>\n<link rel=\"canonical\" href=\"https:\/\/www.santjosep.net\/de\/sehen\/natur\/ozeanische-posidonie\/\" \/>\n<meta property=\"og:locale\" content=\"de_DE\" \/>\n<meta property=\"og:type\" content=\"article\" \/>\n<meta property=\"og:title\" content=\"Ozeanische Posidonie - Santjosep.net\" \/>\n<meta property=\"og:description\" content=\"[vc_row enable_hue_rotation=&#8220;no&#8220; enable_text_marquee=&#8220;no&#8220;][vc_column][vc_column_text] Ozeanische Posidonie [\/vc_column_text][\/vc_column][\/vc_row][vc_row enable_hue_rotation=&#8220;no&#8220; enable_text_marquee=&#8220;no&#8220;][vc_column][vc_column_text]Wer das erste Mal unsere K\u00fcsten besucht, der wird wahrscheinlich \u00fcberrascht sein, wie klar das Wasser ist. Daf\u00fcr ist \u2013 wie viele sicher schon wissen \u2013 eine ganz besondere Pflanze verantwortlich, die hier [&hellip;]\" \/>\n<meta property=\"og:url\" content=\"https:\/\/www.santjosep.net\/de\/sehen\/natur\/ozeanische-posidonie\/\" \/>\n<meta property=\"og:site_name\" content=\"Santjosep.net\" \/>\n<meta property=\"article:modified_time\" content=\"2022-01-18T14:34:11+00:00\" \/>\n<meta property=\"og:image\" content=\"https:\/\/www.santjosep.net\/wp-content\/uploads\/2022\/01\/Laposidonia.jpg\" \/>\n\t<meta property=\"og:image:width\" content=\"1900\" \/>\n\t<meta property=\"og:image:height\" content=\"1267\" \/>\n\t<meta property=\"og:image:type\" content=\"image\/jpeg\" \/>\n<meta name=\"twitter:card\" content=\"summary_large_image\" \/>\n<meta name=\"twitter:label1\" content=\"Gesch\u00e4tzte Lesezeit\" \/>\n\t<meta name=\"twitter:data1\" content=\"5\u00a0Minuten\" \/>\n<script type=\"application\/ld+json\" class=\"yoast-schema-graph\">{\"@context\":\"https:\/\/schema.org\",\"@graph\":[{\"@type\":\"WebPage\",\"@id\":\"https:\/\/www.santjosep.net\/de\/sehen\/natur\/ozeanische-posidonie\/\",\"url\":\"https:\/\/www.santjosep.net\/de\/sehen\/natur\/ozeanische-posidonie\/\",\"name\":\"Ozeanische Posidonie - Santjosep.net\",\"isPartOf\":{\"@id\":\"https:\/\/www.santjosep.net\/#website\"},\"primaryImageOfPage\":{\"@id\":\"https:\/\/www.santjosep.net\/de\/sehen\/natur\/ozeanische-posidonie\/#primaryimage\"},\"image\":{\"@id\":\"https:\/\/www.santjosep.net\/de\/sehen\/natur\/ozeanische-posidonie\/#primaryimage\"},\"thumbnailUrl\":\"https:\/\/www.santjosep.net\/wp-content\/uploads\/2022\/01\/Laposidonia.jpg\",\"datePublished\":\"2022-01-18T12:13:04+00:00\",\"dateModified\":\"2022-01-18T14:34:11+00:00\",\"breadcrumb\":{\"@id\":\"https:\/\/www.santjosep.net\/de\/sehen\/natur\/ozeanische-posidonie\/#breadcrumb\"},\"inLanguage\":\"de\",\"potentialAction\":[{\"@type\":\"ReadAction\",\"target\":[\"https:\/\/www.santjosep.net\/de\/sehen\/natur\/ozeanische-posidonie\/\"]}]},{\"@type\":\"ImageObject\",\"inLanguage\":\"de\",\"@id\":\"https:\/\/www.santjosep.net\/de\/sehen\/natur\/ozeanische-posidonie\/#primaryimage\",\"url\":\"https:\/\/www.santjosep.net\/wp-content\/uploads\/2022\/01\/Laposidonia.jpg\",\"contentUrl\":\"https:\/\/www.santjosep.net\/wp-content\/uploads\/2022\/01\/Laposidonia.jpg\",\"width\":1900,\"height\":1267},{\"@type\":\"BreadcrumbList\",\"@id\":\"https:\/\/www.santjosep.net\/de\/sehen\/natur\/ozeanische-posidonie\/#breadcrumb\",\"itemListElement\":[{\"@type\":\"ListItem\",\"position\":1,\"name\":\"Sehen\",\"item\":\"https:\/\/www.santjosep.net\/de\/sehen\/\"},{\"@type\":\"ListItem\",\"position\":2,\"name\":\"Natur\",\"item\":\"https:\/\/www.santjosep.net\/de\/sehen\/natur\/\"},{\"@type\":\"ListItem\",\"position\":3,\"name\":\"Ozeanische Posidonie\"}]},{\"@type\":\"WebSite\",\"@id\":\"https:\/\/www.santjosep.net\/#website\",\"url\":\"https:\/\/www.santjosep.net\/\",\"name\":\"Santjosep.net\",\"description\":\"\",\"potentialAction\":[{\"@type\":\"SearchAction\",\"target\":{\"@type\":\"EntryPoint\",\"urlTemplate\":\"https:\/\/www.santjosep.net\/?s={search_term_string}\"},\"query-input\":{\"@type\":\"PropertyValueSpecification\",\"valueRequired\":true,\"valueName\":\"search_term_string\"}}],\"inLanguage\":\"de\"}]}<\/script>\n<!-- \/ Yoast SEO plugin. -->","yoast_head_json":{"title":"Ozeanische Posidonie - Santjosep.net","robots":{"index":"index","follow":"follow","max-snippet":"max-snippet:-1","max-image-preview":"max-image-preview:large","max-video-preview":"max-video-preview:-1"},"canonical":"https:\/\/www.santjosep.net\/de\/sehen\/natur\/ozeanische-posidonie\/","og_locale":"de_DE","og_type":"article","og_title":"Ozeanische Posidonie - Santjosep.net","og_description":"[vc_row enable_hue_rotation=&#8220;no&#8220; enable_text_marquee=&#8220;no&#8220;][vc_column][vc_column_text] Ozeanische Posidonie [\/vc_column_text][\/vc_column][\/vc_row][vc_row enable_hue_rotation=&#8220;no&#8220; enable_text_marquee=&#8220;no&#8220;][vc_column][vc_column_text]Wer das erste Mal unsere K\u00fcsten besucht, der wird wahrscheinlich \u00fcberrascht sein, wie klar das Wasser ist. Daf\u00fcr ist \u2013 wie viele sicher schon wissen \u2013 eine ganz besondere Pflanze verantwortlich, die hier [&hellip;]","og_url":"https:\/\/www.santjosep.net\/de\/sehen\/natur\/ozeanische-posidonie\/","og_site_name":"Santjosep.net","article_modified_time":"2022-01-18T14:34:11+00:00","og_image":[{"width":1900,"height":1267,"url":"https:\/\/www.santjosep.net\/wp-content\/uploads\/2022\/01\/Laposidonia.jpg","type":"image\/jpeg"}],"twitter_card":"summary_large_image","twitter_misc":{"Gesch\u00e4tzte Lesezeit":"5\u00a0Minuten"},"schema":{"@context":"https:\/\/schema.org","@graph":[{"@type":"WebPage","@id":"https:\/\/www.santjosep.net\/de\/sehen\/natur\/ozeanische-posidonie\/","url":"https:\/\/www.santjosep.net\/de\/sehen\/natur\/ozeanische-posidonie\/","name":"Ozeanische Posidonie - Santjosep.net","isPartOf":{"@id":"https:\/\/www.santjosep.net\/#website"},"primaryImageOfPage":{"@id":"https:\/\/www.santjosep.net\/de\/sehen\/natur\/ozeanische-posidonie\/#primaryimage"},"image":{"@id":"https:\/\/www.santjosep.net\/de\/sehen\/natur\/ozeanische-posidonie\/#primaryimage"},"thumbnailUrl":"https:\/\/www.santjosep.net\/wp-content\/uploads\/2022\/01\/Laposidonia.jpg","datePublished":"2022-01-18T12:13:04+00:00","dateModified":"2022-01-18T14:34:11+00:00","breadcrumb":{"@id":"https:\/\/www.santjosep.net\/de\/sehen\/natur\/ozeanische-posidonie\/#breadcrumb"},"inLanguage":"de","potentialAction":[{"@type":"ReadAction","target":["https:\/\/www.santjosep.net\/de\/sehen\/natur\/ozeanische-posidonie\/"]}]},{"@type":"ImageObject","inLanguage":"de","@id":"https:\/\/www.santjosep.net\/de\/sehen\/natur\/ozeanische-posidonie\/#primaryimage","url":"https:\/\/www.santjosep.net\/wp-content\/uploads\/2022\/01\/Laposidonia.jpg","contentUrl":"https:\/\/www.santjosep.net\/wp-content\/uploads\/2022\/01\/Laposidonia.jpg","width":1900,"height":1267},{"@type":"BreadcrumbList","@id":"https:\/\/www.santjosep.net\/de\/sehen\/natur\/ozeanische-posidonie\/#breadcrumb","itemListElement":[{"@type":"ListItem","position":1,"name":"Sehen","item":"https:\/\/www.santjosep.net\/de\/sehen\/"},{"@type":"ListItem","position":2,"name":"Natur","item":"https:\/\/www.santjosep.net\/de\/sehen\/natur\/"},{"@type":"ListItem","position":3,"name":"Ozeanische Posidonie"}]},{"@type":"WebSite","@id":"https:\/\/www.santjosep.net\/#website","url":"https:\/\/www.santjosep.net\/","name":"Santjosep.net","description":"","potentialAction":[{"@type":"SearchAction","target":{"@type":"EntryPoint","urlTemplate":"https:\/\/www.santjosep.net\/?s={search_term_string}"},"query-input":{"@type":"PropertyValueSpecification","valueRequired":true,"valueName":"search_term_string"}}],"inLanguage":"de"}]}},"_links":{"self":[{"href":"https:\/\/www.santjosep.net\/de\/wp-json\/wp\/v2\/pages\/30959","targetHints":{"allow":["GET"]}}],"collection":[{"href":"https:\/\/www.santjosep.net\/de\/wp-json\/wp\/v2\/pages"}],"about":[{"href":"https:\/\/www.santjosep.net\/de\/wp-json\/wp\/v2\/types\/page"}],"author":[{"embeddable":true,"href":"https:\/\/www.santjosep.net\/de\/wp-json\/wp\/v2\/users\/1"}],"replies":[{"embeddable":true,"href":"https:\/\/www.santjosep.net\/de\/wp-json\/wp\/v2\/comments?post=30959"}],"version-history":[{"count":0,"href":"https:\/\/www.santjosep.net\/de\/wp-json\/wp\/v2\/pages\/30959\/revisions"}],"up":[{"embeddable":true,"href":"https:\/\/www.santjosep.net\/de\/wp-json\/wp\/v2\/pages\/5677"}],"wp:featuredmedia":[{"embeddable":true,"href":"https:\/\/www.santjosep.net\/de\/wp-json\/wp\/v2\/media\/30811"}],"wp:attachment":[{"href":"https:\/\/www.santjosep.net\/de\/wp-json\/wp\/v2\/media?parent=30959"}],"wp:term":[{"taxonomy":"categoria_pagina","embeddable":true,"href":"https:\/\/www.santjosep.net\/de\/wp-json\/wp\/v2\/categoria_pagina?post=30959"}],"curies":[{"name":"wp","href":"https:\/\/api.w.org\/{rel}","templated":true}]}}