{"id":30565,"date":"2022-01-13T16:46:55","date_gmt":"2022-01-13T15:46:55","guid":{"rendered":"https:\/\/www.santjosep.net\/sehen\/erbe-und-kultur\/antiguo-muelle-salinero-de-la-xanga\/"},"modified":"2022-01-18T12:00:26","modified_gmt":"2022-01-18T11:00:26","slug":"alter-salzverladeplatz-von-la-xanga","status":"publish","type":"page","link":"https:\/\/www.santjosep.net\/de\/sehen\/erbgut\/alter-salzverladeplatz-von-la-xanga\/","title":{"rendered":"Alter Salzverladeplatz von La Xanga"},"content":{"rendered":"<div class=\"wpb-content-wrapper\"><p>[vc_row enable_hue_rotation=&#8220;no&#8220; enable_text_marquee=&#8220;no&#8220;][vc_column][vc_column_text]<strong>Ibiza <\/strong>kann auf Jahrhunderte reger, st\u00e4ndig zunehmender Handelsaktivit\u00e4t zur\u00fcckblicken, von der ph\u00f6nizisch-punischen Zeit \u00fcber die Kolonisation durch <strong>die R\u00f6mer, die Araber und schlie\u00dflich die Christen<\/strong>.<\/p>\n<p>Am Anfang dieser wirtschaftlichen Aktivit\u00e4t standen die nat\u00fcrlichen Ressourcen der Insel, die Ibiza schlie\u00dflich zu einem bedeutenden <strong>Exportzentrum<\/strong> machten.<\/p>\n<p>Unter all den Waren, die die Insel verschiffte, nahm das Salz eine besondere Stellung ein. Historisch ist die <strong>Salzgewinnung<\/strong> erstmals durch einen arabischen Chronisten belegt, Sch\u00e4tzungen zufolge begann sie aber schon um das Jahr 540 v. Chr. herum.<\/p>\n<p>Von den historischen Produktionsst\u00e4tten sind vereinzelt im \u00e4u\u00dfersten S\u00fcden der Insel noch Reste erhalten geblieben, darunter alte <strong>Verladepunkte<\/strong> des wertvollen Minerals, das von dort aus in die Stadt verschifft wurde.<\/p>\n<p>Einer dieser Verladepunkte befindet sich auf einem Felsvorsprung, auf dem der <a href=\"https:\/\/www.santjosep.net\/de\/sehen\/erbe-und-kultur\/torre-des-carregador-de-sa-sal\/\">Verteidigungsturm Torre de sa Sal Rossa<\/a> den Beginn der kleinen Bucht <a href=\"https:\/\/www.santjosep.net\/de\/sehen\/besuche\/bucht-von-la-xanga\/\">La Xanga<\/a> markiert. Hier wurden neben weiteren Hilfsstrukturen auch ein Anleger errichtet, der seit der Ph\u00f6nizierzeit zur Sammlung des Salzes aus den ersten Salinenteichen diente, seine Bl\u00fctezeit erlebte der Ort allerdings erst im <strong>16. Jahrhundert<\/strong>. Die noch sichtbaren \u00dcberreste sind sp\u00e4rlich: eine etwa 30 Meter lange, felsige Landzunge, deren verstreute Felsbl\u00f6cke sich im Meer verlieren.<\/p>\n<p>Wer diesen Ort besucht, kann sich trotzdem gut vorstellen, warum ausgerechnet hier der Anleger errichtet wurde: Die Bucht befindet sich in der N\u00e4he der Stadt und ihre halbmondartige Form mit einer kleinen vorgelagerten Insel bot ausreichend Schutz f\u00fcr die hier ankernden kleinen Boote und die Verladearbeiten.<\/p>\n<p>[\/vc_column_text][\/vc_column][\/vc_row][vc_row full_width=&#8220;stretch_row_content_no_spaces&#8220; enable_hue_rotation=&#8220;no&#8220; enable_text_marquee=&#8220;no&#8220; el_id=&#8220;galeria&#8220;][vc_column][vc_column_text]<style>#jtg-30399 .modula-item .jtg-social a, .lightbox-socials.jtg-social a{ fill: #ffffff; color: #ffffff }#jtg-30399 .modula-item .jtg-social-mobile a{ fill: #ffffff; color: #ffffff }#jtg-30399 .modula-item .jtg-social svg, .lightbox-socials.jtg-social svg { height: 16px; width: 16px }#jtg-30399 .modula-item .jtg-social-mobile svg { height: 16px; width: 16px }#jtg-30399 .modula-item .jtg-social a:not(:last-child), .lightbox-socials.jtg-social a:not(:last-child) { margin-right: 10px }#jtg-30399 .modula-item .jtg-social-mobile .jtg-social-mobile-icons a:not(:last-child){ margin-right: 10px }#jtg-30399 .modula-item .figc {color:#ffffff;}#jtg-30399 .modula-item .modula-item-content { transform: scale(1) }#jtg-30399 .modula-items .figc p.description { font-size:14px; }#jtg-30399 .modula-items .figc p.description { color:#ffffff;}#jtg-30399.modula-gallery .modula-item > a, #jtg-30399.modula-gallery .modula-item, #jtg-30399.modula-gallery .modula-item-content > a:not(.modula-no-follow) { cursor:zoom-in; } #jtg-30399.modula-gallery .modula-item-content .modula-no-follow { cursor: default; } @media screen and (max-width:480px){#jtg-30399 .modula-item .figc .jtg-title {  font-size: 12px; }#jtg-30399 .modula-items .figc p.description { color:#ffffff;font-size:10px; }}#jtg-30399 .modula-items .modula-item:hover img{opacity:1;}<\/style>\n<div  id=\"jtg-30399\" class=\"modula modula-gallery modula-custom-grid\" data-config=\"{&quot;height&quot;:800,&quot;tabletHeight&quot;:800,&quot;mobileHeight&quot;:800,&quot;desktopHeight&quot;:800,&quot;enableTwitter&quot;:true,&quot;enableWhatsapp&quot;:false,&quot;enableFacebook&quot;:true,&quot;enablePinterest&quot;:true,&quot;enableLinkedin&quot;:true,&quot;enableEmail&quot;:false,&quot;randomFactor&quot;:0.5,&quot;type&quot;:&quot;custom-grid&quot;,&quot;columns&quot;:12,&quot;gutter&quot;:0,&quot;mobileGutter&quot;:0,&quot;tabletGutter&quot;:0,&quot;desktopGutter&quot;:0,&quot;enableResponsive&quot;:&quot;1&quot;,&quot;tabletColumns&quot;:&quot;2&quot;,&quot;mobileColumns&quot;:&quot;1&quot;,&quot;lazyLoad&quot;:&quot;0&quot;,&quot;lightboxOpts&quot;:{&quot;animated&quot;:true,&quot;Thumbs&quot;:{&quot;type&quot;:&quot;modern&quot;,&quot;showOnStart&quot;:false},&quot;Toolbar&quot;:{&quot;display&quot;:{&quot;right&quot;:[&quot;close&quot;]},&quot;enabled&quot;:true},&quot;Carousel&quot;:{&quot;Panzoom&quot;:{&quot;touch&quot;:false},&quot;infinite&quot;:false},&quot;keyboard&quot;:{&quot;Escape&quot;:&quot;close&quot;,&quot;Delete&quot;:&quot;close&quot;,&quot;Backspace&quot;:&quot;close&quot;,&quot;PageUp&quot;:false,&quot;PageDown&quot;:false,&quot;ArrowUp&quot;:false,&quot;ArrowDown&quot;:false,&quot;ArrowRight&quot;:false,&quot;ArrowLeft&quot;:false},&quot;touch&quot;:false,&quot;backdropClick&quot;:false,&quot;l10n&quot;:{&quot;CLOSE&quot;:&quot;Close&quot;,&quot;NEXT&quot;:&quot;Next&quot;,&quot;PREV&quot;:&quot;Previous&quot;,&quot;Error&quot;:&quot;The requested content cannot be loaded. Please try again later.&quot;,&quot;PLAY_START&quot;:&quot;Start slideshow&quot;,&quot;PLAY_STOP&quot;:&quot;Pause slideshow&quot;,&quot;FULL_SCREEN&quot;:&quot;Full screen&quot;,&quot;THUMBS&quot;:&quot;Thumbnails&quot;,&quot;DOWNLOAD&quot;:&quot;Download&quot;,&quot;SHARE&quot;:&quot;Share&quot;,&quot;ZOOM&quot;:&quot;Zoom&quot;,&quot;EMAIL&quot;:&quot;Here is the link to the image : %%image_link%% and this is the link to the gallery : %%gallery_link%%&quot;,&quot;MODAL&quot;:&quot;You can close this modal content with the ESC key&quot;,&quot;ERROR&quot;:&quot;Something Went Wrong, Please Try Again Later&quot;,&quot;IMAGE_ERROR&quot;:&quot;Image Not Found&quot;,&quot;ELEMENT_NOT_FOUND&quot;:&quot;HTML Element Not Found&quot;,&quot;AJAX_NOT_FOUND&quot;:&quot;Error Loading AJAX : Not Found&quot;,&quot;AJAX_FORBIDDEN&quot;:&quot;Error Loading AJAX : Forbidden&quot;,&quot;IFRAME_ERROR&quot;:&quot;Error Loading Page&quot;,&quot;TOGGLE_ZOOM&quot;:&quot;Toggle zoom level&quot;,&quot;TOGGLE_THUMBS&quot;:&quot;Toggle thumbnails&quot;,&quot;TOGGLE_SLIDESHOW&quot;:&quot;Toggle slideshow&quot;,&quot;TOGGLE_FULLSCREEN&quot;:&quot;Toggle full-screen mode&quot;},&quot;Images&quot;:{&quot;Panzoom&quot;:{&quot;maxScale&quot;:2}},&quot;mainClass&quot;:&quot;modula-fancybox-container modula-lightbox-jtg-30399&quot;,&quot;Html&quot;:{&quot;videoAutoplay&quot;:0,&quot;videoTpl&quot;:&quot;&lt;video class=\\&quot;fancybox__html5video\\&quot; controls muted playsinline controlsList controlsList=\\&quot;nodownload\\&quot; poster=\\&quot;{{poster}}\\&quot; src=\\&quot;{{src}}\\&quot; type=\\&quot;{{format}}\\&quot; &gt;  Sorry, your browser doesn&#039;t support embedded videos, &lt;a href=\\&quot;{{src}}\\&quot;&gt; download &lt;\\\/a&gt; and watch with your favorite video player! &lt;\\\/video&gt;&quot;}},&quot;inView&quot;:false,&quot;email_subject&quot;:&quot;Check out this awesome image !!&quot;,&quot;email_message&quot;:&quot;Here is the link to the image : %%image_link%% and this is the link to the gallery : %%gallery_link%%&quot;,&quot;lightbox&quot;:&quot;fancybox&quot;}\">\n\n\t\n\t<div  class=\"modula-items\">\n\t\t<div class=\"modula-item\" data-width=\"12\" data-height=\"7\" >\n\t<div class=\"modula-item-content\">\n\t\t\n\t\t\t\t\t<a data-image-id=\"30405\" tabindex=\"0\" rel=\"jtg-30399\" data-caption=\"\" aria-label=\"Open image in lightbox\" role=\"button\" class=\"tile-inner modula-item-link\"><\/a>\n\t\t\n\t\t<img loading=\"lazy\" decoding=\"async\" class=\"pic wp-image-30405\"  data-valign=\"middle\" data-halign=\"center\" alt=\"\" data-full=\"https:\/\/www.santjosep.net\/wp-content\/uploads\/2022\/01\/web1600-00155.jpg\" title=\"web1600-00155\" width=\"1600\" height=\"1067\" src=\"https:\/\/www.santjosep.net\/wp-content\/uploads\/2022\/01\/web1600-00155.jpg\" data-src=\"https:\/\/www.santjosep.net\/wp-content\/uploads\/2022\/01\/web1600-00155.jpg\" data-caption=\"\" srcset=\"https:\/\/www.santjosep.net\/wp-content\/uploads\/2022\/01\/web1600-00155.jpg 1600w, https:\/\/www.santjosep.net\/wp-content\/uploads\/2022\/01\/web1600-00155-300x200.jpg 300w, https:\/\/www.santjosep.net\/wp-content\/uploads\/2022\/01\/web1600-00155-1024x683.jpg 1024w, https:\/\/www.santjosep.net\/wp-content\/uploads\/2022\/01\/web1600-00155-768x512.jpg 768w, https:\/\/www.santjosep.net\/wp-content\/uploads\/2022\/01\/web1600-00155-1536x1024.jpg 1536w\" sizes=\"auto, (max-width: 1600px) 100vw, 1600px\" \/>\n\t<\/div>\n\n<\/div><div class=\"modula-item\" data-width=\"5\" data-height=\"6\" >\n\t<div class=\"modula-item-content\">\n\t\t\n\t\t\t\t\t<a data-image-id=\"30410\" tabindex=\"0\" rel=\"jtg-30399\" data-caption=\"\" aria-label=\"Open image in lightbox\" role=\"button\" class=\"tile-inner modula-item-link\"><\/a>\n\t\t\n\t\t<img loading=\"lazy\" decoding=\"async\" class=\"pic wp-image-30410\"  data-valign=\"middle\" data-halign=\"center\" alt=\"\" data-full=\"https:\/\/www.santjosep.net\/wp-content\/uploads\/2022\/01\/web1600-00165.jpg\" title=\"web1600-00165\" width=\"1067\" height=\"1600\" src=\"https:\/\/www.santjosep.net\/wp-content\/uploads\/2022\/01\/web1600-00165.jpg\" data-src=\"https:\/\/www.santjosep.net\/wp-content\/uploads\/2022\/01\/web1600-00165.jpg\" data-caption=\"\" srcset=\"https:\/\/www.santjosep.net\/wp-content\/uploads\/2022\/01\/web1600-00165.jpg 1067w, https:\/\/www.santjosep.net\/wp-content\/uploads\/2022\/01\/web1600-00165-200x300.jpg 200w, https:\/\/www.santjosep.net\/wp-content\/uploads\/2022\/01\/web1600-00165-683x1024.jpg 683w, https:\/\/www.santjosep.net\/wp-content\/uploads\/2022\/01\/web1600-00165-768x1152.jpg 768w, https:\/\/www.santjosep.net\/wp-content\/uploads\/2022\/01\/web1600-00165-1024x1536.jpg 1024w\" sizes=\"auto, (max-width: 1067px) 100vw, 1067px\" \/>\n\t<\/div>\n\n<\/div><div class=\"modula-item\" data-width=\"7\" data-height=\"6\" >\n\t<div class=\"modula-item-content\">\n\t\t\n\t\t\t\t\t<a data-image-id=\"30415\" tabindex=\"0\" rel=\"jtg-30399\" data-caption=\"\" aria-label=\"Open image in lightbox\" role=\"button\" class=\"tile-inner modula-item-link\"><\/a>\n\t\t\n\t\t<img loading=\"lazy\" decoding=\"async\" class=\"pic wp-image-30415\"  data-valign=\"middle\" data-halign=\"center\" alt=\"\" data-full=\"https:\/\/www.santjosep.net\/wp-content\/uploads\/2022\/01\/web1600-00180.jpg\" title=\"web1600-00180\" width=\"1600\" height=\"1067\" src=\"https:\/\/www.santjosep.net\/wp-content\/uploads\/2022\/01\/web1600-00180.jpg\" data-src=\"https:\/\/www.santjosep.net\/wp-content\/uploads\/2022\/01\/web1600-00180.jpg\" data-caption=\"\" srcset=\"https:\/\/www.santjosep.net\/wp-content\/uploads\/2022\/01\/web1600-00180.jpg 1600w, https:\/\/www.santjosep.net\/wp-content\/uploads\/2022\/01\/web1600-00180-300x200.jpg 300w, https:\/\/www.santjosep.net\/wp-content\/uploads\/2022\/01\/web1600-00180-1024x683.jpg 1024w, https:\/\/www.santjosep.net\/wp-content\/uploads\/2022\/01\/web1600-00180-768x512.jpg 768w, https:\/\/www.santjosep.net\/wp-content\/uploads\/2022\/01\/web1600-00180-1536x1024.jpg 1536w\" sizes=\"auto, (max-width: 1600px) 100vw, 1600px\" \/>\n\t<\/div>\n\n<\/div>\t\t\n\t<\/div>\n\n\t\n\t\n\t<script type=\"application\/ld+json\">\n\t{\n\t\t\"@context\": \"http:\/\/schema.org\",\n\t\t\"@type\"   : \"ImageGallery\",\n\t\t\"id\"      : \"https:\/\/www.santjosep.net\/de\/sehen\/erbgut\/alter-salzverladeplatz-von-la-xanga\/\",\n\t\t\"url\"     : \"https:\/\/www.santjosep.net\/de\/sehen\/erbgut\/alter-salzverladeplatz-von-la-xanga\/\"\n\t}\n\n\t<\/script>\n\n\t\n<\/div>\n[\/vc_column_text][\/vc_column][\/vc_row]<\/p>\n<\/div>","protected":false},"excerpt":{"rendered":"<p>[vc_row enable_hue_rotation=&#8220;no&#8220; enable_text_marquee=&#8220;no&#8220;][vc_column][vc_column_text]Ibiza kann auf Jahrhunderte reger, st\u00e4ndig zunehmender Handelsaktivit\u00e4t zur\u00fcckblicken, von der ph\u00f6nizisch-punischen Zeit \u00fcber die Kolonisation durch die R\u00f6mer, die Araber und schlie\u00dflich die Christen. Am Anfang dieser wirtschaftlichen Aktivit\u00e4t standen die nat\u00fcrlichen Ressourcen der Insel, die Ibiza [&hellip;]<\/p>\n","protected":false},"author":1,"featured_media":30404,"parent":38707,"menu_order":0,"comment_status":"closed","ping_status":"closed","template":"","meta":{"_acf_changed":false,"inline_featured_image":false,"footnotes":""},"categoria_pagina":[],"class_list":["post-30565","page","type-page","status-publish","has-post-thumbnail","hentry"],"acf":[],"yoast_head":"<!-- This site is optimized with the Yoast SEO plugin v25.7 - https:\/\/yoast.com\/wordpress\/plugins\/seo\/ -->\n<title>Alter Salzverladeplatz von La Xanga - Santjosep.net<\/title>\n<meta name=\"robots\" content=\"index, follow, max-snippet:-1, max-image-preview:large, max-video-preview:-1\" \/>\n<link rel=\"canonical\" href=\"https:\/\/www.santjosep.net\/de\/sehen\/erbe-und-kultur\/alter-salzverladeplatz-von-la-xanga\/\" \/>\n<meta property=\"og:locale\" content=\"de_DE\" \/>\n<meta property=\"og:type\" content=\"article\" \/>\n<meta property=\"og:title\" content=\"Alter Salzverladeplatz von La Xanga - Santjosep.net\" \/>\n<meta property=\"og:description\" content=\"[vc_row enable_hue_rotation=&#8220;no&#8220; enable_text_marquee=&#8220;no&#8220;][vc_column][vc_column_text]Ibiza kann auf Jahrhunderte reger, st\u00e4ndig zunehmender Handelsaktivit\u00e4t zur\u00fcckblicken, von der ph\u00f6nizisch-punischen Zeit \u00fcber die Kolonisation durch die R\u00f6mer, die Araber und schlie\u00dflich die Christen. Am Anfang dieser wirtschaftlichen Aktivit\u00e4t standen die nat\u00fcrlichen Ressourcen der Insel, die Ibiza [&hellip;]\" \/>\n<meta property=\"og:url\" content=\"https:\/\/www.santjosep.net\/de\/sehen\/erbe-und-kultur\/alter-salzverladeplatz-von-la-xanga\/\" \/>\n<meta property=\"og:site_name\" content=\"Santjosep.net\" \/>\n<meta property=\"article:modified_time\" content=\"2022-01-18T11:00:26+00:00\" \/>\n<meta property=\"og:image\" content=\"https:\/\/www.santjosep.net\/wp-content\/uploads\/2022\/01\/web1600-00168.jpg\" \/>\n\t<meta property=\"og:image:width\" content=\"1600\" \/>\n\t<meta property=\"og:image:height\" content=\"1067\" \/>\n\t<meta property=\"og:image:type\" content=\"image\/jpeg\" \/>\n<meta name=\"twitter:card\" content=\"summary_large_image\" \/>\n<meta name=\"twitter:label1\" content=\"Gesch\u00e4tzte Lesezeit\" \/>\n\t<meta name=\"twitter:data1\" content=\"2\u00a0Minuten\" \/>\n<script type=\"application\/ld+json\" class=\"yoast-schema-graph\">{\"@context\":\"https:\/\/schema.org\",\"@graph\":[{\"@type\":\"WebPage\",\"@id\":\"https:\/\/www.santjosep.net\/de\/sehen\/erbe-und-kultur\/alter-salzverladeplatz-von-la-xanga\/\",\"url\":\"https:\/\/www.santjosep.net\/de\/sehen\/erbe-und-kultur\/alter-salzverladeplatz-von-la-xanga\/\",\"name\":\"Alter Salzverladeplatz von La Xanga - Santjosep.net\",\"isPartOf\":{\"@id\":\"https:\/\/www.santjosep.net\/#website\"},\"primaryImageOfPage\":{\"@id\":\"https:\/\/www.santjosep.net\/de\/sehen\/erbe-und-kultur\/alter-salzverladeplatz-von-la-xanga\/#primaryimage\"},\"image\":{\"@id\":\"https:\/\/www.santjosep.net\/de\/sehen\/erbe-und-kultur\/alter-salzverladeplatz-von-la-xanga\/#primaryimage\"},\"thumbnailUrl\":\"https:\/\/www.santjosep.net\/wp-content\/uploads\/2022\/01\/web1600-00168.jpg\",\"datePublished\":\"2022-01-13T15:46:55+00:00\",\"dateModified\":\"2022-01-18T11:00:26+00:00\",\"breadcrumb\":{\"@id\":\"https:\/\/www.santjosep.net\/de\/sehen\/erbe-und-kultur\/alter-salzverladeplatz-von-la-xanga\/#breadcrumb\"},\"inLanguage\":\"de\",\"potentialAction\":[{\"@type\":\"ReadAction\",\"target\":[\"https:\/\/www.santjosep.net\/de\/sehen\/erbe-und-kultur\/alter-salzverladeplatz-von-la-xanga\/\"]}]},{\"@type\":\"ImageObject\",\"inLanguage\":\"de\",\"@id\":\"https:\/\/www.santjosep.net\/de\/sehen\/erbe-und-kultur\/alter-salzverladeplatz-von-la-xanga\/#primaryimage\",\"url\":\"https:\/\/www.santjosep.net\/wp-content\/uploads\/2022\/01\/web1600-00168.jpg\",\"contentUrl\":\"https:\/\/www.santjosep.net\/wp-content\/uploads\/2022\/01\/web1600-00168.jpg\",\"width\":1600,\"height\":1067},{\"@type\":\"BreadcrumbList\",\"@id\":\"https:\/\/www.santjosep.net\/de\/sehen\/erbe-und-kultur\/alter-salzverladeplatz-von-la-xanga\/#breadcrumb\",\"itemListElement\":[{\"@type\":\"ListItem\",\"position\":1,\"name\":\"Sehen\",\"item\":\"https:\/\/www.santjosep.net\/de\/sehen\/\"},{\"@type\":\"ListItem\",\"position\":2,\"name\":\"Erbe und Kultur\",\"item\":\"https:\/\/www.santjosep.net\/de\/sehen\/erbe-und-kultur\/\"},{\"@type\":\"ListItem\",\"position\":3,\"name\":\"Alter Salzverladeplatz von La Xanga\"}]},{\"@type\":\"WebSite\",\"@id\":\"https:\/\/www.santjosep.net\/#website\",\"url\":\"https:\/\/www.santjosep.net\/\",\"name\":\"Santjosep.net\",\"description\":\"\",\"potentialAction\":[{\"@type\":\"SearchAction\",\"target\":{\"@type\":\"EntryPoint\",\"urlTemplate\":\"https:\/\/www.santjosep.net\/?s={search_term_string}\"},\"query-input\":{\"@type\":\"PropertyValueSpecification\",\"valueRequired\":true,\"valueName\":\"search_term_string\"}}],\"inLanguage\":\"de\"}]}<\/script>\n<!-- \/ Yoast SEO plugin. -->","yoast_head_json":{"title":"Alter Salzverladeplatz von La Xanga - Santjosep.net","robots":{"index":"index","follow":"follow","max-snippet":"max-snippet:-1","max-image-preview":"max-image-preview:large","max-video-preview":"max-video-preview:-1"},"canonical":"https:\/\/www.santjosep.net\/de\/sehen\/erbe-und-kultur\/alter-salzverladeplatz-von-la-xanga\/","og_locale":"de_DE","og_type":"article","og_title":"Alter Salzverladeplatz von La Xanga - Santjosep.net","og_description":"[vc_row enable_hue_rotation=&#8220;no&#8220; enable_text_marquee=&#8220;no&#8220;][vc_column][vc_column_text]Ibiza kann auf Jahrhunderte reger, st\u00e4ndig zunehmender Handelsaktivit\u00e4t zur\u00fcckblicken, von der ph\u00f6nizisch-punischen Zeit \u00fcber die Kolonisation durch die R\u00f6mer, die Araber und schlie\u00dflich die Christen. Am Anfang dieser wirtschaftlichen Aktivit\u00e4t standen die nat\u00fcrlichen Ressourcen der Insel, die Ibiza [&hellip;]","og_url":"https:\/\/www.santjosep.net\/de\/sehen\/erbe-und-kultur\/alter-salzverladeplatz-von-la-xanga\/","og_site_name":"Santjosep.net","article_modified_time":"2022-01-18T11:00:26+00:00","og_image":[{"width":1600,"height":1067,"url":"https:\/\/www.santjosep.net\/wp-content\/uploads\/2022\/01\/web1600-00168.jpg","type":"image\/jpeg"}],"twitter_card":"summary_large_image","twitter_misc":{"Gesch\u00e4tzte Lesezeit":"2\u00a0Minuten"},"schema":{"@context":"https:\/\/schema.org","@graph":[{"@type":"WebPage","@id":"https:\/\/www.santjosep.net\/de\/sehen\/erbe-und-kultur\/alter-salzverladeplatz-von-la-xanga\/","url":"https:\/\/www.santjosep.net\/de\/sehen\/erbe-und-kultur\/alter-salzverladeplatz-von-la-xanga\/","name":"Alter Salzverladeplatz von La Xanga - Santjosep.net","isPartOf":{"@id":"https:\/\/www.santjosep.net\/#website"},"primaryImageOfPage":{"@id":"https:\/\/www.santjosep.net\/de\/sehen\/erbe-und-kultur\/alter-salzverladeplatz-von-la-xanga\/#primaryimage"},"image":{"@id":"https:\/\/www.santjosep.net\/de\/sehen\/erbe-und-kultur\/alter-salzverladeplatz-von-la-xanga\/#primaryimage"},"thumbnailUrl":"https:\/\/www.santjosep.net\/wp-content\/uploads\/2022\/01\/web1600-00168.jpg","datePublished":"2022-01-13T15:46:55+00:00","dateModified":"2022-01-18T11:00:26+00:00","breadcrumb":{"@id":"https:\/\/www.santjosep.net\/de\/sehen\/erbe-und-kultur\/alter-salzverladeplatz-von-la-xanga\/#breadcrumb"},"inLanguage":"de","potentialAction":[{"@type":"ReadAction","target":["https:\/\/www.santjosep.net\/de\/sehen\/erbe-und-kultur\/alter-salzverladeplatz-von-la-xanga\/"]}]},{"@type":"ImageObject","inLanguage":"de","@id":"https:\/\/www.santjosep.net\/de\/sehen\/erbe-und-kultur\/alter-salzverladeplatz-von-la-xanga\/#primaryimage","url":"https:\/\/www.santjosep.net\/wp-content\/uploads\/2022\/01\/web1600-00168.jpg","contentUrl":"https:\/\/www.santjosep.net\/wp-content\/uploads\/2022\/01\/web1600-00168.jpg","width":1600,"height":1067},{"@type":"BreadcrumbList","@id":"https:\/\/www.santjosep.net\/de\/sehen\/erbe-und-kultur\/alter-salzverladeplatz-von-la-xanga\/#breadcrumb","itemListElement":[{"@type":"ListItem","position":1,"name":"Sehen","item":"https:\/\/www.santjosep.net\/de\/sehen\/"},{"@type":"ListItem","position":2,"name":"Erbe und Kultur","item":"https:\/\/www.santjosep.net\/de\/sehen\/erbe-und-kultur\/"},{"@type":"ListItem","position":3,"name":"Alter Salzverladeplatz von La Xanga"}]},{"@type":"WebSite","@id":"https:\/\/www.santjosep.net\/#website","url":"https:\/\/www.santjosep.net\/","name":"Santjosep.net","description":"","potentialAction":[{"@type":"SearchAction","target":{"@type":"EntryPoint","urlTemplate":"https:\/\/www.santjosep.net\/?s={search_term_string}"},"query-input":{"@type":"PropertyValueSpecification","valueRequired":true,"valueName":"search_term_string"}}],"inLanguage":"de"}]}},"_links":{"self":[{"href":"https:\/\/www.santjosep.net\/de\/wp-json\/wp\/v2\/pages\/30565","targetHints":{"allow":["GET"]}}],"collection":[{"href":"https:\/\/www.santjosep.net\/de\/wp-json\/wp\/v2\/pages"}],"about":[{"href":"https:\/\/www.santjosep.net\/de\/wp-json\/wp\/v2\/types\/page"}],"author":[{"embeddable":true,"href":"https:\/\/www.santjosep.net\/de\/wp-json\/wp\/v2\/users\/1"}],"replies":[{"embeddable":true,"href":"https:\/\/www.santjosep.net\/de\/wp-json\/wp\/v2\/comments?post=30565"}],"version-history":[{"count":0,"href":"https:\/\/www.santjosep.net\/de\/wp-json\/wp\/v2\/pages\/30565\/revisions"}],"up":[{"embeddable":true,"href":"https:\/\/www.santjosep.net\/de\/wp-json\/wp\/v2\/pages\/38707"}],"wp:featuredmedia":[{"embeddable":true,"href":"https:\/\/www.santjosep.net\/de\/wp-json\/wp\/v2\/media\/30404"}],"wp:attachment":[{"href":"https:\/\/www.santjosep.net\/de\/wp-json\/wp\/v2\/media?parent=30565"}],"wp:term":[{"taxonomy":"categoria_pagina","embeddable":true,"href":"https:\/\/www.santjosep.net\/de\/wp-json\/wp\/v2\/categoria_pagina?post=30565"}],"curies":[{"name":"wp","href":"https:\/\/api.w.org\/{rel}","templated":true}]}}