{"id":29723,"date":"2022-01-12T13:53:16","date_gmt":"2022-01-12T12:53:16","guid":{"rendered":"https:\/\/www.santjosep.net\/sehen\/erbe-und-kultur\/mirador-ornitologico-sant-francesc-de-sestany\/"},"modified":"2025-01-23T10:25:05","modified_gmt":"2025-01-23T09:25:05","slug":"ornithologischer-aussichtspunkt-sant-francesc-de-sestany","status":"publish","type":"page","link":"https:\/\/www.santjosep.net\/de\/sehen\/natur\/ornithologischer-aussichtspunkt-sant-francesc-de-sestany\/","title":{"rendered":"Ornithologischer Aussichtspunkt Sant Francesc de s&#8217;Estany"},"content":{"rendered":"<div class=\"wpb-content-wrapper\"><p>[vc_row enable_hue_rotation=&#8220;no&#8220; enable_text_marquee=&#8220;no&#8220;][vc_column][vc_column_text]Eine weitere wichtige Attraktion sind die V\u00f6gel, die in dem Naturschutzgebiet nisten. Lassen Sie sich auf keinen Fall die Aussichtsplattform entgehen, von der aus man die V\u00f6gel hervorragend beobachten und Fotos machen kann. Vor allem trifft man hier auf Flamingos, tausende Exemplare kommen von August bis Oktober auf die Insel, um hier zu \u00fcberwintern. Andere nutzen das Gebiet, um eine Pause auf ihrer Reise in w\u00e4rmere Gefilde auf dem afrikanischen Kontinent einzulegen. Weitere Vogelarten wie Flussregenpfeifer, Stelzenl\u00e4ufer, Reiher und viele mehr sind im Park zu beobachten.warmer lands. You can also see other species such as little ringed plovers, black-winged stilts, herons, ospreys and peregrine falcons.<\/p>\n<p><a href=\"https:\/\/www.santjosep.net\/wp-content\/uploads\/2022\/01\/Senyals-Aus-pdf.pdf\" target=\"_blank\" rel=\"noopener\"><u>Laden Sie das informative PDF der V\u00f6gel von Ses Salines herunter<\/u><\/a>[\/vc_column_text][vc_column_text]<span data-sheets-root=\"1\"><div class=\"gm-map\" style=\"position: relative;height: 200px; width: 200px;\"><iframe name=\"gm-map-1\" allowfullscreen src=\"https:\/\/www.santjosep.net\/de\/?geo_mashup_content=render-map&amp;map_data_key=37f88e0f888380ef5c189ead432eb44c&amp;lang=de&amp;zoom=13&amp;name=gm-map-1&amp;map_content=contextual&amp;error_comment=&lt;!-- Geo Mashup hat in diesem Kontext keine darzustellenden Objekte gefunden--&gt;\" style=\"position: absolute; top: 0; left: 0; width: 100%; height: 100%; border: none; overflow: hidden;\"><\/iframe><\/div><\/span>[\/vc_column_text][\/vc_column][\/vc_row][vc_row full_width=&#8220;stretch_row_content_no_spaces&#8220; enable_hue_rotation=&#8220;no&#8220; enable_text_marquee=&#8220;no&#8220; el_id=&#8220;galeria&#8220;][vc_column][vc_column_text]<style>#jtg-29703 .modula-item .jtg-social a, .lightbox-socials.jtg-social a{ fill: #ffffff; color: #ffffff }#jtg-29703 .modula-item .jtg-social-mobile a{ fill: #ffffff; color: #ffffff }#jtg-29703 .modula-item .jtg-social svg, .lightbox-socials.jtg-social svg { height: 16px; width: 16px }#jtg-29703 .modula-item .jtg-social-mobile svg { height: 16px; width: 16px }#jtg-29703 .modula-item .jtg-social a:not(:last-child), .lightbox-socials.jtg-social a:not(:last-child) { margin-right: 10px }#jtg-29703 .modula-item .jtg-social-mobile .jtg-social-mobile-icons a:not(:last-child){ margin-right: 10px }#jtg-29703 .modula-item .figc {color:#ffffff;}#jtg-29703 .modula-item .modula-item-content { transform: scale(1) }#jtg-29703 .modula-items .figc p.description { font-size:14px; }#jtg-29703 .modula-items .figc p.description { color:#ffffff;}#jtg-29703.modula-gallery .modula-item > a, #jtg-29703.modula-gallery .modula-item, #jtg-29703.modula-gallery .modula-item-content > a:not(.modula-no-follow) { cursor:zoom-in; } #jtg-29703.modula-gallery .modula-item-content .modula-no-follow { cursor: default; } @media screen and (max-width:480px){#jtg-29703 .modula-item .figc .jtg-title {  font-size: 12px; }#jtg-29703 .modula-items .figc p.description { color:#ffffff;font-size:10px; }}#jtg-29703 .modula-items .modula-item:hover img{opacity:1;}<\/style>\n<div  id=\"jtg-29703\" class=\"modula modula-gallery modula-custom-grid\" data-config=\"{&quot;height&quot;:800,&quot;tabletHeight&quot;:800,&quot;mobileHeight&quot;:800,&quot;desktopHeight&quot;:800,&quot;enableTwitter&quot;:true,&quot;enableWhatsapp&quot;:false,&quot;enableFacebook&quot;:true,&quot;enablePinterest&quot;:true,&quot;enableLinkedin&quot;:true,&quot;enableEmail&quot;:false,&quot;randomFactor&quot;:0.5,&quot;type&quot;:&quot;custom-grid&quot;,&quot;columns&quot;:12,&quot;gutter&quot;:0,&quot;mobileGutter&quot;:0,&quot;tabletGutter&quot;:0,&quot;desktopGutter&quot;:0,&quot;enableResponsive&quot;:&quot;1&quot;,&quot;tabletColumns&quot;:&quot;2&quot;,&quot;mobileColumns&quot;:&quot;1&quot;,&quot;lazyLoad&quot;:&quot;0&quot;,&quot;lightboxOpts&quot;:{&quot;animated&quot;:true,&quot;Thumbs&quot;:{&quot;type&quot;:&quot;modern&quot;,&quot;showOnStart&quot;:false},&quot;Toolbar&quot;:{&quot;display&quot;:{&quot;right&quot;:[&quot;close&quot;]},&quot;enabled&quot;:true},&quot;Carousel&quot;:{&quot;Panzoom&quot;:{&quot;touch&quot;:false},&quot;infinite&quot;:false},&quot;keyboard&quot;:{&quot;Escape&quot;:&quot;close&quot;,&quot;Delete&quot;:&quot;close&quot;,&quot;Backspace&quot;:&quot;close&quot;,&quot;PageUp&quot;:false,&quot;PageDown&quot;:false,&quot;ArrowUp&quot;:false,&quot;ArrowDown&quot;:false,&quot;ArrowRight&quot;:false,&quot;ArrowLeft&quot;:false},&quot;touch&quot;:false,&quot;backdropClick&quot;:false,&quot;l10n&quot;:{&quot;CLOSE&quot;:&quot;Close&quot;,&quot;NEXT&quot;:&quot;Next&quot;,&quot;PREV&quot;:&quot;Previous&quot;,&quot;Error&quot;:&quot;The requested content cannot be loaded. Please try again later.&quot;,&quot;PLAY_START&quot;:&quot;Start slideshow&quot;,&quot;PLAY_STOP&quot;:&quot;Pause slideshow&quot;,&quot;FULL_SCREEN&quot;:&quot;Full screen&quot;,&quot;THUMBS&quot;:&quot;Thumbnails&quot;,&quot;DOWNLOAD&quot;:&quot;Download&quot;,&quot;SHARE&quot;:&quot;Share&quot;,&quot;ZOOM&quot;:&quot;Zoom&quot;,&quot;EMAIL&quot;:&quot;Here is the link to the image : %%image_link%% and this is the link to the gallery : %%gallery_link%%&quot;,&quot;MODAL&quot;:&quot;You can close this modal content with the ESC key&quot;,&quot;ERROR&quot;:&quot;Something Went Wrong, Please Try Again Later&quot;,&quot;IMAGE_ERROR&quot;:&quot;Image Not Found&quot;,&quot;ELEMENT_NOT_FOUND&quot;:&quot;HTML Element Not Found&quot;,&quot;AJAX_NOT_FOUND&quot;:&quot;Error Loading AJAX : Not Found&quot;,&quot;AJAX_FORBIDDEN&quot;:&quot;Error Loading AJAX : Forbidden&quot;,&quot;IFRAME_ERROR&quot;:&quot;Error Loading Page&quot;,&quot;TOGGLE_ZOOM&quot;:&quot;Toggle zoom level&quot;,&quot;TOGGLE_THUMBS&quot;:&quot;Toggle thumbnails&quot;,&quot;TOGGLE_SLIDESHOW&quot;:&quot;Toggle slideshow&quot;,&quot;TOGGLE_FULLSCREEN&quot;:&quot;Toggle full-screen mode&quot;},&quot;Images&quot;:{&quot;Panzoom&quot;:{&quot;maxScale&quot;:2}},&quot;mainClass&quot;:&quot;modula-fancybox-container modula-lightbox-jtg-29703&quot;,&quot;Html&quot;:{&quot;videoAutoplay&quot;:0,&quot;videoTpl&quot;:&quot;&lt;video class=\\&quot;fancybox__html5video\\&quot; controls muted playsinline controlsList controlsList=\\&quot;nodownload\\&quot; poster=\\&quot;{{poster}}\\&quot; src=\\&quot;{{src}}\\&quot; type=\\&quot;{{format}}\\&quot; &gt;  Sorry, your browser doesn&#039;t support embedded videos, &lt;a href=\\&quot;{{src}}\\&quot;&gt; download &lt;\\\/a&gt; and watch with your favorite video player! &lt;\\\/video&gt;&quot;}},&quot;inView&quot;:false,&quot;email_subject&quot;:&quot;Check out this awesome image !!&quot;,&quot;email_message&quot;:&quot;Here is the link to the image : %%image_link%% and this is the link to the gallery : %%gallery_link%%&quot;,&quot;lightbox&quot;:&quot;fancybox&quot;}\">\n\n\t\n\t<div  class=\"modula-items\">\n\t\t<div class=\"modula-item\" data-width=\"5\" data-height=\"5\" >\n\t<div class=\"modula-item-content\">\n\t\t\n\t\t\t\t\t<a data-image-id=\"29705\" tabindex=\"0\" rel=\"jtg-29703\" data-caption=\"\" aria-label=\"Open image in lightbox\" role=\"button\" class=\"tile-inner modula-item-link\"><\/a>\n\t\t\n\t\t<img loading=\"lazy\" decoding=\"async\" class=\"pic wp-image-29705\"  data-valign=\"middle\" data-halign=\"center\" alt=\"\" data-full=\"https:\/\/www.santjosep.net\/wp-content\/uploads\/2022\/01\/centrointerpretacion_santfrancesc-2-1.jpg\" title=\"centrointerpretacion_santfrancesc 2\" width=\"1500\" height=\"1000\" src=\"https:\/\/www.santjosep.net\/wp-content\/uploads\/2022\/01\/centrointerpretacion_santfrancesc-2-1.jpg\" data-src=\"https:\/\/www.santjosep.net\/wp-content\/uploads\/2022\/01\/centrointerpretacion_santfrancesc-2-1.jpg\" data-caption=\"\" srcset=\"https:\/\/www.santjosep.net\/wp-content\/uploads\/2022\/01\/centrointerpretacion_santfrancesc-2-1.jpg 1500w, https:\/\/www.santjosep.net\/wp-content\/uploads\/2022\/01\/centrointerpretacion_santfrancesc-2-1-300x200.jpg 300w, https:\/\/www.santjosep.net\/wp-content\/uploads\/2022\/01\/centrointerpretacion_santfrancesc-2-1-1024x683.jpg 1024w, https:\/\/www.santjosep.net\/wp-content\/uploads\/2022\/01\/centrointerpretacion_santfrancesc-2-1-768x512.jpg 768w\" sizes=\"auto, (max-width: 1500px) 100vw, 1500px\" \/>\n\t<\/div>\n\n<\/div><div class=\"modula-item\" data-width=\"7\" data-height=\"5\" >\n\t<div class=\"modula-item-content\">\n\t\t\n\t\t\t\t\t<a data-image-id=\"29715\" tabindex=\"0\" rel=\"jtg-29703\" data-caption=\"\" aria-label=\"Open image in lightbox\" role=\"button\" class=\"tile-inner modula-item-link\"><\/a>\n\t\t\n\t\t<img loading=\"lazy\" decoding=\"async\" class=\"pic wp-image-29715\"  data-valign=\"middle\" data-halign=\"center\" alt=\"\" data-full=\"https:\/\/www.santjosep.net\/wp-content\/uploads\/2022\/01\/IMG_0893.jpg\" title=\"IMG_0893\" width=\"1350\" height=\"900\" src=\"https:\/\/www.santjosep.net\/wp-content\/uploads\/2022\/01\/IMG_0893.jpg\" data-src=\"https:\/\/www.santjosep.net\/wp-content\/uploads\/2022\/01\/IMG_0893.jpg\" data-caption=\"\" srcset=\"https:\/\/www.santjosep.net\/wp-content\/uploads\/2022\/01\/IMG_0893.jpg 1350w, https:\/\/www.santjosep.net\/wp-content\/uploads\/2022\/01\/IMG_0893-300x200.jpg 300w, https:\/\/www.santjosep.net\/wp-content\/uploads\/2022\/01\/IMG_0893-1024x683.jpg 1024w, https:\/\/www.santjosep.net\/wp-content\/uploads\/2022\/01\/IMG_0893-768x512.jpg 768w\" sizes=\"auto, (max-width: 1350px) 100vw, 1350px\" \/>\n\t<\/div>\n\n<\/div><div class=\"modula-item\" data-width=\"6\" data-height=\"5\" >\n\t<div class=\"modula-item-content\">\n\t\t\n\t\t\t\t\t<a data-image-id=\"29710\" tabindex=\"0\" rel=\"jtg-29703\" data-caption=\"\" aria-label=\"Open image in lightbox\" role=\"button\" class=\"tile-inner modula-item-link\"><\/a>\n\t\t\n\t\t<img loading=\"lazy\" decoding=\"async\" class=\"pic wp-image-29710\"  data-valign=\"middle\" data-halign=\"center\" alt=\"\" data-full=\"https:\/\/www.santjosep.net\/wp-content\/uploads\/2022\/01\/DSC09385.jpg\" title=\"DSC09385\" width=\"2000\" height=\"1333\" src=\"https:\/\/www.santjosep.net\/wp-content\/uploads\/2022\/01\/DSC09385.jpg\" data-src=\"https:\/\/www.santjosep.net\/wp-content\/uploads\/2022\/01\/DSC09385.jpg\" data-caption=\"\" srcset=\"https:\/\/www.santjosep.net\/wp-content\/uploads\/2022\/01\/DSC09385.jpg 2000w, https:\/\/www.santjosep.net\/wp-content\/uploads\/2022\/01\/DSC09385-300x200.jpg 300w, https:\/\/www.santjosep.net\/wp-content\/uploads\/2022\/01\/DSC09385-1024x682.jpg 1024w, https:\/\/www.santjosep.net\/wp-content\/uploads\/2022\/01\/DSC09385-768x512.jpg 768w, https:\/\/www.santjosep.net\/wp-content\/uploads\/2022\/01\/DSC09385-1536x1024.jpg 1536w\" sizes=\"auto, (max-width: 2000px) 100vw, 2000px\" \/>\n\t<\/div>\n\n<\/div><div class=\"modula-item\" data-width=\"6\" data-height=\"5\" >\n\t<div class=\"modula-item-content\">\n\t\t\n\t\t\t\t\t<a data-image-id=\"29893\" tabindex=\"0\" rel=\"jtg-29703\" data-caption=\"\" aria-label=\"Open image in lightbox\" role=\"button\" class=\"tile-inner modula-item-link\"><\/a>\n\t\t\n\t\t<img loading=\"lazy\" decoding=\"async\" class=\"pic wp-image-29893\"  data-valign=\"middle\" data-halign=\"center\" alt=\"\" data-full=\"https:\/\/www.santjosep.net\/wp-content\/uploads\/2022\/01\/0012_DSC09358.jpg\" title=\"_0012_DSC09358\" width=\"1500\" height=\"1000\" src=\"https:\/\/www.santjosep.net\/wp-content\/uploads\/2022\/01\/0012_DSC09358.jpg\" data-src=\"https:\/\/www.santjosep.net\/wp-content\/uploads\/2022\/01\/0012_DSC09358.jpg\" data-caption=\"\" srcset=\"https:\/\/www.santjosep.net\/wp-content\/uploads\/2022\/01\/0012_DSC09358.jpg 1500w, https:\/\/www.santjosep.net\/wp-content\/uploads\/2022\/01\/0012_DSC09358-300x200.jpg 300w, https:\/\/www.santjosep.net\/wp-content\/uploads\/2022\/01\/0012_DSC09358-1024x683.jpg 1024w, https:\/\/www.santjosep.net\/wp-content\/uploads\/2022\/01\/0012_DSC09358-768x512.jpg 768w\" sizes=\"auto, (max-width: 1500px) 100vw, 1500px\" \/>\n\t<\/div>\n\n<\/div>\t\t\n\t<\/div>\n\n\t\n\t\n\t<script type=\"application\/ld+json\">\n\t{\n\t\t\"@context\": \"http:\/\/schema.org\",\n\t\t\"@type\"   : \"ImageGallery\",\n\t\t\"id\"      : \"https:\/\/www.santjosep.net\/de\/sehen\/natur\/ornithologischer-aussichtspunkt-sant-francesc-de-sestany\/\",\n\t\t\"url\"     : \"https:\/\/www.santjosep.net\/de\/sehen\/natur\/ornithologischer-aussichtspunkt-sant-francesc-de-sestany\/\"\n\t}\n\n\t<\/script>\n\n\t\n<\/div>\n[\/vc_column_text][\/vc_column][\/vc_row]<\/p>\n<\/div>","protected":false},"excerpt":{"rendered":"<p>[vc_row enable_hue_rotation=&#8220;no&#8220; enable_text_marquee=&#8220;no&#8220;][vc_column][vc_column_text]Eine weitere wichtige Attraktion sind die V\u00f6gel, die in dem Naturschutzgebiet nisten. Lassen Sie sich auf keinen Fall die Aussichtsplattform entgehen, von der aus man die V\u00f6gel hervorragend beobachten und Fotos machen kann. Vor allem trifft man hier [&hellip;]<\/p>\n","protected":false},"author":1,"featured_media":29696,"parent":5677,"menu_order":0,"comment_status":"closed","ping_status":"closed","template":"","meta":{"_acf_changed":false,"inline_featured_image":false,"footnotes":""},"categoria_pagina":[],"class_list":["post-29723","page","type-page","status-publish","has-post-thumbnail","hentry"],"acf":[],"yoast_head":"<!-- This site is optimized with the Yoast SEO plugin v25.7 - https:\/\/yoast.com\/wordpress\/plugins\/seo\/ -->\n<title>Ornithologischer Aussichtspunkt Sant Francesc de s&#039;Estany - Santjosep.net<\/title>\n<meta name=\"robots\" content=\"index, follow, max-snippet:-1, max-image-preview:large, max-video-preview:-1\" \/>\n<link rel=\"canonical\" href=\"https:\/\/www.santjosep.net\/de\/sehen\/natur\/ornithologischer-aussichtspunkt-sant-francesc-de-sestany\/\" \/>\n<meta property=\"og:locale\" content=\"de_DE\" \/>\n<meta property=\"og:type\" content=\"article\" \/>\n<meta property=\"og:title\" content=\"Ornithologischer Aussichtspunkt Sant Francesc de s&#039;Estany - Santjosep.net\" \/>\n<meta property=\"og:description\" content=\"[vc_row enable_hue_rotation=&#8220;no&#8220; enable_text_marquee=&#8220;no&#8220;][vc_column][vc_column_text]Eine weitere wichtige Attraktion sind die V\u00f6gel, die in dem Naturschutzgebiet nisten. Lassen Sie sich auf keinen Fall die Aussichtsplattform entgehen, von der aus man die V\u00f6gel hervorragend beobachten und Fotos machen kann. Vor allem trifft man hier [&hellip;]\" \/>\n<meta property=\"og:url\" content=\"https:\/\/www.santjosep.net\/de\/sehen\/natur\/ornithologischer-aussichtspunkt-sant-francesc-de-sestany\/\" \/>\n<meta property=\"og:site_name\" content=\"Santjosep.net\" \/>\n<meta property=\"article:modified_time\" content=\"2025-01-23T09:25:05+00:00\" \/>\n<meta property=\"og:image\" content=\"https:\/\/www.santjosep.net\/wp-content\/uploads\/2022\/01\/centrointerpretacion_santfrancesc-5.jpg\" \/>\n\t<meta property=\"og:image:width\" content=\"2000\" \/>\n\t<meta property=\"og:image:height\" content=\"1333\" \/>\n\t<meta property=\"og:image:type\" content=\"image\/jpeg\" \/>\n<meta name=\"twitter:card\" content=\"summary_large_image\" \/>\n<meta name=\"twitter:label1\" content=\"Gesch\u00e4tzte Lesezeit\" \/>\n\t<meta name=\"twitter:data1\" content=\"1\u00a0Minute\" \/>\n<script type=\"application\/ld+json\" class=\"yoast-schema-graph\">{\"@context\":\"https:\/\/schema.org\",\"@graph\":[{\"@type\":\"WebPage\",\"@id\":\"https:\/\/www.santjosep.net\/de\/sehen\/natur\/ornithologischer-aussichtspunkt-sant-francesc-de-sestany\/\",\"url\":\"https:\/\/www.santjosep.net\/de\/sehen\/natur\/ornithologischer-aussichtspunkt-sant-francesc-de-sestany\/\",\"name\":\"Ornithologischer Aussichtspunkt Sant Francesc de s'Estany - Santjosep.net\",\"isPartOf\":{\"@id\":\"https:\/\/www.santjosep.net\/#website\"},\"primaryImageOfPage\":{\"@id\":\"https:\/\/www.santjosep.net\/de\/sehen\/natur\/ornithologischer-aussichtspunkt-sant-francesc-de-sestany\/#primaryimage\"},\"image\":{\"@id\":\"https:\/\/www.santjosep.net\/de\/sehen\/natur\/ornithologischer-aussichtspunkt-sant-francesc-de-sestany\/#primaryimage\"},\"thumbnailUrl\":\"https:\/\/www.santjosep.net\/wp-content\/uploads\/2022\/01\/centrointerpretacion_santfrancesc-5.jpg\",\"datePublished\":\"2022-01-12T12:53:16+00:00\",\"dateModified\":\"2025-01-23T09:25:05+00:00\",\"breadcrumb\":{\"@id\":\"https:\/\/www.santjosep.net\/de\/sehen\/natur\/ornithologischer-aussichtspunkt-sant-francesc-de-sestany\/#breadcrumb\"},\"inLanguage\":\"de\",\"potentialAction\":[{\"@type\":\"ReadAction\",\"target\":[\"https:\/\/www.santjosep.net\/de\/sehen\/natur\/ornithologischer-aussichtspunkt-sant-francesc-de-sestany\/\"]}]},{\"@type\":\"ImageObject\",\"inLanguage\":\"de\",\"@id\":\"https:\/\/www.santjosep.net\/de\/sehen\/natur\/ornithologischer-aussichtspunkt-sant-francesc-de-sestany\/#primaryimage\",\"url\":\"https:\/\/www.santjosep.net\/wp-content\/uploads\/2022\/01\/centrointerpretacion_santfrancesc-5.jpg\",\"contentUrl\":\"https:\/\/www.santjosep.net\/wp-content\/uploads\/2022\/01\/centrointerpretacion_santfrancesc-5.jpg\",\"width\":2000,\"height\":1333},{\"@type\":\"BreadcrumbList\",\"@id\":\"https:\/\/www.santjosep.net\/de\/sehen\/natur\/ornithologischer-aussichtspunkt-sant-francesc-de-sestany\/#breadcrumb\",\"itemListElement\":[{\"@type\":\"ListItem\",\"position\":1,\"name\":\"Sehen\",\"item\":\"https:\/\/www.santjosep.net\/de\/sehen\/\"},{\"@type\":\"ListItem\",\"position\":2,\"name\":\"Natur\",\"item\":\"https:\/\/www.santjosep.net\/de\/sehen\/natur\/\"},{\"@type\":\"ListItem\",\"position\":3,\"name\":\"Ornithologischer Aussichtspunkt Sant Francesc de s&#8217;Estany\"}]},{\"@type\":\"WebSite\",\"@id\":\"https:\/\/www.santjosep.net\/#website\",\"url\":\"https:\/\/www.santjosep.net\/\",\"name\":\"Santjosep.net\",\"description\":\"\",\"potentialAction\":[{\"@type\":\"SearchAction\",\"target\":{\"@type\":\"EntryPoint\",\"urlTemplate\":\"https:\/\/www.santjosep.net\/?s={search_term_string}\"},\"query-input\":{\"@type\":\"PropertyValueSpecification\",\"valueRequired\":true,\"valueName\":\"search_term_string\"}}],\"inLanguage\":\"de\"}]}<\/script>\n<!-- \/ Yoast SEO plugin. -->","yoast_head_json":{"title":"Ornithologischer Aussichtspunkt Sant Francesc de s'Estany - Santjosep.net","robots":{"index":"index","follow":"follow","max-snippet":"max-snippet:-1","max-image-preview":"max-image-preview:large","max-video-preview":"max-video-preview:-1"},"canonical":"https:\/\/www.santjosep.net\/de\/sehen\/natur\/ornithologischer-aussichtspunkt-sant-francesc-de-sestany\/","og_locale":"de_DE","og_type":"article","og_title":"Ornithologischer Aussichtspunkt Sant Francesc de s'Estany - Santjosep.net","og_description":"[vc_row enable_hue_rotation=&#8220;no&#8220; enable_text_marquee=&#8220;no&#8220;][vc_column][vc_column_text]Eine weitere wichtige Attraktion sind die V\u00f6gel, die in dem Naturschutzgebiet nisten. Lassen Sie sich auf keinen Fall die Aussichtsplattform entgehen, von der aus man die V\u00f6gel hervorragend beobachten und Fotos machen kann. Vor allem trifft man hier [&hellip;]","og_url":"https:\/\/www.santjosep.net\/de\/sehen\/natur\/ornithologischer-aussichtspunkt-sant-francesc-de-sestany\/","og_site_name":"Santjosep.net","article_modified_time":"2025-01-23T09:25:05+00:00","og_image":[{"width":2000,"height":1333,"url":"https:\/\/www.santjosep.net\/wp-content\/uploads\/2022\/01\/centrointerpretacion_santfrancesc-5.jpg","type":"image\/jpeg"}],"twitter_card":"summary_large_image","twitter_misc":{"Gesch\u00e4tzte Lesezeit":"1\u00a0Minute"},"schema":{"@context":"https:\/\/schema.org","@graph":[{"@type":"WebPage","@id":"https:\/\/www.santjosep.net\/de\/sehen\/natur\/ornithologischer-aussichtspunkt-sant-francesc-de-sestany\/","url":"https:\/\/www.santjosep.net\/de\/sehen\/natur\/ornithologischer-aussichtspunkt-sant-francesc-de-sestany\/","name":"Ornithologischer Aussichtspunkt Sant Francesc de s'Estany - Santjosep.net","isPartOf":{"@id":"https:\/\/www.santjosep.net\/#website"},"primaryImageOfPage":{"@id":"https:\/\/www.santjosep.net\/de\/sehen\/natur\/ornithologischer-aussichtspunkt-sant-francesc-de-sestany\/#primaryimage"},"image":{"@id":"https:\/\/www.santjosep.net\/de\/sehen\/natur\/ornithologischer-aussichtspunkt-sant-francesc-de-sestany\/#primaryimage"},"thumbnailUrl":"https:\/\/www.santjosep.net\/wp-content\/uploads\/2022\/01\/centrointerpretacion_santfrancesc-5.jpg","datePublished":"2022-01-12T12:53:16+00:00","dateModified":"2025-01-23T09:25:05+00:00","breadcrumb":{"@id":"https:\/\/www.santjosep.net\/de\/sehen\/natur\/ornithologischer-aussichtspunkt-sant-francesc-de-sestany\/#breadcrumb"},"inLanguage":"de","potentialAction":[{"@type":"ReadAction","target":["https:\/\/www.santjosep.net\/de\/sehen\/natur\/ornithologischer-aussichtspunkt-sant-francesc-de-sestany\/"]}]},{"@type":"ImageObject","inLanguage":"de","@id":"https:\/\/www.santjosep.net\/de\/sehen\/natur\/ornithologischer-aussichtspunkt-sant-francesc-de-sestany\/#primaryimage","url":"https:\/\/www.santjosep.net\/wp-content\/uploads\/2022\/01\/centrointerpretacion_santfrancesc-5.jpg","contentUrl":"https:\/\/www.santjosep.net\/wp-content\/uploads\/2022\/01\/centrointerpretacion_santfrancesc-5.jpg","width":2000,"height":1333},{"@type":"BreadcrumbList","@id":"https:\/\/www.santjosep.net\/de\/sehen\/natur\/ornithologischer-aussichtspunkt-sant-francesc-de-sestany\/#breadcrumb","itemListElement":[{"@type":"ListItem","position":1,"name":"Sehen","item":"https:\/\/www.santjosep.net\/de\/sehen\/"},{"@type":"ListItem","position":2,"name":"Natur","item":"https:\/\/www.santjosep.net\/de\/sehen\/natur\/"},{"@type":"ListItem","position":3,"name":"Ornithologischer Aussichtspunkt Sant Francesc de s&#8217;Estany"}]},{"@type":"WebSite","@id":"https:\/\/www.santjosep.net\/#website","url":"https:\/\/www.santjosep.net\/","name":"Santjosep.net","description":"","potentialAction":[{"@type":"SearchAction","target":{"@type":"EntryPoint","urlTemplate":"https:\/\/www.santjosep.net\/?s={search_term_string}"},"query-input":{"@type":"PropertyValueSpecification","valueRequired":true,"valueName":"search_term_string"}}],"inLanguage":"de"}]}},"_links":{"self":[{"href":"https:\/\/www.santjosep.net\/de\/wp-json\/wp\/v2\/pages\/29723","targetHints":{"allow":["GET"]}}],"collection":[{"href":"https:\/\/www.santjosep.net\/de\/wp-json\/wp\/v2\/pages"}],"about":[{"href":"https:\/\/www.santjosep.net\/de\/wp-json\/wp\/v2\/types\/page"}],"author":[{"embeddable":true,"href":"https:\/\/www.santjosep.net\/de\/wp-json\/wp\/v2\/users\/1"}],"replies":[{"embeddable":true,"href":"https:\/\/www.santjosep.net\/de\/wp-json\/wp\/v2\/comments?post=29723"}],"version-history":[{"count":0,"href":"https:\/\/www.santjosep.net\/de\/wp-json\/wp\/v2\/pages\/29723\/revisions"}],"up":[{"embeddable":true,"href":"https:\/\/www.santjosep.net\/de\/wp-json\/wp\/v2\/pages\/5677"}],"wp:featuredmedia":[{"embeddable":true,"href":"https:\/\/www.santjosep.net\/de\/wp-json\/wp\/v2\/media\/29696"}],"wp:attachment":[{"href":"https:\/\/www.santjosep.net\/de\/wp-json\/wp\/v2\/media?parent=29723"}],"wp:term":[{"taxonomy":"categoria_pagina","embeddable":true,"href":"https:\/\/www.santjosep.net\/de\/wp-json\/wp\/v2\/categoria_pagina?post=29723"}],"curies":[{"name":"wp","href":"https:\/\/api.w.org\/{rel}","templated":true}]}}