{"id":28303,"date":"2022-01-04T15:21:49","date_gmt":"2022-01-04T14:21:49","guid":{"rendered":"https:\/\/www.santjosep.net\/sportliche-aktivitaeten\/schnorchel\/snorkelroute-cala-codolar\/"},"modified":"2022-01-13T07:58:51","modified_gmt":"2022-01-13T06:58:51","slug":"schnorchelroute-cala-codolar","status":"publish","type":"page","link":"https:\/\/www.santjosep.net\/de\/aktiver-tourismus\/schnorchel\/schnorchelroute-cala-codolar\/","title":{"rendered":"Cala Codolar"},"content":{"rendered":"<div class=\"wpb-content-wrapper\"><p>[vc_row enable_hue_rotation=&#8220;no&#8220; enable_text_marquee=&#8220;no&#8220; el_id=&#8220;b1-fichaSnorkel&#8220;][vc_column][vc_column_text css=&#8220;.vc_custom_1641811382921{padding-bottom: 2% !important;}&#8220;]<\/p>\n<h2>Cala Codolar<\/h2>\n<h3><a href=\"https:\/\/www.santjosep.net\/de\/sportliche-aktivitaeten\/schnorchel\/\">Schnorchelroute<\/a><\/h3>\n<p>[\/vc_column_text][\/vc_column][\/vc_row][vc_row enable_hue_rotation=&#8220;no&#8220; enable_text_marquee=&#8220;no&#8220; css=&#8220;.vc_custom_1641382428512{padding-top: 30px !important;padding-bottom: 30px !important;}&#8220; el_id=&#8220;b1Iconos&#8220;][vc_column width=&#8220;1\/3&#8243;]<div class=\"edgtf-iwt clearfix  edgtf-iwt-icon-left edgtf-iwt-icon-medium\">\n\t<div class=\"edgtf-iwt-icon\">\n\t\t\t\t\t<a itemprop=\"url\" href=\"#loc\" target=\"_self\">\n\t\t\t\t\t\t\t\t\t    <span class=\"edgtf-icon-shortcode edgtf-normal   edgtf-icon-medium\"  >\n                    <i class=\"edgtf-icon-font-awesome fa fa-map-marker edgtf-icon-element\" style=\"\" ><\/i>            <\/span>\n\t\t\t\t\t\t\t\t<\/a>\n\t\t\t<\/div>\n\t<div class=\"edgtf-iwt-content\" >\n\t\t\t\t\t<h4 class=\"edgtf-iwt-title\" >\n\t\t\t\t\t\t\t\t\t<a itemprop=\"url\" href=\"#loc\" target=\"_self\">\n\t\t\t\t\t\t\t\t<span class=\"edgtf-iwt-title-text\">Standort<\/span>\n\t\t\t\t\t\t\t\t\t<\/a>\n\t\t\t\t\t\t\t<\/h4>\n\t\t\t\t\t<\/div>\n<\/div>[vc_column_text css=&#8220;.vc_custom_1641977585933{padding-left: 13% !important;}&#8220;]<a href=\"#loc\">Sant Josep de Sa Talaia<\/a><\/p>\n<div id=\"localizacion-ficha\">\n<div class=\"loc-ficha\"><a href=\"#loc\"><img decoding=\"async\" style=\"width: 30px;\" src=\"https:\/\/www.santjosep.net\/wp-content\/uploads\/2022\/01\/map.png\" \/><\/a><br \/>\n<a class=\"loc-text-ficha\" href=\"#loc\">Siehe Karte<\/a><\/div>\n<div class=\"loc-ficha\"><a href=\"https:\/\/goo.gl\/maps\/KhxCBbJF69GqwmKp6\" target=\"_blank\" rel=\"noopener\"><img decoding=\"async\" style=\"width: 30px;\" src=\"https:\/\/www.santjosep.net\/wp-content\/uploads\/2022\/01\/distance.png\" \/><\/a><br \/>\n<a class=\"loc-text-ficha\" href=\"https:\/\/goo.gl\/maps\/KhxCBbJF69GqwmKp6\" target=\"_blank\" rel=\"noopener\">Wie komme ich dorthin?<\/a><\/div>\n<\/div>\n<p>[\/vc_column_text][\/vc_column][vc_column width=&#8220;1\/3&#8243;]<div class=\"edgtf-iwt clearfix  edgtf-iwt-icon-left edgtf-iwt-icon-medium\">\n\t<div class=\"edgtf-iwt-icon\">\n\t\t\t\t\t\t\t\t\t    <span class=\"edgtf-icon-shortcode edgtf-normal   edgtf-icon-medium\"  data-color=\"#1ca8e2\">\n                    <i class=\"edgtf-icon-font-awesome fa fa-signal edgtf-icon-element\" style=\"color: #1ca8e2\" ><\/i>            <\/span>\n\t\t\t\t\t\t<\/div>\n\t<div class=\"edgtf-iwt-content\" >\n\t\t\t\t\t<h4 class=\"edgtf-iwt-title\" >\n\t\t\t\t\t\t\t\t<span class=\"edgtf-iwt-title-text\">Niveau<\/span>\n\t\t\t\t\t\t\t<\/h4>\n\t\t\t\t\t\t\t<p class=\"edgtf-iwt-text\" >Fortgeschritten<\/p>\n\t\t\t<\/div>\n<\/div>[\/vc_column][vc_column width=&#8220;1\/3&#8243;]<div class=\"edgtf-iwt clearfix codolar-gal edgtf-iwt-icon-left edgtf-iwt-icon-medium\">\n\t<div class=\"edgtf-iwt-icon\">\n\t\t\t\t\t\t\t\t\t    <span class=\"edgtf-icon-shortcode edgtf-normal   edgtf-icon-medium\"  data-color=\"#1ca8e2\">\n                    <i class=\"edgtf-icon-font-awesome fa fa-picture-o edgtf-icon-element\" style=\"color: #1ca8e2\" ><\/i>            <\/span>\n\t\t\t\t\t\t<\/div>\n\t<div class=\"edgtf-iwt-content\" >\n\t\t\t\t\t<h4 class=\"edgtf-iwt-title\" >\n\t\t\t\t\t\t\t\t<span class=\"edgtf-iwt-title-text\">Galerie<\/span>\n\t\t\t\t\t\t\t<\/h4>\n\t\t\t\t\t<\/div>\n<\/div>[vc_column_text css=&#8220;.vc_custom_1641977570476{padding-left: 15% !important;}&#8220; el_class=&#8220;codolar-gal&#8220;]Siehe Galerie[\/vc_column_text][\/vc_column][\/vc_row][vc_row enable_hue_rotation=&#8220;no&#8220; enable_text_marquee=&#8220;no&#8220;][vc_column][vc_row_inner gap=&#8220;10&#8243; css=&#8220;.vc_custom_1639479654309{padding-bottom: 5% !important;}&#8220;][vc_column_inner width=&#8220;1\/2&#8243;][vc_column_text]An der K\u00fcste von Sant Josep, in der N\u00e4he der Bucht<a href=\"https:\/\/www.santjosep.net\/de\/sehen\/strande\/cala-llentia\/\" rel=\"noopener\"> Cala Llentia<\/a>, befindet sich ein weiteres Idyll, <a href=\"https:\/\/www.santjosep.net\/de\/sehen\/strande\/playa-des-codolar\/\" rel=\"noopener\">Cala Codolar<\/a>, das sich perfekt zum Schnorcheln eignet, oder wie wir es nennen: Unterwasserwandern.<\/p>\n<p>Wie bei allen Buchten gibt es auch hier mehrere M\u00f6glichkeiten, sie zu erkunden. Wir empfehlen allerdings, sich von dem Bootskanal auf der linken Seite fernzuhalten und lieber auf der rechten Seite zu bleiben. Diese Zugangskan\u00e4le f\u00fcr Surfer, Jetskis, Segelboote, Motorboote etc. sind ausschlie\u00dflich f\u00fcr die entsprechenden Wassersportler gedacht und es besteht dort ein Badeverbot.<\/p>\n<p>Sobald wir im Wasser sind, finden wir einen flachen Untergrund mit vereinzelten mittelgro\u00dfen Felsen vor, die gr\u00f6\u00dftenteils mit Braunalgen oder den wei\u00dflichen Trichteralgen (<i>Padina Pavona<\/i>) bedeckt sind. Wenn wir uns weiter voran bewegen und die Felswand zu unserer Rechten lassen, erreichen wir ein abgestuftes Felsplateau, bei dem sich deutlich die verschiedenen Gesteinsschichten erkennen lassen, wie man es auch vom Gestein an Land kennt. Der Rest der Bucht hingegen hat einen sandigen Meeresboden.[\/vc_column_text][\/vc_column_inner][vc_column_inner width=&#8220;1\/2&#8243;][vc_column_text]Neben dem Plateau erheben sich gro\u00dfe Felsen, um die sich Gei\u00dfbrassen, Meerpfauen und Gr\u00fcndlinge scharen, die bei entsprechender Gelegenheit genussvoll Seeigel verzehren.<\/p>\n<p>Da das Wasser hier sehr sauber und die Felsen wei\u00df sind, ist der Meeresgrund gut ausgeleuchtet. An der Wasseroberfl\u00e4che erscheint die K\u00fcste zerkl\u00fcftet und voller kleiner Mulden. Vor einer davon ragt leicht eine Felsspitze aus dem Wasser, die zu einem massiven Felsblock geh\u00f6rt, der bis zu f\u00fcnf Meter in die Tiefe reicht. In der n\u00e4heren Umgebung k\u00f6nnen wir noch weitere belebte Unterwasserfelsen entdecken, die ein besonderes Highlight f\u00fcr erfahrenere Apnoetaucher sind.[\/vc_column_text][\/vc_column_inner][\/vc_row_inner][\/vc_column][\/vc_row][vc_row enable_hue_rotation=&#8220;no&#8220; enable_text_marquee=&#8220;no&#8220;][vc_column][vc_column_text]<\/p>\n<div style=\"position: relative;\">\n<p><a style=\"position: absolute; top: -140px;\" name=\"vermas\"><\/a><\/p>\n<h3>Empfehlungen<\/h3>\n<p>Wenn der Westwind auf die westliche K\u00fcste trifft, kann es zu Wassertr\u00fcbung und starkem Wellengang kommen, weswegen der Aufenthalt im Wasser zu solchen Zeiten nicht empfehlenswert ist.<\/p>\n<\/div>\n<p>[\/vc_column_text][\/vc_column][\/vc_row][vc_row enable_hue_rotation=&#8220;no&#8220; enable_text_marquee=&#8220;no&#8220; css=&#8220;.vc_custom_1639474247794{padding-bottom: 5% !important;}&#8220; el_id=&#8220;localizacion&#8220;][vc_column][vc_column_text css=&#8220;.vc_custom_1641811422972{padding-top: 2% !important;}&#8220;]<\/p>\n<h3>Infografik<\/h3>\n<p>[\/vc_column_text][vc_single_image image=&#8220;27479&#8243; img_size=&#8220;full&#8220;][vc_column_text css=&#8220;.vc_custom_1641977602172{padding-top: 2% !important;padding-bottom: 2% !important;}&#8220;]<\/p>\n<div style=\"position: relative;\">\n<p><a style=\"position: absolute; top: -250px;\" name=\"loc\"><\/a><\/p>\n<h3>Standort<\/h3>\n<\/div>\n<p>[\/vc_column_text][vc_gmaps link=&#8220;#E-8_JTNDaWZyYW1lJTIwc3JjJTNEJTIyaHR0cHMlM0ElMkYlMkZ3d3cuZ29vZ2xlLmNvbSUyRm1hcHMlMkZlbWJlZCUzRnBiJTNEJTIxMW0xOCUyMTFtMTIlMjExbTMlMjExZDU3MjAuODc1ODkyMzA4MjAxJTIxMmQxLjIyNTM0NDYxNjMzNzA4MzQlMjEzZDM4Ljk1MDI5OTk3OTU2MjQ1JTIxMm0zJTIxMWYwJTIxMmYwJTIxM2YwJTIxM20yJTIxMWkxMDI0JTIxMmk3NjglMjE0ZjEzLjElMjEzbTMlMjExbTIlMjExczB4MCUyNTNBMHg5ZjUzZmI5MDEzZGE3N2I1JTIxMnpNempDc0RVM0p6QXhMakVpVGlBeHdyQXhNeWN6T1M0eElrVSUyMTVlMSUyMTNtMiUyMTFzZXMlMjEyc2VzJTIxNHYxNjQxMzA1ODA2ODU3JTIxNW0yJTIxMXNlcyUyMTJzZXMlMjIlMjB3aWR0aCUzRCUyMjYwMCUyMiUyMGhlaWdodCUzRCUyMjQ1MCUyMiUyMHN0eWxlJTNEJTIyYm9yZGVyJTNBMCUzQiUyMiUyMGFsbG93ZnVsbHNjcmVlbiUzRCUyMiUyMiUyMGxvYWRpbmclM0QlMjJsYXp5JTIyJTNFJTNDJTJGaWZyYW1lJTNF&#8220; size=&#8220;400&#8243;][\/vc_column][\/vc_row][vc_row full_width=&#8220;stretch_row_content_no_spaces&#8220; full_height=&#8220;yes&#8220; equal_height=&#8220;yes&#8220; enable_hue_rotation=&#8220;no&#8220; enable_text_marquee=&#8220;no&#8220; css=&#8220;.vc_custom_1639477372308{padding-top: 5% !important;}&#8220; el_id=&#8220;bmosaico&#8220;][vc_column][vc_row_inner equal_height=&#8220;yes&#8220;][vc_column_inner width=&#8220;1\/2&#8243;][vc_single_image image=&#8220;27459&#8243; img_size=&#8220;full&#8220;][vc_single_image image=&#8220;27474&#8243; img_size=&#8220;full&#8220;][\/vc_column_inner][vc_column_inner width=&#8220;1\/2&#8243; css=&#8220;.vc_custom_1641306066382{background-image: url(https:\/\/www.santjosep.net\/wp-content\/uploads\/2022\/01\/fotosub-Codolar-3.jpg?id=27460) !important;background-position: center !important;background-repeat: no-repeat !important;background-size: cover !important;}&#8220;][\/vc_column_inner][\/vc_row_inner][\/vc_column][\/vc_row]<\/p>\n<\/div>","protected":false},"excerpt":{"rendered":"<p>[vc_row enable_hue_rotation=&#8220;no&#8220; enable_text_marquee=&#8220;no&#8220; el_id=&#8220;b1-fichaSnorkel&#8220;][vc_column][vc_column_text css=&#8220;.vc_custom_1641811382921{padding-bottom: 2% !important;}&#8220;] Cala Codolar Schnorchelroute [\/vc_column_text][\/vc_column][\/vc_row][vc_row enable_hue_rotation=&#8220;no&#8220; enable_text_marquee=&#8220;no&#8220; css=&#8220;.vc_custom_1641382428512{padding-top: 30px !important;padding-bottom: 30px !important;}&#8220; el_id=&#8220;b1Iconos&#8220;][vc_column width=&#8220;1\/3&#8243;][vc_column_text css=&#8220;.vc_custom_1641977585933{padding-left: 13% !important;}&#8220;]Sant Josep de Sa Talaia Siehe Karte Wie komme ich dorthin? [\/vc_column_text][\/vc_column][vc_column width=&#8220;1\/3&#8243;][\/vc_column][vc_column width=&#8220;1\/3&#8243;][vc_column_text css=&#8220;.vc_custom_1641977570476{padding-left: 15% !important;}&#8220; el_class=&#8220;codolar-gal&#8220;]Siehe [&hellip;]<\/p>\n","protected":false},"author":1,"featured_media":27494,"parent":28122,"menu_order":0,"comment_status":"closed","ping_status":"closed","template":"page-actividad.php","meta":{"_acf_changed":false,"inline_featured_image":false,"footnotes":""},"categoria_pagina":[],"class_list":["post-28303","page","type-page","status-publish","has-post-thumbnail","hentry"],"acf":[],"yoast_head":"<!-- This site is optimized with the Yoast SEO plugin v25.7 - https:\/\/yoast.com\/wordpress\/plugins\/seo\/ -->\n<title>Cala Codolar - Santjosep.net<\/title>\n<meta name=\"robots\" content=\"index, follow, max-snippet:-1, max-image-preview:large, max-video-preview:-1\" \/>\n<link rel=\"canonical\" href=\"https:\/\/www.santjosep.net\/de\/aktiver-tourismus\/schnorchel\/schnorchelroute-cala-codolar\/\" \/>\n<meta property=\"og:locale\" content=\"de_DE\" \/>\n<meta property=\"og:type\" content=\"article\" \/>\n<meta property=\"og:title\" content=\"Cala Codolar - Santjosep.net\" \/>\n<meta property=\"og:description\" content=\"[vc_row enable_hue_rotation=&#8220;no&#8220; enable_text_marquee=&#8220;no&#8220; el_id=&#8220;b1-fichaSnorkel&#8220;][vc_column][vc_column_text css=&#8220;.vc_custom_1641811382921{padding-bottom: 2% !important;}&#8220;] Cala Codolar Schnorchelroute [\/vc_column_text][\/vc_column][\/vc_row][vc_row enable_hue_rotation=&#8220;no&#8220; enable_text_marquee=&#8220;no&#8220; css=&#8220;.vc_custom_1641382428512{padding-top: 30px !important;padding-bottom: 30px !important;}&#8220; el_id=&#8220;b1Iconos&#8220;][vc_column width=&#8220;1\/3&#8243;][vc_column_text css=&#8220;.vc_custom_1641977585933{padding-left: 13% !important;}&#8220;]Sant Josep de Sa Talaia Siehe Karte Wie komme ich dorthin? [\/vc_column_text][\/vc_column][vc_column width=&#8220;1\/3&#8243;][\/vc_column][vc_column width=&#8220;1\/3&#8243;][vc_column_text css=&#8220;.vc_custom_1641977570476{padding-left: 15% !important;}&#8220; el_class=&#8220;codolar-gal&#8220;]Siehe [&hellip;]\" \/>\n<meta property=\"og:url\" content=\"https:\/\/www.santjosep.net\/de\/aktiver-tourismus\/schnorchel\/schnorchelroute-cala-codolar\/\" \/>\n<meta property=\"og:site_name\" content=\"Santjosep.net\" \/>\n<meta property=\"article:modified_time\" content=\"2022-01-13T06:58:51+00:00\" \/>\n<meta property=\"og:image\" content=\"https:\/\/www.santjosep.net\/wp-content\/uploads\/2022\/01\/cover_DSC01260.jpg\" \/>\n\t<meta property=\"og:image:width\" content=\"1400\" \/>\n\t<meta property=\"og:image:height\" content=\"933\" \/>\n\t<meta property=\"og:image:type\" content=\"image\/jpeg\" \/>\n<meta name=\"twitter:card\" content=\"summary_large_image\" \/>\n<meta name=\"twitter:label1\" content=\"Gesch\u00e4tzte Lesezeit\" \/>\n\t<meta name=\"twitter:data1\" content=\"3\u00a0Minuten\" \/>\n<script type=\"application\/ld+json\" class=\"yoast-schema-graph\">{\"@context\":\"https:\/\/schema.org\",\"@graph\":[{\"@type\":\"WebPage\",\"@id\":\"https:\/\/www.santjosep.net\/de\/aktiver-tourismus\/schnorchel\/schnorchelroute-cala-codolar\/\",\"url\":\"https:\/\/www.santjosep.net\/de\/aktiver-tourismus\/schnorchel\/schnorchelroute-cala-codolar\/\",\"name\":\"Cala Codolar - Santjosep.net\",\"isPartOf\":{\"@id\":\"https:\/\/www.santjosep.net\/#website\"},\"primaryImageOfPage\":{\"@id\":\"https:\/\/www.santjosep.net\/de\/aktiver-tourismus\/schnorchel\/schnorchelroute-cala-codolar\/#primaryimage\"},\"image\":{\"@id\":\"https:\/\/www.santjosep.net\/de\/aktiver-tourismus\/schnorchel\/schnorchelroute-cala-codolar\/#primaryimage\"},\"thumbnailUrl\":\"https:\/\/www.santjosep.net\/wp-content\/uploads\/2022\/01\/cover_DSC01260.jpg\",\"datePublished\":\"2022-01-04T14:21:49+00:00\",\"dateModified\":\"2022-01-13T06:58:51+00:00\",\"breadcrumb\":{\"@id\":\"https:\/\/www.santjosep.net\/de\/aktiver-tourismus\/schnorchel\/schnorchelroute-cala-codolar\/#breadcrumb\"},\"inLanguage\":\"de\",\"potentialAction\":[{\"@type\":\"ReadAction\",\"target\":[\"https:\/\/www.santjosep.net\/de\/aktiver-tourismus\/schnorchel\/schnorchelroute-cala-codolar\/\"]}]},{\"@type\":\"ImageObject\",\"inLanguage\":\"de\",\"@id\":\"https:\/\/www.santjosep.net\/de\/aktiver-tourismus\/schnorchel\/schnorchelroute-cala-codolar\/#primaryimage\",\"url\":\"https:\/\/www.santjosep.net\/wp-content\/uploads\/2022\/01\/cover_DSC01260.jpg\",\"contentUrl\":\"https:\/\/www.santjosep.net\/wp-content\/uploads\/2022\/01\/cover_DSC01260.jpg\",\"width\":1400,\"height\":933},{\"@type\":\"BreadcrumbList\",\"@id\":\"https:\/\/www.santjosep.net\/de\/aktiver-tourismus\/schnorchel\/schnorchelroute-cala-codolar\/#breadcrumb\",\"itemListElement\":[{\"@type\":\"ListItem\",\"position\":1,\"name\":\"Aktiver Tourismus\",\"item\":\"https:\/\/www.santjosep.net\/de\/aktiver-tourismus\/\"},{\"@type\":\"ListItem\",\"position\":2,\"name\":\"Schnorchelroute\",\"item\":\"https:\/\/www.santjosep.net\/de\/aktiver-tourismus\/schnorchel\/\"},{\"@type\":\"ListItem\",\"position\":3,\"name\":\"Cala Codolar\"}]},{\"@type\":\"WebSite\",\"@id\":\"https:\/\/www.santjosep.net\/#website\",\"url\":\"https:\/\/www.santjosep.net\/\",\"name\":\"Santjosep.net\",\"description\":\"\",\"potentialAction\":[{\"@type\":\"SearchAction\",\"target\":{\"@type\":\"EntryPoint\",\"urlTemplate\":\"https:\/\/www.santjosep.net\/?s={search_term_string}\"},\"query-input\":{\"@type\":\"PropertyValueSpecification\",\"valueRequired\":true,\"valueName\":\"search_term_string\"}}],\"inLanguage\":\"de\"}]}<\/script>\n<!-- \/ Yoast SEO plugin. -->","yoast_head_json":{"title":"Cala Codolar - Santjosep.net","robots":{"index":"index","follow":"follow","max-snippet":"max-snippet:-1","max-image-preview":"max-image-preview:large","max-video-preview":"max-video-preview:-1"},"canonical":"https:\/\/www.santjosep.net\/de\/aktiver-tourismus\/schnorchel\/schnorchelroute-cala-codolar\/","og_locale":"de_DE","og_type":"article","og_title":"Cala Codolar - Santjosep.net","og_description":"[vc_row enable_hue_rotation=&#8220;no&#8220; enable_text_marquee=&#8220;no&#8220; el_id=&#8220;b1-fichaSnorkel&#8220;][vc_column][vc_column_text css=&#8220;.vc_custom_1641811382921{padding-bottom: 2% !important;}&#8220;] Cala Codolar Schnorchelroute [\/vc_column_text][\/vc_column][\/vc_row][vc_row enable_hue_rotation=&#8220;no&#8220; enable_text_marquee=&#8220;no&#8220; css=&#8220;.vc_custom_1641382428512{padding-top: 30px !important;padding-bottom: 30px !important;}&#8220; el_id=&#8220;b1Iconos&#8220;][vc_column width=&#8220;1\/3&#8243;][vc_column_text css=&#8220;.vc_custom_1641977585933{padding-left: 13% !important;}&#8220;]Sant Josep de Sa Talaia Siehe Karte Wie komme ich dorthin? [\/vc_column_text][\/vc_column][vc_column width=&#8220;1\/3&#8243;][\/vc_column][vc_column width=&#8220;1\/3&#8243;][vc_column_text css=&#8220;.vc_custom_1641977570476{padding-left: 15% !important;}&#8220; el_class=&#8220;codolar-gal&#8220;]Siehe [&hellip;]","og_url":"https:\/\/www.santjosep.net\/de\/aktiver-tourismus\/schnorchel\/schnorchelroute-cala-codolar\/","og_site_name":"Santjosep.net","article_modified_time":"2022-01-13T06:58:51+00:00","og_image":[{"width":1400,"height":933,"url":"https:\/\/www.santjosep.net\/wp-content\/uploads\/2022\/01\/cover_DSC01260.jpg","type":"image\/jpeg"}],"twitter_card":"summary_large_image","twitter_misc":{"Gesch\u00e4tzte Lesezeit":"3\u00a0Minuten"},"schema":{"@context":"https:\/\/schema.org","@graph":[{"@type":"WebPage","@id":"https:\/\/www.santjosep.net\/de\/aktiver-tourismus\/schnorchel\/schnorchelroute-cala-codolar\/","url":"https:\/\/www.santjosep.net\/de\/aktiver-tourismus\/schnorchel\/schnorchelroute-cala-codolar\/","name":"Cala Codolar - Santjosep.net","isPartOf":{"@id":"https:\/\/www.santjosep.net\/#website"},"primaryImageOfPage":{"@id":"https:\/\/www.santjosep.net\/de\/aktiver-tourismus\/schnorchel\/schnorchelroute-cala-codolar\/#primaryimage"},"image":{"@id":"https:\/\/www.santjosep.net\/de\/aktiver-tourismus\/schnorchel\/schnorchelroute-cala-codolar\/#primaryimage"},"thumbnailUrl":"https:\/\/www.santjosep.net\/wp-content\/uploads\/2022\/01\/cover_DSC01260.jpg","datePublished":"2022-01-04T14:21:49+00:00","dateModified":"2022-01-13T06:58:51+00:00","breadcrumb":{"@id":"https:\/\/www.santjosep.net\/de\/aktiver-tourismus\/schnorchel\/schnorchelroute-cala-codolar\/#breadcrumb"},"inLanguage":"de","potentialAction":[{"@type":"ReadAction","target":["https:\/\/www.santjosep.net\/de\/aktiver-tourismus\/schnorchel\/schnorchelroute-cala-codolar\/"]}]},{"@type":"ImageObject","inLanguage":"de","@id":"https:\/\/www.santjosep.net\/de\/aktiver-tourismus\/schnorchel\/schnorchelroute-cala-codolar\/#primaryimage","url":"https:\/\/www.santjosep.net\/wp-content\/uploads\/2022\/01\/cover_DSC01260.jpg","contentUrl":"https:\/\/www.santjosep.net\/wp-content\/uploads\/2022\/01\/cover_DSC01260.jpg","width":1400,"height":933},{"@type":"BreadcrumbList","@id":"https:\/\/www.santjosep.net\/de\/aktiver-tourismus\/schnorchel\/schnorchelroute-cala-codolar\/#breadcrumb","itemListElement":[{"@type":"ListItem","position":1,"name":"Aktiver Tourismus","item":"https:\/\/www.santjosep.net\/de\/aktiver-tourismus\/"},{"@type":"ListItem","position":2,"name":"Schnorchelroute","item":"https:\/\/www.santjosep.net\/de\/aktiver-tourismus\/schnorchel\/"},{"@type":"ListItem","position":3,"name":"Cala Codolar"}]},{"@type":"WebSite","@id":"https:\/\/www.santjosep.net\/#website","url":"https:\/\/www.santjosep.net\/","name":"Santjosep.net","description":"","potentialAction":[{"@type":"SearchAction","target":{"@type":"EntryPoint","urlTemplate":"https:\/\/www.santjosep.net\/?s={search_term_string}"},"query-input":{"@type":"PropertyValueSpecification","valueRequired":true,"valueName":"search_term_string"}}],"inLanguage":"de"}]}},"_links":{"self":[{"href":"https:\/\/www.santjosep.net\/de\/wp-json\/wp\/v2\/pages\/28303","targetHints":{"allow":["GET"]}}],"collection":[{"href":"https:\/\/www.santjosep.net\/de\/wp-json\/wp\/v2\/pages"}],"about":[{"href":"https:\/\/www.santjosep.net\/de\/wp-json\/wp\/v2\/types\/page"}],"author":[{"embeddable":true,"href":"https:\/\/www.santjosep.net\/de\/wp-json\/wp\/v2\/users\/1"}],"replies":[{"embeddable":true,"href":"https:\/\/www.santjosep.net\/de\/wp-json\/wp\/v2\/comments?post=28303"}],"version-history":[{"count":0,"href":"https:\/\/www.santjosep.net\/de\/wp-json\/wp\/v2\/pages\/28303\/revisions"}],"up":[{"embeddable":true,"href":"https:\/\/www.santjosep.net\/de\/wp-json\/wp\/v2\/pages\/28122"}],"wp:featuredmedia":[{"embeddable":true,"href":"https:\/\/www.santjosep.net\/de\/wp-json\/wp\/v2\/media\/27494"}],"wp:attachment":[{"href":"https:\/\/www.santjosep.net\/de\/wp-json\/wp\/v2\/media?parent=28303"}],"wp:term":[{"taxonomy":"categoria_pagina","embeddable":true,"href":"https:\/\/www.santjosep.net\/de\/wp-json\/wp\/v2\/categoria_pagina?post=28303"}],"curies":[{"name":"wp","href":"https:\/\/api.w.org\/{rel}","templated":true}]}}