{"id":28279,"date":"2022-01-04T15:29:47","date_gmt":"2022-01-04T14:29:47","guid":{"rendered":"https:\/\/www.santjosep.net\/sportliche-aktivitaeten\/schnorchel\/snorkel-route-cala-llentrisca\/"},"modified":"2022-01-12T15:53:43","modified_gmt":"2022-01-12T14:53:43","slug":"schnorchelroute-cala-llentrisca","status":"publish","type":"page","link":"https:\/\/www.santjosep.net\/de\/aktiver-tourismus\/schnorchel\/schnorchelroute-cala-llentrisca\/","title":{"rendered":"Cala Llentrisca"},"content":{"rendered":"<div class=\"wpb-content-wrapper\"><p>[vc_row enable_hue_rotation=&#8220;no&#8220; enable_text_marquee=&#8220;no&#8220; el_id=&#8220;b1-fichaSnorkel&#8220;][vc_column][vc_column_text css=&#8220;.vc_custom_1641807156051{padding-bottom: 2% !important;}&#8220;]<\/p>\n<h2><b>Cala Llentrisca<\/b><\/h2>\n<h3><a href=\"https:\/\/www.santjosep.net\/de\/sportliche-aktivitaeten\/schnorchel\/\">Schnorchelroute<\/a><\/h3>\n<p>[\/vc_column_text][\/vc_column][\/vc_row][vc_row enable_hue_rotation=&#8220;no&#8220; enable_text_marquee=&#8220;no&#8220; css=&#8220;.vc_custom_1641382428512{padding-top: 30px !important;padding-bottom: 30px !important;}&#8220; el_id=&#8220;b1Iconos&#8220;][vc_column width=&#8220;1\/3&#8243;]<div class=\"edgtf-iwt clearfix  edgtf-iwt-icon-left edgtf-iwt-icon-medium\">\n\t<div class=\"edgtf-iwt-icon\">\n\t\t\t\t\t<a itemprop=\"url\" href=\"#loc\" target=\"_self\">\n\t\t\t\t\t\t\t\t\t    <span class=\"edgtf-icon-shortcode edgtf-normal   edgtf-icon-medium\"  >\n                    <i class=\"edgtf-icon-font-awesome fa fa-map-marker edgtf-icon-element\" style=\"\" ><\/i>            <\/span>\n\t\t\t\t\t\t\t\t<\/a>\n\t\t\t<\/div>\n\t<div class=\"edgtf-iwt-content\" >\n\t\t\t\t\t<h4 class=\"edgtf-iwt-title\" >\n\t\t\t\t\t\t\t\t\t<a itemprop=\"url\" href=\"#loc\" target=\"_self\">\n\t\t\t\t\t\t\t\t<span class=\"edgtf-iwt-title-text\">Standort<\/span>\n\t\t\t\t\t\t\t\t\t<\/a>\n\t\t\t\t\t\t\t<\/h4>\n\t\t\t\t\t<\/div>\n<\/div>[vc_column_text css=&#8220;.vc_custom_1641822890474{padding-left: 13% !important;}&#8220;]<a href=\"#loc\">Sant Josep de Sa Talaia<\/a><\/p>\n<div id=\"localizacion-ficha\">\n<div class=\"loc-ficha\"><a href=\"#loc\"><img decoding=\"async\" style=\"width: 30px;\" src=\"https:\/\/www.santjosep.net\/wp-content\/uploads\/2022\/01\/map.png\" \/><\/a><br \/>\n<a class=\"loc-text-ficha\" href=\"#loc\">Siehe Karte<\/a><\/div>\n<div class=\"loc-ficha\"><a href=\"https:\/\/goo.gl\/maps\/bk4pbc8jSRBUTckt7\" target=\"_blank\" rel=\"noopener\"><img decoding=\"async\" style=\"width: 30px;\" src=\"https:\/\/www.santjosep.net\/wp-content\/uploads\/2022\/01\/distance.png\" \/><\/a><br \/>\n<a class=\"loc-text-ficha\" href=\"https:\/\/goo.gl\/maps\/bk4pbc8jSRBUTckt7\" target=\"_blank\" rel=\"noopener\">Wie komme ich dorthin? <\/a><\/div>\n<\/div>\n<p>[\/vc_column_text][\/vc_column][vc_column width=&#8220;1\/3&#8243;]<div class=\"edgtf-iwt clearfix  edgtf-iwt-icon-left edgtf-iwt-icon-medium\">\n\t<div class=\"edgtf-iwt-icon\">\n\t\t\t\t\t\t\t\t\t    <span class=\"edgtf-icon-shortcode edgtf-normal   edgtf-icon-medium\"  data-color=\"#1ca8e2\">\n                    <i class=\"edgtf-icon-font-awesome fa fa-signal edgtf-icon-element\" style=\"color: #1ca8e2\" ><\/i>            <\/span>\n\t\t\t\t\t\t<\/div>\n\t<div class=\"edgtf-iwt-content\" >\n\t\t\t\t\t<h4 class=\"edgtf-iwt-title\" >\n\t\t\t\t\t\t\t\t<span class=\"edgtf-iwt-title-text\">Niveau<\/span>\n\t\t\t\t\t\t\t<\/h4>\n\t\t\t\t\t\t\t<p class=\"edgtf-iwt-text\" >Einfach<\/p>\n\t\t\t<\/div>\n<\/div>[\/vc_column][vc_column width=&#8220;1\/3&#8243;]<div class=\"edgtf-iwt clearfix llentrisca-gal edgtf-iwt-icon-left edgtf-iwt-icon-medium\">\n\t<div class=\"edgtf-iwt-icon\">\n\t\t\t\t\t\t\t\t\t    <span class=\"edgtf-icon-shortcode edgtf-normal   edgtf-icon-medium\"  data-color=\"#1ca8e2\">\n                    <i class=\"edgtf-icon-font-awesome fa fa-picture-o edgtf-icon-element\" style=\"color: #1ca8e2\" ><\/i>            <\/span>\n\t\t\t\t\t\t<\/div>\n\t<div class=\"edgtf-iwt-content\" >\n\t\t\t\t\t<h4 class=\"edgtf-iwt-title\" >\n\t\t\t\t\t\t\t\t<span class=\"edgtf-iwt-title-text\">Galerie<\/span>\n\t\t\t\t\t\t\t<\/h4>\n\t\t\t\t\t<\/div>\n<\/div>[vc_column_text css=&#8220;.vc_custom_1641976917914{padding-left: 15% !important;}&#8220; el_class=&#8220;llentrisca-gal&#8220;]Siehe Galerie[\/vc_column_text][\/vc_column][\/vc_row][vc_row enable_hue_rotation=&#8220;no&#8220; enable_text_marquee=&#8220;no&#8220;][vc_column][vc_row_inner gap=&#8220;10&#8243; css=&#8220;.vc_custom_1639479654309{padding-bottom: 5% !important;}&#8220;][vc_column_inner width=&#8220;1\/2&#8243;][vc_column_text]Die Bucht <a href=\"https:\/\/www.santjosep.net\/de\/sehen\/strande\/cala-llentrisca\/\" rel=\"noopener\">Cala Llentrisca<\/a> geh\u00f6rt zweifelsohne zu den etwas verborgeneren Buchten Ibizas, da man nur \u00fcber einen pinienges\u00e4umten Fu\u00dfweg durch bergiges Terrain dorthin gelangt. Diese Bucht ist nicht so \u00fcberlaufen, da sich nur wenige Besucher auf den zwar beschwerlicheren, zugleich aber bezaubernden Weg machen. Wer hier ankommt, verbringt oft den Gro\u00dfteil des Tages in der malerischen, typisch mediterran-ibizenkischen Umgebung mit ihren Uferpinien, den alten Fischerh\u00fctten und den traditionellen Fischerbooten, den <i>lla\u00fcts,<\/i> inmitten der alles umgebenden Ruhe und Stille.<\/p>\n<p>Das Wasser hier ist transparent und eignet sich besonders gut f\u00fcr einen entspannten Schnorchelspaziergang. Hier kann man verschiedene Routen schnorcheln, wir entscheiden uns aber aus Zeitgr\u00fcnden f\u00fcr eine Rundtour. Wir bewegen uns am rechtsseitigen Hang entlang der Felswand bis hin zur Spitze der Landzunge \u2013 wer will, kann auch schon fr\u00fcher Halt machen \u2013 und \u00fcberqueren dann die Bucht hin zur gegen\u00fcberliegenden Seite, deren K\u00fcstenlinie wir nah am Ufer erkennen k\u00f6nnen. Diese Routen sind nat\u00fcrlich nur Empfehlungen und k\u00f6nnen nach Belieben jederzeit ver\u00e4ndert und angepasst werden.<\/p>\n<p>Wenn wir uns nah an der Felswand halten, ist der Meeresgrund nicht besonders tief \u2013 an vielen Stellen kann man sogar problemlos stehen. Der Boden ist \u00fcberwiegend felsig und von L\u00f6chern durchzogen, die als Verstecke f\u00fcr eine Vielzahl von Meerestieren dienen, zum Beispiel f\u00fcr die farbenfrohen Pfauenfische, Meerjunker und Pfauen-Lippfische, die hier munter ein und ausgehen.[\/vc_column_text][\/vc_column_inner][vc_column_inner width=&#8220;1\/2&#8243;][vc_column_text]Wenn wir uns etwas von der Wand entfernen, entdecken wir mittelgro\u00dfe Felsbrocken und eine \u00fcppige Seegraswiese, deren <i>Posidonia oceanica-<\/i>Pflanzen sich wie ein Miniaturwald \u00fcber den Meeresboden erstrecken. Hier sind hunderte von Tier- und Pflanzenarten zuhause, was die Wiese zu einem der wichtigsten Biotope unserer K\u00fcste macht. Einige ihrer Bewohner sind jedoch nur schwer zu entdecken, wie beispielsweise die Oktopusse, die sich lieber im Verborgenen aufhalten.<\/p>\n<p>Wenn wir uns nun zur Mitte der Bucht begeben, gelangen wir zu einen weitl\u00e4ufigen Bereich mit Sandboden, wo die dort heimischen Tiere andere Strategien anwenden, um nicht entdeckt zu werden, zum Beispiel durch Mimikry in der Farbe des Sandes. Auch kann man hier Rotbarben dabei beobachten, wie sie mit ihren Schnauzen auf der Jagd nach kleinen Krustentieren den Meeresboden aufw\u00fchlen. Etwas n\u00e4her am Ufer, wo der Boden von Kieseln bedeckt ist, findet man auch M\u00f6nchsfische und Gr\u00fcndlinge.<\/p>\n<p>Von dort n\u00e4hern wir uns langsam der gegen\u00fcberliegenden Seite der Bucht und die Posidonia-Seegraswiesen und der Sandboden weichen einem harten Felsengrund voller \u00d6ffnungen, in denen wir ihre Bewohner beobachten k\u00f6nnen, bevor wir unseren Kreis schlie\u00dfen und wieder zum Startpunkt zur\u00fcckkehren.[\/vc_column_text][\/vc_column_inner][\/vc_row_inner][\/vc_column][\/vc_row][vc_row enable_hue_rotation=&#8220;no&#8220; enable_text_marquee=&#8220;no&#8220;][vc_column][vc_column_text]<\/p>\n<h3>Empfehlungen<\/h3>\n<p>Es gibt zwei verschiedene M\u00f6glichkeiten, die Bucht zu erreichen; es empfiehlt sich allerdings, von Es Cubells aus zun\u00e4chst mit dem Auto der Landstra\u00dfe zu folgen, die sp\u00e4ter zu einer schmaleren Durchfahrt wird, die durch eine Siedlung f\u00fchrt. Am Ende dieser Siedlung kann man sein Auto abstellen und zu Fu\u00df weitergehen.<br \/>\nDie Bucht ist komplett naturbelassen, weswegen es hier keine touristischen Dienstleistungen f\u00fcr die G\u00e4ste gibt.[\/vc_column_text][\/vc_column][\/vc_row][vc_row enable_hue_rotation=&#8220;no&#8220; enable_text_marquee=&#8220;no&#8220; css=&#8220;.vc_custom_1639474247794{padding-bottom: 5% !important;}&#8220; el_id=&#8220;localizacion&#8220;][vc_column][vc_column_text css=&#8220;.vc_custom_1641807539450{padding-top: 2% !important;}&#8220;]<\/p>\n<h3>Infografik<\/h3>\n<p>[\/vc_column_text][vc_single_image image=&#8220;27527&#8243; img_size=&#8220;full&#8220;][vc_column_text css=&#8220;.vc_custom_1641976929854{padding-top: 2% !important;padding-bottom: 2% !important;}&#8220;]<\/p>\n<div style=\"position: relative;\">\n<p><a style=\"position: absolute; top: -250px;\" name=\"loc\"><\/a><\/p>\n<h3>Standort<\/h3>\n<\/div>\n<p>[\/vc_column_text][vc_gmaps link=&#8220;#E-8_JTNDaWZyYW1lJTIwc3JjJTNEJTIyaHR0cHMlM0ElMkYlMkZ3d3cuZ29vZ2xlLmNvbSUyRm1hcHMlMkZlbWJlZCUzRnBiJTNEJTIxMW0xOCUyMTFtMTIlMjExbTMlMjExZDU3MjcuOTI4ODQ1MTc1OTU5JTIxMmQxLjI1MTE0NDYxNjMzNTc1NCUyMTNkMzguODYyODMzMjc5NTc2JTIxMm0zJTIxMWYwJTIxMmYwJTIxM2YwJTIxM20yJTIxMWkxMDI0JTIxMmk3NjglMjE0ZjEzLjElMjEzbTMlMjExbTIlMjExczB4MCUyNTNBMHg5NTZhZTcyOTEyZmMyOGNhJTIxMnpNempDc0RVeEp6UTJMaklpVGlBeHdyQXhOU2N4TWk0d0lrVSUyMTVlMSUyMTNtMiUyMTFzZXMlMjEyc2VzJTIxNHYxNjQxMzA2MzQ5Nzk2JTIxNW0yJTIxMXNlcyUyMTJzZXMlMjIlMjB3aWR0aCUzRCUyMjYwMCUyMiUyMGhlaWdodCUzRCUyMjQ1MCUyMiUyMHN0eWxlJTNEJTIyYm9yZGVyJTNBMCUzQiUyMiUyMGFsbG93ZnVsbHNjcmVlbiUzRCUyMiUyMiUyMGxvYWRpbmclM0QlMjJsYXp5JTIyJTNFJTNDJTJGaWZyYW1lJTNF&#8220; size=&#8220;400&#8243;][\/vc_column][\/vc_row][vc_row full_width=&#8220;stretch_row_content_no_spaces&#8220; full_height=&#8220;yes&#8220; equal_height=&#8220;yes&#8220; enable_hue_rotation=&#8220;no&#8220; enable_text_marquee=&#8220;no&#8220; css=&#8220;.vc_custom_1639477372308{padding-top: 5% !important;}&#8220; el_id=&#8220;bmosaico&#8220;][vc_column][vc_row_inner equal_height=&#8220;yes&#8220;][vc_column_inner width=&#8220;1\/2&#8243;][vc_single_image image=&#8220;27507&#8243; img_size=&#8220;full&#8220;][vc_single_image image=&#8220;27517&#8243; img_size=&#8220;full&#8220;][\/vc_column_inner][vc_column_inner width=&#8220;1\/2&#8243; css=&#8220;.vc_custom_1641306552095{background-image: url(https:\/\/www.santjosep.net\/wp-content\/uploads\/2022\/01\/fotosub-cala-Llentrisca-6a.jpg?id=27518) !important;background-position: center !important;background-repeat: no-repeat !important;background-size: cover !important;}&#8220;][\/vc_column_inner][\/vc_row_inner][\/vc_column][\/vc_row]<\/p>\n<\/div>","protected":false},"excerpt":{"rendered":"<p>[vc_row enable_hue_rotation=&#8220;no&#8220; enable_text_marquee=&#8220;no&#8220; el_id=&#8220;b1-fichaSnorkel&#8220;][vc_column][vc_column_text css=&#8220;.vc_custom_1641807156051{padding-bottom: 2% !important;}&#8220;] Cala Llentrisca Schnorchelroute [\/vc_column_text][\/vc_column][\/vc_row][vc_row enable_hue_rotation=&#8220;no&#8220; enable_text_marquee=&#8220;no&#8220; css=&#8220;.vc_custom_1641382428512{padding-top: 30px !important;padding-bottom: 30px !important;}&#8220; el_id=&#8220;b1Iconos&#8220;][vc_column width=&#8220;1\/3&#8243;][vc_column_text css=&#8220;.vc_custom_1641822890474{padding-left: 13% !important;}&#8220;]Sant Josep de Sa Talaia Siehe Karte Wie komme ich dorthin? [\/vc_column_text][\/vc_column][vc_column width=&#8220;1\/3&#8243;][\/vc_column][vc_column width=&#8220;1\/3&#8243;][vc_column_text css=&#8220;.vc_custom_1641976917914{padding-left: 15% !important;}&#8220; el_class=&#8220;llentrisca-gal&#8220;]Siehe [&hellip;]<\/p>\n","protected":false},"author":1,"featured_media":27537,"parent":28122,"menu_order":0,"comment_status":"closed","ping_status":"closed","template":"page-actividad.php","meta":{"_acf_changed":false,"inline_featured_image":false,"footnotes":""},"categoria_pagina":[],"class_list":["post-28279","page","type-page","status-publish","has-post-thumbnail","hentry"],"acf":[],"yoast_head":"<!-- This site is optimized with the Yoast SEO plugin v25.7 - https:\/\/yoast.com\/wordpress\/plugins\/seo\/ -->\n<title>Cala Llentrisca - Santjosep.net<\/title>\n<meta name=\"robots\" content=\"index, follow, max-snippet:-1, max-image-preview:large, max-video-preview:-1\" \/>\n<link rel=\"canonical\" href=\"https:\/\/www.santjosep.net\/de\/aktiver-tourismus\/schnorchel\/schnorchelroute-cala-llentrisca\/\" \/>\n<meta property=\"og:locale\" content=\"de_DE\" \/>\n<meta property=\"og:type\" content=\"article\" \/>\n<meta property=\"og:title\" content=\"Cala Llentrisca - Santjosep.net\" \/>\n<meta property=\"og:description\" content=\"[vc_row enable_hue_rotation=&#8220;no&#8220; enable_text_marquee=&#8220;no&#8220; el_id=&#8220;b1-fichaSnorkel&#8220;][vc_column][vc_column_text css=&#8220;.vc_custom_1641807156051{padding-bottom: 2% !important;}&#8220;] Cala Llentrisca Schnorchelroute [\/vc_column_text][\/vc_column][\/vc_row][vc_row enable_hue_rotation=&#8220;no&#8220; enable_text_marquee=&#8220;no&#8220; css=&#8220;.vc_custom_1641382428512{padding-top: 30px !important;padding-bottom: 30px !important;}&#8220; el_id=&#8220;b1Iconos&#8220;][vc_column width=&#8220;1\/3&#8243;][vc_column_text css=&#8220;.vc_custom_1641822890474{padding-left: 13% !important;}&#8220;]Sant Josep de Sa Talaia Siehe Karte Wie komme ich dorthin? [\/vc_column_text][\/vc_column][vc_column width=&#8220;1\/3&#8243;][\/vc_column][vc_column width=&#8220;1\/3&#8243;][vc_column_text css=&#8220;.vc_custom_1641976917914{padding-left: 15% !important;}&#8220; el_class=&#8220;llentrisca-gal&#8220;]Siehe [&hellip;]\" \/>\n<meta property=\"og:url\" content=\"https:\/\/www.santjosep.net\/de\/aktiver-tourismus\/schnorchel\/schnorchelroute-cala-llentrisca\/\" \/>\n<meta property=\"og:site_name\" content=\"Santjosep.net\" \/>\n<meta property=\"article:modified_time\" content=\"2022-01-12T14:53:43+00:00\" \/>\n<meta property=\"og:image\" content=\"https:\/\/www.santjosep.net\/wp-content\/uploads\/2022\/01\/cover_IMG_5550.jpg\" \/>\n\t<meta property=\"og:image:width\" content=\"1200\" \/>\n\t<meta property=\"og:image:height\" content=\"800\" \/>\n\t<meta property=\"og:image:type\" content=\"image\/jpeg\" \/>\n<meta name=\"twitter:card\" content=\"summary_large_image\" \/>\n<meta name=\"twitter:label1\" content=\"Gesch\u00e4tzte Lesezeit\" \/>\n\t<meta name=\"twitter:data1\" content=\"3\u00a0Minuten\" \/>\n<script type=\"application\/ld+json\" class=\"yoast-schema-graph\">{\"@context\":\"https:\/\/schema.org\",\"@graph\":[{\"@type\":\"WebPage\",\"@id\":\"https:\/\/www.santjosep.net\/de\/aktiver-tourismus\/schnorchel\/schnorchelroute-cala-llentrisca\/\",\"url\":\"https:\/\/www.santjosep.net\/de\/aktiver-tourismus\/schnorchel\/schnorchelroute-cala-llentrisca\/\",\"name\":\"Cala Llentrisca - Santjosep.net\",\"isPartOf\":{\"@id\":\"https:\/\/www.santjosep.net\/#website\"},\"primaryImageOfPage\":{\"@id\":\"https:\/\/www.santjosep.net\/de\/aktiver-tourismus\/schnorchel\/schnorchelroute-cala-llentrisca\/#primaryimage\"},\"image\":{\"@id\":\"https:\/\/www.santjosep.net\/de\/aktiver-tourismus\/schnorchel\/schnorchelroute-cala-llentrisca\/#primaryimage\"},\"thumbnailUrl\":\"https:\/\/www.santjosep.net\/wp-content\/uploads\/2022\/01\/cover_IMG_5550.jpg\",\"datePublished\":\"2022-01-04T14:29:47+00:00\",\"dateModified\":\"2022-01-12T14:53:43+00:00\",\"breadcrumb\":{\"@id\":\"https:\/\/www.santjosep.net\/de\/aktiver-tourismus\/schnorchel\/schnorchelroute-cala-llentrisca\/#breadcrumb\"},\"inLanguage\":\"de\",\"potentialAction\":[{\"@type\":\"ReadAction\",\"target\":[\"https:\/\/www.santjosep.net\/de\/aktiver-tourismus\/schnorchel\/schnorchelroute-cala-llentrisca\/\"]}]},{\"@type\":\"ImageObject\",\"inLanguage\":\"de\",\"@id\":\"https:\/\/www.santjosep.net\/de\/aktiver-tourismus\/schnorchel\/schnorchelroute-cala-llentrisca\/#primaryimage\",\"url\":\"https:\/\/www.santjosep.net\/wp-content\/uploads\/2022\/01\/cover_IMG_5550.jpg\",\"contentUrl\":\"https:\/\/www.santjosep.net\/wp-content\/uploads\/2022\/01\/cover_IMG_5550.jpg\",\"width\":1200,\"height\":800},{\"@type\":\"BreadcrumbList\",\"@id\":\"https:\/\/www.santjosep.net\/de\/aktiver-tourismus\/schnorchel\/schnorchelroute-cala-llentrisca\/#breadcrumb\",\"itemListElement\":[{\"@type\":\"ListItem\",\"position\":1,\"name\":\"Aktiver Tourismus\",\"item\":\"https:\/\/www.santjosep.net\/de\/aktiver-tourismus\/\"},{\"@type\":\"ListItem\",\"position\":2,\"name\":\"Schnorchelroute\",\"item\":\"https:\/\/www.santjosep.net\/de\/aktiver-tourismus\/schnorchel\/\"},{\"@type\":\"ListItem\",\"position\":3,\"name\":\"Cala Llentrisca\"}]},{\"@type\":\"WebSite\",\"@id\":\"https:\/\/www.santjosep.net\/#website\",\"url\":\"https:\/\/www.santjosep.net\/\",\"name\":\"Santjosep.net\",\"description\":\"\",\"potentialAction\":[{\"@type\":\"SearchAction\",\"target\":{\"@type\":\"EntryPoint\",\"urlTemplate\":\"https:\/\/www.santjosep.net\/?s={search_term_string}\"},\"query-input\":{\"@type\":\"PropertyValueSpecification\",\"valueRequired\":true,\"valueName\":\"search_term_string\"}}],\"inLanguage\":\"de\"}]}<\/script>\n<!-- \/ Yoast SEO plugin. -->","yoast_head_json":{"title":"Cala Llentrisca - Santjosep.net","robots":{"index":"index","follow":"follow","max-snippet":"max-snippet:-1","max-image-preview":"max-image-preview:large","max-video-preview":"max-video-preview:-1"},"canonical":"https:\/\/www.santjosep.net\/de\/aktiver-tourismus\/schnorchel\/schnorchelroute-cala-llentrisca\/","og_locale":"de_DE","og_type":"article","og_title":"Cala Llentrisca - Santjosep.net","og_description":"[vc_row enable_hue_rotation=&#8220;no&#8220; enable_text_marquee=&#8220;no&#8220; el_id=&#8220;b1-fichaSnorkel&#8220;][vc_column][vc_column_text css=&#8220;.vc_custom_1641807156051{padding-bottom: 2% !important;}&#8220;] Cala Llentrisca Schnorchelroute [\/vc_column_text][\/vc_column][\/vc_row][vc_row enable_hue_rotation=&#8220;no&#8220; enable_text_marquee=&#8220;no&#8220; css=&#8220;.vc_custom_1641382428512{padding-top: 30px !important;padding-bottom: 30px !important;}&#8220; el_id=&#8220;b1Iconos&#8220;][vc_column width=&#8220;1\/3&#8243;][vc_column_text css=&#8220;.vc_custom_1641822890474{padding-left: 13% !important;}&#8220;]Sant Josep de Sa Talaia Siehe Karte Wie komme ich dorthin? [\/vc_column_text][\/vc_column][vc_column width=&#8220;1\/3&#8243;][\/vc_column][vc_column width=&#8220;1\/3&#8243;][vc_column_text css=&#8220;.vc_custom_1641976917914{padding-left: 15% !important;}&#8220; el_class=&#8220;llentrisca-gal&#8220;]Siehe [&hellip;]","og_url":"https:\/\/www.santjosep.net\/de\/aktiver-tourismus\/schnorchel\/schnorchelroute-cala-llentrisca\/","og_site_name":"Santjosep.net","article_modified_time":"2022-01-12T14:53:43+00:00","og_image":[{"width":1200,"height":800,"url":"https:\/\/www.santjosep.net\/wp-content\/uploads\/2022\/01\/cover_IMG_5550.jpg","type":"image\/jpeg"}],"twitter_card":"summary_large_image","twitter_misc":{"Gesch\u00e4tzte Lesezeit":"3\u00a0Minuten"},"schema":{"@context":"https:\/\/schema.org","@graph":[{"@type":"WebPage","@id":"https:\/\/www.santjosep.net\/de\/aktiver-tourismus\/schnorchel\/schnorchelroute-cala-llentrisca\/","url":"https:\/\/www.santjosep.net\/de\/aktiver-tourismus\/schnorchel\/schnorchelroute-cala-llentrisca\/","name":"Cala Llentrisca - Santjosep.net","isPartOf":{"@id":"https:\/\/www.santjosep.net\/#website"},"primaryImageOfPage":{"@id":"https:\/\/www.santjosep.net\/de\/aktiver-tourismus\/schnorchel\/schnorchelroute-cala-llentrisca\/#primaryimage"},"image":{"@id":"https:\/\/www.santjosep.net\/de\/aktiver-tourismus\/schnorchel\/schnorchelroute-cala-llentrisca\/#primaryimage"},"thumbnailUrl":"https:\/\/www.santjosep.net\/wp-content\/uploads\/2022\/01\/cover_IMG_5550.jpg","datePublished":"2022-01-04T14:29:47+00:00","dateModified":"2022-01-12T14:53:43+00:00","breadcrumb":{"@id":"https:\/\/www.santjosep.net\/de\/aktiver-tourismus\/schnorchel\/schnorchelroute-cala-llentrisca\/#breadcrumb"},"inLanguage":"de","potentialAction":[{"@type":"ReadAction","target":["https:\/\/www.santjosep.net\/de\/aktiver-tourismus\/schnorchel\/schnorchelroute-cala-llentrisca\/"]}]},{"@type":"ImageObject","inLanguage":"de","@id":"https:\/\/www.santjosep.net\/de\/aktiver-tourismus\/schnorchel\/schnorchelroute-cala-llentrisca\/#primaryimage","url":"https:\/\/www.santjosep.net\/wp-content\/uploads\/2022\/01\/cover_IMG_5550.jpg","contentUrl":"https:\/\/www.santjosep.net\/wp-content\/uploads\/2022\/01\/cover_IMG_5550.jpg","width":1200,"height":800},{"@type":"BreadcrumbList","@id":"https:\/\/www.santjosep.net\/de\/aktiver-tourismus\/schnorchel\/schnorchelroute-cala-llentrisca\/#breadcrumb","itemListElement":[{"@type":"ListItem","position":1,"name":"Aktiver Tourismus","item":"https:\/\/www.santjosep.net\/de\/aktiver-tourismus\/"},{"@type":"ListItem","position":2,"name":"Schnorchelroute","item":"https:\/\/www.santjosep.net\/de\/aktiver-tourismus\/schnorchel\/"},{"@type":"ListItem","position":3,"name":"Cala Llentrisca"}]},{"@type":"WebSite","@id":"https:\/\/www.santjosep.net\/#website","url":"https:\/\/www.santjosep.net\/","name":"Santjosep.net","description":"","potentialAction":[{"@type":"SearchAction","target":{"@type":"EntryPoint","urlTemplate":"https:\/\/www.santjosep.net\/?s={search_term_string}"},"query-input":{"@type":"PropertyValueSpecification","valueRequired":true,"valueName":"search_term_string"}}],"inLanguage":"de"}]}},"_links":{"self":[{"href":"https:\/\/www.santjosep.net\/de\/wp-json\/wp\/v2\/pages\/28279","targetHints":{"allow":["GET"]}}],"collection":[{"href":"https:\/\/www.santjosep.net\/de\/wp-json\/wp\/v2\/pages"}],"about":[{"href":"https:\/\/www.santjosep.net\/de\/wp-json\/wp\/v2\/types\/page"}],"author":[{"embeddable":true,"href":"https:\/\/www.santjosep.net\/de\/wp-json\/wp\/v2\/users\/1"}],"replies":[{"embeddable":true,"href":"https:\/\/www.santjosep.net\/de\/wp-json\/wp\/v2\/comments?post=28279"}],"version-history":[{"count":0,"href":"https:\/\/www.santjosep.net\/de\/wp-json\/wp\/v2\/pages\/28279\/revisions"}],"up":[{"embeddable":true,"href":"https:\/\/www.santjosep.net\/de\/wp-json\/wp\/v2\/pages\/28122"}],"wp:featuredmedia":[{"embeddable":true,"href":"https:\/\/www.santjosep.net\/de\/wp-json\/wp\/v2\/media\/27537"}],"wp:attachment":[{"href":"https:\/\/www.santjosep.net\/de\/wp-json\/wp\/v2\/media?parent=28279"}],"wp:term":[{"taxonomy":"categoria_pagina","embeddable":true,"href":"https:\/\/www.santjosep.net\/de\/wp-json\/wp\/v2\/categoria_pagina?post=28279"}],"curies":[{"name":"wp","href":"https:\/\/api.w.org\/{rel}","templated":true}]}}