{"id":28248,"date":"2022-01-04T15:37:48","date_gmt":"2022-01-04T14:37:48","guid":{"rendered":"https:\/\/www.santjosep.net\/sportliche-aktivitaeten\/schnorchel\/ruta-snorkel-cala-tarida\/"},"modified":"2022-01-13T08:09:22","modified_gmt":"2022-01-13T07:09:22","slug":"schnorchelroute-cala-tarida","status":"publish","type":"page","link":"https:\/\/www.santjosep.net\/de\/aktiver-tourismus\/schnorchel\/schnorchelroute-cala-tarida\/","title":{"rendered":"Cala Tarida"},"content":{"rendered":"<div class=\"wpb-content-wrapper\"><p>[vc_row enable_hue_rotation=&#8220;no&#8220; enable_text_marquee=&#8220;no&#8220; el_id=&#8220;b1-fichaSnorkel&#8220;][vc_column][vc_column_text css=&#8220;.vc_custom_1641819972549{padding-bottom: 2% !important;}&#8220;]<\/p>\n<h2>Cala Tarida<\/h2>\n<h3><a href=\"https:\/\/www.santjosep.net\/de\/sportliche-aktivitaeten\/schnorchel\/\">Schnorchelroute<\/a><\/h3>\n<p>[\/vc_column_text][\/vc_column][\/vc_row][vc_row enable_hue_rotation=&#8220;no&#8220; enable_text_marquee=&#8220;no&#8220; css=&#8220;.vc_custom_1641382428512{padding-top: 30px !important;padding-bottom: 30px !important;}&#8220; el_id=&#8220;b1Iconos&#8220;][vc_column width=&#8220;1\/3&#8243;]<div class=\"edgtf-iwt clearfix  edgtf-iwt-icon-left edgtf-iwt-icon-medium\">\n\t<div class=\"edgtf-iwt-icon\">\n\t\t\t\t\t<a itemprop=\"url\" href=\"#loc\" target=\"_self\">\n\t\t\t\t\t\t\t\t\t    <span class=\"edgtf-icon-shortcode edgtf-normal   edgtf-icon-medium\"  >\n                    <i class=\"edgtf-icon-font-awesome fa fa-map-marker edgtf-icon-element\" style=\"\" ><\/i>            <\/span>\n\t\t\t\t\t\t\t\t<\/a>\n\t\t\t<\/div>\n\t<div class=\"edgtf-iwt-content\" >\n\t\t\t\t\t<h4 class=\"edgtf-iwt-title\" >\n\t\t\t\t\t\t\t\t\t<a itemprop=\"url\" href=\"#loc\" target=\"_self\">\n\t\t\t\t\t\t\t\t<span class=\"edgtf-iwt-title-text\">Standort<\/span>\n\t\t\t\t\t\t\t\t\t<\/a>\n\t\t\t\t\t\t\t<\/h4>\n\t\t\t\t\t<\/div>\n<\/div>[vc_column_text css=&#8220;.vc_custom_1641904396952{padding-left: 13% !important;}&#8220;]<a href=\"#loc\">Sant Josep de Sa Talaia<\/a><\/p>\n<div id=\"localizacion-ficha\">\n<div class=\"loc-ficha\"><a href=\"#loc\"><img decoding=\"async\" style=\"width: 30px;\" src=\"https:\/\/www.santjosep.net\/wp-content\/uploads\/2022\/01\/map.png\" \/><\/a><br \/>\n<a class=\"loc-text-ficha\" href=\"#loc\">Siehe Karte<\/a><\/div>\n<div class=\"loc-ficha\"><a href=\"https:\/\/goo.gl\/maps\/mmMiPNuK995Ya6YZ7\" target=\"_blank\" rel=\"noopener\"><img decoding=\"async\" style=\"width: 30px;\" src=\"https:\/\/www.santjosep.net\/wp-content\/uploads\/2022\/01\/distance.png\" \/><\/a><br \/>\n<a class=\"loc-text-ficha\" href=\"https:\/\/goo.gl\/maps\/mmMiPNuK995Ya6YZ7\" target=\"_blank\" rel=\"noopener\">Wie komme ich dorthin?<\/a><\/div>\n<\/div>\n<p>[\/vc_column_text][\/vc_column][vc_column width=&#8220;1\/3&#8243;]<div class=\"edgtf-iwt clearfix  edgtf-iwt-icon-left edgtf-iwt-icon-medium\">\n\t<div class=\"edgtf-iwt-icon\">\n\t\t\t\t\t\t\t\t\t    <span class=\"edgtf-icon-shortcode edgtf-normal   edgtf-icon-medium\"  data-color=\"#1ca8e2\">\n                    <i class=\"edgtf-icon-font-awesome fa fa-signal edgtf-icon-element\" style=\"color: #1ca8e2\" ><\/i>            <\/span>\n\t\t\t\t\t\t<\/div>\n\t<div class=\"edgtf-iwt-content\" >\n\t\t\t\t\t<h4 class=\"edgtf-iwt-title\" >\n\t\t\t\t\t\t\t\t<span class=\"edgtf-iwt-title-text\">Niveau<\/span>\n\t\t\t\t\t\t\t<\/h4>\n\t\t\t\t\t\t\t<p class=\"edgtf-iwt-text\" >Mittelschwer<\/p>\n\t\t\t<\/div>\n<\/div>[\/vc_column][vc_column width=&#8220;1\/3&#8243;]<div class=\"edgtf-iwt clearfix tarida-gal edgtf-iwt-icon-left edgtf-iwt-icon-medium\">\n\t<div class=\"edgtf-iwt-icon\">\n\t\t\t\t\t\t\t\t\t    <span class=\"edgtf-icon-shortcode edgtf-normal   edgtf-icon-medium\"  data-color=\"#1ca8e2\">\n                    <i class=\"edgtf-icon-font-awesome fa fa-picture-o edgtf-icon-element\" style=\"color: #1ca8e2\" ><\/i>            <\/span>\n\t\t\t\t\t\t<\/div>\n\t<div class=\"edgtf-iwt-content\" >\n\t\t\t\t\t<h4 class=\"edgtf-iwt-title\" >\n\t\t\t\t\t\t\t\t<span class=\"edgtf-iwt-title-text\">Galerie<\/span>\n\t\t\t\t\t\t\t<\/h4>\n\t\t\t\t\t<\/div>\n<\/div>[vc_column_text css=&#8220;.vc_custom_1641804693222{padding-left: 21% !important;}&#8220; el_class=&#8220;tarida-gal&#8220;]Siehe Galerie[\/vc_column_text][\/vc_column][\/vc_row][vc_row enable_hue_rotation=&#8220;no&#8220; enable_text_marquee=&#8220;no&#8220;][vc_column][vc_row_inner gap=&#8220;10&#8243; css=&#8220;.vc_custom_1639479654309{padding-bottom: 5% !important;}&#8220;][vc_column_inner width=&#8220;1\/2&#8243;][vc_column_text]Die zu Recht ber\u00fchmte Bucht <a href=\"https:\/\/www.santjosep.net\/de\/sehen\/strande\/cala-tarida\/\" rel=\"noopener\">Cala Tarida<\/a> besticht durch ihren feinen Sand und das leuchtend helle Wasser inmitten einer au\u00dfergew\u00f6hnlichen Landschaft.<\/p>\n<p>F\u00fcr das beste Schnorchelerlebnis suchen wir den felsigen Meeresboden auf, wo die meisten Meeresbewohner zuhause sind und wo es herrliche Unterwasserlandschaften zu bestaunen gibt. Wir beginnen unsere Tour im Norden der Bucht gegen\u00fcber der kleinen Felseninsel, die sich mitten im Wasser erhebt.<\/p>\n<p>Zu Beginn ist der Untergrund noch sandig, doch wenn wir uns rechts nah am Ufer halten, erhebt sich schon bald eine Felswand, die nicht besonders tief ins Wasser reicht. Wir begeben uns nun zu einer kleinen Talsohle mit kleinen Fischerh\u00fctten am Ufer. Direkt gegen\u00fcber ist das Wasser besonders klar und man kann Fische sehen, die auf sandigen und felsigen Untergr\u00fcnden beheimatet sind, zum Beispiel Marmorbrassen, Rotbarben und Schw\u00e4rme von Jungfischen, die in den ruhigen Gew\u00e4ssern Zuflucht suchen.<\/p>\n<p>Hier, in der N\u00e4he der Spitze der Landzunge, ragt die Felswand vertikal nach oben, die Felsen unter der Wasseroberfl\u00e4che werden immer gr\u00f6\u00dfer und dazwischen befinden sich vereinzelte Posidonia-Seegraswiesen.[\/vc_column_text][\/vc_column_inner][vc_column_inner width=&#8220;1\/2&#8243;][vc_column_text]Hier wimmelt es geradezu von Meerestieren: Gro\u00dfe Gei\u00dfbrassen und Mojarras streifen auf der Suche nach Nahrung durch die Gew\u00e4sser, w\u00e4hrend die Goldstriemen sich an den Posidonia-Seegraspflanzen g\u00fctlich tun. Wer gerne noch tiefer abtaucht, findet hier ideale Bedingungen vor: Hier kann man in klarem Wasser bis zu sechs Meter tief tauchen und auf dem Boden vereinzelte Steinplatten und Felsen entdecken, wo viele Meeresbewohner ein Versteck oder aber Beute finden. So gehen die Doraden und Wolfsbarsche hier gern auf schnelle Raubz\u00fcge, bei denen sie vom Weg abgekommene Beutetiere erwischen k\u00f6nnen.<\/p>\n<p>Die Oktopusse haben sich fast immer gut in ihren Verstecken verschanzt, doch mit ein bisschen Gl\u00fcck kann man auch ein Exemplar entdecken, das sofort von anderen Fischen umringt wird.<\/p>\n<p>F\u00fcr den R\u00fcckweg kehren wir wieder um, da sich geradeaus auf dem direkten Weg zum Ausgangspunkt ein eher uninteressantes Gebiet befindet.[\/vc_column_text][\/vc_column_inner][\/vc_row_inner][\/vc_column][\/vc_row][vc_row enable_hue_rotation=&#8220;no&#8220; enable_text_marquee=&#8220;no&#8220;][vc_column][vc_column_text]<\/p>\n<h3>Empfehlungen<\/h3>\n<p>In seltenen F\u00e4llen kann es vorkommen, dass das Wasser in dem Bereich vor den Fischerh\u00fctten stark getr\u00fcbt ist, was auf die Ausbreitung einer unscheinbaren Mikroalge zur\u00fcckzuf\u00fchren ist.[\/vc_column_text][\/vc_column][\/vc_row][vc_row enable_hue_rotation=&#8220;no&#8220; enable_text_marquee=&#8220;no&#8220; css=&#8220;.vc_custom_1639474247794{padding-bottom: 5% !important;}&#8220; el_id=&#8220;localizacion&#8220;][vc_column][vc_column_text css=&#8220;.vc_custom_1641804525795{padding-top: 2% !important;}&#8220;]<\/p>\n<h3>Infografik<\/h3>\n<p>[\/vc_column_text][vc_single_image image=&#8220;27590&#8243; img_size=&#8220;full&#8220;][vc_column_text css=&#8220;.vc_custom_1641904336055{padding-top: 2% !important;padding-bottom: 2% !important;}&#8220;]<\/p>\n<div style=\"position: relative;\">\n<p><a style=\"position: absolute; top: -250px;\" name=\"loc\"><\/a><\/p>\n<h3>Standort<\/h3>\n<\/div>\n<p>[\/vc_column_text][vc_gmaps link=&#8220;#E-8_JTNDaWZyYW1lJTIwc3JjJTNEJTIyaHR0cHMlM0ElMkYlMkZ3d3cuZ29vZ2xlLmNvbSUyRm1hcHMlMkZlbWJlZCUzRnBiJTNEJTIxMW0xOCUyMTFtMTIlMjExbTMlMjExZDU3MjEuNjE1NjgyNzY2NzM2JTIxMmQxLjIzMzA3ODAxNjMzNjk3MjElMjEzZDM4Ljk0MTEzMzI3OTU2Mzg2JTIxMm0zJTIxMWYwJTIxMmYwJTIxM2YwJTIxM20yJTIxMWkxMDI0JTIxMmk3NjglMjE0ZjEzLjElMjEzbTMlMjExbTIlMjExczB4MCUyNTNBMHhmM2FlNTFkNTI4ODMxMGZjJTIxMnpNempDc0RVMkp6STRMakVpVGlBeHdyQXhOQ2N3Tnk0d0lrVSUyMTVlMSUyMTNtMiUyMTFzZXMlMjEyc2VzJTIxNHYxNjQxMzA2NzU1NjkyJTIxNW0yJTIxMXNlcyUyMTJzZXMlMjIlMjB3aWR0aCUzRCUyMjYwMCUyMiUyMGhlaWdodCUzRCUyMjQ1MCUyMiUyMHN0eWxlJTNEJTIyYm9yZGVyJTNBMCUzQiUyMiUyMGFsbG93ZnVsbHNjcmVlbiUzRCUyMiUyMiUyMGxvYWRpbmclM0QlMjJsYXp5JTIyJTNFJTNDJTJGaWZyYW1lJTNF&#8220; size=&#8220;400&#8243;][\/vc_column][\/vc_row][vc_row full_width=&#8220;stretch_row_content_no_spaces&#8220; full_height=&#8220;yes&#8220; equal_height=&#8220;yes&#8220; enable_hue_rotation=&#8220;no&#8220; enable_text_marquee=&#8220;no&#8220; css=&#8220;.vc_custom_1639477372308{padding-top: 5% !important;}&#8220; el_id=&#8220;bmosaico&#8220;][vc_column][vc_row_inner equal_height=&#8220;yes&#8220;][vc_column_inner width=&#8220;1\/2&#8243;][vc_single_image image=&#8220;27600&#8243; img_size=&#8220;full&#8220;][vc_single_image image=&#8220;27545&#8243; img_size=&#8220;full&#8220;][\/vc_column_inner][vc_column_inner width=&#8220;1\/2&#8243; css=&#8220;.vc_custom_1641307048282{background-image: url(https:\/\/www.santjosep.net\/wp-content\/uploads\/2022\/01\/fotosub-cala-Tarida-3a-scaled.jpg?id=27556) !important;background-position: center !important;background-repeat: no-repeat !important;background-size: cover !important;}&#8220;][\/vc_column_inner][\/vc_row_inner][\/vc_column][\/vc_row]<\/p>\n<\/div>","protected":false},"excerpt":{"rendered":"<p>[vc_row enable_hue_rotation=&#8220;no&#8220; enable_text_marquee=&#8220;no&#8220; el_id=&#8220;b1-fichaSnorkel&#8220;][vc_column][vc_column_text css=&#8220;.vc_custom_1641819972549{padding-bottom: 2% !important;}&#8220;] Cala Tarida Schnorchelroute [\/vc_column_text][\/vc_column][\/vc_row][vc_row enable_hue_rotation=&#8220;no&#8220; enable_text_marquee=&#8220;no&#8220; css=&#8220;.vc_custom_1641382428512{padding-top: 30px !important;padding-bottom: 30px !important;}&#8220; el_id=&#8220;b1Iconos&#8220;][vc_column width=&#8220;1\/3&#8243;][vc_column_text css=&#8220;.vc_custom_1641904396952{padding-left: 13% !important;}&#8220;]Sant Josep de Sa Talaia Siehe Karte Wie komme ich dorthin? [\/vc_column_text][\/vc_column][vc_column width=&#8220;1\/3&#8243;][\/vc_column][vc_column width=&#8220;1\/3&#8243;][vc_column_text css=&#8220;.vc_custom_1641804693222{padding-left: 21% !important;}&#8220; el_class=&#8220;tarida-gal&#8220;]Siehe [&hellip;]<\/p>\n","protected":false},"author":1,"featured_media":27605,"parent":28122,"menu_order":0,"comment_status":"closed","ping_status":"closed","template":"page-actividad.php","meta":{"_acf_changed":false,"inline_featured_image":false,"footnotes":""},"categoria_pagina":[],"class_list":["post-28248","page","type-page","status-publish","has-post-thumbnail","hentry"],"acf":[],"yoast_head":"<!-- This site is optimized with the Yoast SEO plugin v25.7 - https:\/\/yoast.com\/wordpress\/plugins\/seo\/ -->\n<title>Cala Tarida - Santjosep.net<\/title>\n<meta name=\"robots\" content=\"index, follow, max-snippet:-1, max-image-preview:large, max-video-preview:-1\" \/>\n<link rel=\"canonical\" href=\"https:\/\/www.santjosep.net\/de\/aktiver-tourismus\/schnorchel\/schnorchelroute-cala-tarida\/\" \/>\n<meta property=\"og:locale\" content=\"de_DE\" \/>\n<meta property=\"og:type\" content=\"article\" \/>\n<meta property=\"og:title\" content=\"Cala Tarida - Santjosep.net\" \/>\n<meta property=\"og:description\" content=\"[vc_row enable_hue_rotation=&#8220;no&#8220; enable_text_marquee=&#8220;no&#8220; el_id=&#8220;b1-fichaSnorkel&#8220;][vc_column][vc_column_text css=&#8220;.vc_custom_1641819972549{padding-bottom: 2% !important;}&#8220;] Cala Tarida Schnorchelroute [\/vc_column_text][\/vc_column][\/vc_row][vc_row enable_hue_rotation=&#8220;no&#8220; enable_text_marquee=&#8220;no&#8220; css=&#8220;.vc_custom_1641382428512{padding-top: 30px !important;padding-bottom: 30px !important;}&#8220; el_id=&#8220;b1Iconos&#8220;][vc_column width=&#8220;1\/3&#8243;][vc_column_text css=&#8220;.vc_custom_1641904396952{padding-left: 13% !important;}&#8220;]Sant Josep de Sa Talaia Siehe Karte Wie komme ich dorthin? [\/vc_column_text][\/vc_column][vc_column width=&#8220;1\/3&#8243;][\/vc_column][vc_column width=&#8220;1\/3&#8243;][vc_column_text css=&#8220;.vc_custom_1641804693222{padding-left: 21% !important;}&#8220; el_class=&#8220;tarida-gal&#8220;]Siehe [&hellip;]\" \/>\n<meta property=\"og:url\" content=\"https:\/\/www.santjosep.net\/de\/aktiver-tourismus\/schnorchel\/schnorchelroute-cala-tarida\/\" \/>\n<meta property=\"og:site_name\" content=\"Santjosep.net\" \/>\n<meta property=\"article:modified_time\" content=\"2022-01-13T07:09:22+00:00\" \/>\n<meta property=\"og:image\" content=\"https:\/\/www.santjosep.net\/wp-content\/uploads\/2022\/01\/cover_P1050005.jpg\" \/>\n\t<meta property=\"og:image:width\" content=\"1200\" \/>\n\t<meta property=\"og:image:height\" content=\"900\" \/>\n\t<meta property=\"og:image:type\" content=\"image\/jpeg\" \/>\n<meta name=\"twitter:card\" content=\"summary_large_image\" \/>\n<meta name=\"twitter:label1\" content=\"Gesch\u00e4tzte Lesezeit\" \/>\n\t<meta name=\"twitter:data1\" content=\"3\u00a0Minuten\" \/>\n<script type=\"application\/ld+json\" class=\"yoast-schema-graph\">{\"@context\":\"https:\/\/schema.org\",\"@graph\":[{\"@type\":\"WebPage\",\"@id\":\"https:\/\/www.santjosep.net\/de\/aktiver-tourismus\/schnorchel\/schnorchelroute-cala-tarida\/\",\"url\":\"https:\/\/www.santjosep.net\/de\/aktiver-tourismus\/schnorchel\/schnorchelroute-cala-tarida\/\",\"name\":\"Cala Tarida - Santjosep.net\",\"isPartOf\":{\"@id\":\"https:\/\/www.santjosep.net\/#website\"},\"primaryImageOfPage\":{\"@id\":\"https:\/\/www.santjosep.net\/de\/aktiver-tourismus\/schnorchel\/schnorchelroute-cala-tarida\/#primaryimage\"},\"image\":{\"@id\":\"https:\/\/www.santjosep.net\/de\/aktiver-tourismus\/schnorchel\/schnorchelroute-cala-tarida\/#primaryimage\"},\"thumbnailUrl\":\"https:\/\/www.santjosep.net\/wp-content\/uploads\/2022\/01\/cover_P1050005.jpg\",\"datePublished\":\"2022-01-04T14:37:48+00:00\",\"dateModified\":\"2022-01-13T07:09:22+00:00\",\"breadcrumb\":{\"@id\":\"https:\/\/www.santjosep.net\/de\/aktiver-tourismus\/schnorchel\/schnorchelroute-cala-tarida\/#breadcrumb\"},\"inLanguage\":\"de\",\"potentialAction\":[{\"@type\":\"ReadAction\",\"target\":[\"https:\/\/www.santjosep.net\/de\/aktiver-tourismus\/schnorchel\/schnorchelroute-cala-tarida\/\"]}]},{\"@type\":\"ImageObject\",\"inLanguage\":\"de\",\"@id\":\"https:\/\/www.santjosep.net\/de\/aktiver-tourismus\/schnorchel\/schnorchelroute-cala-tarida\/#primaryimage\",\"url\":\"https:\/\/www.santjosep.net\/wp-content\/uploads\/2022\/01\/cover_P1050005.jpg\",\"contentUrl\":\"https:\/\/www.santjosep.net\/wp-content\/uploads\/2022\/01\/cover_P1050005.jpg\",\"width\":1200,\"height\":900},{\"@type\":\"BreadcrumbList\",\"@id\":\"https:\/\/www.santjosep.net\/de\/aktiver-tourismus\/schnorchel\/schnorchelroute-cala-tarida\/#breadcrumb\",\"itemListElement\":[{\"@type\":\"ListItem\",\"position\":1,\"name\":\"Aktiver Tourismus\",\"item\":\"https:\/\/www.santjosep.net\/de\/aktiver-tourismus\/\"},{\"@type\":\"ListItem\",\"position\":2,\"name\":\"Schnorchelroute\",\"item\":\"https:\/\/www.santjosep.net\/de\/aktiver-tourismus\/schnorchel\/\"},{\"@type\":\"ListItem\",\"position\":3,\"name\":\"Cala Tarida\"}]},{\"@type\":\"WebSite\",\"@id\":\"https:\/\/www.santjosep.net\/#website\",\"url\":\"https:\/\/www.santjosep.net\/\",\"name\":\"Santjosep.net\",\"description\":\"\",\"potentialAction\":[{\"@type\":\"SearchAction\",\"target\":{\"@type\":\"EntryPoint\",\"urlTemplate\":\"https:\/\/www.santjosep.net\/?s={search_term_string}\"},\"query-input\":{\"@type\":\"PropertyValueSpecification\",\"valueRequired\":true,\"valueName\":\"search_term_string\"}}],\"inLanguage\":\"de\"}]}<\/script>\n<!-- \/ Yoast SEO plugin. -->","yoast_head_json":{"title":"Cala Tarida - Santjosep.net","robots":{"index":"index","follow":"follow","max-snippet":"max-snippet:-1","max-image-preview":"max-image-preview:large","max-video-preview":"max-video-preview:-1"},"canonical":"https:\/\/www.santjosep.net\/de\/aktiver-tourismus\/schnorchel\/schnorchelroute-cala-tarida\/","og_locale":"de_DE","og_type":"article","og_title":"Cala Tarida - Santjosep.net","og_description":"[vc_row enable_hue_rotation=&#8220;no&#8220; enable_text_marquee=&#8220;no&#8220; el_id=&#8220;b1-fichaSnorkel&#8220;][vc_column][vc_column_text css=&#8220;.vc_custom_1641819972549{padding-bottom: 2% !important;}&#8220;] Cala Tarida Schnorchelroute [\/vc_column_text][\/vc_column][\/vc_row][vc_row enable_hue_rotation=&#8220;no&#8220; enable_text_marquee=&#8220;no&#8220; css=&#8220;.vc_custom_1641382428512{padding-top: 30px !important;padding-bottom: 30px !important;}&#8220; el_id=&#8220;b1Iconos&#8220;][vc_column width=&#8220;1\/3&#8243;][vc_column_text css=&#8220;.vc_custom_1641904396952{padding-left: 13% !important;}&#8220;]Sant Josep de Sa Talaia Siehe Karte Wie komme ich dorthin? [\/vc_column_text][\/vc_column][vc_column width=&#8220;1\/3&#8243;][\/vc_column][vc_column width=&#8220;1\/3&#8243;][vc_column_text css=&#8220;.vc_custom_1641804693222{padding-left: 21% !important;}&#8220; el_class=&#8220;tarida-gal&#8220;]Siehe [&hellip;]","og_url":"https:\/\/www.santjosep.net\/de\/aktiver-tourismus\/schnorchel\/schnorchelroute-cala-tarida\/","og_site_name":"Santjosep.net","article_modified_time":"2022-01-13T07:09:22+00:00","og_image":[{"width":1200,"height":900,"url":"https:\/\/www.santjosep.net\/wp-content\/uploads\/2022\/01\/cover_P1050005.jpg","type":"image\/jpeg"}],"twitter_card":"summary_large_image","twitter_misc":{"Gesch\u00e4tzte Lesezeit":"3\u00a0Minuten"},"schema":{"@context":"https:\/\/schema.org","@graph":[{"@type":"WebPage","@id":"https:\/\/www.santjosep.net\/de\/aktiver-tourismus\/schnorchel\/schnorchelroute-cala-tarida\/","url":"https:\/\/www.santjosep.net\/de\/aktiver-tourismus\/schnorchel\/schnorchelroute-cala-tarida\/","name":"Cala Tarida - Santjosep.net","isPartOf":{"@id":"https:\/\/www.santjosep.net\/#website"},"primaryImageOfPage":{"@id":"https:\/\/www.santjosep.net\/de\/aktiver-tourismus\/schnorchel\/schnorchelroute-cala-tarida\/#primaryimage"},"image":{"@id":"https:\/\/www.santjosep.net\/de\/aktiver-tourismus\/schnorchel\/schnorchelroute-cala-tarida\/#primaryimage"},"thumbnailUrl":"https:\/\/www.santjosep.net\/wp-content\/uploads\/2022\/01\/cover_P1050005.jpg","datePublished":"2022-01-04T14:37:48+00:00","dateModified":"2022-01-13T07:09:22+00:00","breadcrumb":{"@id":"https:\/\/www.santjosep.net\/de\/aktiver-tourismus\/schnorchel\/schnorchelroute-cala-tarida\/#breadcrumb"},"inLanguage":"de","potentialAction":[{"@type":"ReadAction","target":["https:\/\/www.santjosep.net\/de\/aktiver-tourismus\/schnorchel\/schnorchelroute-cala-tarida\/"]}]},{"@type":"ImageObject","inLanguage":"de","@id":"https:\/\/www.santjosep.net\/de\/aktiver-tourismus\/schnorchel\/schnorchelroute-cala-tarida\/#primaryimage","url":"https:\/\/www.santjosep.net\/wp-content\/uploads\/2022\/01\/cover_P1050005.jpg","contentUrl":"https:\/\/www.santjosep.net\/wp-content\/uploads\/2022\/01\/cover_P1050005.jpg","width":1200,"height":900},{"@type":"BreadcrumbList","@id":"https:\/\/www.santjosep.net\/de\/aktiver-tourismus\/schnorchel\/schnorchelroute-cala-tarida\/#breadcrumb","itemListElement":[{"@type":"ListItem","position":1,"name":"Aktiver Tourismus","item":"https:\/\/www.santjosep.net\/de\/aktiver-tourismus\/"},{"@type":"ListItem","position":2,"name":"Schnorchelroute","item":"https:\/\/www.santjosep.net\/de\/aktiver-tourismus\/schnorchel\/"},{"@type":"ListItem","position":3,"name":"Cala Tarida"}]},{"@type":"WebSite","@id":"https:\/\/www.santjosep.net\/#website","url":"https:\/\/www.santjosep.net\/","name":"Santjosep.net","description":"","potentialAction":[{"@type":"SearchAction","target":{"@type":"EntryPoint","urlTemplate":"https:\/\/www.santjosep.net\/?s={search_term_string}"},"query-input":{"@type":"PropertyValueSpecification","valueRequired":true,"valueName":"search_term_string"}}],"inLanguage":"de"}]}},"_links":{"self":[{"href":"https:\/\/www.santjosep.net\/de\/wp-json\/wp\/v2\/pages\/28248","targetHints":{"allow":["GET"]}}],"collection":[{"href":"https:\/\/www.santjosep.net\/de\/wp-json\/wp\/v2\/pages"}],"about":[{"href":"https:\/\/www.santjosep.net\/de\/wp-json\/wp\/v2\/types\/page"}],"author":[{"embeddable":true,"href":"https:\/\/www.santjosep.net\/de\/wp-json\/wp\/v2\/users\/1"}],"replies":[{"embeddable":true,"href":"https:\/\/www.santjosep.net\/de\/wp-json\/wp\/v2\/comments?post=28248"}],"version-history":[{"count":0,"href":"https:\/\/www.santjosep.net\/de\/wp-json\/wp\/v2\/pages\/28248\/revisions"}],"up":[{"embeddable":true,"href":"https:\/\/www.santjosep.net\/de\/wp-json\/wp\/v2\/pages\/28122"}],"wp:featuredmedia":[{"embeddable":true,"href":"https:\/\/www.santjosep.net\/de\/wp-json\/wp\/v2\/media\/27605"}],"wp:attachment":[{"href":"https:\/\/www.santjosep.net\/de\/wp-json\/wp\/v2\/media?parent=28248"}],"wp:term":[{"taxonomy":"categoria_pagina","embeddable":true,"href":"https:\/\/www.santjosep.net\/de\/wp-json\/wp\/v2\/categoria_pagina?post=28248"}],"curies":[{"name":"wp","href":"https:\/\/api.w.org\/{rel}","templated":true}]}}