{"id":28218,"date":"2021-12-13T13:57:30","date_gmt":"2021-12-13T12:57:30","guid":{"rendered":"https:\/\/www.santjosep.net\/sportliche-aktivitaeten\/schnorchel\/snorkelroute-en-platges-de-comte\/"},"modified":"2022-01-12T15:46:58","modified_gmt":"2022-01-12T14:46:58","slug":"schnorchelroute-en-platges-de-comte","status":"publish","type":"page","link":"https:\/\/www.santjosep.net\/de\/aktiver-tourismus\/schnorchel\/schnorchelroute-en-platges-de-comte\/","title":{"rendered":"Platges de Comte"},"content":{"rendered":"<div class=\"wpb-content-wrapper\"><p>[vc_row enable_hue_rotation=&#8220;no&#8220; enable_text_marquee=&#8220;no&#8220; el_id=&#8220;b1-fichaSnorkel&#8220;][vc_column][vc_column_text css=&#8220;.vc_custom_1641801403378{padding-bottom: 2% !important;}&#8220;]<\/p>\n<h2>Platges de Comte<\/h2>\n<h3><a href=\"https:\/\/www.santjosep.net\/de\/sportliche-aktivitaeten\/schnorchel\/\">Schnorchelroute<\/a><\/h3>\n<p>[\/vc_column_text][\/vc_column][\/vc_row][vc_row enable_hue_rotation=&#8220;no&#8220; enable_text_marquee=&#8220;no&#8220; css=&#8220;.vc_custom_1641382428512{padding-top: 30px !important;padding-bottom: 30px !important;}&#8220; el_id=&#8220;b1Iconos&#8220;][vc_column width=&#8220;1\/3&#8243;]<div class=\"edgtf-iwt clearfix  edgtf-iwt-icon-left edgtf-iwt-icon-medium\">\n\t<div class=\"edgtf-iwt-icon\">\n\t\t\t\t\t<a itemprop=\"url\" href=\"#loc\" target=\"_self\">\n\t\t\t\t\t\t\t\t\t    <span class=\"edgtf-icon-shortcode edgtf-normal   edgtf-icon-medium\"  >\n                    <i class=\"edgtf-icon-font-awesome fa fa-map-marker edgtf-icon-element\" style=\"\" ><\/i>            <\/span>\n\t\t\t\t\t\t\t\t<\/a>\n\t\t\t<\/div>\n\t<div class=\"edgtf-iwt-content\" >\n\t\t\t\t\t<h4 class=\"edgtf-iwt-title\" >\n\t\t\t\t\t\t\t\t\t<a itemprop=\"url\" href=\"#loc\" target=\"_self\">\n\t\t\t\t\t\t\t\t<span class=\"edgtf-iwt-title-text\">Standort<\/span>\n\t\t\t\t\t\t\t\t\t<\/a>\n\t\t\t\t\t\t\t<\/h4>\n\t\t\t\t\t<\/div>\n<\/div>[vc_column_text css=&#8220;.vc_custom_1641822119460{padding-left: 13% !important;}&#8220;]<a href=\"#loc\">Sant Josep de Sa Talaia<\/a><\/p>\n<div id=\"localizacion-ficha\">\n<div class=\"loc-ficha\"><a href=\"#loc\"><img decoding=\"async\" style=\"width: 30px;\" src=\"https:\/\/www.santjosep.net\/wp-content\/uploads\/2022\/01\/map.png\" \/><\/a><br \/>\n<a class=\"loc-text-ficha\" href=\"#loc\">Siehe Karte<\/a><\/div>\n<div class=\"loc-ficha\"><a href=\"https:\/\/goo.gl\/maps\/MvRgBrYLyNnDyUk38\" target=\"_blank\" rel=\"noopener\"><img decoding=\"async\" style=\"width: 30px;\" src=\"https:\/\/www.santjosep.net\/wp-content\/uploads\/2022\/01\/distance.png\" \/><\/a><br \/>\n<a class=\"loc-text-ficha\" href=\"https:\/\/goo.gl\/maps\/MvRgBrYLyNnDyUk38\" target=\"_blank\" rel=\"noopener\">Wie komme ich dorthin?<\/a><\/div>\n<\/div>\n<p>[\/vc_column_text][\/vc_column][vc_column width=&#8220;1\/3&#8243;]<div class=\"edgtf-iwt clearfix  edgtf-iwt-icon-left edgtf-iwt-icon-medium\">\n\t<div class=\"edgtf-iwt-icon\">\n\t\t\t\t\t\t\t\t\t    <span class=\"edgtf-icon-shortcode edgtf-normal   edgtf-icon-medium\"  data-color=\"#1ca8e2\">\n                    <i class=\"edgtf-icon-font-awesome fa fa-signal edgtf-icon-element\" style=\"color: #1ca8e2\" ><\/i>            <\/span>\n\t\t\t\t\t\t<\/div>\n\t<div class=\"edgtf-iwt-content\" >\n\t\t\t\t\t<h4 class=\"edgtf-iwt-title\" >\n\t\t\t\t\t\t\t\t<span class=\"edgtf-iwt-title-text\">Niveau<\/span>\n\t\t\t\t\t\t\t<\/h4>\n\t\t\t\t\t\t\t<p class=\"edgtf-iwt-text\" >Einfach<\/p>\n\t\t\t<\/div>\n<\/div>[\/vc_column][vc_column width=&#8220;1\/3&#8243;]<div class=\"edgtf-iwt clearfix comte-gal edgtf-iwt-icon-left edgtf-iwt-icon-medium\">\n\t<div class=\"edgtf-iwt-icon\">\n\t\t\t\t\t\t\t\t\t    <span class=\"edgtf-icon-shortcode edgtf-normal   edgtf-icon-medium\"  data-color=\"#1ca8e2\">\n                    <i class=\"edgtf-icon-font-awesome fa fa-picture-o edgtf-icon-element\" style=\"color: #1ca8e2\" ><\/i>            <\/span>\n\t\t\t\t\t\t<\/div>\n\t<div class=\"edgtf-iwt-content\" >\n\t\t\t\t\t<h4 class=\"edgtf-iwt-title\" >\n\t\t\t\t\t\t\t\t<span class=\"edgtf-iwt-title-text\">Galerie<\/span>\n\t\t\t\t\t\t\t<\/h4>\n\t\t\t\t\t<\/div>\n<\/div>[vc_column_text css=&#8220;.vc_custom_1641979624384{padding-left: 15% !important;}&#8220; el_class=&#8220;comte-gal&#8220;]Siehe Galerie[\/vc_column_text][\/vc_column][\/vc_row][vc_row enable_hue_rotation=&#8220;no&#8220; enable_text_marquee=&#8220;no&#8220;][vc_column][vc_row_inner gap=&#8220;10&#8243; css=&#8220;.vc_custom_1639479654309{padding-bottom: 5% !important;}&#8220;][vc_column_inner width=&#8220;1\/2&#8243;][vc_column_text]An diesem beliebten K\u00fcstenabschnitt laden viele hervorragende Routen aller Niveaustufen zum Schnorcheln ein. Wir wollen euch hier den Abschnitt vorstellen, der zwischen zwei bekannten Restaurants in einer kleinen Felsenbucht in der N\u00e4he des Anlegers f\u00fcr Passagierschiffe befindet. Von der Plattform des Anlegers begeben wir uns ins Wasser, entfernen uns dann allerdings von den Schiffsrouten.<\/p>\n<p>Der Grund ist hier mit gr\u00f6\u00dferen, flachen Steinen bedeckt und so flach, dass man stehen kann. Wir folgen der K\u00fcstenlinie bis zur Spitze der gegen\u00fcberliegenden Landzunge und k\u00f6nnen dabei in Ufern\u00e4he flache, mittelgro\u00dfe Steine sehen, die wie Perlen auf einer Schnur aufgereiht und mit Seeigeln bedeckt sind, die eine Futterquelle f\u00fcr die farbenfrohen Meerpfauen darstellen.<\/p>\n<p>Der plattenartige Untergrund f\u00e4llt immer steiler ab und m\u00fcndet schlie\u00dflich in einer Posidonia-Seegraswiese auf sandigem Boden. Um dorthin zu gelangen, muss man allerdings etwas weiter hinausschwimmen und in 3 Meter Tiefe hinabtauchen.[\/vc_column_text][\/vc_column_inner][vc_column_inner width=&#8220;1\/2&#8243;][vc_column_text]Das Felsplateau wird gelegentlich von sandigen Mulden durchbrochen, wo man Rotbarben dabei beobachten kann, wie sie den Sand beiseiteschieben, um an die kleinen Beutetiere zu gelangen. Viel schwieriger ist es hingegen, einen Grauen Dr\u00fcckerfisch (<i>Balistes caroligensis<\/i>) zu ersp\u00e4hen \u2013 eine einzelg\u00e4ngerische Art, deren Jungtiere in diesen Gew\u00e4ssern bereits in der N\u00e4he von schwimmenden Objekten wie Ankerseilen oder abdriftenden Seegraspflanzen gesichtet wurden.<\/p>\n<p>An der gegen\u00fcberliegenden Seite der Bucht, direkt unterhalb des Restaurants S\u2019Illa d\u2019es Bosc f\u00e4llt die Felswand deutlich treppenf\u00f6rmig zum Sandboden ab, in 5 Metern Tiefe liegen verstreut einige Felsen. An dieser Landmarke bietet es sich an, umzukehren und nach einem einfachen, aber dennoch erf\u00fcllenden Schnorchelspaziergang in den stets hell schillernden Gew\u00e4ssern des<a href=\"https:\/\/www.santjosep.net\/de\/sehen\/strande\/platges-de-comte\/\"> Platges de Comte<\/a> zum Ausgangspunkt zur\u00fcckzukehren.[\/vc_column_text][\/vc_column_inner][\/vc_row_inner][\/vc_column][\/vc_row][vc_row enable_hue_rotation=&#8220;no&#8220; enable_text_marquee=&#8220;no&#8220;][vc_column][vc_column_text]<\/p>\n<h3>Empfehlungen<\/h3>\n<p>Besondere Vorsicht bei den Passagierschiffen.[\/vc_column_text][\/vc_column][\/vc_row][vc_row enable_hue_rotation=&#8220;no&#8220; enable_text_marquee=&#8220;no&#8220; css=&#8220;.vc_custom_1639474247794{padding-bottom: 5% !important;}&#8220; el_id=&#8220;localizacion&#8220;][vc_column][vc_column_text css=&#8220;.vc_custom_1641801198625{padding-top: 2% !important;}&#8220;]<\/p>\n<h3>Infografik<\/h3>\n<p>[\/vc_column_text][vc_single_image image=&#8220;26919&#8243; img_size=&#8220;full&#8220;][vc_column_text css=&#8220;.vc_custom_1641979644031{padding-top: 2% !important;padding-bottom: 2% !important;}&#8220;]<\/p>\n<div style=\"position: relative;\">\n<p><a style=\"position: absolute; top: -250px;\" name=\"loc\"><\/a><\/p>\n<h3>Standort<\/h3>\n<\/div>\n<p>[\/vc_column_text][vc_gmaps link=&#8220;#E-8_JTNDaWZyYW1lJTIwc3JjJTNEJTIyaHR0cHMlM0ElMkYlMkZ3d3cuZ29vZ2xlLmNvbSUyRm1hcHMlMkZlbWJlZCUzRnBiJTNEJTIxMW0xOCUyMTFtMTIlMjExbTMlMjExZDU3MTkuNzQ0NDAzNzI3Mzc0JTIxMmQxLjIyMTU5NDYxNjMzNzM1MzclMjEzZDM4Ljk2NDMxNjY3OTU2MDMyJTIxMm0zJTIxMWYwJTIxMmYwJTIxM2YwJTIxM20yJTIxMWkxMDI0JTIxMmk3NjglMjE0ZjEzLjElMjEzbTMlMjExbTIlMjExczB4MCUyNTNBMHg1Mzg0NDRjMmQ3NTdkODM0JTIxMnpNempDc0RVM0p6VXhMalVpVGlBeHdyQXhNeWN5TlM0MklrVSUyMTVlMSUyMTNtMiUyMTFzZXMlMjEyc2VzJTIxNHYxNjQxMzA0MDMxOTg1JTIxNW0yJTIxMXNlcyUyMTJzZXMlMjIlMjB3aWR0aCUzRCUyMjYwMCUyMiUyMGhlaWdodCUzRCUyMjQ1MCUyMiUyMHN0eWxlJTNEJTIyYm9yZGVyJTNBMCUzQiUyMiUyMGFsbG93ZnVsbHNjcmVlbiUzRCUyMiUyMiUyMGxvYWRpbmclM0QlMjJsYXp5JTIyJTNFJTNDJTJGaWZyYW1lJTNF&#8220; size=&#8220;400&#8243;][\/vc_column][\/vc_row][vc_row full_width=&#8220;stretch_row_content_no_spaces&#8220; full_height=&#8220;yes&#8220; equal_height=&#8220;yes&#8220; enable_hue_rotation=&#8220;no&#8220; enable_text_marquee=&#8220;no&#8220; css=&#8220;.vc_custom_1639477372308{padding-top: 5% !important;}&#8220; el_id=&#8220;bmosaico&#8220;][vc_column][vc_row_inner equal_height=&#8220;yes&#8220;][vc_column_inner width=&#8220;1\/2&#8243;][vc_single_image image=&#8220;27321&#8243; img_size=&#8220;full&#8220;][vc_single_image image=&#8220;27356&#8243; img_size=&#8220;full&#8220;][\/vc_column_inner][vc_column_inner width=&#8220;1\/2&#8243; css=&#8220;.vc_custom_1641304477718{background-image: url(https:\/\/www.santjosep.net\/wp-content\/uploads\/2021\/12\/P1018521.jpg?id=26880) !important;background-position: center !important;background-repeat: no-repeat !important;background-size: cover !important;}&#8220;][\/vc_column_inner][\/vc_row_inner][\/vc_column][\/vc_row]<\/p>\n<\/div>","protected":false},"excerpt":{"rendered":"<p>[vc_row enable_hue_rotation=&#8220;no&#8220; enable_text_marquee=&#8220;no&#8220; el_id=&#8220;b1-fichaSnorkel&#8220;][vc_column][vc_column_text css=&#8220;.vc_custom_1641801403378{padding-bottom: 2% !important;}&#8220;] Platges de Comte Schnorchelroute [\/vc_column_text][\/vc_column][\/vc_row][vc_row enable_hue_rotation=&#8220;no&#8220; enable_text_marquee=&#8220;no&#8220; css=&#8220;.vc_custom_1641382428512{padding-top: 30px !important;padding-bottom: 30px !important;}&#8220; el_id=&#8220;b1Iconos&#8220;][vc_column width=&#8220;1\/3&#8243;][vc_column_text css=&#8220;.vc_custom_1641822119460{padding-left: 13% !important;}&#8220;]Sant Josep de Sa Talaia Siehe Karte Wie komme ich dorthin? [\/vc_column_text][\/vc_column][vc_column width=&#8220;1\/3&#8243;][\/vc_column][vc_column width=&#8220;1\/3&#8243;][vc_column_text css=&#8220;.vc_custom_1641979624384{padding-left: 15% !important;}&#8220; [&hellip;]<\/p>\n","protected":false},"author":1,"featured_media":27336,"parent":28122,"menu_order":0,"comment_status":"closed","ping_status":"closed","template":"page-actividad.php","meta":{"_acf_changed":false,"inline_featured_image":false,"footnotes":""},"categoria_pagina":[],"class_list":["post-28218","page","type-page","status-publish","has-post-thumbnail","hentry"],"acf":[],"yoast_head":"<!-- This site is optimized with the Yoast SEO plugin v25.7 - https:\/\/yoast.com\/wordpress\/plugins\/seo\/ -->\n<title>Platges de Comte - Santjosep.net<\/title>\n<meta name=\"robots\" content=\"index, follow, max-snippet:-1, max-image-preview:large, max-video-preview:-1\" \/>\n<link rel=\"canonical\" href=\"https:\/\/www.santjosep.net\/de\/aktiver-tourismus\/schnorchel\/schnorchelroute-en-platges-de-comte\/\" \/>\n<meta property=\"og:locale\" content=\"de_DE\" \/>\n<meta property=\"og:type\" content=\"article\" \/>\n<meta property=\"og:title\" content=\"Platges de Comte - Santjosep.net\" \/>\n<meta property=\"og:description\" content=\"[vc_row enable_hue_rotation=&#8220;no&#8220; enable_text_marquee=&#8220;no&#8220; el_id=&#8220;b1-fichaSnorkel&#8220;][vc_column][vc_column_text css=&#8220;.vc_custom_1641801403378{padding-bottom: 2% !important;}&#8220;] Platges de Comte Schnorchelroute [\/vc_column_text][\/vc_column][\/vc_row][vc_row enable_hue_rotation=&#8220;no&#8220; enable_text_marquee=&#8220;no&#8220; css=&#8220;.vc_custom_1641382428512{padding-top: 30px !important;padding-bottom: 30px !important;}&#8220; el_id=&#8220;b1Iconos&#8220;][vc_column width=&#8220;1\/3&#8243;][vc_column_text css=&#8220;.vc_custom_1641822119460{padding-left: 13% !important;}&#8220;]Sant Josep de Sa Talaia Siehe Karte Wie komme ich dorthin? [\/vc_column_text][\/vc_column][vc_column width=&#8220;1\/3&#8243;][\/vc_column][vc_column width=&#8220;1\/3&#8243;][vc_column_text css=&#8220;.vc_custom_1641979624384{padding-left: 15% !important;}&#8220; [&hellip;]\" \/>\n<meta property=\"og:url\" content=\"https:\/\/www.santjosep.net\/de\/aktiver-tourismus\/schnorchel\/schnorchelroute-en-platges-de-comte\/\" \/>\n<meta property=\"og:site_name\" content=\"Santjosep.net\" \/>\n<meta property=\"article:modified_time\" content=\"2022-01-12T14:46:58+00:00\" \/>\n<meta property=\"og:image\" content=\"https:\/\/www.santjosep.net\/wp-content\/uploads\/2022\/01\/cover_DJI_0001-1024x768.jpg\" \/>\n\t<meta property=\"og:image:width\" content=\"1024\" \/>\n\t<meta property=\"og:image:height\" content=\"768\" \/>\n\t<meta property=\"og:image:type\" content=\"image\/jpeg\" \/>\n<meta name=\"twitter:card\" content=\"summary_large_image\" \/>\n<meta name=\"twitter:label1\" content=\"Gesch\u00e4tzte Lesezeit\" \/>\n\t<meta name=\"twitter:data1\" content=\"3\u00a0Minuten\" \/>\n<script type=\"application\/ld+json\" class=\"yoast-schema-graph\">{\"@context\":\"https:\/\/schema.org\",\"@graph\":[{\"@type\":\"WebPage\",\"@id\":\"https:\/\/www.santjosep.net\/de\/aktiver-tourismus\/schnorchel\/schnorchelroute-en-platges-de-comte\/\",\"url\":\"https:\/\/www.santjosep.net\/de\/aktiver-tourismus\/schnorchel\/schnorchelroute-en-platges-de-comte\/\",\"name\":\"Platges de Comte - Santjosep.net\",\"isPartOf\":{\"@id\":\"https:\/\/www.santjosep.net\/#website\"},\"primaryImageOfPage\":{\"@id\":\"https:\/\/www.santjosep.net\/de\/aktiver-tourismus\/schnorchel\/schnorchelroute-en-platges-de-comte\/#primaryimage\"},\"image\":{\"@id\":\"https:\/\/www.santjosep.net\/de\/aktiver-tourismus\/schnorchel\/schnorchelroute-en-platges-de-comte\/#primaryimage\"},\"thumbnailUrl\":\"https:\/\/www.santjosep.net\/wp-content\/uploads\/2022\/01\/cover_DJI_0001.jpg\",\"datePublished\":\"2021-12-13T12:57:30+00:00\",\"dateModified\":\"2022-01-12T14:46:58+00:00\",\"breadcrumb\":{\"@id\":\"https:\/\/www.santjosep.net\/de\/aktiver-tourismus\/schnorchel\/schnorchelroute-en-platges-de-comte\/#breadcrumb\"},\"inLanguage\":\"de\",\"potentialAction\":[{\"@type\":\"ReadAction\",\"target\":[\"https:\/\/www.santjosep.net\/de\/aktiver-tourismus\/schnorchel\/schnorchelroute-en-platges-de-comte\/\"]}]},{\"@type\":\"ImageObject\",\"inLanguage\":\"de\",\"@id\":\"https:\/\/www.santjosep.net\/de\/aktiver-tourismus\/schnorchel\/schnorchelroute-en-platges-de-comte\/#primaryimage\",\"url\":\"https:\/\/www.santjosep.net\/wp-content\/uploads\/2022\/01\/cover_DJI_0001.jpg\",\"contentUrl\":\"https:\/\/www.santjosep.net\/wp-content\/uploads\/2022\/01\/cover_DJI_0001.jpg\",\"width\":2500,\"height\":1875},{\"@type\":\"BreadcrumbList\",\"@id\":\"https:\/\/www.santjosep.net\/de\/aktiver-tourismus\/schnorchel\/schnorchelroute-en-platges-de-comte\/#breadcrumb\",\"itemListElement\":[{\"@type\":\"ListItem\",\"position\":1,\"name\":\"Aktiver Tourismus\",\"item\":\"https:\/\/www.santjosep.net\/de\/aktiver-tourismus\/\"},{\"@type\":\"ListItem\",\"position\":2,\"name\":\"Schnorchelroute\",\"item\":\"https:\/\/www.santjosep.net\/de\/aktiver-tourismus\/schnorchel\/\"},{\"@type\":\"ListItem\",\"position\":3,\"name\":\"Platges de Comte\"}]},{\"@type\":\"WebSite\",\"@id\":\"https:\/\/www.santjosep.net\/#website\",\"url\":\"https:\/\/www.santjosep.net\/\",\"name\":\"Santjosep.net\",\"description\":\"\",\"potentialAction\":[{\"@type\":\"SearchAction\",\"target\":{\"@type\":\"EntryPoint\",\"urlTemplate\":\"https:\/\/www.santjosep.net\/?s={search_term_string}\"},\"query-input\":{\"@type\":\"PropertyValueSpecification\",\"valueRequired\":true,\"valueName\":\"search_term_string\"}}],\"inLanguage\":\"de\"}]}<\/script>\n<!-- \/ Yoast SEO plugin. -->","yoast_head_json":{"title":"Platges de Comte - Santjosep.net","robots":{"index":"index","follow":"follow","max-snippet":"max-snippet:-1","max-image-preview":"max-image-preview:large","max-video-preview":"max-video-preview:-1"},"canonical":"https:\/\/www.santjosep.net\/de\/aktiver-tourismus\/schnorchel\/schnorchelroute-en-platges-de-comte\/","og_locale":"de_DE","og_type":"article","og_title":"Platges de Comte - Santjosep.net","og_description":"[vc_row enable_hue_rotation=&#8220;no&#8220; enable_text_marquee=&#8220;no&#8220; el_id=&#8220;b1-fichaSnorkel&#8220;][vc_column][vc_column_text css=&#8220;.vc_custom_1641801403378{padding-bottom: 2% !important;}&#8220;] Platges de Comte Schnorchelroute [\/vc_column_text][\/vc_column][\/vc_row][vc_row enable_hue_rotation=&#8220;no&#8220; enable_text_marquee=&#8220;no&#8220; css=&#8220;.vc_custom_1641382428512{padding-top: 30px !important;padding-bottom: 30px !important;}&#8220; el_id=&#8220;b1Iconos&#8220;][vc_column width=&#8220;1\/3&#8243;][vc_column_text css=&#8220;.vc_custom_1641822119460{padding-left: 13% !important;}&#8220;]Sant Josep de Sa Talaia Siehe Karte Wie komme ich dorthin? [\/vc_column_text][\/vc_column][vc_column width=&#8220;1\/3&#8243;][\/vc_column][vc_column width=&#8220;1\/3&#8243;][vc_column_text css=&#8220;.vc_custom_1641979624384{padding-left: 15% !important;}&#8220; [&hellip;]","og_url":"https:\/\/www.santjosep.net\/de\/aktiver-tourismus\/schnorchel\/schnorchelroute-en-platges-de-comte\/","og_site_name":"Santjosep.net","article_modified_time":"2022-01-12T14:46:58+00:00","og_image":[{"width":1024,"height":768,"url":"https:\/\/www.santjosep.net\/wp-content\/uploads\/2022\/01\/cover_DJI_0001-1024x768.jpg","type":"image\/jpeg"}],"twitter_card":"summary_large_image","twitter_misc":{"Gesch\u00e4tzte Lesezeit":"3\u00a0Minuten"},"schema":{"@context":"https:\/\/schema.org","@graph":[{"@type":"WebPage","@id":"https:\/\/www.santjosep.net\/de\/aktiver-tourismus\/schnorchel\/schnorchelroute-en-platges-de-comte\/","url":"https:\/\/www.santjosep.net\/de\/aktiver-tourismus\/schnorchel\/schnorchelroute-en-platges-de-comte\/","name":"Platges de Comte - Santjosep.net","isPartOf":{"@id":"https:\/\/www.santjosep.net\/#website"},"primaryImageOfPage":{"@id":"https:\/\/www.santjosep.net\/de\/aktiver-tourismus\/schnorchel\/schnorchelroute-en-platges-de-comte\/#primaryimage"},"image":{"@id":"https:\/\/www.santjosep.net\/de\/aktiver-tourismus\/schnorchel\/schnorchelroute-en-platges-de-comte\/#primaryimage"},"thumbnailUrl":"https:\/\/www.santjosep.net\/wp-content\/uploads\/2022\/01\/cover_DJI_0001.jpg","datePublished":"2021-12-13T12:57:30+00:00","dateModified":"2022-01-12T14:46:58+00:00","breadcrumb":{"@id":"https:\/\/www.santjosep.net\/de\/aktiver-tourismus\/schnorchel\/schnorchelroute-en-platges-de-comte\/#breadcrumb"},"inLanguage":"de","potentialAction":[{"@type":"ReadAction","target":["https:\/\/www.santjosep.net\/de\/aktiver-tourismus\/schnorchel\/schnorchelroute-en-platges-de-comte\/"]}]},{"@type":"ImageObject","inLanguage":"de","@id":"https:\/\/www.santjosep.net\/de\/aktiver-tourismus\/schnorchel\/schnorchelroute-en-platges-de-comte\/#primaryimage","url":"https:\/\/www.santjosep.net\/wp-content\/uploads\/2022\/01\/cover_DJI_0001.jpg","contentUrl":"https:\/\/www.santjosep.net\/wp-content\/uploads\/2022\/01\/cover_DJI_0001.jpg","width":2500,"height":1875},{"@type":"BreadcrumbList","@id":"https:\/\/www.santjosep.net\/de\/aktiver-tourismus\/schnorchel\/schnorchelroute-en-platges-de-comte\/#breadcrumb","itemListElement":[{"@type":"ListItem","position":1,"name":"Aktiver Tourismus","item":"https:\/\/www.santjosep.net\/de\/aktiver-tourismus\/"},{"@type":"ListItem","position":2,"name":"Schnorchelroute","item":"https:\/\/www.santjosep.net\/de\/aktiver-tourismus\/schnorchel\/"},{"@type":"ListItem","position":3,"name":"Platges de Comte"}]},{"@type":"WebSite","@id":"https:\/\/www.santjosep.net\/#website","url":"https:\/\/www.santjosep.net\/","name":"Santjosep.net","description":"","potentialAction":[{"@type":"SearchAction","target":{"@type":"EntryPoint","urlTemplate":"https:\/\/www.santjosep.net\/?s={search_term_string}"},"query-input":{"@type":"PropertyValueSpecification","valueRequired":true,"valueName":"search_term_string"}}],"inLanguage":"de"}]}},"_links":{"self":[{"href":"https:\/\/www.santjosep.net\/de\/wp-json\/wp\/v2\/pages\/28218","targetHints":{"allow":["GET"]}}],"collection":[{"href":"https:\/\/www.santjosep.net\/de\/wp-json\/wp\/v2\/pages"}],"about":[{"href":"https:\/\/www.santjosep.net\/de\/wp-json\/wp\/v2\/types\/page"}],"author":[{"embeddable":true,"href":"https:\/\/www.santjosep.net\/de\/wp-json\/wp\/v2\/users\/1"}],"replies":[{"embeddable":true,"href":"https:\/\/www.santjosep.net\/de\/wp-json\/wp\/v2\/comments?post=28218"}],"version-history":[{"count":0,"href":"https:\/\/www.santjosep.net\/de\/wp-json\/wp\/v2\/pages\/28218\/revisions"}],"up":[{"embeddable":true,"href":"https:\/\/www.santjosep.net\/de\/wp-json\/wp\/v2\/pages\/28122"}],"wp:featuredmedia":[{"embeddable":true,"href":"https:\/\/www.santjosep.net\/de\/wp-json\/wp\/v2\/media\/27336"}],"wp:attachment":[{"href":"https:\/\/www.santjosep.net\/de\/wp-json\/wp\/v2\/media?parent=28218"}],"wp:term":[{"taxonomy":"categoria_pagina","embeddable":true,"href":"https:\/\/www.santjosep.net\/de\/wp-json\/wp\/v2\/categoria_pagina?post=28218"}],"curies":[{"name":"wp","href":"https:\/\/api.w.org\/{rel}","templated":true}]}}