{"id":28161,"date":"2022-01-04T14:19:31","date_gmt":"2022-01-04T13:19:31","guid":{"rendered":"https:\/\/www.santjosep.net\/sportliche-aktivitaeten\/schnorchel\/snorkel-route-punta-den-xinxo\/"},"modified":"2022-01-12T15:01:20","modified_gmt":"2022-01-12T14:01:20","slug":"schnorchelroute-punta-den-xinxo","status":"publish","type":"page","link":"https:\/\/www.santjosep.net\/de\/aktiver-tourismus\/schnorchel\/schnorchelroute-punta-den-xinxo\/","title":{"rendered":"Punta d\u2019en Xinx\u00f3"},"content":{"rendered":"<div class=\"wpb-content-wrapper\"><p>[vc_row enable_hue_rotation=&#8220;no&#8220; enable_text_marquee=&#8220;no&#8220; el_id=&#8220;b1-fichaSnorkel&#8220;][vc_column][vc_column_text css=&#8220;.vc_custom_1641557163541{padding-bottom: 2% !important;}&#8220;]<\/p>\n<h2>Punta d&#8217;en Xinx\u00f3<\/h2>\n<h3><a href=\"https:\/\/www.santjosep.net\/de\/sportliche-aktivitaeten\/schnorchel\/\">Schnorchelroute<\/a><\/h3>\n<p>[\/vc_column_text][\/vc_column][\/vc_row][vc_row enable_hue_rotation=&#8220;no&#8220; enable_text_marquee=&#8220;no&#8220; css=&#8220;.vc_custom_1641382428512{padding-top: 30px !important;padding-bottom: 30px !important;}&#8220; el_id=&#8220;b1Iconos&#8220;][vc_column width=&#8220;1\/3&#8243;]<div class=\"edgtf-iwt clearfix  edgtf-iwt-icon-left edgtf-iwt-icon-medium\">\n\t<div class=\"edgtf-iwt-icon\">\n\t\t\t\t\t<a itemprop=\"url\" href=\"#loc\" target=\"_self\">\n\t\t\t\t\t\t\t\t\t    <span class=\"edgtf-icon-shortcode edgtf-normal   edgtf-icon-medium\"  >\n                    <i class=\"edgtf-icon-font-awesome fa fa-map-marker edgtf-icon-element\" style=\"\" ><\/i>            <\/span>\n\t\t\t\t\t\t\t\t<\/a>\n\t\t\t<\/div>\n\t<div class=\"edgtf-iwt-content\" >\n\t\t\t\t\t<h4 class=\"edgtf-iwt-title\" >\n\t\t\t\t\t\t\t\t\t<a itemprop=\"url\" href=\"#loc\" target=\"_self\">\n\t\t\t\t\t\t\t\t<span class=\"edgtf-iwt-title-text\">Location<\/span>\n\t\t\t\t\t\t\t\t\t<\/a>\n\t\t\t\t\t\t\t<\/h4>\n\t\t\t\t\t<\/div>\n<\/div>[vc_column_text css=&#8220;.vc_custom_1641905928619{padding-left: 13% !important;}&#8220;]<a href=\"#loc\">Sant Josep de Sa Talaia<\/a><\/p>\n<div id=\"localizacion-ficha\">\n<div class=\"loc-ficha\"><a href=\"#loc\"><img decoding=\"async\" style=\"width: 30px;\" src=\"https:\/\/www.santjosep.net\/wp-content\/uploads\/2022\/01\/map.png\" \/><\/a><br \/>\n<a class=\"loc-text-ficha\" href=\"#loc\">Siehe Karte<\/a><\/div>\n<div class=\"loc-ficha\"><a href=\"https:\/\/goo.gl\/maps\/jH4Cjd29ZZ1uyebL7\" target=\"_blank\" rel=\"noopener\"><img decoding=\"async\" style=\"width: 30px;\" src=\"https:\/\/www.santjosep.net\/wp-content\/uploads\/2022\/01\/distance.png\" \/><\/a><br \/>\n<a class=\"loc-text-ficha\" href=\"https:\/\/goo.gl\/maps\/jH4Cjd29ZZ1uyebL7\" target=\"_blank\" rel=\"noopener\">Wie komme ich dorthin?<\/a><\/div>\n<\/div>\n<p>[\/vc_column_text][\/vc_column][vc_column width=&#8220;1\/3&#8243;]<div class=\"edgtf-iwt clearfix  edgtf-iwt-icon-left edgtf-iwt-icon-medium\">\n\t<div class=\"edgtf-iwt-icon\">\n\t\t\t\t\t\t\t\t\t    <span class=\"edgtf-icon-shortcode edgtf-normal   edgtf-icon-medium\"  data-color=\"#1ca8e2\">\n                    <i class=\"edgtf-icon-font-awesome fa fa-signal edgtf-icon-element\" style=\"color: #1ca8e2\" ><\/i>            <\/span>\n\t\t\t\t\t\t<\/div>\n\t<div class=\"edgtf-iwt-content\" >\n\t\t\t\t\t<h4 class=\"edgtf-iwt-title\" >\n\t\t\t\t\t\t\t\t<span class=\"edgtf-iwt-title-text\">Niveau<\/span>\n\t\t\t\t\t\t\t<\/h4>\n\t\t\t\t\t\t\t<p class=\"edgtf-iwt-text\" >Einfach<\/p>\n\t\t\t<\/div>\n<\/div>[\/vc_column][vc_column width=&#8220;1\/3&#8243;]<div class=\"edgtf-iwt clearfix xinxo-gal edgtf-iwt-icon-left edgtf-iwt-icon-medium\">\n\t<div class=\"edgtf-iwt-icon\">\n\t\t\t\t\t\t\t\t\t    <span class=\"edgtf-icon-shortcode edgtf-normal   edgtf-icon-medium\"  data-color=\"#1ca8e2\">\n                    <i class=\"edgtf-icon-font-awesome fa fa-picture-o edgtf-icon-element\" style=\"color: #1ca8e2\" ><\/i>            <\/span>\n\t\t\t\t\t\t<\/div>\n\t<div class=\"edgtf-iwt-content\" >\n\t\t\t\t\t<h4 class=\"edgtf-iwt-title\" >\n\t\t\t\t\t\t\t\t<span class=\"edgtf-iwt-title-text\">Galerie<\/span>\n\t\t\t\t\t\t\t<\/h4>\n\t\t\t\t\t<\/div>\n<\/div>[vc_column_text css=&#8220;.vc_custom_1641817155280{padding-left: 21% !important;}&#8220; el_class=&#8220;xinxo-gal&#8220;]Siehe Galerie[\/vc_column_text][\/vc_column][\/vc_row][vc_row enable_hue_rotation=&#8220;no&#8220; enable_text_marquee=&#8220;no&#8220;][vc_column][vc_row_inner gap=&#8220;10&#8243; css=&#8220;.vc_custom_1639479654309{padding-bottom: 5% !important;}&#8220;][vc_column_inner width=&#8220;1\/2&#8243;][vc_column_text]Die Bucht Cal\u00f3 de s\u2019Oli beherbergt einen ruhigen Stadtstrand, wie er f\u00fcr diesen K\u00fcstenabschnitt typisch ist: Er ist umgeben von furchigem Sandstein, deren Felsspalten sich auch unter der Wasseroberfl\u00e4che fortsetzen, sodass auch Schnorchler, die seichtere Gew\u00e4sser bevorzugen, oberhalb des flachen Felsvorsprungs viele interessante Entdeckungen machen k\u00f6nnen. Wer gerne tiefer abtauchen will, muss einige Meter hinausschwimmen, wo der Boden bis in eine Tiefe von 5 Metern abf\u00e4llt und den Blick auf eine \u00fcppige <i>Posidonia oceanica-<\/i>Seegraswiese freigibt.<\/p>\n<p>Die empfohlene Route f\u00fchrt von der rechten Seite der Bucht Cal\u00f3 de s\u2019Oli bis zur gr\u00fcnen Boje. Ein St\u00fcckchen davor befindet sich Punta d\u2019en Xinx\u00f3, eine kleine, felsige Landzunge, die auch unter der Wasseroberfl\u00e4che als verl\u00e4ngerter Felsvorsprung umgeben von Posidonia-Seegras zu erkennen ist.<\/p>\n<p>Hier leben viele Meerestiere, weswegen man an der K\u00fcste auch oft Angler sieht. Achtung: Verfangt euch nicht in ihren Schn\u00fcren![\/vc_column_text][\/vc_column_inner][vc_column_inner width=&#8220;1\/2&#8243;][vc_column_text]In den unz\u00e4hligen L\u00f6chern im Fels wohnen Seeigel, die, wenn sie einmal Schaden genommen haben, sofort von einer regelrechten Fischwolke aus Meerjunkern, Meerpfauen und Mojarras verspeist werden.<\/p>\n<p>Zwischen den Posidoniapflanzen kann man gro\u00dfe Schulen von Goldstriemen entdecken; silbrige Fische mit pr\u00e4chtigen, quer \u00fcber den K\u00f6rper verlaufenden Goldstreifen, die sich stets synchron in der Gruppe fortbewegen. Die ausgewachsenen Goldstriemen sind Vegetarier und knabbern st\u00e4ndig an den Bl\u00e4ttern der Posidoniapflanzen, wohingegen die Jungtiere eine etwas vielseitigere Ern\u00e4hrung bevorzugen, die auch Fleisch enth\u00e4lt.[\/vc_column_text][\/vc_column_inner][\/vc_row_inner][\/vc_column][\/vc_row][vc_row enable_hue_rotation=&#8220;no&#8220; enable_text_marquee=&#8220;no&#8220;][vc_column][vc_column_text]<\/p>\n<h3>Empfehlungen<\/h3>\n<p>Hier gibt es viele Angler. Man sollte immer auf die Angelschn\u00fcre und Haken achtgeben.<\/p>\n<p>[\/vc_column_text][\/vc_column][\/vc_row][vc_row enable_hue_rotation=&#8220;no&#8220; enable_text_marquee=&#8220;no&#8220; css=&#8220;.vc_custom_1639474247794{padding-bottom: 5% !important;}&#8220; el_id=&#8220;localizacion&#8220;][vc_column][vc_column_text css=&#8220;.vc_custom_1641557486637{padding-top: 2% !important;}&#8220;]<\/p>\n<h3>Infografik<\/h3>\n<p>[\/vc_column_text][vc_single_image image=&#8220;27267&#8243; img_size=&#8220;full&#8220;][vc_column_text css=&#8220;.vc_custom_1641905803432{padding-top: 2% !important;padding-bottom: 2% !important;}&#8220;]<\/p>\n<div style=\"position: relative;\">\n<p><a style=\"position: absolute; top: -250px;\" name=\"loc\"><\/a><\/p>\n<h3>Standort<\/h3>\n<\/div>\n<p>[\/vc_column_text][vc_gmaps link=&#8220;#E-8_JTNDaWZyYW1lJTIwc3JjJTNEJTIyaHR0cHMlM0ElMkYlMkZ3d3cuZ29vZ2xlLmNvbSUyRm1hcHMlMkZlbWJlZCUzRnBiJTNEJTIxMW0xOCUyMTFtMTIlMjExbTMlMjExZDU3MTguOTgyODc1Nzg2NTM2JTIxMmQxLjI4MDQxOTMxNjMzNzQ4NDYlMjEzZDM4Ljk3Mzc0Nzk3OTU1ODk4NiUyMTJtMyUyMTFmMCUyMTJmMCUyMTNmMCUyMTNtMiUyMTFpMTAyNCUyMTJpNzY4JTIxNGYxMy4xJTIxM20zJTIxMW0yJTIxMXMweDAlMjUzQTB4YzZlNjEzOWExYzFkMmRiYiUyMTJ6TXpqQ3NEVTRKekkxTGpVaVRpQXh3ckF4TmljMU55NDBJa1UlMjE1ZTElMjEzbTIlMjExc2VzJTIxMnNlcyUyMTR2MTY0MTMwMjA3NDM4MiUyMTVtMiUyMTFzZXMlMjEyc2VzJTIyJTIwd2lkdGglM0QlMjI2MDAlMjIlMjBoZWlnaHQlM0QlMjI0NTAlMjIlMjBzdHlsZSUzRCUyMmJvcmRlciUzQTAlM0IlMjIlMjBhbGxvd2Z1bGxzY3JlZW4lM0QlMjIlMjIlMjBsb2FkaW5nJTNEJTIybGF6eSUyMiUzRSUzQyUyRmlmcmFtZSUzRQ==&#8220; size=&#8220;400&#8243;][\/vc_column][\/vc_row][vc_row full_width=&#8220;stretch_row_content_no_spaces&#8220; full_height=&#8220;yes&#8220; equal_height=&#8220;yes&#8220; enable_hue_rotation=&#8220;no&#8220; enable_text_marquee=&#8220;no&#8220; css=&#8220;.vc_custom_1639477372308{padding-top: 5% !important;}&#8220; el_id=&#8220;bmosaico&#8220;][vc_column][vc_row_inner equal_height=&#8220;yes&#8220;][vc_column_inner width=&#8220;1\/2&#8243;][vc_single_image image=&#8220;27226&#8243; img_size=&#8220;full&#8220;][vc_single_image image=&#8220;27241&#8243; img_size=&#8220;full&#8220;][\/vc_column_inner][vc_column_inner width=&#8220;1\/2&#8243; css=&#8220;.vc_custom_1641302629071{background-image: url(https:\/\/www.santjosep.net\/wp-content\/uploads\/2022\/01\/fotosub-xinxo-1a-scaled.jpg?id=27232) !important;background-position: center !important;background-repeat: no-repeat !important;background-size: cover !important;}&#8220;][\/vc_column_inner][\/vc_row_inner][\/vc_column][\/vc_row]<\/p>\n<\/div>","protected":false},"excerpt":{"rendered":"<p>[vc_row enable_hue_rotation=&#8220;no&#8220; enable_text_marquee=&#8220;no&#8220; el_id=&#8220;b1-fichaSnorkel&#8220;][vc_column][vc_column_text css=&#8220;.vc_custom_1641557163541{padding-bottom: 2% !important;}&#8220;] Punta d&#8217;en Xinx\u00f3 Schnorchelroute [\/vc_column_text][\/vc_column][\/vc_row][vc_row enable_hue_rotation=&#8220;no&#8220; enable_text_marquee=&#8220;no&#8220; css=&#8220;.vc_custom_1641382428512{padding-top: 30px !important;padding-bottom: 30px !important;}&#8220; el_id=&#8220;b1Iconos&#8220;][vc_column width=&#8220;1\/3&#8243;][vc_column_text css=&#8220;.vc_custom_1641905928619{padding-left: 13% !important;}&#8220;]Sant Josep de Sa Talaia Siehe Karte Wie komme ich dorthin? [\/vc_column_text][\/vc_column][vc_column width=&#8220;1\/3&#8243;][\/vc_column][vc_column width=&#8220;1\/3&#8243;][vc_column_text css=&#8220;.vc_custom_1641817155280{padding-left: 21% !important;}&#8220; [&hellip;]<\/p>\n","protected":false},"author":1,"featured_media":27220,"parent":28122,"menu_order":0,"comment_status":"closed","ping_status":"closed","template":"page-actividad.php","meta":{"_acf_changed":false,"inline_featured_image":false,"footnotes":""},"categoria_pagina":[],"class_list":["post-28161","page","type-page","status-publish","has-post-thumbnail","hentry"],"acf":[],"yoast_head":"<!-- This site is optimized with the Yoast SEO plugin v25.7 - https:\/\/yoast.com\/wordpress\/plugins\/seo\/ -->\n<title>Punta d\u2019en Xinx\u00f3 - Santjosep.net<\/title>\n<meta name=\"robots\" content=\"index, follow, max-snippet:-1, max-image-preview:large, max-video-preview:-1\" \/>\n<link rel=\"canonical\" href=\"https:\/\/www.santjosep.net\/de\/aktiver-tourismus\/schnorchel\/schnorchelroute-punta-den-xinxo\/\" \/>\n<meta property=\"og:locale\" content=\"de_DE\" \/>\n<meta property=\"og:type\" content=\"article\" \/>\n<meta property=\"og:title\" content=\"Punta d\u2019en Xinx\u00f3 - Santjosep.net\" \/>\n<meta property=\"og:description\" content=\"[vc_row enable_hue_rotation=&#8220;no&#8220; enable_text_marquee=&#8220;no&#8220; el_id=&#8220;b1-fichaSnorkel&#8220;][vc_column][vc_column_text css=&#8220;.vc_custom_1641557163541{padding-bottom: 2% !important;}&#8220;] Punta d&#8217;en Xinx\u00f3 Schnorchelroute [\/vc_column_text][\/vc_column][\/vc_row][vc_row enable_hue_rotation=&#8220;no&#8220; enable_text_marquee=&#8220;no&#8220; css=&#8220;.vc_custom_1641382428512{padding-top: 30px !important;padding-bottom: 30px !important;}&#8220; el_id=&#8220;b1Iconos&#8220;][vc_column width=&#8220;1\/3&#8243;][vc_column_text css=&#8220;.vc_custom_1641905928619{padding-left: 13% !important;}&#8220;]Sant Josep de Sa Talaia Siehe Karte Wie komme ich dorthin? [\/vc_column_text][\/vc_column][vc_column width=&#8220;1\/3&#8243;][\/vc_column][vc_column width=&#8220;1\/3&#8243;][vc_column_text css=&#8220;.vc_custom_1641817155280{padding-left: 21% !important;}&#8220; [&hellip;]\" \/>\n<meta property=\"og:url\" content=\"https:\/\/www.santjosep.net\/de\/aktiver-tourismus\/schnorchel\/schnorchelroute-punta-den-xinxo\/\" \/>\n<meta property=\"og:site_name\" content=\"Santjosep.net\" \/>\n<meta property=\"article:modified_time\" content=\"2022-01-12T14:01:20+00:00\" \/>\n<meta property=\"og:image\" content=\"https:\/\/www.santjosep.net\/wp-content\/uploads\/2022\/01\/cover-xinxo-scaled.jpeg\" \/>\n\t<meta property=\"og:image:width\" content=\"2560\" \/>\n\t<meta property=\"og:image:height\" content=\"1920\" \/>\n\t<meta property=\"og:image:type\" content=\"image\/jpeg\" \/>\n<meta name=\"twitter:card\" content=\"summary_large_image\" \/>\n<meta name=\"twitter:label1\" content=\"Gesch\u00e4tzte Lesezeit\" \/>\n\t<meta name=\"twitter:data1\" content=\"2\u00a0Minuten\" \/>\n<script type=\"application\/ld+json\" class=\"yoast-schema-graph\">{\"@context\":\"https:\/\/schema.org\",\"@graph\":[{\"@type\":\"WebPage\",\"@id\":\"https:\/\/www.santjosep.net\/de\/aktiver-tourismus\/schnorchel\/schnorchelroute-punta-den-xinxo\/\",\"url\":\"https:\/\/www.santjosep.net\/de\/aktiver-tourismus\/schnorchel\/schnorchelroute-punta-den-xinxo\/\",\"name\":\"Punta d\u2019en Xinx\u00f3 - Santjosep.net\",\"isPartOf\":{\"@id\":\"https:\/\/www.santjosep.net\/#website\"},\"primaryImageOfPage\":{\"@id\":\"https:\/\/www.santjosep.net\/de\/aktiver-tourismus\/schnorchel\/schnorchelroute-punta-den-xinxo\/#primaryimage\"},\"image\":{\"@id\":\"https:\/\/www.santjosep.net\/de\/aktiver-tourismus\/schnorchel\/schnorchelroute-punta-den-xinxo\/#primaryimage\"},\"thumbnailUrl\":\"https:\/\/www.santjosep.net\/wp-content\/uploads\/2022\/01\/cover-xinxo-scaled.jpeg\",\"datePublished\":\"2022-01-04T13:19:31+00:00\",\"dateModified\":\"2022-01-12T14:01:20+00:00\",\"breadcrumb\":{\"@id\":\"https:\/\/www.santjosep.net\/de\/aktiver-tourismus\/schnorchel\/schnorchelroute-punta-den-xinxo\/#breadcrumb\"},\"inLanguage\":\"de\",\"potentialAction\":[{\"@type\":\"ReadAction\",\"target\":[\"https:\/\/www.santjosep.net\/de\/aktiver-tourismus\/schnorchel\/schnorchelroute-punta-den-xinxo\/\"]}]},{\"@type\":\"ImageObject\",\"inLanguage\":\"de\",\"@id\":\"https:\/\/www.santjosep.net\/de\/aktiver-tourismus\/schnorchel\/schnorchelroute-punta-den-xinxo\/#primaryimage\",\"url\":\"https:\/\/www.santjosep.net\/wp-content\/uploads\/2022\/01\/cover-xinxo-scaled.jpeg\",\"contentUrl\":\"https:\/\/www.santjosep.net\/wp-content\/uploads\/2022\/01\/cover-xinxo-scaled.jpeg\",\"width\":2560,\"height\":1920},{\"@type\":\"BreadcrumbList\",\"@id\":\"https:\/\/www.santjosep.net\/de\/aktiver-tourismus\/schnorchel\/schnorchelroute-punta-den-xinxo\/#breadcrumb\",\"itemListElement\":[{\"@type\":\"ListItem\",\"position\":1,\"name\":\"Aktiver Tourismus\",\"item\":\"https:\/\/www.santjosep.net\/de\/aktiver-tourismus\/\"},{\"@type\":\"ListItem\",\"position\":2,\"name\":\"Schnorchelroute\",\"item\":\"https:\/\/www.santjosep.net\/de\/aktiver-tourismus\/schnorchel\/\"},{\"@type\":\"ListItem\",\"position\":3,\"name\":\"Punta d\u2019en Xinx\u00f3\"}]},{\"@type\":\"WebSite\",\"@id\":\"https:\/\/www.santjosep.net\/#website\",\"url\":\"https:\/\/www.santjosep.net\/\",\"name\":\"Santjosep.net\",\"description\":\"\",\"potentialAction\":[{\"@type\":\"SearchAction\",\"target\":{\"@type\":\"EntryPoint\",\"urlTemplate\":\"https:\/\/www.santjosep.net\/?s={search_term_string}\"},\"query-input\":{\"@type\":\"PropertyValueSpecification\",\"valueRequired\":true,\"valueName\":\"search_term_string\"}}],\"inLanguage\":\"de\"}]}<\/script>\n<!-- \/ Yoast SEO plugin. -->","yoast_head_json":{"title":"Punta d\u2019en Xinx\u00f3 - Santjosep.net","robots":{"index":"index","follow":"follow","max-snippet":"max-snippet:-1","max-image-preview":"max-image-preview:large","max-video-preview":"max-video-preview:-1"},"canonical":"https:\/\/www.santjosep.net\/de\/aktiver-tourismus\/schnorchel\/schnorchelroute-punta-den-xinxo\/","og_locale":"de_DE","og_type":"article","og_title":"Punta d\u2019en Xinx\u00f3 - Santjosep.net","og_description":"[vc_row enable_hue_rotation=&#8220;no&#8220; enable_text_marquee=&#8220;no&#8220; el_id=&#8220;b1-fichaSnorkel&#8220;][vc_column][vc_column_text css=&#8220;.vc_custom_1641557163541{padding-bottom: 2% !important;}&#8220;] Punta d&#8217;en Xinx\u00f3 Schnorchelroute [\/vc_column_text][\/vc_column][\/vc_row][vc_row enable_hue_rotation=&#8220;no&#8220; enable_text_marquee=&#8220;no&#8220; css=&#8220;.vc_custom_1641382428512{padding-top: 30px !important;padding-bottom: 30px !important;}&#8220; el_id=&#8220;b1Iconos&#8220;][vc_column width=&#8220;1\/3&#8243;][vc_column_text css=&#8220;.vc_custom_1641905928619{padding-left: 13% !important;}&#8220;]Sant Josep de Sa Talaia Siehe Karte Wie komme ich dorthin? [\/vc_column_text][\/vc_column][vc_column width=&#8220;1\/3&#8243;][\/vc_column][vc_column width=&#8220;1\/3&#8243;][vc_column_text css=&#8220;.vc_custom_1641817155280{padding-left: 21% !important;}&#8220; [&hellip;]","og_url":"https:\/\/www.santjosep.net\/de\/aktiver-tourismus\/schnorchel\/schnorchelroute-punta-den-xinxo\/","og_site_name":"Santjosep.net","article_modified_time":"2022-01-12T14:01:20+00:00","og_image":[{"width":2560,"height":1920,"url":"https:\/\/www.santjosep.net\/wp-content\/uploads\/2022\/01\/cover-xinxo-scaled.jpeg","type":"image\/jpeg"}],"twitter_card":"summary_large_image","twitter_misc":{"Gesch\u00e4tzte Lesezeit":"2\u00a0Minuten"},"schema":{"@context":"https:\/\/schema.org","@graph":[{"@type":"WebPage","@id":"https:\/\/www.santjosep.net\/de\/aktiver-tourismus\/schnorchel\/schnorchelroute-punta-den-xinxo\/","url":"https:\/\/www.santjosep.net\/de\/aktiver-tourismus\/schnorchel\/schnorchelroute-punta-den-xinxo\/","name":"Punta d\u2019en Xinx\u00f3 - Santjosep.net","isPartOf":{"@id":"https:\/\/www.santjosep.net\/#website"},"primaryImageOfPage":{"@id":"https:\/\/www.santjosep.net\/de\/aktiver-tourismus\/schnorchel\/schnorchelroute-punta-den-xinxo\/#primaryimage"},"image":{"@id":"https:\/\/www.santjosep.net\/de\/aktiver-tourismus\/schnorchel\/schnorchelroute-punta-den-xinxo\/#primaryimage"},"thumbnailUrl":"https:\/\/www.santjosep.net\/wp-content\/uploads\/2022\/01\/cover-xinxo-scaled.jpeg","datePublished":"2022-01-04T13:19:31+00:00","dateModified":"2022-01-12T14:01:20+00:00","breadcrumb":{"@id":"https:\/\/www.santjosep.net\/de\/aktiver-tourismus\/schnorchel\/schnorchelroute-punta-den-xinxo\/#breadcrumb"},"inLanguage":"de","potentialAction":[{"@type":"ReadAction","target":["https:\/\/www.santjosep.net\/de\/aktiver-tourismus\/schnorchel\/schnorchelroute-punta-den-xinxo\/"]}]},{"@type":"ImageObject","inLanguage":"de","@id":"https:\/\/www.santjosep.net\/de\/aktiver-tourismus\/schnorchel\/schnorchelroute-punta-den-xinxo\/#primaryimage","url":"https:\/\/www.santjosep.net\/wp-content\/uploads\/2022\/01\/cover-xinxo-scaled.jpeg","contentUrl":"https:\/\/www.santjosep.net\/wp-content\/uploads\/2022\/01\/cover-xinxo-scaled.jpeg","width":2560,"height":1920},{"@type":"BreadcrumbList","@id":"https:\/\/www.santjosep.net\/de\/aktiver-tourismus\/schnorchel\/schnorchelroute-punta-den-xinxo\/#breadcrumb","itemListElement":[{"@type":"ListItem","position":1,"name":"Aktiver Tourismus","item":"https:\/\/www.santjosep.net\/de\/aktiver-tourismus\/"},{"@type":"ListItem","position":2,"name":"Schnorchelroute","item":"https:\/\/www.santjosep.net\/de\/aktiver-tourismus\/schnorchel\/"},{"@type":"ListItem","position":3,"name":"Punta d\u2019en Xinx\u00f3"}]},{"@type":"WebSite","@id":"https:\/\/www.santjosep.net\/#website","url":"https:\/\/www.santjosep.net\/","name":"Santjosep.net","description":"","potentialAction":[{"@type":"SearchAction","target":{"@type":"EntryPoint","urlTemplate":"https:\/\/www.santjosep.net\/?s={search_term_string}"},"query-input":{"@type":"PropertyValueSpecification","valueRequired":true,"valueName":"search_term_string"}}],"inLanguage":"de"}]}},"_links":{"self":[{"href":"https:\/\/www.santjosep.net\/de\/wp-json\/wp\/v2\/pages\/28161","targetHints":{"allow":["GET"]}}],"collection":[{"href":"https:\/\/www.santjosep.net\/de\/wp-json\/wp\/v2\/pages"}],"about":[{"href":"https:\/\/www.santjosep.net\/de\/wp-json\/wp\/v2\/types\/page"}],"author":[{"embeddable":true,"href":"https:\/\/www.santjosep.net\/de\/wp-json\/wp\/v2\/users\/1"}],"replies":[{"embeddable":true,"href":"https:\/\/www.santjosep.net\/de\/wp-json\/wp\/v2\/comments?post=28161"}],"version-history":[{"count":0,"href":"https:\/\/www.santjosep.net\/de\/wp-json\/wp\/v2\/pages\/28161\/revisions"}],"up":[{"embeddable":true,"href":"https:\/\/www.santjosep.net\/de\/wp-json\/wp\/v2\/pages\/28122"}],"wp:featuredmedia":[{"embeddable":true,"href":"https:\/\/www.santjosep.net\/de\/wp-json\/wp\/v2\/media\/27220"}],"wp:attachment":[{"href":"https:\/\/www.santjosep.net\/de\/wp-json\/wp\/v2\/media?parent=28161"}],"wp:term":[{"taxonomy":"categoria_pagina","embeddable":true,"href":"https:\/\/www.santjosep.net\/de\/wp-json\/wp\/v2\/categoria_pagina?post=28161"}],"curies":[{"name":"wp","href":"https:\/\/api.w.org\/{rel}","templated":true}]}}