{"id":24569,"date":"2021-05-18T13:38:02","date_gmt":"2021-05-18T11:38:02","guid":{"rendered":"https:\/\/www.santjosep.net\/tour-virtual\/sant-agusti-des-vedra\/"},"modified":"2021-05-20T10:44:08","modified_gmt":"2021-05-20T08:44:08","slug":"sant-agusti-des-vedra","status":"publish","type":"page","link":"https:\/\/www.santjosep.net\/de\/virtuelle-touren\/sant-agusti-des-vedra\/","title":{"rendered":"Sant Agust\u00ed des Vedr\u00e0"},"content":{"rendered":"<div class=\"wpb-content-wrapper\"><p>[vc_row enable_hue_rotation=&#8220;no&#8220; enable_text_marquee=&#8220;no&#8220; css=&#8220;.vc_custom_1620985065127{padding-top: 30px !important;}&#8220;][vc_column][vc_column_text]<script src=\"https:\/\/static.kuula.io\/embed.js\" data-kuula=\"https:\/\/kuula.co\/share\/collection\/7Y2Xk?fs=1&#038;vr=1&#038;sd=1&#038;initload=0&#038;thumbs=1&#038;info=0&#038;logo=1\" data-width=\"100%\" data-height=\"640px\"><\/script>[\/vc_column_text][vc_column_text]Sie werden sich in den traditionellen Stadtkern von <strong><a href=\"\/?page_id=5464\">Sant Agust\u00ed<\/a> <\/strong>verlieben. Sie ist eine der wenigen St\u00e4dte auf der gesamten Insel, die ihr l\u00e4ndliches Flair sehr gut bewahrt hat. Hier gibt es Bauernh\u00e4user und einen Zufluchtsturm, der gebaut wurde, um die Stadt vor Angriffen und Pl\u00fcnderungen zu sch\u00fctzen.[\/vc_column_text][\/vc_column][\/vc_row]<\/p>\n<\/div>","protected":false},"excerpt":{"rendered":"<p>[vc_row enable_hue_rotation=&#8220;no&#8220; enable_text_marquee=&#8220;no&#8220; css=&#8220;.vc_custom_1620985065127{padding-top: 30px !important;}&#8220;][vc_column][vc_column_text][\/vc_column_text][vc_column_text]Sie werden sich in den traditionellen Stadtkern von Sant Agust\u00ed verlieben. Sie ist eine der wenigen St\u00e4dte auf der gesamten Insel, die ihr l\u00e4ndliches Flair sehr gut bewahrt hat. Hier gibt es Bauernh\u00e4user und einen [&hellip;]<\/p>\n","protected":false},"author":1,"featured_media":19421,"parent":24467,"menu_order":0,"comment_status":"closed","ping_status":"closed","template":"","meta":{"_acf_changed":false,"inline_featured_image":false,"footnotes":""},"categoria_pagina":[],"class_list":["post-24569","page","type-page","status-publish","has-post-thumbnail","hentry"],"acf":[],"yoast_head":"<!-- This site is optimized with the Yoast SEO plugin v25.7 - https:\/\/yoast.com\/wordpress\/plugins\/seo\/ -->\n<title>Sant Agust\u00ed des Vedr\u00e0 - Santjosep.net<\/title>\n<meta name=\"robots\" content=\"index, follow, max-snippet:-1, max-image-preview:large, max-video-preview:-1\" \/>\n<link rel=\"canonical\" href=\"https:\/\/www.santjosep.net\/de\/virtuelle-touren\/sant-agusti-des-vedra\/\" \/>\n<meta property=\"og:locale\" content=\"de_DE\" \/>\n<meta property=\"og:type\" content=\"article\" \/>\n<meta property=\"og:title\" content=\"Sant Agust\u00ed des Vedr\u00e0 - Santjosep.net\" \/>\n<meta property=\"og:description\" content=\"[vc_row enable_hue_rotation=&#8220;no&#8220; enable_text_marquee=&#8220;no&#8220; css=&#8220;.vc_custom_1620985065127{padding-top: 30px !important;}&#8220;][vc_column][vc_column_text][\/vc_column_text][vc_column_text]Sie werden sich in den traditionellen Stadtkern von Sant Agust\u00ed verlieben. Sie ist eine der wenigen St\u00e4dte auf der gesamten Insel, die ihr l\u00e4ndliches Flair sehr gut bewahrt hat. Hier gibt es Bauernh\u00e4user und einen [&hellip;]\" \/>\n<meta property=\"og:url\" content=\"https:\/\/www.santjosep.net\/de\/virtuelle-touren\/sant-agusti-des-vedra\/\" \/>\n<meta property=\"og:site_name\" content=\"Santjosep.net\" \/>\n<meta property=\"article:modified_time\" content=\"2021-05-20T08:44:08+00:00\" \/>\n<meta property=\"og:image\" content=\"https:\/\/www.santjosep.net\/wp-content\/uploads\/2020\/01\/santagusti_IMG_4103.jpg\" \/>\n\t<meta property=\"og:image:width\" content=\"2100\" \/>\n\t<meta property=\"og:image:height\" content=\"1400\" \/>\n\t<meta property=\"og:image:type\" content=\"image\/jpeg\" \/>\n<meta name=\"twitter:card\" content=\"summary_large_image\" \/>\n<script type=\"application\/ld+json\" class=\"yoast-schema-graph\">{\"@context\":\"https:\/\/schema.org\",\"@graph\":[{\"@type\":\"WebPage\",\"@id\":\"https:\/\/www.santjosep.net\/de\/virtuelle-touren\/sant-agusti-des-vedra\/\",\"url\":\"https:\/\/www.santjosep.net\/de\/virtuelle-touren\/sant-agusti-des-vedra\/\",\"name\":\"Sant Agust\u00ed des Vedr\u00e0 - Santjosep.net\",\"isPartOf\":{\"@id\":\"https:\/\/www.santjosep.net\/#website\"},\"primaryImageOfPage\":{\"@id\":\"https:\/\/www.santjosep.net\/de\/virtuelle-touren\/sant-agusti-des-vedra\/#primaryimage\"},\"image\":{\"@id\":\"https:\/\/www.santjosep.net\/de\/virtuelle-touren\/sant-agusti-des-vedra\/#primaryimage\"},\"thumbnailUrl\":\"https:\/\/www.santjosep.net\/wp-content\/uploads\/2020\/01\/santagusti_IMG_4103.jpg\",\"datePublished\":\"2021-05-18T11:38:02+00:00\",\"dateModified\":\"2021-05-20T08:44:08+00:00\",\"breadcrumb\":{\"@id\":\"https:\/\/www.santjosep.net\/de\/virtuelle-touren\/sant-agusti-des-vedra\/#breadcrumb\"},\"inLanguage\":\"de\",\"potentialAction\":[{\"@type\":\"ReadAction\",\"target\":[\"https:\/\/www.santjosep.net\/de\/virtuelle-touren\/sant-agusti-des-vedra\/\"]}]},{\"@type\":\"ImageObject\",\"inLanguage\":\"de\",\"@id\":\"https:\/\/www.santjosep.net\/de\/virtuelle-touren\/sant-agusti-des-vedra\/#primaryimage\",\"url\":\"https:\/\/www.santjosep.net\/wp-content\/uploads\/2020\/01\/santagusti_IMG_4103.jpg\",\"contentUrl\":\"https:\/\/www.santjosep.net\/wp-content\/uploads\/2020\/01\/santagusti_IMG_4103.jpg\",\"width\":2100,\"height\":1400},{\"@type\":\"BreadcrumbList\",\"@id\":\"https:\/\/www.santjosep.net\/de\/virtuelle-touren\/sant-agusti-des-vedra\/#breadcrumb\",\"itemListElement\":[{\"@type\":\"ListItem\",\"position\":1,\"name\":\"Virtuelle Touren\",\"item\":\"https:\/\/www.santjosep.net\/de\/virtuelle-touren\/\"},{\"@type\":\"ListItem\",\"position\":2,\"name\":\"Sant Agust\u00ed des Vedr\u00e0\"}]},{\"@type\":\"WebSite\",\"@id\":\"https:\/\/www.santjosep.net\/#website\",\"url\":\"https:\/\/www.santjosep.net\/\",\"name\":\"Santjosep.net\",\"description\":\"\",\"potentialAction\":[{\"@type\":\"SearchAction\",\"target\":{\"@type\":\"EntryPoint\",\"urlTemplate\":\"https:\/\/www.santjosep.net\/?s={search_term_string}\"},\"query-input\":{\"@type\":\"PropertyValueSpecification\",\"valueRequired\":true,\"valueName\":\"search_term_string\"}}],\"inLanguage\":\"de\"}]}<\/script>\n<!-- \/ Yoast SEO plugin. -->","yoast_head_json":{"title":"Sant Agust\u00ed des Vedr\u00e0 - Santjosep.net","robots":{"index":"index","follow":"follow","max-snippet":"max-snippet:-1","max-image-preview":"max-image-preview:large","max-video-preview":"max-video-preview:-1"},"canonical":"https:\/\/www.santjosep.net\/de\/virtuelle-touren\/sant-agusti-des-vedra\/","og_locale":"de_DE","og_type":"article","og_title":"Sant Agust\u00ed des Vedr\u00e0 - Santjosep.net","og_description":"[vc_row enable_hue_rotation=&#8220;no&#8220; enable_text_marquee=&#8220;no&#8220; css=&#8220;.vc_custom_1620985065127{padding-top: 30px !important;}&#8220;][vc_column][vc_column_text][\/vc_column_text][vc_column_text]Sie werden sich in den traditionellen Stadtkern von Sant Agust\u00ed verlieben. Sie ist eine der wenigen St\u00e4dte auf der gesamten Insel, die ihr l\u00e4ndliches Flair sehr gut bewahrt hat. Hier gibt es Bauernh\u00e4user und einen [&hellip;]","og_url":"https:\/\/www.santjosep.net\/de\/virtuelle-touren\/sant-agusti-des-vedra\/","og_site_name":"Santjosep.net","article_modified_time":"2021-05-20T08:44:08+00:00","og_image":[{"width":2100,"height":1400,"url":"https:\/\/www.santjosep.net\/wp-content\/uploads\/2020\/01\/santagusti_IMG_4103.jpg","type":"image\/jpeg"}],"twitter_card":"summary_large_image","schema":{"@context":"https:\/\/schema.org","@graph":[{"@type":"WebPage","@id":"https:\/\/www.santjosep.net\/de\/virtuelle-touren\/sant-agusti-des-vedra\/","url":"https:\/\/www.santjosep.net\/de\/virtuelle-touren\/sant-agusti-des-vedra\/","name":"Sant Agust\u00ed des Vedr\u00e0 - Santjosep.net","isPartOf":{"@id":"https:\/\/www.santjosep.net\/#website"},"primaryImageOfPage":{"@id":"https:\/\/www.santjosep.net\/de\/virtuelle-touren\/sant-agusti-des-vedra\/#primaryimage"},"image":{"@id":"https:\/\/www.santjosep.net\/de\/virtuelle-touren\/sant-agusti-des-vedra\/#primaryimage"},"thumbnailUrl":"https:\/\/www.santjosep.net\/wp-content\/uploads\/2020\/01\/santagusti_IMG_4103.jpg","datePublished":"2021-05-18T11:38:02+00:00","dateModified":"2021-05-20T08:44:08+00:00","breadcrumb":{"@id":"https:\/\/www.santjosep.net\/de\/virtuelle-touren\/sant-agusti-des-vedra\/#breadcrumb"},"inLanguage":"de","potentialAction":[{"@type":"ReadAction","target":["https:\/\/www.santjosep.net\/de\/virtuelle-touren\/sant-agusti-des-vedra\/"]}]},{"@type":"ImageObject","inLanguage":"de","@id":"https:\/\/www.santjosep.net\/de\/virtuelle-touren\/sant-agusti-des-vedra\/#primaryimage","url":"https:\/\/www.santjosep.net\/wp-content\/uploads\/2020\/01\/santagusti_IMG_4103.jpg","contentUrl":"https:\/\/www.santjosep.net\/wp-content\/uploads\/2020\/01\/santagusti_IMG_4103.jpg","width":2100,"height":1400},{"@type":"BreadcrumbList","@id":"https:\/\/www.santjosep.net\/de\/virtuelle-touren\/sant-agusti-des-vedra\/#breadcrumb","itemListElement":[{"@type":"ListItem","position":1,"name":"Virtuelle Touren","item":"https:\/\/www.santjosep.net\/de\/virtuelle-touren\/"},{"@type":"ListItem","position":2,"name":"Sant Agust\u00ed des Vedr\u00e0"}]},{"@type":"WebSite","@id":"https:\/\/www.santjosep.net\/#website","url":"https:\/\/www.santjosep.net\/","name":"Santjosep.net","description":"","potentialAction":[{"@type":"SearchAction","target":{"@type":"EntryPoint","urlTemplate":"https:\/\/www.santjosep.net\/?s={search_term_string}"},"query-input":{"@type":"PropertyValueSpecification","valueRequired":true,"valueName":"search_term_string"}}],"inLanguage":"de"}]}},"_links":{"self":[{"href":"https:\/\/www.santjosep.net\/de\/wp-json\/wp\/v2\/pages\/24569","targetHints":{"allow":["GET"]}}],"collection":[{"href":"https:\/\/www.santjosep.net\/de\/wp-json\/wp\/v2\/pages"}],"about":[{"href":"https:\/\/www.santjosep.net\/de\/wp-json\/wp\/v2\/types\/page"}],"author":[{"embeddable":true,"href":"https:\/\/www.santjosep.net\/de\/wp-json\/wp\/v2\/users\/1"}],"replies":[{"embeddable":true,"href":"https:\/\/www.santjosep.net\/de\/wp-json\/wp\/v2\/comments?post=24569"}],"version-history":[{"count":0,"href":"https:\/\/www.santjosep.net\/de\/wp-json\/wp\/v2\/pages\/24569\/revisions"}],"up":[{"embeddable":true,"href":"https:\/\/www.santjosep.net\/de\/wp-json\/wp\/v2\/pages\/24467"}],"wp:featuredmedia":[{"embeddable":true,"href":"https:\/\/www.santjosep.net\/de\/wp-json\/wp\/v2\/media\/19421"}],"wp:attachment":[{"href":"https:\/\/www.santjosep.net\/de\/wp-json\/wp\/v2\/media?parent=24569"}],"wp:term":[{"taxonomy":"categoria_pagina","embeddable":true,"href":"https:\/\/www.santjosep.net\/de\/wp-json\/wp\/v2\/categoria_pagina?post=24569"}],"curies":[{"name":"wp","href":"https:\/\/api.w.org\/{rel}","templated":true}]}}