{"id":24544,"date":"2021-05-11T15:51:49","date_gmt":"2021-05-11T13:51:49","guid":{"rendered":"https:\/\/www.santjosep.net\/tour-virtual\/platges-de-comte\/"},"modified":"2021-05-20T10:11:36","modified_gmt":"2021-05-20T08:11:36","slug":"platges-de-comte","status":"publish","type":"page","link":"https:\/\/www.santjosep.net\/de\/virtuelle-touren\/platges-de-comte\/","title":{"rendered":"Platges de Comte"},"content":{"rendered":"<div class=\"wpb-content-wrapper\"><p>[vc_row enable_hue_rotation=&#8220;no&#8220; enable_text_marquee=&#8220;no&#8220; css=&#8220;.vc_custom_1620831834718{padding-top: 30px !important;}&#8220;][vc_column][vc_column_text]<script src=\"https:\/\/static.kuula.io\/embed.js\" data-kuula=\"https:\/\/kuula.co\/share\/collection\/7Y2J2?fs=1&#038;vr=1&#038;sd=1&#038;initload=0&#038;thumbs=1&#038;info=0&#038;logo=1\" data-width=\"100%\" data-height=\"640px\"><\/script>[\/vc_column_text][vc_column_text]Wegen des sensationellen Panoramablicks sollten Sie diesen Strand unbedingt besuchen. Eine gro\u00dfe Auswahl an stillen Ecken bietet Ihnen gro\u00dfartige M\u00f6glichkeiten zum Sonnenbaden, zum Baden in kristallklarem Wasser und f\u00fcr Spazierg\u00e4nge in der Umgebung. Au\u00dferdem k\u00f6nnen Sie hier die wundersch\u00f6nen Meerestiefen erforschen.[\/vc_column_text][\/vc_column][\/vc_row]<\/p>\n<\/div>","protected":false},"excerpt":{"rendered":"<p>[vc_row enable_hue_rotation=&#8220;no&#8220; enable_text_marquee=&#8220;no&#8220; css=&#8220;.vc_custom_1620831834718{padding-top: 30px !important;}&#8220;][vc_column][vc_column_text][\/vc_column_text][vc_column_text]Wegen des sensationellen Panoramablicks sollten Sie diesen Strand unbedingt besuchen. Eine gro\u00dfe Auswahl an stillen Ecken bietet Ihnen gro\u00dfartige M\u00f6glichkeiten zum Sonnenbaden, zum Baden in kristallklarem Wasser und f\u00fcr Spazierg\u00e4nge in der Umgebung. Au\u00dferdem k\u00f6nnen [&hellip;]<\/p>\n","protected":false},"author":1,"featured_media":24450,"parent":24467,"menu_order":0,"comment_status":"closed","ping_status":"closed","template":"","meta":{"_acf_changed":false,"inline_featured_image":false,"footnotes":""},"categoria_pagina":[],"class_list":["post-24544","page","type-page","status-publish","has-post-thumbnail","hentry"],"acf":[],"yoast_head":"<!-- This site is optimized with the Yoast SEO plugin v25.7 - https:\/\/yoast.com\/wordpress\/plugins\/seo\/ -->\n<title>Platges de Comte - Santjosep.net<\/title>\n<meta name=\"robots\" content=\"index, follow, max-snippet:-1, max-image-preview:large, max-video-preview:-1\" \/>\n<link rel=\"canonical\" href=\"https:\/\/www.santjosep.net\/de\/virtuelle-touren\/platges-de-comte\/\" \/>\n<meta property=\"og:locale\" content=\"de_DE\" \/>\n<meta property=\"og:type\" content=\"article\" \/>\n<meta property=\"og:title\" content=\"Platges de Comte - Santjosep.net\" \/>\n<meta property=\"og:description\" content=\"[vc_row enable_hue_rotation=&#8220;no&#8220; enable_text_marquee=&#8220;no&#8220; css=&#8220;.vc_custom_1620831834718{padding-top: 30px !important;}&#8220;][vc_column][vc_column_text][\/vc_column_text][vc_column_text]Wegen des sensationellen Panoramablicks sollten Sie diesen Strand unbedingt besuchen. Eine gro\u00dfe Auswahl an stillen Ecken bietet Ihnen gro\u00dfartige M\u00f6glichkeiten zum Sonnenbaden, zum Baden in kristallklarem Wasser und f\u00fcr Spazierg\u00e4nge in der Umgebung. Au\u00dferdem k\u00f6nnen [&hellip;]\" \/>\n<meta property=\"og:url\" content=\"https:\/\/www.santjosep.net\/de\/virtuelle-touren\/platges-de-comte\/\" \/>\n<meta property=\"og:site_name\" content=\"Santjosep.net\" \/>\n<meta property=\"article:modified_time\" content=\"2021-05-20T08:11:36+00:00\" \/>\n<meta property=\"og:image\" content=\"https:\/\/www.santjosep.net\/wp-content\/uploads\/2021\/05\/DJI_0021.jpg\" \/>\n\t<meta property=\"og:image:width\" content=\"1200\" \/>\n\t<meta property=\"og:image:height\" content=\"899\" \/>\n\t<meta property=\"og:image:type\" content=\"image\/jpeg\" \/>\n<meta name=\"twitter:card\" content=\"summary_large_image\" \/>\n<script type=\"application\/ld+json\" class=\"yoast-schema-graph\">{\"@context\":\"https:\/\/schema.org\",\"@graph\":[{\"@type\":\"WebPage\",\"@id\":\"https:\/\/www.santjosep.net\/de\/virtuelle-touren\/platges-de-comte\/\",\"url\":\"https:\/\/www.santjosep.net\/de\/virtuelle-touren\/platges-de-comte\/\",\"name\":\"Platges de Comte - Santjosep.net\",\"isPartOf\":{\"@id\":\"https:\/\/www.santjosep.net\/#website\"},\"primaryImageOfPage\":{\"@id\":\"https:\/\/www.santjosep.net\/de\/virtuelle-touren\/platges-de-comte\/#primaryimage\"},\"image\":{\"@id\":\"https:\/\/www.santjosep.net\/de\/virtuelle-touren\/platges-de-comte\/#primaryimage\"},\"thumbnailUrl\":\"https:\/\/www.santjosep.net\/wp-content\/uploads\/2021\/05\/DJI_0021.jpg\",\"datePublished\":\"2021-05-11T13:51:49+00:00\",\"dateModified\":\"2021-05-20T08:11:36+00:00\",\"breadcrumb\":{\"@id\":\"https:\/\/www.santjosep.net\/de\/virtuelle-touren\/platges-de-comte\/#breadcrumb\"},\"inLanguage\":\"de\",\"potentialAction\":[{\"@type\":\"ReadAction\",\"target\":[\"https:\/\/www.santjosep.net\/de\/virtuelle-touren\/platges-de-comte\/\"]}]},{\"@type\":\"ImageObject\",\"inLanguage\":\"de\",\"@id\":\"https:\/\/www.santjosep.net\/de\/virtuelle-touren\/platges-de-comte\/#primaryimage\",\"url\":\"https:\/\/www.santjosep.net\/wp-content\/uploads\/2021\/05\/DJI_0021.jpg\",\"contentUrl\":\"https:\/\/www.santjosep.net\/wp-content\/uploads\/2021\/05\/DJI_0021.jpg\",\"width\":1200,\"height\":899},{\"@type\":\"BreadcrumbList\",\"@id\":\"https:\/\/www.santjosep.net\/de\/virtuelle-touren\/platges-de-comte\/#breadcrumb\",\"itemListElement\":[{\"@type\":\"ListItem\",\"position\":1,\"name\":\"Virtuelle Touren\",\"item\":\"https:\/\/www.santjosep.net\/de\/virtuelle-touren\/\"},{\"@type\":\"ListItem\",\"position\":2,\"name\":\"Platges de Comte\"}]},{\"@type\":\"WebSite\",\"@id\":\"https:\/\/www.santjosep.net\/#website\",\"url\":\"https:\/\/www.santjosep.net\/\",\"name\":\"Santjosep.net\",\"description\":\"\",\"potentialAction\":[{\"@type\":\"SearchAction\",\"target\":{\"@type\":\"EntryPoint\",\"urlTemplate\":\"https:\/\/www.santjosep.net\/?s={search_term_string}\"},\"query-input\":{\"@type\":\"PropertyValueSpecification\",\"valueRequired\":true,\"valueName\":\"search_term_string\"}}],\"inLanguage\":\"de\"}]}<\/script>\n<!-- \/ Yoast SEO plugin. -->","yoast_head_json":{"title":"Platges de Comte - Santjosep.net","robots":{"index":"index","follow":"follow","max-snippet":"max-snippet:-1","max-image-preview":"max-image-preview:large","max-video-preview":"max-video-preview:-1"},"canonical":"https:\/\/www.santjosep.net\/de\/virtuelle-touren\/platges-de-comte\/","og_locale":"de_DE","og_type":"article","og_title":"Platges de Comte - Santjosep.net","og_description":"[vc_row enable_hue_rotation=&#8220;no&#8220; enable_text_marquee=&#8220;no&#8220; css=&#8220;.vc_custom_1620831834718{padding-top: 30px !important;}&#8220;][vc_column][vc_column_text][\/vc_column_text][vc_column_text]Wegen des sensationellen Panoramablicks sollten Sie diesen Strand unbedingt besuchen. Eine gro\u00dfe Auswahl an stillen Ecken bietet Ihnen gro\u00dfartige M\u00f6glichkeiten zum Sonnenbaden, zum Baden in kristallklarem Wasser und f\u00fcr Spazierg\u00e4nge in der Umgebung. Au\u00dferdem k\u00f6nnen [&hellip;]","og_url":"https:\/\/www.santjosep.net\/de\/virtuelle-touren\/platges-de-comte\/","og_site_name":"Santjosep.net","article_modified_time":"2021-05-20T08:11:36+00:00","og_image":[{"width":1200,"height":899,"url":"https:\/\/www.santjosep.net\/wp-content\/uploads\/2021\/05\/DJI_0021.jpg","type":"image\/jpeg"}],"twitter_card":"summary_large_image","schema":{"@context":"https:\/\/schema.org","@graph":[{"@type":"WebPage","@id":"https:\/\/www.santjosep.net\/de\/virtuelle-touren\/platges-de-comte\/","url":"https:\/\/www.santjosep.net\/de\/virtuelle-touren\/platges-de-comte\/","name":"Platges de Comte - Santjosep.net","isPartOf":{"@id":"https:\/\/www.santjosep.net\/#website"},"primaryImageOfPage":{"@id":"https:\/\/www.santjosep.net\/de\/virtuelle-touren\/platges-de-comte\/#primaryimage"},"image":{"@id":"https:\/\/www.santjosep.net\/de\/virtuelle-touren\/platges-de-comte\/#primaryimage"},"thumbnailUrl":"https:\/\/www.santjosep.net\/wp-content\/uploads\/2021\/05\/DJI_0021.jpg","datePublished":"2021-05-11T13:51:49+00:00","dateModified":"2021-05-20T08:11:36+00:00","breadcrumb":{"@id":"https:\/\/www.santjosep.net\/de\/virtuelle-touren\/platges-de-comte\/#breadcrumb"},"inLanguage":"de","potentialAction":[{"@type":"ReadAction","target":["https:\/\/www.santjosep.net\/de\/virtuelle-touren\/platges-de-comte\/"]}]},{"@type":"ImageObject","inLanguage":"de","@id":"https:\/\/www.santjosep.net\/de\/virtuelle-touren\/platges-de-comte\/#primaryimage","url":"https:\/\/www.santjosep.net\/wp-content\/uploads\/2021\/05\/DJI_0021.jpg","contentUrl":"https:\/\/www.santjosep.net\/wp-content\/uploads\/2021\/05\/DJI_0021.jpg","width":1200,"height":899},{"@type":"BreadcrumbList","@id":"https:\/\/www.santjosep.net\/de\/virtuelle-touren\/platges-de-comte\/#breadcrumb","itemListElement":[{"@type":"ListItem","position":1,"name":"Virtuelle Touren","item":"https:\/\/www.santjosep.net\/de\/virtuelle-touren\/"},{"@type":"ListItem","position":2,"name":"Platges de Comte"}]},{"@type":"WebSite","@id":"https:\/\/www.santjosep.net\/#website","url":"https:\/\/www.santjosep.net\/","name":"Santjosep.net","description":"","potentialAction":[{"@type":"SearchAction","target":{"@type":"EntryPoint","urlTemplate":"https:\/\/www.santjosep.net\/?s={search_term_string}"},"query-input":{"@type":"PropertyValueSpecification","valueRequired":true,"valueName":"search_term_string"}}],"inLanguage":"de"}]}},"_links":{"self":[{"href":"https:\/\/www.santjosep.net\/de\/wp-json\/wp\/v2\/pages\/24544","targetHints":{"allow":["GET"]}}],"collection":[{"href":"https:\/\/www.santjosep.net\/de\/wp-json\/wp\/v2\/pages"}],"about":[{"href":"https:\/\/www.santjosep.net\/de\/wp-json\/wp\/v2\/types\/page"}],"author":[{"embeddable":true,"href":"https:\/\/www.santjosep.net\/de\/wp-json\/wp\/v2\/users\/1"}],"replies":[{"embeddable":true,"href":"https:\/\/www.santjosep.net\/de\/wp-json\/wp\/v2\/comments?post=24544"}],"version-history":[{"count":0,"href":"https:\/\/www.santjosep.net\/de\/wp-json\/wp\/v2\/pages\/24544\/revisions"}],"up":[{"embeddable":true,"href":"https:\/\/www.santjosep.net\/de\/wp-json\/wp\/v2\/pages\/24467"}],"wp:featuredmedia":[{"embeddable":true,"href":"https:\/\/www.santjosep.net\/de\/wp-json\/wp\/v2\/media\/24450"}],"wp:attachment":[{"href":"https:\/\/www.santjosep.net\/de\/wp-json\/wp\/v2\/media?parent=24544"}],"wp:term":[{"taxonomy":"categoria_pagina","embeddable":true,"href":"https:\/\/www.santjosep.net\/de\/wp-json\/wp\/v2\/categoria_pagina?post=24544"}],"curies":[{"name":"wp","href":"https:\/\/api.w.org\/{rel}","templated":true}]}}