{"id":23298,"date":"2020-09-08T16:30:40","date_gmt":"2020-09-08T14:30:40","guid":{"rendered":"https:\/\/www.santjosep.net\/alojamientos\/"},"modified":"2020-09-22T09:37:27","modified_gmt":"2020-09-22T07:37:27","slug":"unterkuenfte","status":"publish","type":"page","link":"https:\/\/www.santjosep.net\/de\/unterkuenfte\/","title":{"rendered":"Unterk\u00fcnfte"},"content":{"rendered":"<div class=\"wpb-content-wrapper\"><p>[vc_row enable_hue_rotation=&#8220;no&#8220; enable_text_marquee=&#8220;no&#8220; css=&#8220;.vc_custom_1599646739952{margin-top: 40px !important;}&#8220;][vc_column][vc_column_text css=&#8220;.vc_custom_1600760236212{padding-right: 20px !important;padding-left: 20px !important;}&#8220;]Sant Josep kann mit einem breitgef\u00e4cherten Angebot an Hotels und anderen touristischen Unterk\u00fcnften punkten. So k\u00f6nnen die Besucher aussuchen, was am besten f\u00fcr ihren Urlaub passt: Luxushotels, familienfreundliche Unterk\u00fcnfte, Themenhotels, Landhotels, Ferienwohnungen, Ferienh\u00e4user, Pensionen. Von superchic und trendy bis traditionell und authentisch, von viel Privatsph\u00e4re und ruhiger Lage bis zu zentral gelegenen Unterk\u00fcnften in lebhafter Umgebung gibt es in Sant Josep so ziemlich alles.<\/p>\n<p>Cala de Bou und Port des Torrent liegen beispielsweise direkt in der gro\u00dfen Bucht von Sant Antoni, in einem sehr weitl\u00e4ufigen Bereich mit zahlreichen Angeboten an Restaurants und f\u00fcr die Freizeitgestaltung. Die Bucht Cala Tarida dagegen verbl\u00fcfft den Besucher mit ihrer Natursch\u00f6nheit und verf\u00fcgt ebenfalls \u00fcber die gesamte Palette an Dienstleistungen. Cala Vedella ist ein bezauberndes Eckchen mit viel Ruhe und famili\u00e4rem Ambiente. Platja d\u2019en Bossa ist ein sehr langer und breiter Sandstrand mit zahlreichen sehr modernen und international renommierten Lokalen. Jeder Ort in der Gemeinde Sant Josep hat seinen ganz eigenen Charakter und bietet unterschiedliche Unterkunftsm\u00f6glichkeiten, die f\u00fcr jeden Geschmack etwas bieten. Die G\u00e4ste m\u00fcssen nur noch entscheiden, welches Erlebnis ihnen am liebsten ist und es anklicken.[\/vc_column_text][\/vc_column][\/vc_row]<\/p>\n<\/div>","protected":false},"excerpt":{"rendered":"<p>[vc_row enable_hue_rotation=&#8220;no&#8220; enable_text_marquee=&#8220;no&#8220; css=&#8220;.vc_custom_1599646739952{margin-top: 40px !important;}&#8220;][vc_column][vc_column_text css=&#8220;.vc_custom_1600760236212{padding-right: 20px !important;padding-left: 20px !important;}&#8220;]Sant Josep kann mit einem breitgef\u00e4cherten Angebot an Hotels und anderen touristischen Unterk\u00fcnften punkten. So k\u00f6nnen die Besucher aussuchen, was am besten f\u00fcr ihren Urlaub passt: Luxushotels, familienfreundliche Unterk\u00fcnfte, Themenhotels, [&hellip;]<\/p>\n","protected":false},"author":1,"featured_media":0,"parent":0,"menu_order":0,"comment_status":"closed","ping_status":"closed","template":"page-alojamientos.php","meta":{"_acf_changed":false,"inline_featured_image":false,"footnotes":""},"categoria_pagina":[],"class_list":["post-23298","page","type-page","status-publish","hentry"],"acf":[],"yoast_head":"<!-- This site is optimized with the Yoast SEO plugin v25.7 - https:\/\/yoast.com\/wordpress\/plugins\/seo\/ -->\n<title>Unterk\u00fcnfte - Santjosep.net<\/title>\n<meta name=\"robots\" content=\"index, follow, max-snippet:-1, max-image-preview:large, max-video-preview:-1\" \/>\n<link rel=\"canonical\" href=\"https:\/\/www.santjosep.net\/de\/unterkuenfte\/\" \/>\n<meta property=\"og:locale\" content=\"de_DE\" \/>\n<meta property=\"og:type\" content=\"article\" \/>\n<meta property=\"og:title\" content=\"Unterk\u00fcnfte - Santjosep.net\" \/>\n<meta property=\"og:description\" content=\"[vc_row enable_hue_rotation=&#8220;no&#8220; enable_text_marquee=&#8220;no&#8220; css=&#8220;.vc_custom_1599646739952{margin-top: 40px !important;}&#8220;][vc_column][vc_column_text css=&#8220;.vc_custom_1600760236212{padding-right: 20px !important;padding-left: 20px !important;}&#8220;]Sant Josep kann mit einem breitgef\u00e4cherten Angebot an Hotels und anderen touristischen Unterk\u00fcnften punkten. So k\u00f6nnen die Besucher aussuchen, was am besten f\u00fcr ihren Urlaub passt: Luxushotels, familienfreundliche Unterk\u00fcnfte, Themenhotels, [&hellip;]\" \/>\n<meta property=\"og:url\" content=\"https:\/\/www.santjosep.net\/de\/unterkuenfte\/\" \/>\n<meta property=\"og:site_name\" content=\"Santjosep.net\" \/>\n<meta property=\"article:modified_time\" content=\"2020-09-22T07:37:27+00:00\" \/>\n<meta name=\"twitter:card\" content=\"summary_large_image\" \/>\n<meta name=\"twitter:label1\" content=\"Gesch\u00e4tzte Lesezeit\" \/>\n\t<meta name=\"twitter:data1\" content=\"1\u00a0Minute\" \/>\n<script type=\"application\/ld+json\" class=\"yoast-schema-graph\">{\"@context\":\"https:\/\/schema.org\",\"@graph\":[{\"@type\":\"WebPage\",\"@id\":\"https:\/\/www.santjosep.net\/de\/unterkuenfte\/\",\"url\":\"https:\/\/www.santjosep.net\/de\/unterkuenfte\/\",\"name\":\"Unterk\u00fcnfte - Santjosep.net\",\"isPartOf\":{\"@id\":\"https:\/\/www.santjosep.net\/#website\"},\"datePublished\":\"2020-09-08T14:30:40+00:00\",\"dateModified\":\"2020-09-22T07:37:27+00:00\",\"inLanguage\":\"de\",\"potentialAction\":[{\"@type\":\"ReadAction\",\"target\":[\"https:\/\/www.santjosep.net\/de\/unterkuenfte\/\"]}]},{\"@type\":\"WebSite\",\"@id\":\"https:\/\/www.santjosep.net\/#website\",\"url\":\"https:\/\/www.santjosep.net\/\",\"name\":\"Santjosep.net\",\"description\":\"\",\"potentialAction\":[{\"@type\":\"SearchAction\",\"target\":{\"@type\":\"EntryPoint\",\"urlTemplate\":\"https:\/\/www.santjosep.net\/?s={search_term_string}\"},\"query-input\":{\"@type\":\"PropertyValueSpecification\",\"valueRequired\":true,\"valueName\":\"search_term_string\"}}],\"inLanguage\":\"de\"}]}<\/script>\n<!-- \/ Yoast SEO plugin. -->","yoast_head_json":{"title":"Unterk\u00fcnfte - Santjosep.net","robots":{"index":"index","follow":"follow","max-snippet":"max-snippet:-1","max-image-preview":"max-image-preview:large","max-video-preview":"max-video-preview:-1"},"canonical":"https:\/\/www.santjosep.net\/de\/unterkuenfte\/","og_locale":"de_DE","og_type":"article","og_title":"Unterk\u00fcnfte - Santjosep.net","og_description":"[vc_row enable_hue_rotation=&#8220;no&#8220; enable_text_marquee=&#8220;no&#8220; css=&#8220;.vc_custom_1599646739952{margin-top: 40px !important;}&#8220;][vc_column][vc_column_text css=&#8220;.vc_custom_1600760236212{padding-right: 20px !important;padding-left: 20px !important;}&#8220;]Sant Josep kann mit einem breitgef\u00e4cherten Angebot an Hotels und anderen touristischen Unterk\u00fcnften punkten. So k\u00f6nnen die Besucher aussuchen, was am besten f\u00fcr ihren Urlaub passt: Luxushotels, familienfreundliche Unterk\u00fcnfte, Themenhotels, [&hellip;]","og_url":"https:\/\/www.santjosep.net\/de\/unterkuenfte\/","og_site_name":"Santjosep.net","article_modified_time":"2020-09-22T07:37:27+00:00","twitter_card":"summary_large_image","twitter_misc":{"Gesch\u00e4tzte Lesezeit":"1\u00a0Minute"},"schema":{"@context":"https:\/\/schema.org","@graph":[{"@type":"WebPage","@id":"https:\/\/www.santjosep.net\/de\/unterkuenfte\/","url":"https:\/\/www.santjosep.net\/de\/unterkuenfte\/","name":"Unterk\u00fcnfte - Santjosep.net","isPartOf":{"@id":"https:\/\/www.santjosep.net\/#website"},"datePublished":"2020-09-08T14:30:40+00:00","dateModified":"2020-09-22T07:37:27+00:00","inLanguage":"de","potentialAction":[{"@type":"ReadAction","target":["https:\/\/www.santjosep.net\/de\/unterkuenfte\/"]}]},{"@type":"WebSite","@id":"https:\/\/www.santjosep.net\/#website","url":"https:\/\/www.santjosep.net\/","name":"Santjosep.net","description":"","potentialAction":[{"@type":"SearchAction","target":{"@type":"EntryPoint","urlTemplate":"https:\/\/www.santjosep.net\/?s={search_term_string}"},"query-input":{"@type":"PropertyValueSpecification","valueRequired":true,"valueName":"search_term_string"}}],"inLanguage":"de"}]}},"_links":{"self":[{"href":"https:\/\/www.santjosep.net\/de\/wp-json\/wp\/v2\/pages\/23298","targetHints":{"allow":["GET"]}}],"collection":[{"href":"https:\/\/www.santjosep.net\/de\/wp-json\/wp\/v2\/pages"}],"about":[{"href":"https:\/\/www.santjosep.net\/de\/wp-json\/wp\/v2\/types\/page"}],"author":[{"embeddable":true,"href":"https:\/\/www.santjosep.net\/de\/wp-json\/wp\/v2\/users\/1"}],"replies":[{"embeddable":true,"href":"https:\/\/www.santjosep.net\/de\/wp-json\/wp\/v2\/comments?post=23298"}],"version-history":[{"count":0,"href":"https:\/\/www.santjosep.net\/de\/wp-json\/wp\/v2\/pages\/23298\/revisions"}],"wp:attachment":[{"href":"https:\/\/www.santjosep.net\/de\/wp-json\/wp\/v2\/media?parent=23298"}],"wp:term":[{"taxonomy":"categoria_pagina","embeddable":true,"href":"https:\/\/www.santjosep.net\/de\/wp-json\/wp\/v2\/categoria_pagina?post=23298"}],"curies":[{"name":"wp","href":"https:\/\/api.w.org\/{rel}","templated":true}]}}