{"id":13777,"date":"2018-11-22T09:52:23","date_gmt":"2018-11-22T09:52:23","guid":{"rendered":"https:\/\/www.santjosep.net\/projecte-subvencionat-pel-consell-insular-deivissa\/"},"modified":"2020-01-24T10:55:24","modified_gmt":"2020-01-24T09:55:24","slug":"projecte-subvencionat-pel-consell-insular-deivissa","status":"publish","type":"page","link":"https:\/\/www.santjosep.net\/de\/projecte-subvencionat-pel-consell-insular-deivissa\/","title":{"rendered":"Projecte subvencionat pel Consell Insular d&#8217;Eivissa"},"content":{"rendered":"<div class=\"wpb-content-wrapper\"><p>[vc_row enable_hue_rotation=&#8220;no&#8220; enable_text_marquee=&#8220;no&#8220;][vc_column][vc_custom_heading source=&#8220;post_title&#8220; font_container=&#8220;tag:h1|font_size:40|text_align:left|color:%23000000&#8243; use_theme_fonts=&#8220;yes&#8220;][\/vc_column][\/vc_row][vc_row enable_hue_rotation=&#8220;no&#8220; enable_text_marquee=&#8220;no&#8220; css=&#8220;.vc_custom_1579859650656{margin-top: 40px !important;margin-bottom: 80px !important;}&#8220;][vc_column width=&#8220;2\/3&#8243;][vc_column_text]El Consell Insular d&#8217;Eivissa ha subvencionat la gesti\u00f3 de xarxes socials, blog i actualitzaci\u00f3 web de l&#8217;Ajuntament de Sant Josep, per import de 22.157&#8217;33\u20ac, en el marc de la convocat\u00f2ria d&#8217;actuacions de Promoci\u00f3 Tur\u00edstica.[\/vc_column_text][\/vc_column][vc_column width=&#8220;1\/3&#8243;][vc_single_image image=&#8220;13772&#8243; img_size=&#8220;medium&#8220; alignment=&#8220;center&#8220;][\/vc_column][\/vc_row]<\/p>\n<\/div>","protected":false},"excerpt":{"rendered":"<p>[vc_row enable_hue_rotation=&#8220;no&#8220; enable_text_marquee=&#8220;no&#8220;][vc_column][vc_custom_heading source=&#8220;post_title&#8220; font_container=&#8220;tag:h1|font_size:40|text_align:left|color:%23000000&#8243; use_theme_fonts=&#8220;yes&#8220;][\/vc_column][\/vc_row][vc_row enable_hue_rotation=&#8220;no&#8220; enable_text_marquee=&#8220;no&#8220; css=&#8220;.vc_custom_1579859650656{margin-top: 40px !important;margin-bottom: 80px !important;}&#8220;][vc_column width=&#8220;2\/3&#8243;][vc_column_text]El Consell Insular d&#8217;Eivissa ha subvencionat la gesti\u00f3 de xarxes socials, blog i actualitzaci\u00f3 web de l&#8217;Ajuntament de Sant Josep, per import de 22.157&#8217;33\u20ac, en el marc [&hellip;]<\/p>\n","protected":false},"author":1,"featured_media":0,"parent":0,"menu_order":0,"comment_status":"closed","ping_status":"closed","template":"","meta":{"_acf_changed":false,"inline_featured_image":false,"footnotes":""},"categoria_pagina":[],"class_list":["post-13777","page","type-page","status-publish","hentry"],"acf":[],"yoast_head":"<!-- This site is optimized with the Yoast SEO plugin v25.7 - https:\/\/yoast.com\/wordpress\/plugins\/seo\/ -->\n<title>Projecte subvencionat pel Consell Insular d&#039;Eivissa - Santjosep.net<\/title>\n<meta name=\"robots\" content=\"index, follow, max-snippet:-1, max-image-preview:large, max-video-preview:-1\" \/>\n<link rel=\"canonical\" href=\"https:\/\/www.santjosep.net\/de\/projecte-subvencionat-pel-consell-insular-deivissa\/\" \/>\n<meta property=\"og:locale\" content=\"de_DE\" \/>\n<meta property=\"og:type\" content=\"article\" \/>\n<meta property=\"og:title\" content=\"Projecte subvencionat pel Consell Insular d&#039;Eivissa - Santjosep.net\" \/>\n<meta property=\"og:description\" content=\"[vc_row enable_hue_rotation=&#8220;no&#8220; enable_text_marquee=&#8220;no&#8220;][vc_column][vc_custom_heading source=&#8220;post_title&#8220; font_container=&#8220;tag:h1|font_size:40|text_align:left|color:%23000000&#8243; use_theme_fonts=&#8220;yes&#8220;][\/vc_column][\/vc_row][vc_row enable_hue_rotation=&#8220;no&#8220; enable_text_marquee=&#8220;no&#8220; css=&#8220;.vc_custom_1579859650656{margin-top: 40px !important;margin-bottom: 80px !important;}&#8220;][vc_column width=&#8220;2\/3&#8243;][vc_column_text]El Consell Insular d&#8217;Eivissa ha subvencionat la gesti\u00f3 de xarxes socials, blog i actualitzaci\u00f3 web de l&#8217;Ajuntament de Sant Josep, per import de 22.157&#8217;33\u20ac, en el marc [&hellip;]\" \/>\n<meta property=\"og:url\" content=\"https:\/\/www.santjosep.net\/de\/projecte-subvencionat-pel-consell-insular-deivissa\/\" \/>\n<meta property=\"og:site_name\" content=\"Santjosep.net\" \/>\n<meta property=\"article:modified_time\" content=\"2020-01-24T09:55:24+00:00\" \/>\n<meta name=\"twitter:card\" content=\"summary_large_image\" \/>\n<meta name=\"twitter:label1\" content=\"Gesch\u00e4tzte Lesezeit\" \/>\n\t<meta name=\"twitter:data1\" content=\"1\u00a0Minute\" \/>\n<script type=\"application\/ld+json\" class=\"yoast-schema-graph\">{\"@context\":\"https:\/\/schema.org\",\"@graph\":[{\"@type\":\"WebPage\",\"@id\":\"https:\/\/www.santjosep.net\/de\/projecte-subvencionat-pel-consell-insular-deivissa\/\",\"url\":\"https:\/\/www.santjosep.net\/de\/projecte-subvencionat-pel-consell-insular-deivissa\/\",\"name\":\"Projecte subvencionat pel Consell Insular d'Eivissa - Santjosep.net\",\"isPartOf\":{\"@id\":\"https:\/\/www.santjosep.net\/#website\"},\"datePublished\":\"2018-11-22T09:52:23+00:00\",\"dateModified\":\"2020-01-24T09:55:24+00:00\",\"inLanguage\":\"de\",\"potentialAction\":[{\"@type\":\"ReadAction\",\"target\":[\"https:\/\/www.santjosep.net\/de\/projecte-subvencionat-pel-consell-insular-deivissa\/\"]}]},{\"@type\":\"WebSite\",\"@id\":\"https:\/\/www.santjosep.net\/#website\",\"url\":\"https:\/\/www.santjosep.net\/\",\"name\":\"Santjosep.net\",\"description\":\"\",\"potentialAction\":[{\"@type\":\"SearchAction\",\"target\":{\"@type\":\"EntryPoint\",\"urlTemplate\":\"https:\/\/www.santjosep.net\/?s={search_term_string}\"},\"query-input\":{\"@type\":\"PropertyValueSpecification\",\"valueRequired\":true,\"valueName\":\"search_term_string\"}}],\"inLanguage\":\"de\"}]}<\/script>\n<!-- \/ Yoast SEO plugin. -->","yoast_head_json":{"title":"Projecte subvencionat pel Consell Insular d'Eivissa - Santjosep.net","robots":{"index":"index","follow":"follow","max-snippet":"max-snippet:-1","max-image-preview":"max-image-preview:large","max-video-preview":"max-video-preview:-1"},"canonical":"https:\/\/www.santjosep.net\/de\/projecte-subvencionat-pel-consell-insular-deivissa\/","og_locale":"de_DE","og_type":"article","og_title":"Projecte subvencionat pel Consell Insular d'Eivissa - Santjosep.net","og_description":"[vc_row enable_hue_rotation=&#8220;no&#8220; enable_text_marquee=&#8220;no&#8220;][vc_column][vc_custom_heading source=&#8220;post_title&#8220; font_container=&#8220;tag:h1|font_size:40|text_align:left|color:%23000000&#8243; use_theme_fonts=&#8220;yes&#8220;][\/vc_column][\/vc_row][vc_row enable_hue_rotation=&#8220;no&#8220; enable_text_marquee=&#8220;no&#8220; css=&#8220;.vc_custom_1579859650656{margin-top: 40px !important;margin-bottom: 80px !important;}&#8220;][vc_column width=&#8220;2\/3&#8243;][vc_column_text]El Consell Insular d&#8217;Eivissa ha subvencionat la gesti\u00f3 de xarxes socials, blog i actualitzaci\u00f3 web de l&#8217;Ajuntament de Sant Josep, per import de 22.157&#8217;33\u20ac, en el marc [&hellip;]","og_url":"https:\/\/www.santjosep.net\/de\/projecte-subvencionat-pel-consell-insular-deivissa\/","og_site_name":"Santjosep.net","article_modified_time":"2020-01-24T09:55:24+00:00","twitter_card":"summary_large_image","twitter_misc":{"Gesch\u00e4tzte Lesezeit":"1\u00a0Minute"},"schema":{"@context":"https:\/\/schema.org","@graph":[{"@type":"WebPage","@id":"https:\/\/www.santjosep.net\/de\/projecte-subvencionat-pel-consell-insular-deivissa\/","url":"https:\/\/www.santjosep.net\/de\/projecte-subvencionat-pel-consell-insular-deivissa\/","name":"Projecte subvencionat pel Consell Insular d'Eivissa - Santjosep.net","isPartOf":{"@id":"https:\/\/www.santjosep.net\/#website"},"datePublished":"2018-11-22T09:52:23+00:00","dateModified":"2020-01-24T09:55:24+00:00","inLanguage":"de","potentialAction":[{"@type":"ReadAction","target":["https:\/\/www.santjosep.net\/de\/projecte-subvencionat-pel-consell-insular-deivissa\/"]}]},{"@type":"WebSite","@id":"https:\/\/www.santjosep.net\/#website","url":"https:\/\/www.santjosep.net\/","name":"Santjosep.net","description":"","potentialAction":[{"@type":"SearchAction","target":{"@type":"EntryPoint","urlTemplate":"https:\/\/www.santjosep.net\/?s={search_term_string}"},"query-input":{"@type":"PropertyValueSpecification","valueRequired":true,"valueName":"search_term_string"}}],"inLanguage":"de"}]}},"_links":{"self":[{"href":"https:\/\/www.santjosep.net\/de\/wp-json\/wp\/v2\/pages\/13777","targetHints":{"allow":["GET"]}}],"collection":[{"href":"https:\/\/www.santjosep.net\/de\/wp-json\/wp\/v2\/pages"}],"about":[{"href":"https:\/\/www.santjosep.net\/de\/wp-json\/wp\/v2\/types\/page"}],"author":[{"embeddable":true,"href":"https:\/\/www.santjosep.net\/de\/wp-json\/wp\/v2\/users\/1"}],"replies":[{"embeddable":true,"href":"https:\/\/www.santjosep.net\/de\/wp-json\/wp\/v2\/comments?post=13777"}],"version-history":[{"count":0,"href":"https:\/\/www.santjosep.net\/de\/wp-json\/wp\/v2\/pages\/13777\/revisions"}],"wp:attachment":[{"href":"https:\/\/www.santjosep.net\/de\/wp-json\/wp\/v2\/media?parent=13777"}],"wp:term":[{"taxonomy":"categoria_pagina","embeddable":true,"href":"https:\/\/www.santjosep.net\/de\/wp-json\/wp\/v2\/categoria_pagina?post=13777"}],"curies":[{"name":"wp","href":"https:\/\/api.w.org\/{rel}","templated":true}]}}