{"id":36700,"date":"2025-03-21T12:38:26","date_gmt":"2025-03-21T11:38:26","guid":{"rendered":"https:\/\/www.santjosep.net\/restaurantes\/"},"modified":"2025-08-12T08:59:33","modified_gmt":"2025-08-12T06:59:33","slug":"gastronomia","status":"publish","type":"page","link":"https:\/\/www.santjosep.net\/ca\/gastronomia\/","title":{"rendered":"Gastronomia"},"content":{"rendered":"<div class=\"wpb-content-wrapper\"><p>[vc_row enable_hue_rotation=&#8221;no&#8221; enable_text_marquee=&#8221;no&#8221; css=&#8221;.vc_custom_1742804623479{padding-top: 50px !important;}&#8221;][vc_column][vc_custom_heading text=&#8221;Sabors d&#8217;Eivissa a Sant Josep&#8221; use_theme_fonts=&#8221;yes&#8221;][\/vc_column][\/vc_row][vc_row enable_hue_rotation=&#8221;no&#8221; enable_text_marquee=&#8221;no&#8221;][vc_column width=&#8221;2\/3&#8243;][vc_column_text]<strong><a href=\"https:\/\/www.saborsdeivissa.es\/\">Sabors d&#8217;Eivissa<\/a><\/strong> \u00e9s una iniciativa promoguda pels departaments d&#8217;Agricultura i Promoci\u00f3 Tur\u00edstica del Consell Insular d&#8217;Eivissa, en col\u00b7laboraci\u00f3 amb sectors professionals de l&#8217;\u00e0mbit agroalimentari agrupats a la PIMEEF. El seu objectiu principal \u00e9s fomentar i distingir els productes agroalimentaris i pesquers tradicionals de l&#8217;illa i promocionar la gastronomia eivissenca com a atractiu tur\u00edstic.<\/p>\n<p>La iniciativa es va originar el 2012 amb la creaci\u00f3 d&#8217;un distintiu per identificar els restaurants que incorporen productes locals als seus men\u00fas.<\/p>\n<p><strong>Sabors d&#8217;Eivissa<\/strong> ofereix una guia de restaurants adherits al segell, que aposten per productes de temporada i reflecteixen l&#8217;ess\u00e8ncia mediterr\u00e0nia als seus plats. D\u2019aquests, vuit es troben al municipi de Sant Josep de sa Talaia.<br \/>\n[\/vc_column_text][\/vc_column][vc_column width=&#8221;1\/3&#8243;][vc_single_image image=&#8221;36654&#8243; img_size=&#8221;full&#8221;][\/vc_column][\/vc_row][vc_row equal_height=&#8221;yes&#8221; enable_hue_rotation=&#8221;no&#8221; enable_text_marquee=&#8221;no&#8221; el_class=&#8221;filarestaurantes&#8221;][vc_column offset=&#8221;vc_col-md-4&#8243;][vc_single_image image=&#8221;36564&#8243; img_size=&#8221;full&#8221;][vc_row_inner][vc_column_inner][vc_column_text]<\/p>\n<h3>Balneari<\/h3>\n<p>[\/vc_column_text][vc_column_text css=&#8221;.vc_custom_1747029285747{margin-bottom: 10px !important;}&#8221;]<strong>Cala Carb\u00f3<\/strong>. Ubicat en un entorn privilegiat a peu de platja, el Balneari \u00e9s un referent de la cuina marinera al sud d&#8217;Eivissa, on s&#8217;ofereix un tracte proper i professional, acompanyat d&#8217;una carta en qu\u00e8 el peix fresc i el producte eivissenc s\u00f3n protagonistes. Aquest restaurant \u00e9s el lloc ideal per gaudir de la tranquil\u00b7litat de cala Carb\u00f3. La seva especialitat: el peix al forn amb un toc de planxa.<\/p>\n<p>Tlf.\u00a0 971 808 251[\/vc_column_text]    <span class=\"edgtf-icon-shortcode edgtf-normal   \"  >\n                    <a itemprop=\"url\" class=\"\" href=\"https:\/\/www.instagram.com\/restaurantecalacarbo\/\" target=\"_blank\">\n                    <i class=\"edgtf-icon-font-awesome fa fa-instagram edgtf-icon-element\" style=\"font-size:25px\" ><\/i>                    <\/a>\n            <\/span>\n    <span class=\"edgtf-icon-shortcode edgtf-normal   \"  >\n                    <a itemprop=\"url\" class=\"\" href=\"https:\/\/www.facebook.com\/restaurantecalacarbo\/?locale=es_ES\" target=\"_blank\">\n                    <i class=\"edgtf-icon-font-awesome fa fa-facebook edgtf-icon-element\" style=\"font-size:25px\" ><\/i>                    <\/a>\n            <\/span>\n[vc_column_text el_class=&#8221;cllegar&#8221;]<a href=\"https:\/\/www.google.es\/maps\/search\/cala+carb%C3%B3+restaurante\/@38.8948879,1.2163247,17z\/data=!3m1!4b1?hl=es\">Com arribar? <\/a>[\/vc_column_text][\/vc_column_inner][\/vc_row_inner][\/vc_column][vc_column offset=&#8221;vc_col-md-4&#8243;][vc_single_image image=&#8221;36610&#8243; img_size=&#8221;full&#8221;][vc_row_inner][vc_column_inner][vc_column_text]<\/p>\n<h3>Can Berri Vell<\/h3>\n<p>[\/vc_column_text][vc_column_text css=&#8221;.vc_custom_1747029303502{margin-bottom: 10px !important;}&#8221;]<strong>Sant Agust\u00ed.<\/strong> Sopar a Can Berri Vell \u00e9s una experi\u00e8ncia \u00fanica que combina l&#8217;ess\u00e8ncia d&#8217;una casa eivissenca del segle xvii amb l&#8217;encant del poble de Sant Agust\u00ed. Les seves antigues estances han estat transformades en \u00edntims menjadors, respectant la seva autenticitat. A la cuina s&#8217;elaboren elegants creacions en qu\u00e8 es respecten al m\u00e0xim els sabors originals del producte local. Tlf. 971 344 321[\/vc_column_text]    <span class=\"edgtf-icon-shortcode edgtf-normal   \"  >\n                    <a itemprop=\"url\" class=\"\" href=\"https:\/\/www.instagram.com\/canberrivell\/\" target=\"_blank\">\n                    <i class=\"edgtf-icon-font-awesome fa fa-instagram edgtf-icon-element\" style=\"font-size:25px\" ><\/i>                    <\/a>\n            <\/span>\n    <span class=\"edgtf-icon-shortcode edgtf-normal   \"  >\n                    <a itemprop=\"url\" class=\"\" href=\"https:\/\/www.facebook.com\/RestauranteCanBerriVell\" target=\"_blank\">\n                    <i class=\"edgtf-icon-font-awesome fa fa-facebook edgtf-icon-element\" style=\"font-size:25px\" ><\/i>                    <\/a>\n            <\/span>\n    <span class=\"edgtf-icon-shortcode edgtf-normal   \"  >\n                    <a itemprop=\"url\" class=\"\" href=\"https:\/\/www.canberrivell.es\/\" target=\"_blank\">\n                    <i class=\"edgtf-icon-font-awesome fa fa-desktop edgtf-icon-element\" style=\"font-size:25px\" ><\/i>                    <\/a>\n            <\/span>\n[vc_column_text el_class=&#8221;cllegar&#8221;]<a href=\"https:\/\/www.google.es\/maps\/place\/Restaurante+Can+Berri+Vell\/@38.9412168,1.2917959,17z\/data=!3m1!4b1!4m5!3m4!1s0x1299498229f3ef4b:0xd768bfc7619b59c0!8m2!3d38.9412295!4d1.2939849?hl=es\">Com arribar? <\/a>[\/vc_column_text][\/vc_column_inner][\/vc_row_inner][\/vc_column][vc_column offset=&#8221;vc_col-md-4&#8243;][vc_single_image image=&#8221;36630&#8243; img_size=&#8221;full&#8221;][vc_row_inner][vc_column_inner][vc_column_text]<\/p>\n<h3>S&#8217;Espartar<\/h3>\n<p>[\/vc_column_text][vc_column_text css=&#8221;.vc_custom_1747029319467{margin-bottom: 10px !important;}&#8221;]<strong>Zona Cala Tarida.<\/strong> Fam\u00f3s pel seu bullit de peix, aquest restaurant \u00e9s un imprescindible tant per a locals com per a visitants. Ubicat a la carretera de Sant Josep a cala Tarida, a pocs quil\u00f2metres del mar, la seva terrassa ofereix espectaculars vespres amb vistes a l\u2019illot de s\u2019Espartar. La seva popularitat el va portar a cr\u00e9ixer amb el temps, fins a esdevenir un referent de la gastronomia marinera eivissenca. Tlf. 971 800 293[\/vc_column_text]    <span class=\"edgtf-icon-shortcode edgtf-normal   \"  >\n                    <a itemprop=\"url\" class=\"\" href=\"https:\/\/www.instagram.com\/sespartar\/\" target=\"_blank\">\n                    <i class=\"edgtf-icon-font-awesome fa fa-instagram edgtf-icon-element\" style=\"font-size:25px\" ><\/i>                    <\/a>\n            <\/span>\n    <span class=\"edgtf-icon-shortcode edgtf-normal   \"  >\n                    <a itemprop=\"url\" class=\"\" href=\"https:\/\/restaurantsespartar.com\/\" target=\"_blank\">\n                    <i class=\"edgtf-icon-font-awesome fa fa-desktop edgtf-icon-element\" style=\"font-size:25px\" ><\/i>                    <\/a>\n            <\/span>\n[vc_column_text el_class=&#8221;cllegar&#8221;]<a href=\"https:\/\/www.google.es\/maps\/place\/S%E2%80%99Espartar\/@38.9318203,1.256358,17z\/data=!3m1!4b1!4m5!3m4!1s0x12994bae4e4660ed:0x2b1c3be32ff6ac56!8m2!3d38.9317801!4d1.2585003?hl=es\">Com arribar? <\/a>[\/vc_column_text][\/vc_column_inner][\/vc_row_inner][\/vc_column][\/vc_row][vc_row equal_height=&#8221;yes&#8221; enable_hue_rotation=&#8221;no&#8221; enable_text_marquee=&#8221;no&#8221; el_class=&#8221;filarestaurantes&#8221;][vc_column offset=&#8221;vc_col-md-4&#8243;][vc_single_image image=&#8221;36625&#8243; img_size=&#8221;full&#8221;][vc_row_inner][vc_column_inner][vc_column_text]<\/p>\n<h3>Sa Caleta<\/h3>\n<p>[\/vc_column_text][vc_column_text css=&#8221;.vc_custom_1747029397583{margin-bottom: 10px !important;}&#8221;]<strong>Es Bol Nou.<\/strong> Des del 1988, aquest restaurant s&#8217;ha convertit en un referent de la cuina marinera tradicional. Situat al costat de la platja des Bol Nou, \u00e9s el lloc perfecte per gaudir de receptes aut\u00e8ntiques elaborades amb cura, els millors productes del mar i rica en sabors mediterranis. Entre les seves especialitats, destaquen el bullit de peix, les paelles i la caldereta de llagosta, sense oblidar l&#8217;inconfusible caf\u00e8 Caleta. Tlf. 971 187 095[\/vc_column_text]    <span class=\"edgtf-icon-shortcode edgtf-normal   \"  >\n                    <a itemprop=\"url\" class=\"\" href=\"https:\/\/www.instagram.com\/sacaletarestaurant\/\" target=\"_blank\">\n                    <i class=\"edgtf-icon-font-awesome fa fa-instagram edgtf-icon-element\" style=\"font-size:25px\" ><\/i>                    <\/a>\n            <\/span>\n    <span class=\"edgtf-icon-shortcode edgtf-normal   \"  >\n                    <a itemprop=\"url\" class=\"\" href=\"https:\/\/www.facebook.com\/sacaleta\" target=\"_blank\">\n                    <i class=\"edgtf-icon-font-awesome fa fa-facebook edgtf-icon-element\" style=\"font-size:25px\" ><\/i>                    <\/a>\n            <\/span>\n    <span class=\"edgtf-icon-shortcode edgtf-normal   \"  >\n                    <a itemprop=\"url\" class=\"\" href=\"https:\/\/sacaleta.es\/\" target=\"_blank\">\n                    <i class=\"edgtf-icon-font-awesome fa fa-desktop edgtf-icon-element\" style=\"font-size:25px\" ><\/i>                    <\/a>\n            <\/span>\n[vc_column_text el_class=&#8221;cllegar&#8221;]<a href=\"https:\/\/www.google.es\/maps\/place\/Restaurant+Sa+Caleta\/@38.868626,1.329706,17z\/data=!3m1!4b1!4m5!3m4!1s0x12994f1c70199615:0xaa7bc5e4b0038e28!8m2!3d38.8685553!4d1.3318702?hl=es\">Com arribar? <\/a>[\/vc_column_text][\/vc_column_inner][\/vc_row_inner][\/vc_column][vc_column offset=&#8221;vc_col-md-4&#8243;][vc_single_image image=&#8221;36640&#8243; img_size=&#8221;full&#8221;][vc_row_inner][vc_column_inner][vc_column_text]<\/p>\n<h3>Taste of Salia<\/h3>\n<p>[\/vc_column_text][vc_column_text css=&#8221;.vc_custom_1747029412836{margin-bottom: 10px !important;}&#8221;]<strong>Cala de Bou.<\/strong> Situat al complex hoteler de Can Salia, aquest restaurant ofereix una experi\u00e8ncia gastron\u00f2mica saludable i sofisticada a cala de Bou. La seva cuina mediterr\u00e0nia de temporada ret homenatge als sabors aut\u00e8ntics de les Balears, amb ingredients locals transformats en plats frescos i creatius. Un espai elegant i modern on gaudir de l&#8217;ess\u00e8ncia culin\u00e0ria d&#8217;Eivissa. Tlf. 971 344 390[\/vc_column_text]    <span class=\"edgtf-icon-shortcode edgtf-normal   \"  >\n                    <a itemprop=\"url\" class=\"\" href=\"https:\/\/www.instagram.com\/tasteofsalia\/\" target=\"_blank\">\n                    <i class=\"edgtf-icon-font-awesome fa fa-instagram edgtf-icon-element\" style=\"font-size:25px\" ><\/i>                    <\/a>\n            <\/span>\n    <span class=\"edgtf-icon-shortcode edgtf-normal   \"  >\n                    <a itemprop=\"url\" class=\"\" href=\"https:\/\/www.facebook.com\/profile.php?id=61558034191654\" target=\"_blank\">\n                    <i class=\"edgtf-icon-font-awesome fa fa-facebook edgtf-icon-element\" style=\"font-size:25px\" ><\/i>                    <\/a>\n            <\/span>\n    <span class=\"edgtf-icon-shortcode edgtf-normal   \"  >\n                    <a itemprop=\"url\" class=\"\" href=\"https:\/\/www.intercorpgrp.com\/hoteles\/ibiza\/can-salia\/servicios\/taste-of-salia\" target=\"_blank\">\n                    <i class=\"edgtf-icon-font-awesome fa fa-desktop edgtf-icon-element\" style=\"font-size:25px\" ><\/i>                    <\/a>\n            <\/span>\n[vc_column_text el_class=&#8221;cllegar&#8221;]<a href=\"https:\/\/www.google.com\/maps\/place\/Taste+of+Salia\/@38.9703712,1.2750799,16z\/data=!3m1!4b1!4m6!3m5!1s0x12994ba1de2c974b:0x9b341af856826021!8m2!3d38.9703671!4d1.2776548!16s%2Fg%2F11q2xy2pgz?entry=ttu\">Com arribar? <\/a>[\/vc_column_text][\/vc_column_inner][\/vc_row_inner][\/vc_column][vc_column offset=&#8221;vc_col-md-4&#8243;][vc_single_image image=&#8221;36605&#8243; img_size=&#8221;full&#8221;][vc_row_inner][vc_column_inner][vc_column_text]<\/p>\n<h3>Ca Na Sof\u00eda<\/h3>\n<p>[\/vc_column_text][vc_column_text css=&#8221;.vc_custom_1747029424640{margin-bottom: 10px !important;}&#8221;]<strong>Cala Vedella.<\/strong> Ubicat a l&#8217;encantadora platja de cala Vedella, aquest restaurant combina el millor de la cuina mediterr\u00e0nia amb un enfocament innovador. La seva proposta gastron\u00f2mica inclou arrossos i peixos frescos de l&#8217;illa, tots reinterpretats amb un toc creatiu i d&#8217;autor. La fusi\u00f3 de sabors \u00e9s el seu segell distintiu, respectant les arrels culin\u00e0ries eivissenques. Un espai en qu\u00e8 la tradici\u00f3 i l&#8217;avantguarda es combinen. Tlf. 971 808 273[\/vc_column_text]    <span class=\"edgtf-icon-shortcode edgtf-normal   \"  >\n                    <a itemprop=\"url\" class=\"\" href=\"https:\/\/www.instagram.com\/restaurantecanasofia\/\" target=\"_blank\">\n                    <i class=\"edgtf-icon-font-awesome fa fa-instagram edgtf-icon-element\" style=\"font-size:25px\" ><\/i>                    <\/a>\n            <\/span>\n    <span class=\"edgtf-icon-shortcode edgtf-normal   \"  >\n                    <a itemprop=\"url\" class=\"\" href=\"https:\/\/www.facebook.com\/RestauranteBeachBarCanaSofia?fref=ts\" target=\"_blank\">\n                    <i class=\"edgtf-icon-font-awesome fa fa-facebook edgtf-icon-element\" style=\"font-size:25px\" ><\/i>                    <\/a>\n            <\/span>\n    <span class=\"edgtf-icon-shortcode edgtf-normal   \"  >\n                    <a itemprop=\"url\" class=\"\" href=\"https:\/\/canasofia.com\/\" target=\"_blank\">\n                    <i class=\"edgtf-icon-font-awesome fa fa-desktop edgtf-icon-element\" style=\"font-size:25px\" ><\/i>                    <\/a>\n            <\/span>\n[vc_column_text el_class=&#8221;cllegar&#8221;]<a href=\"https:\/\/www.google.es\/maps\/place\/Restaurante+Beach+Cocktail-bar+Cana+Sofia\/@38.9132596,1.0927789,12z\/data=!4m10!1m2!2m1!1sca+na+sofia!3m6!1s0x12994b4693eb2127:0xc25c119986eebdd1!8m2!3d38.9132935!4d1.2245921!15sCgtjYSBuYSBzb2ZpYVoNIgtjYSBuYSBzb2ZpYZIBCnJlc3RhdXJhbnTgAQA!16s%2Fg%2F1td8vnd9?hl=es\">Com arribar? <\/a>[\/vc_column_text][\/vc_column_inner][\/vc_row_inner][\/vc_column][\/vc_row][vc_row equal_height=&#8221;yes&#8221; enable_hue_rotation=&#8221;no&#8221; enable_text_marquee=&#8221;no&#8221; el_class=&#8221;filarestaurantes&#8221;][vc_column offset=&#8221;vc_col-md-4&#8243;][vc_single_image image=&#8221;36620&#8243; img_size=&#8221;full&#8221;][vc_row_inner][vc_column_inner][vc_column_text]<\/p>\n<h3>Rascalobos<\/h3>\n<p>[\/vc_column_text][vc_column_text css=&#8221;.vc_custom_1747029446964{margin-bottom: 10px !important;}&#8221;]<strong>Sant Jordi<\/strong> Situat al cor de Sant Jordi, aquest acollidor local destaca per la seva terrassa enjardinada, perfecta per gaudir d&#8217;un ambient relaxat. La seva clientela \u00e9s majorit\u00e0riament resident, fet que crea un espai proper i familiar. La carta ofereix una selecci\u00f3 de tapes espanyoles, opcions per picar i plats vegetarians elaborats amb ingredients de proximitat. La seva proposta gastron\u00f2mica combina l&#8217;ess\u00e8ncia de la cuina eivissenca amb tocs innovadors i fusiona tradici\u00f3 i noves tend\u00e8ncies per ressaltar la qualitat del producte de l&#8217;illa. Tlf. 971 395 860[\/vc_column_text]    <span class=\"edgtf-icon-shortcode edgtf-normal   \"  >\n                    <a itemprop=\"url\" class=\"\" href=\"https:\/\/www.instagram.com\/rasca_lobos\/\" target=\"_blank\">\n                    <i class=\"edgtf-icon-font-awesome fa fa-instagram edgtf-icon-element\" style=\"font-size:25px\" ><\/i>                    <\/a>\n            <\/span>\n    <span class=\"edgtf-icon-shortcode edgtf-normal   \"  >\n                    <a itemprop=\"url\" class=\"\" href=\"https:\/\/www.facebook.com\/rascalobos\" target=\"_blank\">\n                    <i class=\"edgtf-icon-font-awesome fa fa-facebook edgtf-icon-element\" style=\"font-size:25px\" ><\/i>                    <\/a>\n            <\/span>\n[vc_column_text el_class=&#8221;cllegar&#8221;]<a href=\"https:\/\/www.google.es\/maps\/place\/Restaurante+Rasca+Lobos\/@38.8910145,1.3923514,17z\/data=!3m1!4b1!4m5!3m4!1s0x129945d9fc493479:0x90b8250ddbef2522!8m2!3d38.8910486!4d1.394507?hl=es\">Com arribar? <\/a>[\/vc_column_text][\/vc_column_inner][\/vc_row_inner][\/vc_column][vc_column offset=&#8221;vc_col-md-4&#8243;][vc_single_image image=&#8221;36635&#8243; img_size=&#8221;full&#8221;][vc_row_inner][vc_column_inner][vc_column_text]<\/p>\n<h3>UNIC<\/h3>\n<p>[\/vc_column_text][vc_column_text css=&#8221;.vc_custom_1747029479297{margin-bottom: 10px !important;}&#8221;]<strong>Platja d&#8217;en Bossa.<\/strong> El primer restaurant de Sant Josep a rebre una estrella Michelin, un reconeixement merescut tant per la seva proposta gastron\u00f2mica com pel seu innovador espai. Ubicat al modern hotel Migjorn Ibiza, a platja d&#8217;en Bossa, el seu elegant disseny el converteix en un escenari \u00fanic per a una experi\u00e8ncia culin\u00e0ria excepcional. Al capdavant, el xef David Grussaute presenta dos men\u00fas degustaci\u00f3, Unic i La Xanga, en qu\u00e8 el producte local i de proximitat \u00e9s el protagonista. Tlf. 971 393 573[\/vc_column_text]    <span class=\"edgtf-icon-shortcode edgtf-normal   \"  >\n                    <a itemprop=\"url\" class=\"\" href=\"https:\/\/www.instagram.com\/unicrestaurant\/\" target=\"_blank\">\n                    <i class=\"edgtf-icon-font-awesome fa fa-instagram edgtf-icon-element\" style=\"font-size:25px\" ><\/i>                    <\/a>\n            <\/span>\n    <span class=\"edgtf-icon-shortcode edgtf-normal   \"  >\n                    <a itemprop=\"url\" class=\"\" href=\"https:\/\/www.facebook.com\/profile.php?id=100063471191910\" target=\"_blank\">\n                    <i class=\"edgtf-icon-font-awesome fa fa-facebook edgtf-icon-element\" style=\"font-size:25px\" ><\/i>                    <\/a>\n            <\/span>\n    <span class=\"edgtf-icon-shortcode edgtf-normal   \"  >\n                    <a itemprop=\"url\" class=\"\" href=\"https:\/\/www.unicrestaurantibiza.com\/\" target=\"_blank\">\n                    <i class=\"edgtf-icon-font-awesome fa fa-desktop edgtf-icon-element\" style=\"font-size:25px\" ><\/i>                    <\/a>\n            <\/span>\n[vc_column_text el_class=&#8221;cllegar&#8221;]<a href=\"https:\/\/www.google.es\/maps\/place\/Unic+Restaurant\/@38.8901581,1.4055653,17z\/data=!3m1!4b1!4m5!3m4!1s0x1299442c7b88dcb7:0xd0e7e7b3508b30b6!8m2!3d38.8901053!4d1.4077151?hl=es\">Com arribar? <\/a>[\/vc_column_text][\/vc_column_inner][\/vc_row_inner][\/vc_column][\/vc_row]<\/p>\n<\/div>","protected":false},"excerpt":{"rendered":"<p>[vc_row enable_hue_rotation=&#8221;no&#8221; enable_text_marquee=&#8221;no&#8221; css=&#8221;.vc_custom_1742804623479{padding-top: 50px !important;}&#8221;][vc_column][vc_custom_heading text=&#8221;Sabors d&#8217;Eivissa a Sant Josep&#8221; use_theme_fonts=&#8221;yes&#8221;][\/vc_column][\/vc_row][vc_row enable_hue_rotation=&#8221;no&#8221; enable_text_marquee=&#8221;no&#8221;][vc_column width=&#8221;2\/3&#8243;][vc_column_text]Sabors d&#8217;Eivissa \u00e9s una iniciativa promoguda pels departaments d&#8217;Agricultura i Promoci\u00f3 Tur\u00edstica del Consell Insular d&#8217;Eivissa, en col\u00b7laboraci\u00f3 amb sectors professionals de l&#8217;\u00e0mbit agroalimentari agrupats a [&hellip;]<\/p>\n","protected":false},"author":1,"featured_media":0,"parent":0,"menu_order":0,"comment_status":"closed","ping_status":"closed","template":"","meta":{"_acf_changed":false,"inline_featured_image":false,"footnotes":""},"categoria_pagina":[],"class_list":["post-36700","page","type-page","status-publish","hentry"],"acf":[],"yoast_head":"<!-- This site is optimized with the Yoast SEO plugin v25.7 - https:\/\/yoast.com\/wordpress\/plugins\/seo\/ -->\n<title>Gastronomia - Santjosep.net<\/title>\n<meta name=\"robots\" content=\"index, follow, max-snippet:-1, max-image-preview:large, max-video-preview:-1\" \/>\n<link rel=\"canonical\" href=\"https:\/\/www.santjosep.net\/ca\/gastronomia\/\" \/>\n<meta property=\"og:locale\" content=\"ca_ES\" \/>\n<meta property=\"og:type\" content=\"article\" \/>\n<meta property=\"og:title\" content=\"Gastronomia - Santjosep.net\" \/>\n<meta property=\"og:description\" content=\"[vc_row enable_hue_rotation=&#8221;no&#8221; enable_text_marquee=&#8221;no&#8221; css=&#8221;.vc_custom_1742804623479{padding-top: 50px !important;}&#8221;][vc_column][vc_custom_heading text=&#8221;Sabors d&#8217;Eivissa a Sant Josep&#8221; use_theme_fonts=&#8221;yes&#8221;][\/vc_column][\/vc_row][vc_row enable_hue_rotation=&#8221;no&#8221; enable_text_marquee=&#8221;no&#8221;][vc_column width=&#8221;2\/3&#8243;][vc_column_text]Sabors d&#8217;Eivissa \u00e9s una iniciativa promoguda pels departaments d&#8217;Agricultura i Promoci\u00f3 Tur\u00edstica del Consell Insular d&#8217;Eivissa, en col\u00b7laboraci\u00f3 amb sectors professionals de l&#8217;\u00e0mbit agroalimentari agrupats a [&hellip;]\" \/>\n<meta property=\"og:url\" content=\"https:\/\/www.santjosep.net\/ca\/gastronomia\/\" \/>\n<meta property=\"og:site_name\" content=\"Santjosep.net\" \/>\n<meta property=\"article:modified_time\" content=\"2025-08-12T06:59:33+00:00\" \/>\n<meta name=\"twitter:card\" content=\"summary_large_image\" \/>\n<meta name=\"twitter:label1\" content=\"Temps estimat de lectura\" \/>\n\t<meta name=\"twitter:data1\" content=\"5 minuts\" \/>\n<script type=\"application\/ld+json\" class=\"yoast-schema-graph\">{\"@context\":\"https:\/\/schema.org\",\"@graph\":[{\"@type\":\"WebPage\",\"@id\":\"https:\/\/www.santjosep.net\/ca\/gastronomia\/\",\"url\":\"https:\/\/www.santjosep.net\/ca\/gastronomia\/\",\"name\":\"Gastronomia - Santjosep.net\",\"isPartOf\":{\"@id\":\"https:\/\/www.santjosep.net\/#website\"},\"datePublished\":\"2025-03-21T11:38:26+00:00\",\"dateModified\":\"2025-08-12T06:59:33+00:00\",\"inLanguage\":\"ca\",\"potentialAction\":[{\"@type\":\"ReadAction\",\"target\":[\"https:\/\/www.santjosep.net\/ca\/gastronomia\/\"]}]},{\"@type\":\"WebSite\",\"@id\":\"https:\/\/www.santjosep.net\/#website\",\"url\":\"https:\/\/www.santjosep.net\/\",\"name\":\"Santjosep.net\",\"description\":\"\",\"potentialAction\":[{\"@type\":\"SearchAction\",\"target\":{\"@type\":\"EntryPoint\",\"urlTemplate\":\"https:\/\/www.santjosep.net\/?s={search_term_string}\"},\"query-input\":{\"@type\":\"PropertyValueSpecification\",\"valueRequired\":true,\"valueName\":\"search_term_string\"}}],\"inLanguage\":\"ca\"}]}<\/script>\n<!-- \/ Yoast SEO plugin. -->","yoast_head_json":{"title":"Gastronomia - Santjosep.net","robots":{"index":"index","follow":"follow","max-snippet":"max-snippet:-1","max-image-preview":"max-image-preview:large","max-video-preview":"max-video-preview:-1"},"canonical":"https:\/\/www.santjosep.net\/ca\/gastronomia\/","og_locale":"ca_ES","og_type":"article","og_title":"Gastronomia - Santjosep.net","og_description":"[vc_row enable_hue_rotation=&#8221;no&#8221; enable_text_marquee=&#8221;no&#8221; css=&#8221;.vc_custom_1742804623479{padding-top: 50px !important;}&#8221;][vc_column][vc_custom_heading text=&#8221;Sabors d&#8217;Eivissa a Sant Josep&#8221; use_theme_fonts=&#8221;yes&#8221;][\/vc_column][\/vc_row][vc_row enable_hue_rotation=&#8221;no&#8221; enable_text_marquee=&#8221;no&#8221;][vc_column width=&#8221;2\/3&#8243;][vc_column_text]Sabors d&#8217;Eivissa \u00e9s una iniciativa promoguda pels departaments d&#8217;Agricultura i Promoci\u00f3 Tur\u00edstica del Consell Insular d&#8217;Eivissa, en col\u00b7laboraci\u00f3 amb sectors professionals de l&#8217;\u00e0mbit agroalimentari agrupats a [&hellip;]","og_url":"https:\/\/www.santjosep.net\/ca\/gastronomia\/","og_site_name":"Santjosep.net","article_modified_time":"2025-08-12T06:59:33+00:00","twitter_card":"summary_large_image","twitter_misc":{"Temps estimat de lectura":"5 minuts"},"schema":{"@context":"https:\/\/schema.org","@graph":[{"@type":"WebPage","@id":"https:\/\/www.santjosep.net\/ca\/gastronomia\/","url":"https:\/\/www.santjosep.net\/ca\/gastronomia\/","name":"Gastronomia - Santjosep.net","isPartOf":{"@id":"https:\/\/www.santjosep.net\/#website"},"datePublished":"2025-03-21T11:38:26+00:00","dateModified":"2025-08-12T06:59:33+00:00","inLanguage":"ca","potentialAction":[{"@type":"ReadAction","target":["https:\/\/www.santjosep.net\/ca\/gastronomia\/"]}]},{"@type":"WebSite","@id":"https:\/\/www.santjosep.net\/#website","url":"https:\/\/www.santjosep.net\/","name":"Santjosep.net","description":"","potentialAction":[{"@type":"SearchAction","target":{"@type":"EntryPoint","urlTemplate":"https:\/\/www.santjosep.net\/?s={search_term_string}"},"query-input":{"@type":"PropertyValueSpecification","valueRequired":true,"valueName":"search_term_string"}}],"inLanguage":"ca"}]}},"_links":{"self":[{"href":"https:\/\/www.santjosep.net\/ca\/wp-json\/wp\/v2\/pages\/36700","targetHints":{"allow":["GET"]}}],"collection":[{"href":"https:\/\/www.santjosep.net\/ca\/wp-json\/wp\/v2\/pages"}],"about":[{"href":"https:\/\/www.santjosep.net\/ca\/wp-json\/wp\/v2\/types\/page"}],"author":[{"embeddable":true,"href":"https:\/\/www.santjosep.net\/ca\/wp-json\/wp\/v2\/users\/1"}],"replies":[{"embeddable":true,"href":"https:\/\/www.santjosep.net\/ca\/wp-json\/wp\/v2\/comments?post=36700"}],"version-history":[{"count":0,"href":"https:\/\/www.santjosep.net\/ca\/wp-json\/wp\/v2\/pages\/36700\/revisions"}],"wp:attachment":[{"href":"https:\/\/www.santjosep.net\/ca\/wp-json\/wp\/v2\/media?parent=36700"}],"wp:term":[{"taxonomy":"categoria_pagina","embeddable":true,"href":"https:\/\/www.santjosep.net\/ca\/wp-json\/wp\/v2\/categoria_pagina?post=36700"}],"curies":[{"name":"wp","href":"https:\/\/api.w.org\/{rel}","templated":true}]}}