{"id":33829,"date":"2022-11-03T15:02:12","date_gmt":"2022-11-03T14:02:12","guid":{"rendered":"https:\/\/www.santjosep.net\/turisme-actiu\/beach-polo\/"},"modified":"2022-11-17T13:48:14","modified_gmt":"2022-11-17T12:48:14","slug":"competicio-beach-polo","status":"publish","type":"page","link":"https:\/\/www.santjosep.net\/ca\/turisme-actiu\/competicio-beach-polo\/","title":{"rendered":"Competici\u00f3 Beach Polo"},"content":{"rendered":"<div class=\"wpb-content-wrapper\"><p>[vc_row enable_hue_rotation=&#8221;no&#8221; enable_text_marquee=&#8221;no&#8221;][vc_column][vc_column_text]Cada any, la platja de <a href=\"https:\/\/www.santjosep.net\/ca\/veure\/platges\/port-des-torrent\/\"><strong>Port des Torrent<\/strong><\/a> esdev\u00e9 l\u2019escenari id\u00edl\u00b7lic per a la celebraci\u00f3 del Beach Polo Sant Josep, que t\u00e9 lloc durant tot un cap de setmana del mes de juliol. Aquesta competici\u00f3 de mar, que el 2022 ha celebrat la seva <strong>XVIII edici\u00f3<\/strong>, enfronta diversos equips de waterpolistes de primer nivell de tot l\u2019Estat i, a m\u00e9s, compta amb la pres\u00e8ncia d\u2019equips estrangers.<\/p>\n<p>De nou, la competici\u00f3 \u00e9s l\u2019excusa per posar en contacte esportistes de diversos indrets i compartir experi\u00e8ncies, a banda de practicar aquest esport fora de les piscines en qu\u00e8 estan acostumats a jugar.[\/vc_column_text][vc_column_text css=&#8221;.vc_custom_1667487042752{padding-top: 30px !important;padding-bottom: 30px !important;}&#8221;]<style>#jtg-33592 .modula-item .jtg-social a, .lightbox-socials.jtg-social a{ fill: #ffffff; color: #ffffff }#jtg-33592 .modula-item .jtg-social-mobile a{ fill: #ffffff; color: #ffffff }#jtg-33592 .modula-item .jtg-social svg, .lightbox-socials.jtg-social svg { height: 16px; width: 16px }#jtg-33592 .modula-item .jtg-social-mobile svg { height: 16px; width: 16px }#jtg-33592 .modula-item .jtg-social a:not(:last-child), .lightbox-socials.jtg-social a:not(:last-child) { margin-right: 10px }#jtg-33592 .modula-item .jtg-social-mobile .jtg-social-mobile-icons a:not(:last-child){ margin-right: 10px }#jtg-33592 .modula-item .figc {color:#ffffff;}#jtg-33592 .modula-item .modula-item-content { transform: scale(0) }#jtg-33592 .modula-items .figc p.description { font-size:14px; }#jtg-33592 .modula-items .figc p.description { color:#ffffff;}#jtg-33592.modula-gallery .modula-item > a, #jtg-33592.modula-gallery .modula-item, #jtg-33592.modula-gallery .modula-item-content > a:not(.modula-no-follow) { cursor:zoom-in; } #jtg-33592.modula-gallery .modula-item-content .modula-no-follow { cursor: default; } @media screen and (max-width:480px){#jtg-33592 .modula-item .figc .jtg-title {  font-size: 12px; }#jtg-33592 .modula-items .figc p.description { color:#ffffff;font-size:10px; }}<\/style>\n<div  id=\"jtg-33592\" class=\"modula modula-gallery modula-custom-grid\" data-config=\"{&quot;height&quot;:800,&quot;tabletHeight&quot;:800,&quot;mobileHeight&quot;:800,&quot;desktopHeight&quot;:800,&quot;enableTwitter&quot;:false,&quot;enableWhatsapp&quot;:false,&quot;enableFacebook&quot;:false,&quot;enablePinterest&quot;:false,&quot;enableLinkedin&quot;:false,&quot;enableEmail&quot;:false,&quot;randomFactor&quot;:0.5,&quot;type&quot;:&quot;custom-grid&quot;,&quot;columns&quot;:12,&quot;gutter&quot;:0,&quot;mobileGutter&quot;:0,&quot;tabletGutter&quot;:0,&quot;desktopGutter&quot;:0,&quot;enableResponsive&quot;:&quot;0&quot;,&quot;tabletColumns&quot;:&quot;2&quot;,&quot;mobileColumns&quot;:&quot;1&quot;,&quot;lazyLoad&quot;:&quot;0&quot;,&quot;lightboxOpts&quot;:{&quot;animated&quot;:true,&quot;Thumbs&quot;:{&quot;type&quot;:&quot;modern&quot;,&quot;showOnStart&quot;:false},&quot;Toolbar&quot;:{&quot;display&quot;:{&quot;right&quot;:[&quot;close&quot;]},&quot;enabled&quot;:true},&quot;Carousel&quot;:{&quot;Panzoom&quot;:{&quot;touch&quot;:false},&quot;infinite&quot;:false},&quot;keyboard&quot;:{&quot;Escape&quot;:&quot;close&quot;,&quot;Delete&quot;:&quot;close&quot;,&quot;Backspace&quot;:&quot;close&quot;,&quot;PageUp&quot;:false,&quot;PageDown&quot;:false,&quot;ArrowUp&quot;:false,&quot;ArrowDown&quot;:false,&quot;ArrowRight&quot;:false,&quot;ArrowLeft&quot;:false},&quot;touch&quot;:false,&quot;backdropClick&quot;:false,&quot;l10n&quot;:{&quot;CLOSE&quot;:&quot;Close&quot;,&quot;NEXT&quot;:&quot;Next&quot;,&quot;PREV&quot;:&quot;Previous&quot;,&quot;Error&quot;:&quot;The requested content cannot be loaded. Please try again later.&quot;,&quot;PLAY_START&quot;:&quot;Start slideshow&quot;,&quot;PLAY_STOP&quot;:&quot;Pause slideshow&quot;,&quot;FULL_SCREEN&quot;:&quot;Full screen&quot;,&quot;THUMBS&quot;:&quot;Thumbnails&quot;,&quot;DOWNLOAD&quot;:&quot;Download&quot;,&quot;SHARE&quot;:&quot;Share&quot;,&quot;ZOOM&quot;:&quot;Zoom&quot;,&quot;EMAIL&quot;:&quot;Here is the link to the image : %%image_link%% and this is the link to the gallery : %%gallery_link%%&quot;,&quot;MODAL&quot;:&quot;You can close this modal content with the ESC key&quot;,&quot;ERROR&quot;:&quot;Something Went Wrong, Please Try Again Later&quot;,&quot;IMAGE_ERROR&quot;:&quot;Image Not Found&quot;,&quot;ELEMENT_NOT_FOUND&quot;:&quot;HTML Element Not Found&quot;,&quot;AJAX_NOT_FOUND&quot;:&quot;Error Loading AJAX : Not Found&quot;,&quot;AJAX_FORBIDDEN&quot;:&quot;Error Loading AJAX : Forbidden&quot;,&quot;IFRAME_ERROR&quot;:&quot;Error Loading Page&quot;,&quot;TOGGLE_ZOOM&quot;:&quot;Toggle zoom level&quot;,&quot;TOGGLE_THUMBS&quot;:&quot;Toggle thumbnails&quot;,&quot;TOGGLE_SLIDESHOW&quot;:&quot;Toggle slideshow&quot;,&quot;TOGGLE_FULLSCREEN&quot;:&quot;Toggle full-screen mode&quot;},&quot;Images&quot;:{&quot;Panzoom&quot;:{&quot;maxScale&quot;:2}},&quot;mainClass&quot;:&quot;modula-fancybox-container modula-lightbox-jtg-33592&quot;,&quot;Html&quot;:{&quot;videoAutoplay&quot;:0,&quot;videoTpl&quot;:&quot;&lt;video class=\\&quot;fancybox__html5video\\&quot; controls muted playsinline controlsList controlsList=\\&quot;nodownload\\&quot; poster=\\&quot;{{poster}}\\&quot; src=\\&quot;{{src}}\\&quot; type=\\&quot;{{format}}\\&quot; &gt;  Sorry, your browser doesn&#039;t support embedded videos, &lt;a href=\\&quot;{{src}}\\&quot;&gt; download &lt;\\\/a&gt; and watch with your favorite video player! &lt;\\\/video&gt;&quot;}},&quot;inView&quot;:false,&quot;email_subject&quot;:&quot;Check out this awesome image !!&quot;,&quot;email_message&quot;:&quot;Here is the link to the image : %%image_link%% and this is the link to the gallery : %%gallery_link%%&quot;,&quot;lightbox&quot;:&quot;fancybox&quot;}\">\n\n\t\n\t<div  class=\"modula-items\">\n\t\t<div class=\"modula-item effect-pufrobo\" data-width=\"7\" data-height=\"5\" >\n\t<div class=\"modula-item-overlay\"><\/div>\n\n\t<div class=\"modula-item-content\">\n\n\t\t\t\t\n\t\t\t\t\t<a data-image-id=\"33593\" tabindex=\"0\" rel=\"jtg-33592\" data-caption=\"\" aria-label=\"Open image in lightbox\" role=\"button\" class=\"tile-inner modula-item-link\"><\/a>\n\t\t\n\t\t<img loading=\"lazy\" decoding=\"async\" class=\"pic wp-image-33593\"  data-valign=\"middle\" data-halign=\"center\" alt=\"\" data-full=\"https:\/\/www.santjosep.net\/wp-content\/uploads\/2022\/11\/Beach-Polo2-1.jpg\" title=\"Beach Polo2\" width=\"300\" height=\"169\" src=\"https:\/\/www.santjosep.net\/wp-content\/uploads\/2022\/11\/Beach-Polo2-1-300x169.jpg\" data-src=\"https:\/\/www.santjosep.net\/wp-content\/uploads\/2022\/11\/Beach-Polo2-1-300x169.jpg\" data-caption=\"\" srcset=\"https:\/\/www.santjosep.net\/wp-content\/uploads\/2022\/11\/Beach-Polo2-1.jpg 2048w, https:\/\/www.santjosep.net\/wp-content\/uploads\/2022\/11\/Beach-Polo2-1-300x169.jpg 300w, https:\/\/www.santjosep.net\/wp-content\/uploads\/2022\/11\/Beach-Polo2-1-1024x576.jpg 1024w, https:\/\/www.santjosep.net\/wp-content\/uploads\/2022\/11\/Beach-Polo2-1-768x432.jpg 768w, https:\/\/www.santjosep.net\/wp-content\/uploads\/2022\/11\/Beach-Polo2-1-1536x864.jpg 1536w\" sizes=\"auto, (max-width: 300px) 100vw, 300px\" \/>\n\t\t<div class=\"figc no-description\">\n\t\t\t<div class=\"figc-inner\">\n\t\t\t\t\t\t\t\t\t\t\t\t\t\t\t<\/div>\n\t\t<\/div>\n\n\t<\/div>\n\n<\/div><div class=\"modula-item effect-pufrobo\" data-width=\"5\" data-height=\"5\" >\n\t<div class=\"modula-item-overlay\"><\/div>\n\n\t<div class=\"modula-item-content\">\n\n\t\t\t\t\n\t\t\t\t\t<a data-image-id=\"33598\" tabindex=\"0\" rel=\"jtg-33592\" data-caption=\"\" aria-label=\"Open image in lightbox\" role=\"button\" class=\"tile-inner modula-item-link\"><\/a>\n\t\t\n\t\t<img loading=\"lazy\" decoding=\"async\" class=\"pic wp-image-33598\"  data-valign=\"middle\" data-halign=\"center\" alt=\"\" data-full=\"https:\/\/www.santjosep.net\/wp-content\/uploads\/2022\/11\/Beach-Polo3-1.jpg\" title=\"Beach Polo3\" width=\"300\" height=\"214\" src=\"https:\/\/www.santjosep.net\/wp-content\/uploads\/2022\/11\/Beach-Polo3-1-300x214.jpg\" data-src=\"https:\/\/www.santjosep.net\/wp-content\/uploads\/2022\/11\/Beach-Polo3-1-300x214.jpg\" data-caption=\"\" srcset=\"https:\/\/www.santjosep.net\/wp-content\/uploads\/2022\/11\/Beach-Polo3-1.jpg 2048w, https:\/\/www.santjosep.net\/wp-content\/uploads\/2022\/11\/Beach-Polo3-1-300x214.jpg 300w, https:\/\/www.santjosep.net\/wp-content\/uploads\/2022\/11\/Beach-Polo3-1-1024x732.jpg 1024w, https:\/\/www.santjosep.net\/wp-content\/uploads\/2022\/11\/Beach-Polo3-1-768x549.jpg 768w, https:\/\/www.santjosep.net\/wp-content\/uploads\/2022\/11\/Beach-Polo3-1-1536x1097.jpg 1536w\" sizes=\"auto, (max-width: 300px) 100vw, 300px\" \/>\n\t\t<div class=\"figc no-description\">\n\t\t\t<div class=\"figc-inner\">\n\t\t\t\t\t\t\t\t\t\t\t\t\t\t\t<\/div>\n\t\t<\/div>\n\n\t<\/div>\n\n<\/div><div class=\"modula-item effect-pufrobo\" data-width=\"5\" data-height=\"5\" >\n\t<div class=\"modula-item-overlay\"><\/div>\n\n\t<div class=\"modula-item-content\">\n\n\t\t\t\t\n\t\t\t\t\t<a data-image-id=\"33603\" tabindex=\"0\" rel=\"jtg-33592\" data-caption=\"\" aria-label=\"Open image in lightbox\" role=\"button\" class=\"tile-inner modula-item-link\"><\/a>\n\t\t\n\t\t<img loading=\"lazy\" decoding=\"async\" class=\"pic wp-image-33603\"  data-valign=\"middle\" data-halign=\"center\" alt=\"\" data-full=\"https:\/\/www.santjosep.net\/wp-content\/uploads\/2022\/11\/Beach-Polo4-1.jpg\" title=\"Beach Polo4\" width=\"300\" height=\"200\" src=\"https:\/\/www.santjosep.net\/wp-content\/uploads\/2022\/11\/Beach-Polo4-1-300x200.jpg\" data-src=\"https:\/\/www.santjosep.net\/wp-content\/uploads\/2022\/11\/Beach-Polo4-1-300x200.jpg\" data-caption=\"\" srcset=\"https:\/\/www.santjosep.net\/wp-content\/uploads\/2022\/11\/Beach-Polo4-1.jpg 2048w, https:\/\/www.santjosep.net\/wp-content\/uploads\/2022\/11\/Beach-Polo4-1-300x200.jpg 300w, https:\/\/www.santjosep.net\/wp-content\/uploads\/2022\/11\/Beach-Polo4-1-1024x683.jpg 1024w, https:\/\/www.santjosep.net\/wp-content\/uploads\/2022\/11\/Beach-Polo4-1-768x512.jpg 768w, https:\/\/www.santjosep.net\/wp-content\/uploads\/2022\/11\/Beach-Polo4-1-1536x1024.jpg 1536w\" sizes=\"auto, (max-width: 300px) 100vw, 300px\" \/>\n\t\t<div class=\"figc no-description\">\n\t\t\t<div class=\"figc-inner\">\n\t\t\t\t\t\t\t\t\t\t\t\t\t\t\t<\/div>\n\t\t<\/div>\n\n\t<\/div>\n\n<\/div><div class=\"modula-item effect-pufrobo\" data-width=\"7\" data-height=\"5\" >\n\t<div class=\"modula-item-overlay\"><\/div>\n\n\t<div class=\"modula-item-content\">\n\n\t\t\t\t\n\t\t\t\t\t<a data-image-id=\"33608\" tabindex=\"0\" rel=\"jtg-33592\" data-caption=\"\" aria-label=\"Open image in lightbox\" role=\"button\" class=\"tile-inner modula-item-link\"><\/a>\n\t\t\n\t\t<img loading=\"lazy\" decoding=\"async\" class=\"pic wp-image-33608\"  data-valign=\"middle\" data-halign=\"center\" alt=\"\" data-full=\"https:\/\/www.santjosep.net\/wp-content\/uploads\/2022\/11\/Beach-Polo5-1.jpg\" title=\"Beach Polo5\" width=\"300\" height=\"169\" src=\"https:\/\/www.santjosep.net\/wp-content\/uploads\/2022\/11\/Beach-Polo5-1-300x169.jpg\" data-src=\"https:\/\/www.santjosep.net\/wp-content\/uploads\/2022\/11\/Beach-Polo5-1-300x169.jpg\" data-caption=\"\" srcset=\"https:\/\/www.santjosep.net\/wp-content\/uploads\/2022\/11\/Beach-Polo5-1.jpg 2048w, https:\/\/www.santjosep.net\/wp-content\/uploads\/2022\/11\/Beach-Polo5-1-300x169.jpg 300w, https:\/\/www.santjosep.net\/wp-content\/uploads\/2022\/11\/Beach-Polo5-1-1024x576.jpg 1024w, https:\/\/www.santjosep.net\/wp-content\/uploads\/2022\/11\/Beach-Polo5-1-768x432.jpg 768w, https:\/\/www.santjosep.net\/wp-content\/uploads\/2022\/11\/Beach-Polo5-1-1536x864.jpg 1536w\" sizes=\"auto, (max-width: 300px) 100vw, 300px\" \/>\n\t\t<div class=\"figc no-description\">\n\t\t\t<div class=\"figc-inner\">\n\t\t\t\t\t\t\t\t\t\t\t\t\t\t\t<\/div>\n\t\t<\/div>\n\n\t<\/div>\n\n<\/div>\t\t\n\t<\/div>\n\n\t\n\t\n\t<script type=\"application\/ld+json\">\n\t{\n\t\t\"@context\": \"http:\/\/schema.org\",\n\t\t\"@type\"   : \"ImageGallery\",\n\t\t\"id\"      : \"https:\/\/www.santjosep.net\/ca\/turisme-actiu\/competicio-beach-polo\/\",\n\t\t\"url\"     : \"https:\/\/www.santjosep.net\/ca\/turisme-actiu\/competicio-beach-polo\/\"\n\t}\n\n\t<\/script>\n\n\t\n<\/div>\n[\/vc_column_text][vc_column_text]El torneig ha esdevingut ja un cl\u00e0ssic per a molts equips, que l\u2019esperen per finalitzar les seves temporades esportives; a m\u00e9s de viure un cap de setmana ple de competici\u00f3 i esportivitat, col\u00b7laboren amb una bona causa solid\u00e0ria. Des de l\u2019any 2010, cada equip paga una inscripci\u00f3 de cent euros per participar en la prova, i tota aquesta recaptaci\u00f3 es destina a la iniciativa \u201c<a href=\"https:\/\/mojateporlaem.org\/\" target=\"_blank\" rel=\"noopener\">Mulla\u2019t per l\u2019esclerosi<\/a>\u201d, que promou <a href=\"https:\/\/aemif.es\/home\/\" target=\"_blank\" rel=\"noopener\">AEMIF<\/a>.[\/vc_column_text][\/vc_column][\/vc_row][vc_row enable_hue_rotation=&#8221;no&#8221; enable_text_marquee=&#8221;no&#8221; el_class=&#8221;partfullgrid&#8221;][vc_column][vc_video link=&#8221;https:\/\/vimeo.com\/766918496&#8243;][\/vc_column][\/vc_row]<\/p>\n<\/div>","protected":false},"excerpt":{"rendered":"<p>[vc_row enable_hue_rotation=&#8221;no&#8221; enable_text_marquee=&#8221;no&#8221;][vc_column][vc_column_text]Cada any, la platja de Port des Torrent esdev\u00e9 l\u2019escenari id\u00edl\u00b7lic per a la celebraci\u00f3 del Beach Polo Sant Josep, que t\u00e9 lloc durant tot un cap de setmana del mes de juliol. Aquesta competici\u00f3 de mar, que [&hellip;]<\/p>\n","protected":false},"author":1,"featured_media":33537,"parent":12393,"menu_order":0,"comment_status":"closed","ping_status":"closed","template":"page-actividad.php","meta":{"_acf_changed":false,"inline_featured_image":false,"footnotes":""},"categoria_pagina":[],"class_list":["post-33829","page","type-page","status-publish","has-post-thumbnail","hentry"],"acf":[],"yoast_head":"<!-- This site is optimized with the Yoast SEO plugin v25.7 - https:\/\/yoast.com\/wordpress\/plugins\/seo\/ -->\n<title>Competici\u00f3 Beach Polo - Santjosep.net<\/title>\n<meta name=\"robots\" content=\"index, follow, max-snippet:-1, max-image-preview:large, max-video-preview:-1\" \/>\n<link rel=\"canonical\" href=\"https:\/\/www.santjosep.net\/ca\/turisme-actiu\/competicio-beach-polo\/\" \/>\n<meta property=\"og:locale\" content=\"ca_ES\" \/>\n<meta property=\"og:type\" content=\"article\" \/>\n<meta property=\"og:title\" content=\"Competici\u00f3 Beach Polo - Santjosep.net\" \/>\n<meta property=\"og:description\" content=\"[vc_row enable_hue_rotation=&#8221;no&#8221; enable_text_marquee=&#8221;no&#8221;][vc_column][vc_column_text]Cada any, la platja de Port des Torrent esdev\u00e9 l\u2019escenari id\u00edl\u00b7lic per a la celebraci\u00f3 del Beach Polo Sant Josep, que t\u00e9 lloc durant tot un cap de setmana del mes de juliol. Aquesta competici\u00f3 de mar, que [&hellip;]\" \/>\n<meta property=\"og:url\" content=\"https:\/\/www.santjosep.net\/ca\/turisme-actiu\/competicio-beach-polo\/\" \/>\n<meta property=\"og:site_name\" content=\"Santjosep.net\" \/>\n<meta property=\"article:modified_time\" content=\"2022-11-17T12:48:14+00:00\" \/>\n<meta property=\"og:image\" content=\"https:\/\/www.santjosep.net\/wp-content\/uploads\/2022\/11\/293998780_349957187310274_1014414497439133490_n.jpg\" \/>\n\t<meta property=\"og:image:width\" content=\"2048\" \/>\n\t<meta property=\"og:image:height\" content=\"1536\" \/>\n\t<meta property=\"og:image:type\" content=\"image\/jpeg\" \/>\n<meta name=\"twitter:card\" content=\"summary_large_image\" \/>\n<meta name=\"twitter:label1\" content=\"Temps estimat de lectura\" \/>\n\t<meta name=\"twitter:data1\" content=\"1 minut\" \/>\n<script type=\"application\/ld+json\" class=\"yoast-schema-graph\">{\"@context\":\"https:\/\/schema.org\",\"@graph\":[{\"@type\":\"WebPage\",\"@id\":\"https:\/\/www.santjosep.net\/ca\/turisme-actiu\/competicio-beach-polo\/\",\"url\":\"https:\/\/www.santjosep.net\/ca\/turisme-actiu\/competicio-beach-polo\/\",\"name\":\"Competici\u00f3 Beach Polo - Santjosep.net\",\"isPartOf\":{\"@id\":\"https:\/\/www.santjosep.net\/#website\"},\"primaryImageOfPage\":{\"@id\":\"https:\/\/www.santjosep.net\/ca\/turisme-actiu\/competicio-beach-polo\/#primaryimage\"},\"image\":{\"@id\":\"https:\/\/www.santjosep.net\/ca\/turisme-actiu\/competicio-beach-polo\/#primaryimage\"},\"thumbnailUrl\":\"https:\/\/www.santjosep.net\/wp-content\/uploads\/2022\/11\/293998780_349957187310274_1014414497439133490_n.jpg\",\"datePublished\":\"2022-11-03T14:02:12+00:00\",\"dateModified\":\"2022-11-17T12:48:14+00:00\",\"breadcrumb\":{\"@id\":\"https:\/\/www.santjosep.net\/ca\/turisme-actiu\/competicio-beach-polo\/#breadcrumb\"},\"inLanguage\":\"ca\",\"potentialAction\":[{\"@type\":\"ReadAction\",\"target\":[\"https:\/\/www.santjosep.net\/ca\/turisme-actiu\/competicio-beach-polo\/\"]}]},{\"@type\":\"ImageObject\",\"inLanguage\":\"ca\",\"@id\":\"https:\/\/www.santjosep.net\/ca\/turisme-actiu\/competicio-beach-polo\/#primaryimage\",\"url\":\"https:\/\/www.santjosep.net\/wp-content\/uploads\/2022\/11\/293998780_349957187310274_1014414497439133490_n.jpg\",\"contentUrl\":\"https:\/\/www.santjosep.net\/wp-content\/uploads\/2022\/11\/293998780_349957187310274_1014414497439133490_n.jpg\",\"width\":2048,\"height\":1536},{\"@type\":\"BreadcrumbList\",\"@id\":\"https:\/\/www.santjosep.net\/ca\/turisme-actiu\/competicio-beach-polo\/#breadcrumb\",\"itemListElement\":[{\"@type\":\"ListItem\",\"position\":1,\"name\":\"Turisme actiu\",\"item\":\"https:\/\/www.santjosep.net\/ca\/turisme-actiu\/\"},{\"@type\":\"ListItem\",\"position\":2,\"name\":\"Competici\u00f3 Beach Polo\"}]},{\"@type\":\"WebSite\",\"@id\":\"https:\/\/www.santjosep.net\/#website\",\"url\":\"https:\/\/www.santjosep.net\/\",\"name\":\"Santjosep.net\",\"description\":\"\",\"potentialAction\":[{\"@type\":\"SearchAction\",\"target\":{\"@type\":\"EntryPoint\",\"urlTemplate\":\"https:\/\/www.santjosep.net\/?s={search_term_string}\"},\"query-input\":{\"@type\":\"PropertyValueSpecification\",\"valueRequired\":true,\"valueName\":\"search_term_string\"}}],\"inLanguage\":\"ca\"}]}<\/script>\n<!-- \/ Yoast SEO plugin. -->","yoast_head_json":{"title":"Competici\u00f3 Beach Polo - Santjosep.net","robots":{"index":"index","follow":"follow","max-snippet":"max-snippet:-1","max-image-preview":"max-image-preview:large","max-video-preview":"max-video-preview:-1"},"canonical":"https:\/\/www.santjosep.net\/ca\/turisme-actiu\/competicio-beach-polo\/","og_locale":"ca_ES","og_type":"article","og_title":"Competici\u00f3 Beach Polo - Santjosep.net","og_description":"[vc_row enable_hue_rotation=&#8221;no&#8221; enable_text_marquee=&#8221;no&#8221;][vc_column][vc_column_text]Cada any, la platja de Port des Torrent esdev\u00e9 l\u2019escenari id\u00edl\u00b7lic per a la celebraci\u00f3 del Beach Polo Sant Josep, que t\u00e9 lloc durant tot un cap de setmana del mes de juliol. Aquesta competici\u00f3 de mar, que [&hellip;]","og_url":"https:\/\/www.santjosep.net\/ca\/turisme-actiu\/competicio-beach-polo\/","og_site_name":"Santjosep.net","article_modified_time":"2022-11-17T12:48:14+00:00","og_image":[{"width":2048,"height":1536,"url":"https:\/\/www.santjosep.net\/wp-content\/uploads\/2022\/11\/293998780_349957187310274_1014414497439133490_n.jpg","type":"image\/jpeg"}],"twitter_card":"summary_large_image","twitter_misc":{"Temps estimat de lectura":"1 minut"},"schema":{"@context":"https:\/\/schema.org","@graph":[{"@type":"WebPage","@id":"https:\/\/www.santjosep.net\/ca\/turisme-actiu\/competicio-beach-polo\/","url":"https:\/\/www.santjosep.net\/ca\/turisme-actiu\/competicio-beach-polo\/","name":"Competici\u00f3 Beach Polo - Santjosep.net","isPartOf":{"@id":"https:\/\/www.santjosep.net\/#website"},"primaryImageOfPage":{"@id":"https:\/\/www.santjosep.net\/ca\/turisme-actiu\/competicio-beach-polo\/#primaryimage"},"image":{"@id":"https:\/\/www.santjosep.net\/ca\/turisme-actiu\/competicio-beach-polo\/#primaryimage"},"thumbnailUrl":"https:\/\/www.santjosep.net\/wp-content\/uploads\/2022\/11\/293998780_349957187310274_1014414497439133490_n.jpg","datePublished":"2022-11-03T14:02:12+00:00","dateModified":"2022-11-17T12:48:14+00:00","breadcrumb":{"@id":"https:\/\/www.santjosep.net\/ca\/turisme-actiu\/competicio-beach-polo\/#breadcrumb"},"inLanguage":"ca","potentialAction":[{"@type":"ReadAction","target":["https:\/\/www.santjosep.net\/ca\/turisme-actiu\/competicio-beach-polo\/"]}]},{"@type":"ImageObject","inLanguage":"ca","@id":"https:\/\/www.santjosep.net\/ca\/turisme-actiu\/competicio-beach-polo\/#primaryimage","url":"https:\/\/www.santjosep.net\/wp-content\/uploads\/2022\/11\/293998780_349957187310274_1014414497439133490_n.jpg","contentUrl":"https:\/\/www.santjosep.net\/wp-content\/uploads\/2022\/11\/293998780_349957187310274_1014414497439133490_n.jpg","width":2048,"height":1536},{"@type":"BreadcrumbList","@id":"https:\/\/www.santjosep.net\/ca\/turisme-actiu\/competicio-beach-polo\/#breadcrumb","itemListElement":[{"@type":"ListItem","position":1,"name":"Turisme actiu","item":"https:\/\/www.santjosep.net\/ca\/turisme-actiu\/"},{"@type":"ListItem","position":2,"name":"Competici\u00f3 Beach Polo"}]},{"@type":"WebSite","@id":"https:\/\/www.santjosep.net\/#website","url":"https:\/\/www.santjosep.net\/","name":"Santjosep.net","description":"","potentialAction":[{"@type":"SearchAction","target":{"@type":"EntryPoint","urlTemplate":"https:\/\/www.santjosep.net\/?s={search_term_string}"},"query-input":{"@type":"PropertyValueSpecification","valueRequired":true,"valueName":"search_term_string"}}],"inLanguage":"ca"}]}},"_links":{"self":[{"href":"https:\/\/www.santjosep.net\/ca\/wp-json\/wp\/v2\/pages\/33829","targetHints":{"allow":["GET"]}}],"collection":[{"href":"https:\/\/www.santjosep.net\/ca\/wp-json\/wp\/v2\/pages"}],"about":[{"href":"https:\/\/www.santjosep.net\/ca\/wp-json\/wp\/v2\/types\/page"}],"author":[{"embeddable":true,"href":"https:\/\/www.santjosep.net\/ca\/wp-json\/wp\/v2\/users\/1"}],"replies":[{"embeddable":true,"href":"https:\/\/www.santjosep.net\/ca\/wp-json\/wp\/v2\/comments?post=33829"}],"version-history":[{"count":0,"href":"https:\/\/www.santjosep.net\/ca\/wp-json\/wp\/v2\/pages\/33829\/revisions"}],"up":[{"embeddable":true,"href":"https:\/\/www.santjosep.net\/ca\/wp-json\/wp\/v2\/pages\/12393"}],"wp:featuredmedia":[{"embeddable":true,"href":"https:\/\/www.santjosep.net\/ca\/wp-json\/wp\/v2\/media\/33537"}],"wp:attachment":[{"href":"https:\/\/www.santjosep.net\/ca\/wp-json\/wp\/v2\/media?parent=33829"}],"wp:term":[{"taxonomy":"categoria_pagina","embeddable":true,"href":"https:\/\/www.santjosep.net\/ca\/wp-json\/wp\/v2\/categoria_pagina?post=33829"}],"curies":[{"name":"wp","href":"https:\/\/api.w.org\/{rel}","templated":true}]}}