{"id":31176,"date":"2022-01-13T14:17:04","date_gmt":"2022-01-13T13:17:04","guid":{"rendered":"https:\/\/www.santjosep.net\/rutas-ses-salines\/"},"modified":"2022-11-04T13:13:29","modified_gmt":"2022-11-04T12:13:29","slug":"rutes-ses-salines","status":"publish","type":"page","link":"https:\/\/www.santjosep.net\/ca\/rutes-ses-salines\/","title":{"rendered":"Rutes al Parc Natural de ses Salines"},"content":{"rendered":"<div class=\"wpb-content-wrapper\"><p>[vc_row enable_hue_rotation=&#8221;no&#8221; enable_text_marquee=&#8221;no&#8221; css=&#8221;.vc_custom_1642581279650{padding-top: 50px !important;padding-bottom: 50px !important;}&#8221;][vc_column][vc_column_text]<\/p>\n<h2>La naturalesa, la hist\u00f2ria i la cultura surten a la trobada del caminante<\/h2>\n<p>Descobreix les rutes pel <strong>Parc Natural de ses Salines<\/strong>, en les quals el passejant anir\u00e0 trobant-se senyalitzacions amb informaci\u00f3 de la flora, la fauna o la hist\u00f2ria del lloc.[\/vc_column_text][\/vc_column][\/vc_row][vc_row enable_hue_rotation=&#8221;no&#8221; enable_text_marquee=&#8221;no&#8221; el_class=&#8221;partfullgrid&#8221;][vc_column][vc_basic_grid post_type=&#8221;ids&#8221; element_width=&#8221;6&#8243; item=&#8221;20128&#8243; grid_id=&#8221;vc_gid:1667563991725-280d1e85-79d4-7&#8243; include=&#8221;30200, 31038, 29200&#8243;][\/vc_column][\/vc_row][vc_row enable_hue_rotation=&#8221;no&#8221; enable_text_marquee=&#8221;no&#8221; css=&#8221;.vc_custom_1667553045300{padding-top: 50px !important;padding-bottom: 50px !important;}&#8221; el_class=&#8221;partfullgrid&#8221; el_id=&#8221;colab&#8221;][vc_column width=&#8221;1\/6&#8243;][vc_column_text]<\/p>\n<h3>Col\u00b7laboren:<\/h3>\n<p>[\/vc_column_text][\/vc_column][vc_column width=&#8221;1\/6&#8243;][vc_single_image image=&#8221;33706&#8243; img_size=&#8221;medium&#8221;][\/vc_column][vc_column width=&#8221;1\/6&#8243;][vc_single_image image=&#8221;33711&#8243; img_size=&#8221;&#8221;][\/vc_column][vc_column width=&#8221;1\/6&#8243;][\/vc_column][vc_column width=&#8221;1\/6&#8243;][\/vc_column][vc_column width=&#8221;1\/6&#8243;][\/vc_column][\/vc_row]<\/p>\n<\/div>","protected":false},"excerpt":{"rendered":"<p>[vc_row enable_hue_rotation=&#8221;no&#8221; enable_text_marquee=&#8221;no&#8221; css=&#8221;.vc_custom_1642581279650{padding-top: 50px !important;padding-bottom: 50px !important;}&#8221;][vc_column][vc_column_text] La naturalesa, la hist\u00f2ria i la cultura surten a la trobada del caminante Descobreix les rutes pel Parc Natural de ses Salines, en les quals el passejant anir\u00e0 trobant-se senyalitzacions amb informaci\u00f3 [&hellip;]<\/p>\n","protected":false},"author":1,"featured_media":31168,"parent":0,"menu_order":0,"comment_status":"closed","ping_status":"closed","template":"page-ruta.php","meta":{"_acf_changed":false,"inline_featured_image":false,"footnotes":""},"categoria_pagina":[],"class_list":["post-31176","page","type-page","status-publish","has-post-thumbnail","hentry"],"acf":[],"yoast_head":"<!-- This site is optimized with the Yoast SEO plugin v25.7 - https:\/\/yoast.com\/wordpress\/plugins\/seo\/ -->\n<title>Rutes al Parc Natural de ses Salines - Santjosep.net<\/title>\n<meta name=\"robots\" content=\"index, follow, max-snippet:-1, max-image-preview:large, max-video-preview:-1\" \/>\n<link rel=\"canonical\" href=\"https:\/\/www.santjosep.net\/ca\/rutes-ses-salines\/\" \/>\n<meta property=\"og:locale\" content=\"ca_ES\" \/>\n<meta property=\"og:type\" content=\"article\" \/>\n<meta property=\"og:title\" content=\"Rutes al Parc Natural de ses Salines - Santjosep.net\" \/>\n<meta property=\"og:description\" content=\"[vc_row enable_hue_rotation=&#8221;no&#8221; enable_text_marquee=&#8221;no&#8221; css=&#8221;.vc_custom_1642581279650{padding-top: 50px !important;padding-bottom: 50px !important;}&#8221;][vc_column][vc_column_text] La naturalesa, la hist\u00f2ria i la cultura surten a la trobada del caminante Descobreix les rutes pel Parc Natural de ses Salines, en les quals el passejant anir\u00e0 trobant-se senyalitzacions amb informaci\u00f3 [&hellip;]\" \/>\n<meta property=\"og:url\" content=\"https:\/\/www.santjosep.net\/ca\/rutes-ses-salines\/\" \/>\n<meta property=\"og:site_name\" content=\"Santjosep.net\" \/>\n<meta property=\"article:modified_time\" content=\"2022-11-04T12:13:29+00:00\" \/>\n<meta property=\"og:image\" content=\"https:\/\/www.santjosep.net\/wp-content\/uploads\/2022\/01\/Rutas-Salinas-1024x768.jpg\" \/>\n\t<meta property=\"og:image:width\" content=\"1024\" \/>\n\t<meta property=\"og:image:height\" content=\"768\" \/>\n\t<meta property=\"og:image:type\" content=\"image\/jpeg\" \/>\n<meta name=\"twitter:card\" content=\"summary_large_image\" \/>\n<meta name=\"twitter:label1\" content=\"Temps estimat de lectura\" \/>\n\t<meta name=\"twitter:data1\" content=\"1 minut\" \/>\n<script type=\"application\/ld+json\" class=\"yoast-schema-graph\">{\"@context\":\"https:\/\/schema.org\",\"@graph\":[{\"@type\":\"WebPage\",\"@id\":\"https:\/\/www.santjosep.net\/ca\/rutes-ses-salines\/\",\"url\":\"https:\/\/www.santjosep.net\/ca\/rutes-ses-salines\/\",\"name\":\"Rutes al Parc Natural de ses Salines - Santjosep.net\",\"isPartOf\":{\"@id\":\"https:\/\/www.santjosep.net\/#website\"},\"primaryImageOfPage\":{\"@id\":\"https:\/\/www.santjosep.net\/ca\/rutes-ses-salines\/#primaryimage\"},\"image\":{\"@id\":\"https:\/\/www.santjosep.net\/ca\/rutes-ses-salines\/#primaryimage\"},\"thumbnailUrl\":\"https:\/\/www.santjosep.net\/wp-content\/uploads\/2022\/01\/Rutas-Salinas.jpg\",\"datePublished\":\"2022-01-13T13:17:04+00:00\",\"dateModified\":\"2022-11-04T12:13:29+00:00\",\"inLanguage\":\"ca\",\"potentialAction\":[{\"@type\":\"ReadAction\",\"target\":[\"https:\/\/www.santjosep.net\/ca\/rutes-ses-salines\/\"]}]},{\"@type\":\"ImageObject\",\"inLanguage\":\"ca\",\"@id\":\"https:\/\/www.santjosep.net\/ca\/rutes-ses-salines\/#primaryimage\",\"url\":\"https:\/\/www.santjosep.net\/wp-content\/uploads\/2022\/01\/Rutas-Salinas.jpg\",\"contentUrl\":\"https:\/\/www.santjosep.net\/wp-content\/uploads\/2022\/01\/Rutas-Salinas.jpg\",\"width\":2200,\"height\":1650,\"caption\":\"DCIM\/100MEDIA\/DJI_0391.JPG\"},{\"@type\":\"WebSite\",\"@id\":\"https:\/\/www.santjosep.net\/#website\",\"url\":\"https:\/\/www.santjosep.net\/\",\"name\":\"Santjosep.net\",\"description\":\"\",\"potentialAction\":[{\"@type\":\"SearchAction\",\"target\":{\"@type\":\"EntryPoint\",\"urlTemplate\":\"https:\/\/www.santjosep.net\/?s={search_term_string}\"},\"query-input\":{\"@type\":\"PropertyValueSpecification\",\"valueRequired\":true,\"valueName\":\"search_term_string\"}}],\"inLanguage\":\"ca\"}]}<\/script>\n<!-- \/ Yoast SEO plugin. -->","yoast_head_json":{"title":"Rutes al Parc Natural de ses Salines - Santjosep.net","robots":{"index":"index","follow":"follow","max-snippet":"max-snippet:-1","max-image-preview":"max-image-preview:large","max-video-preview":"max-video-preview:-1"},"canonical":"https:\/\/www.santjosep.net\/ca\/rutes-ses-salines\/","og_locale":"ca_ES","og_type":"article","og_title":"Rutes al Parc Natural de ses Salines - Santjosep.net","og_description":"[vc_row enable_hue_rotation=&#8221;no&#8221; enable_text_marquee=&#8221;no&#8221; css=&#8221;.vc_custom_1642581279650{padding-top: 50px !important;padding-bottom: 50px !important;}&#8221;][vc_column][vc_column_text] La naturalesa, la hist\u00f2ria i la cultura surten a la trobada del caminante Descobreix les rutes pel Parc Natural de ses Salines, en les quals el passejant anir\u00e0 trobant-se senyalitzacions amb informaci\u00f3 [&hellip;]","og_url":"https:\/\/www.santjosep.net\/ca\/rutes-ses-salines\/","og_site_name":"Santjosep.net","article_modified_time":"2022-11-04T12:13:29+00:00","og_image":[{"width":1024,"height":768,"url":"https:\/\/www.santjosep.net\/wp-content\/uploads\/2022\/01\/Rutas-Salinas-1024x768.jpg","type":"image\/jpeg"}],"twitter_card":"summary_large_image","twitter_misc":{"Temps estimat de lectura":"1 minut"},"schema":{"@context":"https:\/\/schema.org","@graph":[{"@type":"WebPage","@id":"https:\/\/www.santjosep.net\/ca\/rutes-ses-salines\/","url":"https:\/\/www.santjosep.net\/ca\/rutes-ses-salines\/","name":"Rutes al Parc Natural de ses Salines - Santjosep.net","isPartOf":{"@id":"https:\/\/www.santjosep.net\/#website"},"primaryImageOfPage":{"@id":"https:\/\/www.santjosep.net\/ca\/rutes-ses-salines\/#primaryimage"},"image":{"@id":"https:\/\/www.santjosep.net\/ca\/rutes-ses-salines\/#primaryimage"},"thumbnailUrl":"https:\/\/www.santjosep.net\/wp-content\/uploads\/2022\/01\/Rutas-Salinas.jpg","datePublished":"2022-01-13T13:17:04+00:00","dateModified":"2022-11-04T12:13:29+00:00","inLanguage":"ca","potentialAction":[{"@type":"ReadAction","target":["https:\/\/www.santjosep.net\/ca\/rutes-ses-salines\/"]}]},{"@type":"ImageObject","inLanguage":"ca","@id":"https:\/\/www.santjosep.net\/ca\/rutes-ses-salines\/#primaryimage","url":"https:\/\/www.santjosep.net\/wp-content\/uploads\/2022\/01\/Rutas-Salinas.jpg","contentUrl":"https:\/\/www.santjosep.net\/wp-content\/uploads\/2022\/01\/Rutas-Salinas.jpg","width":2200,"height":1650,"caption":"DCIM\/100MEDIA\/DJI_0391.JPG"},{"@type":"WebSite","@id":"https:\/\/www.santjosep.net\/#website","url":"https:\/\/www.santjosep.net\/","name":"Santjosep.net","description":"","potentialAction":[{"@type":"SearchAction","target":{"@type":"EntryPoint","urlTemplate":"https:\/\/www.santjosep.net\/?s={search_term_string}"},"query-input":{"@type":"PropertyValueSpecification","valueRequired":true,"valueName":"search_term_string"}}],"inLanguage":"ca"}]}},"_links":{"self":[{"href":"https:\/\/www.santjosep.net\/ca\/wp-json\/wp\/v2\/pages\/31176","targetHints":{"allow":["GET"]}}],"collection":[{"href":"https:\/\/www.santjosep.net\/ca\/wp-json\/wp\/v2\/pages"}],"about":[{"href":"https:\/\/www.santjosep.net\/ca\/wp-json\/wp\/v2\/types\/page"}],"author":[{"embeddable":true,"href":"https:\/\/www.santjosep.net\/ca\/wp-json\/wp\/v2\/users\/1"}],"replies":[{"embeddable":true,"href":"https:\/\/www.santjosep.net\/ca\/wp-json\/wp\/v2\/comments?post=31176"}],"version-history":[{"count":0,"href":"https:\/\/www.santjosep.net\/ca\/wp-json\/wp\/v2\/pages\/31176\/revisions"}],"wp:featuredmedia":[{"embeddable":true,"href":"https:\/\/www.santjosep.net\/ca\/wp-json\/wp\/v2\/media\/31168"}],"wp:attachment":[{"href":"https:\/\/www.santjosep.net\/ca\/wp-json\/wp\/v2\/media?parent=31176"}],"wp:term":[{"taxonomy":"categoria_pagina","embeddable":true,"href":"https:\/\/www.santjosep.net\/ca\/wp-json\/wp\/v2\/categoria_pagina?post=31176"}],"curies":[{"name":"wp","href":"https:\/\/api.w.org\/{rel}","templated":true}]}}