{"id":28290,"date":"2022-01-04T15:21:49","date_gmt":"2022-01-04T14:21:49","guid":{"rendered":"https:\/\/www.santjosep.net\/activitats-esportives\/snorkel\/ruta-snorkel-cala-codolar\/"},"modified":"2025-10-02T11:48:59","modified_gmt":"2025-10-02T09:48:59","slug":"ruta-snorkel-cala-codolar","status":"publish","type":"page","link":"https:\/\/www.santjosep.net\/ca\/turisme-actiu\/snorkel\/ruta-snorkel-cala-codolar\/","title":{"rendered":"Cala Codolar"},"content":{"rendered":"<div class=\"wpb-content-wrapper\"><p>[vc_row enable_hue_rotation=&#8221;no&#8221; enable_text_marquee=&#8221;no&#8221; el_id=&#8221;b1-fichaSnorkel&#8221; css=&#8221;.vc_custom_1759139254701{margin-bottom: 30px !important;}&#8221;][vc_column width=&#8221;7\/12&#8243;][vc_column_text css=&#8221;.vc_custom_1759398402635{margin-top: 0px !important;margin-right: 0px !important;margin-bottom: 0px !important;margin-left: 0px !important;padding-bottom: 2% !important;}&#8221;]<\/p>\n<h2>Cala Codolar<\/h2>\n<h3><a href=\"https:\/\/www.santjosep.net\/ca\/activitats-esportives\/snorkel\/\">Rutes Snorkel<\/a><\/h3>\n<p>[\/vc_column_text][\/vc_column][vc_column width=&#8221;1\/12&#8243;][\/vc_column][vc_column width=&#8221;4\/12&#8243;][vc_raw_html css=&#8221;&#8221;]JTNDYSUyMGNsYXNzJTNEJTIyZ2FsbGVyeUJ0biUyMGNvZG9sYXItZ2FsJTIyJTNFJTBBJTIwJTIwJTIwJTIwJTNDc3BhbiUyMGNsYXNzJTNEJTIyZWRndGYtaWNvbi1mb250LWF3ZXNvbWUlMjBmYSUyMGZhLXBob3RvJTIwZWRndGYtaWNvbi1lbGVtZW50JTIyJTNFJTNDJTJGc3BhbiUzRSUwQSUyMCUyMCUyMCUyMCUzQ3NwYW4lMjBjbGFzcyUzRCUyMmxpbmtnYWwlMjIlM0VHYWxlcmlhJTIwZCUyN2ltYXRnZXMlM0MlMkZzcGFuJTNFJTBBJTNDJTJGYSUzRQ==[\/vc_raw_html][\/vc_column][\/vc_row][vc_row enable_hue_rotation=&#8221;no&#8221; enable_text_marquee=&#8221;no&#8221; css=&#8221;.vc_custom_1759141761275{margin-bottom: 40px !important;}&#8221;][vc_column width=&#8221;7\/12&#8243;][vc_column_text css=&#8221;&#8221;]En el litoral oest de Sant Josep, prop de <a href=\"https:\/\/www.santjosep.net\/ca\/veure\/platges\/cala-llentia\/\" rel=\"noopener\">cala Llentia<\/a> hi trobam <a href=\"https:\/\/www.santjosep.net\/ca\/veure\/platges\/platja-des-codolar\/\" rel=\"noopener\">cala Codolar<\/a>, un altre rac\u00f3 magn\u00edfic que \u00e9s dest\u00ed perfecte per a la immersi\u00f3 lleugera o el senderisme aqu\u00e0tic, com tamb\u00e9 ens agrada anomenar-lo.<\/p>\n<p>Com sol succeir en aquestes cales, s\u00f3n diverses les opcions de recorregut per\u00f2, existint un canal per a embarcacions a la part esquerra, el millor \u00e9s evitar-lo i dirigir-nos a la part dreta. Ja sabeu que els canals d\u2019acc\u00e9s per a les taules de surf de vela, motos d\u2019aigua, velers, embarcacions de motor, etc., s\u00f3n zones prohibides per al bany i destinades a donar acc\u00e9s a la platja als usuaris dels esports n\u00e0utics.<\/p>\n<p>Doncs b\u00e9, en entrar a l\u2019aigua trobam un fons poc profund esquitxat de roques mitjanes, generalment cobertes d\u2019algues marrons i altres de to blanquin\u00f3s com <i>Padina pavonica<\/i>.[\/vc_column_text][\/vc_column][vc_column width=&#8221;1\/12&#8243;][\/vc_column][vc_column width=&#8221;4\/12&#8243;][vc_raw_html css=&#8221;&#8221;]JTNDZGl2JTIwY2xhc3MlM0QlMjJiZWFjaEluZm9JdGVtJTIyJTNFJTBEJTBBJTIwJTIwJTNDZGl2JTIwY2xhc3MlM0QlMjJpY29uJTIyJTNFJTBEJTBBJTIwJTIwJTIwJTIwJTNDaW1nJTIwc3JjJTNEJTIyaHR0cHMlM0ElMkYlMkZ3d3cuc2FudGpvc2VwLm5ldCUyRndwLWNvbnRlbnQlMkZ1cGxvYWRzJTJGMjAyNSUyRjA5JTJGbG9jYXRpb24ucG5nJTIyJTIwYWx0JTNEJTIyTG9jYWxpdHphY2klQzMlQjMlMjIlM0UlMEQlMEElMjAlMjAlM0MlMkZkaXYlM0UlMEQlMEElMjAlMjAlM0NhJTIwaHJlZiUzRCUyMiUyM21hcCUyMiUzRVZldXJlJTIwbWFwYSUzQyUyRmElM0UlMEQlMEElM0MlMkZkaXYlM0UlMEQlMEElMEQlMEElM0NkaXYlMjBjbGFzcyUzRCUyMmJlYWNoSW5mb0l0ZW0lMjIlM0UlMEQlMEElMjAlMjAlM0NkaXYlMjBjbGFzcyUzRCUyMmljb24lMjIlM0UlMEQlMEElMjAlMjAlMjAlMjAlM0NpbWclMjBzcmMlM0QlMjJodHRwcyUzQSUyRiUyRnd3dy5zYW50am9zZXAubmV0JTJGd3AtY29udGVudCUyRnVwbG9hZHMlMkYyMDI1JTJGMDklMkZjb21vbGxlZ2FyLnBuZyUyMiUyMGFsdCUzRCUyMkNvbSUyMGFycmliYXItaGklM0YlMjIlM0UlMEQlMEElMjAlMjAlM0MlMkZkaXYlM0UlMEQlMEElMjAlMjAlM0NhJTIwaHJlZiUzRCUyMmh0dHBzJTNBJTJGJTJGd3d3Lmdvb2dsZS5jb20lMkZtYXBzJTJGcGxhY2UlMkYzOCUyNUMyJTI1QjA1NyUyNzAxLjElMjUyMk4lMkIxJTI1QzIlMjVCMDEzJTI3MzkuMSUyNTIyRSUyRiU0MDM4Ljk1MDMlMkMxLjIyNTMzOTMlMkMxMzE0bSUyRmRhdGElM0QlMjEzbTIlMjExZTMlMjE0YjElMjE0bTUlMjEzbTQlMjExczB4MCUzQTB4OWY1M2ZiOTAxM2RhNzdiNSUyMThtMiUyMTNkMzguOTUwMyUyMTRkMS4yMjc1MzMzJTNGaGwlM0RlcyUyNnNob3J0dXJsJTNEMSUyMiUyMHRhcmdldCUzRCUyMl9ibGFuayUyMiUzRUNvbSUyMGFycmliYXItaGklM0YlM0MlMkZhJTNFJTBEJTBBJTNDJTJGZGl2JTNFJTBEJTBBJTBEJTBBJTNDZGl2JTIwY2xhc3MlM0QlMjJiZWFjaEluZm9JdGVtJTIyJTNFJTBEJTBBJTIwJTIwJTNDZGl2JTIwY2xhc3MlM0QlMjJpY29uJTIyJTNFJTBEJTBBJTIwJTIwJTIwJTIwJTNDaW1nJTIwc3JjJTNEJTIyaHR0cHMlM0ElMkYlMkZ3d3cuc2FudGpvc2VwLm5ldCUyRndwLWNvbnRlbnQlMkZ1cGxvYWRzJTJGMjAyNSUyRjA5JTJGc2VuYWwtZTE3NTkzMTE2NTYzMDAucG5nJTIyJTIwYWx0JTNEJTIySW5mb3JtYWNpJUMzJUIzJTIwcGxhdGphJTIwZW4lMjB0ZW1wcyUyMHJlYWwlMjIlM0UlMEQlMEElMjAlMjAlM0MlMkZkaXYlM0UlMEQlMEElMjAlMjAlM0NkaXYlM0UlMEQlMEElMjAlMjAlMjAlMjAlMjAlMjAlM0NwJTIwY2xhc3MlM0QlMjJsZXZlbC10aXRsZSUyMiUzRU5pdmVsbCUzQyUyRnAlM0UlMEQlMEElMjAlMjAlMjAlMjAlMjAlMjAlM0NwJTIwY2xhc3MlM0QlMjJsZXZlbC10ZXh0JTIyJTNFQXZhbiVDMyVBN2F0JTNDJTJGcCUzRSUwRCUwQSUyMCUyMCUzQyUyRmRpdiUzRSUwRCUwQSUzQyUyRmRpdiUzRSUwRCUwQQ==[\/vc_raw_html][vc_column_text css=&#8221;.vc_custom_1759398513539{margin-top: 50px !important;}&#8221; el_class=&#8221;snorkel-recomendations&#8221;]<\/p>\n<h3>Recomendaciones<\/h3>\n<p class=\"recomendation-text\">L\u2019orientaci\u00f3 oest fa que l\u2019afectin els vents de ponent, i en aquest cas no hi hem d\u2019entrar perqu\u00e8 l\u2019aigua s\u2019enterboleix i es forma onatge.<\/p>\n<p>[\/vc_column_text][\/vc_column][\/vc_row][vc_row enable_hue_rotation=&#8221;no&#8221; enable_text_marquee=&#8221;no&#8221; css=&#8221;.vc_custom_1759141829130{margin-bottom: 40px !important;}&#8221;][vc_column][vc_column_text css=&#8221;&#8221;]A mesura que ens allunyam, deixant la paret a la nostra dreta, el fons es presenta com una plataforma escalonada en la qual es distingeixen perfectament els estrats rocosos, que reprodueixen clarament el fenomen geol\u00f2gic que es dona en superf\u00edcie, mentre que a la resta de la cala el fons \u00e9s aren\u00f3s. Al costat de la plataforma sorgeixen pedres de bona grand\u00e0ria que concentren fauna abundant, com sards, fadrins i gobis o cabots que, si en tenen ocasi\u00f3, devoraran amb fru\u00efci\u00f3 els eri\u00e7ons.<\/p>\n<p>L\u2019aigua aqu\u00ed \u00e9s l\u00edmpida, i la roca, m\u00e9s blanca, la qual cosa contribueix a donar m\u00e9s lluminositat a aquest fons. A l\u2019exterior, la costa mostra plecs i fondalades, i davant una d\u2019elles hi ha un escull que emergeix lleument i que \u00e9s la c\u00faspide d\u2019una gran pedra que descansa a cinc metres de fond\u00e0ria. Al seu voltant en trobam moltes altres enterament submergides i plenes de vida, que faran les del\u00edcies dels practicants avan\u00e7ats d\u2019immersi\u00f3 lleugera a qui agradi fer descensos en apnea.[\/vc_column_text][\/vc_column][\/vc_row][vc_row enable_hue_rotation=&#8221;no&#8221; enable_text_marquee=&#8221;no&#8221; css=&#8221;.vc_custom_1759142695136{margin-bottom: 40px !important;}&#8221; el_id=&#8221;infografia&#8221;][vc_column][vc_column_text css=&#8221;.vc_custom_1759389123417{padding-top: 2% !important;}&#8221; el_class=&#8221;snorkel-subtitle&#8221;]<\/p>\n<h3>Infografia<\/h3>\n<p>[\/vc_column_text][vc_single_image image=&#8221;27476&#8243; img_size=&#8221;full&#8221;][\/vc_column][\/vc_row][vc_row enable_hue_rotation=&#8221;no&#8221; enable_text_marquee=&#8221;no&#8221; css=&#8221;.vc_custom_1759141783219{padding-bottom: 5% !important;}&#8221; el_id=&#8221;map&#8221;][vc_column][vc_column_text css=&#8221;.vc_custom_1759389130537{padding-top: 2% !important;padding-bottom: 2% !important;}&#8221; el_class=&#8221;snorkel-subtitle&#8221;]<\/p>\n<div style=\"position: relative;\">\n<p><a style=\"position: absolute; top: -250px;\" name=\"loc\"><\/a><\/p>\n<h3>Ubicaci\u00f3<\/h3>\n<\/div>\n<p>[\/vc_column_text][vc_raw_html css=&#8221;&#8221;]JTNDaWZyYW1lJTIwJTBBJTIwJTIwc3JjJTNEJTIyaHR0cHMlM0ElMkYlMkZ3d3cuZ29vZ2xlLmNvbSUyRm1hcHMlMkZlbWJlZCUzRnBiJTNEJTIxMW0xOCUyMTFtMTIlMjExbTMlMjExZDU3MjAuODc1ODkyMzA4MjAxJTIxMmQxLjIyNTM0NDYxNjMzNzA4MzQlMjEzZDM4Ljk1MDI5OTk3OTU2MjQ1JTIxMm0zJTIxMWYwJTIxMmYwJTIxM2YwJTIxM20yJTIxMWkxMDI0JTIxMmk3NjglMjE0ZjEzLjElMjEzbTMlMjExbTIlMjExczB4MCUyNTNBMHg5ZjUzZmI5MDEzZGE3N2I1JTIxMnpNempDc0RVM0p6QXhMakVpVGlBeHdyQXhNeWN6T1M0eElrVSUyMTVlMCUyMTNtMiUyMTFzZXMlMjEyc2VzJTIxNHYxNjQxMzA1ODA2ODU3JTIxNW0yJTIxMXNlcyUyMTJzZXMlMjIlMjAlMEElMjAlMjB3aWR0aCUzRCUyMjEwMCUyNSUyMiUyMCUwQSUyMCUyMGhlaWdodCUzRCUyMjYwMCUyMiUyMCUwQSUyMCUyMHN0eWxlJTNEJTIyYm9yZGVyJTNBMCUzQiUyMiUyMCUwQSUyMCUyMGFsbG93ZnVsbHNjcmVlbiUzRCUyMiUyMiUyMCUwQSUyMCUyMGxvYWRpbmclM0QlMjJsYXp5JTIyJTNFJTBBJTNDJTJGaWZyYW1lJTNF[\/vc_raw_html][\/vc_column][\/vc_row][vc_row full_width=&#8221;stretch_row_content_no_spaces&#8221; full_height=&#8221;yes&#8221; equal_height=&#8221;yes&#8221; enable_hue_rotation=&#8221;no&#8221; enable_text_marquee=&#8221;no&#8221; css=&#8221;.vc_custom_1639477372308{padding-top: 5% !important;}&#8221; el_id=&#8221;bmosaico&#8221;][vc_column][vc_row_inner equal_height=&#8221;yes&#8221;][vc_column_inner width=&#8221;1\/2&#8243;][vc_single_image image=&#8221;27456&#8243; img_size=&#8221;full&#8221;][vc_single_image image=&#8221;27471&#8243; img_size=&#8221;full&#8221;][\/vc_column_inner][vc_column_inner width=&#8221;1\/2&#8243; css=&#8221;.vc_custom_1641306066382{background-image: url(https:\/\/www.santjosep.net\/wp-content\/uploads\/2022\/01\/fotosub-Codolar-3.jpg?id=27460) !important;background-position: center !important;background-repeat: no-repeat !important;background-size: cover !important;}&#8221;][\/vc_column_inner][\/vc_row_inner][\/vc_column][\/vc_row]<\/p>\n<\/div>","protected":false},"excerpt":{"rendered":"<p>[vc_row enable_hue_rotation=&#8221;no&#8221; enable_text_marquee=&#8221;no&#8221; el_id=&#8221;b1-fichaSnorkel&#8221; css=&#8221;.vc_custom_1759139254701{margin-bottom: 30px !important;}&#8221;][vc_column width=&#8221;7\/12&#8243;][vc_column_text css=&#8221;.vc_custom_1759398402635{margin-top: 0px !important;margin-right: 0px !important;margin-bottom: 0px !important;margin-left: 0px !important;padding-bottom: 2% !important;}&#8221;] Cala Codolar Rutes Snorkel [\/vc_column_text][\/vc_column][vc_column width=&#8221;1\/12&#8243;][\/vc_column][vc_column width=&#8221;4\/12&#8243;][vc_raw_html css=&#8221;&#8221;]JTNDYSUyMGNsYXNzJTNEJTIyZ2FsbGVyeUJ0biUyMGNvZG9sYXItZ2FsJTIyJTNFJTBBJTIwJTIwJTIwJTIwJTNDc3BhbiUyMGNsYXNzJTNEJTIyZWRndGYtaWNvbi1mb250LWF3ZXNvbWUlMjBmYSUyMGZhLXBob3RvJTIwZWRndGYtaWNvbi1lbGVtZW50JTIyJTNFJTNDJTJGc3BhbiUzRSUwQSUyMCUyMCUyMCUyMCUzQ3NwYW4lMjBjbGFzcyUzRCUyMmxpbmtnYWwlMjIlM0VHYWxlcmlhJTIwZCUyN2ltYXRnZXMlM0MlMkZzcGFuJTNFJTBBJTNDJTJGYSUzRQ==[\/vc_raw_html][\/vc_column][\/vc_row][vc_row enable_hue_rotation=&#8221;no&#8221; enable_text_marquee=&#8221;no&#8221; css=&#8221;.vc_custom_1759141761275{margin-bottom: 40px !important;}&#8221;][vc_column width=&#8221;7\/12&#8243;][vc_column_text css=&#8221;&#8221;]En el litoral oest de Sant Josep, [&hellip;]<\/p>\n","protected":false},"author":1,"featured_media":27491,"parent":28101,"menu_order":0,"comment_status":"closed","ping_status":"closed","template":"page-actividad.php","meta":{"_acf_changed":false,"inline_featured_image":false,"footnotes":""},"categoria_pagina":[],"class_list":["post-28290","page","type-page","status-publish","has-post-thumbnail","hentry"],"acf":[],"yoast_head":"<!-- This site is optimized with the Yoast SEO plugin v25.7 - https:\/\/yoast.com\/wordpress\/plugins\/seo\/ -->\n<title>Cala Codolar - Santjosep.net<\/title>\n<meta name=\"robots\" content=\"index, follow, max-snippet:-1, max-image-preview:large, max-video-preview:-1\" \/>\n<link rel=\"canonical\" href=\"https:\/\/www.santjosep.net\/ca\/turisme-actiu\/snorkel\/ruta-snorkel-cala-codolar\/\" \/>\n<meta property=\"og:locale\" content=\"ca_ES\" \/>\n<meta property=\"og:type\" content=\"article\" \/>\n<meta property=\"og:title\" content=\"Cala Codolar - Santjosep.net\" \/>\n<meta property=\"og:description\" content=\"[vc_row enable_hue_rotation=&#8221;no&#8221; enable_text_marquee=&#8221;no&#8221; el_id=&#8221;b1-fichaSnorkel&#8221; css=&#8221;.vc_custom_1759139254701{margin-bottom: 30px !important;}&#8221;][vc_column width=&#8221;7\/12&#8243;][vc_column_text css=&#8221;.vc_custom_1759398402635{margin-top: 0px !important;margin-right: 0px !important;margin-bottom: 0px !important;margin-left: 0px !important;padding-bottom: 2% !important;}&#8221;] Cala Codolar Rutes Snorkel [\/vc_column_text][\/vc_column][vc_column width=&#8221;1\/12&#8243;][\/vc_column][vc_column width=&#8221;4\/12&#8243;][vc_raw_html css=&#8221;&#8221;]JTNDYSUyMGNsYXNzJTNEJTIyZ2FsbGVyeUJ0biUyMGNvZG9sYXItZ2FsJTIyJTNFJTBBJTIwJTIwJTIwJTIwJTNDc3BhbiUyMGNsYXNzJTNEJTIyZWRndGYtaWNvbi1mb250LWF3ZXNvbWUlMjBmYSUyMGZhLXBob3RvJTIwZWRndGYtaWNvbi1lbGVtZW50JTIyJTNFJTNDJTJGc3BhbiUzRSUwQSUyMCUyMCUyMCUyMCUzQ3NwYW4lMjBjbGFzcyUzRCUyMmxpbmtnYWwlMjIlM0VHYWxlcmlhJTIwZCUyN2ltYXRnZXMlM0MlMkZzcGFuJTNFJTBBJTNDJTJGYSUzRQ==[\/vc_raw_html][\/vc_column][\/vc_row][vc_row enable_hue_rotation=&#8221;no&#8221; enable_text_marquee=&#8221;no&#8221; css=&#8221;.vc_custom_1759141761275{margin-bottom: 40px !important;}&#8221;][vc_column width=&#8221;7\/12&#8243;][vc_column_text css=&#8221;&#8221;]En el litoral oest de Sant Josep, [&hellip;]\" \/>\n<meta property=\"og:url\" content=\"https:\/\/www.santjosep.net\/ca\/turisme-actiu\/snorkel\/ruta-snorkel-cala-codolar\/\" \/>\n<meta property=\"og:site_name\" content=\"Santjosep.net\" \/>\n<meta property=\"article:modified_time\" content=\"2025-10-02T09:48:59+00:00\" \/>\n<meta property=\"og:image\" content=\"https:\/\/www.santjosep.net\/wp-content\/uploads\/2022\/01\/cover_DSC01260.jpg\" \/>\n\t<meta property=\"og:image:width\" content=\"1400\" \/>\n\t<meta property=\"og:image:height\" content=\"933\" \/>\n\t<meta property=\"og:image:type\" content=\"image\/jpeg\" \/>\n<meta name=\"twitter:card\" content=\"summary_large_image\" \/>\n<meta name=\"twitter:label1\" content=\"Temps estimat de lectura\" \/>\n\t<meta name=\"twitter:data1\" content=\"3 minuts\" \/>\n<script type=\"application\/ld+json\" class=\"yoast-schema-graph\">{\"@context\":\"https:\/\/schema.org\",\"@graph\":[{\"@type\":\"WebPage\",\"@id\":\"https:\/\/www.santjosep.net\/ca\/turisme-actiu\/snorkel\/ruta-snorkel-cala-codolar\/\",\"url\":\"https:\/\/www.santjosep.net\/ca\/turisme-actiu\/snorkel\/ruta-snorkel-cala-codolar\/\",\"name\":\"Cala Codolar - Santjosep.net\",\"isPartOf\":{\"@id\":\"https:\/\/www.santjosep.net\/#website\"},\"primaryImageOfPage\":{\"@id\":\"https:\/\/www.santjosep.net\/ca\/turisme-actiu\/snorkel\/ruta-snorkel-cala-codolar\/#primaryimage\"},\"image\":{\"@id\":\"https:\/\/www.santjosep.net\/ca\/turisme-actiu\/snorkel\/ruta-snorkel-cala-codolar\/#primaryimage\"},\"thumbnailUrl\":\"https:\/\/www.santjosep.net\/wp-content\/uploads\/2022\/01\/cover_DSC01260.jpg\",\"datePublished\":\"2022-01-04T14:21:49+00:00\",\"dateModified\":\"2025-10-02T09:48:59+00:00\",\"breadcrumb\":{\"@id\":\"https:\/\/www.santjosep.net\/ca\/turisme-actiu\/snorkel\/ruta-snorkel-cala-codolar\/#breadcrumb\"},\"inLanguage\":\"ca\",\"potentialAction\":[{\"@type\":\"ReadAction\",\"target\":[\"https:\/\/www.santjosep.net\/ca\/turisme-actiu\/snorkel\/ruta-snorkel-cala-codolar\/\"]}]},{\"@type\":\"ImageObject\",\"inLanguage\":\"ca\",\"@id\":\"https:\/\/www.santjosep.net\/ca\/turisme-actiu\/snorkel\/ruta-snorkel-cala-codolar\/#primaryimage\",\"url\":\"https:\/\/www.santjosep.net\/wp-content\/uploads\/2022\/01\/cover_DSC01260.jpg\",\"contentUrl\":\"https:\/\/www.santjosep.net\/wp-content\/uploads\/2022\/01\/cover_DSC01260.jpg\",\"width\":1400,\"height\":933},{\"@type\":\"BreadcrumbList\",\"@id\":\"https:\/\/www.santjosep.net\/ca\/turisme-actiu\/snorkel\/ruta-snorkel-cala-codolar\/#breadcrumb\",\"itemListElement\":[{\"@type\":\"ListItem\",\"position\":1,\"name\":\"Turisme actiu\",\"item\":\"https:\/\/www.santjosep.net\/ca\/turisme-actiu\/\"},{\"@type\":\"ListItem\",\"position\":2,\"name\":\"Rutes Snorkel\",\"item\":\"https:\/\/www.santjosep.net\/ca\/turisme-actiu\/snorkel\/\"},{\"@type\":\"ListItem\",\"position\":3,\"name\":\"Cala Codolar\"}]},{\"@type\":\"WebSite\",\"@id\":\"https:\/\/www.santjosep.net\/#website\",\"url\":\"https:\/\/www.santjosep.net\/\",\"name\":\"Santjosep.net\",\"description\":\"\",\"potentialAction\":[{\"@type\":\"SearchAction\",\"target\":{\"@type\":\"EntryPoint\",\"urlTemplate\":\"https:\/\/www.santjosep.net\/?s={search_term_string}\"},\"query-input\":{\"@type\":\"PropertyValueSpecification\",\"valueRequired\":true,\"valueName\":\"search_term_string\"}}],\"inLanguage\":\"ca\"}]}<\/script>\n<!-- \/ Yoast SEO plugin. -->","yoast_head_json":{"title":"Cala Codolar - Santjosep.net","robots":{"index":"index","follow":"follow","max-snippet":"max-snippet:-1","max-image-preview":"max-image-preview:large","max-video-preview":"max-video-preview:-1"},"canonical":"https:\/\/www.santjosep.net\/ca\/turisme-actiu\/snorkel\/ruta-snorkel-cala-codolar\/","og_locale":"ca_ES","og_type":"article","og_title":"Cala Codolar - Santjosep.net","og_description":"[vc_row enable_hue_rotation=&#8221;no&#8221; enable_text_marquee=&#8221;no&#8221; el_id=&#8221;b1-fichaSnorkel&#8221; css=&#8221;.vc_custom_1759139254701{margin-bottom: 30px !important;}&#8221;][vc_column width=&#8221;7\/12&#8243;][vc_column_text css=&#8221;.vc_custom_1759398402635{margin-top: 0px !important;margin-right: 0px !important;margin-bottom: 0px !important;margin-left: 0px !important;padding-bottom: 2% !important;}&#8221;] Cala Codolar Rutes Snorkel [\/vc_column_text][\/vc_column][vc_column width=&#8221;1\/12&#8243;][\/vc_column][vc_column width=&#8221;4\/12&#8243;][vc_raw_html css=&#8221;&#8221;]JTNDYSUyMGNsYXNzJTNEJTIyZ2FsbGVyeUJ0biUyMGNvZG9sYXItZ2FsJTIyJTNFJTBBJTIwJTIwJTIwJTIwJTNDc3BhbiUyMGNsYXNzJTNEJTIyZWRndGYtaWNvbi1mb250LWF3ZXNvbWUlMjBmYSUyMGZhLXBob3RvJTIwZWRndGYtaWNvbi1lbGVtZW50JTIyJTNFJTNDJTJGc3BhbiUzRSUwQSUyMCUyMCUyMCUyMCUzQ3NwYW4lMjBjbGFzcyUzRCUyMmxpbmtnYWwlMjIlM0VHYWxlcmlhJTIwZCUyN2ltYXRnZXMlM0MlMkZzcGFuJTNFJTBBJTNDJTJGYSUzRQ==[\/vc_raw_html][\/vc_column][\/vc_row][vc_row enable_hue_rotation=&#8221;no&#8221; enable_text_marquee=&#8221;no&#8221; css=&#8221;.vc_custom_1759141761275{margin-bottom: 40px !important;}&#8221;][vc_column width=&#8221;7\/12&#8243;][vc_column_text css=&#8221;&#8221;]En el litoral oest de Sant Josep, [&hellip;]","og_url":"https:\/\/www.santjosep.net\/ca\/turisme-actiu\/snorkel\/ruta-snorkel-cala-codolar\/","og_site_name":"Santjosep.net","article_modified_time":"2025-10-02T09:48:59+00:00","og_image":[{"width":1400,"height":933,"url":"https:\/\/www.santjosep.net\/wp-content\/uploads\/2022\/01\/cover_DSC01260.jpg","type":"image\/jpeg"}],"twitter_card":"summary_large_image","twitter_misc":{"Temps estimat de lectura":"3 minuts"},"schema":{"@context":"https:\/\/schema.org","@graph":[{"@type":"WebPage","@id":"https:\/\/www.santjosep.net\/ca\/turisme-actiu\/snorkel\/ruta-snorkel-cala-codolar\/","url":"https:\/\/www.santjosep.net\/ca\/turisme-actiu\/snorkel\/ruta-snorkel-cala-codolar\/","name":"Cala Codolar - Santjosep.net","isPartOf":{"@id":"https:\/\/www.santjosep.net\/#website"},"primaryImageOfPage":{"@id":"https:\/\/www.santjosep.net\/ca\/turisme-actiu\/snorkel\/ruta-snorkel-cala-codolar\/#primaryimage"},"image":{"@id":"https:\/\/www.santjosep.net\/ca\/turisme-actiu\/snorkel\/ruta-snorkel-cala-codolar\/#primaryimage"},"thumbnailUrl":"https:\/\/www.santjosep.net\/wp-content\/uploads\/2022\/01\/cover_DSC01260.jpg","datePublished":"2022-01-04T14:21:49+00:00","dateModified":"2025-10-02T09:48:59+00:00","breadcrumb":{"@id":"https:\/\/www.santjosep.net\/ca\/turisme-actiu\/snorkel\/ruta-snorkel-cala-codolar\/#breadcrumb"},"inLanguage":"ca","potentialAction":[{"@type":"ReadAction","target":["https:\/\/www.santjosep.net\/ca\/turisme-actiu\/snorkel\/ruta-snorkel-cala-codolar\/"]}]},{"@type":"ImageObject","inLanguage":"ca","@id":"https:\/\/www.santjosep.net\/ca\/turisme-actiu\/snorkel\/ruta-snorkel-cala-codolar\/#primaryimage","url":"https:\/\/www.santjosep.net\/wp-content\/uploads\/2022\/01\/cover_DSC01260.jpg","contentUrl":"https:\/\/www.santjosep.net\/wp-content\/uploads\/2022\/01\/cover_DSC01260.jpg","width":1400,"height":933},{"@type":"BreadcrumbList","@id":"https:\/\/www.santjosep.net\/ca\/turisme-actiu\/snorkel\/ruta-snorkel-cala-codolar\/#breadcrumb","itemListElement":[{"@type":"ListItem","position":1,"name":"Turisme actiu","item":"https:\/\/www.santjosep.net\/ca\/turisme-actiu\/"},{"@type":"ListItem","position":2,"name":"Rutes Snorkel","item":"https:\/\/www.santjosep.net\/ca\/turisme-actiu\/snorkel\/"},{"@type":"ListItem","position":3,"name":"Cala Codolar"}]},{"@type":"WebSite","@id":"https:\/\/www.santjosep.net\/#website","url":"https:\/\/www.santjosep.net\/","name":"Santjosep.net","description":"","potentialAction":[{"@type":"SearchAction","target":{"@type":"EntryPoint","urlTemplate":"https:\/\/www.santjosep.net\/?s={search_term_string}"},"query-input":{"@type":"PropertyValueSpecification","valueRequired":true,"valueName":"search_term_string"}}],"inLanguage":"ca"}]}},"_links":{"self":[{"href":"https:\/\/www.santjosep.net\/ca\/wp-json\/wp\/v2\/pages\/28290","targetHints":{"allow":["GET"]}}],"collection":[{"href":"https:\/\/www.santjosep.net\/ca\/wp-json\/wp\/v2\/pages"}],"about":[{"href":"https:\/\/www.santjosep.net\/ca\/wp-json\/wp\/v2\/types\/page"}],"author":[{"embeddable":true,"href":"https:\/\/www.santjosep.net\/ca\/wp-json\/wp\/v2\/users\/1"}],"replies":[{"embeddable":true,"href":"https:\/\/www.santjosep.net\/ca\/wp-json\/wp\/v2\/comments?post=28290"}],"version-history":[{"count":2,"href":"https:\/\/www.santjosep.net\/ca\/wp-json\/wp\/v2\/pages\/28290\/revisions"}],"predecessor-version":[{"id":39026,"href":"https:\/\/www.santjosep.net\/ca\/wp-json\/wp\/v2\/pages\/28290\/revisions\/39026"}],"up":[{"embeddable":true,"href":"https:\/\/www.santjosep.net\/ca\/wp-json\/wp\/v2\/pages\/28101"}],"wp:featuredmedia":[{"embeddable":true,"href":"https:\/\/www.santjosep.net\/ca\/wp-json\/wp\/v2\/media\/27491"}],"wp:attachment":[{"href":"https:\/\/www.santjosep.net\/ca\/wp-json\/wp\/v2\/media?parent=28290"}],"wp:term":[{"taxonomy":"categoria_pagina","embeddable":true,"href":"https:\/\/www.santjosep.net\/ca\/wp-json\/wp\/v2\/categoria_pagina?post=28290"}],"curies":[{"name":"wp","href":"https:\/\/api.w.org\/{rel}","templated":true}]}}