{"id":28244,"date":"2022-01-04T15:37:48","date_gmt":"2022-01-04T14:37:48","guid":{"rendered":"https:\/\/www.santjosep.net\/activitats-esportives\/snorkel\/ruta-snorkel-cala-tarida\/"},"modified":"2025-10-02T11:34:14","modified_gmt":"2025-10-02T09:34:14","slug":"ruta-snorkel-cala-tarida","status":"publish","type":"page","link":"https:\/\/www.santjosep.net\/ca\/turisme-actiu\/snorkel\/ruta-snorkel-cala-tarida\/","title":{"rendered":"Cala Tarida"},"content":{"rendered":"<div class=\"wpb-content-wrapper\"><p>[vc_row enable_hue_rotation=&#8221;no&#8221; enable_text_marquee=&#8221;no&#8221; el_id=&#8221;b1-fichaSnorkel&#8221; css=&#8221;.vc_custom_1759139254701{margin-bottom: 30px !important;}&#8221;][vc_column width=&#8221;7\/12&#8243;][vc_column_text css=&#8221;.vc_custom_1759397554268{margin-top: 0px !important;margin-right: 0px !important;margin-bottom: 0px !important;margin-left: 0px !important;padding-bottom: 2% !important;}&#8221;]<\/p>\n<h2>Cala Tarida<\/h2>\n<h3><a href=\"https:\/\/www.santjosep.net\/ca\/activitats-esportives\/snorkel\/\">Rutes Snorkel<\/a><\/h3>\n<p>[\/vc_column_text][\/vc_column][vc_column width=&#8221;1\/12&#8243;][\/vc_column][vc_column width=&#8221;4\/12&#8243;][vc_raw_html css=&#8221;&#8221;]JTNDYSUyMGNsYXNzJTNEJTIyZ2FsbGVyeUJ0biUyMHRhcmlkYS1nYWwlMjIlM0UlMEElMjAlMjAlMjAlMjAlM0NzcGFuJTIwY2xhc3MlM0QlMjJlZGd0Zi1pY29uLWZvbnQtYXdlc29tZSUyMGZhJTIwZmEtcGhvdG8lMjBlZGd0Zi1pY29uLWVsZW1lbnQlMjIlM0UlM0MlMkZzcGFuJTNFJTBBJTIwJTIwJTIwJTIwJTNDc3BhbiUyMGNsYXNzJTNEJTIybGlua2dhbCUyMiUzRUdhbGVyaWElMjBkJTI3aW1hdGdlcyUzQyUyRnNwYW4lM0UlMEElM0MlMkZhJTNF[\/vc_raw_html][\/vc_column][\/vc_row][vc_row enable_hue_rotation=&#8221;no&#8221; enable_text_marquee=&#8221;no&#8221; css=&#8221;.vc_custom_1759141761275{margin-bottom: 40px !important;}&#8221;][vc_column width=&#8221;7\/12&#8243;][vc_column_text css=&#8221;&#8221;]La merescudament famosa <a href=\"https:\/\/www.santjosep.net\/ca\/veure\/platges\/cala-tarida\/\" rel=\"noopener\">cala Tarida<\/a> \u00e9s una platja d\u2019arena fina i aig\u00fces lluminoses en un marc extraordinari. Per a gaudir de la millor immersi\u00f3 lleugera buscarem el fons roc\u00f3s, que \u00e9s el que m\u00e9s vida alberga i dibuixa bonics paisatges submergits, aix\u00ed que a la part nord de la cala iniciam el recorregut davant l\u2019illot que destaca a la meitat de l\u2019aigua.<\/p>\n<p>Al principi el fons \u00e9s aren\u00f3s, per\u00f2 a mesura que ens enganxam al litoral, que quedar\u00e0 sempre a la nostra dreta, sorgir\u00e0 la paret rocosa, molt poc profunda. Anirem cap al petit t\u00e0lveg en el qual destaquen les casetes varador. Davant elles l\u2019aigua \u00e9s radiant i \u00e9s f\u00e0cil veure-hi peixos t\u00edpics de fons arenosos i de roca com mabres, molls roquers i bancs d\u2019alevins que busquen refugi en aquestes aig\u00fces encalmades.<\/p>\n<p>Ja prop de la punta, la paret comen\u00e7a a presentar-se vertical, i fan la seua aparici\u00f3 en el fons roques cada vegada majors i, entre elles, trams de posid\u00f2nia. Aqu\u00ed la vida \u00e9s abundant, grans variades (<i>Diplodus vulgaris<\/i>) i sards patrullen a la cerca d\u2019aliment, mentre que les salpes pasturen entre la posid\u00f2nia.[\/vc_column_text][\/vc_column][vc_column width=&#8221;1\/12&#8243;][\/vc_column][vc_column width=&#8221;4\/12&#8243;][vc_raw_html css=&#8221;&#8221;]JTNDZGl2JTIwY2xhc3MlM0QlMjJiZWFjaEluZm9JdGVtJTIyJTNFJTBEJTBBJTIwJTIwJTNDZGl2JTIwY2xhc3MlM0QlMjJpY29uJTIyJTNFJTBEJTBBJTIwJTIwJTIwJTIwJTNDaW1nJTIwc3JjJTNEJTIyaHR0cHMlM0ElMkYlMkZ3d3cuc2FudGpvc2VwLm5ldCUyRndwLWNvbnRlbnQlMkZ1cGxvYWRzJTJGMjAyNSUyRjA5JTJGbG9jYXRpb24ucG5nJTIyJTIwYWx0JTNEJTIyTG9jYWxpdHphY2klQzMlQjMlMjIlM0UlMEQlMEElMjAlMjAlM0MlMkZkaXYlM0UlMEQlMEElMjAlMjAlM0NhJTIwaHJlZiUzRCUyMiUyM21hcCUyMiUzRVZldXJlJTIwbWFwYSUzQyUyRmElM0UlMEQlMEElM0MlMkZkaXYlM0UlMEQlMEElMEQlMEElM0NkaXYlMjBjbGFzcyUzRCUyMmJlYWNoSW5mb0l0ZW0lMjIlM0UlMEQlMEElMjAlMjAlM0NkaXYlMjBjbGFzcyUzRCUyMmljb24lMjIlM0UlMEQlMEElMjAlMjAlMjAlMjAlM0NpbWclMjBzcmMlM0QlMjJodHRwcyUzQSUyRiUyRnd3dy5zYW50am9zZXAubmV0JTJGd3AtY29udGVudCUyRnVwbG9hZHMlMkYyMDI1JTJGMDklMkZjb21vbGxlZ2FyLnBuZyUyMiUyMGFsdCUzRCUyMkNvbSUyMGFycmliYXItaGklM0YlMjIlM0UlMEQlMEElMjAlMjAlM0MlMkZkaXYlM0UlMEQlMEElMjAlMjAlM0NhJTIwaHJlZiUzRCUyMmh0dHBzJTNBJTJGJTJGd3d3Lmdvb2dsZS5jb20lMkZtYXBzJTJGcGxhY2UlMkYzOCUyNUMyJTI1QjA1NiUyNzI4LjElMjUyMk4lMkIxJTI1QzIlMjVCMDE0JTI3MDcuMCUyNTIyRSUyRiU0MDM4Ljk0MTEzODklMkMxLjIzNTI3NzglMkMxMjU4bSUyRmRhdGElM0QlMjEzbTIlMjExZTMlMjE0YjElMjE0bTQlMjEzbTMlMjE4bTIlMjEzZDM4Ljk0MTEzODklMjE0ZDEuMjM1Mjc3OCUzRmhsJTNEZXMlMjZlbnRyeSUzRHR0dSUyNmdfZXAlM0RFZ295TURJMU1Ea3lPUzR3SUtYTURTb0FTQUZRQXclMjUzRCUyNTNEJTIyJTIwdGFyZ2V0JTNEJTIyX2JsYW5rJTIyJTNFQ29tJTIwYXJyaWJhci1oaSUzRiUzQyUyRmElM0UlMEQlMEElM0MlMkZkaXYlM0UlMEQlMEElMEQlMEElM0NkaXYlMjBjbGFzcyUzRCUyMmJlYWNoSW5mb0l0ZW0lMjIlM0UlMEQlMEElMjAlMjAlM0NkaXYlMjBjbGFzcyUzRCUyMmljb24lMjIlM0UlMEQlMEElMjAlMjAlMjAlMjAlM0NpbWclMjBzcmMlM0QlMjJodHRwcyUzQSUyRiUyRnd3dy5zYW50am9zZXAubmV0JTJGd3AtY29udGVudCUyRnVwbG9hZHMlMkYyMDI1JTJGMDklMkZzZW5hbC1lMTc1OTMxMTY1NjMwMC5wbmclMjIlMjBhbHQlM0QlMjJJbmZvcm1hY2klQzMlQjMlMjBwbGF0amElMjBlbiUyMHRlbXBzJTIwcmVhbCUyMiUzRSUwRCUwQSUyMCUyMCUzQyUyRmRpdiUzRSUwRCUwQSUyMCUyMCUzQ2RpdiUzRSUwRCUwQSUyMCUyMCUyMCUyMCUyMCUyMCUzQ3AlMjBjbGFzcyUzRCUyMmxldmVsLXRpdGxlJTIyJTNFTml2ZWxsJTNDJTJGcCUzRSUwRCUwQSUyMCUyMCUyMCUyMCUyMCUyMCUzQ3AlMjBjbGFzcyUzRCUyMmxldmVsLXRleHQlMjIlM0VNaXRqJUMzJUEwJTNDJTJGcCUzRSUwRCUwQSUyMCUyMCUzQyUyRmRpdiUzRSUwRCUwQSUzQyUyRmRpdiUzRSUwRCUwQQ==[\/vc_raw_html][vc_column_text css=&#8221;.vc_custom_1759397582068{margin-top: 50px !important;}&#8221; el_class=&#8221;snorkel-recomendations&#8221;]<\/p>\n<h3>Recomendaciones<\/h3>\n<p class=\"recomendation-text\">A vegades, en el t\u00e0lveg abans de les casetes de pescadors, podem trobar que l\u2019aigua es presenta molt t\u00e8rbola.<br \/>\nPel que sembla, es deu a la pres\u00e8ncia de fitopl\u00e0ncton.<\/p>\n<p>[\/vc_column_text][\/vc_column][\/vc_row][vc_row enable_hue_rotation=&#8221;no&#8221; enable_text_marquee=&#8221;no&#8221; css=&#8221;.vc_custom_1759141829130{margin-bottom: 40px !important;}&#8221;][vc_column][vc_column_text css=&#8221;&#8221;]Aquells a qui agrada fer descensos hi trobaran un lloc ideal, amb aig\u00fces netes i caigudes a m\u00e9s de sis metres de profunditat en un fons esquitxat de lloses i pedres enormes que ofereixen refugi a moltes esp\u00e8cies i ca\u00e7a als depredadors, que, com l\u2019orada o el llobarro, fan incursions fugaces per capturar alguna presa despistada. Els polps quasi sempre es troben ben amagats en els seus refugis encara que amb una mica de sort tal vegada en trobem algun fora, que es veur\u00e0 de seguida envoltat d\u2019altres peixos.<\/p>\n<p>El retorn el farem invertint el sentit, i evitarem fer drecera per la recta que ens porta a l\u2019origen perqu\u00e8 travessar\u00edem un extens arenal sense gaire inter\u00e8s.[\/vc_column_text][\/vc_column][\/vc_row][vc_row enable_hue_rotation=&#8221;no&#8221; enable_text_marquee=&#8221;no&#8221; css=&#8221;.vc_custom_1759142695136{margin-bottom: 40px !important;}&#8221; el_id=&#8221;infografia&#8221;][vc_column][vc_column_text css=&#8221;.vc_custom_1759389123417{padding-top: 2% !important;}&#8221; el_class=&#8221;snorkel-subtitle&#8221;]<\/p>\n<h3>Infografia<\/h3>\n<p>[\/vc_column_text][vc_single_image image=&#8221;27587&#8243; img_size=&#8221;full&#8221;][\/vc_column][\/vc_row][vc_row enable_hue_rotation=&#8221;no&#8221; enable_text_marquee=&#8221;no&#8221; css=&#8221;.vc_custom_1759141783219{padding-bottom: 5% !important;}&#8221; el_id=&#8221;map&#8221;][vc_column][vc_column_text css=&#8221;.vc_custom_1759389130537{padding-top: 2% !important;padding-bottom: 2% !important;}&#8221; el_class=&#8221;snorkel-subtitle&#8221;]<\/p>\n<div style=\"position: relative;\">\n<p><a style=\"position: absolute; top: -250px;\" name=\"loc\"><\/a><\/p>\n<h3>Ubicaci\u00f3<\/h3>\n<\/div>\n<p>[\/vc_column_text][vc_raw_html css=&#8221;&#8221;]JTNDaWZyYW1lJTIwJTBBJTIwJTIwc3JjJTNEJTIyaHR0cHMlM0ElMkYlMkZ3d3cuZ29vZ2xlLmNvbSUyRm1hcHMlMkZlbWJlZCUzRnBiJTNEJTIxMW0xOCUyMTFtMTIlMjExbTMlMjExZDU3MjEuNjE1NjgyNzY2NzM2JTIxMmQxLjIzMzA3ODAxNjMzNjk3MjElMjEzZDM4Ljk0MTEzMzI3OTU2Mzg2JTIxMm0zJTIxMWYwJTIxMmYwJTIxM2YwJTIxM20yJTIxMWkxMDI0JTIxMmk3NjglMjE0ZjEzLjElMjEzbTMlMjExbTIlMjExczB4MCUyNTNBMHhmM2FlNTFkNTI4ODMxMGZjJTIxMnpNempDc0RVMkp6STRMakVpVGlBeHdyQXhOQ2N3Tnk0d0lrVSUyMTVlMCUyMTNtMiUyMTFzZXMlMjEyc2VzJTIxNHYxNjQxMzA2NzU1NjkyJTIxNW0yJTIxMXNlcyUyMTJzZXMlMjIlMjAlMEElMjAlMjB3aWR0aCUzRCUyMjEwMCUyNSUyMiUyMCUwQSUyMCUyMGhlaWdodCUzRCUyMjYwMCUyMiUyMCUwQSUyMCUyMHN0eWxlJTNEJTIyYm9yZGVyJTNBMCUzQiUyMiUyMCUwQSUyMCUyMGFsbG93ZnVsbHNjcmVlbiUzRCUyMiUyMiUyMCUwQSUyMCUyMGxvYWRpbmclM0QlMjJsYXp5JTIyJTNFJTBBJTNDJTJGaWZyYW1lJTNFJTBB[\/vc_raw_html][\/vc_column][\/vc_row][vc_row full_width=&#8221;stretch_row_content_no_spaces&#8221; full_height=&#8221;yes&#8221; equal_height=&#8221;yes&#8221; enable_hue_rotation=&#8221;no&#8221; enable_text_marquee=&#8221;no&#8221; css=&#8221;.vc_custom_1639477372308{padding-top: 5% !important;}&#8221; el_id=&#8221;bmosaico&#8221;][vc_column][vc_row_inner equal_height=&#8221;yes&#8221;][vc_column_inner width=&#8221;1\/2&#8243;][vc_single_image image=&#8221;27597&#8243; img_size=&#8221;full&#8221;][vc_single_image image=&#8221;27542&#8243; img_size=&#8221;full&#8221;][\/vc_column_inner][vc_column_inner width=&#8221;1\/2&#8243; css=&#8221;.vc_custom_1641307048282{background-image: url(https:\/\/www.santjosep.net\/wp-content\/uploads\/2022\/01\/fotosub-cala-Tarida-3a-scaled.jpg?id=27556) !important;background-position: center !important;background-repeat: no-repeat !important;background-size: cover !important;}&#8221;][\/vc_column_inner][\/vc_row_inner][\/vc_column][\/vc_row]<\/p>\n<\/div>","protected":false},"excerpt":{"rendered":"<p>[vc_row enable_hue_rotation=&#8221;no&#8221; enable_text_marquee=&#8221;no&#8221; el_id=&#8221;b1-fichaSnorkel&#8221; css=&#8221;.vc_custom_1759139254701{margin-bottom: 30px !important;}&#8221;][vc_column width=&#8221;7\/12&#8243;][vc_column_text css=&#8221;.vc_custom_1759397554268{margin-top: 0px !important;margin-right: 0px !important;margin-bottom: 0px !important;margin-left: 0px !important;padding-bottom: 2% !important;}&#8221;] Cala Tarida Rutes Snorkel [\/vc_column_text][\/vc_column][vc_column width=&#8221;1\/12&#8243;][\/vc_column][vc_column width=&#8221;4\/12&#8243;][vc_raw_html css=&#8221;&#8221;]JTNDYSUyMGNsYXNzJTNEJTIyZ2FsbGVyeUJ0biUyMHRhcmlkYS1nYWwlMjIlM0UlMEElMjAlMjAlMjAlMjAlM0NzcGFuJTIwY2xhc3MlM0QlMjJlZGd0Zi1pY29uLWZvbnQtYXdlc29tZSUyMGZhJTIwZmEtcGhvdG8lMjBlZGd0Zi1pY29uLWVsZW1lbnQlMjIlM0UlM0MlMkZzcGFuJTNFJTBBJTIwJTIwJTIwJTIwJTNDc3BhbiUyMGNsYXNzJTNEJTIybGlua2dhbCUyMiUzRUdhbGVyaWElMjBkJTI3aW1hdGdlcyUzQyUyRnNwYW4lM0UlMEElM0MlMkZhJTNF[\/vc_raw_html][\/vc_column][\/vc_row][vc_row enable_hue_rotation=&#8221;no&#8221; enable_text_marquee=&#8221;no&#8221; css=&#8221;.vc_custom_1759141761275{margin-bottom: 40px !important;}&#8221;][vc_column width=&#8221;7\/12&#8243;][vc_column_text css=&#8221;&#8221;]La merescudament famosa cala Tarida \u00e9s una [&hellip;]<\/p>\n","protected":false},"author":1,"featured_media":27602,"parent":28101,"menu_order":0,"comment_status":"closed","ping_status":"closed","template":"page-actividad.php","meta":{"_acf_changed":false,"inline_featured_image":false,"footnotes":""},"categoria_pagina":[],"class_list":["post-28244","page","type-page","status-publish","has-post-thumbnail","hentry"],"acf":[],"yoast_head":"<!-- This site is optimized with the Yoast SEO plugin v25.7 - https:\/\/yoast.com\/wordpress\/plugins\/seo\/ -->\n<title>Cala Tarida - Santjosep.net<\/title>\n<meta name=\"robots\" content=\"index, follow, max-snippet:-1, max-image-preview:large, max-video-preview:-1\" \/>\n<link rel=\"canonical\" href=\"https:\/\/www.santjosep.net\/ca\/turisme-actiu\/snorkel\/ruta-snorkel-cala-tarida\/\" \/>\n<meta property=\"og:locale\" content=\"ca_ES\" \/>\n<meta property=\"og:type\" content=\"article\" \/>\n<meta property=\"og:title\" content=\"Cala Tarida - Santjosep.net\" \/>\n<meta property=\"og:description\" content=\"[vc_row enable_hue_rotation=&#8221;no&#8221; enable_text_marquee=&#8221;no&#8221; el_id=&#8221;b1-fichaSnorkel&#8221; css=&#8221;.vc_custom_1759139254701{margin-bottom: 30px !important;}&#8221;][vc_column width=&#8221;7\/12&#8243;][vc_column_text css=&#8221;.vc_custom_1759397554268{margin-top: 0px !important;margin-right: 0px !important;margin-bottom: 0px !important;margin-left: 0px !important;padding-bottom: 2% !important;}&#8221;] Cala Tarida Rutes Snorkel [\/vc_column_text][\/vc_column][vc_column width=&#8221;1\/12&#8243;][\/vc_column][vc_column width=&#8221;4\/12&#8243;][vc_raw_html css=&#8221;&#8221;]JTNDYSUyMGNsYXNzJTNEJTIyZ2FsbGVyeUJ0biUyMHRhcmlkYS1nYWwlMjIlM0UlMEElMjAlMjAlMjAlMjAlM0NzcGFuJTIwY2xhc3MlM0QlMjJlZGd0Zi1pY29uLWZvbnQtYXdlc29tZSUyMGZhJTIwZmEtcGhvdG8lMjBlZGd0Zi1pY29uLWVsZW1lbnQlMjIlM0UlM0MlMkZzcGFuJTNFJTBBJTIwJTIwJTIwJTIwJTNDc3BhbiUyMGNsYXNzJTNEJTIybGlua2dhbCUyMiUzRUdhbGVyaWElMjBkJTI3aW1hdGdlcyUzQyUyRnNwYW4lM0UlMEElM0MlMkZhJTNF[\/vc_raw_html][\/vc_column][\/vc_row][vc_row enable_hue_rotation=&#8221;no&#8221; enable_text_marquee=&#8221;no&#8221; css=&#8221;.vc_custom_1759141761275{margin-bottom: 40px !important;}&#8221;][vc_column width=&#8221;7\/12&#8243;][vc_column_text css=&#8221;&#8221;]La merescudament famosa cala Tarida \u00e9s una [&hellip;]\" \/>\n<meta property=\"og:url\" content=\"https:\/\/www.santjosep.net\/ca\/turisme-actiu\/snorkel\/ruta-snorkel-cala-tarida\/\" \/>\n<meta property=\"og:site_name\" content=\"Santjosep.net\" \/>\n<meta property=\"article:modified_time\" content=\"2025-10-02T09:34:14+00:00\" \/>\n<meta property=\"og:image\" content=\"https:\/\/www.santjosep.net\/wp-content\/uploads\/2022\/01\/cover_P1050005.jpg\" \/>\n\t<meta property=\"og:image:width\" content=\"1200\" \/>\n\t<meta property=\"og:image:height\" content=\"900\" \/>\n\t<meta property=\"og:image:type\" content=\"image\/jpeg\" \/>\n<meta name=\"twitter:card\" content=\"summary_large_image\" \/>\n<meta name=\"twitter:label1\" content=\"Temps estimat de lectura\" \/>\n\t<meta name=\"twitter:data1\" content=\"3 minuts\" \/>\n<script type=\"application\/ld+json\" class=\"yoast-schema-graph\">{\"@context\":\"https:\/\/schema.org\",\"@graph\":[{\"@type\":\"WebPage\",\"@id\":\"https:\/\/www.santjosep.net\/ca\/turisme-actiu\/snorkel\/ruta-snorkel-cala-tarida\/\",\"url\":\"https:\/\/www.santjosep.net\/ca\/turisme-actiu\/snorkel\/ruta-snorkel-cala-tarida\/\",\"name\":\"Cala Tarida - Santjosep.net\",\"isPartOf\":{\"@id\":\"https:\/\/www.santjosep.net\/#website\"},\"primaryImageOfPage\":{\"@id\":\"https:\/\/www.santjosep.net\/ca\/turisme-actiu\/snorkel\/ruta-snorkel-cala-tarida\/#primaryimage\"},\"image\":{\"@id\":\"https:\/\/www.santjosep.net\/ca\/turisme-actiu\/snorkel\/ruta-snorkel-cala-tarida\/#primaryimage\"},\"thumbnailUrl\":\"https:\/\/www.santjosep.net\/wp-content\/uploads\/2022\/01\/cover_P1050005.jpg\",\"datePublished\":\"2022-01-04T14:37:48+00:00\",\"dateModified\":\"2025-10-02T09:34:14+00:00\",\"breadcrumb\":{\"@id\":\"https:\/\/www.santjosep.net\/ca\/turisme-actiu\/snorkel\/ruta-snorkel-cala-tarida\/#breadcrumb\"},\"inLanguage\":\"ca\",\"potentialAction\":[{\"@type\":\"ReadAction\",\"target\":[\"https:\/\/www.santjosep.net\/ca\/turisme-actiu\/snorkel\/ruta-snorkel-cala-tarida\/\"]}]},{\"@type\":\"ImageObject\",\"inLanguage\":\"ca\",\"@id\":\"https:\/\/www.santjosep.net\/ca\/turisme-actiu\/snorkel\/ruta-snorkel-cala-tarida\/#primaryimage\",\"url\":\"https:\/\/www.santjosep.net\/wp-content\/uploads\/2022\/01\/cover_P1050005.jpg\",\"contentUrl\":\"https:\/\/www.santjosep.net\/wp-content\/uploads\/2022\/01\/cover_P1050005.jpg\",\"width\":1200,\"height\":900},{\"@type\":\"BreadcrumbList\",\"@id\":\"https:\/\/www.santjosep.net\/ca\/turisme-actiu\/snorkel\/ruta-snorkel-cala-tarida\/#breadcrumb\",\"itemListElement\":[{\"@type\":\"ListItem\",\"position\":1,\"name\":\"Turisme actiu\",\"item\":\"https:\/\/www.santjosep.net\/ca\/turisme-actiu\/\"},{\"@type\":\"ListItem\",\"position\":2,\"name\":\"Rutes Snorkel\",\"item\":\"https:\/\/www.santjosep.net\/ca\/turisme-actiu\/snorkel\/\"},{\"@type\":\"ListItem\",\"position\":3,\"name\":\"Cala Tarida\"}]},{\"@type\":\"WebSite\",\"@id\":\"https:\/\/www.santjosep.net\/#website\",\"url\":\"https:\/\/www.santjosep.net\/\",\"name\":\"Santjosep.net\",\"description\":\"\",\"potentialAction\":[{\"@type\":\"SearchAction\",\"target\":{\"@type\":\"EntryPoint\",\"urlTemplate\":\"https:\/\/www.santjosep.net\/?s={search_term_string}\"},\"query-input\":{\"@type\":\"PropertyValueSpecification\",\"valueRequired\":true,\"valueName\":\"search_term_string\"}}],\"inLanguage\":\"ca\"}]}<\/script>\n<!-- \/ Yoast SEO plugin. -->","yoast_head_json":{"title":"Cala Tarida - Santjosep.net","robots":{"index":"index","follow":"follow","max-snippet":"max-snippet:-1","max-image-preview":"max-image-preview:large","max-video-preview":"max-video-preview:-1"},"canonical":"https:\/\/www.santjosep.net\/ca\/turisme-actiu\/snorkel\/ruta-snorkel-cala-tarida\/","og_locale":"ca_ES","og_type":"article","og_title":"Cala Tarida - Santjosep.net","og_description":"[vc_row enable_hue_rotation=&#8221;no&#8221; enable_text_marquee=&#8221;no&#8221; el_id=&#8221;b1-fichaSnorkel&#8221; css=&#8221;.vc_custom_1759139254701{margin-bottom: 30px !important;}&#8221;][vc_column width=&#8221;7\/12&#8243;][vc_column_text css=&#8221;.vc_custom_1759397554268{margin-top: 0px !important;margin-right: 0px !important;margin-bottom: 0px !important;margin-left: 0px !important;padding-bottom: 2% !important;}&#8221;] Cala Tarida Rutes Snorkel [\/vc_column_text][\/vc_column][vc_column width=&#8221;1\/12&#8243;][\/vc_column][vc_column width=&#8221;4\/12&#8243;][vc_raw_html css=&#8221;&#8221;]JTNDYSUyMGNsYXNzJTNEJTIyZ2FsbGVyeUJ0biUyMHRhcmlkYS1nYWwlMjIlM0UlMEElMjAlMjAlMjAlMjAlM0NzcGFuJTIwY2xhc3MlM0QlMjJlZGd0Zi1pY29uLWZvbnQtYXdlc29tZSUyMGZhJTIwZmEtcGhvdG8lMjBlZGd0Zi1pY29uLWVsZW1lbnQlMjIlM0UlM0MlMkZzcGFuJTNFJTBBJTIwJTIwJTIwJTIwJTNDc3BhbiUyMGNsYXNzJTNEJTIybGlua2dhbCUyMiUzRUdhbGVyaWElMjBkJTI3aW1hdGdlcyUzQyUyRnNwYW4lM0UlMEElM0MlMkZhJTNF[\/vc_raw_html][\/vc_column][\/vc_row][vc_row enable_hue_rotation=&#8221;no&#8221; enable_text_marquee=&#8221;no&#8221; css=&#8221;.vc_custom_1759141761275{margin-bottom: 40px !important;}&#8221;][vc_column width=&#8221;7\/12&#8243;][vc_column_text css=&#8221;&#8221;]La merescudament famosa cala Tarida \u00e9s una [&hellip;]","og_url":"https:\/\/www.santjosep.net\/ca\/turisme-actiu\/snorkel\/ruta-snorkel-cala-tarida\/","og_site_name":"Santjosep.net","article_modified_time":"2025-10-02T09:34:14+00:00","og_image":[{"width":1200,"height":900,"url":"https:\/\/www.santjosep.net\/wp-content\/uploads\/2022\/01\/cover_P1050005.jpg","type":"image\/jpeg"}],"twitter_card":"summary_large_image","twitter_misc":{"Temps estimat de lectura":"3 minuts"},"schema":{"@context":"https:\/\/schema.org","@graph":[{"@type":"WebPage","@id":"https:\/\/www.santjosep.net\/ca\/turisme-actiu\/snorkel\/ruta-snorkel-cala-tarida\/","url":"https:\/\/www.santjosep.net\/ca\/turisme-actiu\/snorkel\/ruta-snorkel-cala-tarida\/","name":"Cala Tarida - Santjosep.net","isPartOf":{"@id":"https:\/\/www.santjosep.net\/#website"},"primaryImageOfPage":{"@id":"https:\/\/www.santjosep.net\/ca\/turisme-actiu\/snorkel\/ruta-snorkel-cala-tarida\/#primaryimage"},"image":{"@id":"https:\/\/www.santjosep.net\/ca\/turisme-actiu\/snorkel\/ruta-snorkel-cala-tarida\/#primaryimage"},"thumbnailUrl":"https:\/\/www.santjosep.net\/wp-content\/uploads\/2022\/01\/cover_P1050005.jpg","datePublished":"2022-01-04T14:37:48+00:00","dateModified":"2025-10-02T09:34:14+00:00","breadcrumb":{"@id":"https:\/\/www.santjosep.net\/ca\/turisme-actiu\/snorkel\/ruta-snorkel-cala-tarida\/#breadcrumb"},"inLanguage":"ca","potentialAction":[{"@type":"ReadAction","target":["https:\/\/www.santjosep.net\/ca\/turisme-actiu\/snorkel\/ruta-snorkel-cala-tarida\/"]}]},{"@type":"ImageObject","inLanguage":"ca","@id":"https:\/\/www.santjosep.net\/ca\/turisme-actiu\/snorkel\/ruta-snorkel-cala-tarida\/#primaryimage","url":"https:\/\/www.santjosep.net\/wp-content\/uploads\/2022\/01\/cover_P1050005.jpg","contentUrl":"https:\/\/www.santjosep.net\/wp-content\/uploads\/2022\/01\/cover_P1050005.jpg","width":1200,"height":900},{"@type":"BreadcrumbList","@id":"https:\/\/www.santjosep.net\/ca\/turisme-actiu\/snorkel\/ruta-snorkel-cala-tarida\/#breadcrumb","itemListElement":[{"@type":"ListItem","position":1,"name":"Turisme actiu","item":"https:\/\/www.santjosep.net\/ca\/turisme-actiu\/"},{"@type":"ListItem","position":2,"name":"Rutes Snorkel","item":"https:\/\/www.santjosep.net\/ca\/turisme-actiu\/snorkel\/"},{"@type":"ListItem","position":3,"name":"Cala Tarida"}]},{"@type":"WebSite","@id":"https:\/\/www.santjosep.net\/#website","url":"https:\/\/www.santjosep.net\/","name":"Santjosep.net","description":"","potentialAction":[{"@type":"SearchAction","target":{"@type":"EntryPoint","urlTemplate":"https:\/\/www.santjosep.net\/?s={search_term_string}"},"query-input":{"@type":"PropertyValueSpecification","valueRequired":true,"valueName":"search_term_string"}}],"inLanguage":"ca"}]}},"_links":{"self":[{"href":"https:\/\/www.santjosep.net\/ca\/wp-json\/wp\/v2\/pages\/28244","targetHints":{"allow":["GET"]}}],"collection":[{"href":"https:\/\/www.santjosep.net\/ca\/wp-json\/wp\/v2\/pages"}],"about":[{"href":"https:\/\/www.santjosep.net\/ca\/wp-json\/wp\/v2\/types\/page"}],"author":[{"embeddable":true,"href":"https:\/\/www.santjosep.net\/ca\/wp-json\/wp\/v2\/users\/1"}],"replies":[{"embeddable":true,"href":"https:\/\/www.santjosep.net\/ca\/wp-json\/wp\/v2\/comments?post=28244"}],"version-history":[{"count":2,"href":"https:\/\/www.santjosep.net\/ca\/wp-json\/wp\/v2\/pages\/28244\/revisions"}],"predecessor-version":[{"id":39020,"href":"https:\/\/www.santjosep.net\/ca\/wp-json\/wp\/v2\/pages\/28244\/revisions\/39020"}],"up":[{"embeddable":true,"href":"https:\/\/www.santjosep.net\/ca\/wp-json\/wp\/v2\/pages\/28101"}],"wp:featuredmedia":[{"embeddable":true,"href":"https:\/\/www.santjosep.net\/ca\/wp-json\/wp\/v2\/media\/27602"}],"wp:attachment":[{"href":"https:\/\/www.santjosep.net\/ca\/wp-json\/wp\/v2\/media?parent=28244"}],"wp:term":[{"taxonomy":"categoria_pagina","embeddable":true,"href":"https:\/\/www.santjosep.net\/ca\/wp-json\/wp\/v2\/categoria_pagina?post=28244"}],"curies":[{"name":"wp","href":"https:\/\/api.w.org\/{rel}","templated":true}]}}