{"id":28204,"date":"2021-12-13T13:57:30","date_gmt":"2021-12-13T12:57:30","guid":{"rendered":"https:\/\/www.santjosep.net\/activitats-esportives\/snorkel\/ruta-snorkel-en-platges-de-comte\/"},"modified":"2025-10-02T11:56:25","modified_gmt":"2025-10-02T09:56:25","slug":"ruta-snorkel-en-platges-de-comte","status":"publish","type":"page","link":"https:\/\/www.santjosep.net\/ca\/turisme-actiu\/snorkel\/ruta-snorkel-en-platges-de-comte\/","title":{"rendered":"Platges de Comte"},"content":{"rendered":"<div class=\"wpb-content-wrapper\"><p>[vc_row enable_hue_rotation=&#8221;no&#8221; enable_text_marquee=&#8221;no&#8221; el_id=&#8221;b1-fichaSnorkel&#8221; css=&#8221;.vc_custom_1759139254701{margin-bottom: 30px !important;}&#8221;][vc_column width=&#8221;7\/12&#8243;][vc_column_text css=&#8221;.vc_custom_1759398890339{margin-top: 0px !important;margin-right: 0px !important;margin-bottom: 0px !important;margin-left: 0px !important;padding-bottom: 2% !important;}&#8221;]<\/p>\n<h2>Platges de Comte<\/h2>\n<h3><a href=\"https:\/\/www.santjosep.net\/ca\/activitats-esportives\/snorkel\/\">Rutes Snorkel<\/a><\/h3>\n<p>[\/vc_column_text][\/vc_column][vc_column width=&#8221;1\/12&#8243;][\/vc_column][vc_column width=&#8221;4\/12&#8243;][vc_raw_html css=&#8221;&#8221;]JTNDYSUyMGNsYXNzJTNEJTIyZ2FsbGVyeUJ0biUyMGNvbXRlLWdhbCUyMiUzRSUwQSUyMCUyMCUyMCUyMCUzQ3NwYW4lMjBjbGFzcyUzRCUyMmVkZ3RmLWljb24tZm9udC1hd2Vzb21lJTIwZmElMjBmYS1waG90byUyMGVkZ3RmLWljb24tZWxlbWVudCUyMiUzRSUzQyUyRnNwYW4lM0UlMEElMjAlMjAlMjAlMjAlM0NzcGFuJTIwY2xhc3MlM0QlMjJsaW5rZ2FsJTIyJTNFR2FsZXJpYSUyMGQlMjdpbWF0Z2VzJTNDJTJGc3BhbiUzRSUwQSUzQyUyRmElM0U=[\/vc_raw_html][\/vc_column][\/vc_row][vc_row enable_hue_rotation=&#8221;no&#8221; enable_text_marquee=&#8221;no&#8221; css=&#8221;.vc_custom_1759141761275{margin-bottom: 40px !important;}&#8221;][vc_column width=&#8221;7\/12&#8243;][vc_column_text css=&#8221;&#8221;]Aquest fam\u00f3s tram litoral \u00e9s escenari de molt bones rutes d\u2019immersi\u00f3 lleugera per a tot tipus d\u2019usuaris. Entre les m\u00faltiples possibilitats us presentarem el tram que va entre dos coneguts restaurants en una petita cala rocosa pr\u00f2xima a l\u2019embarcador de transport de passatgers, des de la plataforma del qual podem entrar a l\u2019aigua per\u00f2 fora de la seua ruta.<\/p>\n<p>Trobam un fons en el qual feim peu, que adopta la forma de gran llosa de roca. Anirem seguint la l\u00ednia de costa cap a l\u2019altra punta i, si hi anam enganxats, la llosa es presenta a vegades com un rosari de pedres de mitjana grand\u00e0ria on veurem el colorit fadr\u00ed alimentant-se dels eri\u00e7ons que l\u2019entapissen.<\/p>\n<p>La llosa descendeix en progressiu pendent fins a descansar en un fons de posid\u00f2nia i arena per\u00f2 per a arribar-hi haureu de separar-vos-en i aconseguir una profunditat d\u2019uns tres metres.[\/vc_column_text][\/vc_column][vc_column width=&#8221;1\/12&#8243;][\/vc_column][vc_column width=&#8221;4\/12&#8243;][vc_raw_html css=&#8221;&#8221;]JTNDZGl2JTIwY2xhc3MlM0QlMjJiZWFjaEluZm9JdGVtJTIyJTNFJTBEJTBBJTIwJTIwJTNDZGl2JTIwY2xhc3MlM0QlMjJpY29uJTIyJTNFJTBEJTBBJTIwJTIwJTIwJTIwJTNDaW1nJTIwc3JjJTNEJTIyaHR0cHMlM0ElMkYlMkZ3d3cuc2FudGpvc2VwLm5ldCUyRndwLWNvbnRlbnQlMkZ1cGxvYWRzJTJGMjAyNSUyRjA5JTJGbG9jYXRpb24ucG5nJTIyJTIwYWx0JTNEJTIyTG9jYWxpdHphY2klQzMlQjMlMjIlM0UlMEQlMEElMjAlMjAlM0MlMkZkaXYlM0UlMEQlMEElMjAlMjAlM0NhJTIwaHJlZiUzRCUyMiUyM21hcCUyMiUzRVZldXJlJTIwbWFwYSUzQyUyRmElM0UlMEQlMEElM0MlMkZkaXYlM0UlMEQlMEElMEQlMEElM0NkaXYlMjBjbGFzcyUzRCUyMmJlYWNoSW5mb0l0ZW0lMjIlM0UlMEQlMEElMjAlMjAlM0NkaXYlMjBjbGFzcyUzRCUyMmljb24lMjIlM0UlMEQlMEElMjAlMjAlMjAlMjAlM0NpbWclMjBzcmMlM0QlMjJodHRwcyUzQSUyRiUyRnd3dy5zYW50am9zZXAubmV0JTJGd3AtY29udGVudCUyRnVwbG9hZHMlMkYyMDI1JTJGMDklMkZjb21vbGxlZ2FyLnBuZyUyMiUyMGFsdCUzRCUyMkNvbSUyMGFycmliYXItaGklM0YlMjIlM0UlMEQlMEElMjAlMjAlM0MlMkZkaXYlM0UlMEQlMEElMjAlMjAlM0NhJTIwaHJlZiUzRCUyMmh0dHBzJTNBJTJGJTJGd3d3Lmdvb2dsZS5jb20lMkZtYXBzJTJGcGxhY2UlMkYzOCUyNUMyJTI1QjA1NyUyNzUxLjUlMjUyMk4lMkIxJTI1QzIlMjVCMDEzJTI3MjUuNiUyNTIyRSUyRiU0MDM4Ljk2NDMxNjclMkMxLjIyMTU4OTMlMkMxMzEzbSUyRmRhdGElM0QlMjEzbTIlMjExZTMlMjE0YjElMjE0bTUlMjEzbTQlMjExczB4MCUzQTB4NTM4NDQ0YzJkNzU3ZDgzNCUyMThtMiUyMTNkMzguOTY0MzE2NyUyMTRkMS4yMjM3ODMzJTNGaGwlM0RlcyUyNnNob3J0dXJsJTNEMSUyMiUyMHRhcmdldCUzRCUyMl9ibGFuayUyMiUzRUNvbSUyMGFycmliYXItaGklM0YlM0MlMkZhJTNFJTBEJTBBJTNDJTJGZGl2JTNFJTBEJTBBJTBEJTBBJTNDZGl2JTIwY2xhc3MlM0QlMjJiZWFjaEluZm9JdGVtJTIyJTNFJTBEJTBBJTIwJTIwJTNDZGl2JTIwY2xhc3MlM0QlMjJpY29uJTIyJTNFJTBEJTBBJTIwJTIwJTIwJTIwJTNDaW1nJTIwc3JjJTNEJTIyaHR0cHMlM0ElMkYlMkZ3d3cuc2FudGpvc2VwLm5ldCUyRndwLWNvbnRlbnQlMkZ1cGxvYWRzJTJGMjAyNSUyRjA5JTJGc2VuYWwtZTE3NTkzMTE2NTYzMDAucG5nJTIyJTIwYWx0JTNEJTIySW5mb3JtYWNpJUMzJUIzJTIwcGxhdGphJTIwZW4lMjB0ZW1wcyUyMHJlYWwlMjIlM0UlMEQlMEElMjAlMjAlM0MlMkZkaXYlM0UlMEQlMEElMjAlMjAlM0NkaXYlM0UlMEQlMEElMjAlMjAlMjAlMjAlMjAlMjAlM0NwJTIwY2xhc3MlM0QlMjJsZXZlbC10aXRsZSUyMiUzRU5pdmVsbCUzQyUyRnAlM0UlMEQlMEElMjAlMjAlMjAlMjAlMjAlMjAlM0NwJTIwY2xhc3MlM0QlMjJsZXZlbC10ZXh0JTIyJTNFVG90cyUzQyUyRnAlM0UlMEQlMEElMjAlMjAlM0MlMkZkaXYlM0UlMEQlMEElM0MlMkZkaXYlM0UlMEQlMEE=[\/vc_raw_html][vc_column_text css=&#8221;.vc_custom_1759398963626{margin-top: 50px !important;}&#8221; el_class=&#8221;snorkel-recomendations&#8221;]<\/p>\n<h3>Recomendaciones<\/h3>\n<p class=\"recomendation-text\">Compte amb les embarcacions de passatgers.<\/p>\n<p>[\/vc_column_text][\/vc_column][\/vc_row][vc_row enable_hue_rotation=&#8221;no&#8221; enable_text_marquee=&#8221;no&#8221; css=&#8221;.vc_custom_1759141829130{margin-bottom: 40px !important;}&#8221;][vc_column][vc_column_text css=&#8221;&#8221;]La continu\u00eftat d\u2019aquesta plataforma es veu a vegades interrompuda per fondalades d\u2019arena en la qual podrem veure molls roquers removent el fons per treure les petites preses. Molt m\u00e9s dif\u00edcil ser\u00e0 trobar-nos amb el peix ballesta (<i>Balistes caroligensis<\/i>) que, sempre solitari, s\u2019ha vist en aquestes aig\u00fces com a exemplar jove prop d\u2019elements en flotaci\u00f3, com algun cap de fondeig o un feix de posid\u00f2nia a la deriva.<\/p>\n<p style=\"text-align: left;\">En arribar a l\u2019altra part, la que \u00e9s sota el restaurant que \u00e9s a l\u2019altre extrem, la paret cau decididament d\u2019una manera escalonada fins a l\u2019arena, a uns cinc metres, i destaca alguna roca dispersa. Aquesta refer\u00e8ncia pot ser adequada per a invertir el sentit i tornar al punt d\u2019inici despr\u00e9s d\u2019una senzilla per\u00f2 molt completa immersi\u00f3 en les aig\u00fces sempre blanqu\u00edssimes de les <a href=\"https:\/\/www.santjosep.net\/ca\/veure\/platges\/platges-de-comte\/\">platges de Comte<\/a>.<\/p>\n<p>[\/vc_column_text][\/vc_column][\/vc_row][vc_row enable_hue_rotation=&#8221;no&#8221; enable_text_marquee=&#8221;no&#8221; css=&#8221;.vc_custom_1759142695136{margin-bottom: 40px !important;}&#8221; el_id=&#8221;infografia&#8221;][vc_column][vc_column_text css=&#8221;.vc_custom_1759389123417{padding-top: 2% !important;}&#8221; el_class=&#8221;snorkel-subtitle&#8221;]<\/p>\n<h3>Infografia<\/h3>\n<p>[\/vc_column_text][vc_single_image image=&#8221;26916&#8243; img_size=&#8221;full&#8221;][\/vc_column][\/vc_row][vc_row enable_hue_rotation=&#8221;no&#8221; enable_text_marquee=&#8221;no&#8221; css=&#8221;.vc_custom_1759141783219{padding-bottom: 5% !important;}&#8221; el_id=&#8221;map&#8221;][vc_column][vc_column_text css=&#8221;.vc_custom_1759389130537{padding-top: 2% !important;padding-bottom: 2% !important;}&#8221; el_class=&#8221;snorkel-subtitle&#8221;]<\/p>\n<div style=\"position: relative;\">\n<p><a style=\"position: absolute; top: -250px;\" name=\"loc\"><\/a><\/p>\n<h3>Ubicaci\u00f3<\/h3>\n<\/div>\n<p>[\/vc_column_text][vc_raw_html css=&#8221;&#8221;]JTNDaWZyYW1lJTIwJTBBJTIwJTIwc3JjJTNEJTIyaHR0cHMlM0ElMkYlMkZ3d3cuZ29vZ2xlLmNvbSUyRm1hcHMlMkZlbWJlZCUzRnBiJTNEJTIxMW0xOCUyMTFtMTIlMjExbTMlMjExZDU3MTkuNzQ0NDAzNzI3Mzc0JTIxMmQxLjIyMTU5NDYxNjMzNzM1MzclMjEzZDM4Ljk2NDMxNjY3OTU2MDMyJTIxMm0zJTIxMWYwJTIxMmYwJTIxM2YwJTIxM20yJTIxMWkxMDI0JTIxMmk3NjglMjE0ZjEzLjElMjEzbTMlMjExbTIlMjExczB4MCUyNTNBMHg1Mzg0NDRjMmQ3NTdkODM0JTIxMnpNempDc0RVM0p6VXhMalVpVGlBeHdyQXhNeWN5TlM0MklrVSUyMTVlMCUyMTNtMiUyMTFzZXMlMjEyc2VzJTIxNHYxNjQxMzA0MDMxOTg1JTIxNW0yJTIxMXNlcyUyMTJzZXMlMjIlMjAlMEElMjAlMjB3aWR0aCUzRCUyMjEwMCUyNSUyMiUyMCUwQSUyMCUyMGhlaWdodCUzRCUyMjYwMCUyMiUyMCUwQSUyMCUyMHN0eWxlJTNEJTIyYm9yZGVyJTNBMCUzQiUyMiUyMCUwQSUyMCUyMGFsbG93ZnVsbHNjcmVlbiUzRCUyMiUyMiUyMCUwQSUyMCUyMGxvYWRpbmclM0QlMjJsYXp5JTIyJTNFJTBBJTNDJTJGaWZyYW1lJTNFJTBB[\/vc_raw_html][\/vc_column][\/vc_row][vc_row full_width=&#8221;stretch_row_content_no_spaces&#8221; full_height=&#8221;yes&#8221; equal_height=&#8221;yes&#8221; enable_hue_rotation=&#8221;no&#8221; enable_text_marquee=&#8221;no&#8221; css=&#8221;.vc_custom_1639477372308{padding-top: 5% !important;}&#8221; el_id=&#8221;bmosaico&#8221;][vc_column][vc_row_inner equal_height=&#8221;yes&#8221;][vc_column_inner width=&#8221;1\/2&#8243;][vc_single_image image=&#8221;27318&#8243; img_size=&#8221;full&#8221;][vc_single_image image=&#8221;27353&#8243; img_size=&#8221;full&#8221;][\/vc_column_inner][vc_column_inner width=&#8221;1\/2&#8243; css=&#8221;.vc_custom_1641304477718{background-image: url(https:\/\/www.santjosep.net\/wp-content\/uploads\/2021\/12\/P1018521.jpg?id=26880) !important;background-position: center !important;background-repeat: no-repeat !important;background-size: cover !important;}&#8221;][\/vc_column_inner][\/vc_row_inner][\/vc_column][\/vc_row]<\/p>\n<\/div>","protected":false},"excerpt":{"rendered":"<p>[vc_row enable_hue_rotation=&#8221;no&#8221; enable_text_marquee=&#8221;no&#8221; el_id=&#8221;b1-fichaSnorkel&#8221; css=&#8221;.vc_custom_1759139254701{margin-bottom: 30px !important;}&#8221;][vc_column width=&#8221;7\/12&#8243;][vc_column_text css=&#8221;.vc_custom_1759398890339{margin-top: 0px !important;margin-right: 0px !important;margin-bottom: 0px !important;margin-left: 0px !important;padding-bottom: 2% !important;}&#8221;] Platges de Comte Rutes Snorkel [\/vc_column_text][\/vc_column][vc_column width=&#8221;1\/12&#8243;][\/vc_column][vc_column width=&#8221;4\/12&#8243;][vc_raw_html css=&#8221;&#8221;]JTNDYSUyMGNsYXNzJTNEJTIyZ2FsbGVyeUJ0biUyMGNvbXRlLWdhbCUyMiUzRSUwQSUyMCUyMCUyMCUyMCUzQ3NwYW4lMjBjbGFzcyUzRCUyMmVkZ3RmLWljb24tZm9udC1hd2Vzb21lJTIwZmElMjBmYS1waG90byUyMGVkZ3RmLWljb24tZWxlbWVudCUyMiUzRSUzQyUyRnNwYW4lM0UlMEElMjAlMjAlMjAlMjAlM0NzcGFuJTIwY2xhc3MlM0QlMjJsaW5rZ2FsJTIyJTNFR2FsZXJpYSUyMGQlMjdpbWF0Z2VzJTNDJTJGc3BhbiUzRSUwQSUzQyUyRmElM0U=[\/vc_raw_html][\/vc_column][\/vc_row][vc_row enable_hue_rotation=&#8221;no&#8221; enable_text_marquee=&#8221;no&#8221; css=&#8221;.vc_custom_1759141761275{margin-bottom: 40px !important;}&#8221;][vc_column width=&#8221;7\/12&#8243;][vc_column_text css=&#8221;&#8221;]Aquest fam\u00f3s tram litoral \u00e9s escenari [&hellip;]<\/p>\n","protected":false},"author":1,"featured_media":27333,"parent":28101,"menu_order":0,"comment_status":"closed","ping_status":"closed","template":"page-actividad.php","meta":{"_acf_changed":false,"inline_featured_image":false,"footnotes":""},"categoria_pagina":[],"class_list":["post-28204","page","type-page","status-publish","has-post-thumbnail","hentry"],"acf":[],"yoast_head":"<!-- This site is optimized with the Yoast SEO plugin v25.7 - https:\/\/yoast.com\/wordpress\/plugins\/seo\/ -->\n<title>Platges de Comte - Santjosep.net<\/title>\n<meta name=\"robots\" content=\"index, follow, max-snippet:-1, max-image-preview:large, max-video-preview:-1\" \/>\n<link rel=\"canonical\" href=\"https:\/\/www.santjosep.net\/ca\/turisme-actiu\/snorkel\/ruta-snorkel-en-platges-de-comte\/\" \/>\n<meta property=\"og:locale\" content=\"ca_ES\" \/>\n<meta property=\"og:type\" content=\"article\" \/>\n<meta property=\"og:title\" content=\"Platges de Comte - Santjosep.net\" \/>\n<meta property=\"og:description\" content=\"[vc_row enable_hue_rotation=&#8221;no&#8221; enable_text_marquee=&#8221;no&#8221; el_id=&#8221;b1-fichaSnorkel&#8221; css=&#8221;.vc_custom_1759139254701{margin-bottom: 30px !important;}&#8221;][vc_column width=&#8221;7\/12&#8243;][vc_column_text css=&#8221;.vc_custom_1759398890339{margin-top: 0px !important;margin-right: 0px !important;margin-bottom: 0px !important;margin-left: 0px !important;padding-bottom: 2% !important;}&#8221;] Platges de Comte Rutes Snorkel [\/vc_column_text][\/vc_column][vc_column width=&#8221;1\/12&#8243;][\/vc_column][vc_column width=&#8221;4\/12&#8243;][vc_raw_html css=&#8221;&#8221;]JTNDYSUyMGNsYXNzJTNEJTIyZ2FsbGVyeUJ0biUyMGNvbXRlLWdhbCUyMiUzRSUwQSUyMCUyMCUyMCUyMCUzQ3NwYW4lMjBjbGFzcyUzRCUyMmVkZ3RmLWljb24tZm9udC1hd2Vzb21lJTIwZmElMjBmYS1waG90byUyMGVkZ3RmLWljb24tZWxlbWVudCUyMiUzRSUzQyUyRnNwYW4lM0UlMEElMjAlMjAlMjAlMjAlM0NzcGFuJTIwY2xhc3MlM0QlMjJsaW5rZ2FsJTIyJTNFR2FsZXJpYSUyMGQlMjdpbWF0Z2VzJTNDJTJGc3BhbiUzRSUwQSUzQyUyRmElM0U=[\/vc_raw_html][\/vc_column][\/vc_row][vc_row enable_hue_rotation=&#8221;no&#8221; enable_text_marquee=&#8221;no&#8221; css=&#8221;.vc_custom_1759141761275{margin-bottom: 40px !important;}&#8221;][vc_column width=&#8221;7\/12&#8243;][vc_column_text css=&#8221;&#8221;]Aquest fam\u00f3s tram litoral \u00e9s escenari [&hellip;]\" \/>\n<meta property=\"og:url\" content=\"https:\/\/www.santjosep.net\/ca\/turisme-actiu\/snorkel\/ruta-snorkel-en-platges-de-comte\/\" \/>\n<meta property=\"og:site_name\" content=\"Santjosep.net\" \/>\n<meta property=\"article:modified_time\" content=\"2025-10-02T09:56:25+00:00\" \/>\n<meta property=\"og:image\" content=\"https:\/\/www.santjosep.net\/wp-content\/uploads\/2022\/01\/cover_DJI_0001-1024x768.jpg\" \/>\n\t<meta property=\"og:image:width\" content=\"1024\" \/>\n\t<meta property=\"og:image:height\" content=\"768\" \/>\n\t<meta property=\"og:image:type\" content=\"image\/jpeg\" \/>\n<meta name=\"twitter:card\" content=\"summary_large_image\" \/>\n<meta name=\"twitter:label1\" content=\"Temps estimat de lectura\" \/>\n\t<meta name=\"twitter:data1\" content=\"3 minuts\" \/>\n<script type=\"application\/ld+json\" class=\"yoast-schema-graph\">{\"@context\":\"https:\/\/schema.org\",\"@graph\":[{\"@type\":\"WebPage\",\"@id\":\"https:\/\/www.santjosep.net\/ca\/turisme-actiu\/snorkel\/ruta-snorkel-en-platges-de-comte\/\",\"url\":\"https:\/\/www.santjosep.net\/ca\/turisme-actiu\/snorkel\/ruta-snorkel-en-platges-de-comte\/\",\"name\":\"Platges de Comte - Santjosep.net\",\"isPartOf\":{\"@id\":\"https:\/\/www.santjosep.net\/#website\"},\"primaryImageOfPage\":{\"@id\":\"https:\/\/www.santjosep.net\/ca\/turisme-actiu\/snorkel\/ruta-snorkel-en-platges-de-comte\/#primaryimage\"},\"image\":{\"@id\":\"https:\/\/www.santjosep.net\/ca\/turisme-actiu\/snorkel\/ruta-snorkel-en-platges-de-comte\/#primaryimage\"},\"thumbnailUrl\":\"https:\/\/www.santjosep.net\/wp-content\/uploads\/2022\/01\/cover_DJI_0001.jpg\",\"datePublished\":\"2021-12-13T12:57:30+00:00\",\"dateModified\":\"2025-10-02T09:56:25+00:00\",\"breadcrumb\":{\"@id\":\"https:\/\/www.santjosep.net\/ca\/turisme-actiu\/snorkel\/ruta-snorkel-en-platges-de-comte\/#breadcrumb\"},\"inLanguage\":\"ca\",\"potentialAction\":[{\"@type\":\"ReadAction\",\"target\":[\"https:\/\/www.santjosep.net\/ca\/turisme-actiu\/snorkel\/ruta-snorkel-en-platges-de-comte\/\"]}]},{\"@type\":\"ImageObject\",\"inLanguage\":\"ca\",\"@id\":\"https:\/\/www.santjosep.net\/ca\/turisme-actiu\/snorkel\/ruta-snorkel-en-platges-de-comte\/#primaryimage\",\"url\":\"https:\/\/www.santjosep.net\/wp-content\/uploads\/2022\/01\/cover_DJI_0001.jpg\",\"contentUrl\":\"https:\/\/www.santjosep.net\/wp-content\/uploads\/2022\/01\/cover_DJI_0001.jpg\",\"width\":2500,\"height\":1875},{\"@type\":\"BreadcrumbList\",\"@id\":\"https:\/\/www.santjosep.net\/ca\/turisme-actiu\/snorkel\/ruta-snorkel-en-platges-de-comte\/#breadcrumb\",\"itemListElement\":[{\"@type\":\"ListItem\",\"position\":1,\"name\":\"Turisme actiu\",\"item\":\"https:\/\/www.santjosep.net\/ca\/turisme-actiu\/\"},{\"@type\":\"ListItem\",\"position\":2,\"name\":\"Rutes Snorkel\",\"item\":\"https:\/\/www.santjosep.net\/ca\/turisme-actiu\/snorkel\/\"},{\"@type\":\"ListItem\",\"position\":3,\"name\":\"Platges de Comte\"}]},{\"@type\":\"WebSite\",\"@id\":\"https:\/\/www.santjosep.net\/#website\",\"url\":\"https:\/\/www.santjosep.net\/\",\"name\":\"Santjosep.net\",\"description\":\"\",\"potentialAction\":[{\"@type\":\"SearchAction\",\"target\":{\"@type\":\"EntryPoint\",\"urlTemplate\":\"https:\/\/www.santjosep.net\/?s={search_term_string}\"},\"query-input\":{\"@type\":\"PropertyValueSpecification\",\"valueRequired\":true,\"valueName\":\"search_term_string\"}}],\"inLanguage\":\"ca\"}]}<\/script>\n<!-- \/ Yoast SEO plugin. -->","yoast_head_json":{"title":"Platges de Comte - Santjosep.net","robots":{"index":"index","follow":"follow","max-snippet":"max-snippet:-1","max-image-preview":"max-image-preview:large","max-video-preview":"max-video-preview:-1"},"canonical":"https:\/\/www.santjosep.net\/ca\/turisme-actiu\/snorkel\/ruta-snorkel-en-platges-de-comte\/","og_locale":"ca_ES","og_type":"article","og_title":"Platges de Comte - Santjosep.net","og_description":"[vc_row enable_hue_rotation=&#8221;no&#8221; enable_text_marquee=&#8221;no&#8221; el_id=&#8221;b1-fichaSnorkel&#8221; css=&#8221;.vc_custom_1759139254701{margin-bottom: 30px !important;}&#8221;][vc_column width=&#8221;7\/12&#8243;][vc_column_text css=&#8221;.vc_custom_1759398890339{margin-top: 0px !important;margin-right: 0px !important;margin-bottom: 0px !important;margin-left: 0px !important;padding-bottom: 2% !important;}&#8221;] Platges de Comte Rutes Snorkel [\/vc_column_text][\/vc_column][vc_column width=&#8221;1\/12&#8243;][\/vc_column][vc_column width=&#8221;4\/12&#8243;][vc_raw_html css=&#8221;&#8221;]JTNDYSUyMGNsYXNzJTNEJTIyZ2FsbGVyeUJ0biUyMGNvbXRlLWdhbCUyMiUzRSUwQSUyMCUyMCUyMCUyMCUzQ3NwYW4lMjBjbGFzcyUzRCUyMmVkZ3RmLWljb24tZm9udC1hd2Vzb21lJTIwZmElMjBmYS1waG90byUyMGVkZ3RmLWljb24tZWxlbWVudCUyMiUzRSUzQyUyRnNwYW4lM0UlMEElMjAlMjAlMjAlMjAlM0NzcGFuJTIwY2xhc3MlM0QlMjJsaW5rZ2FsJTIyJTNFR2FsZXJpYSUyMGQlMjdpbWF0Z2VzJTNDJTJGc3BhbiUzRSUwQSUzQyUyRmElM0U=[\/vc_raw_html][\/vc_column][\/vc_row][vc_row enable_hue_rotation=&#8221;no&#8221; enable_text_marquee=&#8221;no&#8221; css=&#8221;.vc_custom_1759141761275{margin-bottom: 40px !important;}&#8221;][vc_column width=&#8221;7\/12&#8243;][vc_column_text css=&#8221;&#8221;]Aquest fam\u00f3s tram litoral \u00e9s escenari [&hellip;]","og_url":"https:\/\/www.santjosep.net\/ca\/turisme-actiu\/snorkel\/ruta-snorkel-en-platges-de-comte\/","og_site_name":"Santjosep.net","article_modified_time":"2025-10-02T09:56:25+00:00","og_image":[{"width":1024,"height":768,"url":"https:\/\/www.santjosep.net\/wp-content\/uploads\/2022\/01\/cover_DJI_0001-1024x768.jpg","type":"image\/jpeg"}],"twitter_card":"summary_large_image","twitter_misc":{"Temps estimat de lectura":"3 minuts"},"schema":{"@context":"https:\/\/schema.org","@graph":[{"@type":"WebPage","@id":"https:\/\/www.santjosep.net\/ca\/turisme-actiu\/snorkel\/ruta-snorkel-en-platges-de-comte\/","url":"https:\/\/www.santjosep.net\/ca\/turisme-actiu\/snorkel\/ruta-snorkel-en-platges-de-comte\/","name":"Platges de Comte - Santjosep.net","isPartOf":{"@id":"https:\/\/www.santjosep.net\/#website"},"primaryImageOfPage":{"@id":"https:\/\/www.santjosep.net\/ca\/turisme-actiu\/snorkel\/ruta-snorkel-en-platges-de-comte\/#primaryimage"},"image":{"@id":"https:\/\/www.santjosep.net\/ca\/turisme-actiu\/snorkel\/ruta-snorkel-en-platges-de-comte\/#primaryimage"},"thumbnailUrl":"https:\/\/www.santjosep.net\/wp-content\/uploads\/2022\/01\/cover_DJI_0001.jpg","datePublished":"2021-12-13T12:57:30+00:00","dateModified":"2025-10-02T09:56:25+00:00","breadcrumb":{"@id":"https:\/\/www.santjosep.net\/ca\/turisme-actiu\/snorkel\/ruta-snorkel-en-platges-de-comte\/#breadcrumb"},"inLanguage":"ca","potentialAction":[{"@type":"ReadAction","target":["https:\/\/www.santjosep.net\/ca\/turisme-actiu\/snorkel\/ruta-snorkel-en-platges-de-comte\/"]}]},{"@type":"ImageObject","inLanguage":"ca","@id":"https:\/\/www.santjosep.net\/ca\/turisme-actiu\/snorkel\/ruta-snorkel-en-platges-de-comte\/#primaryimage","url":"https:\/\/www.santjosep.net\/wp-content\/uploads\/2022\/01\/cover_DJI_0001.jpg","contentUrl":"https:\/\/www.santjosep.net\/wp-content\/uploads\/2022\/01\/cover_DJI_0001.jpg","width":2500,"height":1875},{"@type":"BreadcrumbList","@id":"https:\/\/www.santjosep.net\/ca\/turisme-actiu\/snorkel\/ruta-snorkel-en-platges-de-comte\/#breadcrumb","itemListElement":[{"@type":"ListItem","position":1,"name":"Turisme actiu","item":"https:\/\/www.santjosep.net\/ca\/turisme-actiu\/"},{"@type":"ListItem","position":2,"name":"Rutes Snorkel","item":"https:\/\/www.santjosep.net\/ca\/turisme-actiu\/snorkel\/"},{"@type":"ListItem","position":3,"name":"Platges de Comte"}]},{"@type":"WebSite","@id":"https:\/\/www.santjosep.net\/#website","url":"https:\/\/www.santjosep.net\/","name":"Santjosep.net","description":"","potentialAction":[{"@type":"SearchAction","target":{"@type":"EntryPoint","urlTemplate":"https:\/\/www.santjosep.net\/?s={search_term_string}"},"query-input":{"@type":"PropertyValueSpecification","valueRequired":true,"valueName":"search_term_string"}}],"inLanguage":"ca"}]}},"_links":{"self":[{"href":"https:\/\/www.santjosep.net\/ca\/wp-json\/wp\/v2\/pages\/28204","targetHints":{"allow":["GET"]}}],"collection":[{"href":"https:\/\/www.santjosep.net\/ca\/wp-json\/wp\/v2\/pages"}],"about":[{"href":"https:\/\/www.santjosep.net\/ca\/wp-json\/wp\/v2\/types\/page"}],"author":[{"embeddable":true,"href":"https:\/\/www.santjosep.net\/ca\/wp-json\/wp\/v2\/users\/1"}],"replies":[{"embeddable":true,"href":"https:\/\/www.santjosep.net\/ca\/wp-json\/wp\/v2\/comments?post=28204"}],"version-history":[{"count":2,"href":"https:\/\/www.santjosep.net\/ca\/wp-json\/wp\/v2\/pages\/28204\/revisions"}],"predecessor-version":[{"id":39028,"href":"https:\/\/www.santjosep.net\/ca\/wp-json\/wp\/v2\/pages\/28204\/revisions\/39028"}],"up":[{"embeddable":true,"href":"https:\/\/www.santjosep.net\/ca\/wp-json\/wp\/v2\/pages\/28101"}],"wp:featuredmedia":[{"embeddable":true,"href":"https:\/\/www.santjosep.net\/ca\/wp-json\/wp\/v2\/media\/27333"}],"wp:attachment":[{"href":"https:\/\/www.santjosep.net\/ca\/wp-json\/wp\/v2\/media?parent=28204"}],"wp:term":[{"taxonomy":"categoria_pagina","embeddable":true,"href":"https:\/\/www.santjosep.net\/ca\/wp-json\/wp\/v2\/categoria_pagina?post=28204"}],"curies":[{"name":"wp","href":"https:\/\/api.w.org\/{rel}","templated":true}]}}