{"id":28178,"date":"2022-01-04T14:02:57","date_gmt":"2022-01-04T13:02:57","guid":{"rendered":"https:\/\/www.santjosep.net\/activitats-esportives\/snorkel\/ruta-snorkel-port-des-torrent\/"},"modified":"2025-10-02T11:39:23","modified_gmt":"2025-10-02T09:39:23","slug":"ruta-snorkel-port-des-torrent","status":"publish","type":"page","link":"https:\/\/www.santjosep.net\/ca\/turisme-actiu\/snorkel\/ruta-snorkel-port-des-torrent\/","title":{"rendered":"Port des Torrent"},"content":{"rendered":"<div class=\"wpb-content-wrapper\"><p>[vc_row enable_hue_rotation=&#8221;no&#8221; enable_text_marquee=&#8221;no&#8221; el_id=&#8221;b1-fichaSnorkel&#8221; css=&#8221;.vc_custom_1759139254701{margin-bottom: 30px !important;}&#8221;][vc_column width=&#8221;7\/12&#8243;][vc_column_text css=&#8221;.vc_custom_1759397837828{margin-top: 0px !important;margin-right: 0px !important;margin-bottom: 0px !important;margin-left: 0px !important;padding-bottom: 2% !important;}&#8221;]<\/p>\n<h2>Port des Torrent<\/h2>\n<h3><a href=\"https:\/\/www.santjosep.net\/actividades-deportivas\/snorkel\/\">Rutes Snorkel<\/a><\/h3>\n<p>[\/vc_column_text][\/vc_column][vc_column width=&#8221;1\/12&#8243;][\/vc_column][vc_column width=&#8221;4\/12&#8243;][vc_raw_html css=&#8221;&#8221;]JTNDYSUyMGNsYXNzJTNEJTIyZ2FsbGVyeUJ0biUyMHRvcnJlbnQtZ2FsJTIyJTNFJTBBJTIwJTIwJTIwJTIwJTNDc3BhbiUyMGNsYXNzJTNEJTIyZWRndGYtaWNvbi1mb250LWF3ZXNvbWUlMjBmYSUyMGZhLXBob3RvJTIwZWRndGYtaWNvbi1lbGVtZW50JTIyJTNFJTNDJTJGc3BhbiUzRSUwQSUyMCUyMCUyMCUyMCUzQ3NwYW4lMjBjbGFzcyUzRCUyMmxpbmtnYWwlMjIlM0VHYWxlcmlhJTIwZCUyN2ltYXRnZXMlM0MlMkZzcGFuJTNFJTBBJTNDJTJGYSUzRQ==[\/vc_raw_html][\/vc_column][\/vc_row][vc_row enable_hue_rotation=&#8221;no&#8221; enable_text_marquee=&#8221;no&#8221; css=&#8221;.vc_custom_1759141761275{margin-bottom: 40px !important;}&#8221;][vc_column width=&#8221;7\/12&#8243;][vc_column_text css=&#8221;&#8221;]Iniciam aquesta ruta d\u2019immersi\u00f3 lleugera en una petita plataforma de roca pr\u00f2xima a l\u2019embarcador que porta a Sant Antoni. De seguida trobam un fons de roca en forma de plataforma \u00e0mplia que descendeix d\u2019una manera escalonada, encara que en trams es mostra vertical per a descansar en un fons d\u2019espessa prada de posid\u00f2nia que es va alternant amb arenals blancs. Rec\u00f3rrer el final de la plataforma permetr\u00e0 als apneistes descensos a profunditats de m\u00e9s de cinc metres, on veurem grups de salpes i sards i, ja a l\u2019arenal, mabres que remouen el fons per buscar petits crustacis dels quals alimentar-se.<\/p>\n<p>Per\u00f2 si el que ens agrada \u00e9s veure la vida pr\u00f2xima, sense descendir anirem per damunt la plataforma que apareix perforada i entapissada d\u2019algues marrons. Aqu\u00ed abunden els tords, que picotegen les algues, bl\u00e8nids o cabots sempre vigilants i vistosos fadrins (<i>Thalasoma pavo<\/i>).[\/vc_column_text][\/vc_column][vc_column width=&#8221;1\/12&#8243;][\/vc_column][vc_column width=&#8221;4\/12&#8243;][vc_raw_html css=&#8221;&#8221;]JTNDZGl2JTIwY2xhc3MlM0QlMjJiZWFjaEluZm9JdGVtJTIyJTNFJTBEJTBBJTIwJTIwJTNDZGl2JTIwY2xhc3MlM0QlMjJpY29uJTIyJTNFJTBEJTBBJTIwJTIwJTIwJTIwJTNDaW1nJTIwc3JjJTNEJTIyaHR0cHMlM0ElMkYlMkZ3d3cuc2FudGpvc2VwLm5ldCUyRndwLWNvbnRlbnQlMkZ1cGxvYWRzJTJGMjAyNSUyRjA5JTJGbG9jYXRpb24ucG5nJTIyJTIwYWx0JTNEJTIyTG9jYWxpdHphY2klQzMlQjMlMjIlM0UlMEQlMEElMjAlMjAlM0MlMkZkaXYlM0UlMEQlMEElMjAlMjAlM0NhJTIwaHJlZiUzRCUyMiUyM21hcCUyMiUzRVZldXJlJTIwbWFwYSUzQyUyRmElM0UlMEQlMEElM0MlMkZkaXYlM0UlMEQlMEElMEQlMEElM0NkaXYlMjBjbGFzcyUzRCUyMmJlYWNoSW5mb0l0ZW0lMjIlM0UlMEQlMEElMjAlMjAlM0NkaXYlMjBjbGFzcyUzRCUyMmljb24lMjIlM0UlMEQlMEElMjAlMjAlMjAlMjAlM0NpbWclMjBzcmMlM0QlMjJodHRwcyUzQSUyRiUyRnd3dy5zYW50am9zZXAubmV0JTJGd3AtY29udGVudCUyRnVwbG9hZHMlMkYyMDI1JTJGMDklMkZjb21vbGxlZ2FyLnBuZyUyMiUyMGFsdCUzRCUyMkNvbSUyMGFycmliYXItaGklM0YlMjIlM0UlMEQlMEElMjAlMjAlM0MlMkZkaXYlM0UlMEQlMEElMjAlMjAlM0NhJTIwaHJlZiUzRCUyMmh0dHBzJTNBJTJGJTJGd3d3Lmdvb2dsZS5jb20lMkZtYXBzJTJGcGxhY2UlMkYzOCUyNUMyJTI1QjA1OCUyNzAxLjMlMjUyMk4lMkIxJTI1QzIlMjVCMDE2JTI3MDAuNyUyNTIyRSUyRiU0MDM4Ljk2NzAyNzglMkMxLjI2Njg2MTElMkMxMjU4bSUyRmRhdGElM0QlMjEzbTIlMjExZTMlMjE0YjElMjE0bTQlMjEzbTMlMjE4bTIlMjEzZDM4Ljk2NzAyNzglMjE0ZDEuMjY2ODYxMSUzRmhsJTNEZXMlMjZlbnRyeSUzRHR0dSUyNmdfZXAlM0RFZ295TURJMU1Ea3lPUzR3SUtYTURTb0FTQUZRQXclMjUzRCUyNTNEJTIyJTIwdGFyZ2V0JTNEJTIyX2JsYW5rJTIyJTNFQ29tJTIwYXJyaWJhci1oaSUzRiUzQyUyRmElM0UlMEQlMEElM0MlMkZkaXYlM0UlMEQlMEElMEQlMEElM0NkaXYlMjBjbGFzcyUzRCUyMmJlYWNoSW5mb0l0ZW0lMjIlM0UlMEQlMEElMjAlMjAlM0NkaXYlMjBjbGFzcyUzRCUyMmljb24lMjIlM0UlMEQlMEElMjAlMjAlMjAlMjAlM0NpbWclMjBzcmMlM0QlMjJodHRwcyUzQSUyRiUyRnd3dy5zYW50am9zZXAubmV0JTJGd3AtY29udGVudCUyRnVwbG9hZHMlMkYyMDI1JTJGMDklMkZzZW5hbC1lMTc1OTMxMTY1NjMwMC5wbmclMjIlMjBhbHQlM0QlMjJJbmZvcm1hY2klQzMlQjMlMjBwbGF0amElMjBlbiUyMHRlbXBzJTIwcmVhbCUyMiUzRSUwRCUwQSUyMCUyMCUzQyUyRmRpdiUzRSUwRCUwQSUyMCUyMCUzQ2RpdiUzRSUwRCUwQSUyMCUyMCUyMCUyMCUyMCUyMCUzQ3AlMjBjbGFzcyUzRCUyMmxldmVsLXRpdGxlJTIyJTNFTml2ZWxsJTNDJTJGcCUzRSUwRCUwQSUyMCUyMCUyMCUyMCUyMCUyMCUzQ3AlMjBjbGFzcyUzRCUyMmxldmVsLXRleHQlMjIlM0VGJUMzJUEwY2lsJTNDJTJGcCUzRSUwRCUwQSUyMCUyMCUzQyUyRmRpdiUzRSUwRCUwQSUzQyUyRmRpdiUzRSUwRCUwQQ==[\/vc_raw_html][vc_column_text css=&#8221;.vc_custom_1759397942546{margin-top: 50px !important;}&#8221; el_class=&#8221;snorkel-recomendations&#8221;]<\/p>\n<h3>Recomendaciones<\/h3>\n<p class=\"recomendation-text\">El recorregut proposat ens portar\u00e0 en direcci\u00f3 a les casetes de pescadors encara que, com que s\u00f3n bastant lluny, no \u00e9s necessari arribar-hi i en qualsevol moment en qu\u00e8 ens abelleixi invertirem el rumb per tornar al punt d\u2019inici.<\/p>\n<p>[\/vc_column_text][\/vc_column][\/vc_row][vc_row enable_hue_rotation=&#8221;no&#8221; enable_text_marquee=&#8221;no&#8221; css=&#8221;.vc_custom_1759141829130{margin-bottom: 40px !important;}&#8221;][vc_column][vc_column_text css=&#8221;&#8221;]Els eri\u00e7ons abunden entre els buits de la llosa, i a les aig\u00fces m\u00e9s profundes s\u00f3n habituals els bancs de peixos petits que a vegades es mouen violentament per\u00f2 tots a una en veure\u2019s perseguits per algun ca\u00e7ador com el llobarro o el d\u00e9ntol.<\/p>\n<p>A mesura que avan\u00e7am, la paret es plega en t\u00e0lveg, destaquen roques de despreniment que ofereixen infinitat de senderes entretengudes per a gaudir d\u2019uns fons rics i acollidors.[\/vc_column_text][\/vc_column][\/vc_row][vc_row enable_hue_rotation=&#8221;no&#8221; enable_text_marquee=&#8221;no&#8221; css=&#8221;.vc_custom_1759142695136{margin-bottom: 40px !important;}&#8221; el_id=&#8221;infografia&#8221;][vc_column][vc_column_text css=&#8221;.vc_custom_1759389123417{padding-top: 2% !important;}&#8221; el_class=&#8221;snorkel-subtitle&#8221;]<\/p>\n<h3>Infografia<\/h3>\n<p>[\/vc_column_text][vc_single_image image=&#8221;27146&#8243; img_size=&#8221;full&#8221;][\/vc_column][\/vc_row][vc_row enable_hue_rotation=&#8221;no&#8221; enable_text_marquee=&#8221;no&#8221; css=&#8221;.vc_custom_1759141783219{padding-bottom: 5% !important;}&#8221; el_id=&#8221;map&#8221;][vc_column][vc_column_text css=&#8221;.vc_custom_1759389130537{padding-top: 2% !important;padding-bottom: 2% !important;}&#8221; el_class=&#8221;snorkel-subtitle&#8221;]<\/p>\n<div style=\"position: relative;\">\n<p><a style=\"position: absolute; top: -250px;\" name=\"loc\"><\/a><\/p>\n<h3>Ubicaci\u00f3<\/h3>\n<\/div>\n<p>[\/vc_column_text][vc_raw_html css=&#8221;&#8221;]JTNDaWZyYW1lJTIwJTBBJTIwJTIwc3JjJTNEJTIyaHR0cHMlM0ElMkYlMkZ3d3cuZ29vZ2xlLmNvbSUyRm1hcHMlMkZlbWJlZCUzRnBiJTNEJTIxMW0xOCUyMTFtMTIlMjExbTMlMjExZDU3MjMuMzk2NDQ4OTI1NjgxJTIxMmQxLjI2NDY2MTMxNjMzNzM2MzclMjEzZDM4Ljk2NzAxNjY3OTU2MDAxJTIxMm0zJTIxMWYwJTIxMmYwJTIxM2YwJTIxM20yJTIxMWkxMDI0JTIxMmk3NjglMjE0ZjEzLjElMjEzbTMlMjExbTIlMjExczB4MCUyNTNBMHg1OWI5ZTkyNjcwZDNkYjEyJTIxMnpNempDc0RVNEp6QXhMak1pVGlBeHdyQXhOaWN3TUM0M0lrVSUyMTVlMCUyMTNtMiUyMTFzZXMlMjEyc2VzJTIxNHYxNjQxMzAxMDI5Mzk0JTIxNW0yJTIxMXNlcyUyMTJzZXMlMjIlMjAlMEElMjAlMjB3aWR0aCUzRCUyMjEwMCUyNSUyMiUyMCUwQSUyMCUyMGhlaWdodCUzRCUyMjYwMCUyMiUyMCUwQSUyMCUyMHN0eWxlJTNEJTIyYm9yZGVyJTNBMCUzQiUyMiUyMCUwQSUyMCUyMGFsbG93ZnVsbHNjcmVlbiUzRCUyMiUyMiUyMCUwQSUyMCUyMGxvYWRpbmclM0QlMjJsYXp5JTIyJTNFJTBBJTNDJTJGaWZyYW1lJTNFJTBB[\/vc_raw_html][\/vc_column][\/vc_row][vc_row full_width=&#8221;stretch_row_content_no_spaces&#8221; full_height=&#8221;yes&#8221; equal_height=&#8221;yes&#8221; enable_hue_rotation=&#8221;no&#8221; enable_text_marquee=&#8221;no&#8221; css=&#8221;.vc_custom_1639477372308{padding-top: 5% !important;}&#8221; el_id=&#8221;bmosaico&#8221;][vc_column][vc_row_inner equal_height=&#8221;yes&#8221;][vc_column_inner width=&#8221;1\/2&#8243;][vc_single_image image=&#8221;27155&#8243; img_size=&#8221;full&#8221;][vc_single_image image=&#8221;27170&#8243; img_size=&#8221;full&#8221;][\/vc_column_inner][vc_column_inner width=&#8221;1\/2&#8243; css=&#8221;.vc_custom_1641301723148{background-image: url(https:\/\/www.santjosep.net\/wp-content\/uploads\/2022\/01\/fotosub-Port-des-Torrent-4a.jpg?id=27189) !important;background-position: center !important;background-repeat: no-repeat !important;background-size: cover !important;}&#8221;][\/vc_column_inner][\/vc_row_inner][\/vc_column][\/vc_row]<\/p>\n<\/div>","protected":false},"excerpt":{"rendered":"<p>[vc_row enable_hue_rotation=&#8221;no&#8221; enable_text_marquee=&#8221;no&#8221; el_id=&#8221;b1-fichaSnorkel&#8221; css=&#8221;.vc_custom_1759139254701{margin-bottom: 30px !important;}&#8221;][vc_column width=&#8221;7\/12&#8243;][vc_column_text css=&#8221;.vc_custom_1759397837828{margin-top: 0px !important;margin-right: 0px !important;margin-bottom: 0px !important;margin-left: 0px !important;padding-bottom: 2% !important;}&#8221;] Port des Torrent Rutes Snorkel [\/vc_column_text][\/vc_column][vc_column width=&#8221;1\/12&#8243;][\/vc_column][vc_column width=&#8221;4\/12&#8243;][vc_raw_html css=&#8221;&#8221;]JTNDYSUyMGNsYXNzJTNEJTIyZ2FsbGVyeUJ0biUyMHRvcnJlbnQtZ2FsJTIyJTNFJTBBJTIwJTIwJTIwJTIwJTNDc3BhbiUyMGNsYXNzJTNEJTIyZWRndGYtaWNvbi1mb250LWF3ZXNvbWUlMjBmYSUyMGZhLXBob3RvJTIwZWRndGYtaWNvbi1lbGVtZW50JTIyJTNFJTNDJTJGc3BhbiUzRSUwQSUyMCUyMCUyMCUyMCUzQ3NwYW4lMjBjbGFzcyUzRCUyMmxpbmtnYWwlMjIlM0VHYWxlcmlhJTIwZCUyN2ltYXRnZXMlM0MlMkZzcGFuJTNFJTBBJTNDJTJGYSUzRQ==[\/vc_raw_html][\/vc_column][\/vc_row][vc_row enable_hue_rotation=&#8221;no&#8221; enable_text_marquee=&#8221;no&#8221; css=&#8221;.vc_custom_1759141761275{margin-bottom: 40px !important;}&#8221;][vc_column width=&#8221;7\/12&#8243;][vc_column_text css=&#8221;&#8221;]Iniciam aquesta ruta d\u2019immersi\u00f3 lleugera en [&hellip;]<\/p>\n","protected":false},"author":1,"featured_media":27141,"parent":28101,"menu_order":0,"comment_status":"closed","ping_status":"closed","template":"page-actividad.php","meta":{"_acf_changed":false,"inline_featured_image":false,"footnotes":""},"categoria_pagina":[],"class_list":["post-28178","page","type-page","status-publish","has-post-thumbnail","hentry"],"acf":[],"yoast_head":"<!-- This site is optimized with the Yoast SEO plugin v25.7 - https:\/\/yoast.com\/wordpress\/plugins\/seo\/ -->\n<title>Port des Torrent - Santjosep.net<\/title>\n<meta name=\"robots\" content=\"index, follow, max-snippet:-1, max-image-preview:large, max-video-preview:-1\" \/>\n<link rel=\"canonical\" href=\"https:\/\/www.santjosep.net\/ca\/turisme-actiu\/snorkel\/ruta-snorkel-port-des-torrent\/\" \/>\n<meta property=\"og:locale\" content=\"ca_ES\" \/>\n<meta property=\"og:type\" content=\"article\" \/>\n<meta property=\"og:title\" content=\"Port des Torrent - Santjosep.net\" \/>\n<meta property=\"og:description\" content=\"[vc_row enable_hue_rotation=&#8221;no&#8221; enable_text_marquee=&#8221;no&#8221; el_id=&#8221;b1-fichaSnorkel&#8221; css=&#8221;.vc_custom_1759139254701{margin-bottom: 30px !important;}&#8221;][vc_column width=&#8221;7\/12&#8243;][vc_column_text css=&#8221;.vc_custom_1759397837828{margin-top: 0px !important;margin-right: 0px !important;margin-bottom: 0px !important;margin-left: 0px !important;padding-bottom: 2% !important;}&#8221;] Port des Torrent Rutes Snorkel [\/vc_column_text][\/vc_column][vc_column width=&#8221;1\/12&#8243;][\/vc_column][vc_column width=&#8221;4\/12&#8243;][vc_raw_html css=&#8221;&#8221;]JTNDYSUyMGNsYXNzJTNEJTIyZ2FsbGVyeUJ0biUyMHRvcnJlbnQtZ2FsJTIyJTNFJTBBJTIwJTIwJTIwJTIwJTNDc3BhbiUyMGNsYXNzJTNEJTIyZWRndGYtaWNvbi1mb250LWF3ZXNvbWUlMjBmYSUyMGZhLXBob3RvJTIwZWRndGYtaWNvbi1lbGVtZW50JTIyJTNFJTNDJTJGc3BhbiUzRSUwQSUyMCUyMCUyMCUyMCUzQ3NwYW4lMjBjbGFzcyUzRCUyMmxpbmtnYWwlMjIlM0VHYWxlcmlhJTIwZCUyN2ltYXRnZXMlM0MlMkZzcGFuJTNFJTBBJTNDJTJGYSUzRQ==[\/vc_raw_html][\/vc_column][\/vc_row][vc_row enable_hue_rotation=&#8221;no&#8221; enable_text_marquee=&#8221;no&#8221; css=&#8221;.vc_custom_1759141761275{margin-bottom: 40px !important;}&#8221;][vc_column width=&#8221;7\/12&#8243;][vc_column_text css=&#8221;&#8221;]Iniciam aquesta ruta d\u2019immersi\u00f3 lleugera en [&hellip;]\" \/>\n<meta property=\"og:url\" content=\"https:\/\/www.santjosep.net\/ca\/turisme-actiu\/snorkel\/ruta-snorkel-port-des-torrent\/\" \/>\n<meta property=\"og:site_name\" content=\"Santjosep.net\" \/>\n<meta property=\"article:modified_time\" content=\"2025-10-02T09:39:23+00:00\" \/>\n<meta property=\"og:image\" content=\"https:\/\/www.santjosep.net\/wp-content\/uploads\/2022\/01\/cover_P1013333.jpg\" \/>\n\t<meta property=\"og:image:width\" content=\"1500\" \/>\n\t<meta property=\"og:image:height\" content=\"1125\" \/>\n\t<meta property=\"og:image:type\" content=\"image\/jpeg\" \/>\n<meta name=\"twitter:card\" content=\"summary_large_image\" \/>\n<meta name=\"twitter:label1\" content=\"Temps estimat de lectura\" \/>\n\t<meta name=\"twitter:data1\" content=\"3 minuts\" \/>\n<script type=\"application\/ld+json\" class=\"yoast-schema-graph\">{\"@context\":\"https:\/\/schema.org\",\"@graph\":[{\"@type\":\"WebPage\",\"@id\":\"https:\/\/www.santjosep.net\/ca\/turisme-actiu\/snorkel\/ruta-snorkel-port-des-torrent\/\",\"url\":\"https:\/\/www.santjosep.net\/ca\/turisme-actiu\/snorkel\/ruta-snorkel-port-des-torrent\/\",\"name\":\"Port des Torrent - Santjosep.net\",\"isPartOf\":{\"@id\":\"https:\/\/www.santjosep.net\/#website\"},\"primaryImageOfPage\":{\"@id\":\"https:\/\/www.santjosep.net\/ca\/turisme-actiu\/snorkel\/ruta-snorkel-port-des-torrent\/#primaryimage\"},\"image\":{\"@id\":\"https:\/\/www.santjosep.net\/ca\/turisme-actiu\/snorkel\/ruta-snorkel-port-des-torrent\/#primaryimage\"},\"thumbnailUrl\":\"https:\/\/www.santjosep.net\/wp-content\/uploads\/2022\/01\/cover_P1013333.jpg\",\"datePublished\":\"2022-01-04T13:02:57+00:00\",\"dateModified\":\"2025-10-02T09:39:23+00:00\",\"breadcrumb\":{\"@id\":\"https:\/\/www.santjosep.net\/ca\/turisme-actiu\/snorkel\/ruta-snorkel-port-des-torrent\/#breadcrumb\"},\"inLanguage\":\"ca\",\"potentialAction\":[{\"@type\":\"ReadAction\",\"target\":[\"https:\/\/www.santjosep.net\/ca\/turisme-actiu\/snorkel\/ruta-snorkel-port-des-torrent\/\"]}]},{\"@type\":\"ImageObject\",\"inLanguage\":\"ca\",\"@id\":\"https:\/\/www.santjosep.net\/ca\/turisme-actiu\/snorkel\/ruta-snorkel-port-des-torrent\/#primaryimage\",\"url\":\"https:\/\/www.santjosep.net\/wp-content\/uploads\/2022\/01\/cover_P1013333.jpg\",\"contentUrl\":\"https:\/\/www.santjosep.net\/wp-content\/uploads\/2022\/01\/cover_P1013333.jpg\",\"width\":1500,\"height\":1125},{\"@type\":\"BreadcrumbList\",\"@id\":\"https:\/\/www.santjosep.net\/ca\/turisme-actiu\/snorkel\/ruta-snorkel-port-des-torrent\/#breadcrumb\",\"itemListElement\":[{\"@type\":\"ListItem\",\"position\":1,\"name\":\"Turisme actiu\",\"item\":\"https:\/\/www.santjosep.net\/ca\/turisme-actiu\/\"},{\"@type\":\"ListItem\",\"position\":2,\"name\":\"Rutes Snorkel\",\"item\":\"https:\/\/www.santjosep.net\/ca\/turisme-actiu\/snorkel\/\"},{\"@type\":\"ListItem\",\"position\":3,\"name\":\"Port des Torrent\"}]},{\"@type\":\"WebSite\",\"@id\":\"https:\/\/www.santjosep.net\/#website\",\"url\":\"https:\/\/www.santjosep.net\/\",\"name\":\"Santjosep.net\",\"description\":\"\",\"potentialAction\":[{\"@type\":\"SearchAction\",\"target\":{\"@type\":\"EntryPoint\",\"urlTemplate\":\"https:\/\/www.santjosep.net\/?s={search_term_string}\"},\"query-input\":{\"@type\":\"PropertyValueSpecification\",\"valueRequired\":true,\"valueName\":\"search_term_string\"}}],\"inLanguage\":\"ca\"}]}<\/script>\n<!-- \/ Yoast SEO plugin. -->","yoast_head_json":{"title":"Port des Torrent - Santjosep.net","robots":{"index":"index","follow":"follow","max-snippet":"max-snippet:-1","max-image-preview":"max-image-preview:large","max-video-preview":"max-video-preview:-1"},"canonical":"https:\/\/www.santjosep.net\/ca\/turisme-actiu\/snorkel\/ruta-snorkel-port-des-torrent\/","og_locale":"ca_ES","og_type":"article","og_title":"Port des Torrent - Santjosep.net","og_description":"[vc_row enable_hue_rotation=&#8221;no&#8221; enable_text_marquee=&#8221;no&#8221; el_id=&#8221;b1-fichaSnorkel&#8221; css=&#8221;.vc_custom_1759139254701{margin-bottom: 30px !important;}&#8221;][vc_column width=&#8221;7\/12&#8243;][vc_column_text css=&#8221;.vc_custom_1759397837828{margin-top: 0px !important;margin-right: 0px !important;margin-bottom: 0px !important;margin-left: 0px !important;padding-bottom: 2% !important;}&#8221;] Port des Torrent Rutes Snorkel [\/vc_column_text][\/vc_column][vc_column width=&#8221;1\/12&#8243;][\/vc_column][vc_column width=&#8221;4\/12&#8243;][vc_raw_html css=&#8221;&#8221;]JTNDYSUyMGNsYXNzJTNEJTIyZ2FsbGVyeUJ0biUyMHRvcnJlbnQtZ2FsJTIyJTNFJTBBJTIwJTIwJTIwJTIwJTNDc3BhbiUyMGNsYXNzJTNEJTIyZWRndGYtaWNvbi1mb250LWF3ZXNvbWUlMjBmYSUyMGZhLXBob3RvJTIwZWRndGYtaWNvbi1lbGVtZW50JTIyJTNFJTNDJTJGc3BhbiUzRSUwQSUyMCUyMCUyMCUyMCUzQ3NwYW4lMjBjbGFzcyUzRCUyMmxpbmtnYWwlMjIlM0VHYWxlcmlhJTIwZCUyN2ltYXRnZXMlM0MlMkZzcGFuJTNFJTBBJTNDJTJGYSUzRQ==[\/vc_raw_html][\/vc_column][\/vc_row][vc_row enable_hue_rotation=&#8221;no&#8221; enable_text_marquee=&#8221;no&#8221; css=&#8221;.vc_custom_1759141761275{margin-bottom: 40px !important;}&#8221;][vc_column width=&#8221;7\/12&#8243;][vc_column_text css=&#8221;&#8221;]Iniciam aquesta ruta d\u2019immersi\u00f3 lleugera en [&hellip;]","og_url":"https:\/\/www.santjosep.net\/ca\/turisme-actiu\/snorkel\/ruta-snorkel-port-des-torrent\/","og_site_name":"Santjosep.net","article_modified_time":"2025-10-02T09:39:23+00:00","og_image":[{"width":1500,"height":1125,"url":"https:\/\/www.santjosep.net\/wp-content\/uploads\/2022\/01\/cover_P1013333.jpg","type":"image\/jpeg"}],"twitter_card":"summary_large_image","twitter_misc":{"Temps estimat de lectura":"3 minuts"},"schema":{"@context":"https:\/\/schema.org","@graph":[{"@type":"WebPage","@id":"https:\/\/www.santjosep.net\/ca\/turisme-actiu\/snorkel\/ruta-snorkel-port-des-torrent\/","url":"https:\/\/www.santjosep.net\/ca\/turisme-actiu\/snorkel\/ruta-snorkel-port-des-torrent\/","name":"Port des Torrent - Santjosep.net","isPartOf":{"@id":"https:\/\/www.santjosep.net\/#website"},"primaryImageOfPage":{"@id":"https:\/\/www.santjosep.net\/ca\/turisme-actiu\/snorkel\/ruta-snorkel-port-des-torrent\/#primaryimage"},"image":{"@id":"https:\/\/www.santjosep.net\/ca\/turisme-actiu\/snorkel\/ruta-snorkel-port-des-torrent\/#primaryimage"},"thumbnailUrl":"https:\/\/www.santjosep.net\/wp-content\/uploads\/2022\/01\/cover_P1013333.jpg","datePublished":"2022-01-04T13:02:57+00:00","dateModified":"2025-10-02T09:39:23+00:00","breadcrumb":{"@id":"https:\/\/www.santjosep.net\/ca\/turisme-actiu\/snorkel\/ruta-snorkel-port-des-torrent\/#breadcrumb"},"inLanguage":"ca","potentialAction":[{"@type":"ReadAction","target":["https:\/\/www.santjosep.net\/ca\/turisme-actiu\/snorkel\/ruta-snorkel-port-des-torrent\/"]}]},{"@type":"ImageObject","inLanguage":"ca","@id":"https:\/\/www.santjosep.net\/ca\/turisme-actiu\/snorkel\/ruta-snorkel-port-des-torrent\/#primaryimage","url":"https:\/\/www.santjosep.net\/wp-content\/uploads\/2022\/01\/cover_P1013333.jpg","contentUrl":"https:\/\/www.santjosep.net\/wp-content\/uploads\/2022\/01\/cover_P1013333.jpg","width":1500,"height":1125},{"@type":"BreadcrumbList","@id":"https:\/\/www.santjosep.net\/ca\/turisme-actiu\/snorkel\/ruta-snorkel-port-des-torrent\/#breadcrumb","itemListElement":[{"@type":"ListItem","position":1,"name":"Turisme actiu","item":"https:\/\/www.santjosep.net\/ca\/turisme-actiu\/"},{"@type":"ListItem","position":2,"name":"Rutes Snorkel","item":"https:\/\/www.santjosep.net\/ca\/turisme-actiu\/snorkel\/"},{"@type":"ListItem","position":3,"name":"Port des Torrent"}]},{"@type":"WebSite","@id":"https:\/\/www.santjosep.net\/#website","url":"https:\/\/www.santjosep.net\/","name":"Santjosep.net","description":"","potentialAction":[{"@type":"SearchAction","target":{"@type":"EntryPoint","urlTemplate":"https:\/\/www.santjosep.net\/?s={search_term_string}"},"query-input":{"@type":"PropertyValueSpecification","valueRequired":true,"valueName":"search_term_string"}}],"inLanguage":"ca"}]}},"_links":{"self":[{"href":"https:\/\/www.santjosep.net\/ca\/wp-json\/wp\/v2\/pages\/28178","targetHints":{"allow":["GET"]}}],"collection":[{"href":"https:\/\/www.santjosep.net\/ca\/wp-json\/wp\/v2\/pages"}],"about":[{"href":"https:\/\/www.santjosep.net\/ca\/wp-json\/wp\/v2\/types\/page"}],"author":[{"embeddable":true,"href":"https:\/\/www.santjosep.net\/ca\/wp-json\/wp\/v2\/users\/1"}],"replies":[{"embeddable":true,"href":"https:\/\/www.santjosep.net\/ca\/wp-json\/wp\/v2\/comments?post=28178"}],"version-history":[{"count":2,"href":"https:\/\/www.santjosep.net\/ca\/wp-json\/wp\/v2\/pages\/28178\/revisions"}],"predecessor-version":[{"id":39022,"href":"https:\/\/www.santjosep.net\/ca\/wp-json\/wp\/v2\/pages\/28178\/revisions\/39022"}],"up":[{"embeddable":true,"href":"https:\/\/www.santjosep.net\/ca\/wp-json\/wp\/v2\/pages\/28101"}],"wp:featuredmedia":[{"embeddable":true,"href":"https:\/\/www.santjosep.net\/ca\/wp-json\/wp\/v2\/media\/27141"}],"wp:attachment":[{"href":"https:\/\/www.santjosep.net\/ca\/wp-json\/wp\/v2\/media?parent=28178"}],"wp:term":[{"taxonomy":"categoria_pagina","embeddable":true,"href":"https:\/\/www.santjosep.net\/ca\/wp-json\/wp\/v2\/categoria_pagina?post=28178"}],"curies":[{"name":"wp","href":"https:\/\/api.w.org\/{rel}","templated":true}]}}