{"id":28097,"date":"2022-01-04T12:09:39","date_gmt":"2022-01-04T11:09:39","guid":{"rendered":"https:\/\/www.santjosep.net\/ruta-snorkel-sa-sal-rossa\/"},"modified":"2025-10-02T12:03:10","modified_gmt":"2025-10-02T10:03:10","slug":"ruta-snorkel-sa-sal-rossa","status":"publish","type":"page","link":"https:\/\/www.santjosep.net\/ca\/turisme-actiu\/snorkel\/ruta-snorkel-sa-sal-rossa\/","title":{"rendered":"Sa Sal Rossa"},"content":{"rendered":"<div class=\"wpb-content-wrapper\"><p>[vc_row enable_hue_rotation=&#8221;no&#8221; enable_text_marquee=&#8221;no&#8221; el_id=&#8221;b1-fichaSnorkel&#8221; css=&#8221;.vc_custom_1759139254701{margin-bottom: 30px !important;}&#8221;][vc_column width=&#8221;7\/12&#8243;][vc_column_text css=&#8221;.vc_custom_1759399312363{margin-top: 0px !important;margin-right: 0px !important;margin-bottom: 0px !important;margin-left: 0px !important;padding-bottom: 2% !important;}&#8221;]<\/p>\n<h2>Sa Sal Rossa<\/h2>\n<h3><a href=\"https:\/\/www.santjosep.net\/actividades-deportivas\/snorkel\/\">Rutes Snorkel<\/a><\/h3>\n<p>[\/vc_column_text][\/vc_column][vc_column width=&#8221;1\/12&#8243;][\/vc_column][vc_column width=&#8221;4\/12&#8243;][vc_raw_html css=&#8221;&#8221;]JTNDYSUyMGNsYXNzJTNEJTIyZ2FsbGVyeUJ0biUyMHNhbHJvc2EtZ2FsJTIyJTNFJTBBJTIwJTIwJTIwJTIwJTNDc3BhbiUyMGNsYXNzJTNEJTIyZWRndGYtaWNvbi1mb250LWF3ZXNvbWUlMjBmYSUyMGZhLXBob3RvJTIwZWRndGYtaWNvbi1lbGVtZW50JTIyJTNFJTNDJTJGc3BhbiUzRSUwQSUyMCUyMCUyMCUyMCUzQ3NwYW4lMjBjbGFzcyUzRCUyMmxpbmtnYWwlMjIlM0VHYWxlcmlhJTIwZCUyN2ltYXRnZXMlM0MlMkZzcGFuJTNFJTBBJTNDJTJGYSUzRQ==[\/vc_raw_html][\/vc_column][\/vc_row][vc_row enable_hue_rotation=&#8221;no&#8221; enable_text_marquee=&#8221;no&#8221; css=&#8221;.vc_custom_1759141761275{margin-bottom: 40px !important;}&#8221;][vc_column width=&#8221;7\/12&#8243;][vc_column_text css=&#8221;&#8221;]En ple <a href=\"https:\/\/www.santjosep.net\/ca\/activitats-esportives\/passejos\/visita-parc-natural-ses-salines\/\">Parc Natural de ses Salines<\/a>, a la costa est de Sant Josep, just davall de la <a href=\"https:\/\/www.santjosep.net\/ca\/veure\/platges\/platja-den-bossa\/\">platja d\u2019en Bossa<\/a> ens submergim per gaudir d\u2019un senzill recorregut d\u2019immersi\u00f3 lleugera. Som al peu de la <a href=\"https:\/\/www.santjosep.net\/ca\/veure\/patrimoni-i-cultura\/torre-des-carregador-de-sa-sal\/\" rel=\"noopener\">torre de sa Sal Rossa<\/a>, en un marc natural on regna la tranquil\u00b7litat perqu\u00e8 es tracta d\u2019una zona molt poc freq\u00fcentada i a la qual s\u00f3n habitualment els vilatans els qui s\u2019hi acosten.<\/p>\n<p>Entram a l\u2019aigua a la dreta del petit espig\u00f3 roc\u00f3s al costat de les casetes de pescadors i ens dirigirem seguint el litoral, que deixarem a la nostra dreta, en sentit a les altres casetes de pescadors que hi ha just davant. El fons \u00e9s una \u00e0mplia i succinta plataforma plena de buits i amb molta llum que acull la vida t\u00edpica de tords, salpes i donzelles.<\/p>\n<p>Alguns equinoderms com l\u2019eri\u00e7\u00f3 i, sobretot, l\u2019holot\u00faria, abunden tamb\u00e9 sobre aquesta llosa coberta d\u2019algues entre les quals tamb\u00e9 s\u2019assenta l\u2019alga verdosa <i>Caulerpa prolifera<\/i> i plantes com <i>Cymodecea nodosa<\/i> i, m\u00e9s endavant, \u00e0mplies taques de posid\u00f2nia.[\/vc_column_text][\/vc_column][vc_column width=&#8221;1\/12&#8243;][\/vc_column][vc_column width=&#8221;4\/12&#8243;][vc_raw_html css=&#8221;&#8221;]JTNDZGl2JTIwY2xhc3MlM0QlMjJiZWFjaEluZm9JdGVtJTIyJTNFJTBEJTBBJTIwJTIwJTNDZGl2JTIwY2xhc3MlM0QlMjJpY29uJTIyJTNFJTBEJTBBJTIwJTIwJTIwJTIwJTNDaW1nJTIwc3JjJTNEJTIyaHR0cHMlM0ElMkYlMkZ3d3cuc2FudGpvc2VwLm5ldCUyRndwLWNvbnRlbnQlMkZ1cGxvYWRzJTJGMjAyNSUyRjA5JTJGbG9jYXRpb24ucG5nJTIyJTIwYWx0JTNEJTIyTG9jYWxpdHphY2klQzMlQjMlMjIlM0UlMEQlMEElMjAlMjAlM0MlMkZkaXYlM0UlMEQlMEElMjAlMjAlM0NhJTIwaHJlZiUzRCUyMiUyM21hcCUyMiUzRVZldXJlJTIwbWFwYSUzQyUyRmElM0UlMEQlMEElM0MlMkZkaXYlM0UlMEQlMEElMEQlMEElM0NkaXYlMjBjbGFzcyUzRCUyMmJlYWNoSW5mb0l0ZW0lMjIlM0UlMEQlMEElMjAlMjAlM0NkaXYlMjBjbGFzcyUzRCUyMmljb24lMjIlM0UlMEQlMEElMjAlMjAlMjAlMjAlM0NpbWclMjBzcmMlM0QlMjJodHRwcyUzQSUyRiUyRnd3dy5zYW50am9zZXAubmV0JTJGd3AtY29udGVudCUyRnVwbG9hZHMlMkYyMDI1JTJGMDklMkZjb21vbGxlZ2FyLnBuZyUyMiUyMGFsdCUzRCUyMkNvbSUyMGFycmliYXItaGklM0YlMjIlM0UlMEQlMEElMjAlMjAlM0MlMkZkaXYlM0UlMEQlMEElMjAlMjAlM0NhJTIwaHJlZiUzRCUyMmh0dHBzJTNBJTJGJTJGd3d3Lmdvb2dsZS5jb20lMkZtYXBzJTJGcGxhY2UlMkZTYWwlMkJSb3NhJTJGJTQwMzguODcxNDcxMSUyQzEuMzk0NDI5OCUyQzEzMTVtJTJGZGF0YSUzRCUyMTNtMSUyMTFlMyUyMTRtNSUyMTNtNCUyMTFzMHgxMjk5NDViNGQ5MDI5MDczJTNBMHg2N2UyOGVkMGUxNDE1ZjElMjE4bTIlMjEzZDM4Ljg3MjA4NDclMjE0ZDEuNDA0MDM5NSUzRmhsJTNEZXMlMjZzaG9ydHVybCUzRDElMjIlMjB0YXJnZXQlM0QlMjJfYmxhbmslMjIlM0VDb20lMjBhcnJpYmFyLWhpJTNGJTNDJTJGYSUzRSUwRCUwQSUzQyUyRmRpdiUzRSUwRCUwQSUwRCUwQSUzQ2RpdiUyMGNsYXNzJTNEJTIyYmVhY2hJbmZvSXRlbSUyMiUzRSUwRCUwQSUyMCUyMCUzQ2RpdiUyMGNsYXNzJTNEJTIyaWNvbiUyMiUzRSUwRCUwQSUyMCUyMCUyMCUyMCUzQ2ltZyUyMHNyYyUzRCUyMmh0dHBzJTNBJTJGJTJGd3d3LnNhbnRqb3NlcC5uZXQlMkZ3cC1jb250ZW50JTJGdXBsb2FkcyUyRjIwMjUlMkYwOSUyRnNlbmFsLWUxNzU5MzExNjU2MzAwLnBuZyUyMiUyMGFsdCUzRCUyMkluZm9ybWFjaSVDMyVCMyUyMHBsYXRqYSUyMGVuJTIwdGVtcHMlMjByZWFsJTIyJTNFJTBEJTBBJTIwJTIwJTNDJTJGZGl2JTNFJTBEJTBBJTIwJTIwJTNDZGl2JTNFJTBEJTBBJTIwJTIwJTIwJTIwJTIwJTIwJTNDcCUyMGNsYXNzJTNEJTIybGV2ZWwtdGl0bGUlMjIlM0VOaXZlbGwlM0MlMkZwJTNFJTBEJTBBJTIwJTIwJTIwJTIwJTIwJTIwJTNDcCUyMGNsYXNzJTNEJTIybGV2ZWwtdGV4dCUyMiUzRVRvdHMlM0MlMkZwJTNFJTBEJTBBJTIwJTIwJTNDJTJGZGl2JTNFJTBEJTBBJTNDJTJGZGl2JTNFJTBEJTBB[\/vc_raw_html][vc_column_text css=&#8221;.vc_custom_1759399368401{margin-top: 50px !important;}&#8221; el_class=&#8221;snorkel-recomendations&#8221;]<\/p>\n<h3>Recomendaciones<\/h3>\n<p class=\"recomendation-text\">La ruta \u00e9s adequada tamb\u00e9 per als m\u00e9s petits ja que es fa peu amb facilitat en quasi tot el recorregut, i l\u2019aigua sol estar encalmada sempre que no bufi vent de llevant.<\/p>\n<p>[\/vc_column_text][\/vc_column][\/vc_row][vc_row enable_hue_rotation=&#8221;no&#8221; enable_text_marquee=&#8221;no&#8221; css=&#8221;.vc_custom_1759141829130{margin-bottom: 40px !important;}&#8221;][vc_column][vc_column_text css=&#8221;&#8221;]Encara que no sol cridar-nos l\u2019atenci\u00f3, val la pena fixar-se en la prada de posid\u00f2nia, que acull molta vida per\u00f2 ben camuflada, com la mula o peix agulla (<i>Syngnathus thyple<\/i>), de la mateixa fam\u00edlia que els cavallets marins, per\u00f2 que passa quasi desapercebut en confondre\u2019s amb una fulla solta de posid\u00f2nia.<\/p>\n<p>Seguir la llosa \u00e9s m\u00e9s que suficient encara que si volem agafar una mica de profunditat ens separarem i ara el substrat estar\u00e0 enterament cobert de posid\u00f2nia, que a vegades forma unes lleng\u00fces que dibuixen canals de fons aren\u00f3s. Tamb\u00e9 ens cridaran l\u2019atenci\u00f3 les fondalades que es formen, on s\u2019aconsegueixen tres metres de profunditat.<\/p>\n<p>No fa falta arribar a les casetes, quan vulguem podem tornar i continuar gaudint d\u2019un passeig tranquil i relaxant per a tota la fam\u00edlia.[\/vc_column_text][\/vc_column][\/vc_row][vc_row enable_hue_rotation=&#8221;no&#8221; enable_text_marquee=&#8221;no&#8221; css=&#8221;.vc_custom_1759142695136{margin-bottom: 40px !important;}&#8221; el_id=&#8221;infografia&#8221;][vc_column][vc_column_text css=&#8221;.vc_custom_1759389123417{padding-top: 2% !important;}&#8221; el_class=&#8221;snorkel-subtitle&#8221;]<\/p>\n<h3>Infografia<\/h3>\n<p>[\/vc_column_text][vc_single_image image=&#8221;27071&#8243; img_size=&#8221;full&#8221;][\/vc_column][\/vc_row][vc_row enable_hue_rotation=&#8221;no&#8221; enable_text_marquee=&#8221;no&#8221; css=&#8221;.vc_custom_1759141783219{padding-bottom: 5% !important;}&#8221; el_id=&#8221;map&#8221;][vc_column][vc_column_text css=&#8221;.vc_custom_1759389130537{padding-top: 2% !important;padding-bottom: 2% !important;}&#8221; el_class=&#8221;snorkel-subtitle&#8221;]<\/p>\n<div style=\"position: relative;\">\n<p><a style=\"position: absolute; top: -250px;\" name=\"loc\"><\/a><\/p>\n<h3>Ubicaci\u00f3<\/h3>\n<\/div>\n<p>[\/vc_column_text][vc_raw_html css=&#8221;&#8221;]JTNDaWZyYW1lJTIwJTBBJTIwJTIwc3JjJTNEJTIyaHR0cHMlM0ElMkYlMkZ3d3cuZ29vZ2xlLmNvbSUyRm1hcHMlMkZlbWJlZCUzRnBiJTNEJTIxMW0xOCUyMTFtMTIlMjExbTMlMjExZDU3MjcuMTgyMjQ4NzMzOTQlMjEyZDEuNDAxODk0NjE2MzM1ODgxNiUyMTNkMzguODcyMDk5OTc5NTc0MzclMjEybTMlMjExZjAlMjEyZjAlMjEzZjAlMjEzbTIlMjExaTEwMjQlMjEyaTc2OCUyMTRmMTMuMSUyMTNtMyUyMTFtMiUyMTFzMHgwJTI1M0EweDZhYjhlZjkzNDEwOGM1YzElMjEyek16akNzRFV5SnpFNUxqWWlUaUF4d3JBeU5DY3hOQzQzSWtVJTIxNWUwJTIxM20yJTIxMXNlcyUyMTJzZXMlMjE0djE2NDEyOTg5ODQ2NjYlMjE1bTIlMjExc2VzJTIxMnNlcyUyMiUyMCUwQSUyMCUyMHdpZHRoJTNEJTIyMTAwJTI1JTIyJTIwJTBBJTIwJTIwaGVpZ2h0JTNEJTIyNjAwJTIyJTIwJTBBJTIwJTIwc3R5bGUlM0QlMjJib3JkZXIlM0EwJTNCJTIyJTIwJTBBJTIwJTIwYWxsb3dmdWxsc2NyZWVuJTNEJTIyJTIyJTIwJTBBJTIwJTIwbG9hZGluZyUzRCUyMmxhenklMjIlM0UlMEElM0MlMkZpZnJhbWUlM0UlMEE=[\/vc_raw_html][\/vc_column][\/vc_row][vc_row full_width=&#8221;stretch_row_content_no_spaces&#8221; full_height=&#8221;yes&#8221; equal_height=&#8221;yes&#8221; enable_hue_rotation=&#8221;no&#8221; enable_text_marquee=&#8221;no&#8221; css=&#8221;.vc_custom_1639477372308{padding-top: 5% !important;}&#8221; el_id=&#8221;bmosaico&#8221;][vc_column][vc_row_inner equal_height=&#8221;yes&#8221;][vc_column_inner width=&#8221;1\/2&#8243;][vc_single_image image=&#8221;27086&#8243; img_size=&#8221;full&#8221;][vc_single_image image=&#8221;27117&#8243; img_size=&#8221;full&#8221;][\/vc_column_inner][vc_column_inner width=&#8221;1\/2&#8243; css=&#8221;.vc_custom_1641299682298{background-image: url(https:\/\/www.santjosep.net\/wp-content\/uploads\/2022\/01\/fotosub-Sal-Rossa-7a-scaled.jpg?id=27090) !important;background-position: center !important;background-repeat: no-repeat !important;background-size: cover !important;}&#8221;][\/vc_column_inner][\/vc_row_inner][\/vc_column][\/vc_row]<\/p>\n<\/div>","protected":false},"excerpt":{"rendered":"<p>[vc_row enable_hue_rotation=&#8221;no&#8221; enable_text_marquee=&#8221;no&#8221; el_id=&#8221;b1-fichaSnorkel&#8221; css=&#8221;.vc_custom_1759139254701{margin-bottom: 30px !important;}&#8221;][vc_column width=&#8221;7\/12&#8243;][vc_column_text css=&#8221;.vc_custom_1759399312363{margin-top: 0px !important;margin-right: 0px !important;margin-bottom: 0px !important;margin-left: 0px !important;padding-bottom: 2% !important;}&#8221;] Sa Sal Rossa Rutes Snorkel [\/vc_column_text][\/vc_column][vc_column width=&#8221;1\/12&#8243;][\/vc_column][vc_column width=&#8221;4\/12&#8243;][vc_raw_html css=&#8221;&#8221;]JTNDYSUyMGNsYXNzJTNEJTIyZ2FsbGVyeUJ0biUyMHNhbHJvc2EtZ2FsJTIyJTNFJTBBJTIwJTIwJTIwJTIwJTNDc3BhbiUyMGNsYXNzJTNEJTIyZWRndGYtaWNvbi1mb250LWF3ZXNvbWUlMjBmYSUyMGZhLXBob3RvJTIwZWRndGYtaWNvbi1lbGVtZW50JTIyJTNFJTNDJTJGc3BhbiUzRSUwQSUyMCUyMCUyMCUyMCUzQ3NwYW4lMjBjbGFzcyUzRCUyMmxpbmtnYWwlMjIlM0VHYWxlcmlhJTIwZCUyN2ltYXRnZXMlM0MlMkZzcGFuJTNFJTBBJTNDJTJGYSUzRQ==[\/vc_raw_html][\/vc_column][\/vc_row][vc_row enable_hue_rotation=&#8221;no&#8221; enable_text_marquee=&#8221;no&#8221; css=&#8221;.vc_custom_1759141761275{margin-bottom: 40px !important;}&#8221;][vc_column width=&#8221;7\/12&#8243;][vc_column_text css=&#8221;&#8221;]En ple Parc Natural de ses [&hellip;]<\/p>\n","protected":false},"author":1,"featured_media":27066,"parent":28101,"menu_order":0,"comment_status":"closed","ping_status":"closed","template":"page-actividad.php","meta":{"_acf_changed":false,"inline_featured_image":false,"footnotes":""},"categoria_pagina":[],"class_list":["post-28097","page","type-page","status-publish","has-post-thumbnail","hentry"],"acf":[],"yoast_head":"<!-- This site is optimized with the Yoast SEO plugin v25.7 - https:\/\/yoast.com\/wordpress\/plugins\/seo\/ -->\n<title>Sa Sal Rossa - Santjosep.net<\/title>\n<meta name=\"robots\" content=\"index, follow, max-snippet:-1, max-image-preview:large, max-video-preview:-1\" \/>\n<link rel=\"canonical\" href=\"https:\/\/www.santjosep.net\/ca\/turisme-actiu\/snorkel\/ruta-snorkel-sa-sal-rossa\/\" \/>\n<meta property=\"og:locale\" content=\"ca_ES\" \/>\n<meta property=\"og:type\" content=\"article\" \/>\n<meta property=\"og:title\" content=\"Sa Sal Rossa - Santjosep.net\" \/>\n<meta property=\"og:description\" content=\"[vc_row enable_hue_rotation=&#8221;no&#8221; enable_text_marquee=&#8221;no&#8221; el_id=&#8221;b1-fichaSnorkel&#8221; css=&#8221;.vc_custom_1759139254701{margin-bottom: 30px !important;}&#8221;][vc_column width=&#8221;7\/12&#8243;][vc_column_text css=&#8221;.vc_custom_1759399312363{margin-top: 0px !important;margin-right: 0px !important;margin-bottom: 0px !important;margin-left: 0px !important;padding-bottom: 2% !important;}&#8221;] Sa Sal Rossa Rutes Snorkel [\/vc_column_text][\/vc_column][vc_column width=&#8221;1\/12&#8243;][\/vc_column][vc_column width=&#8221;4\/12&#8243;][vc_raw_html css=&#8221;&#8221;]JTNDYSUyMGNsYXNzJTNEJTIyZ2FsbGVyeUJ0biUyMHNhbHJvc2EtZ2FsJTIyJTNFJTBBJTIwJTIwJTIwJTIwJTNDc3BhbiUyMGNsYXNzJTNEJTIyZWRndGYtaWNvbi1mb250LWF3ZXNvbWUlMjBmYSUyMGZhLXBob3RvJTIwZWRndGYtaWNvbi1lbGVtZW50JTIyJTNFJTNDJTJGc3BhbiUzRSUwQSUyMCUyMCUyMCUyMCUzQ3NwYW4lMjBjbGFzcyUzRCUyMmxpbmtnYWwlMjIlM0VHYWxlcmlhJTIwZCUyN2ltYXRnZXMlM0MlMkZzcGFuJTNFJTBBJTNDJTJGYSUzRQ==[\/vc_raw_html][\/vc_column][\/vc_row][vc_row enable_hue_rotation=&#8221;no&#8221; enable_text_marquee=&#8221;no&#8221; css=&#8221;.vc_custom_1759141761275{margin-bottom: 40px !important;}&#8221;][vc_column width=&#8221;7\/12&#8243;][vc_column_text css=&#8221;&#8221;]En ple Parc Natural de ses [&hellip;]\" \/>\n<meta property=\"og:url\" content=\"https:\/\/www.santjosep.net\/ca\/turisme-actiu\/snorkel\/ruta-snorkel-sa-sal-rossa\/\" \/>\n<meta property=\"og:site_name\" content=\"Santjosep.net\" \/>\n<meta property=\"article:modified_time\" content=\"2025-10-02T10:03:10+00:00\" \/>\n<meta property=\"og:image\" content=\"https:\/\/www.santjosep.net\/wp-content\/uploads\/2022\/01\/cover_DSC00012.jpg\" \/>\n\t<meta property=\"og:image:width\" content=\"1500\" \/>\n\t<meta property=\"og:image:height\" content=\"1000\" \/>\n\t<meta property=\"og:image:type\" content=\"image\/jpeg\" \/>\n<meta name=\"twitter:card\" content=\"summary_large_image\" \/>\n<meta name=\"twitter:label1\" content=\"Temps estimat de lectura\" \/>\n\t<meta name=\"twitter:data1\" content=\"3 minuts\" \/>\n<script type=\"application\/ld+json\" class=\"yoast-schema-graph\">{\"@context\":\"https:\/\/schema.org\",\"@graph\":[{\"@type\":\"WebPage\",\"@id\":\"https:\/\/www.santjosep.net\/ca\/turisme-actiu\/snorkel\/ruta-snorkel-sa-sal-rossa\/\",\"url\":\"https:\/\/www.santjosep.net\/ca\/turisme-actiu\/snorkel\/ruta-snorkel-sa-sal-rossa\/\",\"name\":\"Sa Sal Rossa - Santjosep.net\",\"isPartOf\":{\"@id\":\"https:\/\/www.santjosep.net\/#website\"},\"primaryImageOfPage\":{\"@id\":\"https:\/\/www.santjosep.net\/ca\/turisme-actiu\/snorkel\/ruta-snorkel-sa-sal-rossa\/#primaryimage\"},\"image\":{\"@id\":\"https:\/\/www.santjosep.net\/ca\/turisme-actiu\/snorkel\/ruta-snorkel-sa-sal-rossa\/#primaryimage\"},\"thumbnailUrl\":\"https:\/\/www.santjosep.net\/wp-content\/uploads\/2022\/01\/cover_DSC00012.jpg\",\"datePublished\":\"2022-01-04T11:09:39+00:00\",\"dateModified\":\"2025-10-02T10:03:10+00:00\",\"breadcrumb\":{\"@id\":\"https:\/\/www.santjosep.net\/ca\/turisme-actiu\/snorkel\/ruta-snorkel-sa-sal-rossa\/#breadcrumb\"},\"inLanguage\":\"ca\",\"potentialAction\":[{\"@type\":\"ReadAction\",\"target\":[\"https:\/\/www.santjosep.net\/ca\/turisme-actiu\/snorkel\/ruta-snorkel-sa-sal-rossa\/\"]}]},{\"@type\":\"ImageObject\",\"inLanguage\":\"ca\",\"@id\":\"https:\/\/www.santjosep.net\/ca\/turisme-actiu\/snorkel\/ruta-snorkel-sa-sal-rossa\/#primaryimage\",\"url\":\"https:\/\/www.santjosep.net\/wp-content\/uploads\/2022\/01\/cover_DSC00012.jpg\",\"contentUrl\":\"https:\/\/www.santjosep.net\/wp-content\/uploads\/2022\/01\/cover_DSC00012.jpg\",\"width\":1500,\"height\":1000},{\"@type\":\"BreadcrumbList\",\"@id\":\"https:\/\/www.santjosep.net\/ca\/turisme-actiu\/snorkel\/ruta-snorkel-sa-sal-rossa\/#breadcrumb\",\"itemListElement\":[{\"@type\":\"ListItem\",\"position\":1,\"name\":\"Turisme actiu\",\"item\":\"https:\/\/www.santjosep.net\/ca\/turisme-actiu\/\"},{\"@type\":\"ListItem\",\"position\":2,\"name\":\"Rutes Snorkel\",\"item\":\"https:\/\/www.santjosep.net\/ca\/turisme-actiu\/snorkel\/\"},{\"@type\":\"ListItem\",\"position\":3,\"name\":\"Sa Sal Rossa\"}]},{\"@type\":\"WebSite\",\"@id\":\"https:\/\/www.santjosep.net\/#website\",\"url\":\"https:\/\/www.santjosep.net\/\",\"name\":\"Santjosep.net\",\"description\":\"\",\"potentialAction\":[{\"@type\":\"SearchAction\",\"target\":{\"@type\":\"EntryPoint\",\"urlTemplate\":\"https:\/\/www.santjosep.net\/?s={search_term_string}\"},\"query-input\":{\"@type\":\"PropertyValueSpecification\",\"valueRequired\":true,\"valueName\":\"search_term_string\"}}],\"inLanguage\":\"ca\"}]}<\/script>\n<!-- \/ Yoast SEO plugin. -->","yoast_head_json":{"title":"Sa Sal Rossa - Santjosep.net","robots":{"index":"index","follow":"follow","max-snippet":"max-snippet:-1","max-image-preview":"max-image-preview:large","max-video-preview":"max-video-preview:-1"},"canonical":"https:\/\/www.santjosep.net\/ca\/turisme-actiu\/snorkel\/ruta-snorkel-sa-sal-rossa\/","og_locale":"ca_ES","og_type":"article","og_title":"Sa Sal Rossa - Santjosep.net","og_description":"[vc_row enable_hue_rotation=&#8221;no&#8221; enable_text_marquee=&#8221;no&#8221; el_id=&#8221;b1-fichaSnorkel&#8221; css=&#8221;.vc_custom_1759139254701{margin-bottom: 30px !important;}&#8221;][vc_column width=&#8221;7\/12&#8243;][vc_column_text css=&#8221;.vc_custom_1759399312363{margin-top: 0px !important;margin-right: 0px !important;margin-bottom: 0px !important;margin-left: 0px !important;padding-bottom: 2% !important;}&#8221;] Sa Sal Rossa Rutes Snorkel [\/vc_column_text][\/vc_column][vc_column width=&#8221;1\/12&#8243;][\/vc_column][vc_column width=&#8221;4\/12&#8243;][vc_raw_html css=&#8221;&#8221;]JTNDYSUyMGNsYXNzJTNEJTIyZ2FsbGVyeUJ0biUyMHNhbHJvc2EtZ2FsJTIyJTNFJTBBJTIwJTIwJTIwJTIwJTNDc3BhbiUyMGNsYXNzJTNEJTIyZWRndGYtaWNvbi1mb250LWF3ZXNvbWUlMjBmYSUyMGZhLXBob3RvJTIwZWRndGYtaWNvbi1lbGVtZW50JTIyJTNFJTNDJTJGc3BhbiUzRSUwQSUyMCUyMCUyMCUyMCUzQ3NwYW4lMjBjbGFzcyUzRCUyMmxpbmtnYWwlMjIlM0VHYWxlcmlhJTIwZCUyN2ltYXRnZXMlM0MlMkZzcGFuJTNFJTBBJTNDJTJGYSUzRQ==[\/vc_raw_html][\/vc_column][\/vc_row][vc_row enable_hue_rotation=&#8221;no&#8221; enable_text_marquee=&#8221;no&#8221; css=&#8221;.vc_custom_1759141761275{margin-bottom: 40px !important;}&#8221;][vc_column width=&#8221;7\/12&#8243;][vc_column_text css=&#8221;&#8221;]En ple Parc Natural de ses [&hellip;]","og_url":"https:\/\/www.santjosep.net\/ca\/turisme-actiu\/snorkel\/ruta-snorkel-sa-sal-rossa\/","og_site_name":"Santjosep.net","article_modified_time":"2025-10-02T10:03:10+00:00","og_image":[{"width":1500,"height":1000,"url":"https:\/\/www.santjosep.net\/wp-content\/uploads\/2022\/01\/cover_DSC00012.jpg","type":"image\/jpeg"}],"twitter_card":"summary_large_image","twitter_misc":{"Temps estimat de lectura":"3 minuts"},"schema":{"@context":"https:\/\/schema.org","@graph":[{"@type":"WebPage","@id":"https:\/\/www.santjosep.net\/ca\/turisme-actiu\/snorkel\/ruta-snorkel-sa-sal-rossa\/","url":"https:\/\/www.santjosep.net\/ca\/turisme-actiu\/snorkel\/ruta-snorkel-sa-sal-rossa\/","name":"Sa Sal Rossa - Santjosep.net","isPartOf":{"@id":"https:\/\/www.santjosep.net\/#website"},"primaryImageOfPage":{"@id":"https:\/\/www.santjosep.net\/ca\/turisme-actiu\/snorkel\/ruta-snorkel-sa-sal-rossa\/#primaryimage"},"image":{"@id":"https:\/\/www.santjosep.net\/ca\/turisme-actiu\/snorkel\/ruta-snorkel-sa-sal-rossa\/#primaryimage"},"thumbnailUrl":"https:\/\/www.santjosep.net\/wp-content\/uploads\/2022\/01\/cover_DSC00012.jpg","datePublished":"2022-01-04T11:09:39+00:00","dateModified":"2025-10-02T10:03:10+00:00","breadcrumb":{"@id":"https:\/\/www.santjosep.net\/ca\/turisme-actiu\/snorkel\/ruta-snorkel-sa-sal-rossa\/#breadcrumb"},"inLanguage":"ca","potentialAction":[{"@type":"ReadAction","target":["https:\/\/www.santjosep.net\/ca\/turisme-actiu\/snorkel\/ruta-snorkel-sa-sal-rossa\/"]}]},{"@type":"ImageObject","inLanguage":"ca","@id":"https:\/\/www.santjosep.net\/ca\/turisme-actiu\/snorkel\/ruta-snorkel-sa-sal-rossa\/#primaryimage","url":"https:\/\/www.santjosep.net\/wp-content\/uploads\/2022\/01\/cover_DSC00012.jpg","contentUrl":"https:\/\/www.santjosep.net\/wp-content\/uploads\/2022\/01\/cover_DSC00012.jpg","width":1500,"height":1000},{"@type":"BreadcrumbList","@id":"https:\/\/www.santjosep.net\/ca\/turisme-actiu\/snorkel\/ruta-snorkel-sa-sal-rossa\/#breadcrumb","itemListElement":[{"@type":"ListItem","position":1,"name":"Turisme actiu","item":"https:\/\/www.santjosep.net\/ca\/turisme-actiu\/"},{"@type":"ListItem","position":2,"name":"Rutes Snorkel","item":"https:\/\/www.santjosep.net\/ca\/turisme-actiu\/snorkel\/"},{"@type":"ListItem","position":3,"name":"Sa Sal Rossa"}]},{"@type":"WebSite","@id":"https:\/\/www.santjosep.net\/#website","url":"https:\/\/www.santjosep.net\/","name":"Santjosep.net","description":"","potentialAction":[{"@type":"SearchAction","target":{"@type":"EntryPoint","urlTemplate":"https:\/\/www.santjosep.net\/?s={search_term_string}"},"query-input":{"@type":"PropertyValueSpecification","valueRequired":true,"valueName":"search_term_string"}}],"inLanguage":"ca"}]}},"_links":{"self":[{"href":"https:\/\/www.santjosep.net\/ca\/wp-json\/wp\/v2\/pages\/28097","targetHints":{"allow":["GET"]}}],"collection":[{"href":"https:\/\/www.santjosep.net\/ca\/wp-json\/wp\/v2\/pages"}],"about":[{"href":"https:\/\/www.santjosep.net\/ca\/wp-json\/wp\/v2\/types\/page"}],"author":[{"embeddable":true,"href":"https:\/\/www.santjosep.net\/ca\/wp-json\/wp\/v2\/users\/1"}],"replies":[{"embeddable":true,"href":"https:\/\/www.santjosep.net\/ca\/wp-json\/wp\/v2\/comments?post=28097"}],"version-history":[{"count":2,"href":"https:\/\/www.santjosep.net\/ca\/wp-json\/wp\/v2\/pages\/28097\/revisions"}],"predecessor-version":[{"id":39030,"href":"https:\/\/www.santjosep.net\/ca\/wp-json\/wp\/v2\/pages\/28097\/revisions\/39030"}],"up":[{"embeddable":true,"href":"https:\/\/www.santjosep.net\/ca\/wp-json\/wp\/v2\/pages\/28101"}],"wp:featuredmedia":[{"embeddable":true,"href":"https:\/\/www.santjosep.net\/ca\/wp-json\/wp\/v2\/media\/27066"}],"wp:attachment":[{"href":"https:\/\/www.santjosep.net\/ca\/wp-json\/wp\/v2\/media?parent=28097"}],"wp:term":[{"taxonomy":"categoria_pagina","embeddable":true,"href":"https:\/\/www.santjosep.net\/ca\/wp-json\/wp\/v2\/categoria_pagina?post=28097"}],"curies":[{"name":"wp","href":"https:\/\/api.w.org\/{rel}","templated":true}]}}