{"id":24856,"date":"2021-06-22T13:37:31","date_gmt":"2021-06-22T11:37:31","guid":{"rendered":"https:\/\/www.santjosep.net\/ibiza-family-experience\/paddle-surf-en-familia\/"},"modified":"2021-07-01T14:44:09","modified_gmt":"2021-07-01T12:44:09","slug":"paddle-surf-en-familia","status":"publish","type":"page","link":"https:\/\/www.santjosep.net\/ca\/ibiza-family-experience\/paddle-surf-en-familia\/","title":{"rendered":"Paddle Surf en fam\u00edlia"},"content":{"rendered":"<div class=\"wpb-content-wrapper\"><p>[vc_row enable_hue_rotation=&#8221;no&#8221; enable_text_marquee=&#8221;no&#8221;][vc_column][vc_single_image image=&#8221;24916&#8243; img_size=&#8221;full&#8221;][\/vc_column][\/vc_row][vc_row enable_hue_rotation=&#8221;no&#8221; enable_text_marquee=&#8221;no&#8221; css=&#8221;.vc_custom_1624976747907{padding-top: 40px !important;}&#8221;][vc_column offset=&#8221;vc_col-lg-8&#8243; css=&#8221;.vc_custom_1624976772758{padding-bottom: 60px !important;}&#8221;][vc_column_text css=&#8221;.vc_custom_1625139554999{padding-right: 30px !important;padding-left: 30px !important;}&#8221;]<strong>PADDLE SURF<\/strong><\/p>\n<p>Cala Vadella \u00e9s una platja espaiosa d\u2019ambient familiar protegida per uns bonics penya-segats que la converteixen en un veritable port natural, motiu pel qual est\u00e0 protegida i les seves aig\u00fces sempre estan tranquil\u00b7les. Els cursos seran dins la cala, una vegada sortim pel canal i a prop de la costa, per a la nostra seguretat i per no molestar la resta de circulants.<\/p>\n<p>El projecte consisteix a fer classes de surf de rem assistides per monitors especialitzats per als m\u00e9s petits, que poden venir acompanyats al mar pels seus pares, at\u00e8s que a les nostres planxes de surf de rem hi poden anar dues persones.<\/p>\n<p>Tots els participants hauran d\u2019emplenar un formulari d\u2019inscripci\u00f3, i si els infants venen sols caldr\u00e0 portar una autoritzaci\u00f3 del pare o el tutor. Edat m\u00ednima aconsellada per anar sol: 6 anys. \u00c9s obligatori saber nedar.<\/p>\n<p>El surf de rem \u00e9s una activitat apta per a tots els p\u00fablics.<\/p>\n<p><strong>Durada i grups<\/strong><\/p>\n<p>La durada de cada classe \u00e9s de 1 hora, durant els quals s\u2019impartir\u00e0 un petit curs per aprendre a utilitzar el material, la t\u00e8cnica del surf de rem i les normes de seguretat. Tot seguit s\u2019iniciaran uns jocs perqu\u00e8 els pares gaudeixin amb els seus fills.<\/p>\n<p><strong>Els grups s\u00f3n de m\u00e0xim 10 persones per cada hora (5 adults\/5 nens).<\/strong><\/p>\n<p>En finalitzar, s\u2019oferiran com a present als participants les fotos que s\u2019hagin fet mentre estaven a l\u2019aigua.<\/p>\n<p>&nbsp;<\/p>\n<p><strong>Qu\u00e8 inclou el curs?<\/strong><\/p>\n<p>\u2013 Planxa de surf de rem, rem, leash i armilla salvavides.<br \/>\n\u2013 Bossa estanca.<br \/>\n\u2013 Asseguran\u00e7a de responsabilitat civil.<\/p>\n<p>&nbsp;<\/p>\n<p><strong>Qu\u00e8 cal portar?<\/strong><\/p>\n<p>Roba c\u00f2moda, banyador, tovallola, cal\u00e7at que es pugui mullar i accessoris de bany i higiene. Els participants podran canviar-se sense problemes al nostre centre. \u00c9s aconsellable que portin crema solar i roba de recanvi.<\/p>\n<p>&nbsp;<\/p>\n<p>&nbsp;<\/p>\n<p><strong>Dates<\/strong><\/p>\n<p>Cada diumenge del per\u00edode que va del 15 d\u2019abril al 15 de juliol i del 30 d\u2019agost al 30 d\u2019octubre, de 10.00 a 12.00 h podreu gaudir d\u2019una classe de 45 minuts de surf de rem, durant la qual grans i petits podreu sortir junts al mar a practicar aquest esport, aprendre\u2019n la t\u00e8cnica i fer jocs amb la planxa.<\/p>\n<p>Hi haur\u00e0 tres classes.<\/p>\n<ul>\n<li>10:00 \u2013 11:00<\/li>\n<li>11:15 \u2013 12:15<\/li>\n<li>12:30 \u2013 13:30<\/li>\n<\/ul>\n<p>[\/vc_column_text][vc_column_text css=&#8221;.vc_custom_1625143440102{padding-top: 30px !important;}&#8221;]<\/p>\n<form class=\"formulari form-horizontal\">\n<div class=\"traductor-textarea form-group\">\n<div class=\"textarea-desti col-xs-12 col-sm-6\">\n<div class=\"form-control second-textarea\"><strong>1- Condicions generals<\/strong><br \/>\nPodran assistir a les classes de Paddle Surf:<br \/>\na) Persones de totes les edats (menors de 16 anys, acompanyats o autoritzats pels seus pares)<br \/>\nb) S&#8217;haur\u00e0 d&#8217;arribar 10 minuts abans al lloc de sortida (Cala Vadella)<br \/>\nc) Els grups seran m\u00e0xim de 10 persones amb 5 taules de Paddle surf. En cada taula aniran dues persones. Un adult i un nen i compartiran l&#8217;experi\u00e8ncia d&#8217;anar plegats a la mar.<strong>2- Pol\u00edtica de cancel\u00b7laci\u00f3<\/strong><br \/>\na) At\u00e8s que s\u00f3n places redu\u00efdes, en cas de no poder assistir a classe, preguem cancel\u00b7lar amb almenys 24 hs d&#8217;antelaci\u00f3 per a deixar la pla\u00e7a lliure a una altra persona telefonant al 654 01 33 47<\/p>\n<p><strong>3- Pol\u00edtica de contractaci\u00f3 del servei<\/strong><br \/>\na) Nom\u00e9s s&#8217;admetran les reserves realitzades a trav\u00e9s del motor de reserves del Ajuntament de Sant Josep<\/p>\n<\/div>\n<\/div>\n<\/div>\n<\/form>\n<p>[\/vc_column_text][\/vc_column][vc_column offset=&#8221;vc_col-lg-4&#8243;][vc_custom_heading text=&#8221;Reserva la teva experi\u00e8ncia&#8221; font_container=&#8221;tag:h3|text_align:center&#8221; use_theme_fonts=&#8221;yes&#8221;][vc_raw_html]JTNDZGl2JTIwY2xhc3MlM0QlMjJsb2FkLXR1cml0b3AlMjIlMjBkYXRhLXNlcnZpY2UlM0QlMjJQMyUyMiUyMGRhdGEtbGFuZyUzRCUyMmNhJTIyJTIwJTIwZGF0YS1lbWJlZCUzRCUyMmJveCUyMiUzRSUzQyUyRmRpdiUzRQ==[\/vc_raw_html][\/vc_column][\/vc_row]<\/p>\n<\/div>","protected":false},"excerpt":{"rendered":"<p>[vc_row enable_hue_rotation=&#8221;no&#8221; enable_text_marquee=&#8221;no&#8221;][vc_column][vc_single_image image=&#8221;24916&#8243; img_size=&#8221;full&#8221;][\/vc_column][\/vc_row][vc_row enable_hue_rotation=&#8221;no&#8221; enable_text_marquee=&#8221;no&#8221; css=&#8221;.vc_custom_1624976747907{padding-top: 40px !important;}&#8221;][vc_column offset=&#8221;vc_col-lg-8&#8243; css=&#8221;.vc_custom_1624976772758{padding-bottom: 60px !important;}&#8221;][vc_column_text css=&#8221;.vc_custom_1625139554999{padding-right: 30px !important;padding-left: 30px !important;}&#8221;]PADDLE SURF Cala Vadella \u00e9s una platja espaiosa d\u2019ambient familiar protegida per uns bonics penya-segats que la converteixen en un veritable port [&hellip;]<\/p>\n","protected":false},"author":1,"featured_media":24925,"parent":24848,"menu_order":0,"comment_status":"closed","ping_status":"closed","template":"page-landing.php","meta":{"_acf_changed":false,"inline_featured_image":false,"footnotes":""},"categoria_pagina":[],"class_list":["post-24856","page","type-page","status-publish","has-post-thumbnail","hentry"],"acf":[],"yoast_head":"<!-- This site is optimized with the Yoast SEO plugin v25.7 - https:\/\/yoast.com\/wordpress\/plugins\/seo\/ -->\n<title>Paddle Surf en fam\u00edlia - Santjosep.net<\/title>\n<meta name=\"robots\" content=\"index, follow, max-snippet:-1, max-image-preview:large, max-video-preview:-1\" \/>\n<link rel=\"canonical\" href=\"https:\/\/www.santjosep.net\/ca\/ibiza-family-experience\/paddle-surf-en-familia\/\" \/>\n<meta property=\"og:locale\" content=\"ca_ES\" \/>\n<meta property=\"og:type\" content=\"article\" \/>\n<meta property=\"og:title\" content=\"Paddle Surf en fam\u00edlia - Santjosep.net\" \/>\n<meta property=\"og:description\" content=\"[vc_row enable_hue_rotation=&#8221;no&#8221; enable_text_marquee=&#8221;no&#8221;][vc_column][vc_single_image image=&#8221;24916&#8243; img_size=&#8221;full&#8221;][\/vc_column][\/vc_row][vc_row enable_hue_rotation=&#8221;no&#8221; enable_text_marquee=&#8221;no&#8221; css=&#8221;.vc_custom_1624976747907{padding-top: 40px !important;}&#8221;][vc_column offset=&#8221;vc_col-lg-8&#8243; css=&#8221;.vc_custom_1624976772758{padding-bottom: 60px !important;}&#8221;][vc_column_text css=&#8221;.vc_custom_1625139554999{padding-right: 30px !important;padding-left: 30px !important;}&#8221;]PADDLE SURF Cala Vadella \u00e9s una platja espaiosa d\u2019ambient familiar protegida per uns bonics penya-segats que la converteixen en un veritable port [&hellip;]\" \/>\n<meta property=\"og:url\" content=\"https:\/\/www.santjosep.net\/ca\/ibiza-family-experience\/paddle-surf-en-familia\/\" \/>\n<meta property=\"og:site_name\" content=\"Santjosep.net\" \/>\n<meta property=\"article:modified_time\" content=\"2021-07-01T12:44:09+00:00\" \/>\n<meta property=\"og:image\" content=\"https:\/\/www.santjosep.net\/wp-content\/uploads\/2021\/06\/paddlecover-scaled.jpg\" \/>\n\t<meta property=\"og:image:width\" content=\"2560\" \/>\n\t<meta property=\"og:image:height\" content=\"1695\" \/>\n\t<meta property=\"og:image:type\" content=\"image\/jpeg\" \/>\n<meta name=\"twitter:card\" content=\"summary_large_image\" \/>\n<meta name=\"twitter:label1\" content=\"Temps estimat de lectura\" \/>\n\t<meta name=\"twitter:data1\" content=\"3 minuts\" \/>\n<script type=\"application\/ld+json\" class=\"yoast-schema-graph\">{\"@context\":\"https:\/\/schema.org\",\"@graph\":[{\"@type\":\"WebPage\",\"@id\":\"https:\/\/www.santjosep.net\/ca\/ibiza-family-experience\/paddle-surf-en-familia\/\",\"url\":\"https:\/\/www.santjosep.net\/ca\/ibiza-family-experience\/paddle-surf-en-familia\/\",\"name\":\"Paddle Surf en fam\u00edlia - Santjosep.net\",\"isPartOf\":{\"@id\":\"https:\/\/www.santjosep.net\/#website\"},\"primaryImageOfPage\":{\"@id\":\"https:\/\/www.santjosep.net\/ca\/ibiza-family-experience\/paddle-surf-en-familia\/#primaryimage\"},\"image\":{\"@id\":\"https:\/\/www.santjosep.net\/ca\/ibiza-family-experience\/paddle-surf-en-familia\/#primaryimage\"},\"thumbnailUrl\":\"https:\/\/www.santjosep.net\/wp-content\/uploads\/2021\/06\/paddlecover-scaled.jpg\",\"datePublished\":\"2021-06-22T11:37:31+00:00\",\"dateModified\":\"2021-07-01T12:44:09+00:00\",\"breadcrumb\":{\"@id\":\"https:\/\/www.santjosep.net\/ca\/ibiza-family-experience\/paddle-surf-en-familia\/#breadcrumb\"},\"inLanguage\":\"ca\",\"potentialAction\":[{\"@type\":\"ReadAction\",\"target\":[\"https:\/\/www.santjosep.net\/ca\/ibiza-family-experience\/paddle-surf-en-familia\/\"]}]},{\"@type\":\"ImageObject\",\"inLanguage\":\"ca\",\"@id\":\"https:\/\/www.santjosep.net\/ca\/ibiza-family-experience\/paddle-surf-en-familia\/#primaryimage\",\"url\":\"https:\/\/www.santjosep.net\/wp-content\/uploads\/2021\/06\/paddlecover-scaled.jpg\",\"contentUrl\":\"https:\/\/www.santjosep.net\/wp-content\/uploads\/2021\/06\/paddlecover-scaled.jpg\",\"width\":2560,\"height\":1695},{\"@type\":\"BreadcrumbList\",\"@id\":\"https:\/\/www.santjosep.net\/ca\/ibiza-family-experience\/paddle-surf-en-familia\/#breadcrumb\",\"itemListElement\":[{\"@type\":\"ListItem\",\"position\":1,\"name\":\"Ibiza Family Experience\",\"item\":\"https:\/\/www.santjosep.net\/ca\/ibiza-family-experience\/\"},{\"@type\":\"ListItem\",\"position\":2,\"name\":\"Paddle Surf en fam\u00edlia\"}]},{\"@type\":\"WebSite\",\"@id\":\"https:\/\/www.santjosep.net\/#website\",\"url\":\"https:\/\/www.santjosep.net\/\",\"name\":\"Santjosep.net\",\"description\":\"\",\"potentialAction\":[{\"@type\":\"SearchAction\",\"target\":{\"@type\":\"EntryPoint\",\"urlTemplate\":\"https:\/\/www.santjosep.net\/?s={search_term_string}\"},\"query-input\":{\"@type\":\"PropertyValueSpecification\",\"valueRequired\":true,\"valueName\":\"search_term_string\"}}],\"inLanguage\":\"ca\"}]}<\/script>\n<!-- \/ Yoast SEO plugin. -->","yoast_head_json":{"title":"Paddle Surf en fam\u00edlia - Santjosep.net","robots":{"index":"index","follow":"follow","max-snippet":"max-snippet:-1","max-image-preview":"max-image-preview:large","max-video-preview":"max-video-preview:-1"},"canonical":"https:\/\/www.santjosep.net\/ca\/ibiza-family-experience\/paddle-surf-en-familia\/","og_locale":"ca_ES","og_type":"article","og_title":"Paddle Surf en fam\u00edlia - Santjosep.net","og_description":"[vc_row enable_hue_rotation=&#8221;no&#8221; enable_text_marquee=&#8221;no&#8221;][vc_column][vc_single_image image=&#8221;24916&#8243; img_size=&#8221;full&#8221;][\/vc_column][\/vc_row][vc_row enable_hue_rotation=&#8221;no&#8221; enable_text_marquee=&#8221;no&#8221; css=&#8221;.vc_custom_1624976747907{padding-top: 40px !important;}&#8221;][vc_column offset=&#8221;vc_col-lg-8&#8243; css=&#8221;.vc_custom_1624976772758{padding-bottom: 60px !important;}&#8221;][vc_column_text css=&#8221;.vc_custom_1625139554999{padding-right: 30px !important;padding-left: 30px !important;}&#8221;]PADDLE SURF Cala Vadella \u00e9s una platja espaiosa d\u2019ambient familiar protegida per uns bonics penya-segats que la converteixen en un veritable port [&hellip;]","og_url":"https:\/\/www.santjosep.net\/ca\/ibiza-family-experience\/paddle-surf-en-familia\/","og_site_name":"Santjosep.net","article_modified_time":"2021-07-01T12:44:09+00:00","og_image":[{"width":2560,"height":1695,"url":"https:\/\/www.santjosep.net\/wp-content\/uploads\/2021\/06\/paddlecover-scaled.jpg","type":"image\/jpeg"}],"twitter_card":"summary_large_image","twitter_misc":{"Temps estimat de lectura":"3 minuts"},"schema":{"@context":"https:\/\/schema.org","@graph":[{"@type":"WebPage","@id":"https:\/\/www.santjosep.net\/ca\/ibiza-family-experience\/paddle-surf-en-familia\/","url":"https:\/\/www.santjosep.net\/ca\/ibiza-family-experience\/paddle-surf-en-familia\/","name":"Paddle Surf en fam\u00edlia - Santjosep.net","isPartOf":{"@id":"https:\/\/www.santjosep.net\/#website"},"primaryImageOfPage":{"@id":"https:\/\/www.santjosep.net\/ca\/ibiza-family-experience\/paddle-surf-en-familia\/#primaryimage"},"image":{"@id":"https:\/\/www.santjosep.net\/ca\/ibiza-family-experience\/paddle-surf-en-familia\/#primaryimage"},"thumbnailUrl":"https:\/\/www.santjosep.net\/wp-content\/uploads\/2021\/06\/paddlecover-scaled.jpg","datePublished":"2021-06-22T11:37:31+00:00","dateModified":"2021-07-01T12:44:09+00:00","breadcrumb":{"@id":"https:\/\/www.santjosep.net\/ca\/ibiza-family-experience\/paddle-surf-en-familia\/#breadcrumb"},"inLanguage":"ca","potentialAction":[{"@type":"ReadAction","target":["https:\/\/www.santjosep.net\/ca\/ibiza-family-experience\/paddle-surf-en-familia\/"]}]},{"@type":"ImageObject","inLanguage":"ca","@id":"https:\/\/www.santjosep.net\/ca\/ibiza-family-experience\/paddle-surf-en-familia\/#primaryimage","url":"https:\/\/www.santjosep.net\/wp-content\/uploads\/2021\/06\/paddlecover-scaled.jpg","contentUrl":"https:\/\/www.santjosep.net\/wp-content\/uploads\/2021\/06\/paddlecover-scaled.jpg","width":2560,"height":1695},{"@type":"BreadcrumbList","@id":"https:\/\/www.santjosep.net\/ca\/ibiza-family-experience\/paddle-surf-en-familia\/#breadcrumb","itemListElement":[{"@type":"ListItem","position":1,"name":"Ibiza Family Experience","item":"https:\/\/www.santjosep.net\/ca\/ibiza-family-experience\/"},{"@type":"ListItem","position":2,"name":"Paddle Surf en fam\u00edlia"}]},{"@type":"WebSite","@id":"https:\/\/www.santjosep.net\/#website","url":"https:\/\/www.santjosep.net\/","name":"Santjosep.net","description":"","potentialAction":[{"@type":"SearchAction","target":{"@type":"EntryPoint","urlTemplate":"https:\/\/www.santjosep.net\/?s={search_term_string}"},"query-input":{"@type":"PropertyValueSpecification","valueRequired":true,"valueName":"search_term_string"}}],"inLanguage":"ca"}]}},"_links":{"self":[{"href":"https:\/\/www.santjosep.net\/ca\/wp-json\/wp\/v2\/pages\/24856","targetHints":{"allow":["GET"]}}],"collection":[{"href":"https:\/\/www.santjosep.net\/ca\/wp-json\/wp\/v2\/pages"}],"about":[{"href":"https:\/\/www.santjosep.net\/ca\/wp-json\/wp\/v2\/types\/page"}],"author":[{"embeddable":true,"href":"https:\/\/www.santjosep.net\/ca\/wp-json\/wp\/v2\/users\/1"}],"replies":[{"embeddable":true,"href":"https:\/\/www.santjosep.net\/ca\/wp-json\/wp\/v2\/comments?post=24856"}],"version-history":[{"count":0,"href":"https:\/\/www.santjosep.net\/ca\/wp-json\/wp\/v2\/pages\/24856\/revisions"}],"up":[{"embeddable":true,"href":"https:\/\/www.santjosep.net\/ca\/wp-json\/wp\/v2\/pages\/24848"}],"wp:featuredmedia":[{"embeddable":true,"href":"https:\/\/www.santjosep.net\/ca\/wp-json\/wp\/v2\/media\/24925"}],"wp:attachment":[{"href":"https:\/\/www.santjosep.net\/ca\/wp-json\/wp\/v2\/media?parent=24856"}],"wp:term":[{"taxonomy":"categoria_pagina","embeddable":true,"href":"https:\/\/www.santjosep.net\/ca\/wp-json\/wp\/v2\/categoria_pagina?post=24856"}],"curies":[{"name":"wp","href":"https:\/\/api.w.org\/{rel}","templated":true}]}}